{"id":97159,"date":"2025-05-26T05:54:30","date_gmt":"2025-05-26T05:54:30","guid":{"rendered":"https:\/\/aral2.cetrexmarketing.com\/producto\/coviar-albarino\/"},"modified":"2025-05-27T07:26:02","modified_gmt":"2025-05-27T07:26:02","slug":"coviar-albarino","status":"publish","type":"product","link":"https:\/\/aral2.cetrexmarketing.com\/ca\/producto\/coviar-albarino\/","title":{"rendered":"Coviar Albari\u00f1o"},"content":{"rendered":"<p class=\"\" data-start=\"1344\" data-end=\"1600\">Coviar Albari\u00f1o \u00e9s un vi blanc gallec elaborat amb la varietat de ra\u00efm Albari\u00f1o, t\u00edpica de la D.O. R\u00edas Baixas. Representa fidelment el car\u00e0cter fresc i atl\u00e0ntic d\u2019aquesta zona, oferint una experi\u00e8ncia arom\u00e0tica intensa i equilibrada en boca.<\/p>\n<p class=\"\" data-start=\"1607\" data-end=\"1643\"><strong data-start=\"1607\" data-end=\"1641\">Caracter\u00edstiques del producte:<\/strong><\/p>\n<ul data-start=\"1644\" data-end=\"1840\">\n<li class=\"\" data-start=\"1644\" data-end=\"1694\">\n<p class=\"\" data-start=\"1646\" data-end=\"1694\"><strong data-start=\"1646\" data-end=\"1657\">Origen:<\/strong> D.O. R\u00edas Baixas, Gal\u00edcia, Espanya<\/p>\n<\/li>\n<li class=\"\" data-start=\"1695\" data-end=\"1734\">\n<p class=\"\" data-start=\"1697\" data-end=\"1734\"><strong data-start=\"1697\" data-end=\"1718\">Varietat de ra\u00efm:<\/strong> 100% Albari\u00f1o<\/p>\n<\/li>\n<li class=\"\" data-start=\"1735\" data-end=\"1790\">\n<p class=\"\" data-start=\"1737\" data-end=\"1790\"><strong data-start=\"1737\" data-end=\"1762\">Graduaci\u00f3 alcoh\u00f2lica:<\/strong> Aproximadament 12,5% vol.<\/p>\n<\/li>\n<li class=\"\" data-start=\"1791\" data-end=\"1840\">\n<p class=\"\" data-start=\"1793\" data-end=\"1840\"><strong data-start=\"1793\" data-end=\"1830\">Temperatura de servei recomanada:<\/strong> 8-10 \u00baC<\/p>\n<\/li>\n<\/ul>\n<p class=\"\" data-start=\"1847\" data-end=\"1867\"><strong data-start=\"1847\" data-end=\"1865\">Notes de tast:<\/strong><\/p>\n<ul data-start=\"1868\" data-end=\"2190\">\n<li class=\"\" data-start=\"1868\" data-end=\"1940\">\n<p class=\"\" data-start=\"1870\" data-end=\"1940\"><strong data-start=\"1870\" data-end=\"1880\">Vista:<\/strong> Color groc p\u00e0l\u00b7lid amb reflexos verdosos, brillant i net.<\/p>\n<\/li>\n<li class=\"\" data-start=\"1941\" data-end=\"2080\">\n<p class=\"\" data-start=\"1943\" data-end=\"2080\"><strong data-start=\"1943\" data-end=\"1951\">Nas:<\/strong> Intensa i fragant, amb aromes de fruita de pinyol com l\u2019albercoc i el pr\u00e9ssec, notes c\u00edtriques i un toc floral molt agradable.<\/p>\n<\/li>\n<li class=\"\" data-start=\"2081\" data-end=\"2190\">\n<p class=\"\" data-start=\"2083\" data-end=\"2190\"><strong data-start=\"2083\" data-end=\"2092\">Boca:<\/strong> Fresca, amb una acidesa viva que li d\u00f3na nervi. Equilibrat, amb un final afruitat i persistent.<\/p>\n<\/li>\n<\/ul>\n<p class=\"\" data-start=\"2197\" data-end=\"2345\"><strong data-start=\"2197\" data-end=\"2221\">Maridatge recomanat:<\/strong><br data-start=\"2221\" data-end=\"2224\" \/>Perfecte per acompanyar marisc, peixos blancs, cebiches, arrossos mariners i formatges suaus. Tamb\u00e9 ideal com a aperitiu.<\/p>\n<p class=\"\" data-start=\"2352\" data-end=\"2609\"><strong data-start=\"2352\" data-end=\"2366\">Conclusi\u00f3:<\/strong><br data-start=\"2366\" data-end=\"2369\" \/>Coviar Albari\u00f1o \u00e9s un vi blanc elegant, fresc i arom\u00e0tic, ideal per a qui cerca una expressi\u00f3 aut\u00e8ntica del ra\u00efm Albari\u00f1o. El seu perfil equilibrat el converteix en una opci\u00f3 vers\u00e0til tant per a ocasions informals com per a \u00e0pats especials.<\/p>\n","protected":false},"excerpt":{"rendered":"<p>Coviar Albari\u00f1o \u00e9s un vi blanc gallec elaborat amb la varietat de ra\u00efm Albari\u00f1o, t\u00edpica de la D.O. R\u00edas Baixas. Representa fidelment el car\u00e0cter fresc i atl\u00e0ntic d\u2019aquesta zona, oferint una experi\u00e8ncia arom\u00e0tica intensa i equilibrada en boca. Caracter\u00edstiques del producte: Origen: D.O. R\u00edas Baixas, Gal\u00edcia, Espanya Varietat de ra\u00efm: 100% Albari\u00f1o Graduaci\u00f3 alcoh\u00f2lica: Aproximadament&hellip;<\/p>\n","protected":false},"featured_media":97156,"comment_status":"closed","ping_status":"closed","template":"","meta":{"_acf_changed":false},"pwb-brand":[],"product_brand":[],"product_cat":[51670,51672],"product_tag":[15095,18090,16431,15096,48917],"class_list":{"0":"post-97159","1":"product","2":"type-product","3":"status-publish","4":"has-post-thumbnail","6":"product_cat-vi","7":"product_cat-vi-blanc","8":"product_tag-albarino-ca","9":"product_tag-coviar-ca","10":"product_tag-pontevedra-ca","11":"product_tag-rias-baixas-ca","12":"product_tag-vi-blanc-ca","13":"pa_anada-36214","14":"pa_bodega-c5-cooperativavitivinicolaaro","15":"pa_do-riasbaixasdo-ca","16":"pa_envejecimiento-jove","17":"pa_formatoenl-36158","18":"pa_formatoenml-38306","19":"pa_graduacion-12_0","20":"pa_pais-espanya-ca","21":"pa_pesoengramos-38342","22":"pa_pesoenkg-10-ca","23":"pa_pueblociudad-pontevedra","24":"pa_tipodevino-vi-tranquil","25":"pa_variedades-albarino-ca","26":"entry","27":"has-media","29":"first","30":"instock","31":"taxable","32":"shipping-taxable","33":"purchasable","34":"product-type-simple"},"acf":[],"yoast_head":"<!-- This site is optimized with the Yoast SEO Premium plugin v23.1 (Yoast SEO v23.5) - https:\/\/yoast.com\/wordpress\/plugins\/seo\/ -->\n<title>Coviar Albari\u00f1o vi blanc DO R\u00edas Baixas<\/title>\n<meta name=\"description\" content=\"Comprar online al millor preu vi blanc de la DO Rias Baixas\" \/>\n<meta name=\"robots\" content=\"noindex, follow, max-snippet:-1, max-image-preview:large, max-video-preview:-1\" \/>\n<meta property=\"og:locale\" content=\"ca_ES\" \/>\n<meta property=\"og:type\" content=\"article\" \/>\n<meta property=\"og:title\" content=\"Coviar Albari\u00f1o\" \/>\n<meta property=\"og:description\" content=\"Comprar online al millor preu vi blanc de la DO Rias Baixas\" \/>\n<meta property=\"og:url\" content=\"https:\/\/aral2.cetrexmarketing.com\/ca\/producto\/coviar-albarino\/\" \/>\n<meta property=\"og:site_name\" content=\"M\u00f3n La Cata\" \/>\n<meta property=\"article:modified_time\" content=\"2025-05-27T07:26:02+00:00\" \/>\n<meta property=\"og:image\" content=\"https:\/\/aral2.cetrexmarketing.com\/wp-content\/uploads\/2025\/05\/COVIAR-ALBARINO.png\" \/>\n\t<meta property=\"og:image:width\" content=\"765\" \/>\n\t<meta property=\"og:image:height\" content=\"1024\" \/>\n\t<meta property=\"og:image:type\" content=\"image\/png\" \/>\n<meta name=\"twitter:card\" content=\"summary_large_image\" \/>\n<meta name=\"twitter:label1\" content=\"Temps estimat de lectura\" \/>\n\t<meta name=\"twitter:data1\" content=\"2 minuts\" \/>\n<script type=\"application\/ld+json\" class=\"yoast-schema-graph\">{\"@context\":\"https:\/\/schema.org\",\"@graph\":[{\"@type\":\"WebPage\",\"@id\":\"https:\/\/aral2.cetrexmarketing.com\/ca\/producto\/coviar-albarino\/\",\"url\":\"https:\/\/aral2.cetrexmarketing.com\/ca\/producto\/coviar-albarino\/\",\"name\":\"Coviar Albari\u00f1o vi blanc DO R\u00edas Baixas\",\"isPartOf\":{\"@id\":\"https:\/\/aral2.cetrexmarketing.com\/#website\"},\"primaryImageOfPage\":{\"@id\":\"https:\/\/aral2.cetrexmarketing.com\/ca\/producto\/coviar-albarino\/#primaryimage\"},\"image\":{\"@id\":\"https:\/\/aral2.cetrexmarketing.com\/ca\/producto\/coviar-albarino\/#primaryimage\"},\"thumbnailUrl\":\"https:\/\/aral2.cetrexmarketing.com\/wp-content\/uploads\/2025\/05\/COVIAR-ALBARINO.png\",\"datePublished\":\"2025-05-26T05:54:30+00:00\",\"dateModified\":\"2025-05-27T07:26:02+00:00\",\"description\":\"Comprar online al millor preu vi blanc de la DO Rias Baixas\",\"breadcrumb\":{\"@id\":\"https:\/\/aral2.cetrexmarketing.com\/ca\/producto\/coviar-albarino\/#breadcrumb\"},\"inLanguage\":\"ca\",\"potentialAction\":[{\"@type\":\"ReadAction\",\"target\":[\"https:\/\/aral2.cetrexmarketing.com\/ca\/producto\/coviar-albarino\/\"]}]},{\"@type\":\"ImageObject\",\"inLanguage\":\"ca\",\"@id\":\"https:\/\/aral2.cetrexmarketing.com\/ca\/producto\/coviar-albarino\/#primaryimage\",\"url\":\"https:\/\/aral2.cetrexmarketing.com\/wp-content\/uploads\/2025\/05\/COVIAR-ALBARINO.png\",\"contentUrl\":\"https:\/\/aral2.cetrexmarketing.com\/wp-content\/uploads\/2025\/05\/COVIAR-ALBARINO.png\",\"width\":765,\"height\":1024},{\"@type\":\"BreadcrumbList\",\"@id\":\"https:\/\/aral2.cetrexmarketing.com\/ca\/producto\/coviar-albarino\/#breadcrumb\",\"itemListElement\":[{\"@type\":\"ListItem\",\"position\":1,\"name\":\"Home\",\"item\":\"https:\/\/aral2.cetrexmarketing.com\/ca\/\"},{\"@type\":\"ListItem\",\"position\":2,\"name\":\"Tienda\",\"item\":\"https:\/\/aral2.cetrexmarketing.com\/ca\/tienda-2\/\"},{\"@type\":\"ListItem\",\"position\":3,\"name\":\"Vi\",\"item\":\"https:\/\/aral2.cetrexmarketing.com\/categoria-producto\/vi\/\"},{\"@type\":\"ListItem\",\"position\":4,\"name\":\"Vi Blanc\",\"item\":\"https:\/\/aral2.cetrexmarketing.com\/categoria-producto\/vi\/vi-blanc\/\"},{\"@type\":\"ListItem\",\"position\":5,\"name\":\"Coviar Albari\u00f1o\"}]},{\"@type\":\"WebSite\",\"@id\":\"https:\/\/aral2.cetrexmarketing.com\/#website\",\"url\":\"https:\/\/aral2.cetrexmarketing.com\/\",\"name\":\"M\u00f3n La Cata\",\"description\":\"Tienda de vinos, licores, cervezas y gourmet\",\"publisher\":{\"@id\":\"https:\/\/aral2.cetrexmarketing.com\/#organization\"},\"potentialAction\":[{\"@type\":\"SearchAction\",\"target\":{\"@type\":\"EntryPoint\",\"urlTemplate\":\"https:\/\/aral2.cetrexmarketing.com\/?s={search_term_string}\"},\"query-input\":{\"@type\":\"PropertyValueSpecification\",\"valueRequired\":true,\"valueName\":\"search_term_string\"}}],\"inLanguage\":\"ca\"},{\"@type\":\"Organization\",\"@id\":\"https:\/\/aral2.cetrexmarketing.com\/#organization\",\"name\":\"M\u00f3n La Cata\",\"url\":\"https:\/\/aral2.cetrexmarketing.com\/\",\"logo\":{\"@type\":\"ImageObject\",\"inLanguage\":\"ca\",\"@id\":\"https:\/\/aral2.cetrexmarketing.com\/#\/schema\/logo\/image\/\",\"url\":\"https:\/\/aral2.cetrexmarketing.com\/wp-content\/uploads\/2024\/10\/aral-logo-neg-1024x409-1.png\",\"contentUrl\":\"https:\/\/aral2.cetrexmarketing.com\/wp-content\/uploads\/2024\/10\/aral-logo-neg-1024x409-1.png\",\"width\":1024,\"height\":409,\"caption\":\"M\u00f3n La Cata\"},\"image\":{\"@id\":\"https:\/\/aral2.cetrexmarketing.com\/#\/schema\/logo\/image\/\"}}]}<\/script>\n<!-- \/ Yoast SEO Premium plugin. -->","yoast_head_json":{"title":"Coviar Albari\u00f1o vi blanc DO R\u00edas Baixas","description":"Comprar online al millor preu vi blanc de la DO Rias Baixas","robots":{"index":"noindex","follow":"follow","max-snippet":"max-snippet:-1","max-image-preview":"max-image-preview:large","max-video-preview":"max-video-preview:-1"},"og_locale":"ca_ES","og_type":"article","og_title":"Coviar Albari\u00f1o","og_description":"Comprar online al millor preu vi blanc de la DO Rias Baixas","og_url":"https:\/\/aral2.cetrexmarketing.com\/ca\/producto\/coviar-albarino\/","og_site_name":"M\u00f3n La Cata","article_modified_time":"2025-05-27T07:26:02+00:00","og_image":[{"width":765,"height":1024,"url":"https:\/\/aral2.cetrexmarketing.com\/wp-content\/uploads\/2025\/05\/COVIAR-ALBARINO.png","type":"image\/png"}],"twitter_card":"summary_large_image","twitter_misc":{"Temps estimat de lectura":"2 minuts"},"schema":{"@context":"https:\/\/schema.org","@graph":[{"@type":"WebPage","@id":"https:\/\/aral2.cetrexmarketing.com\/ca\/producto\/coviar-albarino\/","url":"https:\/\/aral2.cetrexmarketing.com\/ca\/producto\/coviar-albarino\/","name":"Coviar Albari\u00f1o vi blanc DO R\u00edas Baixas","isPartOf":{"@id":"https:\/\/aral2.cetrexmarketing.com\/#website"},"primaryImageOfPage":{"@id":"https:\/\/aral2.cetrexmarketing.com\/ca\/producto\/coviar-albarino\/#primaryimage"},"image":{"@id":"https:\/\/aral2.cetrexmarketing.com\/ca\/producto\/coviar-albarino\/#primaryimage"},"thumbnailUrl":"https:\/\/aral2.cetrexmarketing.com\/wp-content\/uploads\/2025\/05\/COVIAR-ALBARINO.png","datePublished":"2025-05-26T05:54:30+00:00","dateModified":"2025-05-27T07:26:02+00:00","description":"Comprar online al millor preu vi blanc de la DO Rias Baixas","breadcrumb":{"@id":"https:\/\/aral2.cetrexmarketing.com\/ca\/producto\/coviar-albarino\/#breadcrumb"},"inLanguage":"ca","potentialAction":[{"@type":"ReadAction","target":["https:\/\/aral2.cetrexmarketing.com\/ca\/producto\/coviar-albarino\/"]}]},{"@type":"ImageObject","inLanguage":"ca","@id":"https:\/\/aral2.cetrexmarketing.com\/ca\/producto\/coviar-albarino\/#primaryimage","url":"https:\/\/aral2.cetrexmarketing.com\/wp-content\/uploads\/2025\/05\/COVIAR-ALBARINO.png","contentUrl":"https:\/\/aral2.cetrexmarketing.com\/wp-content\/uploads\/2025\/05\/COVIAR-ALBARINO.png","width":765,"height":1024},{"@type":"BreadcrumbList","@id":"https:\/\/aral2.cetrexmarketing.com\/ca\/producto\/coviar-albarino\/#breadcrumb","itemListElement":[{"@type":"ListItem","position":1,"name":"Home","item":"https:\/\/aral2.cetrexmarketing.com\/ca\/"},{"@type":"ListItem","position":2,"name":"Tienda","item":"https:\/\/aral2.cetrexmarketing.com\/ca\/tienda-2\/"},{"@type":"ListItem","position":3,"name":"Vi","item":"https:\/\/aral2.cetrexmarketing.com\/categoria-producto\/vi\/"},{"@type":"ListItem","position":4,"name":"Vi Blanc","item":"https:\/\/aral2.cetrexmarketing.com\/categoria-producto\/vi\/vi-blanc\/"},{"@type":"ListItem","position":5,"name":"Coviar Albari\u00f1o"}]},{"@type":"WebSite","@id":"https:\/\/aral2.cetrexmarketing.com\/#website","url":"https:\/\/aral2.cetrexmarketing.com\/","name":"M\u00f3n La Cata","description":"Tienda de vinos, licores, cervezas y gourmet","publisher":{"@id":"https:\/\/aral2.cetrexmarketing.com\/#organization"},"potentialAction":[{"@type":"SearchAction","target":{"@type":"EntryPoint","urlTemplate":"https:\/\/aral2.cetrexmarketing.com\/?s={search_term_string}"},"query-input":{"@type":"PropertyValueSpecification","valueRequired":true,"valueName":"search_term_string"}}],"inLanguage":"ca"},{"@type":"Organization","@id":"https:\/\/aral2.cetrexmarketing.com\/#organization","name":"M\u00f3n La Cata","url":"https:\/\/aral2.cetrexmarketing.com\/","logo":{"@type":"ImageObject","inLanguage":"ca","@id":"https:\/\/aral2.cetrexmarketing.com\/#\/schema\/logo\/image\/","url":"https:\/\/aral2.cetrexmarketing.com\/wp-content\/uploads\/2024\/10\/aral-logo-neg-1024x409-1.png","contentUrl":"https:\/\/aral2.cetrexmarketing.com\/wp-content\/uploads\/2024\/10\/aral-logo-neg-1024x409-1.png","width":1024,"height":409,"caption":"M\u00f3n La Cata"},"image":{"@id":"https:\/\/aral2.cetrexmarketing.com\/#\/schema\/logo\/image\/"}}]}},"brands":[],"_links":{"self":[{"href":"https:\/\/aral2.cetrexmarketing.com\/ca\/wp-json\/wp\/v2\/product\/97159","targetHints":{"allow":["GET"]}}],"collection":[{"href":"https:\/\/aral2.cetrexmarketing.com\/ca\/wp-json\/wp\/v2\/product"}],"about":[{"href":"https:\/\/aral2.cetrexmarketing.com\/ca\/wp-json\/wp\/v2\/types\/product"}],"replies":[{"embeddable":true,"href":"https:\/\/aral2.cetrexmarketing.com\/ca\/wp-json\/wp\/v2\/comments?post=97159"}],"wp:featuredmedia":[{"embeddable":true,"href":"https:\/\/aral2.cetrexmarketing.com\/ca\/wp-json\/wp\/v2\/media\/97156"}],"wp:attachment":[{"href":"https:\/\/aral2.cetrexmarketing.com\/ca\/wp-json\/wp\/v2\/media?parent=97159"}],"wp:term":[{"taxonomy":"pwb-brand","embeddable":true,"href":"https:\/\/aral2.cetrexmarketing.com\/ca\/wp-json\/wp\/v2\/pwb-brand?post=97159"},{"taxonomy":"product_brand","embeddable":true,"href":"https:\/\/aral2.cetrexmarketing.com\/ca\/wp-json\/wp\/v2\/product_brand?post=97159"},{"taxonomy":"product_cat","embeddable":true,"href":"https:\/\/aral2.cetrexmarketing.com\/ca\/wp-json\/wp\/v2\/product_cat?post=97159"},{"taxonomy":"product_tag","embeddable":true,"href":"https:\/\/aral2.cetrexmarketing.com\/ca\/wp-json\/wp\/v2\/product_tag?post=97159"}],"curies":[{"name":"wp","href":"https:\/\/api.w.org\/{rel}","templated":true}]}}