{"id":97151,"date":"2025-05-26T05:54:19","date_gmt":"2025-05-26T05:54:19","guid":{"rendered":"https:\/\/aral2.cetrexmarketing.com\/producto\/k-naia\/"},"modified":"2025-05-27T07:25:56","modified_gmt":"2025-05-27T07:25:56","slug":"k-naia","status":"publish","type":"product","link":"https:\/\/aral2.cetrexmarketing.com\/ca\/producto\/k-naia\/","title":{"rendered":"K-naia"},"content":{"rendered":"<p data-start=\"0\" data-end=\"209\"><strong data-start=\"0\" data-end=\"10\">K-Naia<\/strong> \u00e9s un vi blanc elaborat per <strong data-start=\"39\" data-end=\"55\">Bodegas Naia<\/strong>, situada a la <strong data-start=\"70\" data-end=\"100\">Denominaci\u00f3 d&#8217;Origen Rueda<\/strong>, Espanya. Aquest vi \u00e9s una <strong data-start=\"128\" data-end=\"157\">barreja de dues varietats<\/strong> de ra\u00efm: <strong data-start=\"167\" data-end=\"182\">85% Verdejo<\/strong> i <strong data-start=\"185\" data-end=\"208\">15% Sauvignon Blanc<\/strong>.<\/p>\n<h3 data-start=\"216\" data-end=\"240\"><strong data-start=\"220\" data-end=\"238\">Notes de tast:<\/strong><\/h3>\n<ul data-start=\"241\" data-end=\"501\">\n<li data-start=\"241\" data-end=\"361\"><strong data-start=\"243\" data-end=\"253\">Aroma:<\/strong> Presenta un nas fragant amb notes de <strong data-start=\"291\" data-end=\"299\">kiwi<\/strong>, <strong data-start=\"301\" data-end=\"321\">c\u00edtrics delicats<\/strong> i matisos <strong data-start=\"332\" data-end=\"344\">herbacis<\/strong> i <strong data-start=\"347\" data-end=\"358\">anisats<\/strong>.<\/li>\n<li data-start=\"362\" data-end=\"501\"><strong data-start=\"364\" data-end=\"374\">Sabor:<\/strong> Inicialment fresc i sabor\u00f3s al paladar, amb un final que presenta una <strong data-start=\"445\" data-end=\"465\">lleugera amargor<\/strong> caracter\u00edstica dels vins Verdejo.<\/li>\n<\/ul>\n<h3 data-start=\"508\" data-end=\"547\"><strong data-start=\"512\" data-end=\"545\">Caracter\u00edstiques addicionals:<\/strong><\/h3>\n<ul data-start=\"548\" data-end=\"674\">\n<li data-start=\"548\" data-end=\"583\"><strong data-start=\"550\" data-end=\"574\">Contingut alcoh\u00f2lic:<\/strong> 13,5%.<\/li>\n<li data-start=\"584\" data-end=\"674\"><strong data-start=\"586\" data-end=\"610\">Maridatge recomanat:<\/strong> Ideal per acompanyar <strong data-start=\"632\" data-end=\"649\">peixos blancs<\/strong> i <strong data-start=\"652\" data-end=\"671\">plats de marisc<\/strong>.<\/li>\n<\/ul>\n<p data-start=\"681\" data-end=\"817\" data-is-last-node=\"\" data-is-only-node=\"\">El <strong data-start=\"684\" data-end=\"694\">K-Naia<\/strong> \u00e9s reconegut per la seva <strong data-start=\"720\" data-end=\"731\">frescor<\/strong> i <strong data-start=\"734\" data-end=\"747\">equilibri<\/strong>, sent una opci\u00f3 destacada dins dels vins blancs de la regi\u00f3 de Rueda.<\/p>\n","protected":false},"excerpt":{"rendered":"<p>K-Naia \u00e9s un vi blanc elaborat per Bodegas Naia, situada a la Denominaci\u00f3 d&#8217;Origen Rueda, Espanya. Aquest vi \u00e9s una barreja de dues varietats de ra\u00efm: 85% Verdejo i 15% Sauvignon Blanc. Notes de tast: Aroma: Presenta un nas fragant amb notes de kiwi, c\u00edtrics delicats i matisos herbacis i anisats. Sabor: Inicialment fresc i&hellip;<\/p>\n","protected":false},"featured_media":97148,"comment_status":"closed","ping_status":"closed","template":"","meta":{"_acf_changed":false},"pwb-brand":[],"product_brand":[],"product_cat":[51670,51672],"product_tag":[15996,18086,15995,16169,15104,15039],"class_list":{"0":"post-97151","1":"product","2":"type-product","3":"status-publish","4":"has-post-thumbnail","6":"product_cat-vi","7":"product_cat-vi-blanc","8":"product_tag-bodegas-naia-ca","9":"product_tag-k-naia-ca","10":"product_tag-la-seca-ca","11":"product_tag-roda-ca","12":"product_tag-valladolid-ca","13":"product_tag-verdejo-ca","14":"pa_anada-36214","15":"pa_bodega-bodegasnaia","16":"pa_do-ruedado-ca","17":"pa_formatoenl-36158","18":"pa_formatoenml-38306","19":"pa_graduacion-13_5","20":"pa_pais-espanya-ca","21":"pa_pesoengramos-38342","22":"pa_pesoenkg-10-ca","23":"pa_pueblociudad-lasecavalladolid","24":"pa_tipodevino-vi-tranquil","25":"pa_variedades-verdejo-ca","26":"entry","27":"has-media","29":"first","30":"instock","31":"taxable","32":"shipping-taxable","33":"purchasable","34":"product-type-simple"},"acf":[],"yoast_head":"<!-- This site is optimized with the Yoast SEO Premium plugin v23.1 (Yoast SEO v23.5) - https:\/\/yoast.com\/wordpress\/plugins\/seo\/ -->\n<title>K-naia verdejo vino blanco DO Rueda<\/title>\n<meta name=\"description\" content=\"Comprar online al millor preu vi blanc de la DO Rueda\" \/>\n<meta name=\"robots\" content=\"noindex, follow, max-snippet:-1, max-image-preview:large, max-video-preview:-1\" \/>\n<meta property=\"og:locale\" content=\"ca_ES\" \/>\n<meta property=\"og:type\" content=\"article\" \/>\n<meta property=\"og:title\" content=\"K-naia\" \/>\n<meta property=\"og:description\" content=\"Comprar online al millor preu vi blanc de la DO Rueda\" \/>\n<meta property=\"og:url\" content=\"https:\/\/aral2.cetrexmarketing.com\/ca\/producto\/k-naia\/\" \/>\n<meta property=\"og:site_name\" content=\"M\u00f3n La Cata\" \/>\n<meta property=\"article:modified_time\" content=\"2025-05-27T07:25:56+00:00\" \/>\n<meta property=\"og:image\" content=\"https:\/\/aral2.cetrexmarketing.com\/wp-content\/uploads\/2025\/05\/K-naia.png\" \/>\n\t<meta property=\"og:image:width\" content=\"765\" \/>\n\t<meta property=\"og:image:height\" content=\"1024\" \/>\n\t<meta property=\"og:image:type\" content=\"image\/png\" \/>\n<meta name=\"twitter:card\" content=\"summary_large_image\" \/>\n<meta name=\"twitter:label1\" content=\"Temps estimat de lectura\" \/>\n\t<meta name=\"twitter:data1\" content=\"1 minut\" \/>\n<script type=\"application\/ld+json\" class=\"yoast-schema-graph\">{\"@context\":\"https:\/\/schema.org\",\"@graph\":[{\"@type\":\"WebPage\",\"@id\":\"https:\/\/aral2.cetrexmarketing.com\/ca\/producto\/k-naia\/\",\"url\":\"https:\/\/aral2.cetrexmarketing.com\/ca\/producto\/k-naia\/\",\"name\":\"K-naia verdejo vino blanco DO Rueda\",\"isPartOf\":{\"@id\":\"https:\/\/aral2.cetrexmarketing.com\/#website\"},\"primaryImageOfPage\":{\"@id\":\"https:\/\/aral2.cetrexmarketing.com\/ca\/producto\/k-naia\/#primaryimage\"},\"image\":{\"@id\":\"https:\/\/aral2.cetrexmarketing.com\/ca\/producto\/k-naia\/#primaryimage\"},\"thumbnailUrl\":\"https:\/\/aral2.cetrexmarketing.com\/wp-content\/uploads\/2025\/05\/K-naia.png\",\"datePublished\":\"2025-05-26T05:54:19+00:00\",\"dateModified\":\"2025-05-27T07:25:56+00:00\",\"description\":\"Comprar online al millor preu vi blanc de la DO Rueda\",\"breadcrumb\":{\"@id\":\"https:\/\/aral2.cetrexmarketing.com\/ca\/producto\/k-naia\/#breadcrumb\"},\"inLanguage\":\"ca\",\"potentialAction\":[{\"@type\":\"ReadAction\",\"target\":[\"https:\/\/aral2.cetrexmarketing.com\/ca\/producto\/k-naia\/\"]}]},{\"@type\":\"ImageObject\",\"inLanguage\":\"ca\",\"@id\":\"https:\/\/aral2.cetrexmarketing.com\/ca\/producto\/k-naia\/#primaryimage\",\"url\":\"https:\/\/aral2.cetrexmarketing.com\/wp-content\/uploads\/2025\/05\/K-naia.png\",\"contentUrl\":\"https:\/\/aral2.cetrexmarketing.com\/wp-content\/uploads\/2025\/05\/K-naia.png\",\"width\":765,\"height\":1024},{\"@type\":\"BreadcrumbList\",\"@id\":\"https:\/\/aral2.cetrexmarketing.com\/ca\/producto\/k-naia\/#breadcrumb\",\"itemListElement\":[{\"@type\":\"ListItem\",\"position\":1,\"name\":\"Home\",\"item\":\"https:\/\/aral2.cetrexmarketing.com\/ca\/\"},{\"@type\":\"ListItem\",\"position\":2,\"name\":\"Tienda\",\"item\":\"https:\/\/aral2.cetrexmarketing.com\/ca\/tienda-2\/\"},{\"@type\":\"ListItem\",\"position\":3,\"name\":\"Vi\",\"item\":\"https:\/\/aral2.cetrexmarketing.com\/categoria-producto\/vi\/\"},{\"@type\":\"ListItem\",\"position\":4,\"name\":\"Vi Blanc\",\"item\":\"https:\/\/aral2.cetrexmarketing.com\/categoria-producto\/vi\/vi-blanc\/\"},{\"@type\":\"ListItem\",\"position\":5,\"name\":\"K-naia\"}]},{\"@type\":\"WebSite\",\"@id\":\"https:\/\/aral2.cetrexmarketing.com\/#website\",\"url\":\"https:\/\/aral2.cetrexmarketing.com\/\",\"name\":\"M\u00f3n La Cata\",\"description\":\"Tienda de vinos, licores, cervezas y gourmet\",\"publisher\":{\"@id\":\"https:\/\/aral2.cetrexmarketing.com\/#organization\"},\"potentialAction\":[{\"@type\":\"SearchAction\",\"target\":{\"@type\":\"EntryPoint\",\"urlTemplate\":\"https:\/\/aral2.cetrexmarketing.com\/?s={search_term_string}\"},\"query-input\":{\"@type\":\"PropertyValueSpecification\",\"valueRequired\":true,\"valueName\":\"search_term_string\"}}],\"inLanguage\":\"ca\"},{\"@type\":\"Organization\",\"@id\":\"https:\/\/aral2.cetrexmarketing.com\/#organization\",\"name\":\"M\u00f3n La Cata\",\"url\":\"https:\/\/aral2.cetrexmarketing.com\/\",\"logo\":{\"@type\":\"ImageObject\",\"inLanguage\":\"ca\",\"@id\":\"https:\/\/aral2.cetrexmarketing.com\/#\/schema\/logo\/image\/\",\"url\":\"https:\/\/aral2.cetrexmarketing.com\/wp-content\/uploads\/2024\/10\/aral-logo-neg-1024x409-1.png\",\"contentUrl\":\"https:\/\/aral2.cetrexmarketing.com\/wp-content\/uploads\/2024\/10\/aral-logo-neg-1024x409-1.png\",\"width\":1024,\"height\":409,\"caption\":\"M\u00f3n La Cata\"},\"image\":{\"@id\":\"https:\/\/aral2.cetrexmarketing.com\/#\/schema\/logo\/image\/\"}}]}<\/script>\n<!-- \/ Yoast SEO Premium plugin. -->","yoast_head_json":{"title":"K-naia verdejo vino blanco DO Rueda","description":"Comprar online al millor preu vi blanc de la DO Rueda","robots":{"index":"noindex","follow":"follow","max-snippet":"max-snippet:-1","max-image-preview":"max-image-preview:large","max-video-preview":"max-video-preview:-1"},"og_locale":"ca_ES","og_type":"article","og_title":"K-naia","og_description":"Comprar online al millor preu vi blanc de la DO Rueda","og_url":"https:\/\/aral2.cetrexmarketing.com\/ca\/producto\/k-naia\/","og_site_name":"M\u00f3n La Cata","article_modified_time":"2025-05-27T07:25:56+00:00","og_image":[{"width":765,"height":1024,"url":"https:\/\/aral2.cetrexmarketing.com\/wp-content\/uploads\/2025\/05\/K-naia.png","type":"image\/png"}],"twitter_card":"summary_large_image","twitter_misc":{"Temps estimat de lectura":"1 minut"},"schema":{"@context":"https:\/\/schema.org","@graph":[{"@type":"WebPage","@id":"https:\/\/aral2.cetrexmarketing.com\/ca\/producto\/k-naia\/","url":"https:\/\/aral2.cetrexmarketing.com\/ca\/producto\/k-naia\/","name":"K-naia verdejo vino blanco DO Rueda","isPartOf":{"@id":"https:\/\/aral2.cetrexmarketing.com\/#website"},"primaryImageOfPage":{"@id":"https:\/\/aral2.cetrexmarketing.com\/ca\/producto\/k-naia\/#primaryimage"},"image":{"@id":"https:\/\/aral2.cetrexmarketing.com\/ca\/producto\/k-naia\/#primaryimage"},"thumbnailUrl":"https:\/\/aral2.cetrexmarketing.com\/wp-content\/uploads\/2025\/05\/K-naia.png","datePublished":"2025-05-26T05:54:19+00:00","dateModified":"2025-05-27T07:25:56+00:00","description":"Comprar online al millor preu vi blanc de la DO Rueda","breadcrumb":{"@id":"https:\/\/aral2.cetrexmarketing.com\/ca\/producto\/k-naia\/#breadcrumb"},"inLanguage":"ca","potentialAction":[{"@type":"ReadAction","target":["https:\/\/aral2.cetrexmarketing.com\/ca\/producto\/k-naia\/"]}]},{"@type":"ImageObject","inLanguage":"ca","@id":"https:\/\/aral2.cetrexmarketing.com\/ca\/producto\/k-naia\/#primaryimage","url":"https:\/\/aral2.cetrexmarketing.com\/wp-content\/uploads\/2025\/05\/K-naia.png","contentUrl":"https:\/\/aral2.cetrexmarketing.com\/wp-content\/uploads\/2025\/05\/K-naia.png","width":765,"height":1024},{"@type":"BreadcrumbList","@id":"https:\/\/aral2.cetrexmarketing.com\/ca\/producto\/k-naia\/#breadcrumb","itemListElement":[{"@type":"ListItem","position":1,"name":"Home","item":"https:\/\/aral2.cetrexmarketing.com\/ca\/"},{"@type":"ListItem","position":2,"name":"Tienda","item":"https:\/\/aral2.cetrexmarketing.com\/ca\/tienda-2\/"},{"@type":"ListItem","position":3,"name":"Vi","item":"https:\/\/aral2.cetrexmarketing.com\/categoria-producto\/vi\/"},{"@type":"ListItem","position":4,"name":"Vi Blanc","item":"https:\/\/aral2.cetrexmarketing.com\/categoria-producto\/vi\/vi-blanc\/"},{"@type":"ListItem","position":5,"name":"K-naia"}]},{"@type":"WebSite","@id":"https:\/\/aral2.cetrexmarketing.com\/#website","url":"https:\/\/aral2.cetrexmarketing.com\/","name":"M\u00f3n La Cata","description":"Tienda de vinos, licores, cervezas y gourmet","publisher":{"@id":"https:\/\/aral2.cetrexmarketing.com\/#organization"},"potentialAction":[{"@type":"SearchAction","target":{"@type":"EntryPoint","urlTemplate":"https:\/\/aral2.cetrexmarketing.com\/?s={search_term_string}"},"query-input":{"@type":"PropertyValueSpecification","valueRequired":true,"valueName":"search_term_string"}}],"inLanguage":"ca"},{"@type":"Organization","@id":"https:\/\/aral2.cetrexmarketing.com\/#organization","name":"M\u00f3n La Cata","url":"https:\/\/aral2.cetrexmarketing.com\/","logo":{"@type":"ImageObject","inLanguage":"ca","@id":"https:\/\/aral2.cetrexmarketing.com\/#\/schema\/logo\/image\/","url":"https:\/\/aral2.cetrexmarketing.com\/wp-content\/uploads\/2024\/10\/aral-logo-neg-1024x409-1.png","contentUrl":"https:\/\/aral2.cetrexmarketing.com\/wp-content\/uploads\/2024\/10\/aral-logo-neg-1024x409-1.png","width":1024,"height":409,"caption":"M\u00f3n La Cata"},"image":{"@id":"https:\/\/aral2.cetrexmarketing.com\/#\/schema\/logo\/image\/"}}]}},"brands":[],"_links":{"self":[{"href":"https:\/\/aral2.cetrexmarketing.com\/ca\/wp-json\/wp\/v2\/product\/97151","targetHints":{"allow":["GET"]}}],"collection":[{"href":"https:\/\/aral2.cetrexmarketing.com\/ca\/wp-json\/wp\/v2\/product"}],"about":[{"href":"https:\/\/aral2.cetrexmarketing.com\/ca\/wp-json\/wp\/v2\/types\/product"}],"replies":[{"embeddable":true,"href":"https:\/\/aral2.cetrexmarketing.com\/ca\/wp-json\/wp\/v2\/comments?post=97151"}],"wp:featuredmedia":[{"embeddable":true,"href":"https:\/\/aral2.cetrexmarketing.com\/ca\/wp-json\/wp\/v2\/media\/97148"}],"wp:attachment":[{"href":"https:\/\/aral2.cetrexmarketing.com\/ca\/wp-json\/wp\/v2\/media?parent=97151"}],"wp:term":[{"taxonomy":"pwb-brand","embeddable":true,"href":"https:\/\/aral2.cetrexmarketing.com\/ca\/wp-json\/wp\/v2\/pwb-brand?post=97151"},{"taxonomy":"product_brand","embeddable":true,"href":"https:\/\/aral2.cetrexmarketing.com\/ca\/wp-json\/wp\/v2\/product_brand?post=97151"},{"taxonomy":"product_cat","embeddable":true,"href":"https:\/\/aral2.cetrexmarketing.com\/ca\/wp-json\/wp\/v2\/product_cat?post=97151"},{"taxonomy":"product_tag","embeddable":true,"href":"https:\/\/aral2.cetrexmarketing.com\/ca\/wp-json\/wp\/v2\/product_tag?post=97151"}],"curies":[{"name":"wp","href":"https:\/\/api.w.org\/{rel}","templated":true}]}}