{"id":97032,"date":"2025-05-26T05:52:28","date_gmt":"2025-05-26T05:52:28","guid":{"rendered":"https:\/\/aral2.cetrexmarketing.com\/producto\/vina-dmateo-treixadura\/"},"modified":"2025-05-27T07:25:38","modified_gmt":"2025-05-27T07:25:38","slug":"vina-dmateo-treixadura","status":"publish","type":"product","link":"https:\/\/aral2.cetrexmarketing.com\/ca\/producto\/vina-dmateo-treixadura\/","title":{"rendered":"Vi\u00f1a D&#8217;Mateo Treixadura"},"content":{"rendered":"<p data-start=\"0\" data-end=\"279\"><strong data-start=\"0\" data-end=\"35\">El D&#8217;Mateo Colecci\u00f3n Treixadura<\/strong> \u00e9s un vi blanc elaborat per <strong data-start=\"64\" data-end=\"80\">Vi\u00f1a D&#8217;Mateo<\/strong> en la <strong data-start=\"87\" data-end=\"119\">Denominaci\u00f3 d&#8217;Origen Ribeiro<\/strong>, Gal\u00edcia, Espanya. Aquest vi destaca per la seva composici\u00f3 majorit\u00e0ria de la varietat de ra\u00efm <strong data-start=\"215\" data-end=\"235\">Treixadura (98%)<\/strong>, complementada amb un <strong data-start=\"258\" data-end=\"276\">2% de Loureira<\/strong>.<\/p>\n<h3 data-start=\"286\" data-end=\"324\"><strong data-start=\"290\" data-end=\"322\">Caracter\u00edstiques Principals:<\/strong><\/h3>\n<p data-start=\"326\" data-end=\"346\"><strong data-start=\"329\" data-end=\"344\">Elaboraci\u00f3:<\/strong><\/p>\n<ul data-start=\"347\" data-end=\"731\">\n<li data-start=\"347\" data-end=\"439\">La verema es realitza de manera <strong data-start=\"381\" data-end=\"391\">manual<\/strong>, seleccionant acuradament els ra\u00efms al vinya.<\/li>\n<li data-start=\"440\" data-end=\"622\">Despr\u00e9s del premsat, el most es sotmet a un <strong data-start=\"486\" data-end=\"515\">desfangat est\u00e0tic lleuger<\/strong> i fermenta en <strong data-start=\"530\" data-end=\"560\">dip\u00f2sits d&#8217;acer inoxidable<\/strong> a <strong data-start=\"563\" data-end=\"584\">baixa temperatura<\/strong> per preservar els aromes varietals.<\/li>\n<li data-start=\"623\" data-end=\"731\">Posteriorment, el vi reposa en aquests dip\u00f2sits durant <strong data-start=\"680\" data-end=\"692\">l&#8217;hivern<\/strong>, permetent una clarificaci\u00f3 natural.<\/li>\n<\/ul>\n<h3 data-start=\"738\" data-end=\"762\"><strong data-start=\"742\" data-end=\"760\">Notes de Cata:<\/strong><\/h3>\n<p data-start=\"764\" data-end=\"834\"><strong data-start=\"767\" data-end=\"777\">Vista:<\/strong> Color <strong data-start=\"784\" data-end=\"798\">groc palla<\/strong> amb reflexos <strong data-start=\"812\" data-end=\"821\">verds<\/strong>, brillant.<\/p>\n<p data-start=\"836\" data-end=\"956\"><strong data-start=\"839\" data-end=\"847\">Nas:<\/strong> Aroma potent, elegant, fi i equilibrat, amb una rica diversitat arom\u00e0tica marcada pel seu origen varietal.<\/p>\n<p data-start=\"958\" data-end=\"1040\" data-is-last-node=\"\" data-is-only-node=\"\"><strong data-start=\"961\" data-end=\"970\">Boca:<\/strong> Sabor\u00f3s, llaminer i intens, amb un <strong data-start=\"1006\" data-end=\"1025\">retrogust llarg<\/strong> i <strong data-start=\"1028\" data-end=\"1039\">elegant<\/strong>.<\/p>\n","protected":false},"excerpt":{"rendered":"<p>El D&#8217;Mateo Colecci\u00f3n Treixadura \u00e9s un vi blanc elaborat per Vi\u00f1a D&#8217;Mateo en la Denominaci\u00f3 d&#8217;Origen Ribeiro, Gal\u00edcia, Espanya. Aquest vi destaca per la seva composici\u00f3 majorit\u00e0ria de la varietat de ra\u00efm Treixadura (98%), complementada amb un 2% de Loureira. Caracter\u00edstiques Principals: Elaboraci\u00f3: La verema es realitza de manera manual, seleccionant acuradament els ra\u00efms al&hellip;<\/p>\n","protected":false},"featured_media":96942,"comment_status":"closed","ping_status":"closed","template":"","meta":{"_acf_changed":false},"pwb-brand":[32931],"product_brand":[],"product_cat":[51670,51672],"product_tag":[18079,18062,48917],"class_list":{"0":"post-97032","1":"product","2":"type-product","3":"status-publish","4":"has-post-thumbnail","6":"pwb-brand-ribeiro-d-o","7":"product_cat-vi","8":"product_cat-vi-blanc","9":"product_tag-beade-ca","10":"product_tag-ourense-ca","11":"product_tag-vi-blanc-ca","12":"pa_anada-45483","13":"pa_bodega-atlanticgalicianwineries","14":"pa_do-ribeiro-d-o","15":"pa_formatoenl-36158","16":"pa_formatoenml-38306","17":"pa_graduacion-13_5","18":"pa_pais-espanya-ca","19":"pa_pesoengramos-38342","20":"pa_pesoenkg-10-ca","21":"pa_pueblociudad-beadeourense","22":"pa_tipodevino-vi-tranquil","23":"pa_variedades-treixadura-ca","24":"entry","25":"has-media","27":"first","28":"instock","29":"taxable","30":"shipping-taxable","31":"purchasable","32":"product-type-simple"},"acf":[],"yoast_head":"<!-- This site is optimized with the Yoast SEO Premium plugin v23.1 (Yoast SEO v23.5) - https:\/\/yoast.com\/wordpress\/plugins\/seo\/ -->\n<title>Vi\u00f1a D&#039;Mateo Treixadura DO Ribeiro<\/title>\n<meta name=\"description\" content=\"Comprar online al millor preu vi blanc DO Ribeiro.\" \/>\n<meta name=\"robots\" content=\"noindex, follow, max-snippet:-1, max-image-preview:large, max-video-preview:-1\" \/>\n<meta property=\"og:locale\" content=\"ca_ES\" \/>\n<meta property=\"og:type\" content=\"article\" \/>\n<meta property=\"og:title\" content=\"Vi\u00f1a D&#039;Mateo Treixadura\" \/>\n<meta property=\"og:description\" content=\"Comprar online al millor preu vi blanc DO Ribeiro.\" \/>\n<meta property=\"og:url\" content=\"https:\/\/aral2.cetrexmarketing.com\/ca\/producto\/vina-dmateo-treixadura\/\" \/>\n<meta property=\"og:site_name\" content=\"M\u00f3n La Cata\" \/>\n<meta property=\"article:modified_time\" content=\"2025-05-27T07:25:38+00:00\" \/>\n<meta property=\"og:image\" content=\"https:\/\/aral2.cetrexmarketing.com\/wp-content\/uploads\/2025\/05\/vina-dmateo-treixadura.png\" \/>\n\t<meta property=\"og:image:width\" content=\"765\" \/>\n\t<meta property=\"og:image:height\" content=\"1024\" \/>\n\t<meta property=\"og:image:type\" content=\"image\/png\" \/>\n<meta name=\"twitter:card\" content=\"summary_large_image\" \/>\n<meta name=\"twitter:label1\" content=\"Temps estimat de lectura\" \/>\n\t<meta name=\"twitter:data1\" content=\"1 minut\" \/>\n<script type=\"application\/ld+json\" class=\"yoast-schema-graph\">{\"@context\":\"https:\/\/schema.org\",\"@graph\":[{\"@type\":\"WebPage\",\"@id\":\"https:\/\/aral2.cetrexmarketing.com\/ca\/producto\/vina-dmateo-treixadura\/\",\"url\":\"https:\/\/aral2.cetrexmarketing.com\/ca\/producto\/vina-dmateo-treixadura\/\",\"name\":\"Vi\u00f1a D'Mateo Treixadura DO Ribeiro\",\"isPartOf\":{\"@id\":\"https:\/\/aral2.cetrexmarketing.com\/#website\"},\"primaryImageOfPage\":{\"@id\":\"https:\/\/aral2.cetrexmarketing.com\/ca\/producto\/vina-dmateo-treixadura\/#primaryimage\"},\"image\":{\"@id\":\"https:\/\/aral2.cetrexmarketing.com\/ca\/producto\/vina-dmateo-treixadura\/#primaryimage\"},\"thumbnailUrl\":\"https:\/\/aral2.cetrexmarketing.com\/wp-content\/uploads\/2025\/05\/vina-dmateo-treixadura.png\",\"datePublished\":\"2025-05-26T05:52:28+00:00\",\"dateModified\":\"2025-05-27T07:25:38+00:00\",\"description\":\"Comprar online al millor preu vi blanc DO Ribeiro.\",\"breadcrumb\":{\"@id\":\"https:\/\/aral2.cetrexmarketing.com\/ca\/producto\/vina-dmateo-treixadura\/#breadcrumb\"},\"inLanguage\":\"ca\",\"potentialAction\":[{\"@type\":\"ReadAction\",\"target\":[\"https:\/\/aral2.cetrexmarketing.com\/ca\/producto\/vina-dmateo-treixadura\/\"]}]},{\"@type\":\"ImageObject\",\"inLanguage\":\"ca\",\"@id\":\"https:\/\/aral2.cetrexmarketing.com\/ca\/producto\/vina-dmateo-treixadura\/#primaryimage\",\"url\":\"https:\/\/aral2.cetrexmarketing.com\/wp-content\/uploads\/2025\/05\/vina-dmateo-treixadura.png\",\"contentUrl\":\"https:\/\/aral2.cetrexmarketing.com\/wp-content\/uploads\/2025\/05\/vina-dmateo-treixadura.png\",\"width\":765,\"height\":1024},{\"@type\":\"BreadcrumbList\",\"@id\":\"https:\/\/aral2.cetrexmarketing.com\/ca\/producto\/vina-dmateo-treixadura\/#breadcrumb\",\"itemListElement\":[{\"@type\":\"ListItem\",\"position\":1,\"name\":\"Home\",\"item\":\"https:\/\/aral2.cetrexmarketing.com\/ca\/\"},{\"@type\":\"ListItem\",\"position\":2,\"name\":\"Tienda\",\"item\":\"https:\/\/aral2.cetrexmarketing.com\/ca\/tienda-2\/\"},{\"@type\":\"ListItem\",\"position\":3,\"name\":\"Vi\",\"item\":\"https:\/\/aral2.cetrexmarketing.com\/categoria-producto\/vi\/\"},{\"@type\":\"ListItem\",\"position\":4,\"name\":\"Vi Blanc\",\"item\":\"https:\/\/aral2.cetrexmarketing.com\/categoria-producto\/vi\/vi-blanc\/\"},{\"@type\":\"ListItem\",\"position\":5,\"name\":\"Vi\u00f1a D&#8217;Mateo Treixadura\"}]},{\"@type\":\"WebSite\",\"@id\":\"https:\/\/aral2.cetrexmarketing.com\/#website\",\"url\":\"https:\/\/aral2.cetrexmarketing.com\/\",\"name\":\"M\u00f3n La Cata\",\"description\":\"Tienda de vinos, licores, cervezas y gourmet\",\"publisher\":{\"@id\":\"https:\/\/aral2.cetrexmarketing.com\/#organization\"},\"potentialAction\":[{\"@type\":\"SearchAction\",\"target\":{\"@type\":\"EntryPoint\",\"urlTemplate\":\"https:\/\/aral2.cetrexmarketing.com\/?s={search_term_string}\"},\"query-input\":{\"@type\":\"PropertyValueSpecification\",\"valueRequired\":true,\"valueName\":\"search_term_string\"}}],\"inLanguage\":\"ca\"},{\"@type\":\"Organization\",\"@id\":\"https:\/\/aral2.cetrexmarketing.com\/#organization\",\"name\":\"M\u00f3n La Cata\",\"url\":\"https:\/\/aral2.cetrexmarketing.com\/\",\"logo\":{\"@type\":\"ImageObject\",\"inLanguage\":\"ca\",\"@id\":\"https:\/\/aral2.cetrexmarketing.com\/#\/schema\/logo\/image\/\",\"url\":\"https:\/\/aral2.cetrexmarketing.com\/wp-content\/uploads\/2024\/10\/aral-logo-neg-1024x409-1.png\",\"contentUrl\":\"https:\/\/aral2.cetrexmarketing.com\/wp-content\/uploads\/2024\/10\/aral-logo-neg-1024x409-1.png\",\"width\":1024,\"height\":409,\"caption\":\"M\u00f3n La Cata\"},\"image\":{\"@id\":\"https:\/\/aral2.cetrexmarketing.com\/#\/schema\/logo\/image\/\"}}]}<\/script>\n<!-- \/ Yoast SEO Premium plugin. -->","yoast_head_json":{"title":"Vi\u00f1a D'Mateo Treixadura DO Ribeiro","description":"Comprar online al millor preu vi blanc DO Ribeiro.","robots":{"index":"noindex","follow":"follow","max-snippet":"max-snippet:-1","max-image-preview":"max-image-preview:large","max-video-preview":"max-video-preview:-1"},"og_locale":"ca_ES","og_type":"article","og_title":"Vi\u00f1a D'Mateo Treixadura","og_description":"Comprar online al millor preu vi blanc DO Ribeiro.","og_url":"https:\/\/aral2.cetrexmarketing.com\/ca\/producto\/vina-dmateo-treixadura\/","og_site_name":"M\u00f3n La Cata","article_modified_time":"2025-05-27T07:25:38+00:00","og_image":[{"width":765,"height":1024,"url":"https:\/\/aral2.cetrexmarketing.com\/wp-content\/uploads\/2025\/05\/vina-dmateo-treixadura.png","type":"image\/png"}],"twitter_card":"summary_large_image","twitter_misc":{"Temps estimat de lectura":"1 minut"},"schema":{"@context":"https:\/\/schema.org","@graph":[{"@type":"WebPage","@id":"https:\/\/aral2.cetrexmarketing.com\/ca\/producto\/vina-dmateo-treixadura\/","url":"https:\/\/aral2.cetrexmarketing.com\/ca\/producto\/vina-dmateo-treixadura\/","name":"Vi\u00f1a D'Mateo Treixadura DO Ribeiro","isPartOf":{"@id":"https:\/\/aral2.cetrexmarketing.com\/#website"},"primaryImageOfPage":{"@id":"https:\/\/aral2.cetrexmarketing.com\/ca\/producto\/vina-dmateo-treixadura\/#primaryimage"},"image":{"@id":"https:\/\/aral2.cetrexmarketing.com\/ca\/producto\/vina-dmateo-treixadura\/#primaryimage"},"thumbnailUrl":"https:\/\/aral2.cetrexmarketing.com\/wp-content\/uploads\/2025\/05\/vina-dmateo-treixadura.png","datePublished":"2025-05-26T05:52:28+00:00","dateModified":"2025-05-27T07:25:38+00:00","description":"Comprar online al millor preu vi blanc DO Ribeiro.","breadcrumb":{"@id":"https:\/\/aral2.cetrexmarketing.com\/ca\/producto\/vina-dmateo-treixadura\/#breadcrumb"},"inLanguage":"ca","potentialAction":[{"@type":"ReadAction","target":["https:\/\/aral2.cetrexmarketing.com\/ca\/producto\/vina-dmateo-treixadura\/"]}]},{"@type":"ImageObject","inLanguage":"ca","@id":"https:\/\/aral2.cetrexmarketing.com\/ca\/producto\/vina-dmateo-treixadura\/#primaryimage","url":"https:\/\/aral2.cetrexmarketing.com\/wp-content\/uploads\/2025\/05\/vina-dmateo-treixadura.png","contentUrl":"https:\/\/aral2.cetrexmarketing.com\/wp-content\/uploads\/2025\/05\/vina-dmateo-treixadura.png","width":765,"height":1024},{"@type":"BreadcrumbList","@id":"https:\/\/aral2.cetrexmarketing.com\/ca\/producto\/vina-dmateo-treixadura\/#breadcrumb","itemListElement":[{"@type":"ListItem","position":1,"name":"Home","item":"https:\/\/aral2.cetrexmarketing.com\/ca\/"},{"@type":"ListItem","position":2,"name":"Tienda","item":"https:\/\/aral2.cetrexmarketing.com\/ca\/tienda-2\/"},{"@type":"ListItem","position":3,"name":"Vi","item":"https:\/\/aral2.cetrexmarketing.com\/categoria-producto\/vi\/"},{"@type":"ListItem","position":4,"name":"Vi Blanc","item":"https:\/\/aral2.cetrexmarketing.com\/categoria-producto\/vi\/vi-blanc\/"},{"@type":"ListItem","position":5,"name":"Vi\u00f1a D&#8217;Mateo Treixadura"}]},{"@type":"WebSite","@id":"https:\/\/aral2.cetrexmarketing.com\/#website","url":"https:\/\/aral2.cetrexmarketing.com\/","name":"M\u00f3n La Cata","description":"Tienda de vinos, licores, cervezas y gourmet","publisher":{"@id":"https:\/\/aral2.cetrexmarketing.com\/#organization"},"potentialAction":[{"@type":"SearchAction","target":{"@type":"EntryPoint","urlTemplate":"https:\/\/aral2.cetrexmarketing.com\/?s={search_term_string}"},"query-input":{"@type":"PropertyValueSpecification","valueRequired":true,"valueName":"search_term_string"}}],"inLanguage":"ca"},{"@type":"Organization","@id":"https:\/\/aral2.cetrexmarketing.com\/#organization","name":"M\u00f3n La Cata","url":"https:\/\/aral2.cetrexmarketing.com\/","logo":{"@type":"ImageObject","inLanguage":"ca","@id":"https:\/\/aral2.cetrexmarketing.com\/#\/schema\/logo\/image\/","url":"https:\/\/aral2.cetrexmarketing.com\/wp-content\/uploads\/2024\/10\/aral-logo-neg-1024x409-1.png","contentUrl":"https:\/\/aral2.cetrexmarketing.com\/wp-content\/uploads\/2024\/10\/aral-logo-neg-1024x409-1.png","width":1024,"height":409,"caption":"M\u00f3n La Cata"},"image":{"@id":"https:\/\/aral2.cetrexmarketing.com\/#\/schema\/logo\/image\/"}}]}},"brands":[{"id":32931,"name":"Ribeiro D.O.","slug":"ribeiro-d-o"}],"_links":{"self":[{"href":"https:\/\/aral2.cetrexmarketing.com\/ca\/wp-json\/wp\/v2\/product\/97032","targetHints":{"allow":["GET"]}}],"collection":[{"href":"https:\/\/aral2.cetrexmarketing.com\/ca\/wp-json\/wp\/v2\/product"}],"about":[{"href":"https:\/\/aral2.cetrexmarketing.com\/ca\/wp-json\/wp\/v2\/types\/product"}],"replies":[{"embeddable":true,"href":"https:\/\/aral2.cetrexmarketing.com\/ca\/wp-json\/wp\/v2\/comments?post=97032"}],"wp:featuredmedia":[{"embeddable":true,"href":"https:\/\/aral2.cetrexmarketing.com\/ca\/wp-json\/wp\/v2\/media\/96942"}],"wp:attachment":[{"href":"https:\/\/aral2.cetrexmarketing.com\/ca\/wp-json\/wp\/v2\/media?parent=97032"}],"wp:term":[{"taxonomy":"pwb-brand","embeddable":true,"href":"https:\/\/aral2.cetrexmarketing.com\/ca\/wp-json\/wp\/v2\/pwb-brand?post=97032"},{"taxonomy":"product_brand","embeddable":true,"href":"https:\/\/aral2.cetrexmarketing.com\/ca\/wp-json\/wp\/v2\/product_brand?post=97032"},{"taxonomy":"product_cat","embeddable":true,"href":"https:\/\/aral2.cetrexmarketing.com\/ca\/wp-json\/wp\/v2\/product_cat?post=97032"},{"taxonomy":"product_tag","embeddable":true,"href":"https:\/\/aral2.cetrexmarketing.com\/ca\/wp-json\/wp\/v2\/product_tag?post=97032"}],"curies":[{"name":"wp","href":"https:\/\/api.w.org\/{rel}","templated":true}]}}