{"id":96489,"date":"2025-05-26T05:47:44","date_gmt":"2025-05-26T05:47:44","guid":{"rendered":"https:\/\/aral2.cetrexmarketing.com\/producto\/gr-65-5\/"},"modified":"2025-05-27T07:23:58","modified_gmt":"2025-05-27T07:23:58","slug":"gr-65-5","status":"publish","type":"product","link":"https:\/\/aral2.cetrexmarketing.com\/ca\/producto\/gr-65-5\/","title":{"rendered":"GR 65-5"},"content":{"rendered":"<p>El <strong>GR 65-5<\/strong> \u00e9s un vi negre de la Denominaci\u00f3 d&#8217;Origen Montsant, a Catalunya, Espanya. Elaborat per la bodega Casa Gran del Siurana, aquest vi ret homenatge al cam\u00ed GR 65-5, una ruta hist\u00f2rica que connecta Tarragona amb Saragossa, passant pel Parc Natural de la Serra del Montsant.<\/p>\n<div class=\"flex-1 overflow-hidden @container\/thread\">\n<div class=\"h-full\">\n<div class=\"react-scroll-to-bottom--css-ktoyw-79elbk h-full\">\n<div class=\"react-scroll-to-bottom--css-ktoyw-1n7m0yu\">\n<div class=\"flex flex-col text-sm md:pb-9\">\n<article class=\"w-full scroll-mb-[var(--thread-trailing-height,150px)] text-token-text-primary focus-visible:outline-2 focus-visible:outline-offset-[-4px]\" dir=\"auto\" data-testid=\"conversation-turn-3\" data-scroll-anchor=\"true\">\n<div class=\"m-auto text-base py-[18px] px-3 md:px-4 w-full md:px-5 lg:px-4 xl:px-5\">\n<div class=\"mx-auto flex flex-1 gap-4 text-base md:gap-5 lg:gap-6 md:max-w-3xl lg:max-w-[40rem] xl:max-w-[48rem]\">\n<div class=\"group\/conversation-turn relative flex w-full min-w-0 flex-col agent-turn\">\n<div class=\"flex-col gap-1 md:gap-3\">\n<div class=\"flex max-w-full flex-col flex-grow\">\n<div class=\"min-h-8 text-message flex w-full flex-col items-end gap-2 whitespace-normal break-words text-start [.text-message+&amp;]:mt-5\" dir=\"auto\" data-message-author-role=\"assistant\" data-message-id=\"bbf7c168-0fe5-4396-a96d-eb5202e1d47a\" data-message-model-slug=\"gpt-4o-mini\">\n<div class=\"flex w-full flex-col gap-1 empty:hidden first:pt-[3px]\">\n<div class=\"markdown prose w-full break-words dark:prose-invert light\">\n<p><strong>Varietats de ra\u00efm:<\/strong><\/p>\n<ul>\n<li><strong>Garnatxa Tinta (80%)<\/strong>: Aporta aromes de fruites vermelles madures i notes especiades.<\/li>\n<li><strong>Sams\u00f3 (Cari\u00f1ena) (20%)<\/strong>: Contribueix amb estructura i profunditat al vi.<\/li>\n<\/ul>\n<p><strong>Elaboraci\u00f3:<\/strong><\/p>\n<ul>\n<li><strong>Verema<\/strong>: Selecci\u00f3 manual de ra\u00efms de vinyes velles cultivades de manera respectuosa amb el medi ambient.<\/li>\n<li><strong>Vinificaci\u00f3<\/strong>: Fermentaci\u00f3 en dip\u00f2sits d&#8217;acer inoxidable a temperatura controlada de 24\u00b0C, amb maceraci\u00f3 mitjana per extreure color i aromes.<\/li>\n<li><strong>Envelliment<\/strong>: 12 mesos en barriques de roure, cosa que aporta complexitat i suavitza els tanins.<\/li>\n<\/ul>\n<p><strong>Caracter\u00edstiques organol\u00e8ptiques:<\/p>\n<p><\/strong><\/p>\n<ul>\n<li><strong>Vista<\/strong>: Color vermell intens amb matisos violacis.<\/li>\n<li><strong>Nas<\/strong>: Aromes de fruites vermelles madures, regal\u00e8ssia i subtils notes b\u00e0lsamiques.<\/li>\n<li><strong>Boca<\/strong>: Vi de cos mitj\u00e0, amb tanins suaus, acidesa equilibrada i un final llarg i persistent.<\/li>\n<\/ul>\n<p><strong>Maridatge<\/strong>: Ideal per acompanyar formatges curats, embotits, carns vermelles, plats d&#8217;arr\u00f2s i llegums.<\/p>\n<div class=\"relative inline-flex items-center\"><strong>Temperatura de servei:<\/strong> Es recomana servir entre 14\u00b0C i 16\u00b0C per apreciar plenament les seves caracter\u00edstiques.<\/div>\n<div class=\"relative inline-flex items-center\">Aquest vi reflecteix l&#8217;ess\u00e8ncia del paisatge i la tradici\u00f3 vin\u00edcola de la regi\u00f3 de Montsant, oferint una experi\u00e8ncia sensorial que transporta al caminant a trav\u00e9s dels camins hist\u00f2rics de Catalunya.<\/div>\n<\/div>\n<\/div>\n<\/div>\n<\/div>\n<\/div>\n<\/div>\n<\/div>\n<\/div>\n<\/article>\n<\/div>\n<\/div>\n<\/div>\n<\/div>\n<\/div>\n","protected":false},"excerpt":{"rendered":"<p>El GR 65-5 \u00e9s un vi negre de la DO Montsant, elaborat per Casa Gran del Siurana, en homenatge a la hist\u00f2rica ruta GR 65-5. Compost principalment per Garnatxa Tinta (80%) i Sams\u00f3 (20%), aquest vi destaca per la seva intensitat de fruits vermells madurs i notes especiades. Amb una vinificaci\u00f3 acurada i una crian\u00e7a de 12 mesos en b\u00f3tes de roure, presenta un color vermell intens, aromes de regal\u00e8ssia i bals\u00e0mics, i un cos mitj\u00e0 amb tanins suaus i un final llarg. \u00c9s ideal per acompanyar formatges, embotits, carns vermelles i plats d&#8217;arr\u00f2s. Es recomana servir entre 14\u00b0C i 16\u00b0C.<\/p>\n","protected":false},"featured_media":96486,"comment_status":"closed","ping_status":"closed","template":"","meta":{"_acf_changed":false},"pwb-brand":[],"product_brand":[],"product_cat":[51670,51671],"product_tag":[14969,14978,18042,14968,18043],"class_list":{"0":"post-96489","1":"product","2":"type-product","3":"status-publish","4":"has-post-thumbnail","6":"product_cat-vi","7":"product_cat-vi-negre","8":"product_tag-do-montsant-ca","9":"product_tag-el-masroig-ca","10":"product_tag-gr-65-5-ca","11":"product_tag-montsant-ca","12":"product_tag-travessa-del-montsant-ca","13":"pa_anada-51681","14":"pa_bodega-cavasdelcastillodeperelada","15":"pa_do-montsant-d-o-ca","16":"pa_floral-negre-floral","17":"pa_formatoenml-38306","18":"pa_graduacion-14_0","19":"pa_maridaje-carn-blanca","20":"pa_maridaje-carn-roja","21":"pa_maridaje-midons","22":"pa_maridaje-peix","23":"pa_maridaje-verdures","24":"pa_pais-espanya-ca","25":"pa_pueblociudad-elmasroigtarragona","26":"pa_tipodevino-vi-tranquil","27":"pa_variedad-principal-garnacha-tinta-ca","28":"pa_variedad-principal-samso-ca","29":"entry","30":"has-media","32":"first","33":"instock","34":"taxable","35":"shipping-taxable","36":"purchasable","37":"product-type-simple"},"acf":[],"yoast_head":"<!-- This site is optimized with the Yoast SEO Premium plugin v23.1 (Yoast SEO v23.5) - https:\/\/yoast.com\/wordpress\/plugins\/seo\/ -->\n<title>GR 65-5 - DO Montsant<\/title>\n<meta name=\"description\" content=\"Comprar online el vi negre GR 65-5 de la DO Montsant. Web especialitzada en vins, destil\u00b7lats i alimentaci\u00f3 gurmet.\" \/>\n<meta name=\"robots\" content=\"noindex, follow, max-snippet:-1, max-image-preview:large, max-video-preview:-1\" \/>\n<meta property=\"og:locale\" content=\"ca_ES\" \/>\n<meta property=\"og:type\" content=\"article\" \/>\n<meta property=\"og:title\" content=\"GR 65-5\" \/>\n<meta property=\"og:description\" content=\"Comprar online el vi negre GR 65-5 de la DO Montsant. Web especialitzada en vins, destil\u00b7lats i alimentaci\u00f3 gurmet.\" \/>\n<meta property=\"og:url\" content=\"https:\/\/aral2.cetrexmarketing.com\/ca\/producto\/gr-65-5\/\" \/>\n<meta property=\"og:site_name\" content=\"M\u00f3n La Cata\" \/>\n<meta property=\"article:modified_time\" content=\"2025-05-27T07:23:58+00:00\" \/>\n<meta property=\"og:image\" content=\"https:\/\/aral2.cetrexmarketing.com\/wp-content\/uploads\/2025\/05\/GR-65-5.jpg.png\" \/>\n\t<meta property=\"og:image:width\" content=\"765\" \/>\n\t<meta property=\"og:image:height\" content=\"1024\" \/>\n\t<meta property=\"og:image:type\" content=\"image\/png\" \/>\n<meta name=\"twitter:card\" content=\"summary_large_image\" \/>\n<meta name=\"twitter:label1\" content=\"Temps estimat de lectura\" \/>\n\t<meta name=\"twitter:data1\" content=\"2 minuts\" \/>\n<script type=\"application\/ld+json\" class=\"yoast-schema-graph\">{\"@context\":\"https:\/\/schema.org\",\"@graph\":[{\"@type\":\"WebPage\",\"@id\":\"https:\/\/aral2.cetrexmarketing.com\/ca\/producto\/gr-65-5\/\",\"url\":\"https:\/\/aral2.cetrexmarketing.com\/ca\/producto\/gr-65-5\/\",\"name\":\"GR 65-5 - DO Montsant\",\"isPartOf\":{\"@id\":\"https:\/\/aral2.cetrexmarketing.com\/#website\"},\"primaryImageOfPage\":{\"@id\":\"https:\/\/aral2.cetrexmarketing.com\/ca\/producto\/gr-65-5\/#primaryimage\"},\"image\":{\"@id\":\"https:\/\/aral2.cetrexmarketing.com\/ca\/producto\/gr-65-5\/#primaryimage\"},\"thumbnailUrl\":\"https:\/\/aral2.cetrexmarketing.com\/wp-content\/uploads\/2025\/05\/GR-65-5.jpg.png\",\"datePublished\":\"2025-05-26T05:47:44+00:00\",\"dateModified\":\"2025-05-27T07:23:58+00:00\",\"description\":\"Comprar online el vi negre GR 65-5 de la DO Montsant. Web especialitzada en vins, destil\u00b7lats i alimentaci\u00f3 gurmet.\",\"breadcrumb\":{\"@id\":\"https:\/\/aral2.cetrexmarketing.com\/ca\/producto\/gr-65-5\/#breadcrumb\"},\"inLanguage\":\"ca\",\"potentialAction\":[{\"@type\":\"ReadAction\",\"target\":[\"https:\/\/aral2.cetrexmarketing.com\/ca\/producto\/gr-65-5\/\"]}]},{\"@type\":\"ImageObject\",\"inLanguage\":\"ca\",\"@id\":\"https:\/\/aral2.cetrexmarketing.com\/ca\/producto\/gr-65-5\/#primaryimage\",\"url\":\"https:\/\/aral2.cetrexmarketing.com\/wp-content\/uploads\/2025\/05\/GR-65-5.jpg.png\",\"contentUrl\":\"https:\/\/aral2.cetrexmarketing.com\/wp-content\/uploads\/2025\/05\/GR-65-5.jpg.png\",\"width\":765,\"height\":1024},{\"@type\":\"BreadcrumbList\",\"@id\":\"https:\/\/aral2.cetrexmarketing.com\/ca\/producto\/gr-65-5\/#breadcrumb\",\"itemListElement\":[{\"@type\":\"ListItem\",\"position\":1,\"name\":\"Home\",\"item\":\"https:\/\/aral2.cetrexmarketing.com\/ca\/\"},{\"@type\":\"ListItem\",\"position\":2,\"name\":\"Tienda\",\"item\":\"https:\/\/aral2.cetrexmarketing.com\/ca\/tienda-2\/\"},{\"@type\":\"ListItem\",\"position\":3,\"name\":\"Vi\",\"item\":\"https:\/\/aral2.cetrexmarketing.com\/categoria-producto\/vi\/\"},{\"@type\":\"ListItem\",\"position\":4,\"name\":\"Vi Negre\",\"item\":\"https:\/\/aral2.cetrexmarketing.com\/categoria-producto\/vi\/vi-negre\/\"},{\"@type\":\"ListItem\",\"position\":5,\"name\":\"GR 65-5\"}]},{\"@type\":\"WebSite\",\"@id\":\"https:\/\/aral2.cetrexmarketing.com\/#website\",\"url\":\"https:\/\/aral2.cetrexmarketing.com\/\",\"name\":\"M\u00f3n La Cata\",\"description\":\"Tienda de vinos, licores, cervezas y gourmet\",\"publisher\":{\"@id\":\"https:\/\/aral2.cetrexmarketing.com\/#organization\"},\"potentialAction\":[{\"@type\":\"SearchAction\",\"target\":{\"@type\":\"EntryPoint\",\"urlTemplate\":\"https:\/\/aral2.cetrexmarketing.com\/?s={search_term_string}\"},\"query-input\":{\"@type\":\"PropertyValueSpecification\",\"valueRequired\":true,\"valueName\":\"search_term_string\"}}],\"inLanguage\":\"ca\"},{\"@type\":\"Organization\",\"@id\":\"https:\/\/aral2.cetrexmarketing.com\/#organization\",\"name\":\"M\u00f3n La Cata\",\"url\":\"https:\/\/aral2.cetrexmarketing.com\/\",\"logo\":{\"@type\":\"ImageObject\",\"inLanguage\":\"ca\",\"@id\":\"https:\/\/aral2.cetrexmarketing.com\/#\/schema\/logo\/image\/\",\"url\":\"https:\/\/aral2.cetrexmarketing.com\/wp-content\/uploads\/2024\/10\/aral-logo-neg-1024x409-1.png\",\"contentUrl\":\"https:\/\/aral2.cetrexmarketing.com\/wp-content\/uploads\/2024\/10\/aral-logo-neg-1024x409-1.png\",\"width\":1024,\"height\":409,\"caption\":\"M\u00f3n La Cata\"},\"image\":{\"@id\":\"https:\/\/aral2.cetrexmarketing.com\/#\/schema\/logo\/image\/\"}}]}<\/script>\n<!-- \/ Yoast SEO Premium plugin. -->","yoast_head_json":{"title":"GR 65-5 - DO Montsant","description":"Comprar online el vi negre GR 65-5 de la DO Montsant. Web especialitzada en vins, destil\u00b7lats i alimentaci\u00f3 gurmet.","robots":{"index":"noindex","follow":"follow","max-snippet":"max-snippet:-1","max-image-preview":"max-image-preview:large","max-video-preview":"max-video-preview:-1"},"og_locale":"ca_ES","og_type":"article","og_title":"GR 65-5","og_description":"Comprar online el vi negre GR 65-5 de la DO Montsant. Web especialitzada en vins, destil\u00b7lats i alimentaci\u00f3 gurmet.","og_url":"https:\/\/aral2.cetrexmarketing.com\/ca\/producto\/gr-65-5\/","og_site_name":"M\u00f3n La Cata","article_modified_time":"2025-05-27T07:23:58+00:00","og_image":[{"width":765,"height":1024,"url":"https:\/\/aral2.cetrexmarketing.com\/wp-content\/uploads\/2025\/05\/GR-65-5.jpg.png","type":"image\/png"}],"twitter_card":"summary_large_image","twitter_misc":{"Temps estimat de lectura":"2 minuts"},"schema":{"@context":"https:\/\/schema.org","@graph":[{"@type":"WebPage","@id":"https:\/\/aral2.cetrexmarketing.com\/ca\/producto\/gr-65-5\/","url":"https:\/\/aral2.cetrexmarketing.com\/ca\/producto\/gr-65-5\/","name":"GR 65-5 - DO Montsant","isPartOf":{"@id":"https:\/\/aral2.cetrexmarketing.com\/#website"},"primaryImageOfPage":{"@id":"https:\/\/aral2.cetrexmarketing.com\/ca\/producto\/gr-65-5\/#primaryimage"},"image":{"@id":"https:\/\/aral2.cetrexmarketing.com\/ca\/producto\/gr-65-5\/#primaryimage"},"thumbnailUrl":"https:\/\/aral2.cetrexmarketing.com\/wp-content\/uploads\/2025\/05\/GR-65-5.jpg.png","datePublished":"2025-05-26T05:47:44+00:00","dateModified":"2025-05-27T07:23:58+00:00","description":"Comprar online el vi negre GR 65-5 de la DO Montsant. Web especialitzada en vins, destil\u00b7lats i alimentaci\u00f3 gurmet.","breadcrumb":{"@id":"https:\/\/aral2.cetrexmarketing.com\/ca\/producto\/gr-65-5\/#breadcrumb"},"inLanguage":"ca","potentialAction":[{"@type":"ReadAction","target":["https:\/\/aral2.cetrexmarketing.com\/ca\/producto\/gr-65-5\/"]}]},{"@type":"ImageObject","inLanguage":"ca","@id":"https:\/\/aral2.cetrexmarketing.com\/ca\/producto\/gr-65-5\/#primaryimage","url":"https:\/\/aral2.cetrexmarketing.com\/wp-content\/uploads\/2025\/05\/GR-65-5.jpg.png","contentUrl":"https:\/\/aral2.cetrexmarketing.com\/wp-content\/uploads\/2025\/05\/GR-65-5.jpg.png","width":765,"height":1024},{"@type":"BreadcrumbList","@id":"https:\/\/aral2.cetrexmarketing.com\/ca\/producto\/gr-65-5\/#breadcrumb","itemListElement":[{"@type":"ListItem","position":1,"name":"Home","item":"https:\/\/aral2.cetrexmarketing.com\/ca\/"},{"@type":"ListItem","position":2,"name":"Tienda","item":"https:\/\/aral2.cetrexmarketing.com\/ca\/tienda-2\/"},{"@type":"ListItem","position":3,"name":"Vi","item":"https:\/\/aral2.cetrexmarketing.com\/categoria-producto\/vi\/"},{"@type":"ListItem","position":4,"name":"Vi Negre","item":"https:\/\/aral2.cetrexmarketing.com\/categoria-producto\/vi\/vi-negre\/"},{"@type":"ListItem","position":5,"name":"GR 65-5"}]},{"@type":"WebSite","@id":"https:\/\/aral2.cetrexmarketing.com\/#website","url":"https:\/\/aral2.cetrexmarketing.com\/","name":"M\u00f3n La Cata","description":"Tienda de vinos, licores, cervezas y gourmet","publisher":{"@id":"https:\/\/aral2.cetrexmarketing.com\/#organization"},"potentialAction":[{"@type":"SearchAction","target":{"@type":"EntryPoint","urlTemplate":"https:\/\/aral2.cetrexmarketing.com\/?s={search_term_string}"},"query-input":{"@type":"PropertyValueSpecification","valueRequired":true,"valueName":"search_term_string"}}],"inLanguage":"ca"},{"@type":"Organization","@id":"https:\/\/aral2.cetrexmarketing.com\/#organization","name":"M\u00f3n La Cata","url":"https:\/\/aral2.cetrexmarketing.com\/","logo":{"@type":"ImageObject","inLanguage":"ca","@id":"https:\/\/aral2.cetrexmarketing.com\/#\/schema\/logo\/image\/","url":"https:\/\/aral2.cetrexmarketing.com\/wp-content\/uploads\/2024\/10\/aral-logo-neg-1024x409-1.png","contentUrl":"https:\/\/aral2.cetrexmarketing.com\/wp-content\/uploads\/2024\/10\/aral-logo-neg-1024x409-1.png","width":1024,"height":409,"caption":"M\u00f3n La Cata"},"image":{"@id":"https:\/\/aral2.cetrexmarketing.com\/#\/schema\/logo\/image\/"}}]}},"brands":[],"_links":{"self":[{"href":"https:\/\/aral2.cetrexmarketing.com\/ca\/wp-json\/wp\/v2\/product\/96489","targetHints":{"allow":["GET"]}}],"collection":[{"href":"https:\/\/aral2.cetrexmarketing.com\/ca\/wp-json\/wp\/v2\/product"}],"about":[{"href":"https:\/\/aral2.cetrexmarketing.com\/ca\/wp-json\/wp\/v2\/types\/product"}],"replies":[{"embeddable":true,"href":"https:\/\/aral2.cetrexmarketing.com\/ca\/wp-json\/wp\/v2\/comments?post=96489"}],"wp:featuredmedia":[{"embeddable":true,"href":"https:\/\/aral2.cetrexmarketing.com\/ca\/wp-json\/wp\/v2\/media\/96486"}],"wp:attachment":[{"href":"https:\/\/aral2.cetrexmarketing.com\/ca\/wp-json\/wp\/v2\/media?parent=96489"}],"wp:term":[{"taxonomy":"pwb-brand","embeddable":true,"href":"https:\/\/aral2.cetrexmarketing.com\/ca\/wp-json\/wp\/v2\/pwb-brand?post=96489"},{"taxonomy":"product_brand","embeddable":true,"href":"https:\/\/aral2.cetrexmarketing.com\/ca\/wp-json\/wp\/v2\/product_brand?post=96489"},{"taxonomy":"product_cat","embeddable":true,"href":"https:\/\/aral2.cetrexmarketing.com\/ca\/wp-json\/wp\/v2\/product_cat?post=96489"},{"taxonomy":"product_tag","embeddable":true,"href":"https:\/\/aral2.cetrexmarketing.com\/ca\/wp-json\/wp\/v2\/product_tag?post=96489"}],"curies":[{"name":"wp","href":"https:\/\/api.w.org\/{rel}","templated":true}]}}