{"id":96130,"date":"2025-05-26T05:43:24","date_gmt":"2025-05-26T05:43:24","guid":{"rendered":"https:\/\/aral2.cetrexmarketing.com\/producto\/santero-moscato-spumante\/"},"modified":"2025-05-27T07:22:05","modified_gmt":"2025-05-27T07:22:05","slug":"santero-moscato-spumante","status":"publish","type":"product","link":"https:\/\/aral2.cetrexmarketing.com\/ca\/producto\/santero-moscato-spumante\/","title":{"rendered":"Santero Moscato Spumante"},"content":{"rendered":"<p class=\"\" data-start=\"0\" data-end=\"381\"><strong data-start=\"0\" data-end=\"28\">Santero Moscato Spumante<\/strong> \u00e9s un <strong data-start=\"35\" data-end=\"56\">vi espum\u00f3s itali\u00e0<\/strong> elaborat amb <strong data-start=\"70\" data-end=\"86\">ra\u00efm Moscato<\/strong>, conegut per la seva <strong data-start=\"108\" data-end=\"119\">frescor<\/strong> i el seu <strong data-start=\"129\" data-end=\"155\">sabor dol\u00e7 i afruitada<\/strong>. La seva <strong data-start=\"165\" data-end=\"195\">bombolla fina i persistent<\/strong> el fa ideal com a <strong data-start=\"214\" data-end=\"226\">aperitiu<\/strong> o per acompanyar <strong data-start=\"244\" data-end=\"255\">postres<\/strong>. El seu <strong data-start=\"264\" data-end=\"297\">car\u00e0cter lleuger i refrescant<\/strong> el converteix en una opci\u00f3 perfecta per a <strong data-start=\"340\" data-end=\"356\">celebracions<\/strong> i <strong data-start=\"359\" data-end=\"380\">moments especials<\/strong>.<\/p>\n<h3 class=\"\" data-start=\"388\" data-end=\"424\"><strong data-start=\"392\" data-end=\"424\">Caracter\u00edstiques principals:<\/strong><\/h3>\n<ul data-start=\"425\" data-end=\"966\">\n<li class=\"\" data-start=\"425\" data-end=\"445\">\n<p class=\"\" data-start=\"427\" data-end=\"445\"><strong data-start=\"427\" data-end=\"438\">Origen:<\/strong> It\u00e0lia<\/p>\n<\/li>\n<li class=\"\" data-start=\"446\" data-end=\"481\">\n<p class=\"\" data-start=\"448\" data-end=\"481\"><strong data-start=\"448\" data-end=\"458\">Tipus:<\/strong> <strong data-start=\"459\" data-end=\"481\">Vi espum\u00f3s Moscato<\/strong><\/p>\n<\/li>\n<li class=\"\" data-start=\"482\" data-end=\"517\">\n<p class=\"\" data-start=\"484\" data-end=\"517\"><strong data-start=\"484\" data-end=\"505\">Varietat de ra\u00efm:<\/strong> <strong data-start=\"506\" data-end=\"517\">Moscato<\/strong><\/p>\n<\/li>\n<li class=\"\" data-start=\"518\" data-end=\"574\">\n<p class=\"\" data-start=\"520\" data-end=\"574\"><strong data-start=\"520\" data-end=\"545\">Graduaci\u00f3 alcoh\u00f2lica:<\/strong> Aproximadament <strong data-start=\"561\" data-end=\"574\">5.5% vol.<\/strong><\/p>\n<\/li>\n<li class=\"\" data-start=\"575\" data-end=\"629\">\n<p class=\"\" data-start=\"577\" data-end=\"629\"><strong data-start=\"577\" data-end=\"587\">Color:<\/strong> <strong data-start=\"588\" data-end=\"604\">Groc p\u00e0l\u00b7lid<\/strong> amb <strong data-start=\"609\" data-end=\"629\">reflexos daurats<\/strong><\/p>\n<\/li>\n<li class=\"\" data-start=\"630\" data-end=\"765\">\n<p class=\"\" data-start=\"632\" data-end=\"765\"><strong data-start=\"632\" data-end=\"642\">Aroma:<\/strong> <strong data-start=\"643\" data-end=\"661\">Intens i fresc<\/strong>, amb notes de <strong data-start=\"676\" data-end=\"697\">fruites tropicals<\/strong> com <strong data-start=\"702\" data-end=\"713\">pr\u00e9ssec<\/strong>, <strong data-start=\"715\" data-end=\"727\">melocot\u00f3<\/strong> i <strong data-start=\"730\" data-end=\"741\">c\u00edtrics<\/strong>, a m\u00e9s de tocs florals.<\/p>\n<\/li>\n<li class=\"\" data-start=\"766\" data-end=\"867\">\n<p class=\"\" data-start=\"768\" data-end=\"867\"><strong data-start=\"768\" data-end=\"778\">Sabor:<\/strong> <strong data-start=\"779\" data-end=\"804\">Dol\u00e7, afruitat i suau<\/strong>, amb una <strong data-start=\"814\" data-end=\"835\">bombolla lleugera<\/strong> que aporta frescor i vivacitat.<\/p>\n<\/li>\n<li class=\"\" data-start=\"868\" data-end=\"966\">\n<p class=\"\" data-start=\"870\" data-end=\"966\"><strong data-start=\"870\" data-end=\"880\">Final:<\/strong> <strong data-start=\"881\" data-end=\"895\">Refrescant<\/strong>, amb un toc subtilment <strong data-start=\"919\" data-end=\"927\">dol\u00e7<\/strong> i <strong data-start=\"930\" data-end=\"942\">afruitat<\/strong> que perdura al paladar.<\/p>\n<\/li>\n<\/ul>\n<h3 class=\"\" data-start=\"973\" data-end=\"997\"><strong data-start=\"977\" data-end=\"997\">Usos recomanats:<\/strong><\/h3>\n<p class=\"\" data-start=\"998\" data-end=\"1261\">\u00a0<strong data-start=\"1000\" data-end=\"1035\">Perfecte per acompanyar postres<\/strong> com <strong data-start=\"1040\" data-end=\"1050\">tartes<\/strong>, <strong data-start=\"1052\" data-end=\"1062\">gelats<\/strong>, <strong data-start=\"1064\" data-end=\"1077\">pastissos<\/strong> o <strong data-start=\"1080\" data-end=\"1100\">fruites fresques<\/strong>.<br data-start=\"1101\" data-end=\"1104\" \/>\u00a0<strong data-start=\"1106\" data-end=\"1130\">Ideal com a aperitiu<\/strong> en <strong data-start=\"1134\" data-end=\"1150\">celebracions<\/strong>, <strong data-start=\"1152\" data-end=\"1161\">bodes<\/strong> i <strong data-start=\"1164\" data-end=\"1191\">esdeveniments especials<\/strong>.<br data-start=\"1192\" data-end=\"1195\" data-is-only-node=\"\" \/>\u00a0<strong data-start=\"1197\" data-end=\"1216\">Servir ben fred<\/strong> o amb <strong data-start=\"1223\" data-end=\"1230\">gel<\/strong> per potenciar la seva frescor.<\/p>\n<h3 class=\"\" data-start=\"1268\" data-end=\"1288\"><strong data-start=\"1272\" data-end=\"1288\">Conservaci\u00f3:<\/strong><\/h3>\n<ul data-start=\"1289\" data-end=\"1457\">\n<li class=\"\" data-start=\"1289\" data-end=\"1355\">\n<p class=\"\" data-start=\"1291\" data-end=\"1355\"><strong data-start=\"1291\" data-end=\"1325\">Guardar en un lloc fresc i sec<\/strong>, allunyat de la llum directa.<\/p>\n<\/li>\n<li class=\"\" data-start=\"1356\" data-end=\"1457\">\n<p class=\"\" data-start=\"1358\" data-end=\"1457\"><strong data-start=\"1358\" data-end=\"1385\">Consumir dins de 2 anys<\/strong> posteriors a la compra per gaudir de la seva frescor i bombolles fines.<\/p>\n<\/li>\n<\/ul>\n<p class=\"\" data-start=\"1464\" data-end=\"1643\">\ud83c\udf47 <strong data-start=\"1467\" data-end=\"1495\">Santero Moscato Spumante<\/strong> \u00e9s una opci\u00f3 perfecta per aquells que busquen una beguda <strong data-start=\"1553\" data-end=\"1577\">lleugera, refrescant<\/strong> i <strong data-start=\"1580\" data-end=\"1589\">dol\u00e7a<\/strong>, ideal per <strong data-start=\"1601\" data-end=\"1613\">celebrar<\/strong> o gaudir en qualsevol ocasi\u00f3.<\/p>\n","protected":false},"excerpt":{"rendered":"<p>Santero Moscato Spumante \u00e9s un vi espum\u00f3s itali\u00e0 elaborat amb ra\u00efm Moscato, conegut per la seva frescor i el seu sabor dol\u00e7 i afruitada. La seva bombolla fina i persistent el fa ideal com a aperitiu o per acompanyar postres. El seu car\u00e0cter lleuger i refrescant el converteix en una opci\u00f3 perfecta per a celebracions&hellip;<\/p>\n","protected":false},"featured_media":96127,"comment_status":"closed","ping_status":"closed","template":"","meta":{"_acf_changed":false},"pwb-brand":[33005],"product_brand":[],"product_cat":[51670,51672],"product_tag":[16285,15101,17055],"class_list":{"0":"post-96130","1":"product","2":"type-product","3":"status-publish","4":"has-post-thumbnail","6":"pwb-brand-vinos-de-italia","7":"product_cat-vi","8":"product_cat-vi-blanc","9":"product_tag-asti-ca","10":"product_tag-italia-ca","11":"product_tag-sweet-ca","12":"pa_bodega-bodegasantero-ca","13":"pa_do-moscato-dasti-d-o-c-g-2","14":"pa_formatoenml-38306","15":"pa_graduacion-6_5","16":"pa_pais-italia-ca-2","17":"pa_pueblociudad-sanstefanobelbo","18":"pa_region-piemonte","19":"pa_variedad-principal-muscat-ca-2","20":"entry","21":"has-media","23":"first","24":"instock","25":"taxable","26":"shipping-taxable","27":"purchasable","28":"product-type-simple"},"acf":[],"yoast_head":"<!-- This site is optimized with the Yoast SEO Premium plugin v23.1 (Yoast SEO v23.5) - https:\/\/yoast.com\/wordpress\/plugins\/seo\/ -->\n<title>Santero Moscato vi blanc<\/title>\n<meta name=\"description\" content=\"Comprar online al millor preu vi blanc d&#039;arreu del m\u00f3n.\" \/>\n<meta name=\"robots\" content=\"noindex, follow, max-snippet:-1, max-image-preview:large, max-video-preview:-1\" \/>\n<meta property=\"og:locale\" content=\"ca_ES\" \/>\n<meta property=\"og:type\" content=\"article\" \/>\n<meta property=\"og:title\" content=\"Santero Moscato Spumante\" \/>\n<meta property=\"og:description\" content=\"Comprar online al millor preu vi blanc d&#039;arreu del m\u00f3n.\" \/>\n<meta property=\"og:url\" content=\"https:\/\/aral2.cetrexmarketing.com\/ca\/producto\/santero-moscato-spumante\/\" \/>\n<meta property=\"og:site_name\" content=\"M\u00f3n La Cata\" \/>\n<meta property=\"article:modified_time\" content=\"2025-05-27T07:22:05+00:00\" \/>\n<meta property=\"og:image\" content=\"https:\/\/aral2.cetrexmarketing.com\/wp-content\/uploads\/2025\/05\/Santero-Moscato-Spumante.jpg-1.png\" \/>\n\t<meta property=\"og:image:width\" content=\"765\" \/>\n\t<meta property=\"og:image:height\" content=\"1024\" \/>\n\t<meta property=\"og:image:type\" content=\"image\/png\" \/>\n<meta name=\"twitter:card\" content=\"summary_large_image\" \/>\n<meta name=\"twitter:label1\" content=\"Temps estimat de lectura\" \/>\n\t<meta name=\"twitter:data1\" content=\"2 minuts\" \/>\n<script type=\"application\/ld+json\" class=\"yoast-schema-graph\">{\"@context\":\"https:\/\/schema.org\",\"@graph\":[{\"@type\":\"WebPage\",\"@id\":\"https:\/\/aral2.cetrexmarketing.com\/ca\/producto\/santero-moscato-spumante\/\",\"url\":\"https:\/\/aral2.cetrexmarketing.com\/ca\/producto\/santero-moscato-spumante\/\",\"name\":\"Santero Moscato vi blanc\",\"isPartOf\":{\"@id\":\"https:\/\/aral2.cetrexmarketing.com\/#website\"},\"primaryImageOfPage\":{\"@id\":\"https:\/\/aral2.cetrexmarketing.com\/ca\/producto\/santero-moscato-spumante\/#primaryimage\"},\"image\":{\"@id\":\"https:\/\/aral2.cetrexmarketing.com\/ca\/producto\/santero-moscato-spumante\/#primaryimage\"},\"thumbnailUrl\":\"https:\/\/aral2.cetrexmarketing.com\/wp-content\/uploads\/2025\/05\/Santero-Moscato-Spumante.jpg-1.png\",\"datePublished\":\"2025-05-26T05:43:24+00:00\",\"dateModified\":\"2025-05-27T07:22:05+00:00\",\"description\":\"Comprar online al millor preu vi blanc d'arreu del m\u00f3n.\",\"breadcrumb\":{\"@id\":\"https:\/\/aral2.cetrexmarketing.com\/ca\/producto\/santero-moscato-spumante\/#breadcrumb\"},\"inLanguage\":\"ca\",\"potentialAction\":[{\"@type\":\"ReadAction\",\"target\":[\"https:\/\/aral2.cetrexmarketing.com\/ca\/producto\/santero-moscato-spumante\/\"]}]},{\"@type\":\"ImageObject\",\"inLanguage\":\"ca\",\"@id\":\"https:\/\/aral2.cetrexmarketing.com\/ca\/producto\/santero-moscato-spumante\/#primaryimage\",\"url\":\"https:\/\/aral2.cetrexmarketing.com\/wp-content\/uploads\/2025\/05\/Santero-Moscato-Spumante.jpg-1.png\",\"contentUrl\":\"https:\/\/aral2.cetrexmarketing.com\/wp-content\/uploads\/2025\/05\/Santero-Moscato-Spumante.jpg-1.png\",\"width\":765,\"height\":1024},{\"@type\":\"BreadcrumbList\",\"@id\":\"https:\/\/aral2.cetrexmarketing.com\/ca\/producto\/santero-moscato-spumante\/#breadcrumb\",\"itemListElement\":[{\"@type\":\"ListItem\",\"position\":1,\"name\":\"Home\",\"item\":\"https:\/\/aral2.cetrexmarketing.com\/ca\/\"},{\"@type\":\"ListItem\",\"position\":2,\"name\":\"Tienda\",\"item\":\"https:\/\/aral2.cetrexmarketing.com\/ca\/tienda-2\/\"},{\"@type\":\"ListItem\",\"position\":3,\"name\":\"Vi\",\"item\":\"https:\/\/aral2.cetrexmarketing.com\/categoria-producto\/vi\/\"},{\"@type\":\"ListItem\",\"position\":4,\"name\":\"Vi Blanc\",\"item\":\"https:\/\/aral2.cetrexmarketing.com\/categoria-producto\/vi\/vi-blanc\/\"},{\"@type\":\"ListItem\",\"position\":5,\"name\":\"Santero Moscato Spumante\"}]},{\"@type\":\"WebSite\",\"@id\":\"https:\/\/aral2.cetrexmarketing.com\/#website\",\"url\":\"https:\/\/aral2.cetrexmarketing.com\/\",\"name\":\"M\u00f3n La Cata\",\"description\":\"Tienda de vinos, licores, cervezas y gourmet\",\"publisher\":{\"@id\":\"https:\/\/aral2.cetrexmarketing.com\/#organization\"},\"potentialAction\":[{\"@type\":\"SearchAction\",\"target\":{\"@type\":\"EntryPoint\",\"urlTemplate\":\"https:\/\/aral2.cetrexmarketing.com\/?s={search_term_string}\"},\"query-input\":{\"@type\":\"PropertyValueSpecification\",\"valueRequired\":true,\"valueName\":\"search_term_string\"}}],\"inLanguage\":\"ca\"},{\"@type\":\"Organization\",\"@id\":\"https:\/\/aral2.cetrexmarketing.com\/#organization\",\"name\":\"M\u00f3n La Cata\",\"url\":\"https:\/\/aral2.cetrexmarketing.com\/\",\"logo\":{\"@type\":\"ImageObject\",\"inLanguage\":\"ca\",\"@id\":\"https:\/\/aral2.cetrexmarketing.com\/#\/schema\/logo\/image\/\",\"url\":\"https:\/\/aral2.cetrexmarketing.com\/wp-content\/uploads\/2024\/10\/aral-logo-neg-1024x409-1.png\",\"contentUrl\":\"https:\/\/aral2.cetrexmarketing.com\/wp-content\/uploads\/2024\/10\/aral-logo-neg-1024x409-1.png\",\"width\":1024,\"height\":409,\"caption\":\"M\u00f3n La Cata\"},\"image\":{\"@id\":\"https:\/\/aral2.cetrexmarketing.com\/#\/schema\/logo\/image\/\"}}]}<\/script>\n<!-- \/ Yoast SEO Premium plugin. -->","yoast_head_json":{"title":"Santero Moscato vi blanc","description":"Comprar online al millor preu vi blanc d'arreu del m\u00f3n.","robots":{"index":"noindex","follow":"follow","max-snippet":"max-snippet:-1","max-image-preview":"max-image-preview:large","max-video-preview":"max-video-preview:-1"},"og_locale":"ca_ES","og_type":"article","og_title":"Santero Moscato Spumante","og_description":"Comprar online al millor preu vi blanc d'arreu del m\u00f3n.","og_url":"https:\/\/aral2.cetrexmarketing.com\/ca\/producto\/santero-moscato-spumante\/","og_site_name":"M\u00f3n La Cata","article_modified_time":"2025-05-27T07:22:05+00:00","og_image":[{"width":765,"height":1024,"url":"https:\/\/aral2.cetrexmarketing.com\/wp-content\/uploads\/2025\/05\/Santero-Moscato-Spumante.jpg-1.png","type":"image\/png"}],"twitter_card":"summary_large_image","twitter_misc":{"Temps estimat de lectura":"2 minuts"},"schema":{"@context":"https:\/\/schema.org","@graph":[{"@type":"WebPage","@id":"https:\/\/aral2.cetrexmarketing.com\/ca\/producto\/santero-moscato-spumante\/","url":"https:\/\/aral2.cetrexmarketing.com\/ca\/producto\/santero-moscato-spumante\/","name":"Santero Moscato vi blanc","isPartOf":{"@id":"https:\/\/aral2.cetrexmarketing.com\/#website"},"primaryImageOfPage":{"@id":"https:\/\/aral2.cetrexmarketing.com\/ca\/producto\/santero-moscato-spumante\/#primaryimage"},"image":{"@id":"https:\/\/aral2.cetrexmarketing.com\/ca\/producto\/santero-moscato-spumante\/#primaryimage"},"thumbnailUrl":"https:\/\/aral2.cetrexmarketing.com\/wp-content\/uploads\/2025\/05\/Santero-Moscato-Spumante.jpg-1.png","datePublished":"2025-05-26T05:43:24+00:00","dateModified":"2025-05-27T07:22:05+00:00","description":"Comprar online al millor preu vi blanc d'arreu del m\u00f3n.","breadcrumb":{"@id":"https:\/\/aral2.cetrexmarketing.com\/ca\/producto\/santero-moscato-spumante\/#breadcrumb"},"inLanguage":"ca","potentialAction":[{"@type":"ReadAction","target":["https:\/\/aral2.cetrexmarketing.com\/ca\/producto\/santero-moscato-spumante\/"]}]},{"@type":"ImageObject","inLanguage":"ca","@id":"https:\/\/aral2.cetrexmarketing.com\/ca\/producto\/santero-moscato-spumante\/#primaryimage","url":"https:\/\/aral2.cetrexmarketing.com\/wp-content\/uploads\/2025\/05\/Santero-Moscato-Spumante.jpg-1.png","contentUrl":"https:\/\/aral2.cetrexmarketing.com\/wp-content\/uploads\/2025\/05\/Santero-Moscato-Spumante.jpg-1.png","width":765,"height":1024},{"@type":"BreadcrumbList","@id":"https:\/\/aral2.cetrexmarketing.com\/ca\/producto\/santero-moscato-spumante\/#breadcrumb","itemListElement":[{"@type":"ListItem","position":1,"name":"Home","item":"https:\/\/aral2.cetrexmarketing.com\/ca\/"},{"@type":"ListItem","position":2,"name":"Tienda","item":"https:\/\/aral2.cetrexmarketing.com\/ca\/tienda-2\/"},{"@type":"ListItem","position":3,"name":"Vi","item":"https:\/\/aral2.cetrexmarketing.com\/categoria-producto\/vi\/"},{"@type":"ListItem","position":4,"name":"Vi Blanc","item":"https:\/\/aral2.cetrexmarketing.com\/categoria-producto\/vi\/vi-blanc\/"},{"@type":"ListItem","position":5,"name":"Santero Moscato Spumante"}]},{"@type":"WebSite","@id":"https:\/\/aral2.cetrexmarketing.com\/#website","url":"https:\/\/aral2.cetrexmarketing.com\/","name":"M\u00f3n La Cata","description":"Tienda de vinos, licores, cervezas y gourmet","publisher":{"@id":"https:\/\/aral2.cetrexmarketing.com\/#organization"},"potentialAction":[{"@type":"SearchAction","target":{"@type":"EntryPoint","urlTemplate":"https:\/\/aral2.cetrexmarketing.com\/?s={search_term_string}"},"query-input":{"@type":"PropertyValueSpecification","valueRequired":true,"valueName":"search_term_string"}}],"inLanguage":"ca"},{"@type":"Organization","@id":"https:\/\/aral2.cetrexmarketing.com\/#organization","name":"M\u00f3n La Cata","url":"https:\/\/aral2.cetrexmarketing.com\/","logo":{"@type":"ImageObject","inLanguage":"ca","@id":"https:\/\/aral2.cetrexmarketing.com\/#\/schema\/logo\/image\/","url":"https:\/\/aral2.cetrexmarketing.com\/wp-content\/uploads\/2024\/10\/aral-logo-neg-1024x409-1.png","contentUrl":"https:\/\/aral2.cetrexmarketing.com\/wp-content\/uploads\/2024\/10\/aral-logo-neg-1024x409-1.png","width":1024,"height":409,"caption":"M\u00f3n La Cata"},"image":{"@id":"https:\/\/aral2.cetrexmarketing.com\/#\/schema\/logo\/image\/"}}]}},"brands":[{"id":33005,"name":"Vinos de Italia","slug":"vinos-de-italia"}],"_links":{"self":[{"href":"https:\/\/aral2.cetrexmarketing.com\/ca\/wp-json\/wp\/v2\/product\/96130","targetHints":{"allow":["GET"]}}],"collection":[{"href":"https:\/\/aral2.cetrexmarketing.com\/ca\/wp-json\/wp\/v2\/product"}],"about":[{"href":"https:\/\/aral2.cetrexmarketing.com\/ca\/wp-json\/wp\/v2\/types\/product"}],"replies":[{"embeddable":true,"href":"https:\/\/aral2.cetrexmarketing.com\/ca\/wp-json\/wp\/v2\/comments?post=96130"}],"wp:featuredmedia":[{"embeddable":true,"href":"https:\/\/aral2.cetrexmarketing.com\/ca\/wp-json\/wp\/v2\/media\/96127"}],"wp:attachment":[{"href":"https:\/\/aral2.cetrexmarketing.com\/ca\/wp-json\/wp\/v2\/media?parent=96130"}],"wp:term":[{"taxonomy":"pwb-brand","embeddable":true,"href":"https:\/\/aral2.cetrexmarketing.com\/ca\/wp-json\/wp\/v2\/pwb-brand?post=96130"},{"taxonomy":"product_brand","embeddable":true,"href":"https:\/\/aral2.cetrexmarketing.com\/ca\/wp-json\/wp\/v2\/product_brand?post=96130"},{"taxonomy":"product_cat","embeddable":true,"href":"https:\/\/aral2.cetrexmarketing.com\/ca\/wp-json\/wp\/v2\/product_cat?post=96130"},{"taxonomy":"product_tag","embeddable":true,"href":"https:\/\/aral2.cetrexmarketing.com\/ca\/wp-json\/wp\/v2\/product_tag?post=96130"}],"curies":[{"name":"wp","href":"https:\/\/api.w.org\/{rel}","templated":true}]}}