{"id":95613,"date":"2025-05-26T05:38:13","date_gmt":"2025-05-26T05:38:13","guid":{"rendered":"https:\/\/aral2.cetrexmarketing.com\/producto\/albarino-fillaboa\/"},"modified":"2025-05-27T07:20:31","modified_gmt":"2025-05-27T07:20:31","slug":"albarino-fillaboa","status":"publish","type":"product","link":"https:\/\/aral2.cetrexmarketing.com\/ca\/producto\/albarino-fillaboa\/","title":{"rendered":"Albari\u00f1o Fillaboa"},"content":{"rendered":"<p><strong>L&#8217;Albari\u00f1o Fillaboa<\/strong> \u00e9s una joia vin\u00edcola que reflecteix l&#8217;ess\u00e8ncia de la regi\u00f3 de les <strong>R\u00edas Baixas<\/strong>, a Gal\u00edcia, Espanya. Conegut per la seva frescor i car\u00e0cter mineral, aquest vi blanc \u00e9s el resultat d&#8217;una elaboraci\u00f3 acurada que ressalta les qualitats \u00faniques de la varietat de ra\u00efm <strong>Albari\u00f1o<\/strong>.<br \/>L&#8217;elaboraci\u00f3 de l&#8217;Albari\u00f1o Fillaboa comen\u00e7a a les vinyes del celler, situades en un entorn privilegiat proper al riu Mi\u00f1o. Aqu\u00ed, els ra\u00efms Albari\u00f1o es cultiven en s\u00f2ls gran\u00edtics i sota la influ\u00e8ncia del clima atl\u00e0ntic, que proporciona la frescor i l&#8217;acidesa caracter\u00edstiques d&#8217;aquest vi.<br \/>Un cop els ra\u00efms arriben al seu punt \u00f2ptim de maduraci\u00f3, s\u00f3n seleccionats i veremats manualment. A continuaci\u00f3, es realitza un premsat suau dels ra\u00efms per extreure el most, que fermenta en dip\u00f2sits d&#8217;acer inoxidable a temperatura controlada. Aquest proc\u00e9s permet preservar els aromes i sabors afruitats de l&#8217;Albari\u00f1o, aix\u00ed com la seva frescor natural.<br \/>Despr\u00e9s de la fermentaci\u00f3, el vi es sotmet a un per\u00edode de rep\u00f2s en contacte amb les seves lies fines, cosa que li aporta una major complexitat i textura en boca. Finalment, l&#8217;Albari\u00f1o Fillaboa s&#8217;embotella i es deixa reposar abans de sortir al mercat, permetent que els seus sabors s&#8217;integrin i s&#8217;assuavitzin encara m\u00e9s.<br \/>El resultat \u00e9s un Albari\u00f1o Fillaboa de gran qualitat, amb aromes intensos de fruites blanques i c\u00edtriques, notes florals i un toc mineral. En boca, \u00e9s fresc, equilibrat i persistent, amb una acidesa vibrant que el fa perfecte per acompanyar marisc, peix i plats de la cuina gallega.<\/p>\n","protected":false},"excerpt":{"rendered":"<p><strong>L&#8217;Albari\u00f1o Fillaboa<\/strong> \u00e9s una joia vin\u00edcola que reflecteix l&#8217;ess\u00e8ncia de la regi\u00f3 de les <strong>R\u00edas Baixas,<\/strong> a Gal\u00edcia, Espanya. Conegut per la seva frescor i car\u00e0cter mineral, aquest vi blanc \u00e9s el resultat d&#8217;una elaboraci\u00f3 acurada que ressalta les qualitats \u00faniques de la varietat de ra\u00efm <strong>Albari\u00f1o<\/strong>.  <\/p>\n","protected":false},"featured_media":95610,"comment_status":"closed","ping_status":"closed","template":"","meta":{"_acf_changed":false},"pwb-brand":[],"product_brand":[],"product_cat":[51670,51672],"product_tag":[15095,52410,17900,17895,15096,17901],"class_list":{"0":"post-95613","1":"product","2":"type-product","3":"status-publish","4":"has-post-thumbnail","6":"product_cat-vi","7":"product_cat-vi-blanc","8":"product_tag-albarino-ca","9":"product_tag-albarino-fillaboa-2","10":"product_tag-fillaboa-ca","11":"product_tag-masaveu-ca","12":"product_tag-rias-baixas-ca","13":"product_tag-salvaterra-de-mino-ca","14":"pa_anada-45483","15":"pa_bodega-bodegas-fillaboa","16":"pa_do-riasbaixasdo-ca","17":"pa_formatoenml-38306","18":"pa_gastronomico-blanc-gastronomic","19":"pa_graduacion-12_5","20":"pa_maridaje-peix","21":"pa_pueblociudad-salvaterrademinopontevedra","22":"pa_variedad-principal-albarino-ca","23":"entry","24":"has-media","26":"first","27":"instock","28":"taxable","29":"shipping-taxable","30":"purchasable","31":"product-type-simple"},"acf":[],"yoast_head":"<!-- This site is optimized with the Yoast SEO Premium plugin v23.1 (Yoast SEO v23.5) - https:\/\/yoast.com\/wordpress\/plugins\/seo\/ -->\n<title>Albari\u00f1o Fillaboa<\/title>\n<meta name=\"description\" content=\"Comprar online el vi blanc Albari\u00f1o Fillaboa de la DO R\u00edas Baixas. Web especialitzada en vins, destil\u00b7lats i alimentaci\u00f3 gurmet.\" \/>\n<meta name=\"robots\" content=\"noindex, follow, max-snippet:-1, max-image-preview:large, max-video-preview:-1\" \/>\n<meta property=\"og:locale\" content=\"ca_ES\" \/>\n<meta property=\"og:type\" content=\"article\" \/>\n<meta property=\"og:title\" content=\"Albari\u00f1o Fillaboa\" \/>\n<meta property=\"og:description\" content=\"Comprar online el vi blanc Albari\u00f1o Fillaboa de la DO R\u00edas Baixas. Web especialitzada en vins, destil\u00b7lats i alimentaci\u00f3 gurmet.\" \/>\n<meta property=\"og:url\" content=\"https:\/\/aral2.cetrexmarketing.com\/ca\/producto\/albarino-fillaboa\/\" \/>\n<meta property=\"og:site_name\" content=\"M\u00f3n La Cata\" \/>\n<meta property=\"article:modified_time\" content=\"2025-05-27T07:20:31+00:00\" \/>\n<meta property=\"og:image\" content=\"https:\/\/aral2.cetrexmarketing.com\/wp-content\/uploads\/2025\/05\/ALBARINO-FILLABOA.jpg.png\" \/>\n\t<meta property=\"og:image:width\" content=\"765\" \/>\n\t<meta property=\"og:image:height\" content=\"1024\" \/>\n\t<meta property=\"og:image:type\" content=\"image\/png\" \/>\n<meta name=\"twitter:card\" content=\"summary_large_image\" \/>\n<meta name=\"twitter:label1\" content=\"Temps estimat de lectura\" \/>\n\t<meta name=\"twitter:data1\" content=\"1 minut\" \/>\n<script type=\"application\/ld+json\" class=\"yoast-schema-graph\">{\"@context\":\"https:\/\/schema.org\",\"@graph\":[{\"@type\":\"WebPage\",\"@id\":\"https:\/\/aral2.cetrexmarketing.com\/ca\/producto\/albarino-fillaboa\/\",\"url\":\"https:\/\/aral2.cetrexmarketing.com\/ca\/producto\/albarino-fillaboa\/\",\"name\":\"Albari\u00f1o Fillaboa\",\"isPartOf\":{\"@id\":\"https:\/\/aral2.cetrexmarketing.com\/#website\"},\"primaryImageOfPage\":{\"@id\":\"https:\/\/aral2.cetrexmarketing.com\/ca\/producto\/albarino-fillaboa\/#primaryimage\"},\"image\":{\"@id\":\"https:\/\/aral2.cetrexmarketing.com\/ca\/producto\/albarino-fillaboa\/#primaryimage\"},\"thumbnailUrl\":\"https:\/\/aral2.cetrexmarketing.com\/wp-content\/uploads\/2025\/05\/ALBARINO-FILLABOA.jpg.png\",\"datePublished\":\"2025-05-26T05:38:13+00:00\",\"dateModified\":\"2025-05-27T07:20:31+00:00\",\"description\":\"Comprar online el vi blanc Albari\u00f1o Fillaboa de la DO R\u00edas Baixas. Web especialitzada en vins, destil\u00b7lats i alimentaci\u00f3 gurmet.\",\"breadcrumb\":{\"@id\":\"https:\/\/aral2.cetrexmarketing.com\/ca\/producto\/albarino-fillaboa\/#breadcrumb\"},\"inLanguage\":\"ca\",\"potentialAction\":[{\"@type\":\"ReadAction\",\"target\":[\"https:\/\/aral2.cetrexmarketing.com\/ca\/producto\/albarino-fillaboa\/\"]}]},{\"@type\":\"ImageObject\",\"inLanguage\":\"ca\",\"@id\":\"https:\/\/aral2.cetrexmarketing.com\/ca\/producto\/albarino-fillaboa\/#primaryimage\",\"url\":\"https:\/\/aral2.cetrexmarketing.com\/wp-content\/uploads\/2025\/05\/ALBARINO-FILLABOA.jpg.png\",\"contentUrl\":\"https:\/\/aral2.cetrexmarketing.com\/wp-content\/uploads\/2025\/05\/ALBARINO-FILLABOA.jpg.png\",\"width\":765,\"height\":1024},{\"@type\":\"BreadcrumbList\",\"@id\":\"https:\/\/aral2.cetrexmarketing.com\/ca\/producto\/albarino-fillaboa\/#breadcrumb\",\"itemListElement\":[{\"@type\":\"ListItem\",\"position\":1,\"name\":\"Home\",\"item\":\"https:\/\/aral2.cetrexmarketing.com\/ca\/\"},{\"@type\":\"ListItem\",\"position\":2,\"name\":\"Tienda\",\"item\":\"https:\/\/aral2.cetrexmarketing.com\/ca\/tienda-2\/\"},{\"@type\":\"ListItem\",\"position\":3,\"name\":\"Vi\",\"item\":\"https:\/\/aral2.cetrexmarketing.com\/categoria-producto\/vi\/\"},{\"@type\":\"ListItem\",\"position\":4,\"name\":\"Vi Blanc\",\"item\":\"https:\/\/aral2.cetrexmarketing.com\/categoria-producto\/vi\/vi-blanc\/\"},{\"@type\":\"ListItem\",\"position\":5,\"name\":\"Albari\u00f1o Fillaboa\"}]},{\"@type\":\"WebSite\",\"@id\":\"https:\/\/aral2.cetrexmarketing.com\/#website\",\"url\":\"https:\/\/aral2.cetrexmarketing.com\/\",\"name\":\"M\u00f3n La Cata\",\"description\":\"Tienda de vinos, licores, cervezas y gourmet\",\"publisher\":{\"@id\":\"https:\/\/aral2.cetrexmarketing.com\/#organization\"},\"potentialAction\":[{\"@type\":\"SearchAction\",\"target\":{\"@type\":\"EntryPoint\",\"urlTemplate\":\"https:\/\/aral2.cetrexmarketing.com\/?s={search_term_string}\"},\"query-input\":{\"@type\":\"PropertyValueSpecification\",\"valueRequired\":true,\"valueName\":\"search_term_string\"}}],\"inLanguage\":\"ca\"},{\"@type\":\"Organization\",\"@id\":\"https:\/\/aral2.cetrexmarketing.com\/#organization\",\"name\":\"M\u00f3n La Cata\",\"url\":\"https:\/\/aral2.cetrexmarketing.com\/\",\"logo\":{\"@type\":\"ImageObject\",\"inLanguage\":\"ca\",\"@id\":\"https:\/\/aral2.cetrexmarketing.com\/#\/schema\/logo\/image\/\",\"url\":\"https:\/\/aral2.cetrexmarketing.com\/wp-content\/uploads\/2024\/10\/aral-logo-neg-1024x409-1.png\",\"contentUrl\":\"https:\/\/aral2.cetrexmarketing.com\/wp-content\/uploads\/2024\/10\/aral-logo-neg-1024x409-1.png\",\"width\":1024,\"height\":409,\"caption\":\"M\u00f3n La Cata\"},\"image\":{\"@id\":\"https:\/\/aral2.cetrexmarketing.com\/#\/schema\/logo\/image\/\"}}]}<\/script>\n<!-- \/ Yoast SEO Premium plugin. -->","yoast_head_json":{"title":"Albari\u00f1o Fillaboa","description":"Comprar online el vi blanc Albari\u00f1o Fillaboa de la DO R\u00edas Baixas. Web especialitzada en vins, destil\u00b7lats i alimentaci\u00f3 gurmet.","robots":{"index":"noindex","follow":"follow","max-snippet":"max-snippet:-1","max-image-preview":"max-image-preview:large","max-video-preview":"max-video-preview:-1"},"og_locale":"ca_ES","og_type":"article","og_title":"Albari\u00f1o Fillaboa","og_description":"Comprar online el vi blanc Albari\u00f1o Fillaboa de la DO R\u00edas Baixas. Web especialitzada en vins, destil\u00b7lats i alimentaci\u00f3 gurmet.","og_url":"https:\/\/aral2.cetrexmarketing.com\/ca\/producto\/albarino-fillaboa\/","og_site_name":"M\u00f3n La Cata","article_modified_time":"2025-05-27T07:20:31+00:00","og_image":[{"width":765,"height":1024,"url":"https:\/\/aral2.cetrexmarketing.com\/wp-content\/uploads\/2025\/05\/ALBARINO-FILLABOA.jpg.png","type":"image\/png"}],"twitter_card":"summary_large_image","twitter_misc":{"Temps estimat de lectura":"1 minut"},"schema":{"@context":"https:\/\/schema.org","@graph":[{"@type":"WebPage","@id":"https:\/\/aral2.cetrexmarketing.com\/ca\/producto\/albarino-fillaboa\/","url":"https:\/\/aral2.cetrexmarketing.com\/ca\/producto\/albarino-fillaboa\/","name":"Albari\u00f1o Fillaboa","isPartOf":{"@id":"https:\/\/aral2.cetrexmarketing.com\/#website"},"primaryImageOfPage":{"@id":"https:\/\/aral2.cetrexmarketing.com\/ca\/producto\/albarino-fillaboa\/#primaryimage"},"image":{"@id":"https:\/\/aral2.cetrexmarketing.com\/ca\/producto\/albarino-fillaboa\/#primaryimage"},"thumbnailUrl":"https:\/\/aral2.cetrexmarketing.com\/wp-content\/uploads\/2025\/05\/ALBARINO-FILLABOA.jpg.png","datePublished":"2025-05-26T05:38:13+00:00","dateModified":"2025-05-27T07:20:31+00:00","description":"Comprar online el vi blanc Albari\u00f1o Fillaboa de la DO R\u00edas Baixas. Web especialitzada en vins, destil\u00b7lats i alimentaci\u00f3 gurmet.","breadcrumb":{"@id":"https:\/\/aral2.cetrexmarketing.com\/ca\/producto\/albarino-fillaboa\/#breadcrumb"},"inLanguage":"ca","potentialAction":[{"@type":"ReadAction","target":["https:\/\/aral2.cetrexmarketing.com\/ca\/producto\/albarino-fillaboa\/"]}]},{"@type":"ImageObject","inLanguage":"ca","@id":"https:\/\/aral2.cetrexmarketing.com\/ca\/producto\/albarino-fillaboa\/#primaryimage","url":"https:\/\/aral2.cetrexmarketing.com\/wp-content\/uploads\/2025\/05\/ALBARINO-FILLABOA.jpg.png","contentUrl":"https:\/\/aral2.cetrexmarketing.com\/wp-content\/uploads\/2025\/05\/ALBARINO-FILLABOA.jpg.png","width":765,"height":1024},{"@type":"BreadcrumbList","@id":"https:\/\/aral2.cetrexmarketing.com\/ca\/producto\/albarino-fillaboa\/#breadcrumb","itemListElement":[{"@type":"ListItem","position":1,"name":"Home","item":"https:\/\/aral2.cetrexmarketing.com\/ca\/"},{"@type":"ListItem","position":2,"name":"Tienda","item":"https:\/\/aral2.cetrexmarketing.com\/ca\/tienda-2\/"},{"@type":"ListItem","position":3,"name":"Vi","item":"https:\/\/aral2.cetrexmarketing.com\/categoria-producto\/vi\/"},{"@type":"ListItem","position":4,"name":"Vi Blanc","item":"https:\/\/aral2.cetrexmarketing.com\/categoria-producto\/vi\/vi-blanc\/"},{"@type":"ListItem","position":5,"name":"Albari\u00f1o Fillaboa"}]},{"@type":"WebSite","@id":"https:\/\/aral2.cetrexmarketing.com\/#website","url":"https:\/\/aral2.cetrexmarketing.com\/","name":"M\u00f3n La Cata","description":"Tienda de vinos, licores, cervezas y gourmet","publisher":{"@id":"https:\/\/aral2.cetrexmarketing.com\/#organization"},"potentialAction":[{"@type":"SearchAction","target":{"@type":"EntryPoint","urlTemplate":"https:\/\/aral2.cetrexmarketing.com\/?s={search_term_string}"},"query-input":{"@type":"PropertyValueSpecification","valueRequired":true,"valueName":"search_term_string"}}],"inLanguage":"ca"},{"@type":"Organization","@id":"https:\/\/aral2.cetrexmarketing.com\/#organization","name":"M\u00f3n La Cata","url":"https:\/\/aral2.cetrexmarketing.com\/","logo":{"@type":"ImageObject","inLanguage":"ca","@id":"https:\/\/aral2.cetrexmarketing.com\/#\/schema\/logo\/image\/","url":"https:\/\/aral2.cetrexmarketing.com\/wp-content\/uploads\/2024\/10\/aral-logo-neg-1024x409-1.png","contentUrl":"https:\/\/aral2.cetrexmarketing.com\/wp-content\/uploads\/2024\/10\/aral-logo-neg-1024x409-1.png","width":1024,"height":409,"caption":"M\u00f3n La Cata"},"image":{"@id":"https:\/\/aral2.cetrexmarketing.com\/#\/schema\/logo\/image\/"}}]}},"brands":[],"_links":{"self":[{"href":"https:\/\/aral2.cetrexmarketing.com\/ca\/wp-json\/wp\/v2\/product\/95613","targetHints":{"allow":["GET"]}}],"collection":[{"href":"https:\/\/aral2.cetrexmarketing.com\/ca\/wp-json\/wp\/v2\/product"}],"about":[{"href":"https:\/\/aral2.cetrexmarketing.com\/ca\/wp-json\/wp\/v2\/types\/product"}],"replies":[{"embeddable":true,"href":"https:\/\/aral2.cetrexmarketing.com\/ca\/wp-json\/wp\/v2\/comments?post=95613"}],"wp:featuredmedia":[{"embeddable":true,"href":"https:\/\/aral2.cetrexmarketing.com\/ca\/wp-json\/wp\/v2\/media\/95610"}],"wp:attachment":[{"href":"https:\/\/aral2.cetrexmarketing.com\/ca\/wp-json\/wp\/v2\/media?parent=95613"}],"wp:term":[{"taxonomy":"pwb-brand","embeddable":true,"href":"https:\/\/aral2.cetrexmarketing.com\/ca\/wp-json\/wp\/v2\/pwb-brand?post=95613"},{"taxonomy":"product_brand","embeddable":true,"href":"https:\/\/aral2.cetrexmarketing.com\/ca\/wp-json\/wp\/v2\/product_brand?post=95613"},{"taxonomy":"product_cat","embeddable":true,"href":"https:\/\/aral2.cetrexmarketing.com\/ca\/wp-json\/wp\/v2\/product_cat?post=95613"},{"taxonomy":"product_tag","embeddable":true,"href":"https:\/\/aral2.cetrexmarketing.com\/ca\/wp-json\/wp\/v2\/product_tag?post=95613"}],"curies":[{"name":"wp","href":"https:\/\/api.w.org\/{rel}","templated":true}]}}