{"id":95565,"date":"2025-05-26T05:37:23","date_gmt":"2025-05-26T05:37:23","guid":{"rendered":"https:\/\/aral2.cetrexmarketing.com\/producto\/can-matons-la-vinya-del-music\/"},"modified":"2025-05-27T07:20:11","modified_gmt":"2025-05-27T07:20:11","slug":"can-matons-la-vinya-del-music","status":"publish","type":"product","link":"https:\/\/aral2.cetrexmarketing.com\/ca\/producto\/can-matons-la-vinya-del-music\/","title":{"rendered":"Can Matons La Vinya del Music"},"content":{"rendered":"<p><strong>Can Matons La Vinya del M\u00fasic<\/strong><span class=\"Y2IQFc\" lang=\"ca\"> \u00e9s un vi blanc d&#8217;alta qualitat produ\u00eft a la regi\u00f3 d&#8217;Alella, reconeguda per la tradici\u00f3 vitivin\u00edcola i la proximitat a la Mediterr\u00e0nia.<\/span><\/p>\n<p><span class=\"Y2IQFc\" lang=\"ca\">Aquest vi s&#8217;elabora exclusivament de la varietat Pansa Blanca, concretament criada i recol\u00b7lectada en una de les millors parcel\u00b7les de tota la Denominaci\u00f3 d&#8217;Origen, que en concret est\u00e0 situada a la part interior de la DO, a la comarca del Vall\u00e8s Oriental, element que fa que es produeixi un clima m\u00e9s continental i no tan c\u00e0lid com les zones m\u00e9s properes al mar de la Denominaci\u00f3. <\/span><\/p>\n<p><span class=\"Y2IQFc\" lang=\"ca\">Aquests elements, juntament amb els seus s\u00f2ls calcaris, confereixen a aquest vi de Pansa Blanca una concentraci\u00f3, verticalitat, mineralitat i profunditat espectacular!<\/span><\/p>\n<p><span class=\"Y2IQFc\" lang=\"ca\">Una Pansa Blanca seriosa i molt elegant. De fet, es produeixen molt poques ampolles d&#8217;aquest vi, i la majoria nom\u00e9s es troben als millors restaurants amb estrella.<\/span><\/p>\n<p><span class=\"Y2IQFc\" lang=\"ca\">Per aix\u00f2 Can Matons La Vinya del Music \u00e9s un vi molt exclusiu i especial, que tot amant del vi blanc, que vulgui descobrir un dels millors i emblem\u00e0tics vins de la DO Alella, i coneixer aix\u00ed el pontencial de la varietat Pansa Blanca, no pot deixar escapar l&#8217;oportunitat de provar-lo mentre hi hagi estoc disponible d&#8217;aquesta joia.<\/span><\/p>\n","protected":false},"excerpt":{"rendered":"<p>Can Matons La Vinya del M\u00fasic \u00e9s un vi blanc d&#8217;alta qualitat produ\u00eft a la regi\u00f3 d&#8217;Alella, reconeguda per la tradici\u00f3 vitivin\u00edcola i la proximitat a la Mediterr\u00e0nia. Aquest vi s&#8217;elabora exclusivament de la varietat Pansa Blanca, concretament criada i recol\u00b7lectada en una de les millors parcel\u00b7les de tota la Denominaci\u00f3 d&#8217;Origen, que en concret&hellip;<\/p>\n","protected":false},"featured_media":95562,"comment_status":"closed","ping_status":"closed","template":"","meta":{"_acf_changed":false},"pwb-brand":[],"product_brand":[],"product_cat":[51670,51672],"product_tag":[15050,17864,14881,17892,15051,48917],"class_list":{"0":"post-95565","1":"product","2":"type-product","3":"status-publish","4":"has-post-thumbnail","6":"product_cat-vi","7":"product_cat-vi-blanc","8":"product_tag-alella-ca","9":"product_tag-can-matons-ca","10":"product_tag-do-alella-ca","11":"product_tag-la-vinya-del-music-ca","12":"product_tag-pansa-blanca-ca","13":"product_tag-vi-blanc-ca","14":"pa_anada-36212","15":"pa_bodega-canmatons","16":"pa_do-alellado-ca","17":"pa_envejecimiento-jove","18":"pa_formatoenl-36158","19":"pa_formatoenml-38306","20":"pa_graduacion-11_5","21":"pa_pais-espanya-ca","22":"pa_pesoengramos-38388","23":"pa_pesoenkg-38281","24":"pa_pueblociudad-1b-santamariademartorellesbar","25":"pa_region-cataluna","26":"pa_tipodevino-vi-tranquil","27":"pa_variedades-pansablanca-ca","28":"entry","29":"has-media","31":"first","32":"instock","33":"taxable","34":"shipping-taxable","35":"purchasable","36":"product-type-simple"},"acf":[],"yoast_head":"<!-- This site is optimized with the Yoast SEO Premium plugin v23.1 (Yoast SEO v23.5) - https:\/\/yoast.com\/wordpress\/plugins\/seo\/ -->\n<title>Can Matons La Vinya del Music - DO Alella<\/title>\n<meta name=\"description\" content=\"Comprar online al millor preu vi blanc de la DO Alella.\" \/>\n<meta name=\"robots\" content=\"noindex, follow, max-snippet:-1, max-image-preview:large, max-video-preview:-1\" \/>\n<meta property=\"og:locale\" content=\"ca_ES\" \/>\n<meta property=\"og:type\" content=\"article\" \/>\n<meta property=\"og:title\" content=\"Can Matons La Vinya del Music\" \/>\n<meta property=\"og:description\" content=\"Comprar online al millor preu vi blanc de la DO Alella.\" \/>\n<meta property=\"og:url\" content=\"https:\/\/aral2.cetrexmarketing.com\/ca\/producto\/can-matons-la-vinya-del-music\/\" \/>\n<meta property=\"og:site_name\" content=\"M\u00f3n La Cata\" \/>\n<meta property=\"article:modified_time\" content=\"2025-05-27T07:20:11+00:00\" \/>\n<meta property=\"og:image\" content=\"https:\/\/aral2.cetrexmarketing.com\/wp-content\/uploads\/2025\/05\/Can-Matons-La-Vinya-del-Music-1.png\" \/>\n\t<meta property=\"og:image:width\" content=\"765\" \/>\n\t<meta property=\"og:image:height\" content=\"1024\" \/>\n\t<meta property=\"og:image:type\" content=\"image\/png\" \/>\n<meta name=\"twitter:card\" content=\"summary_large_image\" \/>\n<meta name=\"twitter:label1\" content=\"Temps estimat de lectura\" \/>\n\t<meta name=\"twitter:data1\" content=\"2 minuts\" \/>\n<script type=\"application\/ld+json\" class=\"yoast-schema-graph\">{\"@context\":\"https:\/\/schema.org\",\"@graph\":[{\"@type\":\"WebPage\",\"@id\":\"https:\/\/aral2.cetrexmarketing.com\/ca\/producto\/can-matons-la-vinya-del-music\/\",\"url\":\"https:\/\/aral2.cetrexmarketing.com\/ca\/producto\/can-matons-la-vinya-del-music\/\",\"name\":\"Can Matons La Vinya del Music - DO Alella\",\"isPartOf\":{\"@id\":\"https:\/\/aral2.cetrexmarketing.com\/#website\"},\"primaryImageOfPage\":{\"@id\":\"https:\/\/aral2.cetrexmarketing.com\/ca\/producto\/can-matons-la-vinya-del-music\/#primaryimage\"},\"image\":{\"@id\":\"https:\/\/aral2.cetrexmarketing.com\/ca\/producto\/can-matons-la-vinya-del-music\/#primaryimage\"},\"thumbnailUrl\":\"https:\/\/aral2.cetrexmarketing.com\/wp-content\/uploads\/2025\/05\/Can-Matons-La-Vinya-del-Music-1.png\",\"datePublished\":\"2025-05-26T05:37:23+00:00\",\"dateModified\":\"2025-05-27T07:20:11+00:00\",\"description\":\"Comprar online al millor preu vi blanc de la DO Alella.\",\"breadcrumb\":{\"@id\":\"https:\/\/aral2.cetrexmarketing.com\/ca\/producto\/can-matons-la-vinya-del-music\/#breadcrumb\"},\"inLanguage\":\"ca\",\"potentialAction\":[{\"@type\":\"ReadAction\",\"target\":[\"https:\/\/aral2.cetrexmarketing.com\/ca\/producto\/can-matons-la-vinya-del-music\/\"]}]},{\"@type\":\"ImageObject\",\"inLanguage\":\"ca\",\"@id\":\"https:\/\/aral2.cetrexmarketing.com\/ca\/producto\/can-matons-la-vinya-del-music\/#primaryimage\",\"url\":\"https:\/\/aral2.cetrexmarketing.com\/wp-content\/uploads\/2025\/05\/Can-Matons-La-Vinya-del-Music-1.png\",\"contentUrl\":\"https:\/\/aral2.cetrexmarketing.com\/wp-content\/uploads\/2025\/05\/Can-Matons-La-Vinya-del-Music-1.png\",\"width\":765,\"height\":1024},{\"@type\":\"BreadcrumbList\",\"@id\":\"https:\/\/aral2.cetrexmarketing.com\/ca\/producto\/can-matons-la-vinya-del-music\/#breadcrumb\",\"itemListElement\":[{\"@type\":\"ListItem\",\"position\":1,\"name\":\"Home\",\"item\":\"https:\/\/aral2.cetrexmarketing.com\/ca\/\"},{\"@type\":\"ListItem\",\"position\":2,\"name\":\"Tienda\",\"item\":\"https:\/\/aral2.cetrexmarketing.com\/ca\/tienda-2\/\"},{\"@type\":\"ListItem\",\"position\":3,\"name\":\"Vi\",\"item\":\"https:\/\/aral2.cetrexmarketing.com\/categoria-producto\/vi\/\"},{\"@type\":\"ListItem\",\"position\":4,\"name\":\"Vi Blanc\",\"item\":\"https:\/\/aral2.cetrexmarketing.com\/categoria-producto\/vi\/vi-blanc\/\"},{\"@type\":\"ListItem\",\"position\":5,\"name\":\"Can Matons La Vinya del Music\"}]},{\"@type\":\"WebSite\",\"@id\":\"https:\/\/aral2.cetrexmarketing.com\/#website\",\"url\":\"https:\/\/aral2.cetrexmarketing.com\/\",\"name\":\"M\u00f3n La Cata\",\"description\":\"Tienda de vinos, licores, cervezas y gourmet\",\"publisher\":{\"@id\":\"https:\/\/aral2.cetrexmarketing.com\/#organization\"},\"potentialAction\":[{\"@type\":\"SearchAction\",\"target\":{\"@type\":\"EntryPoint\",\"urlTemplate\":\"https:\/\/aral2.cetrexmarketing.com\/?s={search_term_string}\"},\"query-input\":{\"@type\":\"PropertyValueSpecification\",\"valueRequired\":true,\"valueName\":\"search_term_string\"}}],\"inLanguage\":\"ca\"},{\"@type\":\"Organization\",\"@id\":\"https:\/\/aral2.cetrexmarketing.com\/#organization\",\"name\":\"M\u00f3n La Cata\",\"url\":\"https:\/\/aral2.cetrexmarketing.com\/\",\"logo\":{\"@type\":\"ImageObject\",\"inLanguage\":\"ca\",\"@id\":\"https:\/\/aral2.cetrexmarketing.com\/#\/schema\/logo\/image\/\",\"url\":\"https:\/\/aral2.cetrexmarketing.com\/wp-content\/uploads\/2024\/10\/aral-logo-neg-1024x409-1.png\",\"contentUrl\":\"https:\/\/aral2.cetrexmarketing.com\/wp-content\/uploads\/2024\/10\/aral-logo-neg-1024x409-1.png\",\"width\":1024,\"height\":409,\"caption\":\"M\u00f3n La Cata\"},\"image\":{\"@id\":\"https:\/\/aral2.cetrexmarketing.com\/#\/schema\/logo\/image\/\"}}]}<\/script>\n<!-- \/ Yoast SEO Premium plugin. -->","yoast_head_json":{"title":"Can Matons La Vinya del Music - DO Alella","description":"Comprar online al millor preu vi blanc de la DO Alella.","robots":{"index":"noindex","follow":"follow","max-snippet":"max-snippet:-1","max-image-preview":"max-image-preview:large","max-video-preview":"max-video-preview:-1"},"og_locale":"ca_ES","og_type":"article","og_title":"Can Matons La Vinya del Music","og_description":"Comprar online al millor preu vi blanc de la DO Alella.","og_url":"https:\/\/aral2.cetrexmarketing.com\/ca\/producto\/can-matons-la-vinya-del-music\/","og_site_name":"M\u00f3n La Cata","article_modified_time":"2025-05-27T07:20:11+00:00","og_image":[{"width":765,"height":1024,"url":"https:\/\/aral2.cetrexmarketing.com\/wp-content\/uploads\/2025\/05\/Can-Matons-La-Vinya-del-Music-1.png","type":"image\/png"}],"twitter_card":"summary_large_image","twitter_misc":{"Temps estimat de lectura":"2 minuts"},"schema":{"@context":"https:\/\/schema.org","@graph":[{"@type":"WebPage","@id":"https:\/\/aral2.cetrexmarketing.com\/ca\/producto\/can-matons-la-vinya-del-music\/","url":"https:\/\/aral2.cetrexmarketing.com\/ca\/producto\/can-matons-la-vinya-del-music\/","name":"Can Matons La Vinya del Music - DO Alella","isPartOf":{"@id":"https:\/\/aral2.cetrexmarketing.com\/#website"},"primaryImageOfPage":{"@id":"https:\/\/aral2.cetrexmarketing.com\/ca\/producto\/can-matons-la-vinya-del-music\/#primaryimage"},"image":{"@id":"https:\/\/aral2.cetrexmarketing.com\/ca\/producto\/can-matons-la-vinya-del-music\/#primaryimage"},"thumbnailUrl":"https:\/\/aral2.cetrexmarketing.com\/wp-content\/uploads\/2025\/05\/Can-Matons-La-Vinya-del-Music-1.png","datePublished":"2025-05-26T05:37:23+00:00","dateModified":"2025-05-27T07:20:11+00:00","description":"Comprar online al millor preu vi blanc de la DO Alella.","breadcrumb":{"@id":"https:\/\/aral2.cetrexmarketing.com\/ca\/producto\/can-matons-la-vinya-del-music\/#breadcrumb"},"inLanguage":"ca","potentialAction":[{"@type":"ReadAction","target":["https:\/\/aral2.cetrexmarketing.com\/ca\/producto\/can-matons-la-vinya-del-music\/"]}]},{"@type":"ImageObject","inLanguage":"ca","@id":"https:\/\/aral2.cetrexmarketing.com\/ca\/producto\/can-matons-la-vinya-del-music\/#primaryimage","url":"https:\/\/aral2.cetrexmarketing.com\/wp-content\/uploads\/2025\/05\/Can-Matons-La-Vinya-del-Music-1.png","contentUrl":"https:\/\/aral2.cetrexmarketing.com\/wp-content\/uploads\/2025\/05\/Can-Matons-La-Vinya-del-Music-1.png","width":765,"height":1024},{"@type":"BreadcrumbList","@id":"https:\/\/aral2.cetrexmarketing.com\/ca\/producto\/can-matons-la-vinya-del-music\/#breadcrumb","itemListElement":[{"@type":"ListItem","position":1,"name":"Home","item":"https:\/\/aral2.cetrexmarketing.com\/ca\/"},{"@type":"ListItem","position":2,"name":"Tienda","item":"https:\/\/aral2.cetrexmarketing.com\/ca\/tienda-2\/"},{"@type":"ListItem","position":3,"name":"Vi","item":"https:\/\/aral2.cetrexmarketing.com\/categoria-producto\/vi\/"},{"@type":"ListItem","position":4,"name":"Vi Blanc","item":"https:\/\/aral2.cetrexmarketing.com\/categoria-producto\/vi\/vi-blanc\/"},{"@type":"ListItem","position":5,"name":"Can Matons La Vinya del Music"}]},{"@type":"WebSite","@id":"https:\/\/aral2.cetrexmarketing.com\/#website","url":"https:\/\/aral2.cetrexmarketing.com\/","name":"M\u00f3n La Cata","description":"Tienda de vinos, licores, cervezas y gourmet","publisher":{"@id":"https:\/\/aral2.cetrexmarketing.com\/#organization"},"potentialAction":[{"@type":"SearchAction","target":{"@type":"EntryPoint","urlTemplate":"https:\/\/aral2.cetrexmarketing.com\/?s={search_term_string}"},"query-input":{"@type":"PropertyValueSpecification","valueRequired":true,"valueName":"search_term_string"}}],"inLanguage":"ca"},{"@type":"Organization","@id":"https:\/\/aral2.cetrexmarketing.com\/#organization","name":"M\u00f3n La Cata","url":"https:\/\/aral2.cetrexmarketing.com\/","logo":{"@type":"ImageObject","inLanguage":"ca","@id":"https:\/\/aral2.cetrexmarketing.com\/#\/schema\/logo\/image\/","url":"https:\/\/aral2.cetrexmarketing.com\/wp-content\/uploads\/2024\/10\/aral-logo-neg-1024x409-1.png","contentUrl":"https:\/\/aral2.cetrexmarketing.com\/wp-content\/uploads\/2024\/10\/aral-logo-neg-1024x409-1.png","width":1024,"height":409,"caption":"M\u00f3n La Cata"},"image":{"@id":"https:\/\/aral2.cetrexmarketing.com\/#\/schema\/logo\/image\/"}}]}},"brands":[],"_links":{"self":[{"href":"https:\/\/aral2.cetrexmarketing.com\/ca\/wp-json\/wp\/v2\/product\/95565","targetHints":{"allow":["GET"]}}],"collection":[{"href":"https:\/\/aral2.cetrexmarketing.com\/ca\/wp-json\/wp\/v2\/product"}],"about":[{"href":"https:\/\/aral2.cetrexmarketing.com\/ca\/wp-json\/wp\/v2\/types\/product"}],"replies":[{"embeddable":true,"href":"https:\/\/aral2.cetrexmarketing.com\/ca\/wp-json\/wp\/v2\/comments?post=95565"}],"wp:featuredmedia":[{"embeddable":true,"href":"https:\/\/aral2.cetrexmarketing.com\/ca\/wp-json\/wp\/v2\/media\/95562"}],"wp:attachment":[{"href":"https:\/\/aral2.cetrexmarketing.com\/ca\/wp-json\/wp\/v2\/media?parent=95565"}],"wp:term":[{"taxonomy":"pwb-brand","embeddable":true,"href":"https:\/\/aral2.cetrexmarketing.com\/ca\/wp-json\/wp\/v2\/pwb-brand?post=95565"},{"taxonomy":"product_brand","embeddable":true,"href":"https:\/\/aral2.cetrexmarketing.com\/ca\/wp-json\/wp\/v2\/product_brand?post=95565"},{"taxonomy":"product_cat","embeddable":true,"href":"https:\/\/aral2.cetrexmarketing.com\/ca\/wp-json\/wp\/v2\/product_cat?post=95565"},{"taxonomy":"product_tag","embeddable":true,"href":"https:\/\/aral2.cetrexmarketing.com\/ca\/wp-json\/wp\/v2\/product_tag?post=95565"}],"curies":[{"name":"wp","href":"https:\/\/api.w.org\/{rel}","templated":true}]}}