{"id":95400,"date":"2025-05-26T05:35:08","date_gmt":"2025-05-26T05:35:08","guid":{"rendered":"https:\/\/aral2.cetrexmarketing.com\/producto\/julia-bernet-u-brut-nature\/"},"modified":"2025-05-27T07:19:36","modified_gmt":"2025-05-27T07:19:36","slug":"julia-bernet-u-brut-nature","status":"publish","type":"product","link":"https:\/\/aral2.cetrexmarketing.com\/ca\/producto\/julia-bernet-u-brut-nature\/","title":{"rendered":"J\u00falia Bernet \u00da Brut Nature"},"content":{"rendered":"<p>J\u00faia Bernet o Brut Nature<\/p>\n","protected":false},"excerpt":{"rendered":"<p>J\u00faia Bernet o Brut Nature<\/p>\n","protected":false},"featured_media":95397,"comment_status":"closed","ping_status":"closed","template":"","meta":{"_acf_changed":false},"pwb-brand":[45165],"product_brand":[],"product_cat":[51698,51699,51669,51694],"product_tag":[15124,15148,17877],"class_list":{"0":"post-95400","1":"product","2":"type-product","3":"status-publish","4":"has-post-thumbnail","6":"pwb-brand-julia-bernet","7":"product_cat-corpinnat-vi-escumos","8":"product_cat-corpinnat-blanc","9":"product_cat-ecologic","10":"product_cat-vi-escumos","11":"product_tag-brut-nature-ca","12":"product_tag-corpinnat-ca","13":"product_tag-julia-bernet-ca","14":"pa_anada-36214","15":"pa_cantidaddeazucar-brutnature","16":"pa_do-corpinnat-ca","17":"pa_ecologico-vegano-natural-ecologic","18":"pa_formatoenml-38306","19":"pa_graduacion-12_5","20":"pa_pais-espanya-ca","21":"pa_pueblociudad-subiratsbarcelona","22":"pa_region-cataluna","23":"entry","24":"has-media","26":"first","27":"instock","28":"taxable","29":"shipping-taxable","30":"purchasable","31":"product-type-simple"},"acf":[],"yoast_head":"<!-- This site is optimized with the Yoast SEO Premium plugin v23.1 (Yoast SEO v23.5) - https:\/\/yoast.com\/wordpress\/plugins\/seo\/ -->\n<title>Julia Bernet \u00da brut nature corpinnat<\/title>\n<meta name=\"description\" content=\"Comprar online al millor preu vi escum\u00f3s Corpinnat.\" \/>\n<meta name=\"robots\" content=\"noindex, follow, max-snippet:-1, max-image-preview:large, max-video-preview:-1\" \/>\n<meta property=\"og:locale\" content=\"ca_ES\" \/>\n<meta property=\"og:type\" content=\"article\" \/>\n<meta property=\"og:title\" content=\"J\u00falia Bernet \u00da Brut Nature\" \/>\n<meta property=\"og:description\" content=\"Comprar online al millor preu vi escum\u00f3s Corpinnat.\" \/>\n<meta property=\"og:url\" content=\"https:\/\/aral2.cetrexmarketing.com\/ca\/producto\/julia-bernet-u-brut-nature\/\" \/>\n<meta property=\"og:site_name\" content=\"M\u00f3n La Cata\" \/>\n<meta property=\"article:modified_time\" content=\"2025-05-27T07:19:36+00:00\" \/>\n<meta property=\"og:image\" content=\"https:\/\/aral2.cetrexmarketing.com\/wp-content\/uploads\/2025\/05\/JULIA-BERNET-U.jpg.png\" \/>\n\t<meta property=\"og:image:width\" content=\"765\" \/>\n\t<meta property=\"og:image:height\" content=\"1024\" \/>\n\t<meta property=\"og:image:type\" content=\"image\/png\" \/>\n<meta name=\"twitter:card\" content=\"summary_large_image\" \/>\n<script type=\"application\/ld+json\" class=\"yoast-schema-graph\">{\"@context\":\"https:\/\/schema.org\",\"@graph\":[{\"@type\":\"WebPage\",\"@id\":\"https:\/\/aral2.cetrexmarketing.com\/ca\/producto\/julia-bernet-u-brut-nature\/\",\"url\":\"https:\/\/aral2.cetrexmarketing.com\/ca\/producto\/julia-bernet-u-brut-nature\/\",\"name\":\"Julia Bernet \u00da brut nature corpinnat\",\"isPartOf\":{\"@id\":\"https:\/\/aral2.cetrexmarketing.com\/#website\"},\"primaryImageOfPage\":{\"@id\":\"https:\/\/aral2.cetrexmarketing.com\/ca\/producto\/julia-bernet-u-brut-nature\/#primaryimage\"},\"image\":{\"@id\":\"https:\/\/aral2.cetrexmarketing.com\/ca\/producto\/julia-bernet-u-brut-nature\/#primaryimage\"},\"thumbnailUrl\":\"https:\/\/aral2.cetrexmarketing.com\/wp-content\/uploads\/2025\/05\/JULIA-BERNET-U.jpg.png\",\"datePublished\":\"2025-05-26T05:35:08+00:00\",\"dateModified\":\"2025-05-27T07:19:36+00:00\",\"description\":\"Comprar online al millor preu vi escum\u00f3s Corpinnat.\",\"breadcrumb\":{\"@id\":\"https:\/\/aral2.cetrexmarketing.com\/ca\/producto\/julia-bernet-u-brut-nature\/#breadcrumb\"},\"inLanguage\":\"ca\",\"potentialAction\":[{\"@type\":\"ReadAction\",\"target\":[\"https:\/\/aral2.cetrexmarketing.com\/ca\/producto\/julia-bernet-u-brut-nature\/\"]}]},{\"@type\":\"ImageObject\",\"inLanguage\":\"ca\",\"@id\":\"https:\/\/aral2.cetrexmarketing.com\/ca\/producto\/julia-bernet-u-brut-nature\/#primaryimage\",\"url\":\"https:\/\/aral2.cetrexmarketing.com\/wp-content\/uploads\/2025\/05\/JULIA-BERNET-U.jpg.png\",\"contentUrl\":\"https:\/\/aral2.cetrexmarketing.com\/wp-content\/uploads\/2025\/05\/JULIA-BERNET-U.jpg.png\",\"width\":765,\"height\":1024},{\"@type\":\"BreadcrumbList\",\"@id\":\"https:\/\/aral2.cetrexmarketing.com\/ca\/producto\/julia-bernet-u-brut-nature\/#breadcrumb\",\"itemListElement\":[{\"@type\":\"ListItem\",\"position\":1,\"name\":\"Home\",\"item\":\"https:\/\/aral2.cetrexmarketing.com\/ca\/\"},{\"@type\":\"ListItem\",\"position\":2,\"name\":\"Tienda\",\"item\":\"https:\/\/aral2.cetrexmarketing.com\/ca\/tienda-2\/\"},{\"@type\":\"ListItem\",\"position\":3,\"name\":\"Vi Escum\u00f3s\",\"item\":\"https:\/\/aral2.cetrexmarketing.com\/categoria-producto\/home-ca\/vi-escumos-ca\/\"},{\"@type\":\"ListItem\",\"position\":4,\"name\":\"Corpinnat\",\"item\":\"https:\/\/aral2.cetrexmarketing.com\/ca\/categoria-producto\/vi-escumos-ca\/corpinnat-ca\/\"},{\"@type\":\"ListItem\",\"position\":5,\"name\":\"Corpinnat blanco\",\"item\":\"https:\/\/aral2.cetrexmarketing.com\/categoria-producto\/inicio\/vino-espumoso\/corpinnat\/corpinnat-blanco\/\"},{\"@type\":\"ListItem\",\"position\":6,\"name\":\"J\u00falia Bernet \u00da Brut Nature\"}]},{\"@type\":\"WebSite\",\"@id\":\"https:\/\/aral2.cetrexmarketing.com\/#website\",\"url\":\"https:\/\/aral2.cetrexmarketing.com\/\",\"name\":\"M\u00f3n La Cata\",\"description\":\"Tienda de vinos, licores, cervezas y gourmet\",\"publisher\":{\"@id\":\"https:\/\/aral2.cetrexmarketing.com\/#organization\"},\"potentialAction\":[{\"@type\":\"SearchAction\",\"target\":{\"@type\":\"EntryPoint\",\"urlTemplate\":\"https:\/\/aral2.cetrexmarketing.com\/?s={search_term_string}\"},\"query-input\":{\"@type\":\"PropertyValueSpecification\",\"valueRequired\":true,\"valueName\":\"search_term_string\"}}],\"inLanguage\":\"ca\"},{\"@type\":\"Organization\",\"@id\":\"https:\/\/aral2.cetrexmarketing.com\/#organization\",\"name\":\"M\u00f3n La Cata\",\"url\":\"https:\/\/aral2.cetrexmarketing.com\/\",\"logo\":{\"@type\":\"ImageObject\",\"inLanguage\":\"ca\",\"@id\":\"https:\/\/aral2.cetrexmarketing.com\/#\/schema\/logo\/image\/\",\"url\":\"https:\/\/aral2.cetrexmarketing.com\/wp-content\/uploads\/2024\/10\/aral-logo-neg-1024x409-1.png\",\"contentUrl\":\"https:\/\/aral2.cetrexmarketing.com\/wp-content\/uploads\/2024\/10\/aral-logo-neg-1024x409-1.png\",\"width\":1024,\"height\":409,\"caption\":\"M\u00f3n La Cata\"},\"image\":{\"@id\":\"https:\/\/aral2.cetrexmarketing.com\/#\/schema\/logo\/image\/\"}}]}<\/script>\n<!-- \/ Yoast SEO Premium plugin. -->","yoast_head_json":{"title":"Julia Bernet \u00da brut nature corpinnat","description":"Comprar online al millor preu vi escum\u00f3s Corpinnat.","robots":{"index":"noindex","follow":"follow","max-snippet":"max-snippet:-1","max-image-preview":"max-image-preview:large","max-video-preview":"max-video-preview:-1"},"og_locale":"ca_ES","og_type":"article","og_title":"J\u00falia Bernet \u00da Brut Nature","og_description":"Comprar online al millor preu vi escum\u00f3s Corpinnat.","og_url":"https:\/\/aral2.cetrexmarketing.com\/ca\/producto\/julia-bernet-u-brut-nature\/","og_site_name":"M\u00f3n La Cata","article_modified_time":"2025-05-27T07:19:36+00:00","og_image":[{"width":765,"height":1024,"url":"https:\/\/aral2.cetrexmarketing.com\/wp-content\/uploads\/2025\/05\/JULIA-BERNET-U.jpg.png","type":"image\/png"}],"twitter_card":"summary_large_image","schema":{"@context":"https:\/\/schema.org","@graph":[{"@type":"WebPage","@id":"https:\/\/aral2.cetrexmarketing.com\/ca\/producto\/julia-bernet-u-brut-nature\/","url":"https:\/\/aral2.cetrexmarketing.com\/ca\/producto\/julia-bernet-u-brut-nature\/","name":"Julia Bernet \u00da brut nature corpinnat","isPartOf":{"@id":"https:\/\/aral2.cetrexmarketing.com\/#website"},"primaryImageOfPage":{"@id":"https:\/\/aral2.cetrexmarketing.com\/ca\/producto\/julia-bernet-u-brut-nature\/#primaryimage"},"image":{"@id":"https:\/\/aral2.cetrexmarketing.com\/ca\/producto\/julia-bernet-u-brut-nature\/#primaryimage"},"thumbnailUrl":"https:\/\/aral2.cetrexmarketing.com\/wp-content\/uploads\/2025\/05\/JULIA-BERNET-U.jpg.png","datePublished":"2025-05-26T05:35:08+00:00","dateModified":"2025-05-27T07:19:36+00:00","description":"Comprar online al millor preu vi escum\u00f3s Corpinnat.","breadcrumb":{"@id":"https:\/\/aral2.cetrexmarketing.com\/ca\/producto\/julia-bernet-u-brut-nature\/#breadcrumb"},"inLanguage":"ca","potentialAction":[{"@type":"ReadAction","target":["https:\/\/aral2.cetrexmarketing.com\/ca\/producto\/julia-bernet-u-brut-nature\/"]}]},{"@type":"ImageObject","inLanguage":"ca","@id":"https:\/\/aral2.cetrexmarketing.com\/ca\/producto\/julia-bernet-u-brut-nature\/#primaryimage","url":"https:\/\/aral2.cetrexmarketing.com\/wp-content\/uploads\/2025\/05\/JULIA-BERNET-U.jpg.png","contentUrl":"https:\/\/aral2.cetrexmarketing.com\/wp-content\/uploads\/2025\/05\/JULIA-BERNET-U.jpg.png","width":765,"height":1024},{"@type":"BreadcrumbList","@id":"https:\/\/aral2.cetrexmarketing.com\/ca\/producto\/julia-bernet-u-brut-nature\/#breadcrumb","itemListElement":[{"@type":"ListItem","position":1,"name":"Home","item":"https:\/\/aral2.cetrexmarketing.com\/ca\/"},{"@type":"ListItem","position":2,"name":"Tienda","item":"https:\/\/aral2.cetrexmarketing.com\/ca\/tienda-2\/"},{"@type":"ListItem","position":3,"name":"Vi Escum\u00f3s","item":"https:\/\/aral2.cetrexmarketing.com\/categoria-producto\/home-ca\/vi-escumos-ca\/"},{"@type":"ListItem","position":4,"name":"Corpinnat","item":"https:\/\/aral2.cetrexmarketing.com\/ca\/categoria-producto\/vi-escumos-ca\/corpinnat-ca\/"},{"@type":"ListItem","position":5,"name":"Corpinnat blanco","item":"https:\/\/aral2.cetrexmarketing.com\/categoria-producto\/inicio\/vino-espumoso\/corpinnat\/corpinnat-blanco\/"},{"@type":"ListItem","position":6,"name":"J\u00falia Bernet \u00da Brut Nature"}]},{"@type":"WebSite","@id":"https:\/\/aral2.cetrexmarketing.com\/#website","url":"https:\/\/aral2.cetrexmarketing.com\/","name":"M\u00f3n La Cata","description":"Tienda de vinos, licores, cervezas y gourmet","publisher":{"@id":"https:\/\/aral2.cetrexmarketing.com\/#organization"},"potentialAction":[{"@type":"SearchAction","target":{"@type":"EntryPoint","urlTemplate":"https:\/\/aral2.cetrexmarketing.com\/?s={search_term_string}"},"query-input":{"@type":"PropertyValueSpecification","valueRequired":true,"valueName":"search_term_string"}}],"inLanguage":"ca"},{"@type":"Organization","@id":"https:\/\/aral2.cetrexmarketing.com\/#organization","name":"M\u00f3n La Cata","url":"https:\/\/aral2.cetrexmarketing.com\/","logo":{"@type":"ImageObject","inLanguage":"ca","@id":"https:\/\/aral2.cetrexmarketing.com\/#\/schema\/logo\/image\/","url":"https:\/\/aral2.cetrexmarketing.com\/wp-content\/uploads\/2024\/10\/aral-logo-neg-1024x409-1.png","contentUrl":"https:\/\/aral2.cetrexmarketing.com\/wp-content\/uploads\/2024\/10\/aral-logo-neg-1024x409-1.png","width":1024,"height":409,"caption":"M\u00f3n La Cata"},"image":{"@id":"https:\/\/aral2.cetrexmarketing.com\/#\/schema\/logo\/image\/"}}]}},"brands":[{"id":45165,"name":"J\u00falia Bernet","slug":"julia-bernet"}],"_links":{"self":[{"href":"https:\/\/aral2.cetrexmarketing.com\/ca\/wp-json\/wp\/v2\/product\/95400","targetHints":{"allow":["GET"]}}],"collection":[{"href":"https:\/\/aral2.cetrexmarketing.com\/ca\/wp-json\/wp\/v2\/product"}],"about":[{"href":"https:\/\/aral2.cetrexmarketing.com\/ca\/wp-json\/wp\/v2\/types\/product"}],"replies":[{"embeddable":true,"href":"https:\/\/aral2.cetrexmarketing.com\/ca\/wp-json\/wp\/v2\/comments?post=95400"}],"wp:featuredmedia":[{"embeddable":true,"href":"https:\/\/aral2.cetrexmarketing.com\/ca\/wp-json\/wp\/v2\/media\/95397"}],"wp:attachment":[{"href":"https:\/\/aral2.cetrexmarketing.com\/ca\/wp-json\/wp\/v2\/media?parent=95400"}],"wp:term":[{"taxonomy":"pwb-brand","embeddable":true,"href":"https:\/\/aral2.cetrexmarketing.com\/ca\/wp-json\/wp\/v2\/pwb-brand?post=95400"},{"taxonomy":"product_brand","embeddable":true,"href":"https:\/\/aral2.cetrexmarketing.com\/ca\/wp-json\/wp\/v2\/product_brand?post=95400"},{"taxonomy":"product_cat","embeddable":true,"href":"https:\/\/aral2.cetrexmarketing.com\/ca\/wp-json\/wp\/v2\/product_cat?post=95400"},{"taxonomy":"product_tag","embeddable":true,"href":"https:\/\/aral2.cetrexmarketing.com\/ca\/wp-json\/wp\/v2\/product_tag?post=95400"}],"curies":[{"name":"wp","href":"https:\/\/api.w.org\/{rel}","templated":true}]}}