{"id":95241,"date":"2025-05-26T05:32:34","date_gmt":"2025-05-26T05:32:34","guid":{"rendered":"https:\/\/aral2.cetrexmarketing.com\/producto\/can-matons-pansa-blanca\/"},"modified":"2025-05-27T07:19:00","modified_gmt":"2025-05-27T07:19:00","slug":"can-matons-pansa-blanca","status":"publish","type":"product","link":"https:\/\/aral2.cetrexmarketing.com\/ca\/producto\/can-matons-pansa-blanca\/","title":{"rendered":"Can Matons Pansa Blanca"},"content":{"rendered":"<p><span class=\"Y2IQFc\" lang=\"ca\">El vi blanc <strong>Can Matons Pansa Blanca<\/strong> de la Denominaci\u00f3 d\u00b4Origen Alella \u00e9s una joia d\u00b4aquesta regi\u00f3 costanera de Catalunya. La Pansa Blanca \u00e9s una varietat aut\u00f2ctona que s&#8217;adapta molt b\u00e9 al clima mediterrani d&#8217;Alella, on es cultiva en s\u00f2ls rics en minerals. Tot i que en aquest cas les seves vinyes es troben a la part interior de la Denominaci\u00f3, concretament al Vall\u00e8s Oriental, element que l&#8217;ajuda a no ser un vi no tan c\u00e0lid i amb molt m\u00e9s recorregut que altres que per la seva proximitat al mar tenen processos diferents de maduraci\u00f3.<\/span><\/p>\n<p><span class=\"Y2IQFc\" lang=\"ca\">Ideal per descobrir que dins una mateixa Denominaci\u00f3 tan petita, com \u00e9s la DO Alella, una mateixa varietat es pot expressar de maneres molt diferents.<\/span><\/p>\n<p><span class=\"Y2IQFc\" lang=\"ca\">A la copa, aquest vi presenta un color groc p\u00e0l\u00b7lid amb centelleigs verdosos.<\/span><\/p>\n<p><span class=\"Y2IQFc\" lang=\"ca\">Al nas, es destaca per les seves aromes intenses i fresques, amb notes de fruites blanques com poma i pera, aix\u00ed com tocs c\u00edtrics i florals que aporten complexitat.<\/span><\/p>\n<p><span class=\"Y2IQFc\" lang=\"ca\">A la boca per\u00f2, el Can Matons Pansa Blanca \u00e9s volumin\u00f3s i vibrant, amb una acidesa ben equilibrada que el fa molt refrescant. El sabor \u00e9s net i directe, amb un final agradable que evoca la mineralitat del terrer. Si provem la resta que ens queda als llavis, comprovarem que t\u00e9 molta salinitat.<\/span><\/p>\n<p><span class=\"Y2IQFc\" lang=\"ca\">\u00c9s un vi vers\u00e0til per\u00f2 alhora curi\u00f3s, ja que combina les parts fruiteres, arom\u00e0tiques i fresques de la varietat, amb un cos volumin\u00f3s, gastron\u00f2mic i sal\u00ed a la boca. Nosaltres solem descriure&#8217;l com un \u201cafruitat-gastron\u00f2mic\u201d.<\/span><\/p>\n","protected":false},"excerpt":{"rendered":"<p>El vi blanc Can Matons Pansa Blanca de la Denominaci\u00f3 d\u00b4Origen Alella \u00e9s una joia d\u00b4aquesta regi\u00f3 costanera de Catalunya. La Pansa Blanca \u00e9s una varietat aut\u00f2ctona que s&#8217;adapta molt b\u00e9 al clima mediterrani d&#8217;Alella, on es cultiva en s\u00f2ls rics en minerals. Tot i que en aquest cas les seves vinyes es troben a&hellip;<\/p>\n","protected":false},"featured_media":95141,"comment_status":"closed","ping_status":"closed","template":"","meta":{"_acf_changed":false},"pwb-brand":[],"product_brand":[],"product_cat":[51670,51672],"product_tag":[15050,17864,14881,15051],"class_list":{"0":"post-95241","1":"product","2":"type-product","3":"status-publish","4":"has-post-thumbnail","6":"product_cat-vi","7":"product_cat-vi-blanc","8":"product_tag-alella-ca","9":"product_tag-can-matons-ca","10":"product_tag-do-alella-ca","11":"product_tag-pansa-blanca-ca","12":"pa_anada-36214","13":"pa_bodega-canmatons","14":"pa_do-alellado-ca","15":"pa_formatoenl-36158","16":"pa_formatoenml-38306","17":"pa_graduacion-12_5","18":"pa_pais-espanya-ca","19":"pa_pesoengramos-38388","20":"pa_pesoenkg-38281","21":"pa_pueblociudad-1b-santamariademartorellesbar","22":"pa_region-cataluna","23":"pa_tipodevino-vi-tranquil","24":"pa_variedades-pansablanca-ca","25":"entry","26":"has-media","28":"first","29":"instock","30":"taxable","31":"shipping-taxable","32":"purchasable","33":"product-type-simple"},"acf":[],"yoast_head":"<!-- This site is optimized with the Yoast SEO Premium plugin v23.1 (Yoast SEO v23.5) - https:\/\/yoast.com\/wordpress\/plugins\/seo\/ -->\n<title>Can Matons Pansa Blanca - DO Alella<\/title>\n<meta name=\"description\" content=\"Comprar online al millor preu vi blanc de la DO Alella. Del magn\u00edfic i recuperat Can Matons, ess\u00e8ncia de Pansa Blanca en la seva m\u00e0xima expressi\u00f3.\" \/>\n<meta name=\"robots\" content=\"noindex, follow, max-snippet:-1, max-image-preview:large, max-video-preview:-1\" \/>\n<meta property=\"og:locale\" content=\"ca_ES\" \/>\n<meta property=\"og:type\" content=\"article\" \/>\n<meta property=\"og:title\" content=\"Can Matons Pansa Blanca\" \/>\n<meta property=\"og:description\" content=\"Comprar online al millor preu vi blanc de la DO Alella. Del magn\u00edfic i recuperat Can Matons, ess\u00e8ncia de Pansa Blanca en la seva m\u00e0xima expressi\u00f3.\" \/>\n<meta property=\"og:url\" content=\"https:\/\/aral2.cetrexmarketing.com\/ca\/producto\/can-matons-pansa-blanca\/\" \/>\n<meta property=\"og:site_name\" content=\"M\u00f3n La Cata\" \/>\n<meta property=\"article:modified_time\" content=\"2025-05-27T07:19:00+00:00\" \/>\n<meta property=\"og:image\" content=\"https:\/\/aral2.cetrexmarketing.com\/wp-content\/uploads\/2025\/05\/Can-Matons-Pansa-Blanca-1.png\" \/>\n\t<meta property=\"og:image:width\" content=\"765\" \/>\n\t<meta property=\"og:image:height\" content=\"1024\" \/>\n\t<meta property=\"og:image:type\" content=\"image\/png\" \/>\n<meta name=\"twitter:card\" content=\"summary_large_image\" \/>\n<meta name=\"twitter:label1\" content=\"Temps estimat de lectura\" \/>\n\t<meta name=\"twitter:data1\" content=\"2 minuts\" \/>\n<script type=\"application\/ld+json\" class=\"yoast-schema-graph\">{\"@context\":\"https:\/\/schema.org\",\"@graph\":[{\"@type\":\"WebPage\",\"@id\":\"https:\/\/aral2.cetrexmarketing.com\/ca\/producto\/can-matons-pansa-blanca\/\",\"url\":\"https:\/\/aral2.cetrexmarketing.com\/ca\/producto\/can-matons-pansa-blanca\/\",\"name\":\"Can Matons Pansa Blanca - DO Alella\",\"isPartOf\":{\"@id\":\"https:\/\/aral2.cetrexmarketing.com\/#website\"},\"primaryImageOfPage\":{\"@id\":\"https:\/\/aral2.cetrexmarketing.com\/ca\/producto\/can-matons-pansa-blanca\/#primaryimage\"},\"image\":{\"@id\":\"https:\/\/aral2.cetrexmarketing.com\/ca\/producto\/can-matons-pansa-blanca\/#primaryimage\"},\"thumbnailUrl\":\"https:\/\/aral2.cetrexmarketing.com\/wp-content\/uploads\/2025\/05\/Can-Matons-Pansa-Blanca-1.png\",\"datePublished\":\"2025-05-26T05:32:34+00:00\",\"dateModified\":\"2025-05-27T07:19:00+00:00\",\"description\":\"Comprar online al millor preu vi blanc de la DO Alella. Del magn\u00edfic i recuperat Can Matons, ess\u00e8ncia de Pansa Blanca en la seva m\u00e0xima expressi\u00f3.\",\"breadcrumb\":{\"@id\":\"https:\/\/aral2.cetrexmarketing.com\/ca\/producto\/can-matons-pansa-blanca\/#breadcrumb\"},\"inLanguage\":\"ca\",\"potentialAction\":[{\"@type\":\"ReadAction\",\"target\":[\"https:\/\/aral2.cetrexmarketing.com\/ca\/producto\/can-matons-pansa-blanca\/\"]}]},{\"@type\":\"ImageObject\",\"inLanguage\":\"ca\",\"@id\":\"https:\/\/aral2.cetrexmarketing.com\/ca\/producto\/can-matons-pansa-blanca\/#primaryimage\",\"url\":\"https:\/\/aral2.cetrexmarketing.com\/wp-content\/uploads\/2025\/05\/Can-Matons-Pansa-Blanca-1.png\",\"contentUrl\":\"https:\/\/aral2.cetrexmarketing.com\/wp-content\/uploads\/2025\/05\/Can-Matons-Pansa-Blanca-1.png\",\"width\":765,\"height\":1024},{\"@type\":\"BreadcrumbList\",\"@id\":\"https:\/\/aral2.cetrexmarketing.com\/ca\/producto\/can-matons-pansa-blanca\/#breadcrumb\",\"itemListElement\":[{\"@type\":\"ListItem\",\"position\":1,\"name\":\"Home\",\"item\":\"https:\/\/aral2.cetrexmarketing.com\/ca\/\"},{\"@type\":\"ListItem\",\"position\":2,\"name\":\"Tienda\",\"item\":\"https:\/\/aral2.cetrexmarketing.com\/ca\/tienda-2\/\"},{\"@type\":\"ListItem\",\"position\":3,\"name\":\"Vi\",\"item\":\"https:\/\/aral2.cetrexmarketing.com\/categoria-producto\/vi\/\"},{\"@type\":\"ListItem\",\"position\":4,\"name\":\"Vi Blanc\",\"item\":\"https:\/\/aral2.cetrexmarketing.com\/categoria-producto\/vi\/vi-blanc\/\"},{\"@type\":\"ListItem\",\"position\":5,\"name\":\"Can Matons Pansa Blanca\"}]},{\"@type\":\"WebSite\",\"@id\":\"https:\/\/aral2.cetrexmarketing.com\/#website\",\"url\":\"https:\/\/aral2.cetrexmarketing.com\/\",\"name\":\"M\u00f3n La Cata\",\"description\":\"Tienda de vinos, licores, cervezas y gourmet\",\"publisher\":{\"@id\":\"https:\/\/aral2.cetrexmarketing.com\/#organization\"},\"potentialAction\":[{\"@type\":\"SearchAction\",\"target\":{\"@type\":\"EntryPoint\",\"urlTemplate\":\"https:\/\/aral2.cetrexmarketing.com\/?s={search_term_string}\"},\"query-input\":{\"@type\":\"PropertyValueSpecification\",\"valueRequired\":true,\"valueName\":\"search_term_string\"}}],\"inLanguage\":\"ca\"},{\"@type\":\"Organization\",\"@id\":\"https:\/\/aral2.cetrexmarketing.com\/#organization\",\"name\":\"M\u00f3n La Cata\",\"url\":\"https:\/\/aral2.cetrexmarketing.com\/\",\"logo\":{\"@type\":\"ImageObject\",\"inLanguage\":\"ca\",\"@id\":\"https:\/\/aral2.cetrexmarketing.com\/#\/schema\/logo\/image\/\",\"url\":\"https:\/\/aral2.cetrexmarketing.com\/wp-content\/uploads\/2024\/10\/aral-logo-neg-1024x409-1.png\",\"contentUrl\":\"https:\/\/aral2.cetrexmarketing.com\/wp-content\/uploads\/2024\/10\/aral-logo-neg-1024x409-1.png\",\"width\":1024,\"height\":409,\"caption\":\"M\u00f3n La Cata\"},\"image\":{\"@id\":\"https:\/\/aral2.cetrexmarketing.com\/#\/schema\/logo\/image\/\"}}]}<\/script>\n<!-- \/ Yoast SEO Premium plugin. -->","yoast_head_json":{"title":"Can Matons Pansa Blanca - DO Alella","description":"Comprar online al millor preu vi blanc de la DO Alella. Del magn\u00edfic i recuperat Can Matons, ess\u00e8ncia de Pansa Blanca en la seva m\u00e0xima expressi\u00f3.","robots":{"index":"noindex","follow":"follow","max-snippet":"max-snippet:-1","max-image-preview":"max-image-preview:large","max-video-preview":"max-video-preview:-1"},"og_locale":"ca_ES","og_type":"article","og_title":"Can Matons Pansa Blanca","og_description":"Comprar online al millor preu vi blanc de la DO Alella. Del magn\u00edfic i recuperat Can Matons, ess\u00e8ncia de Pansa Blanca en la seva m\u00e0xima expressi\u00f3.","og_url":"https:\/\/aral2.cetrexmarketing.com\/ca\/producto\/can-matons-pansa-blanca\/","og_site_name":"M\u00f3n La Cata","article_modified_time":"2025-05-27T07:19:00+00:00","og_image":[{"width":765,"height":1024,"url":"https:\/\/aral2.cetrexmarketing.com\/wp-content\/uploads\/2025\/05\/Can-Matons-Pansa-Blanca-1.png","type":"image\/png"}],"twitter_card":"summary_large_image","twitter_misc":{"Temps estimat de lectura":"2 minuts"},"schema":{"@context":"https:\/\/schema.org","@graph":[{"@type":"WebPage","@id":"https:\/\/aral2.cetrexmarketing.com\/ca\/producto\/can-matons-pansa-blanca\/","url":"https:\/\/aral2.cetrexmarketing.com\/ca\/producto\/can-matons-pansa-blanca\/","name":"Can Matons Pansa Blanca - DO Alella","isPartOf":{"@id":"https:\/\/aral2.cetrexmarketing.com\/#website"},"primaryImageOfPage":{"@id":"https:\/\/aral2.cetrexmarketing.com\/ca\/producto\/can-matons-pansa-blanca\/#primaryimage"},"image":{"@id":"https:\/\/aral2.cetrexmarketing.com\/ca\/producto\/can-matons-pansa-blanca\/#primaryimage"},"thumbnailUrl":"https:\/\/aral2.cetrexmarketing.com\/wp-content\/uploads\/2025\/05\/Can-Matons-Pansa-Blanca-1.png","datePublished":"2025-05-26T05:32:34+00:00","dateModified":"2025-05-27T07:19:00+00:00","description":"Comprar online al millor preu vi blanc de la DO Alella. Del magn\u00edfic i recuperat Can Matons, ess\u00e8ncia de Pansa Blanca en la seva m\u00e0xima expressi\u00f3.","breadcrumb":{"@id":"https:\/\/aral2.cetrexmarketing.com\/ca\/producto\/can-matons-pansa-blanca\/#breadcrumb"},"inLanguage":"ca","potentialAction":[{"@type":"ReadAction","target":["https:\/\/aral2.cetrexmarketing.com\/ca\/producto\/can-matons-pansa-blanca\/"]}]},{"@type":"ImageObject","inLanguage":"ca","@id":"https:\/\/aral2.cetrexmarketing.com\/ca\/producto\/can-matons-pansa-blanca\/#primaryimage","url":"https:\/\/aral2.cetrexmarketing.com\/wp-content\/uploads\/2025\/05\/Can-Matons-Pansa-Blanca-1.png","contentUrl":"https:\/\/aral2.cetrexmarketing.com\/wp-content\/uploads\/2025\/05\/Can-Matons-Pansa-Blanca-1.png","width":765,"height":1024},{"@type":"BreadcrumbList","@id":"https:\/\/aral2.cetrexmarketing.com\/ca\/producto\/can-matons-pansa-blanca\/#breadcrumb","itemListElement":[{"@type":"ListItem","position":1,"name":"Home","item":"https:\/\/aral2.cetrexmarketing.com\/ca\/"},{"@type":"ListItem","position":2,"name":"Tienda","item":"https:\/\/aral2.cetrexmarketing.com\/ca\/tienda-2\/"},{"@type":"ListItem","position":3,"name":"Vi","item":"https:\/\/aral2.cetrexmarketing.com\/categoria-producto\/vi\/"},{"@type":"ListItem","position":4,"name":"Vi Blanc","item":"https:\/\/aral2.cetrexmarketing.com\/categoria-producto\/vi\/vi-blanc\/"},{"@type":"ListItem","position":5,"name":"Can Matons Pansa Blanca"}]},{"@type":"WebSite","@id":"https:\/\/aral2.cetrexmarketing.com\/#website","url":"https:\/\/aral2.cetrexmarketing.com\/","name":"M\u00f3n La Cata","description":"Tienda de vinos, licores, cervezas y gourmet","publisher":{"@id":"https:\/\/aral2.cetrexmarketing.com\/#organization"},"potentialAction":[{"@type":"SearchAction","target":{"@type":"EntryPoint","urlTemplate":"https:\/\/aral2.cetrexmarketing.com\/?s={search_term_string}"},"query-input":{"@type":"PropertyValueSpecification","valueRequired":true,"valueName":"search_term_string"}}],"inLanguage":"ca"},{"@type":"Organization","@id":"https:\/\/aral2.cetrexmarketing.com\/#organization","name":"M\u00f3n La Cata","url":"https:\/\/aral2.cetrexmarketing.com\/","logo":{"@type":"ImageObject","inLanguage":"ca","@id":"https:\/\/aral2.cetrexmarketing.com\/#\/schema\/logo\/image\/","url":"https:\/\/aral2.cetrexmarketing.com\/wp-content\/uploads\/2024\/10\/aral-logo-neg-1024x409-1.png","contentUrl":"https:\/\/aral2.cetrexmarketing.com\/wp-content\/uploads\/2024\/10\/aral-logo-neg-1024x409-1.png","width":1024,"height":409,"caption":"M\u00f3n La Cata"},"image":{"@id":"https:\/\/aral2.cetrexmarketing.com\/#\/schema\/logo\/image\/"}}]}},"brands":[],"_links":{"self":[{"href":"https:\/\/aral2.cetrexmarketing.com\/ca\/wp-json\/wp\/v2\/product\/95241","targetHints":{"allow":["GET"]}}],"collection":[{"href":"https:\/\/aral2.cetrexmarketing.com\/ca\/wp-json\/wp\/v2\/product"}],"about":[{"href":"https:\/\/aral2.cetrexmarketing.com\/ca\/wp-json\/wp\/v2\/types\/product"}],"replies":[{"embeddable":true,"href":"https:\/\/aral2.cetrexmarketing.com\/ca\/wp-json\/wp\/v2\/comments?post=95241"}],"wp:featuredmedia":[{"embeddable":true,"href":"https:\/\/aral2.cetrexmarketing.com\/ca\/wp-json\/wp\/v2\/media\/95141"}],"wp:attachment":[{"href":"https:\/\/aral2.cetrexmarketing.com\/ca\/wp-json\/wp\/v2\/media?parent=95241"}],"wp:term":[{"taxonomy":"pwb-brand","embeddable":true,"href":"https:\/\/aral2.cetrexmarketing.com\/ca\/wp-json\/wp\/v2\/pwb-brand?post=95241"},{"taxonomy":"product_brand","embeddable":true,"href":"https:\/\/aral2.cetrexmarketing.com\/ca\/wp-json\/wp\/v2\/product_brand?post=95241"},{"taxonomy":"product_cat","embeddable":true,"href":"https:\/\/aral2.cetrexmarketing.com\/ca\/wp-json\/wp\/v2\/product_cat?post=95241"},{"taxonomy":"product_tag","embeddable":true,"href":"https:\/\/aral2.cetrexmarketing.com\/ca\/wp-json\/wp\/v2\/product_tag?post=95241"}],"curies":[{"name":"wp","href":"https:\/\/api.w.org\/{rel}","templated":true}]}}