{"id":94910,"date":"2025-05-25T08:36:56","date_gmt":"2025-05-25T08:36:56","guid":{"rendered":"https:\/\/aral2.cetrexmarketing.com\/producto\/vina-pomal-blanc\/"},"modified":"2025-05-27T07:18:05","modified_gmt":"2025-05-27T07:18:05","slug":"vina-pomal-blanc","status":"publish","type":"product","link":"https:\/\/aral2.cetrexmarketing.com\/ca\/producto\/vina-pomal-blanc\/","title":{"rendered":"Vi\u00f1a Pomal Blanc"},"content":{"rendered":"<p class=\"\" data-start=\"1111\" data-end=\"1334\"><strong data-start=\"1111\" data-end=\"1132\">Vi\u00f1a Pomal Blanco<\/strong> \u00e9s un vi blanc de la Denominaci\u00f3 d&#8217;Origen Calificada Rioja, elaborat per Bodegas Bilba\u00ednas. Aquest vi destaca pel seu equilibri entre frescor i complexitat, reflectint la tradici\u00f3 vin\u00edcola de la regi\u00f3.<\/p>\n<p class=\"\" data-start=\"1336\" data-end=\"1368\"><strong data-start=\"1336\" data-end=\"1368\">Caracter\u00edstiques principals:<\/strong><\/p>\n<ul data-start=\"1370\" data-end=\"1588\">\n<li class=\"\" data-start=\"1370\" data-end=\"1420\">\n<p class=\"\" data-start=\"1372\" data-end=\"1420\"><strong data-start=\"1372\" data-end=\"1394\">Varietats de ra\u00efm:<\/strong> 70% Viura i 30% Malvasia.<\/p>\n<\/li>\n<li class=\"\" data-start=\"1441\" data-end=\"1473\">\n<p class=\"\" data-start=\"1443\" data-end=\"1473\"><strong data-start=\"1443\" data-end=\"1462\">Grau alcoh\u00f2lic:<\/strong> 12,5% vol.<\/p>\n<\/li>\n<li class=\"\" data-start=\"1474\" data-end=\"1588\">\n<p class=\"\" data-start=\"1476\" data-end=\"1588\"><strong data-start=\"1476\" data-end=\"1488\">Crian\u00e7a:<\/strong> Fermentaci\u00f3 en b\u00f3tes noves de roure franc\u00e8s i americ\u00e0, seguida d&#8217;una crian\u00e7a sobre lies de 4 mesos.<\/p>\n<\/li>\n<\/ul>\n<p class=\"\" data-start=\"1590\" data-end=\"1608\"><strong data-start=\"1590\" data-end=\"1608\">Notes de tast:<\/strong><\/p>\n<ul data-start=\"1610\" data-end=\"1927\">\n<li class=\"\" data-start=\"1610\" data-end=\"1657\">\n<p class=\"\" data-start=\"1612\" data-end=\"1657\"><strong data-start=\"1612\" data-end=\"1622\">Color:<\/strong> Groc p\u00e0l\u00b7lid amb reflexos acerats.<\/p>\n<\/li>\n<li class=\"\" data-start=\"1658\" data-end=\"1799\">\n<p class=\"\" data-start=\"1660\" data-end=\"1799\"><strong data-start=\"1660\" data-end=\"1670\">Aroma:<\/strong> Intensitat arom\u00e0tica alta, amb notes de pell de c\u00edtrics, fonoll, fruits de pinyol i lleugers tocs torrats provinents de la b\u00f3ta.<\/p>\n<\/li>\n<li class=\"\" data-start=\"1800\" data-end=\"1927\">\n<p class=\"\" data-start=\"1802\" data-end=\"1927\"><strong data-start=\"1802\" data-end=\"1811\">Gust:<\/strong> Entrada suau i amable, amb volum equilibrat per la frescor del vi. Retrogust amb notes salines i bona persist\u00e8ncia.<\/p>\n<\/li>\n<\/ul>\n<p class=\"\" data-start=\"1929\" data-end=\"1953\"><strong data-start=\"1929\" data-end=\"1953\">Maridatge recomanat:<\/strong><\/p>\n<p class=\"\" data-start=\"1955\" data-end=\"2034\">Ideal per acompanyar peixos, mariscs, plats de verdures i formatges semicurats.<\/p>\n<p class=\"\" data-start=\"2057\" data-end=\"2173\">\n","protected":false},"excerpt":{"rendered":"<p>Vi\u00f1a Pomal Blanco \u00e9s un vi blanc de la Denominaci\u00f3 d&#8217;Origen Calificada Rioja, elaborat per Bodegas Bilba\u00ednas. Aquest vi destaca pel seu equilibri entre frescor i complexitat, reflectint la tradici\u00f3 vin\u00edcola de la regi\u00f3. Caracter\u00edstiques principals: Varietats de ra\u00efm: 70% Viura i 30% Malvasia. Grau alcoh\u00f2lic: 12,5% vol. Crian\u00e7a: Fermentaci\u00f3 en b\u00f3tes noves de roure&hellip;<\/p>\n","protected":false},"featured_media":94907,"comment_status":"closed","ping_status":"closed","template":"","meta":{"_acf_changed":false},"pwb-brand":[],"product_brand":[],"product_cat":[51670,51672],"product_tag":[50428,14904,14914,16187,16026,14900,48917,17179],"class_list":{"0":"post-94910","1":"product","2":"type-product","3":"status-publish","4":"has-post-thumbnail","6":"product_cat-vi","7":"product_cat-vi-blanc","8":"product_tag-bodegas-bilbainas-ca","9":"product_tag-doca-rioja-ca","10":"product_tag-haro-ca","11":"product_tag-la-rioja-ca","12":"product_tag-malvasia-ca","13":"product_tag-rioja-ca","14":"product_tag-vi-blanc-ca","15":"product_tag-viura-ca","16":"pa_anada-45483","17":"pa_bodega-bodegasbilbainas","18":"pa_do-rioja-d-o-ca-ca","19":"pa_ecologico-vegano-natural-vega","20":"pa_formatoenml-38306","21":"pa_graduacion-12_5","22":"pa_pais-espanya-ca","23":"pa_pueblociudad-harolarioja","24":"pa_tipodevino-vi-tranquil","25":"pa_variedad-principal-malvasia-ca","26":"pa_variedad-principal-viura-ca","27":"entry","28":"has-media","30":"first","31":"instock","32":"taxable","33":"shipping-taxable","34":"purchasable","35":"product-type-simple"},"acf":[],"yoast_head":"<!-- This site is optimized with the Yoast SEO Premium plugin v23.1 (Yoast SEO v23.5) - https:\/\/yoast.com\/wordpress\/plugins\/seo\/ -->\n<title>Vi\u00f1a Pomal Blanc Fermentat en bota vi<\/title>\n<meta name=\"description\" content=\"Comprar online al millor preu vi blanc de la DOCa Rioja. Bodegas Bilba\u00ednas.\" \/>\n<meta name=\"robots\" content=\"noindex, follow, max-snippet:-1, max-image-preview:large, max-video-preview:-1\" \/>\n<meta property=\"og:locale\" content=\"ca_ES\" \/>\n<meta property=\"og:type\" content=\"article\" \/>\n<meta property=\"og:title\" content=\"Vi\u00f1a Pomal Blanc\" \/>\n<meta property=\"og:description\" content=\"Comprar online al millor preu vi blanc de la DOCa Rioja. Bodegas Bilba\u00ednas.\" \/>\n<meta property=\"og:url\" content=\"https:\/\/aral2.cetrexmarketing.com\/ca\/producto\/vina-pomal-blanc\/\" \/>\n<meta property=\"og:site_name\" content=\"M\u00f3n La Cata\" \/>\n<meta property=\"article:modified_time\" content=\"2025-05-27T07:18:05+00:00\" \/>\n<meta property=\"og:image\" content=\"https:\/\/aral2.cetrexmarketing.com\/wp-content\/uploads\/2025\/05\/vina-pomal-blanco.png\" \/>\n\t<meta property=\"og:image:width\" content=\"765\" \/>\n\t<meta property=\"og:image:height\" content=\"1024\" \/>\n\t<meta property=\"og:image:type\" content=\"image\/png\" \/>\n<meta name=\"twitter:card\" content=\"summary_large_image\" \/>\n<meta name=\"twitter:label1\" content=\"Temps estimat de lectura\" \/>\n\t<meta name=\"twitter:data1\" content=\"1 minut\" \/>\n<script type=\"application\/ld+json\" class=\"yoast-schema-graph\">{\"@context\":\"https:\/\/schema.org\",\"@graph\":[{\"@type\":\"WebPage\",\"@id\":\"https:\/\/aral2.cetrexmarketing.com\/ca\/producto\/vina-pomal-blanc\/\",\"url\":\"https:\/\/aral2.cetrexmarketing.com\/ca\/producto\/vina-pomal-blanc\/\",\"name\":\"Vi\u00f1a Pomal Blanc Fermentat en bota vi\",\"isPartOf\":{\"@id\":\"https:\/\/aral2.cetrexmarketing.com\/#website\"},\"primaryImageOfPage\":{\"@id\":\"https:\/\/aral2.cetrexmarketing.com\/ca\/producto\/vina-pomal-blanc\/#primaryimage\"},\"image\":{\"@id\":\"https:\/\/aral2.cetrexmarketing.com\/ca\/producto\/vina-pomal-blanc\/#primaryimage\"},\"thumbnailUrl\":\"https:\/\/aral2.cetrexmarketing.com\/wp-content\/uploads\/2025\/05\/vina-pomal-blanco.png\",\"datePublished\":\"2025-05-25T08:36:56+00:00\",\"dateModified\":\"2025-05-27T07:18:05+00:00\",\"description\":\"Comprar online al millor preu vi blanc de la DOCa Rioja. Bodegas Bilba\u00ednas.\",\"breadcrumb\":{\"@id\":\"https:\/\/aral2.cetrexmarketing.com\/ca\/producto\/vina-pomal-blanc\/#breadcrumb\"},\"inLanguage\":\"ca\",\"potentialAction\":[{\"@type\":\"ReadAction\",\"target\":[\"https:\/\/aral2.cetrexmarketing.com\/ca\/producto\/vina-pomal-blanc\/\"]}]},{\"@type\":\"ImageObject\",\"inLanguage\":\"ca\",\"@id\":\"https:\/\/aral2.cetrexmarketing.com\/ca\/producto\/vina-pomal-blanc\/#primaryimage\",\"url\":\"https:\/\/aral2.cetrexmarketing.com\/wp-content\/uploads\/2025\/05\/vina-pomal-blanco.png\",\"contentUrl\":\"https:\/\/aral2.cetrexmarketing.com\/wp-content\/uploads\/2025\/05\/vina-pomal-blanco.png\",\"width\":765,\"height\":1024},{\"@type\":\"BreadcrumbList\",\"@id\":\"https:\/\/aral2.cetrexmarketing.com\/ca\/producto\/vina-pomal-blanc\/#breadcrumb\",\"itemListElement\":[{\"@type\":\"ListItem\",\"position\":1,\"name\":\"Home\",\"item\":\"https:\/\/aral2.cetrexmarketing.com\/ca\/\"},{\"@type\":\"ListItem\",\"position\":2,\"name\":\"Tienda\",\"item\":\"https:\/\/aral2.cetrexmarketing.com\/ca\/tienda-2\/\"},{\"@type\":\"ListItem\",\"position\":3,\"name\":\"Vi\",\"item\":\"https:\/\/aral2.cetrexmarketing.com\/categoria-producto\/vi\/\"},{\"@type\":\"ListItem\",\"position\":4,\"name\":\"Vi Blanc\",\"item\":\"https:\/\/aral2.cetrexmarketing.com\/categoria-producto\/vi\/vi-blanc\/\"},{\"@type\":\"ListItem\",\"position\":5,\"name\":\"Vi\u00f1a Pomal Blanc\"}]},{\"@type\":\"WebSite\",\"@id\":\"https:\/\/aral2.cetrexmarketing.com\/#website\",\"url\":\"https:\/\/aral2.cetrexmarketing.com\/\",\"name\":\"M\u00f3n La Cata\",\"description\":\"Tienda de vinos, licores, cervezas y gourmet\",\"publisher\":{\"@id\":\"https:\/\/aral2.cetrexmarketing.com\/#organization\"},\"potentialAction\":[{\"@type\":\"SearchAction\",\"target\":{\"@type\":\"EntryPoint\",\"urlTemplate\":\"https:\/\/aral2.cetrexmarketing.com\/?s={search_term_string}\"},\"query-input\":{\"@type\":\"PropertyValueSpecification\",\"valueRequired\":true,\"valueName\":\"search_term_string\"}}],\"inLanguage\":\"ca\"},{\"@type\":\"Organization\",\"@id\":\"https:\/\/aral2.cetrexmarketing.com\/#organization\",\"name\":\"M\u00f3n La Cata\",\"url\":\"https:\/\/aral2.cetrexmarketing.com\/\",\"logo\":{\"@type\":\"ImageObject\",\"inLanguage\":\"ca\",\"@id\":\"https:\/\/aral2.cetrexmarketing.com\/#\/schema\/logo\/image\/\",\"url\":\"https:\/\/aral2.cetrexmarketing.com\/wp-content\/uploads\/2024\/10\/aral-logo-neg-1024x409-1.png\",\"contentUrl\":\"https:\/\/aral2.cetrexmarketing.com\/wp-content\/uploads\/2024\/10\/aral-logo-neg-1024x409-1.png\",\"width\":1024,\"height\":409,\"caption\":\"M\u00f3n La Cata\"},\"image\":{\"@id\":\"https:\/\/aral2.cetrexmarketing.com\/#\/schema\/logo\/image\/\"}}]}<\/script>\n<!-- \/ Yoast SEO Premium plugin. -->","yoast_head_json":{"title":"Vi\u00f1a Pomal Blanc Fermentat en bota vi","description":"Comprar online al millor preu vi blanc de la DOCa Rioja. Bodegas Bilba\u00ednas.","robots":{"index":"noindex","follow":"follow","max-snippet":"max-snippet:-1","max-image-preview":"max-image-preview:large","max-video-preview":"max-video-preview:-1"},"og_locale":"ca_ES","og_type":"article","og_title":"Vi\u00f1a Pomal Blanc","og_description":"Comprar online al millor preu vi blanc de la DOCa Rioja. Bodegas Bilba\u00ednas.","og_url":"https:\/\/aral2.cetrexmarketing.com\/ca\/producto\/vina-pomal-blanc\/","og_site_name":"M\u00f3n La Cata","article_modified_time":"2025-05-27T07:18:05+00:00","og_image":[{"width":765,"height":1024,"url":"https:\/\/aral2.cetrexmarketing.com\/wp-content\/uploads\/2025\/05\/vina-pomal-blanco.png","type":"image\/png"}],"twitter_card":"summary_large_image","twitter_misc":{"Temps estimat de lectura":"1 minut"},"schema":{"@context":"https:\/\/schema.org","@graph":[{"@type":"WebPage","@id":"https:\/\/aral2.cetrexmarketing.com\/ca\/producto\/vina-pomal-blanc\/","url":"https:\/\/aral2.cetrexmarketing.com\/ca\/producto\/vina-pomal-blanc\/","name":"Vi\u00f1a Pomal Blanc Fermentat en bota vi","isPartOf":{"@id":"https:\/\/aral2.cetrexmarketing.com\/#website"},"primaryImageOfPage":{"@id":"https:\/\/aral2.cetrexmarketing.com\/ca\/producto\/vina-pomal-blanc\/#primaryimage"},"image":{"@id":"https:\/\/aral2.cetrexmarketing.com\/ca\/producto\/vina-pomal-blanc\/#primaryimage"},"thumbnailUrl":"https:\/\/aral2.cetrexmarketing.com\/wp-content\/uploads\/2025\/05\/vina-pomal-blanco.png","datePublished":"2025-05-25T08:36:56+00:00","dateModified":"2025-05-27T07:18:05+00:00","description":"Comprar online al millor preu vi blanc de la DOCa Rioja. Bodegas Bilba\u00ednas.","breadcrumb":{"@id":"https:\/\/aral2.cetrexmarketing.com\/ca\/producto\/vina-pomal-blanc\/#breadcrumb"},"inLanguage":"ca","potentialAction":[{"@type":"ReadAction","target":["https:\/\/aral2.cetrexmarketing.com\/ca\/producto\/vina-pomal-blanc\/"]}]},{"@type":"ImageObject","inLanguage":"ca","@id":"https:\/\/aral2.cetrexmarketing.com\/ca\/producto\/vina-pomal-blanc\/#primaryimage","url":"https:\/\/aral2.cetrexmarketing.com\/wp-content\/uploads\/2025\/05\/vina-pomal-blanco.png","contentUrl":"https:\/\/aral2.cetrexmarketing.com\/wp-content\/uploads\/2025\/05\/vina-pomal-blanco.png","width":765,"height":1024},{"@type":"BreadcrumbList","@id":"https:\/\/aral2.cetrexmarketing.com\/ca\/producto\/vina-pomal-blanc\/#breadcrumb","itemListElement":[{"@type":"ListItem","position":1,"name":"Home","item":"https:\/\/aral2.cetrexmarketing.com\/ca\/"},{"@type":"ListItem","position":2,"name":"Tienda","item":"https:\/\/aral2.cetrexmarketing.com\/ca\/tienda-2\/"},{"@type":"ListItem","position":3,"name":"Vi","item":"https:\/\/aral2.cetrexmarketing.com\/categoria-producto\/vi\/"},{"@type":"ListItem","position":4,"name":"Vi Blanc","item":"https:\/\/aral2.cetrexmarketing.com\/categoria-producto\/vi\/vi-blanc\/"},{"@type":"ListItem","position":5,"name":"Vi\u00f1a Pomal Blanc"}]},{"@type":"WebSite","@id":"https:\/\/aral2.cetrexmarketing.com\/#website","url":"https:\/\/aral2.cetrexmarketing.com\/","name":"M\u00f3n La Cata","description":"Tienda de vinos, licores, cervezas y gourmet","publisher":{"@id":"https:\/\/aral2.cetrexmarketing.com\/#organization"},"potentialAction":[{"@type":"SearchAction","target":{"@type":"EntryPoint","urlTemplate":"https:\/\/aral2.cetrexmarketing.com\/?s={search_term_string}"},"query-input":{"@type":"PropertyValueSpecification","valueRequired":true,"valueName":"search_term_string"}}],"inLanguage":"ca"},{"@type":"Organization","@id":"https:\/\/aral2.cetrexmarketing.com\/#organization","name":"M\u00f3n La Cata","url":"https:\/\/aral2.cetrexmarketing.com\/","logo":{"@type":"ImageObject","inLanguage":"ca","@id":"https:\/\/aral2.cetrexmarketing.com\/#\/schema\/logo\/image\/","url":"https:\/\/aral2.cetrexmarketing.com\/wp-content\/uploads\/2024\/10\/aral-logo-neg-1024x409-1.png","contentUrl":"https:\/\/aral2.cetrexmarketing.com\/wp-content\/uploads\/2024\/10\/aral-logo-neg-1024x409-1.png","width":1024,"height":409,"caption":"M\u00f3n La Cata"},"image":{"@id":"https:\/\/aral2.cetrexmarketing.com\/#\/schema\/logo\/image\/"}}]}},"brands":[],"_links":{"self":[{"href":"https:\/\/aral2.cetrexmarketing.com\/ca\/wp-json\/wp\/v2\/product\/94910","targetHints":{"allow":["GET"]}}],"collection":[{"href":"https:\/\/aral2.cetrexmarketing.com\/ca\/wp-json\/wp\/v2\/product"}],"about":[{"href":"https:\/\/aral2.cetrexmarketing.com\/ca\/wp-json\/wp\/v2\/types\/product"}],"replies":[{"embeddable":true,"href":"https:\/\/aral2.cetrexmarketing.com\/ca\/wp-json\/wp\/v2\/comments?post=94910"}],"wp:featuredmedia":[{"embeddable":true,"href":"https:\/\/aral2.cetrexmarketing.com\/ca\/wp-json\/wp\/v2\/media\/94907"}],"wp:attachment":[{"href":"https:\/\/aral2.cetrexmarketing.com\/ca\/wp-json\/wp\/v2\/media?parent=94910"}],"wp:term":[{"taxonomy":"pwb-brand","embeddable":true,"href":"https:\/\/aral2.cetrexmarketing.com\/ca\/wp-json\/wp\/v2\/pwb-brand?post=94910"},{"taxonomy":"product_brand","embeddable":true,"href":"https:\/\/aral2.cetrexmarketing.com\/ca\/wp-json\/wp\/v2\/product_brand?post=94910"},{"taxonomy":"product_cat","embeddable":true,"href":"https:\/\/aral2.cetrexmarketing.com\/ca\/wp-json\/wp\/v2\/product_cat?post=94910"},{"taxonomy":"product_tag","embeddable":true,"href":"https:\/\/aral2.cetrexmarketing.com\/ca\/wp-json\/wp\/v2\/product_tag?post=94910"}],"curies":[{"name":"wp","href":"https:\/\/api.w.org\/{rel}","templated":true}]}}