{"id":94755,"date":"2025-05-25T08:34:22","date_gmt":"2025-05-25T08:34:22","guid":{"rendered":"https:\/\/aral2.cetrexmarketing.com\/producto\/perelada-finca-la-garriga-blanc\/"},"modified":"2025-05-27T07:17:16","modified_gmt":"2025-05-27T07:17:16","slug":"perelada-finca-la-garriga-blanc","status":"publish","type":"product","link":"https:\/\/aral2.cetrexmarketing.com\/ca\/producto\/perelada-finca-la-garriga-blanc\/","title":{"rendered":"Perelada Finca la Garriga Blanc"},"content":{"rendered":"<p><strong>Finca La Garriga Blanco<\/strong> \u00e9s un vi blanc de la <strong>D.O. Empord\u00e0<\/strong> elaborat pel celler <strong>Perelada<\/strong> a partir d&#8217;un cupatge de <strong>Chardonnay<\/strong> (60%) i <strong>Cari\u00f1ena Blanca<\/strong> (40%). Procedeix de vinyes de <strong>m\u00e9s de 50 anys<\/strong> conreades en s\u00f2ls pobres de textura francoarenosa amb grava, situades en la <strong>Finca La Garriga<\/strong>, una parcel\u00b7la de 41 hect\u00e0rees que representa la diversitat de s\u00f2ls del Empord\u00e0.<\/p>\n<p>Fermentat en barriques noves d&#8217;ac\u00e0cia a baixa temperatura i amb una crian\u00e7a de <strong>4 a 8 mesos<\/strong> sobre els seus emboliques amb <strong>battonage<\/strong> peri\u00f2dic, aquest vi expressa complexitat, personalitat i equilibri. En nas es perceben aromes de pr\u00e9ssec, pinya i clau, amb notes torrades i especiades fruit de la seva crian\u00e7a. En boca \u00e9s dens, madur, amb cos mitj\u00e0, ben estructurat i un final llarg i elegant.<\/p>\n<p>Perelada, celler hist\u00f2ric amb arrels al <strong>Castell de Peralada<\/strong> des de l&#8217;Edat mitjana, \u00e9s avui una de les marques de vi m\u00e9s admirades del m\u00f3n (segons \u201cThe World\u2019s Most Admired Wine Brands 2024\u201d). Continua innovant sense renunciar a la tradici\u00f3, combinant viticultura cl\u00e0ssica amb tecnologia capdavantera, i apostant per la sostenibilitat.<\/p>\n<p>Aquest blanc madur \u00e9s ideal per a acompanyar plats saborosos com a peixos fumats, carns blanques a la brasa, formatges curats i cuina mediterr\u00e0nia d&#8217;intensitat mitjana.<\/p>\n<p>Amb 13,5% d&#8217;alcohol, es recomana servir entre 7 i 8\u202f\u00b0C. <strong>Cont\u00e9 sulfits<\/strong>.<\/p>\n","protected":false},"excerpt":{"rendered":"<p>Finca La Garriga Blanco \u00e9s un vi blanc de la D.O. Empord\u00e0 elaborat pel celler Perelada a partir d&#8217;un cupatge de Chardonnay (60%) i Cari\u00f1ena Blanca (40%). Procedeix de vinyes de m\u00e9s de 50 anys conreades en s\u00f2ls pobres de textura francoarenosa amb grava, situades en la Finca La Garriga, una parcel\u00b7la de 41 hect\u00e0rees&hellip;<\/p>\n","protected":false},"featured_media":94752,"comment_status":"closed","ping_status":"closed","template":"","meta":{"_acf_changed":false},"pwb-brand":[],"product_brand":[],"product_cat":[51670,51672],"product_tag":[14937,14950,48917],"class_list":{"0":"post-94755","1":"product","2":"type-product","3":"status-publish","4":"has-post-thumbnail","6":"product_cat-vi","7":"product_cat-vi-blanc","8":"product_tag-emporda-ca","9":"product_tag-finca-la-garriga-ca","10":"product_tag-vi-blanc-ca","11":"pa_anada-51681","12":"pa_bodega-cavasdelcastillodeperelada","13":"pa_do-emporda-d-o-ca","14":"pa_formatoenl-36158","15":"pa_formatoenml-38306","16":"pa_graduacion-13_5","17":"pa_pais-espanya-ca","18":"pa_pesoengramos-38337","19":"pa_pesoenkg-125-ca","20":"pa_pueblociudad-peraladagirona","21":"pa_region-cataluna","22":"pa_tipodevino-vi-tranquil","23":"pa_variedades-80-carinenablanca_chardonnay_-ca","24":"entry","25":"has-media","27":"first","28":"instock","29":"taxable","30":"shipping-taxable","31":"purchasable","32":"product-type-simple"},"acf":[],"yoast_head":"<!-- This site is optimized with the Yoast SEO Premium plugin v23.1 (Yoast SEO v23.5) - https:\/\/yoast.com\/wordpress\/plugins\/seo\/ -->\n<title>Finca La Garriga Blanc Perelada vi<\/title>\n<meta name=\"description\" content=\"Comprar online al millor preu vins i caves Perelada.\" \/>\n<meta name=\"robots\" content=\"noindex, follow, max-snippet:-1, max-image-preview:large, max-video-preview:-1\" \/>\n<meta property=\"og:locale\" content=\"ca_ES\" \/>\n<meta property=\"og:type\" content=\"article\" \/>\n<meta property=\"og:title\" content=\"Perelada Finca la Garriga Blanc\" \/>\n<meta property=\"og:description\" content=\"Comprar online al millor preu vins i caves Perelada.\" \/>\n<meta property=\"og:url\" content=\"https:\/\/aral2.cetrexmarketing.com\/ca\/producto\/perelada-finca-la-garriga-blanc\/\" \/>\n<meta property=\"og:site_name\" content=\"M\u00f3n La Cata\" \/>\n<meta property=\"article:modified_time\" content=\"2025-05-27T07:17:16+00:00\" \/>\n<meta property=\"og:image\" content=\"https:\/\/aral2.cetrexmarketing.com\/wp-content\/uploads\/2025\/05\/Perelada-Finca-la-Garriga-Blanco.jpg-1.png\" \/>\n\t<meta property=\"og:image:width\" content=\"765\" \/>\n\t<meta property=\"og:image:height\" content=\"1024\" \/>\n\t<meta property=\"og:image:type\" content=\"image\/png\" \/>\n<meta name=\"twitter:card\" content=\"summary_large_image\" \/>\n<meta name=\"twitter:label1\" content=\"Temps estimat de lectura\" \/>\n\t<meta name=\"twitter:data1\" content=\"2 minuts\" \/>\n<script type=\"application\/ld+json\" class=\"yoast-schema-graph\">{\"@context\":\"https:\/\/schema.org\",\"@graph\":[{\"@type\":\"WebPage\",\"@id\":\"https:\/\/aral2.cetrexmarketing.com\/ca\/producto\/perelada-finca-la-garriga-blanc\/\",\"url\":\"https:\/\/aral2.cetrexmarketing.com\/ca\/producto\/perelada-finca-la-garriga-blanc\/\",\"name\":\"Finca La Garriga Blanc Perelada vi\",\"isPartOf\":{\"@id\":\"https:\/\/aral2.cetrexmarketing.com\/#website\"},\"primaryImageOfPage\":{\"@id\":\"https:\/\/aral2.cetrexmarketing.com\/ca\/producto\/perelada-finca-la-garriga-blanc\/#primaryimage\"},\"image\":{\"@id\":\"https:\/\/aral2.cetrexmarketing.com\/ca\/producto\/perelada-finca-la-garriga-blanc\/#primaryimage\"},\"thumbnailUrl\":\"https:\/\/aral2.cetrexmarketing.com\/wp-content\/uploads\/2025\/05\/Perelada-Finca-la-Garriga-Blanco.jpg-1.png\",\"datePublished\":\"2025-05-25T08:34:22+00:00\",\"dateModified\":\"2025-05-27T07:17:16+00:00\",\"description\":\"Comprar online al millor preu vins i caves Perelada.\",\"breadcrumb\":{\"@id\":\"https:\/\/aral2.cetrexmarketing.com\/ca\/producto\/perelada-finca-la-garriga-blanc\/#breadcrumb\"},\"inLanguage\":\"ca\",\"potentialAction\":[{\"@type\":\"ReadAction\",\"target\":[\"https:\/\/aral2.cetrexmarketing.com\/ca\/producto\/perelada-finca-la-garriga-blanc\/\"]}]},{\"@type\":\"ImageObject\",\"inLanguage\":\"ca\",\"@id\":\"https:\/\/aral2.cetrexmarketing.com\/ca\/producto\/perelada-finca-la-garriga-blanc\/#primaryimage\",\"url\":\"https:\/\/aral2.cetrexmarketing.com\/wp-content\/uploads\/2025\/05\/Perelada-Finca-la-Garriga-Blanco.jpg-1.png\",\"contentUrl\":\"https:\/\/aral2.cetrexmarketing.com\/wp-content\/uploads\/2025\/05\/Perelada-Finca-la-Garriga-Blanco.jpg-1.png\",\"width\":765,\"height\":1024},{\"@type\":\"BreadcrumbList\",\"@id\":\"https:\/\/aral2.cetrexmarketing.com\/ca\/producto\/perelada-finca-la-garriga-blanc\/#breadcrumb\",\"itemListElement\":[{\"@type\":\"ListItem\",\"position\":1,\"name\":\"Home\",\"item\":\"https:\/\/aral2.cetrexmarketing.com\/ca\/\"},{\"@type\":\"ListItem\",\"position\":2,\"name\":\"Tienda\",\"item\":\"https:\/\/aral2.cetrexmarketing.com\/ca\/tienda-2\/\"},{\"@type\":\"ListItem\",\"position\":3,\"name\":\"Vi\",\"item\":\"https:\/\/aral2.cetrexmarketing.com\/categoria-producto\/vi\/\"},{\"@type\":\"ListItem\",\"position\":4,\"name\":\"Vi Blanc\",\"item\":\"https:\/\/aral2.cetrexmarketing.com\/categoria-producto\/vi\/vi-blanc\/\"},{\"@type\":\"ListItem\",\"position\":5,\"name\":\"Perelada Finca la Garriga Blanc\"}]},{\"@type\":\"WebSite\",\"@id\":\"https:\/\/aral2.cetrexmarketing.com\/#website\",\"url\":\"https:\/\/aral2.cetrexmarketing.com\/\",\"name\":\"M\u00f3n La Cata\",\"description\":\"Tienda de vinos, licores, cervezas y gourmet\",\"publisher\":{\"@id\":\"https:\/\/aral2.cetrexmarketing.com\/#organization\"},\"potentialAction\":[{\"@type\":\"SearchAction\",\"target\":{\"@type\":\"EntryPoint\",\"urlTemplate\":\"https:\/\/aral2.cetrexmarketing.com\/?s={search_term_string}\"},\"query-input\":{\"@type\":\"PropertyValueSpecification\",\"valueRequired\":true,\"valueName\":\"search_term_string\"}}],\"inLanguage\":\"ca\"},{\"@type\":\"Organization\",\"@id\":\"https:\/\/aral2.cetrexmarketing.com\/#organization\",\"name\":\"M\u00f3n La Cata\",\"url\":\"https:\/\/aral2.cetrexmarketing.com\/\",\"logo\":{\"@type\":\"ImageObject\",\"inLanguage\":\"ca\",\"@id\":\"https:\/\/aral2.cetrexmarketing.com\/#\/schema\/logo\/image\/\",\"url\":\"https:\/\/aral2.cetrexmarketing.com\/wp-content\/uploads\/2024\/10\/aral-logo-neg-1024x409-1.png\",\"contentUrl\":\"https:\/\/aral2.cetrexmarketing.com\/wp-content\/uploads\/2024\/10\/aral-logo-neg-1024x409-1.png\",\"width\":1024,\"height\":409,\"caption\":\"M\u00f3n La Cata\"},\"image\":{\"@id\":\"https:\/\/aral2.cetrexmarketing.com\/#\/schema\/logo\/image\/\"}}]}<\/script>\n<!-- \/ Yoast SEO Premium plugin. -->","yoast_head_json":{"title":"Finca La Garriga Blanc Perelada vi","description":"Comprar online al millor preu vins i caves Perelada.","robots":{"index":"noindex","follow":"follow","max-snippet":"max-snippet:-1","max-image-preview":"max-image-preview:large","max-video-preview":"max-video-preview:-1"},"og_locale":"ca_ES","og_type":"article","og_title":"Perelada Finca la Garriga Blanc","og_description":"Comprar online al millor preu vins i caves Perelada.","og_url":"https:\/\/aral2.cetrexmarketing.com\/ca\/producto\/perelada-finca-la-garriga-blanc\/","og_site_name":"M\u00f3n La Cata","article_modified_time":"2025-05-27T07:17:16+00:00","og_image":[{"width":765,"height":1024,"url":"https:\/\/aral2.cetrexmarketing.com\/wp-content\/uploads\/2025\/05\/Perelada-Finca-la-Garriga-Blanco.jpg-1.png","type":"image\/png"}],"twitter_card":"summary_large_image","twitter_misc":{"Temps estimat de lectura":"2 minuts"},"schema":{"@context":"https:\/\/schema.org","@graph":[{"@type":"WebPage","@id":"https:\/\/aral2.cetrexmarketing.com\/ca\/producto\/perelada-finca-la-garriga-blanc\/","url":"https:\/\/aral2.cetrexmarketing.com\/ca\/producto\/perelada-finca-la-garriga-blanc\/","name":"Finca La Garriga Blanc Perelada vi","isPartOf":{"@id":"https:\/\/aral2.cetrexmarketing.com\/#website"},"primaryImageOfPage":{"@id":"https:\/\/aral2.cetrexmarketing.com\/ca\/producto\/perelada-finca-la-garriga-blanc\/#primaryimage"},"image":{"@id":"https:\/\/aral2.cetrexmarketing.com\/ca\/producto\/perelada-finca-la-garriga-blanc\/#primaryimage"},"thumbnailUrl":"https:\/\/aral2.cetrexmarketing.com\/wp-content\/uploads\/2025\/05\/Perelada-Finca-la-Garriga-Blanco.jpg-1.png","datePublished":"2025-05-25T08:34:22+00:00","dateModified":"2025-05-27T07:17:16+00:00","description":"Comprar online al millor preu vins i caves Perelada.","breadcrumb":{"@id":"https:\/\/aral2.cetrexmarketing.com\/ca\/producto\/perelada-finca-la-garriga-blanc\/#breadcrumb"},"inLanguage":"ca","potentialAction":[{"@type":"ReadAction","target":["https:\/\/aral2.cetrexmarketing.com\/ca\/producto\/perelada-finca-la-garriga-blanc\/"]}]},{"@type":"ImageObject","inLanguage":"ca","@id":"https:\/\/aral2.cetrexmarketing.com\/ca\/producto\/perelada-finca-la-garriga-blanc\/#primaryimage","url":"https:\/\/aral2.cetrexmarketing.com\/wp-content\/uploads\/2025\/05\/Perelada-Finca-la-Garriga-Blanco.jpg-1.png","contentUrl":"https:\/\/aral2.cetrexmarketing.com\/wp-content\/uploads\/2025\/05\/Perelada-Finca-la-Garriga-Blanco.jpg-1.png","width":765,"height":1024},{"@type":"BreadcrumbList","@id":"https:\/\/aral2.cetrexmarketing.com\/ca\/producto\/perelada-finca-la-garriga-blanc\/#breadcrumb","itemListElement":[{"@type":"ListItem","position":1,"name":"Home","item":"https:\/\/aral2.cetrexmarketing.com\/ca\/"},{"@type":"ListItem","position":2,"name":"Tienda","item":"https:\/\/aral2.cetrexmarketing.com\/ca\/tienda-2\/"},{"@type":"ListItem","position":3,"name":"Vi","item":"https:\/\/aral2.cetrexmarketing.com\/categoria-producto\/vi\/"},{"@type":"ListItem","position":4,"name":"Vi Blanc","item":"https:\/\/aral2.cetrexmarketing.com\/categoria-producto\/vi\/vi-blanc\/"},{"@type":"ListItem","position":5,"name":"Perelada Finca la Garriga Blanc"}]},{"@type":"WebSite","@id":"https:\/\/aral2.cetrexmarketing.com\/#website","url":"https:\/\/aral2.cetrexmarketing.com\/","name":"M\u00f3n La Cata","description":"Tienda de vinos, licores, cervezas y gourmet","publisher":{"@id":"https:\/\/aral2.cetrexmarketing.com\/#organization"},"potentialAction":[{"@type":"SearchAction","target":{"@type":"EntryPoint","urlTemplate":"https:\/\/aral2.cetrexmarketing.com\/?s={search_term_string}"},"query-input":{"@type":"PropertyValueSpecification","valueRequired":true,"valueName":"search_term_string"}}],"inLanguage":"ca"},{"@type":"Organization","@id":"https:\/\/aral2.cetrexmarketing.com\/#organization","name":"M\u00f3n La Cata","url":"https:\/\/aral2.cetrexmarketing.com\/","logo":{"@type":"ImageObject","inLanguage":"ca","@id":"https:\/\/aral2.cetrexmarketing.com\/#\/schema\/logo\/image\/","url":"https:\/\/aral2.cetrexmarketing.com\/wp-content\/uploads\/2024\/10\/aral-logo-neg-1024x409-1.png","contentUrl":"https:\/\/aral2.cetrexmarketing.com\/wp-content\/uploads\/2024\/10\/aral-logo-neg-1024x409-1.png","width":1024,"height":409,"caption":"M\u00f3n La Cata"},"image":{"@id":"https:\/\/aral2.cetrexmarketing.com\/#\/schema\/logo\/image\/"}}]}},"brands":[],"_links":{"self":[{"href":"https:\/\/aral2.cetrexmarketing.com\/ca\/wp-json\/wp\/v2\/product\/94755","targetHints":{"allow":["GET"]}}],"collection":[{"href":"https:\/\/aral2.cetrexmarketing.com\/ca\/wp-json\/wp\/v2\/product"}],"about":[{"href":"https:\/\/aral2.cetrexmarketing.com\/ca\/wp-json\/wp\/v2\/types\/product"}],"replies":[{"embeddable":true,"href":"https:\/\/aral2.cetrexmarketing.com\/ca\/wp-json\/wp\/v2\/comments?post=94755"}],"wp:featuredmedia":[{"embeddable":true,"href":"https:\/\/aral2.cetrexmarketing.com\/ca\/wp-json\/wp\/v2\/media\/94752"}],"wp:attachment":[{"href":"https:\/\/aral2.cetrexmarketing.com\/ca\/wp-json\/wp\/v2\/media?parent=94755"}],"wp:term":[{"taxonomy":"pwb-brand","embeddable":true,"href":"https:\/\/aral2.cetrexmarketing.com\/ca\/wp-json\/wp\/v2\/pwb-brand?post=94755"},{"taxonomy":"product_brand","embeddable":true,"href":"https:\/\/aral2.cetrexmarketing.com\/ca\/wp-json\/wp\/v2\/product_brand?post=94755"},{"taxonomy":"product_cat","embeddable":true,"href":"https:\/\/aral2.cetrexmarketing.com\/ca\/wp-json\/wp\/v2\/product_cat?post=94755"},{"taxonomy":"product_tag","embeddable":true,"href":"https:\/\/aral2.cetrexmarketing.com\/ca\/wp-json\/wp\/v2\/product_tag?post=94755"}],"curies":[{"name":"wp","href":"https:\/\/api.w.org\/{rel}","templated":true}]}}