{"id":94290,"date":"2025-05-25T08:26:36","date_gmt":"2025-05-25T08:26:36","guid":{"rendered":"https:\/\/aral2.cetrexmarketing.com\/producto\/perelada-don-miguel-mateu-reserva\/"},"modified":"2025-05-27T07:15:44","modified_gmt":"2025-05-27T07:15:44","slug":"perelada-don-miguel-mateu-reserva","status":"publish","type":"product","link":"https:\/\/aral2.cetrexmarketing.com\/ca\/producto\/perelada-don-miguel-mateu-reserva\/","title":{"rendered":"Perelada Don Miguel Mateu Reserva"},"content":{"rendered":"<p data-start=\"0\" data-end=\"347\"><strong data-start=\"0\" data-end=\"45\">El Perelada Gran Reserva Don Miguel Mateu<\/strong> \u00e9s un vi negre de gamma alta elaborat per la reconeguda bodega <strong data-start=\"109\" data-end=\"130\">Castillo Perelada<\/strong>, situada a la <strong data-start=\"145\" data-end=\"177\">Denominaci\u00f3 d&#8217;Origen Empord\u00e0<\/strong>, a <strong data-start=\"181\" data-end=\"203\" data-is-only-node=\"\">Catalunya, Espanya<\/strong>. Aquest vi ret homenatge al fundador de la bodega, <strong data-start=\"255\" data-end=\"275\">Don Miguel Mateu<\/strong>, i reflecteix la tradici\u00f3 i excel\u00b7l\u00e8ncia en la viticultura de la regi\u00f3.<\/p>\n<h3 data-start=\"354\" data-end=\"392\"><strong data-start=\"358\" data-end=\"390\">Caracter\u00edstiques principals:<\/strong><\/h3>\n<ul data-start=\"393\" data-end=\"814\" data-is-last-node=\"\" data-is-only-node=\"\">\n<li data-start=\"393\" data-end=\"590\"><strong data-start=\"395\" data-end=\"417\">Varietats de ra\u00efm:<\/strong> Aquest gran reserva \u00e9s una barreja acuradament seleccionada de varietats negres, que poden incloure <strong data-start=\"518\" data-end=\"571\">Garnatxa Negra, Syrah, Cabernet Sauvignon, Merlot<\/strong> i <strong data-start=\"574\" data-end=\"587\">Carinyena<\/strong>.<\/li>\n<li data-start=\"591\" data-end=\"814\" data-is-last-node=\"\"><strong data-start=\"593\" data-end=\"618\">Elaboraci\u00f3 i crian\u00e7a:<\/strong> Despr\u00e9s d&#8217;una fermentaci\u00f3 controlada, el vi envelleix en <strong data-start=\"676\" data-end=\"698\">barricues de roure<\/strong> durant un per\u00edode prolongat, seguit d&#8217;una <strong data-start=\"741\" data-end=\"763\">crian\u00e7a en ampolla<\/strong>, fet que li confereix <strong data-start=\"786\" data-end=\"813\" data-is-only-node=\"\">complexitat i eleg\u00e0ncia<\/strong>.<\/li>\n<\/ul>\n","protected":false},"excerpt":{"rendered":"<p>El Perelada Gran Reserva Don Miguel Mateu \u00e9s un vi negre de gamma alta elaborat per la reconeguda bodega Castillo Perelada, situada a la Denominaci\u00f3 d&#8217;Origen Empord\u00e0, a Catalunya, Espanya. Aquest vi ret homenatge al fundador de la bodega, Don Miguel Mateu, i reflecteix la tradici\u00f3 i excel\u00b7l\u00e8ncia en la viticultura de la regi\u00f3. Caracter\u00edstiques&hellip;<\/p>\n","protected":false},"featured_media":94287,"comment_status":"closed","ping_status":"closed","template":"","meta":{"_acf_changed":false},"pwb-brand":[],"product_brand":[],"product_cat":[51670,51671],"product_tag":[14938],"class_list":{"0":"post-94290","1":"product","2":"type-product","3":"status-publish","4":"has-post-thumbnail","6":"product_cat-vi","7":"product_cat-vi-negre","8":"product_tag-do-emporda-ca","9":"pa_anada-36210","10":"pa_bodega-cavasdelcastillodeperelada","11":"pa_do-emporda-d-o-ca","12":"pa_envejecimiento-reserva-ca","13":"pa_formatoenl-36158","14":"pa_formatoenml-38306","15":"pa_graduacion-14_0","16":"pa_pais-espanya-ca","17":"pa_pesoengramos-38337","18":"pa_pesoenkg-125-ca","19":"pa_pueblociudad-peraladagirona","20":"pa_region-cataluna","21":"pa_tipodevino-vi-tranquil","22":"pa_variedades-f7-cabernetsauvignon_merlot_g-ca","23":"entry","24":"has-media","26":"first","27":"instock","28":"taxable","29":"shipping-taxable","30":"purchasable","31":"product-type-simple"},"acf":[],"yoast_head":"<!-- This site is optimized with the Yoast SEO Premium plugin v23.1 (Yoast SEO v23.5) - https:\/\/yoast.com\/wordpress\/plugins\/seo\/ -->\n<title>Perelada Don Miguel Mateu Reserva vi negre<\/title>\n<meta name=\"description\" content=\"Comprar online al millor preu vins de Perelada a la DO Empord\u00e0.\" \/>\n<meta name=\"robots\" content=\"noindex, follow, max-snippet:-1, max-image-preview:large, max-video-preview:-1\" \/>\n<meta property=\"og:locale\" content=\"ca_ES\" \/>\n<meta property=\"og:type\" content=\"article\" \/>\n<meta property=\"og:title\" content=\"Perelada Don Miguel Mateu Reserva\" \/>\n<meta property=\"og:description\" content=\"Comprar online al millor preu vins de Perelada a la DO Empord\u00e0.\" \/>\n<meta property=\"og:url\" content=\"https:\/\/aral2.cetrexmarketing.com\/ca\/producto\/perelada-don-miguel-mateu-reserva\/\" \/>\n<meta property=\"og:site_name\" content=\"M\u00f3n La Cata\" \/>\n<meta property=\"article:modified_time\" content=\"2025-05-27T07:15:44+00:00\" \/>\n<meta property=\"og:image\" content=\"https:\/\/aral2.cetrexmarketing.com\/wp-content\/uploads\/2025\/05\/Perelada-Don-Miguel-Mateu-Reserva.jpg.png\" \/>\n\t<meta property=\"og:image:width\" content=\"765\" \/>\n\t<meta property=\"og:image:height\" content=\"1024\" \/>\n\t<meta property=\"og:image:type\" content=\"image\/png\" \/>\n<meta name=\"twitter:card\" content=\"summary_large_image\" \/>\n<meta name=\"twitter:label1\" content=\"Temps estimat de lectura\" \/>\n\t<meta name=\"twitter:data1\" content=\"1 minut\" \/>\n<script type=\"application\/ld+json\" class=\"yoast-schema-graph\">{\"@context\":\"https:\/\/schema.org\",\"@graph\":[{\"@type\":\"WebPage\",\"@id\":\"https:\/\/aral2.cetrexmarketing.com\/ca\/producto\/perelada-don-miguel-mateu-reserva\/\",\"url\":\"https:\/\/aral2.cetrexmarketing.com\/ca\/producto\/perelada-don-miguel-mateu-reserva\/\",\"name\":\"Perelada Don Miguel Mateu Reserva vi negre\",\"isPartOf\":{\"@id\":\"https:\/\/aral2.cetrexmarketing.com\/#website\"},\"primaryImageOfPage\":{\"@id\":\"https:\/\/aral2.cetrexmarketing.com\/ca\/producto\/perelada-don-miguel-mateu-reserva\/#primaryimage\"},\"image\":{\"@id\":\"https:\/\/aral2.cetrexmarketing.com\/ca\/producto\/perelada-don-miguel-mateu-reserva\/#primaryimage\"},\"thumbnailUrl\":\"https:\/\/aral2.cetrexmarketing.com\/wp-content\/uploads\/2025\/05\/Perelada-Don-Miguel-Mateu-Reserva.jpg.png\",\"datePublished\":\"2025-05-25T08:26:36+00:00\",\"dateModified\":\"2025-05-27T07:15:44+00:00\",\"description\":\"Comprar online al millor preu vins de Perelada a la DO Empord\u00e0.\",\"breadcrumb\":{\"@id\":\"https:\/\/aral2.cetrexmarketing.com\/ca\/producto\/perelada-don-miguel-mateu-reserva\/#breadcrumb\"},\"inLanguage\":\"ca\",\"potentialAction\":[{\"@type\":\"ReadAction\",\"target\":[\"https:\/\/aral2.cetrexmarketing.com\/ca\/producto\/perelada-don-miguel-mateu-reserva\/\"]}]},{\"@type\":\"ImageObject\",\"inLanguage\":\"ca\",\"@id\":\"https:\/\/aral2.cetrexmarketing.com\/ca\/producto\/perelada-don-miguel-mateu-reserva\/#primaryimage\",\"url\":\"https:\/\/aral2.cetrexmarketing.com\/wp-content\/uploads\/2025\/05\/Perelada-Don-Miguel-Mateu-Reserva.jpg.png\",\"contentUrl\":\"https:\/\/aral2.cetrexmarketing.com\/wp-content\/uploads\/2025\/05\/Perelada-Don-Miguel-Mateu-Reserva.jpg.png\",\"width\":765,\"height\":1024},{\"@type\":\"BreadcrumbList\",\"@id\":\"https:\/\/aral2.cetrexmarketing.com\/ca\/producto\/perelada-don-miguel-mateu-reserva\/#breadcrumb\",\"itemListElement\":[{\"@type\":\"ListItem\",\"position\":1,\"name\":\"Home\",\"item\":\"https:\/\/aral2.cetrexmarketing.com\/ca\/\"},{\"@type\":\"ListItem\",\"position\":2,\"name\":\"Tienda\",\"item\":\"https:\/\/aral2.cetrexmarketing.com\/ca\/tienda-2\/\"},{\"@type\":\"ListItem\",\"position\":3,\"name\":\"Vi\",\"item\":\"https:\/\/aral2.cetrexmarketing.com\/categoria-producto\/vi\/\"},{\"@type\":\"ListItem\",\"position\":4,\"name\":\"Vi Negre\",\"item\":\"https:\/\/aral2.cetrexmarketing.com\/categoria-producto\/vi\/vi-negre\/\"},{\"@type\":\"ListItem\",\"position\":5,\"name\":\"Perelada Don Miguel Mateu Reserva\"}]},{\"@type\":\"WebSite\",\"@id\":\"https:\/\/aral2.cetrexmarketing.com\/#website\",\"url\":\"https:\/\/aral2.cetrexmarketing.com\/\",\"name\":\"M\u00f3n La Cata\",\"description\":\"Tienda de vinos, licores, cervezas y gourmet\",\"publisher\":{\"@id\":\"https:\/\/aral2.cetrexmarketing.com\/#organization\"},\"potentialAction\":[{\"@type\":\"SearchAction\",\"target\":{\"@type\":\"EntryPoint\",\"urlTemplate\":\"https:\/\/aral2.cetrexmarketing.com\/?s={search_term_string}\"},\"query-input\":{\"@type\":\"PropertyValueSpecification\",\"valueRequired\":true,\"valueName\":\"search_term_string\"}}],\"inLanguage\":\"ca\"},{\"@type\":\"Organization\",\"@id\":\"https:\/\/aral2.cetrexmarketing.com\/#organization\",\"name\":\"M\u00f3n La Cata\",\"url\":\"https:\/\/aral2.cetrexmarketing.com\/\",\"logo\":{\"@type\":\"ImageObject\",\"inLanguage\":\"ca\",\"@id\":\"https:\/\/aral2.cetrexmarketing.com\/#\/schema\/logo\/image\/\",\"url\":\"https:\/\/aral2.cetrexmarketing.com\/wp-content\/uploads\/2024\/10\/aral-logo-neg-1024x409-1.png\",\"contentUrl\":\"https:\/\/aral2.cetrexmarketing.com\/wp-content\/uploads\/2024\/10\/aral-logo-neg-1024x409-1.png\",\"width\":1024,\"height\":409,\"caption\":\"M\u00f3n La Cata\"},\"image\":{\"@id\":\"https:\/\/aral2.cetrexmarketing.com\/#\/schema\/logo\/image\/\"}}]}<\/script>\n<!-- \/ Yoast SEO Premium plugin. -->","yoast_head_json":{"title":"Perelada Don Miguel Mateu Reserva vi negre","description":"Comprar online al millor preu vins de Perelada a la DO Empord\u00e0.","robots":{"index":"noindex","follow":"follow","max-snippet":"max-snippet:-1","max-image-preview":"max-image-preview:large","max-video-preview":"max-video-preview:-1"},"og_locale":"ca_ES","og_type":"article","og_title":"Perelada Don Miguel Mateu Reserva","og_description":"Comprar online al millor preu vins de Perelada a la DO Empord\u00e0.","og_url":"https:\/\/aral2.cetrexmarketing.com\/ca\/producto\/perelada-don-miguel-mateu-reserva\/","og_site_name":"M\u00f3n La Cata","article_modified_time":"2025-05-27T07:15:44+00:00","og_image":[{"width":765,"height":1024,"url":"https:\/\/aral2.cetrexmarketing.com\/wp-content\/uploads\/2025\/05\/Perelada-Don-Miguel-Mateu-Reserva.jpg.png","type":"image\/png"}],"twitter_card":"summary_large_image","twitter_misc":{"Temps estimat de lectura":"1 minut"},"schema":{"@context":"https:\/\/schema.org","@graph":[{"@type":"WebPage","@id":"https:\/\/aral2.cetrexmarketing.com\/ca\/producto\/perelada-don-miguel-mateu-reserva\/","url":"https:\/\/aral2.cetrexmarketing.com\/ca\/producto\/perelada-don-miguel-mateu-reserva\/","name":"Perelada Don Miguel Mateu Reserva vi negre","isPartOf":{"@id":"https:\/\/aral2.cetrexmarketing.com\/#website"},"primaryImageOfPage":{"@id":"https:\/\/aral2.cetrexmarketing.com\/ca\/producto\/perelada-don-miguel-mateu-reserva\/#primaryimage"},"image":{"@id":"https:\/\/aral2.cetrexmarketing.com\/ca\/producto\/perelada-don-miguel-mateu-reserva\/#primaryimage"},"thumbnailUrl":"https:\/\/aral2.cetrexmarketing.com\/wp-content\/uploads\/2025\/05\/Perelada-Don-Miguel-Mateu-Reserva.jpg.png","datePublished":"2025-05-25T08:26:36+00:00","dateModified":"2025-05-27T07:15:44+00:00","description":"Comprar online al millor preu vins de Perelada a la DO Empord\u00e0.","breadcrumb":{"@id":"https:\/\/aral2.cetrexmarketing.com\/ca\/producto\/perelada-don-miguel-mateu-reserva\/#breadcrumb"},"inLanguage":"ca","potentialAction":[{"@type":"ReadAction","target":["https:\/\/aral2.cetrexmarketing.com\/ca\/producto\/perelada-don-miguel-mateu-reserva\/"]}]},{"@type":"ImageObject","inLanguage":"ca","@id":"https:\/\/aral2.cetrexmarketing.com\/ca\/producto\/perelada-don-miguel-mateu-reserva\/#primaryimage","url":"https:\/\/aral2.cetrexmarketing.com\/wp-content\/uploads\/2025\/05\/Perelada-Don-Miguel-Mateu-Reserva.jpg.png","contentUrl":"https:\/\/aral2.cetrexmarketing.com\/wp-content\/uploads\/2025\/05\/Perelada-Don-Miguel-Mateu-Reserva.jpg.png","width":765,"height":1024},{"@type":"BreadcrumbList","@id":"https:\/\/aral2.cetrexmarketing.com\/ca\/producto\/perelada-don-miguel-mateu-reserva\/#breadcrumb","itemListElement":[{"@type":"ListItem","position":1,"name":"Home","item":"https:\/\/aral2.cetrexmarketing.com\/ca\/"},{"@type":"ListItem","position":2,"name":"Tienda","item":"https:\/\/aral2.cetrexmarketing.com\/ca\/tienda-2\/"},{"@type":"ListItem","position":3,"name":"Vi","item":"https:\/\/aral2.cetrexmarketing.com\/categoria-producto\/vi\/"},{"@type":"ListItem","position":4,"name":"Vi Negre","item":"https:\/\/aral2.cetrexmarketing.com\/categoria-producto\/vi\/vi-negre\/"},{"@type":"ListItem","position":5,"name":"Perelada Don Miguel Mateu Reserva"}]},{"@type":"WebSite","@id":"https:\/\/aral2.cetrexmarketing.com\/#website","url":"https:\/\/aral2.cetrexmarketing.com\/","name":"M\u00f3n La Cata","description":"Tienda de vinos, licores, cervezas y gourmet","publisher":{"@id":"https:\/\/aral2.cetrexmarketing.com\/#organization"},"potentialAction":[{"@type":"SearchAction","target":{"@type":"EntryPoint","urlTemplate":"https:\/\/aral2.cetrexmarketing.com\/?s={search_term_string}"},"query-input":{"@type":"PropertyValueSpecification","valueRequired":true,"valueName":"search_term_string"}}],"inLanguage":"ca"},{"@type":"Organization","@id":"https:\/\/aral2.cetrexmarketing.com\/#organization","name":"M\u00f3n La Cata","url":"https:\/\/aral2.cetrexmarketing.com\/","logo":{"@type":"ImageObject","inLanguage":"ca","@id":"https:\/\/aral2.cetrexmarketing.com\/#\/schema\/logo\/image\/","url":"https:\/\/aral2.cetrexmarketing.com\/wp-content\/uploads\/2024\/10\/aral-logo-neg-1024x409-1.png","contentUrl":"https:\/\/aral2.cetrexmarketing.com\/wp-content\/uploads\/2024\/10\/aral-logo-neg-1024x409-1.png","width":1024,"height":409,"caption":"M\u00f3n La Cata"},"image":{"@id":"https:\/\/aral2.cetrexmarketing.com\/#\/schema\/logo\/image\/"}}]}},"brands":[],"_links":{"self":[{"href":"https:\/\/aral2.cetrexmarketing.com\/ca\/wp-json\/wp\/v2\/product\/94290","targetHints":{"allow":["GET"]}}],"collection":[{"href":"https:\/\/aral2.cetrexmarketing.com\/ca\/wp-json\/wp\/v2\/product"}],"about":[{"href":"https:\/\/aral2.cetrexmarketing.com\/ca\/wp-json\/wp\/v2\/types\/product"}],"replies":[{"embeddable":true,"href":"https:\/\/aral2.cetrexmarketing.com\/ca\/wp-json\/wp\/v2\/comments?post=94290"}],"wp:featuredmedia":[{"embeddable":true,"href":"https:\/\/aral2.cetrexmarketing.com\/ca\/wp-json\/wp\/v2\/media\/94287"}],"wp:attachment":[{"href":"https:\/\/aral2.cetrexmarketing.com\/ca\/wp-json\/wp\/v2\/media?parent=94290"}],"wp:term":[{"taxonomy":"pwb-brand","embeddable":true,"href":"https:\/\/aral2.cetrexmarketing.com\/ca\/wp-json\/wp\/v2\/pwb-brand?post=94290"},{"taxonomy":"product_brand","embeddable":true,"href":"https:\/\/aral2.cetrexmarketing.com\/ca\/wp-json\/wp\/v2\/product_brand?post=94290"},{"taxonomy":"product_cat","embeddable":true,"href":"https:\/\/aral2.cetrexmarketing.com\/ca\/wp-json\/wp\/v2\/product_cat?post=94290"},{"taxonomy":"product_tag","embeddable":true,"href":"https:\/\/aral2.cetrexmarketing.com\/ca\/wp-json\/wp\/v2\/product_tag?post=94290"}],"curies":[{"name":"wp","href":"https:\/\/api.w.org\/{rel}","templated":true}]}}