{"id":94097,"date":"2025-05-25T08:23:33","date_gmt":"2025-05-25T08:23:33","guid":{"rendered":"https:\/\/aral2.cetrexmarketing.com\/producto\/castro-candaz-finca-el-curvado\/"},"modified":"2025-05-27T07:14:50","modified_gmt":"2025-05-27T07:14:50","slug":"castro-candaz-finca-el-curvado","status":"publish","type":"product","link":"https:\/\/aral2.cetrexmarketing.com\/ca\/producto\/castro-candaz-finca-el-curvado\/","title":{"rendered":"Castro Candaz Finca El Curvado"},"content":{"rendered":"","protected":false},"excerpt":{"rendered":"","protected":false},"featured_media":94094,"comment_status":"closed","ping_status":"closed","template":"","meta":{"_acf_changed":false},"pwb-brand":[32903],"product_brand":[],"product_cat":[51670,51671],"product_tag":[17647,17643,17645,17652,17649,14889,17648,17642,17650],"class_list":{"0":"post-94097","1":"product","2":"type-product","3":"status-publish","4":"has-post-thumbnail","6":"pwb-brand-ribera-sacra-d-o","7":"product_cat-vi","8":"product_cat-vi-negre","9":"product_tag-bendollo-ca","10":"product_tag-castro-candaz-ca","11":"product_tag-do-ribeira-sacra-ca","12":"product_tag-finca-el-curvado-ca","13":"product_tag-lugo-ca","14":"product_tag-mencia-ca","15":"product_tag-quiroga-ca","16":"product_tag-raul-perez-ca","17":"product_tag-viticultura-heroica-ca","18":"pa_anada-36208","19":"pa_bodega-castrocandaz","20":"pa_do-ribeirasacrado-ca","21":"pa_floral-negre-floral","22":"pa_formatoenl-36158","23":"pa_formatoenml-38306","24":"pa_graduacion-13_0","25":"pa_maridaje-midons","26":"pa_maridaje-verdures","27":"pa_pais-espanya-ca","28":"pa_pesoengramos-38337","29":"pa_pesoenkg-125-ca","30":"pa_tipodevino-vi-tranquil","31":"pa_variedad-principal-mencia-ca","32":"entry","33":"has-media","35":"first","36":"outofstock","37":"taxable","38":"shipping-taxable","39":"purchasable","40":"product-type-simple"},"acf":[],"yoast_head":"<!-- This site is optimized with the Yoast SEO Premium plugin v23.1 (Yoast SEO v23.5) - https:\/\/yoast.com\/wordpress\/plugins\/seo\/ -->\n<title>Castro Candaz Finca El Curvado<\/title>\n<meta name=\"description\" content=\"Comprar online al millor preu el vi negre Castro Candaz Finca El Curvado de Ra\u00fal P\u00e9rez a la DO Ribeira Sacra. Viniteca. Licoreria. Alimentaci\u00f3. Descomptes. Oferta\" \/>\n<meta name=\"robots\" content=\"noindex, follow, max-snippet:-1, max-image-preview:large, max-video-preview:-1\" \/>\n<meta property=\"og:locale\" content=\"ca_ES\" \/>\n<meta property=\"og:type\" content=\"article\" \/>\n<meta property=\"og:title\" content=\"Castro Candaz Finca El Curvado\" \/>\n<meta property=\"og:description\" content=\"Comprar online al millor preu el vi negre Castro Candaz Finca El Curvado de Ra\u00fal P\u00e9rez a la DO Ribeira Sacra. Viniteca. Licoreria. Alimentaci\u00f3. Descomptes. Oferta\" \/>\n<meta property=\"og:url\" content=\"https:\/\/aral2.cetrexmarketing.com\/ca\/producto\/castro-candaz-finca-el-curvado\/\" \/>\n<meta property=\"og:site_name\" content=\"M\u00f3n La Cata\" \/>\n<meta property=\"article:modified_time\" content=\"2025-05-27T07:14:50+00:00\" \/>\n<meta property=\"og:image\" content=\"https:\/\/aral2.cetrexmarketing.com\/wp-content\/uploads\/2025\/05\/Castro-Candaz-Finca-El-Curvado.jpg.png\" \/>\n\t<meta property=\"og:image:width\" content=\"765\" \/>\n\t<meta property=\"og:image:height\" content=\"1024\" \/>\n\t<meta property=\"og:image:type\" content=\"image\/png\" \/>\n<meta name=\"twitter:card\" content=\"summary_large_image\" \/>\n<script type=\"application\/ld+json\" class=\"yoast-schema-graph\">{\"@context\":\"https:\/\/schema.org\",\"@graph\":[{\"@type\":\"WebPage\",\"@id\":\"https:\/\/aral2.cetrexmarketing.com\/ca\/producto\/castro-candaz-finca-el-curvado\/\",\"url\":\"https:\/\/aral2.cetrexmarketing.com\/ca\/producto\/castro-candaz-finca-el-curvado\/\",\"name\":\"Castro Candaz Finca El Curvado\",\"isPartOf\":{\"@id\":\"https:\/\/aral2.cetrexmarketing.com\/#website\"},\"primaryImageOfPage\":{\"@id\":\"https:\/\/aral2.cetrexmarketing.com\/ca\/producto\/castro-candaz-finca-el-curvado\/#primaryimage\"},\"image\":{\"@id\":\"https:\/\/aral2.cetrexmarketing.com\/ca\/producto\/castro-candaz-finca-el-curvado\/#primaryimage\"},\"thumbnailUrl\":\"https:\/\/aral2.cetrexmarketing.com\/wp-content\/uploads\/2025\/05\/Castro-Candaz-Finca-El-Curvado.jpg.png\",\"datePublished\":\"2025-05-25T08:23:33+00:00\",\"dateModified\":\"2025-05-27T07:14:50+00:00\",\"description\":\"Comprar online al millor preu el vi negre Castro Candaz Finca El Curvado de Ra\u00fal P\u00e9rez a la DO Ribeira Sacra. Viniteca. Licoreria. Alimentaci\u00f3. Descomptes. Oferta\",\"breadcrumb\":{\"@id\":\"https:\/\/aral2.cetrexmarketing.com\/ca\/producto\/castro-candaz-finca-el-curvado\/#breadcrumb\"},\"inLanguage\":\"ca\",\"potentialAction\":[{\"@type\":\"ReadAction\",\"target\":[\"https:\/\/aral2.cetrexmarketing.com\/ca\/producto\/castro-candaz-finca-el-curvado\/\"]}]},{\"@type\":\"ImageObject\",\"inLanguage\":\"ca\",\"@id\":\"https:\/\/aral2.cetrexmarketing.com\/ca\/producto\/castro-candaz-finca-el-curvado\/#primaryimage\",\"url\":\"https:\/\/aral2.cetrexmarketing.com\/wp-content\/uploads\/2025\/05\/Castro-Candaz-Finca-El-Curvado.jpg.png\",\"contentUrl\":\"https:\/\/aral2.cetrexmarketing.com\/wp-content\/uploads\/2025\/05\/Castro-Candaz-Finca-El-Curvado.jpg.png\",\"width\":765,\"height\":1024},{\"@type\":\"BreadcrumbList\",\"@id\":\"https:\/\/aral2.cetrexmarketing.com\/ca\/producto\/castro-candaz-finca-el-curvado\/#breadcrumb\",\"itemListElement\":[{\"@type\":\"ListItem\",\"position\":1,\"name\":\"Home\",\"item\":\"https:\/\/aral2.cetrexmarketing.com\/ca\/\"},{\"@type\":\"ListItem\",\"position\":2,\"name\":\"Tienda\",\"item\":\"https:\/\/aral2.cetrexmarketing.com\/ca\/tienda-2\/\"},{\"@type\":\"ListItem\",\"position\":3,\"name\":\"Vi\",\"item\":\"https:\/\/aral2.cetrexmarketing.com\/categoria-producto\/vi\/\"},{\"@type\":\"ListItem\",\"position\":4,\"name\":\"Vi Negre\",\"item\":\"https:\/\/aral2.cetrexmarketing.com\/categoria-producto\/vi\/vi-negre\/\"},{\"@type\":\"ListItem\",\"position\":5,\"name\":\"Castro Candaz Finca El Curvado\"}]},{\"@type\":\"WebSite\",\"@id\":\"https:\/\/aral2.cetrexmarketing.com\/#website\",\"url\":\"https:\/\/aral2.cetrexmarketing.com\/\",\"name\":\"M\u00f3n La Cata\",\"description\":\"Tienda de vinos, licores, cervezas y gourmet\",\"publisher\":{\"@id\":\"https:\/\/aral2.cetrexmarketing.com\/#organization\"},\"potentialAction\":[{\"@type\":\"SearchAction\",\"target\":{\"@type\":\"EntryPoint\",\"urlTemplate\":\"https:\/\/aral2.cetrexmarketing.com\/?s={search_term_string}\"},\"query-input\":{\"@type\":\"PropertyValueSpecification\",\"valueRequired\":true,\"valueName\":\"search_term_string\"}}],\"inLanguage\":\"ca\"},{\"@type\":\"Organization\",\"@id\":\"https:\/\/aral2.cetrexmarketing.com\/#organization\",\"name\":\"M\u00f3n La Cata\",\"url\":\"https:\/\/aral2.cetrexmarketing.com\/\",\"logo\":{\"@type\":\"ImageObject\",\"inLanguage\":\"ca\",\"@id\":\"https:\/\/aral2.cetrexmarketing.com\/#\/schema\/logo\/image\/\",\"url\":\"https:\/\/aral2.cetrexmarketing.com\/wp-content\/uploads\/2024\/10\/aral-logo-neg-1024x409-1.png\",\"contentUrl\":\"https:\/\/aral2.cetrexmarketing.com\/wp-content\/uploads\/2024\/10\/aral-logo-neg-1024x409-1.png\",\"width\":1024,\"height\":409,\"caption\":\"M\u00f3n La Cata\"},\"image\":{\"@id\":\"https:\/\/aral2.cetrexmarketing.com\/#\/schema\/logo\/image\/\"}}]}<\/script>\n<!-- \/ Yoast SEO Premium plugin. -->","yoast_head_json":{"title":"Castro Candaz Finca El Curvado","description":"Comprar online al millor preu el vi negre Castro Candaz Finca El Curvado de Ra\u00fal P\u00e9rez a la DO Ribeira Sacra. Viniteca. Licoreria. Alimentaci\u00f3. Descomptes. Oferta","robots":{"index":"noindex","follow":"follow","max-snippet":"max-snippet:-1","max-image-preview":"max-image-preview:large","max-video-preview":"max-video-preview:-1"},"og_locale":"ca_ES","og_type":"article","og_title":"Castro Candaz Finca El Curvado","og_description":"Comprar online al millor preu el vi negre Castro Candaz Finca El Curvado de Ra\u00fal P\u00e9rez a la DO Ribeira Sacra. Viniteca. Licoreria. Alimentaci\u00f3. Descomptes. Oferta","og_url":"https:\/\/aral2.cetrexmarketing.com\/ca\/producto\/castro-candaz-finca-el-curvado\/","og_site_name":"M\u00f3n La Cata","article_modified_time":"2025-05-27T07:14:50+00:00","og_image":[{"width":765,"height":1024,"url":"https:\/\/aral2.cetrexmarketing.com\/wp-content\/uploads\/2025\/05\/Castro-Candaz-Finca-El-Curvado.jpg.png","type":"image\/png"}],"twitter_card":"summary_large_image","schema":{"@context":"https:\/\/schema.org","@graph":[{"@type":"WebPage","@id":"https:\/\/aral2.cetrexmarketing.com\/ca\/producto\/castro-candaz-finca-el-curvado\/","url":"https:\/\/aral2.cetrexmarketing.com\/ca\/producto\/castro-candaz-finca-el-curvado\/","name":"Castro Candaz Finca El Curvado","isPartOf":{"@id":"https:\/\/aral2.cetrexmarketing.com\/#website"},"primaryImageOfPage":{"@id":"https:\/\/aral2.cetrexmarketing.com\/ca\/producto\/castro-candaz-finca-el-curvado\/#primaryimage"},"image":{"@id":"https:\/\/aral2.cetrexmarketing.com\/ca\/producto\/castro-candaz-finca-el-curvado\/#primaryimage"},"thumbnailUrl":"https:\/\/aral2.cetrexmarketing.com\/wp-content\/uploads\/2025\/05\/Castro-Candaz-Finca-El-Curvado.jpg.png","datePublished":"2025-05-25T08:23:33+00:00","dateModified":"2025-05-27T07:14:50+00:00","description":"Comprar online al millor preu el vi negre Castro Candaz Finca El Curvado de Ra\u00fal P\u00e9rez a la DO Ribeira Sacra. Viniteca. Licoreria. Alimentaci\u00f3. Descomptes. Oferta","breadcrumb":{"@id":"https:\/\/aral2.cetrexmarketing.com\/ca\/producto\/castro-candaz-finca-el-curvado\/#breadcrumb"},"inLanguage":"ca","potentialAction":[{"@type":"ReadAction","target":["https:\/\/aral2.cetrexmarketing.com\/ca\/producto\/castro-candaz-finca-el-curvado\/"]}]},{"@type":"ImageObject","inLanguage":"ca","@id":"https:\/\/aral2.cetrexmarketing.com\/ca\/producto\/castro-candaz-finca-el-curvado\/#primaryimage","url":"https:\/\/aral2.cetrexmarketing.com\/wp-content\/uploads\/2025\/05\/Castro-Candaz-Finca-El-Curvado.jpg.png","contentUrl":"https:\/\/aral2.cetrexmarketing.com\/wp-content\/uploads\/2025\/05\/Castro-Candaz-Finca-El-Curvado.jpg.png","width":765,"height":1024},{"@type":"BreadcrumbList","@id":"https:\/\/aral2.cetrexmarketing.com\/ca\/producto\/castro-candaz-finca-el-curvado\/#breadcrumb","itemListElement":[{"@type":"ListItem","position":1,"name":"Home","item":"https:\/\/aral2.cetrexmarketing.com\/ca\/"},{"@type":"ListItem","position":2,"name":"Tienda","item":"https:\/\/aral2.cetrexmarketing.com\/ca\/tienda-2\/"},{"@type":"ListItem","position":3,"name":"Vi","item":"https:\/\/aral2.cetrexmarketing.com\/categoria-producto\/vi\/"},{"@type":"ListItem","position":4,"name":"Vi Negre","item":"https:\/\/aral2.cetrexmarketing.com\/categoria-producto\/vi\/vi-negre\/"},{"@type":"ListItem","position":5,"name":"Castro Candaz Finca El Curvado"}]},{"@type":"WebSite","@id":"https:\/\/aral2.cetrexmarketing.com\/#website","url":"https:\/\/aral2.cetrexmarketing.com\/","name":"M\u00f3n La Cata","description":"Tienda de vinos, licores, cervezas y gourmet","publisher":{"@id":"https:\/\/aral2.cetrexmarketing.com\/#organization"},"potentialAction":[{"@type":"SearchAction","target":{"@type":"EntryPoint","urlTemplate":"https:\/\/aral2.cetrexmarketing.com\/?s={search_term_string}"},"query-input":{"@type":"PropertyValueSpecification","valueRequired":true,"valueName":"search_term_string"}}],"inLanguage":"ca"},{"@type":"Organization","@id":"https:\/\/aral2.cetrexmarketing.com\/#organization","name":"M\u00f3n La Cata","url":"https:\/\/aral2.cetrexmarketing.com\/","logo":{"@type":"ImageObject","inLanguage":"ca","@id":"https:\/\/aral2.cetrexmarketing.com\/#\/schema\/logo\/image\/","url":"https:\/\/aral2.cetrexmarketing.com\/wp-content\/uploads\/2024\/10\/aral-logo-neg-1024x409-1.png","contentUrl":"https:\/\/aral2.cetrexmarketing.com\/wp-content\/uploads\/2024\/10\/aral-logo-neg-1024x409-1.png","width":1024,"height":409,"caption":"M\u00f3n La Cata"},"image":{"@id":"https:\/\/aral2.cetrexmarketing.com\/#\/schema\/logo\/image\/"}}]}},"brands":[{"id":32903,"name":"Ribera Sacra D.O.","slug":"ribera-sacra-d-o"}],"_links":{"self":[{"href":"https:\/\/aral2.cetrexmarketing.com\/ca\/wp-json\/wp\/v2\/product\/94097","targetHints":{"allow":["GET"]}}],"collection":[{"href":"https:\/\/aral2.cetrexmarketing.com\/ca\/wp-json\/wp\/v2\/product"}],"about":[{"href":"https:\/\/aral2.cetrexmarketing.com\/ca\/wp-json\/wp\/v2\/types\/product"}],"replies":[{"embeddable":true,"href":"https:\/\/aral2.cetrexmarketing.com\/ca\/wp-json\/wp\/v2\/comments?post=94097"}],"wp:featuredmedia":[{"embeddable":true,"href":"https:\/\/aral2.cetrexmarketing.com\/ca\/wp-json\/wp\/v2\/media\/94094"}],"wp:attachment":[{"href":"https:\/\/aral2.cetrexmarketing.com\/ca\/wp-json\/wp\/v2\/media?parent=94097"}],"wp:term":[{"taxonomy":"pwb-brand","embeddable":true,"href":"https:\/\/aral2.cetrexmarketing.com\/ca\/wp-json\/wp\/v2\/pwb-brand?post=94097"},{"taxonomy":"product_brand","embeddable":true,"href":"https:\/\/aral2.cetrexmarketing.com\/ca\/wp-json\/wp\/v2\/product_brand?post=94097"},{"taxonomy":"product_cat","embeddable":true,"href":"https:\/\/aral2.cetrexmarketing.com\/ca\/wp-json\/wp\/v2\/product_cat?post=94097"},{"taxonomy":"product_tag","embeddable":true,"href":"https:\/\/aral2.cetrexmarketing.com\/ca\/wp-json\/wp\/v2\/product_tag?post=94097"}],"curies":[{"name":"wp","href":"https:\/\/api.w.org\/{rel}","templated":true}]}}