{"id":94093,"date":"2025-05-25T08:23:27","date_gmt":"2025-05-25T08:23:27","guid":{"rendered":"https:\/\/aral2.cetrexmarketing.com\/producto\/castro-candaz-mencia\/"},"modified":"2025-05-27T07:14:47","modified_gmt":"2025-05-27T07:14:47","slug":"castro-candaz-mencia","status":"publish","type":"product","link":"https:\/\/aral2.cetrexmarketing.com\/ca\/producto\/castro-candaz-mencia\/","title":{"rendered":"Castro Candaz Menc\u00eda"},"content":{"rendered":"<div class=\"flex-1 overflow-hidden @container\/thread\">\n<div class=\"h-full\">\n<div class=\"react-scroll-to-bottom--css-wyuki-79elbk h-full\">\n<div class=\"react-scroll-to-bottom--css-wyuki-1n7m0yu\">\n<div class=\"flex flex-col text-sm md:pb-9\">\n<article class=\"w-full scroll-mb-[var(--thread-trailing-height,150px)] text-token-text-primary focus-visible:outline-2 focus-visible:outline-offset-[-4px]\" dir=\"auto\" data-testid=\"conversation-turn-3\" data-scroll-anchor=\"true\">\n<div class=\"m-auto text-base py-[18px] px-3 md:px-4 w-full md:px-5 lg:px-4 xl:px-5\">\n<div class=\"mx-auto flex flex-1 gap-4 text-base md:gap-5 lg:gap-6 md:max-w-3xl lg:max-w-[40rem] xl:max-w-[48rem]\">\n<div class=\"group\/conversation-turn relative flex w-full min-w-0 flex-col agent-turn\">\n<div class=\"flex-col gap-1 md:gap-3\">\n<div class=\"flex max-w-full flex-col flex-grow\">\n<div class=\"min-h-8 text-message flex w-full flex-col items-end gap-2 whitespace-normal break-words text-start [.text-message+&amp;]:mt-5\" dir=\"auto\" data-message-author-role=\"assistant\" data-message-id=\"6c2f251c-0b2b-4bee-a21f-2ad575db3854\" data-message-model-slug=\"gpt-4o\">\n<div class=\"flex w-full flex-col gap-1 empty:hidden first:pt-[3px]\">\n<div class=\"markdown prose w-full break-words dark:prose-invert light\">\n<p>El Castro Candaz Menc\u00eda \u00e9s un vi negre monovarietal elaborat exclusivament amb ra\u00efm Menc\u00eda, una varietat emblem\u00e0tica de la regi\u00f3 de la Ribeira Sacra a Gal\u00edcia, Espanya. Aquest vi \u00e9s fruit de la col\u00b7laboraci\u00f3 entre els reconeguts en\u00f2legs Ra\u00fal P\u00e9rez i Rodrigo M\u00e9ndez, que busquen ressaltar el potencial de les varietats tradicionals de la zona i reflectir en els seus vins el paisatge on neixen.<\/p>\n<h3>Caracter\u00edstiques principals:<\/h3>\n<ul>\n<li><strong>Denominaci\u00f3 d\u2019Origen<\/strong>: D.O. Ribeira Sacra.<\/li>\n<li><strong>Varietat de ra\u00efm<\/strong>: 100% Menc\u00eda.<\/li>\n<li><strong>Elaboraci\u00f3<\/strong>: La verema es realitza manualment, assegurant una selecci\u00f3 acurada del ra\u00efm. La vinificaci\u00f3 segueix m\u00e8todes tradicionals amb m\u00ednima intervenci\u00f3, buscant expressar al m\u00e0xim les caracter\u00edstiques de la varietat i el terrer. Despr\u00e9s de la fermentaci\u00f3 alcoh\u00f2lica, el vi envelleix durant 6 mesos en b\u00f3tes usades de roure franc\u00e8s de 500 litres, cosa que li permet conservar la frescor de la fruita i el car\u00e0cter del s\u00f2l.<\/li>\n<li><strong>Temperatura de servei recomanada<\/strong>: 16\u00b0C.<\/li>\n<\/ul>\n<h3>Notes de tast:<\/h3>\n<ul>\n<li><strong>Vista<\/strong>: Color vermell cirera brillant.<\/li>\n<li><strong>Nas<\/strong>: Aromes frescos i afruitats, amb notes florals i minerals que reflecteixen el car\u00e0cter atl\u00e0ntic de la regi\u00f3.<\/li>\n<li><strong>Boca<\/strong>: En boca \u00e9s equilibrat, fresc i elegant, amb una acidesa ben integrada i tanins suaus. Destaquen sabors de fruites vermelles madures, tocs especiats i una mineralitat pronunciada que aporta profunditat i complexitat.<\/li>\n<\/ul>\n<\/div>\n<\/div>\n<\/div>\n<\/div>\n<div class=\"mb-2 flex gap-3 empty:hidden -ml-2\">\n<div class=\"items-center justify-start rounded-xl p-1 flex\"><\/div>\n<\/div>\n<\/div>\n<\/div>\n<\/div>\n<\/div>\n<\/article>\n<\/div>\n<\/div>\n<\/div>\n<\/div>\n<\/div>\n","protected":false},"excerpt":{"rendered":"<p>El <strong>Castro Candaz Menc\u00eda<\/strong> \u00e9s un vi negre monovarietal elaborat al 100% amb ra\u00efms <strong>Menc\u00eda<\/strong>, una varietat emblem\u00e0tica de la <strong>Ribeira Sacra<\/strong> a Gal\u00edcia. Creat pels en\u00f2legs <strong>Ra\u00fal P\u00e9rez<\/strong> i <strong>Rodrigo M\u00e9ndez<\/strong>, destaca per la seva vinificaci\u00f3 tradicional amb m\u00ednima intervenci\u00f3, la qual cosa ressalta el car\u00e0cter de la varietat i el terreny. Despr\u00e9s d\u2019una crian\u00e7a de 6 mesos en b\u00f3tes de <strong>roure franc\u00e8s<\/strong>, el vi presenta un color <strong>roig cirera brillant<\/strong> i aromes frescos de <strong>fruites vermelles<\/strong>, <strong>flors<\/strong> i un toc <strong>mineral<\/strong>. A la boca \u00e9s <strong>elegant<\/strong>, amb una <strong>acidesa equilibrada<\/strong>, <strong>tanins suaus<\/strong> i sabors complexos que evoquen fruites madures, esp\u00e8cies i una mineralitat que li d\u00f3na profunditat.<\/p>\n","protected":false},"featured_media":94090,"comment_status":"closed","ping_status":"closed","template":"","meta":{"_acf_changed":false},"pwb-brand":[32903],"product_brand":[],"product_cat":[51670,51671],"product_tag":[17647,17643,17645,17649,17646,14889,16431,17648,17642,17650],"class_list":{"0":"post-94093","1":"product","2":"type-product","3":"status-publish","4":"has-post-thumbnail","6":"pwb-brand-ribera-sacra-d-o","7":"product_cat-vi","8":"product_cat-vi-negre","9":"product_tag-bendollo-ca","10":"product_tag-castro-candaz-ca","11":"product_tag-do-ribeira-sacra-ca","12":"product_tag-lugo-ca","13":"product_tag-meano-ca","14":"product_tag-mencia-ca","15":"product_tag-pontevedra-ca","16":"product_tag-quiroga-ca","17":"product_tag-raul-perez-ca","18":"product_tag-viticultura-heroica-ca","19":"pa_anada-36212","20":"pa_bodega-castrocandaz","21":"pa_do-ribeirasacrado-ca","22":"pa_floral-negre-floral","23":"pa_formatoenl-36158","24":"pa_formatoenml-38306","25":"pa_graduacion-13_0","26":"pa_maridaje-carn-blanca","27":"pa_maridaje-midons","28":"pa_maridaje-verdures","29":"pa_pais-espanya-ca","30":"pa_pesoengramos-38354","31":"pa_pesoenkg-14-2","32":"pa_tipodevino-vi-tranquil","33":"pa_variedad-principal-mencia-ca","34":"entry","35":"has-media","37":"first","38":"instock","39":"taxable","40":"shipping-taxable","41":"purchasable","42":"product-type-simple"},"acf":[],"yoast_head":"<!-- This site is optimized with the Yoast SEO Premium plugin v23.1 (Yoast SEO v23.5) - https:\/\/yoast.com\/wordpress\/plugins\/seo\/ -->\n<title>Castro Candaz Menc\u00eda vi negre<\/title>\n<meta name=\"description\" content=\"Comprar online al millor preu el vi negre Castro Candaz Menc\u00eda de Ra\u00fal P\u00e9rez a la DO Ribeira Sacra. Viniteca. Licoreria. Alimentaci\u00f3. Descomptes. Ofertes.\" \/>\n<meta name=\"robots\" content=\"noindex, follow, max-snippet:-1, max-image-preview:large, max-video-preview:-1\" \/>\n<meta property=\"og:locale\" content=\"ca_ES\" \/>\n<meta property=\"og:type\" content=\"article\" \/>\n<meta property=\"og:title\" content=\"Castro Candaz Menc\u00eda\" \/>\n<meta property=\"og:description\" content=\"Comprar online al millor preu el vi negre Castro Candaz Menc\u00eda de Ra\u00fal P\u00e9rez a la DO Ribeira Sacra. Viniteca. Licoreria. Alimentaci\u00f3. Descomptes. Ofertes.\" \/>\n<meta property=\"og:url\" content=\"https:\/\/aral2.cetrexmarketing.com\/ca\/producto\/castro-candaz-mencia\/\" \/>\n<meta property=\"og:site_name\" content=\"M\u00f3n La Cata\" \/>\n<meta property=\"article:modified_time\" content=\"2025-05-27T07:14:47+00:00\" \/>\n<meta property=\"og:image\" content=\"https:\/\/aral2.cetrexmarketing.com\/wp-content\/uploads\/2025\/05\/Castro-Candaz-Mencia.png\" \/>\n\t<meta property=\"og:image:width\" content=\"765\" \/>\n\t<meta property=\"og:image:height\" content=\"1024\" \/>\n\t<meta property=\"og:image:type\" content=\"image\/png\" \/>\n<meta name=\"twitter:card\" content=\"summary_large_image\" \/>\n<meta name=\"twitter:label1\" content=\"Temps estimat de lectura\" \/>\n\t<meta name=\"twitter:data1\" content=\"2 minuts\" \/>\n<script type=\"application\/ld+json\" class=\"yoast-schema-graph\">{\"@context\":\"https:\/\/schema.org\",\"@graph\":[{\"@type\":\"WebPage\",\"@id\":\"https:\/\/aral2.cetrexmarketing.com\/ca\/producto\/castro-candaz-mencia\/\",\"url\":\"https:\/\/aral2.cetrexmarketing.com\/ca\/producto\/castro-candaz-mencia\/\",\"name\":\"Castro Candaz Menc\u00eda vi negre\",\"isPartOf\":{\"@id\":\"https:\/\/aral2.cetrexmarketing.com\/#website\"},\"primaryImageOfPage\":{\"@id\":\"https:\/\/aral2.cetrexmarketing.com\/ca\/producto\/castro-candaz-mencia\/#primaryimage\"},\"image\":{\"@id\":\"https:\/\/aral2.cetrexmarketing.com\/ca\/producto\/castro-candaz-mencia\/#primaryimage\"},\"thumbnailUrl\":\"https:\/\/aral2.cetrexmarketing.com\/wp-content\/uploads\/2025\/05\/Castro-Candaz-Mencia.png\",\"datePublished\":\"2025-05-25T08:23:27+00:00\",\"dateModified\":\"2025-05-27T07:14:47+00:00\",\"description\":\"Comprar online al millor preu el vi negre Castro Candaz Menc\u00eda de Ra\u00fal P\u00e9rez a la DO Ribeira Sacra. Viniteca. Licoreria. Alimentaci\u00f3. Descomptes. Ofertes.\",\"breadcrumb\":{\"@id\":\"https:\/\/aral2.cetrexmarketing.com\/ca\/producto\/castro-candaz-mencia\/#breadcrumb\"},\"inLanguage\":\"ca\",\"potentialAction\":[{\"@type\":\"ReadAction\",\"target\":[\"https:\/\/aral2.cetrexmarketing.com\/ca\/producto\/castro-candaz-mencia\/\"]}]},{\"@type\":\"ImageObject\",\"inLanguage\":\"ca\",\"@id\":\"https:\/\/aral2.cetrexmarketing.com\/ca\/producto\/castro-candaz-mencia\/#primaryimage\",\"url\":\"https:\/\/aral2.cetrexmarketing.com\/wp-content\/uploads\/2025\/05\/Castro-Candaz-Mencia.png\",\"contentUrl\":\"https:\/\/aral2.cetrexmarketing.com\/wp-content\/uploads\/2025\/05\/Castro-Candaz-Mencia.png\",\"width\":765,\"height\":1024},{\"@type\":\"BreadcrumbList\",\"@id\":\"https:\/\/aral2.cetrexmarketing.com\/ca\/producto\/castro-candaz-mencia\/#breadcrumb\",\"itemListElement\":[{\"@type\":\"ListItem\",\"position\":1,\"name\":\"Home\",\"item\":\"https:\/\/aral2.cetrexmarketing.com\/ca\/\"},{\"@type\":\"ListItem\",\"position\":2,\"name\":\"Tienda\",\"item\":\"https:\/\/aral2.cetrexmarketing.com\/ca\/tienda-2\/\"},{\"@type\":\"ListItem\",\"position\":3,\"name\":\"Vi\",\"item\":\"https:\/\/aral2.cetrexmarketing.com\/categoria-producto\/vi\/\"},{\"@type\":\"ListItem\",\"position\":4,\"name\":\"Vi Negre\",\"item\":\"https:\/\/aral2.cetrexmarketing.com\/categoria-producto\/vi\/vi-negre\/\"},{\"@type\":\"ListItem\",\"position\":5,\"name\":\"Castro Candaz Menc\u00eda\"}]},{\"@type\":\"WebSite\",\"@id\":\"https:\/\/aral2.cetrexmarketing.com\/#website\",\"url\":\"https:\/\/aral2.cetrexmarketing.com\/\",\"name\":\"M\u00f3n La Cata\",\"description\":\"Tienda de vinos, licores, cervezas y gourmet\",\"publisher\":{\"@id\":\"https:\/\/aral2.cetrexmarketing.com\/#organization\"},\"potentialAction\":[{\"@type\":\"SearchAction\",\"target\":{\"@type\":\"EntryPoint\",\"urlTemplate\":\"https:\/\/aral2.cetrexmarketing.com\/?s={search_term_string}\"},\"query-input\":{\"@type\":\"PropertyValueSpecification\",\"valueRequired\":true,\"valueName\":\"search_term_string\"}}],\"inLanguage\":\"ca\"},{\"@type\":\"Organization\",\"@id\":\"https:\/\/aral2.cetrexmarketing.com\/#organization\",\"name\":\"M\u00f3n La Cata\",\"url\":\"https:\/\/aral2.cetrexmarketing.com\/\",\"logo\":{\"@type\":\"ImageObject\",\"inLanguage\":\"ca\",\"@id\":\"https:\/\/aral2.cetrexmarketing.com\/#\/schema\/logo\/image\/\",\"url\":\"https:\/\/aral2.cetrexmarketing.com\/wp-content\/uploads\/2024\/10\/aral-logo-neg-1024x409-1.png\",\"contentUrl\":\"https:\/\/aral2.cetrexmarketing.com\/wp-content\/uploads\/2024\/10\/aral-logo-neg-1024x409-1.png\",\"width\":1024,\"height\":409,\"caption\":\"M\u00f3n La Cata\"},\"image\":{\"@id\":\"https:\/\/aral2.cetrexmarketing.com\/#\/schema\/logo\/image\/\"}}]}<\/script>\n<!-- \/ Yoast SEO Premium plugin. -->","yoast_head_json":{"title":"Castro Candaz Menc\u00eda vi negre","description":"Comprar online al millor preu el vi negre Castro Candaz Menc\u00eda de Ra\u00fal P\u00e9rez a la DO Ribeira Sacra. Viniteca. Licoreria. Alimentaci\u00f3. Descomptes. Ofertes.","robots":{"index":"noindex","follow":"follow","max-snippet":"max-snippet:-1","max-image-preview":"max-image-preview:large","max-video-preview":"max-video-preview:-1"},"og_locale":"ca_ES","og_type":"article","og_title":"Castro Candaz Menc\u00eda","og_description":"Comprar online al millor preu el vi negre Castro Candaz Menc\u00eda de Ra\u00fal P\u00e9rez a la DO Ribeira Sacra. Viniteca. Licoreria. Alimentaci\u00f3. Descomptes. Ofertes.","og_url":"https:\/\/aral2.cetrexmarketing.com\/ca\/producto\/castro-candaz-mencia\/","og_site_name":"M\u00f3n La Cata","article_modified_time":"2025-05-27T07:14:47+00:00","og_image":[{"width":765,"height":1024,"url":"https:\/\/aral2.cetrexmarketing.com\/wp-content\/uploads\/2025\/05\/Castro-Candaz-Mencia.png","type":"image\/png"}],"twitter_card":"summary_large_image","twitter_misc":{"Temps estimat de lectura":"2 minuts"},"schema":{"@context":"https:\/\/schema.org","@graph":[{"@type":"WebPage","@id":"https:\/\/aral2.cetrexmarketing.com\/ca\/producto\/castro-candaz-mencia\/","url":"https:\/\/aral2.cetrexmarketing.com\/ca\/producto\/castro-candaz-mencia\/","name":"Castro Candaz Menc\u00eda vi negre","isPartOf":{"@id":"https:\/\/aral2.cetrexmarketing.com\/#website"},"primaryImageOfPage":{"@id":"https:\/\/aral2.cetrexmarketing.com\/ca\/producto\/castro-candaz-mencia\/#primaryimage"},"image":{"@id":"https:\/\/aral2.cetrexmarketing.com\/ca\/producto\/castro-candaz-mencia\/#primaryimage"},"thumbnailUrl":"https:\/\/aral2.cetrexmarketing.com\/wp-content\/uploads\/2025\/05\/Castro-Candaz-Mencia.png","datePublished":"2025-05-25T08:23:27+00:00","dateModified":"2025-05-27T07:14:47+00:00","description":"Comprar online al millor preu el vi negre Castro Candaz Menc\u00eda de Ra\u00fal P\u00e9rez a la DO Ribeira Sacra. Viniteca. Licoreria. Alimentaci\u00f3. Descomptes. Ofertes.","breadcrumb":{"@id":"https:\/\/aral2.cetrexmarketing.com\/ca\/producto\/castro-candaz-mencia\/#breadcrumb"},"inLanguage":"ca","potentialAction":[{"@type":"ReadAction","target":["https:\/\/aral2.cetrexmarketing.com\/ca\/producto\/castro-candaz-mencia\/"]}]},{"@type":"ImageObject","inLanguage":"ca","@id":"https:\/\/aral2.cetrexmarketing.com\/ca\/producto\/castro-candaz-mencia\/#primaryimage","url":"https:\/\/aral2.cetrexmarketing.com\/wp-content\/uploads\/2025\/05\/Castro-Candaz-Mencia.png","contentUrl":"https:\/\/aral2.cetrexmarketing.com\/wp-content\/uploads\/2025\/05\/Castro-Candaz-Mencia.png","width":765,"height":1024},{"@type":"BreadcrumbList","@id":"https:\/\/aral2.cetrexmarketing.com\/ca\/producto\/castro-candaz-mencia\/#breadcrumb","itemListElement":[{"@type":"ListItem","position":1,"name":"Home","item":"https:\/\/aral2.cetrexmarketing.com\/ca\/"},{"@type":"ListItem","position":2,"name":"Tienda","item":"https:\/\/aral2.cetrexmarketing.com\/ca\/tienda-2\/"},{"@type":"ListItem","position":3,"name":"Vi","item":"https:\/\/aral2.cetrexmarketing.com\/categoria-producto\/vi\/"},{"@type":"ListItem","position":4,"name":"Vi Negre","item":"https:\/\/aral2.cetrexmarketing.com\/categoria-producto\/vi\/vi-negre\/"},{"@type":"ListItem","position":5,"name":"Castro Candaz Menc\u00eda"}]},{"@type":"WebSite","@id":"https:\/\/aral2.cetrexmarketing.com\/#website","url":"https:\/\/aral2.cetrexmarketing.com\/","name":"M\u00f3n La Cata","description":"Tienda de vinos, licores, cervezas y gourmet","publisher":{"@id":"https:\/\/aral2.cetrexmarketing.com\/#organization"},"potentialAction":[{"@type":"SearchAction","target":{"@type":"EntryPoint","urlTemplate":"https:\/\/aral2.cetrexmarketing.com\/?s={search_term_string}"},"query-input":{"@type":"PropertyValueSpecification","valueRequired":true,"valueName":"search_term_string"}}],"inLanguage":"ca"},{"@type":"Organization","@id":"https:\/\/aral2.cetrexmarketing.com\/#organization","name":"M\u00f3n La Cata","url":"https:\/\/aral2.cetrexmarketing.com\/","logo":{"@type":"ImageObject","inLanguage":"ca","@id":"https:\/\/aral2.cetrexmarketing.com\/#\/schema\/logo\/image\/","url":"https:\/\/aral2.cetrexmarketing.com\/wp-content\/uploads\/2024\/10\/aral-logo-neg-1024x409-1.png","contentUrl":"https:\/\/aral2.cetrexmarketing.com\/wp-content\/uploads\/2024\/10\/aral-logo-neg-1024x409-1.png","width":1024,"height":409,"caption":"M\u00f3n La Cata"},"image":{"@id":"https:\/\/aral2.cetrexmarketing.com\/#\/schema\/logo\/image\/"}}]}},"brands":[{"id":32903,"name":"Ribera Sacra D.O.","slug":"ribera-sacra-d-o"}],"_links":{"self":[{"href":"https:\/\/aral2.cetrexmarketing.com\/ca\/wp-json\/wp\/v2\/product\/94093","targetHints":{"allow":["GET"]}}],"collection":[{"href":"https:\/\/aral2.cetrexmarketing.com\/ca\/wp-json\/wp\/v2\/product"}],"about":[{"href":"https:\/\/aral2.cetrexmarketing.com\/ca\/wp-json\/wp\/v2\/types\/product"}],"replies":[{"embeddable":true,"href":"https:\/\/aral2.cetrexmarketing.com\/ca\/wp-json\/wp\/v2\/comments?post=94093"}],"wp:featuredmedia":[{"embeddable":true,"href":"https:\/\/aral2.cetrexmarketing.com\/ca\/wp-json\/wp\/v2\/media\/94090"}],"wp:attachment":[{"href":"https:\/\/aral2.cetrexmarketing.com\/ca\/wp-json\/wp\/v2\/media?parent=94093"}],"wp:term":[{"taxonomy":"pwb-brand","embeddable":true,"href":"https:\/\/aral2.cetrexmarketing.com\/ca\/wp-json\/wp\/v2\/pwb-brand?post=94093"},{"taxonomy":"product_brand","embeddable":true,"href":"https:\/\/aral2.cetrexmarketing.com\/ca\/wp-json\/wp\/v2\/product_brand?post=94093"},{"taxonomy":"product_cat","embeddable":true,"href":"https:\/\/aral2.cetrexmarketing.com\/ca\/wp-json\/wp\/v2\/product_cat?post=94093"},{"taxonomy":"product_tag","embeddable":true,"href":"https:\/\/aral2.cetrexmarketing.com\/ca\/wp-json\/wp\/v2\/product_tag?post=94093"}],"curies":[{"name":"wp","href":"https:\/\/api.w.org\/{rel}","templated":true}]}}