{"id":94021,"date":"2025-05-25T08:22:16","date_gmt":"2025-05-25T08:22:16","guid":{"rendered":"https:\/\/aral2.cetrexmarketing.com\/producto\/mazzafiato-limoncello\/"},"modified":"2025-05-27T07:14:14","modified_gmt":"2025-05-27T07:14:14","slug":"mazzafiato-limoncello","status":"publish","type":"product","link":"https:\/\/aral2.cetrexmarketing.com\/ca\/producto\/mazzafiato-limoncello\/","title":{"rendered":"Mazzafiato Limoncello"},"content":{"rendered":"<p><strong>Limoncello Mazzafiato<\/strong><\/p>\n<h3><strong>Descripci\u00f3 General:<\/strong><\/h3>\n<p>Limoncello Mazzafiato \u00e9s un licor artesanal de llimona elaborat amb els millors ingredients naturals i seguint un proc\u00e9s tradicional itali\u00e0. El seu sabor vibrant i refrescant captura l&#8217;ess\u00e8ncia de la Mediterr\u00e0nia, amb notes c\u00edtriques intenses i un equilibri perfecte entre dol\u00e7or i acidesa. \u00c9s ideal per gaudir sol, ben fred, com a digestiu despr\u00e9s dels \u00e0pats, o com a ingredient en c\u00f2ctels sofisticats.<\/p>\n<h3><strong>Caracter\u00edstiques Principals:<\/strong><\/h3>\n<ul>\n<li><strong>Origen<\/strong>: Inspirat en l&#8217;aut\u00e8ntica recepta italiana de la Costa Amalfitana.\n<\/li>\n<li><strong>Ingredients<\/strong>: Llimones de gran qualitat, alcohol de gra pur, sucre de canya i aigua pura.\n<\/li>\n<li><strong>Elaboraci\u00f3<\/strong>: Maceraci\u00f3 de les peles de llimona en alcohol durant diverses setmanes per extreure\u2019n els olis essencials, seguida d&#8217;una filtraci\u00f3 i mescla amb xarop de sucre per aconseguir el seu caracter\u00edstic equilibri de sabor.\n<\/li>\n<li><strong>Graduaci\u00f3 Alcoh\u00f2lica<\/strong>: Aproximadament 25-30% vol.<\/li>\n<\/ul>\n","protected":false},"excerpt":{"rendered":"<p>Limoncello Mazzafiato Descripci\u00f3 General: Limoncello Mazzafiato \u00e9s un licor artesanal de llimona elaborat amb els millors ingredients naturals i seguint un proc\u00e9s tradicional itali\u00e0. El seu sabor vibrant i refrescant captura l&#8217;ess\u00e8ncia de la Mediterr\u00e0nia, amb notes c\u00edtriques intenses i un equilibri perfecte entre dol\u00e7or i acidesa. \u00c9s ideal per gaudir sol, ben fred, com&hellip;<\/p>\n","protected":false},"featured_media":94018,"comment_status":"closed","ping_status":"closed","template":"","meta":{"_acf_changed":false},"pwb-brand":[],"product_brand":[],"product_cat":[51692,51717],"product_tag":[15214,15469,39068,17617],"class_list":{"0":"post-94021","1":"product","2":"type-product","3":"status-publish","4":"has-post-thumbnail","6":"product_cat-destillats","7":"product_cat-limoncello-destillats","8":"product_tag-licor-ca","9":"product_tag-limoncello-ca","10":"product_tag-llimona","11":"product_tag-mazzafiato-ca","12":"pa_destileria-destil-leries-del-maresme-sorel","13":"pa_formatoenl-36167","14":"pa_formatoenml-38307","15":"pa_graduacion-28_0","16":"pa_pais-espanya-ca","17":"pa_pesoengramos-38342","18":"pa_pesoenkg-10-ca","19":"pa_pueblociudad-arenysdemuntbarcelona","20":"pa_region-cataluna","21":"entry","22":"has-media","24":"first","25":"instock","26":"taxable","27":"shipping-taxable","28":"purchasable","29":"product-type-simple"},"acf":[],"yoast_head":"<!-- This site is optimized with the Yoast SEO Premium plugin v23.1 (Yoast SEO v23.5) - https:\/\/yoast.com\/wordpress\/plugins\/seo\/ -->\n<title>Mazzafiato Limoncello<\/title>\n<meta name=\"description\" content=\"Comprar online el limoncello Mazzafiato 70cl. Licoreria. Destil\u00b7lats. Begudes. Vinoteca. Productes gurmet. Alimentaci\u00f3. Descomptes. Ofertes.\" \/>\n<meta name=\"robots\" content=\"noindex, follow, max-snippet:-1, max-image-preview:large, max-video-preview:-1\" \/>\n<meta property=\"og:locale\" content=\"ca_ES\" \/>\n<meta property=\"og:type\" content=\"article\" \/>\n<meta property=\"og:title\" content=\"Mazzafiato Limoncello\" \/>\n<meta property=\"og:description\" content=\"Comprar online el limoncello Mazzafiato 70cl. Licoreria. Destil\u00b7lats. Begudes. Vinoteca. Productes gurmet. Alimentaci\u00f3. Descomptes. Ofertes.\" \/>\n<meta property=\"og:url\" content=\"https:\/\/aral2.cetrexmarketing.com\/ca\/producto\/mazzafiato-limoncello\/\" \/>\n<meta property=\"og:site_name\" content=\"M\u00f3n La Cata\" \/>\n<meta property=\"article:modified_time\" content=\"2025-05-27T07:14:14+00:00\" \/>\n<meta property=\"og:image\" content=\"https:\/\/aral2.cetrexmarketing.com\/wp-content\/uploads\/2025\/05\/limoncello-licor-de-limon-mazzafiato-italiano-product-of-italy.jpg.png\" \/>\n\t<meta property=\"og:image:width\" content=\"765\" \/>\n\t<meta property=\"og:image:height\" content=\"1024\" \/>\n\t<meta property=\"og:image:type\" content=\"image\/png\" \/>\n<meta name=\"twitter:card\" content=\"summary_large_image\" \/>\n<meta name=\"twitter:label1\" content=\"Temps estimat de lectura\" \/>\n\t<meta name=\"twitter:data1\" content=\"1 minut\" \/>\n<script type=\"application\/ld+json\" class=\"yoast-schema-graph\">{\"@context\":\"https:\/\/schema.org\",\"@graph\":[{\"@type\":\"WebPage\",\"@id\":\"https:\/\/aral2.cetrexmarketing.com\/ca\/producto\/mazzafiato-limoncello\/\",\"url\":\"https:\/\/aral2.cetrexmarketing.com\/ca\/producto\/mazzafiato-limoncello\/\",\"name\":\"Mazzafiato Limoncello\",\"isPartOf\":{\"@id\":\"https:\/\/aral2.cetrexmarketing.com\/#website\"},\"primaryImageOfPage\":{\"@id\":\"https:\/\/aral2.cetrexmarketing.com\/ca\/producto\/mazzafiato-limoncello\/#primaryimage\"},\"image\":{\"@id\":\"https:\/\/aral2.cetrexmarketing.com\/ca\/producto\/mazzafiato-limoncello\/#primaryimage\"},\"thumbnailUrl\":\"https:\/\/aral2.cetrexmarketing.com\/wp-content\/uploads\/2025\/05\/limoncello-licor-de-limon-mazzafiato-italiano-product-of-italy.jpg.png\",\"datePublished\":\"2025-05-25T08:22:16+00:00\",\"dateModified\":\"2025-05-27T07:14:14+00:00\",\"description\":\"Comprar online el limoncello Mazzafiato 70cl. Licoreria. Destil\u00b7lats. Begudes. Vinoteca. Productes gurmet. Alimentaci\u00f3. Descomptes. Ofertes.\",\"breadcrumb\":{\"@id\":\"https:\/\/aral2.cetrexmarketing.com\/ca\/producto\/mazzafiato-limoncello\/#breadcrumb\"},\"inLanguage\":\"ca\",\"potentialAction\":[{\"@type\":\"ReadAction\",\"target\":[\"https:\/\/aral2.cetrexmarketing.com\/ca\/producto\/mazzafiato-limoncello\/\"]}]},{\"@type\":\"ImageObject\",\"inLanguage\":\"ca\",\"@id\":\"https:\/\/aral2.cetrexmarketing.com\/ca\/producto\/mazzafiato-limoncello\/#primaryimage\",\"url\":\"https:\/\/aral2.cetrexmarketing.com\/wp-content\/uploads\/2025\/05\/limoncello-licor-de-limon-mazzafiato-italiano-product-of-italy.jpg.png\",\"contentUrl\":\"https:\/\/aral2.cetrexmarketing.com\/wp-content\/uploads\/2025\/05\/limoncello-licor-de-limon-mazzafiato-italiano-product-of-italy.jpg.png\",\"width\":765,\"height\":1024},{\"@type\":\"BreadcrumbList\",\"@id\":\"https:\/\/aral2.cetrexmarketing.com\/ca\/producto\/mazzafiato-limoncello\/#breadcrumb\",\"itemListElement\":[{\"@type\":\"ListItem\",\"position\":1,\"name\":\"Home\",\"item\":\"https:\/\/aral2.cetrexmarketing.com\/ca\/\"},{\"@type\":\"ListItem\",\"position\":2,\"name\":\"Tienda\",\"item\":\"https:\/\/aral2.cetrexmarketing.com\/ca\/tienda-2\/\"},{\"@type\":\"ListItem\",\"position\":3,\"name\":\"Destil\u00b7lats\",\"item\":\"https:\/\/aral2.cetrexmarketing.com\/categoria-producto\/home-ca\/destil-lats-ca\/\"},{\"@type\":\"ListItem\",\"position\":4,\"name\":\"Limoncello\",\"item\":\"https:\/\/aral2.cetrexmarketing.com\/categoria-producto\/inicio\/destilados\/limoncello\/\"},{\"@type\":\"ListItem\",\"position\":5,\"name\":\"Mazzafiato Limoncello\"}]},{\"@type\":\"WebSite\",\"@id\":\"https:\/\/aral2.cetrexmarketing.com\/#website\",\"url\":\"https:\/\/aral2.cetrexmarketing.com\/\",\"name\":\"M\u00f3n La Cata\",\"description\":\"Tienda de vinos, licores, cervezas y gourmet\",\"publisher\":{\"@id\":\"https:\/\/aral2.cetrexmarketing.com\/#organization\"},\"potentialAction\":[{\"@type\":\"SearchAction\",\"target\":{\"@type\":\"EntryPoint\",\"urlTemplate\":\"https:\/\/aral2.cetrexmarketing.com\/?s={search_term_string}\"},\"query-input\":{\"@type\":\"PropertyValueSpecification\",\"valueRequired\":true,\"valueName\":\"search_term_string\"}}],\"inLanguage\":\"ca\"},{\"@type\":\"Organization\",\"@id\":\"https:\/\/aral2.cetrexmarketing.com\/#organization\",\"name\":\"M\u00f3n La Cata\",\"url\":\"https:\/\/aral2.cetrexmarketing.com\/\",\"logo\":{\"@type\":\"ImageObject\",\"inLanguage\":\"ca\",\"@id\":\"https:\/\/aral2.cetrexmarketing.com\/#\/schema\/logo\/image\/\",\"url\":\"https:\/\/aral2.cetrexmarketing.com\/wp-content\/uploads\/2024\/10\/aral-logo-neg-1024x409-1.png\",\"contentUrl\":\"https:\/\/aral2.cetrexmarketing.com\/wp-content\/uploads\/2024\/10\/aral-logo-neg-1024x409-1.png\",\"width\":1024,\"height\":409,\"caption\":\"M\u00f3n La Cata\"},\"image\":{\"@id\":\"https:\/\/aral2.cetrexmarketing.com\/#\/schema\/logo\/image\/\"}}]}<\/script>\n<!-- \/ Yoast SEO Premium plugin. -->","yoast_head_json":{"title":"Mazzafiato Limoncello","description":"Comprar online el limoncello Mazzafiato 70cl. Licoreria. Destil\u00b7lats. Begudes. Vinoteca. Productes gurmet. Alimentaci\u00f3. Descomptes. Ofertes.","robots":{"index":"noindex","follow":"follow","max-snippet":"max-snippet:-1","max-image-preview":"max-image-preview:large","max-video-preview":"max-video-preview:-1"},"og_locale":"ca_ES","og_type":"article","og_title":"Mazzafiato Limoncello","og_description":"Comprar online el limoncello Mazzafiato 70cl. Licoreria. Destil\u00b7lats. Begudes. Vinoteca. Productes gurmet. Alimentaci\u00f3. Descomptes. Ofertes.","og_url":"https:\/\/aral2.cetrexmarketing.com\/ca\/producto\/mazzafiato-limoncello\/","og_site_name":"M\u00f3n La Cata","article_modified_time":"2025-05-27T07:14:14+00:00","og_image":[{"width":765,"height":1024,"url":"https:\/\/aral2.cetrexmarketing.com\/wp-content\/uploads\/2025\/05\/limoncello-licor-de-limon-mazzafiato-italiano-product-of-italy.jpg.png","type":"image\/png"}],"twitter_card":"summary_large_image","twitter_misc":{"Temps estimat de lectura":"1 minut"},"schema":{"@context":"https:\/\/schema.org","@graph":[{"@type":"WebPage","@id":"https:\/\/aral2.cetrexmarketing.com\/ca\/producto\/mazzafiato-limoncello\/","url":"https:\/\/aral2.cetrexmarketing.com\/ca\/producto\/mazzafiato-limoncello\/","name":"Mazzafiato Limoncello","isPartOf":{"@id":"https:\/\/aral2.cetrexmarketing.com\/#website"},"primaryImageOfPage":{"@id":"https:\/\/aral2.cetrexmarketing.com\/ca\/producto\/mazzafiato-limoncello\/#primaryimage"},"image":{"@id":"https:\/\/aral2.cetrexmarketing.com\/ca\/producto\/mazzafiato-limoncello\/#primaryimage"},"thumbnailUrl":"https:\/\/aral2.cetrexmarketing.com\/wp-content\/uploads\/2025\/05\/limoncello-licor-de-limon-mazzafiato-italiano-product-of-italy.jpg.png","datePublished":"2025-05-25T08:22:16+00:00","dateModified":"2025-05-27T07:14:14+00:00","description":"Comprar online el limoncello Mazzafiato 70cl. Licoreria. Destil\u00b7lats. Begudes. Vinoteca. Productes gurmet. Alimentaci\u00f3. Descomptes. Ofertes.","breadcrumb":{"@id":"https:\/\/aral2.cetrexmarketing.com\/ca\/producto\/mazzafiato-limoncello\/#breadcrumb"},"inLanguage":"ca","potentialAction":[{"@type":"ReadAction","target":["https:\/\/aral2.cetrexmarketing.com\/ca\/producto\/mazzafiato-limoncello\/"]}]},{"@type":"ImageObject","inLanguage":"ca","@id":"https:\/\/aral2.cetrexmarketing.com\/ca\/producto\/mazzafiato-limoncello\/#primaryimage","url":"https:\/\/aral2.cetrexmarketing.com\/wp-content\/uploads\/2025\/05\/limoncello-licor-de-limon-mazzafiato-italiano-product-of-italy.jpg.png","contentUrl":"https:\/\/aral2.cetrexmarketing.com\/wp-content\/uploads\/2025\/05\/limoncello-licor-de-limon-mazzafiato-italiano-product-of-italy.jpg.png","width":765,"height":1024},{"@type":"BreadcrumbList","@id":"https:\/\/aral2.cetrexmarketing.com\/ca\/producto\/mazzafiato-limoncello\/#breadcrumb","itemListElement":[{"@type":"ListItem","position":1,"name":"Home","item":"https:\/\/aral2.cetrexmarketing.com\/ca\/"},{"@type":"ListItem","position":2,"name":"Tienda","item":"https:\/\/aral2.cetrexmarketing.com\/ca\/tienda-2\/"},{"@type":"ListItem","position":3,"name":"Destil\u00b7lats","item":"https:\/\/aral2.cetrexmarketing.com\/categoria-producto\/home-ca\/destil-lats-ca\/"},{"@type":"ListItem","position":4,"name":"Limoncello","item":"https:\/\/aral2.cetrexmarketing.com\/categoria-producto\/inicio\/destilados\/limoncello\/"},{"@type":"ListItem","position":5,"name":"Mazzafiato Limoncello"}]},{"@type":"WebSite","@id":"https:\/\/aral2.cetrexmarketing.com\/#website","url":"https:\/\/aral2.cetrexmarketing.com\/","name":"M\u00f3n La Cata","description":"Tienda de vinos, licores, cervezas y gourmet","publisher":{"@id":"https:\/\/aral2.cetrexmarketing.com\/#organization"},"potentialAction":[{"@type":"SearchAction","target":{"@type":"EntryPoint","urlTemplate":"https:\/\/aral2.cetrexmarketing.com\/?s={search_term_string}"},"query-input":{"@type":"PropertyValueSpecification","valueRequired":true,"valueName":"search_term_string"}}],"inLanguage":"ca"},{"@type":"Organization","@id":"https:\/\/aral2.cetrexmarketing.com\/#organization","name":"M\u00f3n La Cata","url":"https:\/\/aral2.cetrexmarketing.com\/","logo":{"@type":"ImageObject","inLanguage":"ca","@id":"https:\/\/aral2.cetrexmarketing.com\/#\/schema\/logo\/image\/","url":"https:\/\/aral2.cetrexmarketing.com\/wp-content\/uploads\/2024\/10\/aral-logo-neg-1024x409-1.png","contentUrl":"https:\/\/aral2.cetrexmarketing.com\/wp-content\/uploads\/2024\/10\/aral-logo-neg-1024x409-1.png","width":1024,"height":409,"caption":"M\u00f3n La Cata"},"image":{"@id":"https:\/\/aral2.cetrexmarketing.com\/#\/schema\/logo\/image\/"}}]}},"brands":[],"_links":{"self":[{"href":"https:\/\/aral2.cetrexmarketing.com\/ca\/wp-json\/wp\/v2\/product\/94021","targetHints":{"allow":["GET"]}}],"collection":[{"href":"https:\/\/aral2.cetrexmarketing.com\/ca\/wp-json\/wp\/v2\/product"}],"about":[{"href":"https:\/\/aral2.cetrexmarketing.com\/ca\/wp-json\/wp\/v2\/types\/product"}],"replies":[{"embeddable":true,"href":"https:\/\/aral2.cetrexmarketing.com\/ca\/wp-json\/wp\/v2\/comments?post=94021"}],"wp:featuredmedia":[{"embeddable":true,"href":"https:\/\/aral2.cetrexmarketing.com\/ca\/wp-json\/wp\/v2\/media\/94018"}],"wp:attachment":[{"href":"https:\/\/aral2.cetrexmarketing.com\/ca\/wp-json\/wp\/v2\/media?parent=94021"}],"wp:term":[{"taxonomy":"pwb-brand","embeddable":true,"href":"https:\/\/aral2.cetrexmarketing.com\/ca\/wp-json\/wp\/v2\/pwb-brand?post=94021"},{"taxonomy":"product_brand","embeddable":true,"href":"https:\/\/aral2.cetrexmarketing.com\/ca\/wp-json\/wp\/v2\/product_brand?post=94021"},{"taxonomy":"product_cat","embeddable":true,"href":"https:\/\/aral2.cetrexmarketing.com\/ca\/wp-json\/wp\/v2\/product_cat?post=94021"},{"taxonomy":"product_tag","embeddable":true,"href":"https:\/\/aral2.cetrexmarketing.com\/ca\/wp-json\/wp\/v2\/product_tag?post=94021"}],"curies":[{"name":"wp","href":"https:\/\/api.w.org\/{rel}","templated":true}]}}