{"id":93950,"date":"2025-05-25T08:20:58","date_gmt":"2025-05-25T08:20:58","guid":{"rendered":"https:\/\/aral2.cetrexmarketing.com\/producto\/les-voillenots-domaine-coffinet-duvernay\/"},"modified":"2025-05-27T07:13:51","modified_gmt":"2025-05-27T07:13:51","slug":"les-voillenots-domaine-coffinet-duvernay","status":"publish","type":"product","link":"https:\/\/aral2.cetrexmarketing.com\/ca\/producto\/les-voillenots-domaine-coffinet-duvernay\/","title":{"rendered":"Les Voillenots Domaine Coffinet-Duvernay"},"content":{"rendered":"<p data-start=\"60\" data-end=\"620\">El <strong data-start=\"63\" data-end=\"104\">Chassagne-Montrachet &#8220;Les Voillenots&#8221;<\/strong> \u00e9s un vi negre de la prestigiosa bodega <strong data-start=\"145\" data-end=\"174\">Domaine Coffinet-Duvernay<\/strong>, situada a la comuna de <strong data-start=\"199\" data-end=\"223\">Chassagne-Montrachet<\/strong>, a la <strong data-start=\"230\" data-end=\"248\">C\u00f4te de Beaune<\/strong> (Borgonya, Fran\u00e7a). Aquesta bodega familiar, amb arrels que es remunten a <strong data-start=\"323\" data-end=\"331\">1860<\/strong>, \u00e9s coneguda per la seva producci\u00f3 de vins d&#8217;alta qualitat elaborats amb les varietats emblem\u00e0tiques de la regi\u00f3: <strong data-start=\"446\" data-end=\"460\">Chardonnay<\/strong> i <strong data-start=\"463\" data-end=\"477\">Pinot Noir<\/strong>. El &#8220;Les Voillenots&#8221; \u00e9s una expressi\u00f3 refinada i aut\u00e8ntica de la Pinot Noir, reflectint el car\u00e0cter \u00fanic del terrer de Chassagne-Montrachet.<\/p>\n<h3 data-start=\"627\" data-end=\"682\"><strong data-start=\"631\" data-end=\"680\">Caracter\u00edstiques del Vi\u00f1edo &#8220;Les Voillenots&#8221;:<\/strong><\/h3>\n<ul data-start=\"683\" data-end=\"1127\">\n<li data-start=\"683\" data-end=\"787\"><strong data-start=\"685\" data-end=\"698\">Ubicaci\u00f3:<\/strong> Situat a les parts baixes de les vessants, just sota el poble de Chassagne-Montrachet.<\/li>\n<li data-start=\"788\" data-end=\"958\"><strong data-start=\"790\" data-end=\"798\">S\u00f2l:<\/strong> Composici\u00f3 de <strong data-start=\"813\" data-end=\"840\">marges argilo-calc\u00e0ries<\/strong> moderadament profundes, amb una capa superior pedregosa que garanteix un bon drenatge i aporta complexitat al ra\u00efm.<\/li>\n<li data-start=\"959\" data-end=\"1127\"><strong data-start=\"961\" data-end=\"984\">Edat de les vinyes:<\/strong> Les vinyes madures permeten un <strong data-start=\"1016\" data-end=\"1049\">control natural del rendiment<\/strong>, aconseguint una concentraci\u00f3 notable que reflecteix l\u2019ess\u00e8ncia del terrer.<\/li>\n<\/ul>\n","protected":false},"excerpt":{"rendered":"<p>El Chassagne-Montrachet &#8220;Les Voillenots&#8221; \u00e9s un vi negre de la prestigiosa bodega Domaine Coffinet-Duvernay, situada a la comuna de Chassagne-Montrachet, a la C\u00f4te de Beaune (Borgonya, Fran\u00e7a). Aquesta bodega familiar, amb arrels que es remunten a 1860, \u00e9s coneguda per la seva producci\u00f3 de vins d&#8217;alta qualitat elaborats amb les varietats emblem\u00e0tiques de la regi\u00f3:&hellip;<\/p>\n","protected":false},"featured_media":93947,"comment_status":"closed","ping_status":"closed","template":"","meta":{"_acf_changed":false},"pwb-brand":[],"product_brand":[],"product_cat":[51670,51671],"product_tag":[17589,17590,16857,17591],"class_list":{"0":"post-93950","1":"product","2":"type-product","3":"status-publish","4":"has-post-thumbnail","6":"product_cat-vi","7":"product_cat-vi-negre","8":"product_tag-chassagne-montrachet-ca","9":"product_tag-coffine-duvernay-ca","10":"product_tag-domaine-ca","11":"product_tag-les-voillenots-ca","12":"pa_anada-36212","13":"pa_bodega-wineissocial","14":"pa_do-a9-chassagne_montrachetaocfra-ca","15":"pa_formatoenl-36158","16":"pa_formatoenml-38306","17":"pa_graduacion-12_5","18":"pa_pais-franca","19":"pa_pesoengramos-38354","20":"pa_pesoenkg-14-2","21":"pa_pueblociudad-chassagne-montrachet-cote-dor","22":"pa_tipodevino-vi-tranquil","23":"entry","24":"has-media","26":"first","27":"instock","28":"taxable","29":"shipping-taxable","30":"purchasable","31":"product-type-simple"},"acf":[],"yoast_head":"<!-- This site is optimized with the Yoast SEO Premium plugin v23.1 (Yoast SEO v23.5) - https:\/\/yoast.com\/wordpress\/plugins\/seo\/ -->\n<title>Les Voillenots Chassagne-Montrachet<\/title>\n<meta name=\"description\" content=\"Comprar online al millor preu el vi negre Les Voillenots de Domaine Coffinet-Duvernay a Chassage-Montrachet A.O.C. (Fran\u00e7a) Viniteca. Licoreria. Alimentaci\u00f3.\" \/>\n<meta name=\"robots\" content=\"noindex, follow, max-snippet:-1, max-image-preview:large, max-video-preview:-1\" \/>\n<meta property=\"og:locale\" content=\"ca_ES\" \/>\n<meta property=\"og:type\" content=\"article\" \/>\n<meta property=\"og:title\" content=\"Les Voillenots Domaine Coffinet-Duvernay\" \/>\n<meta property=\"og:description\" content=\"Comprar online al millor preu el vi negre Les Voillenots de Domaine Coffinet-Duvernay a Chassage-Montrachet A.O.C. (Fran\u00e7a) Viniteca. Licoreria. Alimentaci\u00f3.\" \/>\n<meta property=\"og:url\" content=\"https:\/\/aral2.cetrexmarketing.com\/ca\/producto\/les-voillenots-domaine-coffinet-duvernay\/\" \/>\n<meta property=\"og:site_name\" content=\"M\u00f3n La Cata\" \/>\n<meta property=\"article:modified_time\" content=\"2025-05-27T07:13:51+00:00\" \/>\n<meta property=\"og:image\" content=\"https:\/\/aral2.cetrexmarketing.com\/wp-content\/uploads\/2025\/05\/Les-Voillenots-Domaine-Coffinet-Duvernay.jpg.png\" \/>\n\t<meta property=\"og:image:width\" content=\"765\" \/>\n\t<meta property=\"og:image:height\" content=\"1024\" \/>\n\t<meta property=\"og:image:type\" content=\"image\/png\" \/>\n<meta name=\"twitter:card\" content=\"summary_large_image\" \/>\n<meta name=\"twitter:label1\" content=\"Temps estimat de lectura\" \/>\n\t<meta name=\"twitter:data1\" content=\"1 minut\" \/>\n<script type=\"application\/ld+json\" class=\"yoast-schema-graph\">{\"@context\":\"https:\/\/schema.org\",\"@graph\":[{\"@type\":\"WebPage\",\"@id\":\"https:\/\/aral2.cetrexmarketing.com\/ca\/producto\/les-voillenots-domaine-coffinet-duvernay\/\",\"url\":\"https:\/\/aral2.cetrexmarketing.com\/ca\/producto\/les-voillenots-domaine-coffinet-duvernay\/\",\"name\":\"Les Voillenots Chassagne-Montrachet\",\"isPartOf\":{\"@id\":\"https:\/\/aral2.cetrexmarketing.com\/#website\"},\"primaryImageOfPage\":{\"@id\":\"https:\/\/aral2.cetrexmarketing.com\/ca\/producto\/les-voillenots-domaine-coffinet-duvernay\/#primaryimage\"},\"image\":{\"@id\":\"https:\/\/aral2.cetrexmarketing.com\/ca\/producto\/les-voillenots-domaine-coffinet-duvernay\/#primaryimage\"},\"thumbnailUrl\":\"https:\/\/aral2.cetrexmarketing.com\/wp-content\/uploads\/2025\/05\/Les-Voillenots-Domaine-Coffinet-Duvernay.jpg.png\",\"datePublished\":\"2025-05-25T08:20:58+00:00\",\"dateModified\":\"2025-05-27T07:13:51+00:00\",\"description\":\"Comprar online al millor preu el vi negre Les Voillenots de Domaine Coffinet-Duvernay a Chassage-Montrachet A.O.C. (Fran\u00e7a) Viniteca. Licoreria. Alimentaci\u00f3.\",\"breadcrumb\":{\"@id\":\"https:\/\/aral2.cetrexmarketing.com\/ca\/producto\/les-voillenots-domaine-coffinet-duvernay\/#breadcrumb\"},\"inLanguage\":\"ca\",\"potentialAction\":[{\"@type\":\"ReadAction\",\"target\":[\"https:\/\/aral2.cetrexmarketing.com\/ca\/producto\/les-voillenots-domaine-coffinet-duvernay\/\"]}]},{\"@type\":\"ImageObject\",\"inLanguage\":\"ca\",\"@id\":\"https:\/\/aral2.cetrexmarketing.com\/ca\/producto\/les-voillenots-domaine-coffinet-duvernay\/#primaryimage\",\"url\":\"https:\/\/aral2.cetrexmarketing.com\/wp-content\/uploads\/2025\/05\/Les-Voillenots-Domaine-Coffinet-Duvernay.jpg.png\",\"contentUrl\":\"https:\/\/aral2.cetrexmarketing.com\/wp-content\/uploads\/2025\/05\/Les-Voillenots-Domaine-Coffinet-Duvernay.jpg.png\",\"width\":765,\"height\":1024},{\"@type\":\"BreadcrumbList\",\"@id\":\"https:\/\/aral2.cetrexmarketing.com\/ca\/producto\/les-voillenots-domaine-coffinet-duvernay\/#breadcrumb\",\"itemListElement\":[{\"@type\":\"ListItem\",\"position\":1,\"name\":\"Home\",\"item\":\"https:\/\/aral2.cetrexmarketing.com\/ca\/\"},{\"@type\":\"ListItem\",\"position\":2,\"name\":\"Tienda\",\"item\":\"https:\/\/aral2.cetrexmarketing.com\/ca\/tienda-2\/\"},{\"@type\":\"ListItem\",\"position\":3,\"name\":\"Vi\",\"item\":\"https:\/\/aral2.cetrexmarketing.com\/categoria-producto\/vi\/\"},{\"@type\":\"ListItem\",\"position\":4,\"name\":\"Vi Negre\",\"item\":\"https:\/\/aral2.cetrexmarketing.com\/categoria-producto\/vi\/vi-negre\/\"},{\"@type\":\"ListItem\",\"position\":5,\"name\":\"Les Voillenots Domaine Coffinet-Duvernay\"}]},{\"@type\":\"WebSite\",\"@id\":\"https:\/\/aral2.cetrexmarketing.com\/#website\",\"url\":\"https:\/\/aral2.cetrexmarketing.com\/\",\"name\":\"M\u00f3n La Cata\",\"description\":\"Tienda de vinos, licores, cervezas y gourmet\",\"publisher\":{\"@id\":\"https:\/\/aral2.cetrexmarketing.com\/#organization\"},\"potentialAction\":[{\"@type\":\"SearchAction\",\"target\":{\"@type\":\"EntryPoint\",\"urlTemplate\":\"https:\/\/aral2.cetrexmarketing.com\/?s={search_term_string}\"},\"query-input\":{\"@type\":\"PropertyValueSpecification\",\"valueRequired\":true,\"valueName\":\"search_term_string\"}}],\"inLanguage\":\"ca\"},{\"@type\":\"Organization\",\"@id\":\"https:\/\/aral2.cetrexmarketing.com\/#organization\",\"name\":\"M\u00f3n La Cata\",\"url\":\"https:\/\/aral2.cetrexmarketing.com\/\",\"logo\":{\"@type\":\"ImageObject\",\"inLanguage\":\"ca\",\"@id\":\"https:\/\/aral2.cetrexmarketing.com\/#\/schema\/logo\/image\/\",\"url\":\"https:\/\/aral2.cetrexmarketing.com\/wp-content\/uploads\/2024\/10\/aral-logo-neg-1024x409-1.png\",\"contentUrl\":\"https:\/\/aral2.cetrexmarketing.com\/wp-content\/uploads\/2024\/10\/aral-logo-neg-1024x409-1.png\",\"width\":1024,\"height\":409,\"caption\":\"M\u00f3n La Cata\"},\"image\":{\"@id\":\"https:\/\/aral2.cetrexmarketing.com\/#\/schema\/logo\/image\/\"}}]}<\/script>\n<!-- \/ Yoast SEO Premium plugin. -->","yoast_head_json":{"title":"Les Voillenots Chassagne-Montrachet","description":"Comprar online al millor preu el vi negre Les Voillenots de Domaine Coffinet-Duvernay a Chassage-Montrachet A.O.C. (Fran\u00e7a) Viniteca. Licoreria. Alimentaci\u00f3.","robots":{"index":"noindex","follow":"follow","max-snippet":"max-snippet:-1","max-image-preview":"max-image-preview:large","max-video-preview":"max-video-preview:-1"},"og_locale":"ca_ES","og_type":"article","og_title":"Les Voillenots Domaine Coffinet-Duvernay","og_description":"Comprar online al millor preu el vi negre Les Voillenots de Domaine Coffinet-Duvernay a Chassage-Montrachet A.O.C. (Fran\u00e7a) Viniteca. Licoreria. Alimentaci\u00f3.","og_url":"https:\/\/aral2.cetrexmarketing.com\/ca\/producto\/les-voillenots-domaine-coffinet-duvernay\/","og_site_name":"M\u00f3n La Cata","article_modified_time":"2025-05-27T07:13:51+00:00","og_image":[{"width":765,"height":1024,"url":"https:\/\/aral2.cetrexmarketing.com\/wp-content\/uploads\/2025\/05\/Les-Voillenots-Domaine-Coffinet-Duvernay.jpg.png","type":"image\/png"}],"twitter_card":"summary_large_image","twitter_misc":{"Temps estimat de lectura":"1 minut"},"schema":{"@context":"https:\/\/schema.org","@graph":[{"@type":"WebPage","@id":"https:\/\/aral2.cetrexmarketing.com\/ca\/producto\/les-voillenots-domaine-coffinet-duvernay\/","url":"https:\/\/aral2.cetrexmarketing.com\/ca\/producto\/les-voillenots-domaine-coffinet-duvernay\/","name":"Les Voillenots Chassagne-Montrachet","isPartOf":{"@id":"https:\/\/aral2.cetrexmarketing.com\/#website"},"primaryImageOfPage":{"@id":"https:\/\/aral2.cetrexmarketing.com\/ca\/producto\/les-voillenots-domaine-coffinet-duvernay\/#primaryimage"},"image":{"@id":"https:\/\/aral2.cetrexmarketing.com\/ca\/producto\/les-voillenots-domaine-coffinet-duvernay\/#primaryimage"},"thumbnailUrl":"https:\/\/aral2.cetrexmarketing.com\/wp-content\/uploads\/2025\/05\/Les-Voillenots-Domaine-Coffinet-Duvernay.jpg.png","datePublished":"2025-05-25T08:20:58+00:00","dateModified":"2025-05-27T07:13:51+00:00","description":"Comprar online al millor preu el vi negre Les Voillenots de Domaine Coffinet-Duvernay a Chassage-Montrachet A.O.C. (Fran\u00e7a) Viniteca. Licoreria. Alimentaci\u00f3.","breadcrumb":{"@id":"https:\/\/aral2.cetrexmarketing.com\/ca\/producto\/les-voillenots-domaine-coffinet-duvernay\/#breadcrumb"},"inLanguage":"ca","potentialAction":[{"@type":"ReadAction","target":["https:\/\/aral2.cetrexmarketing.com\/ca\/producto\/les-voillenots-domaine-coffinet-duvernay\/"]}]},{"@type":"ImageObject","inLanguage":"ca","@id":"https:\/\/aral2.cetrexmarketing.com\/ca\/producto\/les-voillenots-domaine-coffinet-duvernay\/#primaryimage","url":"https:\/\/aral2.cetrexmarketing.com\/wp-content\/uploads\/2025\/05\/Les-Voillenots-Domaine-Coffinet-Duvernay.jpg.png","contentUrl":"https:\/\/aral2.cetrexmarketing.com\/wp-content\/uploads\/2025\/05\/Les-Voillenots-Domaine-Coffinet-Duvernay.jpg.png","width":765,"height":1024},{"@type":"BreadcrumbList","@id":"https:\/\/aral2.cetrexmarketing.com\/ca\/producto\/les-voillenots-domaine-coffinet-duvernay\/#breadcrumb","itemListElement":[{"@type":"ListItem","position":1,"name":"Home","item":"https:\/\/aral2.cetrexmarketing.com\/ca\/"},{"@type":"ListItem","position":2,"name":"Tienda","item":"https:\/\/aral2.cetrexmarketing.com\/ca\/tienda-2\/"},{"@type":"ListItem","position":3,"name":"Vi","item":"https:\/\/aral2.cetrexmarketing.com\/categoria-producto\/vi\/"},{"@type":"ListItem","position":4,"name":"Vi Negre","item":"https:\/\/aral2.cetrexmarketing.com\/categoria-producto\/vi\/vi-negre\/"},{"@type":"ListItem","position":5,"name":"Les Voillenots Domaine Coffinet-Duvernay"}]},{"@type":"WebSite","@id":"https:\/\/aral2.cetrexmarketing.com\/#website","url":"https:\/\/aral2.cetrexmarketing.com\/","name":"M\u00f3n La Cata","description":"Tienda de vinos, licores, cervezas y gourmet","publisher":{"@id":"https:\/\/aral2.cetrexmarketing.com\/#organization"},"potentialAction":[{"@type":"SearchAction","target":{"@type":"EntryPoint","urlTemplate":"https:\/\/aral2.cetrexmarketing.com\/?s={search_term_string}"},"query-input":{"@type":"PropertyValueSpecification","valueRequired":true,"valueName":"search_term_string"}}],"inLanguage":"ca"},{"@type":"Organization","@id":"https:\/\/aral2.cetrexmarketing.com\/#organization","name":"M\u00f3n La Cata","url":"https:\/\/aral2.cetrexmarketing.com\/","logo":{"@type":"ImageObject","inLanguage":"ca","@id":"https:\/\/aral2.cetrexmarketing.com\/#\/schema\/logo\/image\/","url":"https:\/\/aral2.cetrexmarketing.com\/wp-content\/uploads\/2024\/10\/aral-logo-neg-1024x409-1.png","contentUrl":"https:\/\/aral2.cetrexmarketing.com\/wp-content\/uploads\/2024\/10\/aral-logo-neg-1024x409-1.png","width":1024,"height":409,"caption":"M\u00f3n La Cata"},"image":{"@id":"https:\/\/aral2.cetrexmarketing.com\/#\/schema\/logo\/image\/"}}]}},"brands":[],"_links":{"self":[{"href":"https:\/\/aral2.cetrexmarketing.com\/ca\/wp-json\/wp\/v2\/product\/93950","targetHints":{"allow":["GET"]}}],"collection":[{"href":"https:\/\/aral2.cetrexmarketing.com\/ca\/wp-json\/wp\/v2\/product"}],"about":[{"href":"https:\/\/aral2.cetrexmarketing.com\/ca\/wp-json\/wp\/v2\/types\/product"}],"replies":[{"embeddable":true,"href":"https:\/\/aral2.cetrexmarketing.com\/ca\/wp-json\/wp\/v2\/comments?post=93950"}],"wp:featuredmedia":[{"embeddable":true,"href":"https:\/\/aral2.cetrexmarketing.com\/ca\/wp-json\/wp\/v2\/media\/93947"}],"wp:attachment":[{"href":"https:\/\/aral2.cetrexmarketing.com\/ca\/wp-json\/wp\/v2\/media?parent=93950"}],"wp:term":[{"taxonomy":"pwb-brand","embeddable":true,"href":"https:\/\/aral2.cetrexmarketing.com\/ca\/wp-json\/wp\/v2\/pwb-brand?post=93950"},{"taxonomy":"product_brand","embeddable":true,"href":"https:\/\/aral2.cetrexmarketing.com\/ca\/wp-json\/wp\/v2\/product_brand?post=93950"},{"taxonomy":"product_cat","embeddable":true,"href":"https:\/\/aral2.cetrexmarketing.com\/ca\/wp-json\/wp\/v2\/product_cat?post=93950"},{"taxonomy":"product_tag","embeddable":true,"href":"https:\/\/aral2.cetrexmarketing.com\/ca\/wp-json\/wp\/v2\/product_tag?post=93950"}],"curies":[{"name":"wp","href":"https:\/\/api.w.org\/{rel}","templated":true}]}}