{"id":93440,"date":"2025-05-25T08:13:29","date_gmt":"2025-05-25T08:13:29","guid":{"rendered":"https:\/\/aral2.cetrexmarketing.com\/producto\/pippermint-bardinet\/"},"modified":"2025-05-27T07:11:45","modified_gmt":"2025-05-27T07:11:45","slug":"pippermint-bardinet","status":"publish","type":"product","link":"https:\/\/aral2.cetrexmarketing.com\/ca\/producto\/pippermint-bardinet\/","title":{"rendered":"Pippermint Bardinet"},"content":{"rendered":"<p><strong>Pippermint Bardinet<\/strong> \u00e9s un licor de menta amb una graduaci\u00f3 alcoh\u00f2lica del 30% vol. que destaca per la seva frescor i sabor intens. Aquest licor, elaborat per la prestigiosa marca Bardinet, ofereix una experi\u00e8ncia refrescant gr\u00e0cies a la infusi\u00f3 de menta natural.<\/p>\n<p>El seu sabor fresc i arom\u00e0tic \u00e9s ideal per gaudir-lo sol, amb gel, o com a ingredient en una varietat de c\u00f2ctels. <strong>Pippermint Bardinet<\/strong> \u00e9s perfecte per a aquells que busquen un licor amb un perfil de sabor clar i vibrant, ideal per despr\u00e9s de les menjars o per afegir un toc especial a les teves begudes.<\/p>\n<p>Amb el seu caracter\u00edstic color verd i el seu sabor refrescant, <strong>Pippermint Bardinet<\/strong> \u00e9s una excel\u00b7lent opci\u00f3 per als amants dels licors de menta que desitgen una beguda de qualitat superior.<\/p>\n","protected":false},"excerpt":{"rendered":"<p>Pippermint Bardinet \u00e9s un licor de menta amb una graduaci\u00f3 alcoh\u00f2lica del 30% vol. que destaca per la seva frescor i sabor intens. Aquest licor, elaborat per la prestigiosa marca Bardinet, ofereix una experi\u00e8ncia refrescant gr\u00e0cies a la infusi\u00f3 de menta natural. El seu sabor fresc i arom\u00e0tic \u00e9s ideal per gaudir-lo sol, amb gel,&hellip;<\/p>\n","protected":false},"featured_media":93437,"comment_status":"closed","ping_status":"closed","template":"","meta":{"_acf_changed":false},"pwb-brand":[],"product_brand":[],"product_cat":[51692,51783],"product_tag":[15511,17448,17449,15312,17447,15702,15700],"class_list":{"0":"post-93440","1":"product","2":"type-product","3":"status-publish","4":"has-post-thumbnail","6":"product_cat-destillats","7":"product_cat-pippermint-destillats","8":"product_tag-bardinet-ca","9":"product_tag-creme-de-menthe-ca","10":"product_tag-green-star-ca","11":"product_tag-menta-ca","12":"product_tag-menthe-ca","13":"product_tag-peppermint-ca","14":"product_tag-pippermint-ca","15":"pa_bodega-bardinet","16":"pa_formatoenl-36158","17":"pa_formatoenml-38306","18":"pa_graduacion-24_0","19":"pa_pais-espanya-ca","20":"pa_pesoengramos-38337","21":"pa_pesoenkg-125-ca","22":"pa_pueblociudad-vedraacoruna","23":"entry","24":"has-media","26":"first","27":"outofstock","28":"taxable","29":"shipping-taxable","30":"purchasable","31":"product-type-simple"},"acf":[],"yoast_head":"<!-- This site is optimized with the Yoast SEO Premium plugin v23.1 (Yoast SEO v23.5) - https:\/\/yoast.com\/wordpress\/plugins\/seo\/ -->\n<title>Peppermint Bardinet<\/title>\n<meta name=\"description\" content=\"Comprar online al millor preu el licor Peppermint Bardinet 70cl. Descomptes. Ofertes. Web segura i r\u00e0pida. Licoreria. Destil\u00b7lats. Begudes. Viniteca. Gourmet.\" \/>\n<meta name=\"robots\" content=\"noindex, follow, max-snippet:-1, max-image-preview:large, max-video-preview:-1\" \/>\n<meta property=\"og:locale\" content=\"ca_ES\" \/>\n<meta property=\"og:type\" content=\"article\" \/>\n<meta property=\"og:title\" content=\"Pippermint Bardinet\" \/>\n<meta property=\"og:description\" content=\"Comprar online al millor preu el licor Peppermint Bardinet 70cl. Descomptes. Ofertes. Web segura i r\u00e0pida. Licoreria. Destil\u00b7lats. Begudes. Viniteca. Gourmet.\" \/>\n<meta property=\"og:url\" content=\"https:\/\/aral2.cetrexmarketing.com\/ca\/producto\/pippermint-bardinet\/\" \/>\n<meta property=\"og:site_name\" content=\"M\u00f3n La Cata\" \/>\n<meta property=\"article:modified_time\" content=\"2025-05-27T07:11:45+00:00\" \/>\n<meta property=\"og:image\" content=\"https:\/\/aral2.cetrexmarketing.com\/wp-content\/uploads\/2025\/05\/PEPPERMINT-BARDINET.jpg.png\" \/>\n\t<meta property=\"og:image:width\" content=\"765\" \/>\n\t<meta property=\"og:image:height\" content=\"1024\" \/>\n\t<meta property=\"og:image:type\" content=\"image\/png\" \/>\n<meta name=\"twitter:card\" content=\"summary_large_image\" \/>\n<meta name=\"twitter:label1\" content=\"Temps estimat de lectura\" \/>\n\t<meta name=\"twitter:data1\" content=\"1 minut\" \/>\n<script type=\"application\/ld+json\" class=\"yoast-schema-graph\">{\"@context\":\"https:\/\/schema.org\",\"@graph\":[{\"@type\":\"WebPage\",\"@id\":\"https:\/\/aral2.cetrexmarketing.com\/ca\/producto\/pippermint-bardinet\/\",\"url\":\"https:\/\/aral2.cetrexmarketing.com\/ca\/producto\/pippermint-bardinet\/\",\"name\":\"Peppermint Bardinet\",\"isPartOf\":{\"@id\":\"https:\/\/aral2.cetrexmarketing.com\/#website\"},\"primaryImageOfPage\":{\"@id\":\"https:\/\/aral2.cetrexmarketing.com\/ca\/producto\/pippermint-bardinet\/#primaryimage\"},\"image\":{\"@id\":\"https:\/\/aral2.cetrexmarketing.com\/ca\/producto\/pippermint-bardinet\/#primaryimage\"},\"thumbnailUrl\":\"https:\/\/aral2.cetrexmarketing.com\/wp-content\/uploads\/2025\/05\/PEPPERMINT-BARDINET.jpg.png\",\"datePublished\":\"2025-05-25T08:13:29+00:00\",\"dateModified\":\"2025-05-27T07:11:45+00:00\",\"description\":\"Comprar online al millor preu el licor Peppermint Bardinet 70cl. Descomptes. Ofertes. Web segura i r\u00e0pida. Licoreria. Destil\u00b7lats. Begudes. Viniteca. Gourmet.\",\"breadcrumb\":{\"@id\":\"https:\/\/aral2.cetrexmarketing.com\/ca\/producto\/pippermint-bardinet\/#breadcrumb\"},\"inLanguage\":\"ca\",\"potentialAction\":[{\"@type\":\"ReadAction\",\"target\":[\"https:\/\/aral2.cetrexmarketing.com\/ca\/producto\/pippermint-bardinet\/\"]}]},{\"@type\":\"ImageObject\",\"inLanguage\":\"ca\",\"@id\":\"https:\/\/aral2.cetrexmarketing.com\/ca\/producto\/pippermint-bardinet\/#primaryimage\",\"url\":\"https:\/\/aral2.cetrexmarketing.com\/wp-content\/uploads\/2025\/05\/PEPPERMINT-BARDINET.jpg.png\",\"contentUrl\":\"https:\/\/aral2.cetrexmarketing.com\/wp-content\/uploads\/2025\/05\/PEPPERMINT-BARDINET.jpg.png\",\"width\":765,\"height\":1024},{\"@type\":\"BreadcrumbList\",\"@id\":\"https:\/\/aral2.cetrexmarketing.com\/ca\/producto\/pippermint-bardinet\/#breadcrumb\",\"itemListElement\":[{\"@type\":\"ListItem\",\"position\":1,\"name\":\"Home\",\"item\":\"https:\/\/aral2.cetrexmarketing.com\/ca\/\"},{\"@type\":\"ListItem\",\"position\":2,\"name\":\"Tienda\",\"item\":\"https:\/\/aral2.cetrexmarketing.com\/ca\/tienda-2\/\"},{\"@type\":\"ListItem\",\"position\":3,\"name\":\"Destil\u00b7lats\",\"item\":\"https:\/\/aral2.cetrexmarketing.com\/categoria-producto\/home-ca\/destil-lats-ca\/\"},{\"@type\":\"ListItem\",\"position\":4,\"name\":\"Pippermint\",\"item\":\"https:\/\/aral2.cetrexmarketing.com\/categoria-producto\/inicio\/destilados\/pippermint\/\"},{\"@type\":\"ListItem\",\"position\":5,\"name\":\"Pippermint Bardinet\"}]},{\"@type\":\"WebSite\",\"@id\":\"https:\/\/aral2.cetrexmarketing.com\/#website\",\"url\":\"https:\/\/aral2.cetrexmarketing.com\/\",\"name\":\"M\u00f3n La Cata\",\"description\":\"Tienda de vinos, licores, cervezas y gourmet\",\"publisher\":{\"@id\":\"https:\/\/aral2.cetrexmarketing.com\/#organization\"},\"potentialAction\":[{\"@type\":\"SearchAction\",\"target\":{\"@type\":\"EntryPoint\",\"urlTemplate\":\"https:\/\/aral2.cetrexmarketing.com\/?s={search_term_string}\"},\"query-input\":{\"@type\":\"PropertyValueSpecification\",\"valueRequired\":true,\"valueName\":\"search_term_string\"}}],\"inLanguage\":\"ca\"},{\"@type\":\"Organization\",\"@id\":\"https:\/\/aral2.cetrexmarketing.com\/#organization\",\"name\":\"M\u00f3n La Cata\",\"url\":\"https:\/\/aral2.cetrexmarketing.com\/\",\"logo\":{\"@type\":\"ImageObject\",\"inLanguage\":\"ca\",\"@id\":\"https:\/\/aral2.cetrexmarketing.com\/#\/schema\/logo\/image\/\",\"url\":\"https:\/\/aral2.cetrexmarketing.com\/wp-content\/uploads\/2024\/10\/aral-logo-neg-1024x409-1.png\",\"contentUrl\":\"https:\/\/aral2.cetrexmarketing.com\/wp-content\/uploads\/2024\/10\/aral-logo-neg-1024x409-1.png\",\"width\":1024,\"height\":409,\"caption\":\"M\u00f3n La Cata\"},\"image\":{\"@id\":\"https:\/\/aral2.cetrexmarketing.com\/#\/schema\/logo\/image\/\"}}]}<\/script>\n<!-- \/ Yoast SEO Premium plugin. -->","yoast_head_json":{"title":"Peppermint Bardinet","description":"Comprar online al millor preu el licor Peppermint Bardinet 70cl. Descomptes. Ofertes. Web segura i r\u00e0pida. Licoreria. Destil\u00b7lats. Begudes. Viniteca. Gourmet.","robots":{"index":"noindex","follow":"follow","max-snippet":"max-snippet:-1","max-image-preview":"max-image-preview:large","max-video-preview":"max-video-preview:-1"},"og_locale":"ca_ES","og_type":"article","og_title":"Pippermint Bardinet","og_description":"Comprar online al millor preu el licor Peppermint Bardinet 70cl. Descomptes. Ofertes. Web segura i r\u00e0pida. Licoreria. Destil\u00b7lats. Begudes. Viniteca. Gourmet.","og_url":"https:\/\/aral2.cetrexmarketing.com\/ca\/producto\/pippermint-bardinet\/","og_site_name":"M\u00f3n La Cata","article_modified_time":"2025-05-27T07:11:45+00:00","og_image":[{"width":765,"height":1024,"url":"https:\/\/aral2.cetrexmarketing.com\/wp-content\/uploads\/2025\/05\/PEPPERMINT-BARDINET.jpg.png","type":"image\/png"}],"twitter_card":"summary_large_image","twitter_misc":{"Temps estimat de lectura":"1 minut"},"schema":{"@context":"https:\/\/schema.org","@graph":[{"@type":"WebPage","@id":"https:\/\/aral2.cetrexmarketing.com\/ca\/producto\/pippermint-bardinet\/","url":"https:\/\/aral2.cetrexmarketing.com\/ca\/producto\/pippermint-bardinet\/","name":"Peppermint Bardinet","isPartOf":{"@id":"https:\/\/aral2.cetrexmarketing.com\/#website"},"primaryImageOfPage":{"@id":"https:\/\/aral2.cetrexmarketing.com\/ca\/producto\/pippermint-bardinet\/#primaryimage"},"image":{"@id":"https:\/\/aral2.cetrexmarketing.com\/ca\/producto\/pippermint-bardinet\/#primaryimage"},"thumbnailUrl":"https:\/\/aral2.cetrexmarketing.com\/wp-content\/uploads\/2025\/05\/PEPPERMINT-BARDINET.jpg.png","datePublished":"2025-05-25T08:13:29+00:00","dateModified":"2025-05-27T07:11:45+00:00","description":"Comprar online al millor preu el licor Peppermint Bardinet 70cl. Descomptes. Ofertes. Web segura i r\u00e0pida. Licoreria. Destil\u00b7lats. Begudes. Viniteca. Gourmet.","breadcrumb":{"@id":"https:\/\/aral2.cetrexmarketing.com\/ca\/producto\/pippermint-bardinet\/#breadcrumb"},"inLanguage":"ca","potentialAction":[{"@type":"ReadAction","target":["https:\/\/aral2.cetrexmarketing.com\/ca\/producto\/pippermint-bardinet\/"]}]},{"@type":"ImageObject","inLanguage":"ca","@id":"https:\/\/aral2.cetrexmarketing.com\/ca\/producto\/pippermint-bardinet\/#primaryimage","url":"https:\/\/aral2.cetrexmarketing.com\/wp-content\/uploads\/2025\/05\/PEPPERMINT-BARDINET.jpg.png","contentUrl":"https:\/\/aral2.cetrexmarketing.com\/wp-content\/uploads\/2025\/05\/PEPPERMINT-BARDINET.jpg.png","width":765,"height":1024},{"@type":"BreadcrumbList","@id":"https:\/\/aral2.cetrexmarketing.com\/ca\/producto\/pippermint-bardinet\/#breadcrumb","itemListElement":[{"@type":"ListItem","position":1,"name":"Home","item":"https:\/\/aral2.cetrexmarketing.com\/ca\/"},{"@type":"ListItem","position":2,"name":"Tienda","item":"https:\/\/aral2.cetrexmarketing.com\/ca\/tienda-2\/"},{"@type":"ListItem","position":3,"name":"Destil\u00b7lats","item":"https:\/\/aral2.cetrexmarketing.com\/categoria-producto\/home-ca\/destil-lats-ca\/"},{"@type":"ListItem","position":4,"name":"Pippermint","item":"https:\/\/aral2.cetrexmarketing.com\/categoria-producto\/inicio\/destilados\/pippermint\/"},{"@type":"ListItem","position":5,"name":"Pippermint Bardinet"}]},{"@type":"WebSite","@id":"https:\/\/aral2.cetrexmarketing.com\/#website","url":"https:\/\/aral2.cetrexmarketing.com\/","name":"M\u00f3n La Cata","description":"Tienda de vinos, licores, cervezas y gourmet","publisher":{"@id":"https:\/\/aral2.cetrexmarketing.com\/#organization"},"potentialAction":[{"@type":"SearchAction","target":{"@type":"EntryPoint","urlTemplate":"https:\/\/aral2.cetrexmarketing.com\/?s={search_term_string}"},"query-input":{"@type":"PropertyValueSpecification","valueRequired":true,"valueName":"search_term_string"}}],"inLanguage":"ca"},{"@type":"Organization","@id":"https:\/\/aral2.cetrexmarketing.com\/#organization","name":"M\u00f3n La Cata","url":"https:\/\/aral2.cetrexmarketing.com\/","logo":{"@type":"ImageObject","inLanguage":"ca","@id":"https:\/\/aral2.cetrexmarketing.com\/#\/schema\/logo\/image\/","url":"https:\/\/aral2.cetrexmarketing.com\/wp-content\/uploads\/2024\/10\/aral-logo-neg-1024x409-1.png","contentUrl":"https:\/\/aral2.cetrexmarketing.com\/wp-content\/uploads\/2024\/10\/aral-logo-neg-1024x409-1.png","width":1024,"height":409,"caption":"M\u00f3n La Cata"},"image":{"@id":"https:\/\/aral2.cetrexmarketing.com\/#\/schema\/logo\/image\/"}}]}},"brands":[],"_links":{"self":[{"href":"https:\/\/aral2.cetrexmarketing.com\/ca\/wp-json\/wp\/v2\/product\/93440","targetHints":{"allow":["GET"]}}],"collection":[{"href":"https:\/\/aral2.cetrexmarketing.com\/ca\/wp-json\/wp\/v2\/product"}],"about":[{"href":"https:\/\/aral2.cetrexmarketing.com\/ca\/wp-json\/wp\/v2\/types\/product"}],"replies":[{"embeddable":true,"href":"https:\/\/aral2.cetrexmarketing.com\/ca\/wp-json\/wp\/v2\/comments?post=93440"}],"wp:featuredmedia":[{"embeddable":true,"href":"https:\/\/aral2.cetrexmarketing.com\/ca\/wp-json\/wp\/v2\/media\/93437"}],"wp:attachment":[{"href":"https:\/\/aral2.cetrexmarketing.com\/ca\/wp-json\/wp\/v2\/media?parent=93440"}],"wp:term":[{"taxonomy":"pwb-brand","embeddable":true,"href":"https:\/\/aral2.cetrexmarketing.com\/ca\/wp-json\/wp\/v2\/pwb-brand?post=93440"},{"taxonomy":"product_brand","embeddable":true,"href":"https:\/\/aral2.cetrexmarketing.com\/ca\/wp-json\/wp\/v2\/product_brand?post=93440"},{"taxonomy":"product_cat","embeddable":true,"href":"https:\/\/aral2.cetrexmarketing.com\/ca\/wp-json\/wp\/v2\/product_cat?post=93440"},{"taxonomy":"product_tag","embeddable":true,"href":"https:\/\/aral2.cetrexmarketing.com\/ca\/wp-json\/wp\/v2\/product_tag?post=93440"}],"curies":[{"name":"wp","href":"https:\/\/api.w.org\/{rel}","templated":true}]}}