{"id":93088,"date":"2025-05-25T08:09:49","date_gmt":"2025-05-25T08:09:49","guid":{"rendered":"https:\/\/aral2.cetrexmarketing.com\/producto\/the-london-no-1\/"},"modified":"2025-05-27T07:11:09","modified_gmt":"2025-05-27T07:11:09","slug":"the-london-no-1","status":"publish","type":"product","link":"https:\/\/aral2.cetrexmarketing.com\/ca\/producto\/the-london-no-1\/","title":{"rendered":"The London n\u00ba 1"},"content":{"rendered":"<p>The London n\u00ba 1 \u00e9s una ginebra premium d&#8217;origen brit\u00e0nic, reconeguda pel seu color blau p\u00e0l\u00b7lid i el seu sabor equilibrat i suau. Destil\u00b7lada en petits lots amb ingredients bot\u00e0nics d&#8217;alta qualitat, inclou notes de ginebre, coriandre, ametlla i canyella. Ideal per a gin-t\u00f2nics i c\u00f2ctels sofisticats, The London n\u00ba 1 afegeix un toc d&#8217;eleg\u00e0ncia i distinci\u00f3 a qualsevol beguda.<\/p>\n","protected":false},"excerpt":{"rendered":"<p>The London n\u00ba 1 \u00e9s una ginebra premium d&#8217;origen brit\u00e0nic, reconeguda pel seu color blau p\u00e0l\u00b7lid i el seu sabor equilibrat i suau. Destil\u00b7lada en petits lots amb ingredients bot\u00e0nics d&#8217;alta qualitat, inclou notes de ginebre, coriandre, ametlla i canyella. Ideal per a gin-t\u00f2nics i c\u00f2ctels sofisticats, The London n\u00ba 1 afegeix un toc d&#8217;eleg\u00e0ncia&hellip;<\/p>\n","protected":false},"featured_media":93085,"comment_status":"closed","ping_status":"closed","template":"","meta":{"_acf_changed":false},"pwb-brand":[],"product_brand":[],"product_cat":[51692,51712,51709],"product_tag":[15194,15195,17134],"class_list":{"0":"post-93088","1":"product","2":"type-product","3":"status-publish","4":"has-post-thumbnail","6":"product_cat-destillats","7":"product_cat-ginebra-destillats","8":"product_cat-lots-i-estoigs-destillats","9":"product_tag-gin-ca","10":"product_tag-ginebra-ca","11":"product_tag-london-ca","12":"pa_formatoenl-36167","13":"pa_formatoenml-38307","14":"pa_graduacion-47_0","15":"pa_pais-gran-bretanya","16":"pa_pesoengramos-38354","17":"pa_pesoenkg-14-2","18":"entry","19":"has-media","21":"first","22":"instock","23":"taxable","24":"shipping-taxable","25":"purchasable","26":"product-type-simple"},"acf":[],"yoast_head":"<!-- This site is optimized with the Yoast SEO Premium plugin v23.1 (Yoast SEO v23.5) - https:\/\/yoast.com\/wordpress\/plugins\/seo\/ -->\n<title>The London n\u00ba1 Gin<\/title>\n<meta name=\"description\" content=\"Comprar online al millor preu la ginebra London n\u00ba 1 70cl (Gran Bretanya). Ofertes. Descomptes. Web segura i r\u00e0pida. Licoreria. Destil\u00b7lats. Begudes. Viniteca.\" \/>\n<meta name=\"robots\" content=\"noindex, follow, max-snippet:-1, max-image-preview:large, max-video-preview:-1\" \/>\n<meta property=\"og:locale\" content=\"ca_ES\" \/>\n<meta property=\"og:type\" content=\"article\" \/>\n<meta property=\"og:title\" content=\"The London n\u00ba 1\" \/>\n<meta property=\"og:description\" content=\"Comprar online al millor preu la ginebra London n\u00ba 1 70cl (Gran Bretanya). Ofertes. Descomptes. Web segura i r\u00e0pida. Licoreria. Destil\u00b7lats. Begudes. Viniteca.\" \/>\n<meta property=\"og:url\" content=\"https:\/\/aral2.cetrexmarketing.com\/ca\/producto\/the-london-no-1\/\" \/>\n<meta property=\"og:site_name\" content=\"M\u00f3n La Cata\" \/>\n<meta property=\"article:modified_time\" content=\"2025-05-27T07:11:09+00:00\" \/>\n<meta property=\"og:image\" content=\"https:\/\/aral2.cetrexmarketing.com\/wp-content\/uploads\/2025\/05\/9811-Gin-The-London-no1.jpg\" \/>\n\t<meta property=\"og:image:width\" content=\"432\" \/>\n\t<meta property=\"og:image:height\" content=\"600\" \/>\n\t<meta property=\"og:image:type\" content=\"image\/jpeg\" \/>\n<meta name=\"twitter:card\" content=\"summary_large_image\" \/>\n<meta name=\"twitter:label1\" content=\"Temps estimat de lectura\" \/>\n\t<meta name=\"twitter:data1\" content=\"1 minut\" \/>\n<script type=\"application\/ld+json\" class=\"yoast-schema-graph\">{\"@context\":\"https:\/\/schema.org\",\"@graph\":[{\"@type\":\"WebPage\",\"@id\":\"https:\/\/aral2.cetrexmarketing.com\/ca\/producto\/the-london-no-1\/\",\"url\":\"https:\/\/aral2.cetrexmarketing.com\/ca\/producto\/the-london-no-1\/\",\"name\":\"The London n\u00ba1 Gin\",\"isPartOf\":{\"@id\":\"https:\/\/aral2.cetrexmarketing.com\/#website\"},\"primaryImageOfPage\":{\"@id\":\"https:\/\/aral2.cetrexmarketing.com\/ca\/producto\/the-london-no-1\/#primaryimage\"},\"image\":{\"@id\":\"https:\/\/aral2.cetrexmarketing.com\/ca\/producto\/the-london-no-1\/#primaryimage\"},\"thumbnailUrl\":\"https:\/\/aral2.cetrexmarketing.com\/wp-content\/uploads\/2025\/05\/9811-Gin-The-London-no1.jpg\",\"datePublished\":\"2025-05-25T08:09:49+00:00\",\"dateModified\":\"2025-05-27T07:11:09+00:00\",\"description\":\"Comprar online al millor preu la ginebra London n\u00ba 1 70cl (Gran Bretanya). Ofertes. Descomptes. Web segura i r\u00e0pida. Licoreria. Destil\u00b7lats. Begudes. Viniteca.\",\"breadcrumb\":{\"@id\":\"https:\/\/aral2.cetrexmarketing.com\/ca\/producto\/the-london-no-1\/#breadcrumb\"},\"inLanguage\":\"ca\",\"potentialAction\":[{\"@type\":\"ReadAction\",\"target\":[\"https:\/\/aral2.cetrexmarketing.com\/ca\/producto\/the-london-no-1\/\"]}]},{\"@type\":\"ImageObject\",\"inLanguage\":\"ca\",\"@id\":\"https:\/\/aral2.cetrexmarketing.com\/ca\/producto\/the-london-no-1\/#primaryimage\",\"url\":\"https:\/\/aral2.cetrexmarketing.com\/wp-content\/uploads\/2025\/05\/9811-Gin-The-London-no1.jpg\",\"contentUrl\":\"https:\/\/aral2.cetrexmarketing.com\/wp-content\/uploads\/2025\/05\/9811-Gin-The-London-no1.jpg\",\"width\":432,\"height\":600},{\"@type\":\"BreadcrumbList\",\"@id\":\"https:\/\/aral2.cetrexmarketing.com\/ca\/producto\/the-london-no-1\/#breadcrumb\",\"itemListElement\":[{\"@type\":\"ListItem\",\"position\":1,\"name\":\"Home\",\"item\":\"https:\/\/aral2.cetrexmarketing.com\/ca\/\"},{\"@type\":\"ListItem\",\"position\":2,\"name\":\"Tienda\",\"item\":\"https:\/\/aral2.cetrexmarketing.com\/ca\/tienda-2\/\"},{\"@type\":\"ListItem\",\"position\":3,\"name\":\"Destilados\",\"item\":\"https:\/\/aral2.cetrexmarketing.com\/categoria-producto\/inicio\/destilados\/\"},{\"@type\":\"ListItem\",\"position\":4,\"name\":\"The London n\u00ba 1\"}]},{\"@type\":\"WebSite\",\"@id\":\"https:\/\/aral2.cetrexmarketing.com\/#website\",\"url\":\"https:\/\/aral2.cetrexmarketing.com\/\",\"name\":\"M\u00f3n La Cata\",\"description\":\"Tienda de vinos, licores, cervezas y gourmet\",\"publisher\":{\"@id\":\"https:\/\/aral2.cetrexmarketing.com\/#organization\"},\"potentialAction\":[{\"@type\":\"SearchAction\",\"target\":{\"@type\":\"EntryPoint\",\"urlTemplate\":\"https:\/\/aral2.cetrexmarketing.com\/?s={search_term_string}\"},\"query-input\":{\"@type\":\"PropertyValueSpecification\",\"valueRequired\":true,\"valueName\":\"search_term_string\"}}],\"inLanguage\":\"ca\"},{\"@type\":\"Organization\",\"@id\":\"https:\/\/aral2.cetrexmarketing.com\/#organization\",\"name\":\"M\u00f3n La Cata\",\"url\":\"https:\/\/aral2.cetrexmarketing.com\/\",\"logo\":{\"@type\":\"ImageObject\",\"inLanguage\":\"ca\",\"@id\":\"https:\/\/aral2.cetrexmarketing.com\/#\/schema\/logo\/image\/\",\"url\":\"https:\/\/aral2.cetrexmarketing.com\/wp-content\/uploads\/2024\/10\/aral-logo-neg-1024x409-1.png\",\"contentUrl\":\"https:\/\/aral2.cetrexmarketing.com\/wp-content\/uploads\/2024\/10\/aral-logo-neg-1024x409-1.png\",\"width\":1024,\"height\":409,\"caption\":\"M\u00f3n La Cata\"},\"image\":{\"@id\":\"https:\/\/aral2.cetrexmarketing.com\/#\/schema\/logo\/image\/\"}}]}<\/script>\n<!-- \/ Yoast SEO Premium plugin. -->","yoast_head_json":{"title":"The London n\u00ba1 Gin","description":"Comprar online al millor preu la ginebra London n\u00ba 1 70cl (Gran Bretanya). Ofertes. Descomptes. Web segura i r\u00e0pida. Licoreria. Destil\u00b7lats. Begudes. Viniteca.","robots":{"index":"noindex","follow":"follow","max-snippet":"max-snippet:-1","max-image-preview":"max-image-preview:large","max-video-preview":"max-video-preview:-1"},"og_locale":"ca_ES","og_type":"article","og_title":"The London n\u00ba 1","og_description":"Comprar online al millor preu la ginebra London n\u00ba 1 70cl (Gran Bretanya). Ofertes. Descomptes. Web segura i r\u00e0pida. Licoreria. Destil\u00b7lats. Begudes. Viniteca.","og_url":"https:\/\/aral2.cetrexmarketing.com\/ca\/producto\/the-london-no-1\/","og_site_name":"M\u00f3n La Cata","article_modified_time":"2025-05-27T07:11:09+00:00","og_image":[{"width":432,"height":600,"url":"https:\/\/aral2.cetrexmarketing.com\/wp-content\/uploads\/2025\/05\/9811-Gin-The-London-no1.jpg","type":"image\/jpeg"}],"twitter_card":"summary_large_image","twitter_misc":{"Temps estimat de lectura":"1 minut"},"schema":{"@context":"https:\/\/schema.org","@graph":[{"@type":"WebPage","@id":"https:\/\/aral2.cetrexmarketing.com\/ca\/producto\/the-london-no-1\/","url":"https:\/\/aral2.cetrexmarketing.com\/ca\/producto\/the-london-no-1\/","name":"The London n\u00ba1 Gin","isPartOf":{"@id":"https:\/\/aral2.cetrexmarketing.com\/#website"},"primaryImageOfPage":{"@id":"https:\/\/aral2.cetrexmarketing.com\/ca\/producto\/the-london-no-1\/#primaryimage"},"image":{"@id":"https:\/\/aral2.cetrexmarketing.com\/ca\/producto\/the-london-no-1\/#primaryimage"},"thumbnailUrl":"https:\/\/aral2.cetrexmarketing.com\/wp-content\/uploads\/2025\/05\/9811-Gin-The-London-no1.jpg","datePublished":"2025-05-25T08:09:49+00:00","dateModified":"2025-05-27T07:11:09+00:00","description":"Comprar online al millor preu la ginebra London n\u00ba 1 70cl (Gran Bretanya). Ofertes. Descomptes. Web segura i r\u00e0pida. Licoreria. Destil\u00b7lats. Begudes. Viniteca.","breadcrumb":{"@id":"https:\/\/aral2.cetrexmarketing.com\/ca\/producto\/the-london-no-1\/#breadcrumb"},"inLanguage":"ca","potentialAction":[{"@type":"ReadAction","target":["https:\/\/aral2.cetrexmarketing.com\/ca\/producto\/the-london-no-1\/"]}]},{"@type":"ImageObject","inLanguage":"ca","@id":"https:\/\/aral2.cetrexmarketing.com\/ca\/producto\/the-london-no-1\/#primaryimage","url":"https:\/\/aral2.cetrexmarketing.com\/wp-content\/uploads\/2025\/05\/9811-Gin-The-London-no1.jpg","contentUrl":"https:\/\/aral2.cetrexmarketing.com\/wp-content\/uploads\/2025\/05\/9811-Gin-The-London-no1.jpg","width":432,"height":600},{"@type":"BreadcrumbList","@id":"https:\/\/aral2.cetrexmarketing.com\/ca\/producto\/the-london-no-1\/#breadcrumb","itemListElement":[{"@type":"ListItem","position":1,"name":"Home","item":"https:\/\/aral2.cetrexmarketing.com\/ca\/"},{"@type":"ListItem","position":2,"name":"Tienda","item":"https:\/\/aral2.cetrexmarketing.com\/ca\/tienda-2\/"},{"@type":"ListItem","position":3,"name":"Destilados","item":"https:\/\/aral2.cetrexmarketing.com\/categoria-producto\/inicio\/destilados\/"},{"@type":"ListItem","position":4,"name":"The London n\u00ba 1"}]},{"@type":"WebSite","@id":"https:\/\/aral2.cetrexmarketing.com\/#website","url":"https:\/\/aral2.cetrexmarketing.com\/","name":"M\u00f3n La Cata","description":"Tienda de vinos, licores, cervezas y gourmet","publisher":{"@id":"https:\/\/aral2.cetrexmarketing.com\/#organization"},"potentialAction":[{"@type":"SearchAction","target":{"@type":"EntryPoint","urlTemplate":"https:\/\/aral2.cetrexmarketing.com\/?s={search_term_string}"},"query-input":{"@type":"PropertyValueSpecification","valueRequired":true,"valueName":"search_term_string"}}],"inLanguage":"ca"},{"@type":"Organization","@id":"https:\/\/aral2.cetrexmarketing.com\/#organization","name":"M\u00f3n La Cata","url":"https:\/\/aral2.cetrexmarketing.com\/","logo":{"@type":"ImageObject","inLanguage":"ca","@id":"https:\/\/aral2.cetrexmarketing.com\/#\/schema\/logo\/image\/","url":"https:\/\/aral2.cetrexmarketing.com\/wp-content\/uploads\/2024\/10\/aral-logo-neg-1024x409-1.png","contentUrl":"https:\/\/aral2.cetrexmarketing.com\/wp-content\/uploads\/2024\/10\/aral-logo-neg-1024x409-1.png","width":1024,"height":409,"caption":"M\u00f3n La Cata"},"image":{"@id":"https:\/\/aral2.cetrexmarketing.com\/#\/schema\/logo\/image\/"}}]}},"brands":[],"_links":{"self":[{"href":"https:\/\/aral2.cetrexmarketing.com\/ca\/wp-json\/wp\/v2\/product\/93088","targetHints":{"allow":["GET"]}}],"collection":[{"href":"https:\/\/aral2.cetrexmarketing.com\/ca\/wp-json\/wp\/v2\/product"}],"about":[{"href":"https:\/\/aral2.cetrexmarketing.com\/ca\/wp-json\/wp\/v2\/types\/product"}],"replies":[{"embeddable":true,"href":"https:\/\/aral2.cetrexmarketing.com\/ca\/wp-json\/wp\/v2\/comments?post=93088"}],"wp:featuredmedia":[{"embeddable":true,"href":"https:\/\/aral2.cetrexmarketing.com\/ca\/wp-json\/wp\/v2\/media\/93085"}],"wp:attachment":[{"href":"https:\/\/aral2.cetrexmarketing.com\/ca\/wp-json\/wp\/v2\/media?parent=93088"}],"wp:term":[{"taxonomy":"pwb-brand","embeddable":true,"href":"https:\/\/aral2.cetrexmarketing.com\/ca\/wp-json\/wp\/v2\/pwb-brand?post=93088"},{"taxonomy":"product_brand","embeddable":true,"href":"https:\/\/aral2.cetrexmarketing.com\/ca\/wp-json\/wp\/v2\/product_brand?post=93088"},{"taxonomy":"product_cat","embeddable":true,"href":"https:\/\/aral2.cetrexmarketing.com\/ca\/wp-json\/wp\/v2\/product_cat?post=93088"},{"taxonomy":"product_tag","embeddable":true,"href":"https:\/\/aral2.cetrexmarketing.com\/ca\/wp-json\/wp\/v2\/product_tag?post=93088"}],"curies":[{"name":"wp","href":"https:\/\/api.w.org\/{rel}","templated":true}]}}