{"id":93080,"date":"2025-05-25T08:09:39","date_gmt":"2025-05-25T08:09:39","guid":{"rendered":"https:\/\/aral2.cetrexmarketing.com\/producto\/the-botanicals-premium\/"},"modified":"2025-05-27T07:11:03","modified_gmt":"2025-05-27T07:11:03","slug":"the-botanicals-premium","status":"publish","type":"product","link":"https:\/\/aral2.cetrexmarketing.com\/ca\/producto\/the-botanicals-premium\/","title":{"rendered":"The Botanical&#8217;s Premium"},"content":{"rendered":"<div class=\"flex max-w-full flex-col flex-grow\">\n<div class=\"min-h-8 text-message flex w-full flex-col items-end gap-2 whitespace-normal break-words text-start [.text-message+&amp;]:mt-5\" dir=\"auto\" data-message-author-role=\"assistant\" data-message-id=\"02645ecf-187c-4aed-ae2f-85417dc1b1fc\" data-message-model-slug=\"gpt-4o\">\n<div class=\"flex w-full flex-col gap-1 empty:hidden first:pt-[3px]\">\n<div class=\"markdown prose w-full break-words dark:prose-invert light\">\n<p>THE BOTANICAL\u2019S \u00e9s una ginebra premium elaborada a partir d\u2019una acurada selecci\u00f3 de bot\u00e0nics de gran qualitat. El seu proc\u00e9s de destil\u00b7laci\u00f3 artesanal en alambins de coure permet obtenir un destil\u00b7lat refinat, amb una complexitat arom\u00e0tica \u00fanica i un equilibri perfecte entre frescor i profunditat.<\/p>\n<h4><strong>Proc\u00e9s d\u2019elaboraci\u00f3:<\/p>\n<p><\/strong><\/h4>\n<p>THE BOTANICAL\u2019S es destil\u00b7la en petits lots mitjan\u00e7ant un proc\u00e9s tradicional en alambins de coure. S\u2019utilitza alcohol de gra d\u2019alta qualitat i una maceraci\u00f3 prolongada dels bot\u00e0nics per extreure\u2019n al m\u00e0xim els aromes i propietats. Posteriorment, la ginebra se sotmet a un filtratge delicat que garanteix una puresa excepcional en cada ampolla.<\/p>\n<p>  <\/p>\n<h4><strong>Diferenciaci\u00f3:<\/p>\n<p><\/strong><\/h4>\n<p>THE BOTANICAL\u2019S es posiciona en el segment de ginebres premium, destacant per la seva meticulosa selecci\u00f3 de bot\u00e0nics, la seva destil\u00b7laci\u00f3 artesanal i el seu perfil arom\u00e0tic sofisticat. \u00c9s una opci\u00f3 ideal per als amants de la ginebra que busquen qualitat, eleg\u00e0ncia i un sabor distintiu. <\/p>\n<\/div>\n<\/div>\n<\/div>\n<\/div>\n<div class=\"mt-3 w-full empty:hidden\">\n<div class=\"text-center\">\n<div class=\"mx-auto\">\n<div>\n<div class=\"inline-flex rounded-xl border border-gray-100 dark:border-gray-700\">\n<div class=\"flex items-center justify-center gap-4 px-4 py-3 text-sm text-token-text-secondary\">\n<div class=\"flex items-center gap-5\"><\/div>\n<\/div>\n<\/div>\n<\/div>\n<\/div>\n<\/div>\n<\/div>\n","protected":false},"excerpt":{"rendered":"<p>THE BOTANICAL\u2019S \u00e9s una ginebra premium elaborada a partir d\u2019una acurada selecci\u00f3 de bot\u00e0nics de gran qualitat. El seu proc\u00e9s de destil\u00b7laci\u00f3 artesanal en alambins de coure permet obtenir un destil\u00b7lat refinat, amb una complexitat arom\u00e0tica \u00fanica i un equilibri perfecte entre frescor i profunditat. Proc\u00e9s d\u2019elaboraci\u00f3: THE BOTANICAL\u2019S es destil\u00b7la en petits lots mitjan\u00e7ant&hellip;<\/p>\n","protected":false},"featured_media":93077,"comment_status":"closed","ping_status":"closed","template":"","meta":{"_acf_changed":false},"pwb-brand":[],"product_brand":[],"product_cat":[51692,51712],"product_tag":[17411,15194,15195],"class_list":{"0":"post-93080","1":"product","2":"type-product","3":"status-publish","4":"has-post-thumbnail","6":"product_cat-destillats","7":"product_cat-ginebra-destillats","8":"product_tag-botanicals-ca","9":"product_tag-gin-ca","10":"product_tag-ginebra-ca","11":"pa_destileria-langleys-distillery","12":"pa_formatoenl-36167","13":"pa_formatoenml-38307","14":"pa_graduacion-42_5","15":"pa_pais-gran-bretanya","16":"pa_pesoengramos-38337","17":"pa_pesoenkg-125-ca","18":"entry","19":"has-media","21":"first","22":"instock","23":"taxable","24":"shipping-taxable","25":"purchasable","26":"product-type-simple"},"acf":[],"yoast_head":"<!-- This site is optimized with the Yoast SEO Premium plugin v23.1 (Yoast SEO v23.5) - https:\/\/yoast.com\/wordpress\/plugins\/seo\/ -->\n<title>Botanical&#039;s Premium Ginebra<\/title>\n<meta name=\"description\" content=\"Comprar online la ginebra Botanicals 70cl (Gran Breta\u00f1a). Ofertes. Descomptes. Web r\u00e0pida i segura. Licoreria. Destil\u00b7lats. Begudes. Vinoteca.\" \/>\n<meta name=\"robots\" content=\"noindex, follow, max-snippet:-1, max-image-preview:large, max-video-preview:-1\" \/>\n<meta property=\"og:locale\" content=\"ca_ES\" \/>\n<meta property=\"og:type\" content=\"article\" \/>\n<meta property=\"og:title\" content=\"The Botanical&#039;s Premium\" \/>\n<meta property=\"og:description\" content=\"Comprar online la ginebra Botanicals 70cl (Gran Breta\u00f1a). Ofertes. Descomptes. Web r\u00e0pida i segura. Licoreria. Destil\u00b7lats. Begudes. Vinoteca.\" \/>\n<meta property=\"og:url\" content=\"https:\/\/aral2.cetrexmarketing.com\/ca\/producto\/the-botanicals-premium\/\" \/>\n<meta property=\"og:site_name\" content=\"M\u00f3n La Cata\" \/>\n<meta property=\"article:modified_time\" content=\"2025-05-27T07:11:03+00:00\" \/>\n<meta property=\"og:image\" content=\"https:\/\/aral2.cetrexmarketing.com\/wp-content\/uploads\/2025\/05\/GIN-THE-BOTANICALS-PREMIUM.jpg.png\" \/>\n\t<meta property=\"og:image:width\" content=\"765\" \/>\n\t<meta property=\"og:image:height\" content=\"1024\" \/>\n\t<meta property=\"og:image:type\" content=\"image\/png\" \/>\n<meta name=\"twitter:card\" content=\"summary_large_image\" \/>\n<meta name=\"twitter:label1\" content=\"Temps estimat de lectura\" \/>\n\t<meta name=\"twitter:data1\" content=\"1 minut\" \/>\n<script type=\"application\/ld+json\" class=\"yoast-schema-graph\">{\"@context\":\"https:\/\/schema.org\",\"@graph\":[{\"@type\":\"WebPage\",\"@id\":\"https:\/\/aral2.cetrexmarketing.com\/ca\/producto\/the-botanicals-premium\/\",\"url\":\"https:\/\/aral2.cetrexmarketing.com\/ca\/producto\/the-botanicals-premium\/\",\"name\":\"Botanical's Premium Ginebra\",\"isPartOf\":{\"@id\":\"https:\/\/aral2.cetrexmarketing.com\/#website\"},\"primaryImageOfPage\":{\"@id\":\"https:\/\/aral2.cetrexmarketing.com\/ca\/producto\/the-botanicals-premium\/#primaryimage\"},\"image\":{\"@id\":\"https:\/\/aral2.cetrexmarketing.com\/ca\/producto\/the-botanicals-premium\/#primaryimage\"},\"thumbnailUrl\":\"https:\/\/aral2.cetrexmarketing.com\/wp-content\/uploads\/2025\/05\/GIN-THE-BOTANICALS-PREMIUM.jpg.png\",\"datePublished\":\"2025-05-25T08:09:39+00:00\",\"dateModified\":\"2025-05-27T07:11:03+00:00\",\"description\":\"Comprar online la ginebra Botanicals 70cl (Gran Breta\u00f1a). Ofertes. Descomptes. Web r\u00e0pida i segura. Licoreria. Destil\u00b7lats. Begudes. Vinoteca.\",\"breadcrumb\":{\"@id\":\"https:\/\/aral2.cetrexmarketing.com\/ca\/producto\/the-botanicals-premium\/#breadcrumb\"},\"inLanguage\":\"ca\",\"potentialAction\":[{\"@type\":\"ReadAction\",\"target\":[\"https:\/\/aral2.cetrexmarketing.com\/ca\/producto\/the-botanicals-premium\/\"]}]},{\"@type\":\"ImageObject\",\"inLanguage\":\"ca\",\"@id\":\"https:\/\/aral2.cetrexmarketing.com\/ca\/producto\/the-botanicals-premium\/#primaryimage\",\"url\":\"https:\/\/aral2.cetrexmarketing.com\/wp-content\/uploads\/2025\/05\/GIN-THE-BOTANICALS-PREMIUM.jpg.png\",\"contentUrl\":\"https:\/\/aral2.cetrexmarketing.com\/wp-content\/uploads\/2025\/05\/GIN-THE-BOTANICALS-PREMIUM.jpg.png\",\"width\":765,\"height\":1024},{\"@type\":\"BreadcrumbList\",\"@id\":\"https:\/\/aral2.cetrexmarketing.com\/ca\/producto\/the-botanicals-premium\/#breadcrumb\",\"itemListElement\":[{\"@type\":\"ListItem\",\"position\":1,\"name\":\"Home\",\"item\":\"https:\/\/aral2.cetrexmarketing.com\/ca\/\"},{\"@type\":\"ListItem\",\"position\":2,\"name\":\"Tienda\",\"item\":\"https:\/\/aral2.cetrexmarketing.com\/ca\/tienda-2\/\"},{\"@type\":\"ListItem\",\"position\":3,\"name\":\"Destil\u00b7lats\",\"item\":\"https:\/\/aral2.cetrexmarketing.com\/categoria-producto\/destil%c2%b7lats\/\"},{\"@type\":\"ListItem\",\"position\":4,\"name\":\"Ginebra\",\"item\":\"https:\/\/aral2.cetrexmarketing.com\/categoria-producto\/destil%c2%b7lats\/ginebra-destil%c2%b7lats\/\"},{\"@type\":\"ListItem\",\"position\":5,\"name\":\"The Botanical&#8217;s Premium\"}]},{\"@type\":\"WebSite\",\"@id\":\"https:\/\/aral2.cetrexmarketing.com\/#website\",\"url\":\"https:\/\/aral2.cetrexmarketing.com\/\",\"name\":\"M\u00f3n La Cata\",\"description\":\"Tienda de vinos, licores, cervezas y gourmet\",\"publisher\":{\"@id\":\"https:\/\/aral2.cetrexmarketing.com\/#organization\"},\"potentialAction\":[{\"@type\":\"SearchAction\",\"target\":{\"@type\":\"EntryPoint\",\"urlTemplate\":\"https:\/\/aral2.cetrexmarketing.com\/?s={search_term_string}\"},\"query-input\":{\"@type\":\"PropertyValueSpecification\",\"valueRequired\":true,\"valueName\":\"search_term_string\"}}],\"inLanguage\":\"ca\"},{\"@type\":\"Organization\",\"@id\":\"https:\/\/aral2.cetrexmarketing.com\/#organization\",\"name\":\"M\u00f3n La Cata\",\"url\":\"https:\/\/aral2.cetrexmarketing.com\/\",\"logo\":{\"@type\":\"ImageObject\",\"inLanguage\":\"ca\",\"@id\":\"https:\/\/aral2.cetrexmarketing.com\/#\/schema\/logo\/image\/\",\"url\":\"https:\/\/aral2.cetrexmarketing.com\/wp-content\/uploads\/2024\/10\/aral-logo-neg-1024x409-1.png\",\"contentUrl\":\"https:\/\/aral2.cetrexmarketing.com\/wp-content\/uploads\/2024\/10\/aral-logo-neg-1024x409-1.png\",\"width\":1024,\"height\":409,\"caption\":\"M\u00f3n La Cata\"},\"image\":{\"@id\":\"https:\/\/aral2.cetrexmarketing.com\/#\/schema\/logo\/image\/\"}}]}<\/script>\n<!-- \/ Yoast SEO Premium plugin. -->","yoast_head_json":{"title":"Botanical's Premium Ginebra","description":"Comprar online la ginebra Botanicals 70cl (Gran Breta\u00f1a). Ofertes. Descomptes. Web r\u00e0pida i segura. Licoreria. Destil\u00b7lats. Begudes. Vinoteca.","robots":{"index":"noindex","follow":"follow","max-snippet":"max-snippet:-1","max-image-preview":"max-image-preview:large","max-video-preview":"max-video-preview:-1"},"og_locale":"ca_ES","og_type":"article","og_title":"The Botanical's Premium","og_description":"Comprar online la ginebra Botanicals 70cl (Gran Breta\u00f1a). Ofertes. Descomptes. Web r\u00e0pida i segura. Licoreria. Destil\u00b7lats. Begudes. Vinoteca.","og_url":"https:\/\/aral2.cetrexmarketing.com\/ca\/producto\/the-botanicals-premium\/","og_site_name":"M\u00f3n La Cata","article_modified_time":"2025-05-27T07:11:03+00:00","og_image":[{"width":765,"height":1024,"url":"https:\/\/aral2.cetrexmarketing.com\/wp-content\/uploads\/2025\/05\/GIN-THE-BOTANICALS-PREMIUM.jpg.png","type":"image\/png"}],"twitter_card":"summary_large_image","twitter_misc":{"Temps estimat de lectura":"1 minut"},"schema":{"@context":"https:\/\/schema.org","@graph":[{"@type":"WebPage","@id":"https:\/\/aral2.cetrexmarketing.com\/ca\/producto\/the-botanicals-premium\/","url":"https:\/\/aral2.cetrexmarketing.com\/ca\/producto\/the-botanicals-premium\/","name":"Botanical's Premium Ginebra","isPartOf":{"@id":"https:\/\/aral2.cetrexmarketing.com\/#website"},"primaryImageOfPage":{"@id":"https:\/\/aral2.cetrexmarketing.com\/ca\/producto\/the-botanicals-premium\/#primaryimage"},"image":{"@id":"https:\/\/aral2.cetrexmarketing.com\/ca\/producto\/the-botanicals-premium\/#primaryimage"},"thumbnailUrl":"https:\/\/aral2.cetrexmarketing.com\/wp-content\/uploads\/2025\/05\/GIN-THE-BOTANICALS-PREMIUM.jpg.png","datePublished":"2025-05-25T08:09:39+00:00","dateModified":"2025-05-27T07:11:03+00:00","description":"Comprar online la ginebra Botanicals 70cl (Gran Breta\u00f1a). Ofertes. Descomptes. Web r\u00e0pida i segura. Licoreria. Destil\u00b7lats. Begudes. Vinoteca.","breadcrumb":{"@id":"https:\/\/aral2.cetrexmarketing.com\/ca\/producto\/the-botanicals-premium\/#breadcrumb"},"inLanguage":"ca","potentialAction":[{"@type":"ReadAction","target":["https:\/\/aral2.cetrexmarketing.com\/ca\/producto\/the-botanicals-premium\/"]}]},{"@type":"ImageObject","inLanguage":"ca","@id":"https:\/\/aral2.cetrexmarketing.com\/ca\/producto\/the-botanicals-premium\/#primaryimage","url":"https:\/\/aral2.cetrexmarketing.com\/wp-content\/uploads\/2025\/05\/GIN-THE-BOTANICALS-PREMIUM.jpg.png","contentUrl":"https:\/\/aral2.cetrexmarketing.com\/wp-content\/uploads\/2025\/05\/GIN-THE-BOTANICALS-PREMIUM.jpg.png","width":765,"height":1024},{"@type":"BreadcrumbList","@id":"https:\/\/aral2.cetrexmarketing.com\/ca\/producto\/the-botanicals-premium\/#breadcrumb","itemListElement":[{"@type":"ListItem","position":1,"name":"Home","item":"https:\/\/aral2.cetrexmarketing.com\/ca\/"},{"@type":"ListItem","position":2,"name":"Tienda","item":"https:\/\/aral2.cetrexmarketing.com\/ca\/tienda-2\/"},{"@type":"ListItem","position":3,"name":"Destil\u00b7lats","item":"https:\/\/aral2.cetrexmarketing.com\/categoria-producto\/destil%c2%b7lats\/"},{"@type":"ListItem","position":4,"name":"Ginebra","item":"https:\/\/aral2.cetrexmarketing.com\/categoria-producto\/destil%c2%b7lats\/ginebra-destil%c2%b7lats\/"},{"@type":"ListItem","position":5,"name":"The Botanical&#8217;s Premium"}]},{"@type":"WebSite","@id":"https:\/\/aral2.cetrexmarketing.com\/#website","url":"https:\/\/aral2.cetrexmarketing.com\/","name":"M\u00f3n La Cata","description":"Tienda de vinos, licores, cervezas y gourmet","publisher":{"@id":"https:\/\/aral2.cetrexmarketing.com\/#organization"},"potentialAction":[{"@type":"SearchAction","target":{"@type":"EntryPoint","urlTemplate":"https:\/\/aral2.cetrexmarketing.com\/?s={search_term_string}"},"query-input":{"@type":"PropertyValueSpecification","valueRequired":true,"valueName":"search_term_string"}}],"inLanguage":"ca"},{"@type":"Organization","@id":"https:\/\/aral2.cetrexmarketing.com\/#organization","name":"M\u00f3n La Cata","url":"https:\/\/aral2.cetrexmarketing.com\/","logo":{"@type":"ImageObject","inLanguage":"ca","@id":"https:\/\/aral2.cetrexmarketing.com\/#\/schema\/logo\/image\/","url":"https:\/\/aral2.cetrexmarketing.com\/wp-content\/uploads\/2024\/10\/aral-logo-neg-1024x409-1.png","contentUrl":"https:\/\/aral2.cetrexmarketing.com\/wp-content\/uploads\/2024\/10\/aral-logo-neg-1024x409-1.png","width":1024,"height":409,"caption":"M\u00f3n La Cata"},"image":{"@id":"https:\/\/aral2.cetrexmarketing.com\/#\/schema\/logo\/image\/"}}]}},"brands":[],"_links":{"self":[{"href":"https:\/\/aral2.cetrexmarketing.com\/ca\/wp-json\/wp\/v2\/product\/93080","targetHints":{"allow":["GET"]}}],"collection":[{"href":"https:\/\/aral2.cetrexmarketing.com\/ca\/wp-json\/wp\/v2\/product"}],"about":[{"href":"https:\/\/aral2.cetrexmarketing.com\/ca\/wp-json\/wp\/v2\/types\/product"}],"replies":[{"embeddable":true,"href":"https:\/\/aral2.cetrexmarketing.com\/ca\/wp-json\/wp\/v2\/comments?post=93080"}],"wp:featuredmedia":[{"embeddable":true,"href":"https:\/\/aral2.cetrexmarketing.com\/ca\/wp-json\/wp\/v2\/media\/93077"}],"wp:attachment":[{"href":"https:\/\/aral2.cetrexmarketing.com\/ca\/wp-json\/wp\/v2\/media?parent=93080"}],"wp:term":[{"taxonomy":"pwb-brand","embeddable":true,"href":"https:\/\/aral2.cetrexmarketing.com\/ca\/wp-json\/wp\/v2\/pwb-brand?post=93080"},{"taxonomy":"product_brand","embeddable":true,"href":"https:\/\/aral2.cetrexmarketing.com\/ca\/wp-json\/wp\/v2\/product_brand?post=93080"},{"taxonomy":"product_cat","embeddable":true,"href":"https:\/\/aral2.cetrexmarketing.com\/ca\/wp-json\/wp\/v2\/product_cat?post=93080"},{"taxonomy":"product_tag","embeddable":true,"href":"https:\/\/aral2.cetrexmarketing.com\/ca\/wp-json\/wp\/v2\/product_tag?post=93080"}],"curies":[{"name":"wp","href":"https:\/\/api.w.org\/{rel}","templated":true}]}}