{"id":92952,"date":"2025-05-25T08:08:20","date_gmt":"2025-05-25T08:08:20","guid":{"rendered":"https:\/\/aral2.cetrexmarketing.com\/producto\/tanqueray-blackcurrant\/"},"modified":"2025-05-27T07:10:49","modified_gmt":"2025-05-27T07:10:49","slug":"tanqueray-blackcurrant","status":"publish","type":"product","link":"https:\/\/aral2.cetrexmarketing.com\/ca\/producto\/tanqueray-blackcurrant\/","title":{"rendered":"Tanqueray Blackcurrant"},"content":{"rendered":"<p>Tanqueray Blackcurrant \u00e9s una ginebra premium que destaca pel seu sabor \u00fanic i afruitat. Elaborada amb una mescla d&#8217;ingredients bot\u00e0nics de primera qualitat, aquesta ginebra ofereix un perfil de sabor suau i vibrant, amb notes predominants de grosella negra que aporten un toc dol\u00e7 i lleugerament \u00e0cid. Origin\u00e0ria d&#8217;Anglaterra, \u00e9s perfecta per gaudir en c\u00f2ctels innovadors o en una t\u00f2nica cl\u00e0ssica amb un gir afruitat, proporcionant una experi\u00e8ncia refrescant i sofisticada.<\/p>\n","protected":false},"excerpt":{"rendered":"<p>Tanqueray Blackcurrant \u00e9s una ginebra premium que destaca pel seu sabor \u00fanic i afruitat. Elaborada amb una mescla d&#8217;ingredients bot\u00e0nics de primera qualitat, aquesta ginebra ofereix un perfil de sabor suau i vibrant, amb notes predominants de grosella negra que aporten un toc dol\u00e7 i lleugerament \u00e0cid. Origin\u00e0ria d&#8217;Anglaterra, \u00e9s perfecta per gaudir en c\u00f2ctels&hellip;<\/p>\n","protected":false},"featured_media":92949,"comment_status":"closed","ping_status":"closed","template":"","meta":{"_acf_changed":false},"pwb-brand":[],"product_brand":[],"product_cat":[51692,51712],"product_tag":[17281,15194,15195,15429],"class_list":{"0":"post-92952","1":"product","2":"type-product","3":"status-publish","4":"has-post-thumbnail","6":"product_cat-destillats","7":"product_cat-ginebra-destillats","8":"product_tag-blackcurrant-ca","9":"product_tag-gin-ca","10":"product_tag-ginebra-ca","11":"product_tag-tanqueray-ca","12":"pa_bodega-tanqueraygordonsco","13":"pa_formatoenl-36167","14":"pa_formatoenml-38307","15":"pa_graduacion-41_3","16":"pa_pais-gran-bretanya","17":"pa_pesoengramos-38337","18":"pa_pesoenkg-125-ca","19":"entry","20":"has-media","22":"first","23":"instock","24":"taxable","25":"shipping-taxable","26":"purchasable","27":"product-type-simple"},"acf":[],"yoast_head":"<!-- This site is optimized with the Yoast SEO Premium plugin v23.1 (Yoast SEO v23.5) - https:\/\/yoast.com\/wordpress\/plugins\/seo\/ -->\n<title>Tanqueray Blackcurrant Gin<\/title>\n<meta name=\"description\" content=\"Comprar online al millor preu la ginebra Tanqueray Blackcurrant 70cl (Gran Bretanya). Descomptes. Web r\u00e0pida i segura. Ofertes. Licoreria. Destil\u00b7lats. Viniteca\" \/>\n<meta name=\"robots\" content=\"noindex, follow, max-snippet:-1, max-image-preview:large, max-video-preview:-1\" \/>\n<meta property=\"og:locale\" content=\"ca_ES\" \/>\n<meta property=\"og:type\" content=\"article\" \/>\n<meta property=\"og:title\" content=\"Tanqueray Blackcurrant\" \/>\n<meta property=\"og:description\" content=\"Comprar online al millor preu la ginebra Tanqueray Blackcurrant 70cl (Gran Bretanya). Descomptes. Web r\u00e0pida i segura. Ofertes. Licoreria. Destil\u00b7lats. Viniteca\" \/>\n<meta property=\"og:url\" content=\"https:\/\/aral2.cetrexmarketing.com\/ca\/producto\/tanqueray-blackcurrant\/\" \/>\n<meta property=\"og:site_name\" content=\"M\u00f3n La Cata\" \/>\n<meta property=\"article:modified_time\" content=\"2025-05-27T07:10:49+00:00\" \/>\n<meta property=\"og:image\" content=\"https:\/\/aral2.cetrexmarketing.com\/wp-content\/uploads\/2025\/05\/GIN-TANQUERAY-BLACKCURRANT.jpg.png\" \/>\n\t<meta property=\"og:image:width\" content=\"765\" \/>\n\t<meta property=\"og:image:height\" content=\"1024\" \/>\n\t<meta property=\"og:image:type\" content=\"image\/png\" \/>\n<meta name=\"twitter:card\" content=\"summary_large_image\" \/>\n<meta name=\"twitter:label1\" content=\"Temps estimat de lectura\" \/>\n\t<meta name=\"twitter:data1\" content=\"1 minut\" \/>\n<script type=\"application\/ld+json\" class=\"yoast-schema-graph\">{\"@context\":\"https:\/\/schema.org\",\"@graph\":[{\"@type\":\"WebPage\",\"@id\":\"https:\/\/aral2.cetrexmarketing.com\/ca\/producto\/tanqueray-blackcurrant\/\",\"url\":\"https:\/\/aral2.cetrexmarketing.com\/ca\/producto\/tanqueray-blackcurrant\/\",\"name\":\"Tanqueray Blackcurrant Gin\",\"isPartOf\":{\"@id\":\"https:\/\/aral2.cetrexmarketing.com\/#website\"},\"primaryImageOfPage\":{\"@id\":\"https:\/\/aral2.cetrexmarketing.com\/ca\/producto\/tanqueray-blackcurrant\/#primaryimage\"},\"image\":{\"@id\":\"https:\/\/aral2.cetrexmarketing.com\/ca\/producto\/tanqueray-blackcurrant\/#primaryimage\"},\"thumbnailUrl\":\"https:\/\/aral2.cetrexmarketing.com\/wp-content\/uploads\/2025\/05\/GIN-TANQUERAY-BLACKCURRANT.jpg.png\",\"datePublished\":\"2025-05-25T08:08:20+00:00\",\"dateModified\":\"2025-05-27T07:10:49+00:00\",\"description\":\"Comprar online al millor preu la ginebra Tanqueray Blackcurrant 70cl (Gran Bretanya). Descomptes. Web r\u00e0pida i segura. Ofertes. Licoreria. Destil\u00b7lats. Viniteca\",\"breadcrumb\":{\"@id\":\"https:\/\/aral2.cetrexmarketing.com\/ca\/producto\/tanqueray-blackcurrant\/#breadcrumb\"},\"inLanguage\":\"ca\",\"potentialAction\":[{\"@type\":\"ReadAction\",\"target\":[\"https:\/\/aral2.cetrexmarketing.com\/ca\/producto\/tanqueray-blackcurrant\/\"]}]},{\"@type\":\"ImageObject\",\"inLanguage\":\"ca\",\"@id\":\"https:\/\/aral2.cetrexmarketing.com\/ca\/producto\/tanqueray-blackcurrant\/#primaryimage\",\"url\":\"https:\/\/aral2.cetrexmarketing.com\/wp-content\/uploads\/2025\/05\/GIN-TANQUERAY-BLACKCURRANT.jpg.png\",\"contentUrl\":\"https:\/\/aral2.cetrexmarketing.com\/wp-content\/uploads\/2025\/05\/GIN-TANQUERAY-BLACKCURRANT.jpg.png\",\"width\":765,\"height\":1024},{\"@type\":\"BreadcrumbList\",\"@id\":\"https:\/\/aral2.cetrexmarketing.com\/ca\/producto\/tanqueray-blackcurrant\/#breadcrumb\",\"itemListElement\":[{\"@type\":\"ListItem\",\"position\":1,\"name\":\"Home\",\"item\":\"https:\/\/aral2.cetrexmarketing.com\/ca\/\"},{\"@type\":\"ListItem\",\"position\":2,\"name\":\"Tienda\",\"item\":\"https:\/\/aral2.cetrexmarketing.com\/ca\/tienda-2\/\"},{\"@type\":\"ListItem\",\"position\":3,\"name\":\"Destil\u00b7lats\",\"item\":\"https:\/\/aral2.cetrexmarketing.com\/categoria-producto\/destil%c2%b7lats\/\"},{\"@type\":\"ListItem\",\"position\":4,\"name\":\"Ginebra\",\"item\":\"https:\/\/aral2.cetrexmarketing.com\/categoria-producto\/destil%c2%b7lats\/ginebra-destil%c2%b7lats\/\"},{\"@type\":\"ListItem\",\"position\":5,\"name\":\"Tanqueray Blackcurrant\"}]},{\"@type\":\"WebSite\",\"@id\":\"https:\/\/aral2.cetrexmarketing.com\/#website\",\"url\":\"https:\/\/aral2.cetrexmarketing.com\/\",\"name\":\"M\u00f3n La Cata\",\"description\":\"Tienda de vinos, licores, cervezas y gourmet\",\"publisher\":{\"@id\":\"https:\/\/aral2.cetrexmarketing.com\/#organization\"},\"potentialAction\":[{\"@type\":\"SearchAction\",\"target\":{\"@type\":\"EntryPoint\",\"urlTemplate\":\"https:\/\/aral2.cetrexmarketing.com\/?s={search_term_string}\"},\"query-input\":{\"@type\":\"PropertyValueSpecification\",\"valueRequired\":true,\"valueName\":\"search_term_string\"}}],\"inLanguage\":\"ca\"},{\"@type\":\"Organization\",\"@id\":\"https:\/\/aral2.cetrexmarketing.com\/#organization\",\"name\":\"M\u00f3n La Cata\",\"url\":\"https:\/\/aral2.cetrexmarketing.com\/\",\"logo\":{\"@type\":\"ImageObject\",\"inLanguage\":\"ca\",\"@id\":\"https:\/\/aral2.cetrexmarketing.com\/#\/schema\/logo\/image\/\",\"url\":\"https:\/\/aral2.cetrexmarketing.com\/wp-content\/uploads\/2024\/10\/aral-logo-neg-1024x409-1.png\",\"contentUrl\":\"https:\/\/aral2.cetrexmarketing.com\/wp-content\/uploads\/2024\/10\/aral-logo-neg-1024x409-1.png\",\"width\":1024,\"height\":409,\"caption\":\"M\u00f3n La Cata\"},\"image\":{\"@id\":\"https:\/\/aral2.cetrexmarketing.com\/#\/schema\/logo\/image\/\"}}]}<\/script>\n<!-- \/ Yoast SEO Premium plugin. -->","yoast_head_json":{"title":"Tanqueray Blackcurrant Gin","description":"Comprar online al millor preu la ginebra Tanqueray Blackcurrant 70cl (Gran Bretanya). Descomptes. Web r\u00e0pida i segura. Ofertes. Licoreria. Destil\u00b7lats. Viniteca","robots":{"index":"noindex","follow":"follow","max-snippet":"max-snippet:-1","max-image-preview":"max-image-preview:large","max-video-preview":"max-video-preview:-1"},"og_locale":"ca_ES","og_type":"article","og_title":"Tanqueray Blackcurrant","og_description":"Comprar online al millor preu la ginebra Tanqueray Blackcurrant 70cl (Gran Bretanya). Descomptes. Web r\u00e0pida i segura. Ofertes. Licoreria. Destil\u00b7lats. Viniteca","og_url":"https:\/\/aral2.cetrexmarketing.com\/ca\/producto\/tanqueray-blackcurrant\/","og_site_name":"M\u00f3n La Cata","article_modified_time":"2025-05-27T07:10:49+00:00","og_image":[{"width":765,"height":1024,"url":"https:\/\/aral2.cetrexmarketing.com\/wp-content\/uploads\/2025\/05\/GIN-TANQUERAY-BLACKCURRANT.jpg.png","type":"image\/png"}],"twitter_card":"summary_large_image","twitter_misc":{"Temps estimat de lectura":"1 minut"},"schema":{"@context":"https:\/\/schema.org","@graph":[{"@type":"WebPage","@id":"https:\/\/aral2.cetrexmarketing.com\/ca\/producto\/tanqueray-blackcurrant\/","url":"https:\/\/aral2.cetrexmarketing.com\/ca\/producto\/tanqueray-blackcurrant\/","name":"Tanqueray Blackcurrant Gin","isPartOf":{"@id":"https:\/\/aral2.cetrexmarketing.com\/#website"},"primaryImageOfPage":{"@id":"https:\/\/aral2.cetrexmarketing.com\/ca\/producto\/tanqueray-blackcurrant\/#primaryimage"},"image":{"@id":"https:\/\/aral2.cetrexmarketing.com\/ca\/producto\/tanqueray-blackcurrant\/#primaryimage"},"thumbnailUrl":"https:\/\/aral2.cetrexmarketing.com\/wp-content\/uploads\/2025\/05\/GIN-TANQUERAY-BLACKCURRANT.jpg.png","datePublished":"2025-05-25T08:08:20+00:00","dateModified":"2025-05-27T07:10:49+00:00","description":"Comprar online al millor preu la ginebra Tanqueray Blackcurrant 70cl (Gran Bretanya). Descomptes. Web r\u00e0pida i segura. Ofertes. Licoreria. Destil\u00b7lats. Viniteca","breadcrumb":{"@id":"https:\/\/aral2.cetrexmarketing.com\/ca\/producto\/tanqueray-blackcurrant\/#breadcrumb"},"inLanguage":"ca","potentialAction":[{"@type":"ReadAction","target":["https:\/\/aral2.cetrexmarketing.com\/ca\/producto\/tanqueray-blackcurrant\/"]}]},{"@type":"ImageObject","inLanguage":"ca","@id":"https:\/\/aral2.cetrexmarketing.com\/ca\/producto\/tanqueray-blackcurrant\/#primaryimage","url":"https:\/\/aral2.cetrexmarketing.com\/wp-content\/uploads\/2025\/05\/GIN-TANQUERAY-BLACKCURRANT.jpg.png","contentUrl":"https:\/\/aral2.cetrexmarketing.com\/wp-content\/uploads\/2025\/05\/GIN-TANQUERAY-BLACKCURRANT.jpg.png","width":765,"height":1024},{"@type":"BreadcrumbList","@id":"https:\/\/aral2.cetrexmarketing.com\/ca\/producto\/tanqueray-blackcurrant\/#breadcrumb","itemListElement":[{"@type":"ListItem","position":1,"name":"Home","item":"https:\/\/aral2.cetrexmarketing.com\/ca\/"},{"@type":"ListItem","position":2,"name":"Tienda","item":"https:\/\/aral2.cetrexmarketing.com\/ca\/tienda-2\/"},{"@type":"ListItem","position":3,"name":"Destil\u00b7lats","item":"https:\/\/aral2.cetrexmarketing.com\/categoria-producto\/destil%c2%b7lats\/"},{"@type":"ListItem","position":4,"name":"Ginebra","item":"https:\/\/aral2.cetrexmarketing.com\/categoria-producto\/destil%c2%b7lats\/ginebra-destil%c2%b7lats\/"},{"@type":"ListItem","position":5,"name":"Tanqueray Blackcurrant"}]},{"@type":"WebSite","@id":"https:\/\/aral2.cetrexmarketing.com\/#website","url":"https:\/\/aral2.cetrexmarketing.com\/","name":"M\u00f3n La Cata","description":"Tienda de vinos, licores, cervezas y gourmet","publisher":{"@id":"https:\/\/aral2.cetrexmarketing.com\/#organization"},"potentialAction":[{"@type":"SearchAction","target":{"@type":"EntryPoint","urlTemplate":"https:\/\/aral2.cetrexmarketing.com\/?s={search_term_string}"},"query-input":{"@type":"PropertyValueSpecification","valueRequired":true,"valueName":"search_term_string"}}],"inLanguage":"ca"},{"@type":"Organization","@id":"https:\/\/aral2.cetrexmarketing.com\/#organization","name":"M\u00f3n La Cata","url":"https:\/\/aral2.cetrexmarketing.com\/","logo":{"@type":"ImageObject","inLanguage":"ca","@id":"https:\/\/aral2.cetrexmarketing.com\/#\/schema\/logo\/image\/","url":"https:\/\/aral2.cetrexmarketing.com\/wp-content\/uploads\/2024\/10\/aral-logo-neg-1024x409-1.png","contentUrl":"https:\/\/aral2.cetrexmarketing.com\/wp-content\/uploads\/2024\/10\/aral-logo-neg-1024x409-1.png","width":1024,"height":409,"caption":"M\u00f3n La Cata"},"image":{"@id":"https:\/\/aral2.cetrexmarketing.com\/#\/schema\/logo\/image\/"}}]}},"brands":[],"_links":{"self":[{"href":"https:\/\/aral2.cetrexmarketing.com\/ca\/wp-json\/wp\/v2\/product\/92952","targetHints":{"allow":["GET"]}}],"collection":[{"href":"https:\/\/aral2.cetrexmarketing.com\/ca\/wp-json\/wp\/v2\/product"}],"about":[{"href":"https:\/\/aral2.cetrexmarketing.com\/ca\/wp-json\/wp\/v2\/types\/product"}],"replies":[{"embeddable":true,"href":"https:\/\/aral2.cetrexmarketing.com\/ca\/wp-json\/wp\/v2\/comments?post=92952"}],"wp:featuredmedia":[{"embeddable":true,"href":"https:\/\/aral2.cetrexmarketing.com\/ca\/wp-json\/wp\/v2\/media\/92949"}],"wp:attachment":[{"href":"https:\/\/aral2.cetrexmarketing.com\/ca\/wp-json\/wp\/v2\/media?parent=92952"}],"wp:term":[{"taxonomy":"pwb-brand","embeddable":true,"href":"https:\/\/aral2.cetrexmarketing.com\/ca\/wp-json\/wp\/v2\/pwb-brand?post=92952"},{"taxonomy":"product_brand","embeddable":true,"href":"https:\/\/aral2.cetrexmarketing.com\/ca\/wp-json\/wp\/v2\/product_brand?post=92952"},{"taxonomy":"product_cat","embeddable":true,"href":"https:\/\/aral2.cetrexmarketing.com\/ca\/wp-json\/wp\/v2\/product_cat?post=92952"},{"taxonomy":"product_tag","embeddable":true,"href":"https:\/\/aral2.cetrexmarketing.com\/ca\/wp-json\/wp\/v2\/product_tag?post=92952"}],"curies":[{"name":"wp","href":"https:\/\/api.w.org\/{rel}","templated":true}]}}