{"id":92702,"date":"2025-05-25T08:05:39","date_gmt":"2025-05-25T08:05:39","guid":{"rendered":"https:\/\/aral2.cetrexmarketing.com\/producto\/roku\/"},"modified":"2025-05-27T07:10:25","modified_gmt":"2025-05-27T07:10:25","slug":"roku","status":"publish","type":"product","link":"https:\/\/aral2.cetrexmarketing.com\/ca\/producto\/roku\/","title":{"rendered":"Roku"},"content":{"rendered":"<p>El <strong>gin Roku<\/strong> \u00e9s una ginebra premium elaborada al Jap\u00f3 per la prestigiosa destil\u00b7leria Suntory, coneguda pel seu comprom\u00eds amb la qualitat i la innovaci\u00f3 en la producci\u00f3 de begudes espirituoses. El nom &#8220;Roku&#8221;, que significa &#8220;sis&#8221; en japon\u00e8s, fa refer\u00e8ncia als sis bot\u00e0nics japonesos \u00fanics que s&#8217;utilitzen en la seva elaboraci\u00f3. Els quals atorguen a aquesta ginebra el seu distintiu car\u00e0cter i complexitat.<\/p>\n<h6>Elaboraci\u00f3<\/h6>\n<p>L&#8217;elaboraci\u00f3 de Roku Gin \u00e9s un proc\u00e9s meticul\u00f3s que combina tradici\u00f3 i modernitat. Els sis bot\u00e0nics japonesos clau inclouen flor de sakura i fulla de sakura, que aporten notes florals i dolces; yuzu, que afegeix un toc c\u00edtric refrescant; te sencha i te gyokuro, que proporcionen un perfil vegetal i un toc d&#8217;umami; i pebre sansho, que introdueix un lleuger picant i un final especiat. Aquests ingredients es combinen amb vuit bot\u00e0nics tradicionals de ginebra, com el ginebre, la closca de taronja, la llimona i la canyella.<\/p>\n<p>Cadascun dels bot\u00e0nics japonesos es destil\u00b7la per separat per maximitzar les seves caracter\u00edstiques individuals. Per exemple, les flors i fulles de sakura es destil\u00b7len en alambins de coure. Mentre que els c\u00edtrics com el yuzu es destil\u00b7len en alambins d&#8217;acer inoxidable. Aquest m\u00e8tode de destil\u00b7laci\u00f3 m\u00faltiple permet extreure de manera precisa els sabors i aromes \u00faniques de cada bot\u00e0nic.<\/p>\n<p>El resultat \u00e9s una ginebra equilibrada i harmoniosa. Al nas, Roku Gin presenta un bouquet complex amb notes florals i c\u00edtriques prominents. A la boca, ofereix una textura suau i sedosa, amb sabors que van des de les delicades notes florals del sakura fins al vibrant toc c\u00edtric del yuzu. Acompanyats d&#8217;una subtil amargor del te i un final lleugerament especiat del pebre sansho.<\/p>\n<p>Roku Gin es pot gaudir tant sol com en una varietat de c\u00f2ctels, destacant especialment en un cl\u00e0ssic gint\u00f2nic. On els bot\u00e0nics japonesos es complementen perfectament amb l&#8217;aigua t\u00f2nica i una rodanxa de gingebre fresc. La versatilitat i la sofisticaci\u00f3 de Roku Gin reflecteixen el mestratge de Suntory en la creaci\u00f3 de begudes que capturen l&#8217;ess\u00e8ncia de la cultura i la natura japoneses.<\/p>\n","protected":false},"excerpt":{"rendered":"<p><strong>gin Roku<\/strong> \u00e9s una ginebra premium elaborada al Jap\u00f3 per la prestigiosa destil\u00b7leria Suntory, coneguda pel seu comprom\u00eds amb la qualitat i la innovaci\u00f3 en la producci\u00f3 de begudes espirituoses. El nom &#8220;Roku&#8221;, que significa &#8220;sis&#8221; en japon\u00e8s, fa refer\u00e8ncia als sis bot\u00e0nics japonesos \u00fanics que s&#8217;utilitzen en la seva elaboraci\u00f3. Els quals atorguen a aquesta ginebra el seu distintiu car\u00e0cter i complexitat. Es pot gaudir tant sol com en una varietat de c\u00f2ctels, destacant especialment en un cl\u00e0ssic gint\u00f2nic. On els bot\u00e0nics japonesos es complementen perfectament amb l&#8217;aigua t\u00f2nica i una rodanxa de gingebre fresc. La versatilitat i la sofisticaci\u00f3 de Roku Gin reflecteixen el mestratge de Suntory en la creaci\u00f3 de begudes que capturen l&#8217;ess\u00e8ncia de la cultura i la natura japoneses.<\/p>\n","protected":false},"featured_media":92699,"comment_status":"closed","ping_status":"closed","template":"","meta":{"_acf_changed":false},"pwb-brand":[],"product_brand":[],"product_cat":[51692,51712],"product_tag":[15194,15195,17388,17387,17386],"class_list":{"0":"post-92702","1":"product","2":"type-product","3":"status-publish","4":"has-post-thumbnail","6":"product_cat-destillats","7":"product_cat-ginebra-destillats","8":"product_tag-gin-ca","9":"product_tag-ginebra-ca","10":"product_tag-ginebra-japonesa-ca","11":"product_tag-japanese-gin-ca","12":"product_tag-roku-ca","13":"pa_destileria-suntoryco-ca","14":"pa_firmacomercial-beamsuntoryspain","15":"pa_formatoenml-38307","16":"pa_graduacion-43_0","17":"pa_pais-japo","18":"entry","19":"has-media","21":"first","22":"instock","23":"taxable","24":"shipping-taxable","25":"purchasable","26":"product-type-simple"},"acf":[],"yoast_head":"<!-- This site is optimized with the Yoast SEO Premium plugin v23.1 (Yoast SEO v23.5) - https:\/\/yoast.com\/wordpress\/plugins\/seo\/ -->\n<title>Roku<\/title>\n<meta name=\"description\" content=\"Comprar online al millor preu la ginebra Roku 70cl (Jap\u00f3). Descomptes. Ofertes. Web r\u00e0pida i segura. Licoreria. Destil\u00b7lats. Begudes. Viniteca. Alimentaci\u00f3.\" \/>\n<meta name=\"robots\" content=\"noindex, follow, max-snippet:-1, max-image-preview:large, max-video-preview:-1\" \/>\n<meta property=\"og:locale\" content=\"ca_ES\" \/>\n<meta property=\"og:type\" content=\"article\" \/>\n<meta property=\"og:title\" content=\"Roku\" \/>\n<meta property=\"og:description\" content=\"Comprar online al millor preu la ginebra Roku 70cl (Jap\u00f3). Descomptes. Ofertes. Web r\u00e0pida i segura. Licoreria. Destil\u00b7lats. Begudes. Viniteca. Alimentaci\u00f3.\" \/>\n<meta property=\"og:url\" content=\"https:\/\/aral2.cetrexmarketing.com\/ca\/producto\/roku\/\" \/>\n<meta property=\"og:site_name\" content=\"M\u00f3n La Cata\" \/>\n<meta property=\"article:modified_time\" content=\"2025-05-27T07:10:25+00:00\" \/>\n<meta property=\"og:image\" content=\"https:\/\/aral2.cetrexmarketing.com\/wp-content\/uploads\/2025\/05\/GIN-ROKU-1.png\" \/>\n\t<meta property=\"og:image:width\" content=\"765\" \/>\n\t<meta property=\"og:image:height\" content=\"1024\" \/>\n\t<meta property=\"og:image:type\" content=\"image\/png\" \/>\n<meta name=\"twitter:card\" content=\"summary_large_image\" \/>\n<meta name=\"twitter:label1\" content=\"Temps estimat de lectura\" \/>\n\t<meta name=\"twitter:data1\" content=\"3 minuts\" \/>\n<script type=\"application\/ld+json\" class=\"yoast-schema-graph\">{\"@context\":\"https:\/\/schema.org\",\"@graph\":[{\"@type\":\"WebPage\",\"@id\":\"https:\/\/aral2.cetrexmarketing.com\/ca\/producto\/roku\/\",\"url\":\"https:\/\/aral2.cetrexmarketing.com\/ca\/producto\/roku\/\",\"name\":\"Roku\",\"isPartOf\":{\"@id\":\"https:\/\/aral2.cetrexmarketing.com\/#website\"},\"primaryImageOfPage\":{\"@id\":\"https:\/\/aral2.cetrexmarketing.com\/ca\/producto\/roku\/#primaryimage\"},\"image\":{\"@id\":\"https:\/\/aral2.cetrexmarketing.com\/ca\/producto\/roku\/#primaryimage\"},\"thumbnailUrl\":\"https:\/\/aral2.cetrexmarketing.com\/wp-content\/uploads\/2025\/05\/GIN-ROKU-1.png\",\"datePublished\":\"2025-05-25T08:05:39+00:00\",\"dateModified\":\"2025-05-27T07:10:25+00:00\",\"description\":\"Comprar online al millor preu la ginebra Roku 70cl (Jap\u00f3). Descomptes. Ofertes. Web r\u00e0pida i segura. Licoreria. Destil\u00b7lats. Begudes. Viniteca. Alimentaci\u00f3.\",\"breadcrumb\":{\"@id\":\"https:\/\/aral2.cetrexmarketing.com\/ca\/producto\/roku\/#breadcrumb\"},\"inLanguage\":\"ca\",\"potentialAction\":[{\"@type\":\"ReadAction\",\"target\":[\"https:\/\/aral2.cetrexmarketing.com\/ca\/producto\/roku\/\"]}]},{\"@type\":\"ImageObject\",\"inLanguage\":\"ca\",\"@id\":\"https:\/\/aral2.cetrexmarketing.com\/ca\/producto\/roku\/#primaryimage\",\"url\":\"https:\/\/aral2.cetrexmarketing.com\/wp-content\/uploads\/2025\/05\/GIN-ROKU-1.png\",\"contentUrl\":\"https:\/\/aral2.cetrexmarketing.com\/wp-content\/uploads\/2025\/05\/GIN-ROKU-1.png\",\"width\":765,\"height\":1024},{\"@type\":\"BreadcrumbList\",\"@id\":\"https:\/\/aral2.cetrexmarketing.com\/ca\/producto\/roku\/#breadcrumb\",\"itemListElement\":[{\"@type\":\"ListItem\",\"position\":1,\"name\":\"Home\",\"item\":\"https:\/\/aral2.cetrexmarketing.com\/ca\/\"},{\"@type\":\"ListItem\",\"position\":2,\"name\":\"Tienda\",\"item\":\"https:\/\/aral2.cetrexmarketing.com\/ca\/tienda-2\/\"},{\"@type\":\"ListItem\",\"position\":3,\"name\":\"Destil\u00b7lats\",\"item\":\"https:\/\/aral2.cetrexmarketing.com\/categoria-producto\/destil%c2%b7lats\/\"},{\"@type\":\"ListItem\",\"position\":4,\"name\":\"Ginebra\",\"item\":\"https:\/\/aral2.cetrexmarketing.com\/categoria-producto\/destil%c2%b7lats\/ginebra-destil%c2%b7lats\/\"},{\"@type\":\"ListItem\",\"position\":5,\"name\":\"Roku\"}]},{\"@type\":\"WebSite\",\"@id\":\"https:\/\/aral2.cetrexmarketing.com\/#website\",\"url\":\"https:\/\/aral2.cetrexmarketing.com\/\",\"name\":\"M\u00f3n La Cata\",\"description\":\"Tienda de vinos, licores, cervezas y gourmet\",\"publisher\":{\"@id\":\"https:\/\/aral2.cetrexmarketing.com\/#organization\"},\"potentialAction\":[{\"@type\":\"SearchAction\",\"target\":{\"@type\":\"EntryPoint\",\"urlTemplate\":\"https:\/\/aral2.cetrexmarketing.com\/?s={search_term_string}\"},\"query-input\":{\"@type\":\"PropertyValueSpecification\",\"valueRequired\":true,\"valueName\":\"search_term_string\"}}],\"inLanguage\":\"ca\"},{\"@type\":\"Organization\",\"@id\":\"https:\/\/aral2.cetrexmarketing.com\/#organization\",\"name\":\"M\u00f3n La Cata\",\"url\":\"https:\/\/aral2.cetrexmarketing.com\/\",\"logo\":{\"@type\":\"ImageObject\",\"inLanguage\":\"ca\",\"@id\":\"https:\/\/aral2.cetrexmarketing.com\/#\/schema\/logo\/image\/\",\"url\":\"https:\/\/aral2.cetrexmarketing.com\/wp-content\/uploads\/2024\/10\/aral-logo-neg-1024x409-1.png\",\"contentUrl\":\"https:\/\/aral2.cetrexmarketing.com\/wp-content\/uploads\/2024\/10\/aral-logo-neg-1024x409-1.png\",\"width\":1024,\"height\":409,\"caption\":\"M\u00f3n La Cata\"},\"image\":{\"@id\":\"https:\/\/aral2.cetrexmarketing.com\/#\/schema\/logo\/image\/\"}}]}<\/script>\n<!-- \/ Yoast SEO Premium plugin. -->","yoast_head_json":{"title":"Roku","description":"Comprar online al millor preu la ginebra Roku 70cl (Jap\u00f3). Descomptes. Ofertes. Web r\u00e0pida i segura. Licoreria. Destil\u00b7lats. Begudes. Viniteca. Alimentaci\u00f3.","robots":{"index":"noindex","follow":"follow","max-snippet":"max-snippet:-1","max-image-preview":"max-image-preview:large","max-video-preview":"max-video-preview:-1"},"og_locale":"ca_ES","og_type":"article","og_title":"Roku","og_description":"Comprar online al millor preu la ginebra Roku 70cl (Jap\u00f3). Descomptes. Ofertes. Web r\u00e0pida i segura. Licoreria. Destil\u00b7lats. Begudes. Viniteca. Alimentaci\u00f3.","og_url":"https:\/\/aral2.cetrexmarketing.com\/ca\/producto\/roku\/","og_site_name":"M\u00f3n La Cata","article_modified_time":"2025-05-27T07:10:25+00:00","og_image":[{"width":765,"height":1024,"url":"https:\/\/aral2.cetrexmarketing.com\/wp-content\/uploads\/2025\/05\/GIN-ROKU-1.png","type":"image\/png"}],"twitter_card":"summary_large_image","twitter_misc":{"Temps estimat de lectura":"3 minuts"},"schema":{"@context":"https:\/\/schema.org","@graph":[{"@type":"WebPage","@id":"https:\/\/aral2.cetrexmarketing.com\/ca\/producto\/roku\/","url":"https:\/\/aral2.cetrexmarketing.com\/ca\/producto\/roku\/","name":"Roku","isPartOf":{"@id":"https:\/\/aral2.cetrexmarketing.com\/#website"},"primaryImageOfPage":{"@id":"https:\/\/aral2.cetrexmarketing.com\/ca\/producto\/roku\/#primaryimage"},"image":{"@id":"https:\/\/aral2.cetrexmarketing.com\/ca\/producto\/roku\/#primaryimage"},"thumbnailUrl":"https:\/\/aral2.cetrexmarketing.com\/wp-content\/uploads\/2025\/05\/GIN-ROKU-1.png","datePublished":"2025-05-25T08:05:39+00:00","dateModified":"2025-05-27T07:10:25+00:00","description":"Comprar online al millor preu la ginebra Roku 70cl (Jap\u00f3). Descomptes. Ofertes. Web r\u00e0pida i segura. Licoreria. Destil\u00b7lats. Begudes. Viniteca. Alimentaci\u00f3.","breadcrumb":{"@id":"https:\/\/aral2.cetrexmarketing.com\/ca\/producto\/roku\/#breadcrumb"},"inLanguage":"ca","potentialAction":[{"@type":"ReadAction","target":["https:\/\/aral2.cetrexmarketing.com\/ca\/producto\/roku\/"]}]},{"@type":"ImageObject","inLanguage":"ca","@id":"https:\/\/aral2.cetrexmarketing.com\/ca\/producto\/roku\/#primaryimage","url":"https:\/\/aral2.cetrexmarketing.com\/wp-content\/uploads\/2025\/05\/GIN-ROKU-1.png","contentUrl":"https:\/\/aral2.cetrexmarketing.com\/wp-content\/uploads\/2025\/05\/GIN-ROKU-1.png","width":765,"height":1024},{"@type":"BreadcrumbList","@id":"https:\/\/aral2.cetrexmarketing.com\/ca\/producto\/roku\/#breadcrumb","itemListElement":[{"@type":"ListItem","position":1,"name":"Home","item":"https:\/\/aral2.cetrexmarketing.com\/ca\/"},{"@type":"ListItem","position":2,"name":"Tienda","item":"https:\/\/aral2.cetrexmarketing.com\/ca\/tienda-2\/"},{"@type":"ListItem","position":3,"name":"Destil\u00b7lats","item":"https:\/\/aral2.cetrexmarketing.com\/categoria-producto\/destil%c2%b7lats\/"},{"@type":"ListItem","position":4,"name":"Ginebra","item":"https:\/\/aral2.cetrexmarketing.com\/categoria-producto\/destil%c2%b7lats\/ginebra-destil%c2%b7lats\/"},{"@type":"ListItem","position":5,"name":"Roku"}]},{"@type":"WebSite","@id":"https:\/\/aral2.cetrexmarketing.com\/#website","url":"https:\/\/aral2.cetrexmarketing.com\/","name":"M\u00f3n La Cata","description":"Tienda de vinos, licores, cervezas y gourmet","publisher":{"@id":"https:\/\/aral2.cetrexmarketing.com\/#organization"},"potentialAction":[{"@type":"SearchAction","target":{"@type":"EntryPoint","urlTemplate":"https:\/\/aral2.cetrexmarketing.com\/?s={search_term_string}"},"query-input":{"@type":"PropertyValueSpecification","valueRequired":true,"valueName":"search_term_string"}}],"inLanguage":"ca"},{"@type":"Organization","@id":"https:\/\/aral2.cetrexmarketing.com\/#organization","name":"M\u00f3n La Cata","url":"https:\/\/aral2.cetrexmarketing.com\/","logo":{"@type":"ImageObject","inLanguage":"ca","@id":"https:\/\/aral2.cetrexmarketing.com\/#\/schema\/logo\/image\/","url":"https:\/\/aral2.cetrexmarketing.com\/wp-content\/uploads\/2024\/10\/aral-logo-neg-1024x409-1.png","contentUrl":"https:\/\/aral2.cetrexmarketing.com\/wp-content\/uploads\/2024\/10\/aral-logo-neg-1024x409-1.png","width":1024,"height":409,"caption":"M\u00f3n La Cata"},"image":{"@id":"https:\/\/aral2.cetrexmarketing.com\/#\/schema\/logo\/image\/"}}]}},"brands":[],"_links":{"self":[{"href":"https:\/\/aral2.cetrexmarketing.com\/ca\/wp-json\/wp\/v2\/product\/92702","targetHints":{"allow":["GET"]}}],"collection":[{"href":"https:\/\/aral2.cetrexmarketing.com\/ca\/wp-json\/wp\/v2\/product"}],"about":[{"href":"https:\/\/aral2.cetrexmarketing.com\/ca\/wp-json\/wp\/v2\/types\/product"}],"replies":[{"embeddable":true,"href":"https:\/\/aral2.cetrexmarketing.com\/ca\/wp-json\/wp\/v2\/comments?post=92702"}],"wp:featuredmedia":[{"embeddable":true,"href":"https:\/\/aral2.cetrexmarketing.com\/ca\/wp-json\/wp\/v2\/media\/92699"}],"wp:attachment":[{"href":"https:\/\/aral2.cetrexmarketing.com\/ca\/wp-json\/wp\/v2\/media?parent=92702"}],"wp:term":[{"taxonomy":"pwb-brand","embeddable":true,"href":"https:\/\/aral2.cetrexmarketing.com\/ca\/wp-json\/wp\/v2\/pwb-brand?post=92702"},{"taxonomy":"product_brand","embeddable":true,"href":"https:\/\/aral2.cetrexmarketing.com\/ca\/wp-json\/wp\/v2\/product_brand?post=92702"},{"taxonomy":"product_cat","embeddable":true,"href":"https:\/\/aral2.cetrexmarketing.com\/ca\/wp-json\/wp\/v2\/product_cat?post=92702"},{"taxonomy":"product_tag","embeddable":true,"href":"https:\/\/aral2.cetrexmarketing.com\/ca\/wp-json\/wp\/v2\/product_tag?post=92702"}],"curies":[{"name":"wp","href":"https:\/\/api.w.org\/{rel}","templated":true}]}}