{"id":90990,"date":"2025-05-25T07:48:00","date_gmt":"2025-05-25T07:48:00","guid":{"rendered":"https:\/\/aral2.cetrexmarketing.com\/producto\/roe-co-whiskey\/"},"modified":"2025-05-27T07:07:17","modified_gmt":"2025-05-27T07:07:17","slug":"roe-co-whiskey","status":"publish","type":"product","link":"https:\/\/aral2.cetrexmarketing.com\/ca\/producto\/roe-co-whiskey\/","title":{"rendered":"Roe &#038; Co Whiskey"},"content":{"rendered":"<div class=\"cxmmr5t8 oygrvhab hcukyx3x c1et5uql o9v6fnle ii04i59q\"><strong>Roe &amp; Co Whiskey<\/strong> \u00e9s un whisky irland\u00e8s premium, anomenat en honor a George Roe, una figura clau en la hist\u00f2ria de la destil\u00b7laci\u00f3 de Dubl\u00edn. Aquest whisky \u00e9s una mescla de maltes i grans seleccionats acuradament, envellit en b\u00f3tes de bourbon de primer ompliment, cosa que li atorga un perfil de sabor suau i crem\u00f3s. Es caracteritza per les seves notes de vainilla, fruites madures i esp\u00e8cies suaus, amb un final llarg i equilibrat. Roe &amp; Co \u00e9s ideal per gaudir-ne sol, amb gel o en c\u00f2ctels moderns.<\/div>\n","protected":false},"excerpt":{"rendered":"<div class=\"cxmmr5t8 oygrvhab hcukyx3x c1et5uql o9v6fnle ii04i59q\">\n<div>Elaborat amb les millors exist\u00e8ncies seleccionades de whisky de malta i whisky de gra, envellit en b\u00f3tes de bourbon i triple destil\u2022laci\u00f3.<\/div>\n<\/div>\n","protected":false},"featured_media":90987,"comment_status":"closed","ping_status":"closed","template":"","meta":{"_acf_changed":false},"pwb-brand":[],"product_brand":[],"product_cat":[51692,51722],"product_tag":[17230,15443,15447,17231,15338,15261],"class_list":{"0":"post-90990","1":"product","2":"type-product","3":"status-publish","4":"has-post-thumbnail","6":"product_cat-destillats","7":"product_cat-whisky-destillats","8":"product_tag-dublin-ca","9":"product_tag-irish-ca","10":"product_tag-irlanda-ca","11":"product_tag-roe-ca","12":"product_tag-whiskey-ca","13":"product_tag-whisky-ca","14":"pa_elaborador-roeco-ca","15":"pa_formatoenl-36167","16":"pa_formatoenml-38307","17":"pa_graduacion-45_0","18":"pa_pais-irlanda-ca","19":"pa_pesoengramos-38337","20":"pa_pesoenkg-125-ca","21":"pa_pueblociudad-dublin","22":"pa_tipodewhisky-irishwhiskeyblend-ca","23":"entry","24":"has-media","26":"first","27":"outofstock","28":"taxable","29":"shipping-taxable","30":"purchasable","31":"product-type-simple"},"acf":[],"yoast_head":"<!-- This site is optimized with the Yoast SEO Premium plugin v23.1 (Yoast SEO v23.5) - https:\/\/yoast.com\/wordpress\/plugins\/seo\/ -->\n<title>Roe &amp; Co Whiskey<\/title>\n<meta name=\"description\" content=\"Comprar online al millor preu Whiskey Roe &amp; Co (Dublin, Irlanda). Descomptes per caixes. Ofertes. Web r\u00e0pida i segura. Licoreria. Destil\u00b7lats. Begudes. Viniteca\" \/>\n<meta name=\"robots\" content=\"noindex, follow, max-snippet:-1, max-image-preview:large, max-video-preview:-1\" \/>\n<meta property=\"og:locale\" content=\"ca_ES\" \/>\n<meta property=\"og:type\" content=\"article\" \/>\n<meta property=\"og:title\" content=\"Roe &amp; Co Whiskey\" \/>\n<meta property=\"og:description\" content=\"Comprar online al millor preu Whiskey Roe &amp; Co (Dublin, Irlanda). Descomptes per caixes. Ofertes. Web r\u00e0pida i segura. Licoreria. Destil\u00b7lats. Begudes. Viniteca\" \/>\n<meta property=\"og:url\" content=\"https:\/\/aral2.cetrexmarketing.com\/ca\/producto\/roe-co-whiskey\/\" \/>\n<meta property=\"og:site_name\" content=\"M\u00f3n La Cata\" \/>\n<meta property=\"article:modified_time\" content=\"2025-05-27T07:07:17+00:00\" \/>\n<meta property=\"og:image\" content=\"https:\/\/aral2.cetrexmarketing.com\/wp-content\/uploads\/2025\/05\/roe-and-co-whiskey.jpg.png\" \/>\n\t<meta property=\"og:image:width\" content=\"765\" \/>\n\t<meta property=\"og:image:height\" content=\"1024\" \/>\n\t<meta property=\"og:image:type\" content=\"image\/png\" \/>\n<meta name=\"twitter:card\" content=\"summary_large_image\" \/>\n<meta name=\"twitter:label1\" content=\"Temps estimat de lectura\" \/>\n\t<meta name=\"twitter:data1\" content=\"1 minut\" \/>\n<script type=\"application\/ld+json\" class=\"yoast-schema-graph\">{\"@context\":\"https:\/\/schema.org\",\"@graph\":[{\"@type\":\"WebPage\",\"@id\":\"https:\/\/aral2.cetrexmarketing.com\/ca\/producto\/roe-co-whiskey\/\",\"url\":\"https:\/\/aral2.cetrexmarketing.com\/ca\/producto\/roe-co-whiskey\/\",\"name\":\"Roe &amp; Co Whiskey\",\"isPartOf\":{\"@id\":\"https:\/\/aral2.cetrexmarketing.com\/#website\"},\"primaryImageOfPage\":{\"@id\":\"https:\/\/aral2.cetrexmarketing.com\/ca\/producto\/roe-co-whiskey\/#primaryimage\"},\"image\":{\"@id\":\"https:\/\/aral2.cetrexmarketing.com\/ca\/producto\/roe-co-whiskey\/#primaryimage\"},\"thumbnailUrl\":\"https:\/\/aral2.cetrexmarketing.com\/wp-content\/uploads\/2025\/05\/roe-and-co-whiskey.jpg.png\",\"datePublished\":\"2025-05-25T07:48:00+00:00\",\"dateModified\":\"2025-05-27T07:07:17+00:00\",\"description\":\"Comprar online al millor preu Whiskey Roe &amp; Co (Dublin, Irlanda). Descomptes per caixes. Ofertes. Web r\u00e0pida i segura. Licoreria. Destil\u00b7lats. Begudes. Viniteca\",\"breadcrumb\":{\"@id\":\"https:\/\/aral2.cetrexmarketing.com\/ca\/producto\/roe-co-whiskey\/#breadcrumb\"},\"inLanguage\":\"ca\",\"potentialAction\":[{\"@type\":\"ReadAction\",\"target\":[\"https:\/\/aral2.cetrexmarketing.com\/ca\/producto\/roe-co-whiskey\/\"]}]},{\"@type\":\"ImageObject\",\"inLanguage\":\"ca\",\"@id\":\"https:\/\/aral2.cetrexmarketing.com\/ca\/producto\/roe-co-whiskey\/#primaryimage\",\"url\":\"https:\/\/aral2.cetrexmarketing.com\/wp-content\/uploads\/2025\/05\/roe-and-co-whiskey.jpg.png\",\"contentUrl\":\"https:\/\/aral2.cetrexmarketing.com\/wp-content\/uploads\/2025\/05\/roe-and-co-whiskey.jpg.png\",\"width\":765,\"height\":1024},{\"@type\":\"BreadcrumbList\",\"@id\":\"https:\/\/aral2.cetrexmarketing.com\/ca\/producto\/roe-co-whiskey\/#breadcrumb\",\"itemListElement\":[{\"@type\":\"ListItem\",\"position\":1,\"name\":\"Home\",\"item\":\"https:\/\/aral2.cetrexmarketing.com\/ca\/\"},{\"@type\":\"ListItem\",\"position\":2,\"name\":\"Tienda\",\"item\":\"https:\/\/aral2.cetrexmarketing.com\/ca\/tienda-2\/\"},{\"@type\":\"ListItem\",\"position\":3,\"name\":\"Destil\u00b7lats\",\"item\":\"https:\/\/aral2.cetrexmarketing.com\/categoria-producto\/destil%c2%b7lats\/\"},{\"@type\":\"ListItem\",\"position\":4,\"name\":\"Whisky\",\"item\":\"https:\/\/aral2.cetrexmarketing.com\/categoria-producto\/destil%c2%b7lats\/whisky-destil%c2%b7lats\/\"},{\"@type\":\"ListItem\",\"position\":5,\"name\":\"Roe &#038; Co Whiskey\"}]},{\"@type\":\"WebSite\",\"@id\":\"https:\/\/aral2.cetrexmarketing.com\/#website\",\"url\":\"https:\/\/aral2.cetrexmarketing.com\/\",\"name\":\"M\u00f3n La Cata\",\"description\":\"Tienda de vinos, licores, cervezas y gourmet\",\"publisher\":{\"@id\":\"https:\/\/aral2.cetrexmarketing.com\/#organization\"},\"potentialAction\":[{\"@type\":\"SearchAction\",\"target\":{\"@type\":\"EntryPoint\",\"urlTemplate\":\"https:\/\/aral2.cetrexmarketing.com\/?s={search_term_string}\"},\"query-input\":{\"@type\":\"PropertyValueSpecification\",\"valueRequired\":true,\"valueName\":\"search_term_string\"}}],\"inLanguage\":\"ca\"},{\"@type\":\"Organization\",\"@id\":\"https:\/\/aral2.cetrexmarketing.com\/#organization\",\"name\":\"M\u00f3n La Cata\",\"url\":\"https:\/\/aral2.cetrexmarketing.com\/\",\"logo\":{\"@type\":\"ImageObject\",\"inLanguage\":\"ca\",\"@id\":\"https:\/\/aral2.cetrexmarketing.com\/#\/schema\/logo\/image\/\",\"url\":\"https:\/\/aral2.cetrexmarketing.com\/wp-content\/uploads\/2024\/10\/aral-logo-neg-1024x409-1.png\",\"contentUrl\":\"https:\/\/aral2.cetrexmarketing.com\/wp-content\/uploads\/2024\/10\/aral-logo-neg-1024x409-1.png\",\"width\":1024,\"height\":409,\"caption\":\"M\u00f3n La Cata\"},\"image\":{\"@id\":\"https:\/\/aral2.cetrexmarketing.com\/#\/schema\/logo\/image\/\"}}]}<\/script>\n<!-- \/ Yoast SEO Premium plugin. -->","yoast_head_json":{"title":"Roe &amp; Co Whiskey","description":"Comprar online al millor preu Whiskey Roe &amp; Co (Dublin, Irlanda). Descomptes per caixes. Ofertes. Web r\u00e0pida i segura. Licoreria. Destil\u00b7lats. Begudes. Viniteca","robots":{"index":"noindex","follow":"follow","max-snippet":"max-snippet:-1","max-image-preview":"max-image-preview:large","max-video-preview":"max-video-preview:-1"},"og_locale":"ca_ES","og_type":"article","og_title":"Roe & Co Whiskey","og_description":"Comprar online al millor preu Whiskey Roe &amp; Co (Dublin, Irlanda). Descomptes per caixes. Ofertes. Web r\u00e0pida i segura. Licoreria. Destil\u00b7lats. Begudes. Viniteca","og_url":"https:\/\/aral2.cetrexmarketing.com\/ca\/producto\/roe-co-whiskey\/","og_site_name":"M\u00f3n La Cata","article_modified_time":"2025-05-27T07:07:17+00:00","og_image":[{"width":765,"height":1024,"url":"https:\/\/aral2.cetrexmarketing.com\/wp-content\/uploads\/2025\/05\/roe-and-co-whiskey.jpg.png","type":"image\/png"}],"twitter_card":"summary_large_image","twitter_misc":{"Temps estimat de lectura":"1 minut"},"schema":{"@context":"https:\/\/schema.org","@graph":[{"@type":"WebPage","@id":"https:\/\/aral2.cetrexmarketing.com\/ca\/producto\/roe-co-whiskey\/","url":"https:\/\/aral2.cetrexmarketing.com\/ca\/producto\/roe-co-whiskey\/","name":"Roe &amp; Co Whiskey","isPartOf":{"@id":"https:\/\/aral2.cetrexmarketing.com\/#website"},"primaryImageOfPage":{"@id":"https:\/\/aral2.cetrexmarketing.com\/ca\/producto\/roe-co-whiskey\/#primaryimage"},"image":{"@id":"https:\/\/aral2.cetrexmarketing.com\/ca\/producto\/roe-co-whiskey\/#primaryimage"},"thumbnailUrl":"https:\/\/aral2.cetrexmarketing.com\/wp-content\/uploads\/2025\/05\/roe-and-co-whiskey.jpg.png","datePublished":"2025-05-25T07:48:00+00:00","dateModified":"2025-05-27T07:07:17+00:00","description":"Comprar online al millor preu Whiskey Roe &amp; Co (Dublin, Irlanda). Descomptes per caixes. Ofertes. Web r\u00e0pida i segura. Licoreria. Destil\u00b7lats. Begudes. Viniteca","breadcrumb":{"@id":"https:\/\/aral2.cetrexmarketing.com\/ca\/producto\/roe-co-whiskey\/#breadcrumb"},"inLanguage":"ca","potentialAction":[{"@type":"ReadAction","target":["https:\/\/aral2.cetrexmarketing.com\/ca\/producto\/roe-co-whiskey\/"]}]},{"@type":"ImageObject","inLanguage":"ca","@id":"https:\/\/aral2.cetrexmarketing.com\/ca\/producto\/roe-co-whiskey\/#primaryimage","url":"https:\/\/aral2.cetrexmarketing.com\/wp-content\/uploads\/2025\/05\/roe-and-co-whiskey.jpg.png","contentUrl":"https:\/\/aral2.cetrexmarketing.com\/wp-content\/uploads\/2025\/05\/roe-and-co-whiskey.jpg.png","width":765,"height":1024},{"@type":"BreadcrumbList","@id":"https:\/\/aral2.cetrexmarketing.com\/ca\/producto\/roe-co-whiskey\/#breadcrumb","itemListElement":[{"@type":"ListItem","position":1,"name":"Home","item":"https:\/\/aral2.cetrexmarketing.com\/ca\/"},{"@type":"ListItem","position":2,"name":"Tienda","item":"https:\/\/aral2.cetrexmarketing.com\/ca\/tienda-2\/"},{"@type":"ListItem","position":3,"name":"Destil\u00b7lats","item":"https:\/\/aral2.cetrexmarketing.com\/categoria-producto\/destil%c2%b7lats\/"},{"@type":"ListItem","position":4,"name":"Whisky","item":"https:\/\/aral2.cetrexmarketing.com\/categoria-producto\/destil%c2%b7lats\/whisky-destil%c2%b7lats\/"},{"@type":"ListItem","position":5,"name":"Roe &#038; Co Whiskey"}]},{"@type":"WebSite","@id":"https:\/\/aral2.cetrexmarketing.com\/#website","url":"https:\/\/aral2.cetrexmarketing.com\/","name":"M\u00f3n La Cata","description":"Tienda de vinos, licores, cervezas y gourmet","publisher":{"@id":"https:\/\/aral2.cetrexmarketing.com\/#organization"},"potentialAction":[{"@type":"SearchAction","target":{"@type":"EntryPoint","urlTemplate":"https:\/\/aral2.cetrexmarketing.com\/?s={search_term_string}"},"query-input":{"@type":"PropertyValueSpecification","valueRequired":true,"valueName":"search_term_string"}}],"inLanguage":"ca"},{"@type":"Organization","@id":"https:\/\/aral2.cetrexmarketing.com\/#organization","name":"M\u00f3n La Cata","url":"https:\/\/aral2.cetrexmarketing.com\/","logo":{"@type":"ImageObject","inLanguage":"ca","@id":"https:\/\/aral2.cetrexmarketing.com\/#\/schema\/logo\/image\/","url":"https:\/\/aral2.cetrexmarketing.com\/wp-content\/uploads\/2024\/10\/aral-logo-neg-1024x409-1.png","contentUrl":"https:\/\/aral2.cetrexmarketing.com\/wp-content\/uploads\/2024\/10\/aral-logo-neg-1024x409-1.png","width":1024,"height":409,"caption":"M\u00f3n La Cata"},"image":{"@id":"https:\/\/aral2.cetrexmarketing.com\/#\/schema\/logo\/image\/"}}]}},"brands":[],"_links":{"self":[{"href":"https:\/\/aral2.cetrexmarketing.com\/ca\/wp-json\/wp\/v2\/product\/90990","targetHints":{"allow":["GET"]}}],"collection":[{"href":"https:\/\/aral2.cetrexmarketing.com\/ca\/wp-json\/wp\/v2\/product"}],"about":[{"href":"https:\/\/aral2.cetrexmarketing.com\/ca\/wp-json\/wp\/v2\/types\/product"}],"replies":[{"embeddable":true,"href":"https:\/\/aral2.cetrexmarketing.com\/ca\/wp-json\/wp\/v2\/comments?post=90990"}],"wp:featuredmedia":[{"embeddable":true,"href":"https:\/\/aral2.cetrexmarketing.com\/ca\/wp-json\/wp\/v2\/media\/90987"}],"wp:attachment":[{"href":"https:\/\/aral2.cetrexmarketing.com\/ca\/wp-json\/wp\/v2\/media?parent=90990"}],"wp:term":[{"taxonomy":"pwb-brand","embeddable":true,"href":"https:\/\/aral2.cetrexmarketing.com\/ca\/wp-json\/wp\/v2\/pwb-brand?post=90990"},{"taxonomy":"product_brand","embeddable":true,"href":"https:\/\/aral2.cetrexmarketing.com\/ca\/wp-json\/wp\/v2\/product_brand?post=90990"},{"taxonomy":"product_cat","embeddable":true,"href":"https:\/\/aral2.cetrexmarketing.com\/ca\/wp-json\/wp\/v2\/product_cat?post=90990"},{"taxonomy":"product_tag","embeddable":true,"href":"https:\/\/aral2.cetrexmarketing.com\/ca\/wp-json\/wp\/v2\/product_tag?post=90990"}],"curies":[{"name":"wp","href":"https:\/\/api.w.org\/{rel}","templated":true}]}}