{"id":90701,"date":"2025-05-25T07:44:41","date_gmt":"2025-05-25T07:44:41","guid":{"rendered":"https:\/\/aral2.cetrexmarketing.com\/producto\/espolon-reposat\/"},"modified":"2025-05-27T07:05:39","modified_gmt":"2025-05-27T07:05:39","slug":"espolon-reposat","status":"publish","type":"product","link":"https:\/\/aral2.cetrexmarketing.com\/ca\/producto\/espolon-reposat\/","title":{"rendered":"Espol\u00f3n Reposat"},"content":{"rendered":"<p><strong>Espol\u00f3n Reposat<\/strong> \u00e9s un tequila 100% d&#8217;atzavara blau, que ha estat envellit durant almenys 4 mesos en b\u00f3tes de roure, confonent la seva frescor original amb la profunditat del sabor obtinguda de l&#8217;envelliment. Aquest proc\u00e9s aporta notes de vainilla, caramel, i un toc lleugerament especiat, mentre conserva un equilibri i suavitat excel\u00b7lents. Espol\u00f3n Reposado \u00e9s ideal per gaudir-lo sol, a temperatura ambient, o com a ingredient en c\u00f2ctels refinats com el Tequila Old Fashioned. \u00c9s una elecci\u00f3 excel\u00b7lent per als amants del tequila que valoren una experi\u00e8ncia rica i complexa.<\/p>\n<p>&nbsp;<\/p>\n","protected":false},"excerpt":{"rendered":"<p>Espol\u00f3n Reposat \u00e9s un tequila 100% d&#8217;atzavara blau, que ha estat envellit durant almenys 4 mesos en b\u00f3tes de roure, confonent la seva frescor original amb la profunditat del sabor obtinguda de l&#8217;envelliment. Aquest proc\u00e9s aporta notes de vainilla, caramel, i un toc lleugerament especiat, mentre conserva un equilibri i suavitat excel\u00b7lents. Espol\u00f3n Reposado \u00e9s&hellip;<\/p>\n","protected":false},"featured_media":90698,"comment_status":"closed","ping_status":"closed","template":"","meta":{"_acf_changed":false},"pwb-brand":[],"product_brand":[],"product_cat":[51692,51721],"product_tag":[15525,15527,39261,17078,15517,51887,41949],"class_list":{"0":"post-90701","1":"product","2":"type-product","3":"status-publish","4":"has-post-thumbnail","6":"product_cat-destillats","7":"product_cat-tequila-destillats","8":"product_tag-agave-ca","9":"product_tag-jalisco-ca","10":"product_tag-mexic","11":"product_tag-puro-agave-ca","12":"product_tag-tequila-ca","13":"product_tag-tequila-fet-a-mexic","14":"product_tag-tequila-reposat","15":"pa_destileria-destiladorasannicolas-ca","16":"pa_do-tequila-ca-2","17":"pa_formatoenl-36167","18":"pa_formatoenml-38307","19":"pa_graduacion-40_0","20":"pa_pais-mexic","21":"pa_pesoengramos-38342","22":"pa_pesoenkg-10-ca","23":"pa_pueblociudad-jalisco","24":"pa_variedades-agave100-ca","25":"entry","26":"has-media","28":"first","29":"instock","30":"taxable","31":"shipping-taxable","32":"purchasable","33":"product-type-simple"},"acf":[],"yoast_head":"<!-- This site is optimized with the Yoast SEO Premium plugin v23.1 (Yoast SEO v23.5) - https:\/\/yoast.com\/wordpress\/plugins\/seo\/ -->\n<title>Tequila Espol\u00f3n reposat<\/title>\n<meta name=\"description\" content=\"Comprar online al millor preu Tequila Espol\u00f3n Reposat (Jalisco, M\u00e8xic). Descomptes per caixes. Ofertes especials. Web r\u00e0pida i segura. Destil\u00b7lats. Begudes.\" \/>\n<meta name=\"robots\" content=\"noindex, follow, max-snippet:-1, max-image-preview:large, max-video-preview:-1\" \/>\n<meta property=\"og:locale\" content=\"ca_ES\" \/>\n<meta property=\"og:type\" content=\"article\" \/>\n<meta property=\"og:title\" content=\"Espol\u00f3n Reposat\" \/>\n<meta property=\"og:description\" content=\"Comprar online al millor preu Tequila Espol\u00f3n Reposat (Jalisco, M\u00e8xic). Descomptes per caixes. Ofertes especials. Web r\u00e0pida i segura. Destil\u00b7lats. Begudes.\" \/>\n<meta property=\"og:url\" content=\"https:\/\/aral2.cetrexmarketing.com\/ca\/producto\/espolon-reposat\/\" \/>\n<meta property=\"og:site_name\" content=\"M\u00f3n La Cata\" \/>\n<meta property=\"article:modified_time\" content=\"2025-05-27T07:05:39+00:00\" \/>\n<meta property=\"og:image\" content=\"https:\/\/aral2.cetrexmarketing.com\/wp-content\/uploads\/2025\/05\/tequila-espolon-reposado.jpg.png\" \/>\n\t<meta property=\"og:image:width\" content=\"765\" \/>\n\t<meta property=\"og:image:height\" content=\"1024\" \/>\n\t<meta property=\"og:image:type\" content=\"image\/png\" \/>\n<meta name=\"twitter:card\" content=\"summary_large_image\" \/>\n<meta name=\"twitter:label1\" content=\"Temps estimat de lectura\" \/>\n\t<meta name=\"twitter:data1\" content=\"1 minut\" \/>\n<script type=\"application\/ld+json\" class=\"yoast-schema-graph\">{\"@context\":\"https:\/\/schema.org\",\"@graph\":[{\"@type\":\"WebPage\",\"@id\":\"https:\/\/aral2.cetrexmarketing.com\/ca\/producto\/espolon-reposat\/\",\"url\":\"https:\/\/aral2.cetrexmarketing.com\/ca\/producto\/espolon-reposat\/\",\"name\":\"Tequila Espol\u00f3n reposat\",\"isPartOf\":{\"@id\":\"https:\/\/aral2.cetrexmarketing.com\/#website\"},\"primaryImageOfPage\":{\"@id\":\"https:\/\/aral2.cetrexmarketing.com\/ca\/producto\/espolon-reposat\/#primaryimage\"},\"image\":{\"@id\":\"https:\/\/aral2.cetrexmarketing.com\/ca\/producto\/espolon-reposat\/#primaryimage\"},\"thumbnailUrl\":\"https:\/\/aral2.cetrexmarketing.com\/wp-content\/uploads\/2025\/05\/tequila-espolon-reposado.jpg.png\",\"datePublished\":\"2025-05-25T07:44:41+00:00\",\"dateModified\":\"2025-05-27T07:05:39+00:00\",\"description\":\"Comprar online al millor preu Tequila Espol\u00f3n Reposat (Jalisco, M\u00e8xic). Descomptes per caixes. Ofertes especials. Web r\u00e0pida i segura. Destil\u00b7lats. Begudes.\",\"breadcrumb\":{\"@id\":\"https:\/\/aral2.cetrexmarketing.com\/ca\/producto\/espolon-reposat\/#breadcrumb\"},\"inLanguage\":\"ca\",\"potentialAction\":[{\"@type\":\"ReadAction\",\"target\":[\"https:\/\/aral2.cetrexmarketing.com\/ca\/producto\/espolon-reposat\/\"]}]},{\"@type\":\"ImageObject\",\"inLanguage\":\"ca\",\"@id\":\"https:\/\/aral2.cetrexmarketing.com\/ca\/producto\/espolon-reposat\/#primaryimage\",\"url\":\"https:\/\/aral2.cetrexmarketing.com\/wp-content\/uploads\/2025\/05\/tequila-espolon-reposado.jpg.png\",\"contentUrl\":\"https:\/\/aral2.cetrexmarketing.com\/wp-content\/uploads\/2025\/05\/tequila-espolon-reposado.jpg.png\",\"width\":765,\"height\":1024},{\"@type\":\"BreadcrumbList\",\"@id\":\"https:\/\/aral2.cetrexmarketing.com\/ca\/producto\/espolon-reposat\/#breadcrumb\",\"itemListElement\":[{\"@type\":\"ListItem\",\"position\":1,\"name\":\"Home\",\"item\":\"https:\/\/aral2.cetrexmarketing.com\/ca\/\"},{\"@type\":\"ListItem\",\"position\":2,\"name\":\"Tienda\",\"item\":\"https:\/\/aral2.cetrexmarketing.com\/ca\/tienda-2\/\"},{\"@type\":\"ListItem\",\"position\":3,\"name\":\"Destil\u00b7lats\",\"item\":\"https:\/\/aral2.cetrexmarketing.com\/categoria-producto\/home-ca\/destil-lats-ca\/\"},{\"@type\":\"ListItem\",\"position\":4,\"name\":\"Tequila\",\"item\":\"https:\/\/aral2.cetrexmarketing.com\/categoria-producto\/inicio\/destilados\/tequila\/\"},{\"@type\":\"ListItem\",\"position\":5,\"name\":\"Espol\u00f3n Reposat\"}]},{\"@type\":\"WebSite\",\"@id\":\"https:\/\/aral2.cetrexmarketing.com\/#website\",\"url\":\"https:\/\/aral2.cetrexmarketing.com\/\",\"name\":\"M\u00f3n La Cata\",\"description\":\"Tienda de vinos, licores, cervezas y gourmet\",\"publisher\":{\"@id\":\"https:\/\/aral2.cetrexmarketing.com\/#organization\"},\"potentialAction\":[{\"@type\":\"SearchAction\",\"target\":{\"@type\":\"EntryPoint\",\"urlTemplate\":\"https:\/\/aral2.cetrexmarketing.com\/?s={search_term_string}\"},\"query-input\":{\"@type\":\"PropertyValueSpecification\",\"valueRequired\":true,\"valueName\":\"search_term_string\"}}],\"inLanguage\":\"ca\"},{\"@type\":\"Organization\",\"@id\":\"https:\/\/aral2.cetrexmarketing.com\/#organization\",\"name\":\"M\u00f3n La Cata\",\"url\":\"https:\/\/aral2.cetrexmarketing.com\/\",\"logo\":{\"@type\":\"ImageObject\",\"inLanguage\":\"ca\",\"@id\":\"https:\/\/aral2.cetrexmarketing.com\/#\/schema\/logo\/image\/\",\"url\":\"https:\/\/aral2.cetrexmarketing.com\/wp-content\/uploads\/2024\/10\/aral-logo-neg-1024x409-1.png\",\"contentUrl\":\"https:\/\/aral2.cetrexmarketing.com\/wp-content\/uploads\/2024\/10\/aral-logo-neg-1024x409-1.png\",\"width\":1024,\"height\":409,\"caption\":\"M\u00f3n La Cata\"},\"image\":{\"@id\":\"https:\/\/aral2.cetrexmarketing.com\/#\/schema\/logo\/image\/\"}}]}<\/script>\n<!-- \/ Yoast SEO Premium plugin. -->","yoast_head_json":{"title":"Tequila Espol\u00f3n reposat","description":"Comprar online al millor preu Tequila Espol\u00f3n Reposat (Jalisco, M\u00e8xic). Descomptes per caixes. Ofertes especials. Web r\u00e0pida i segura. Destil\u00b7lats. Begudes.","robots":{"index":"noindex","follow":"follow","max-snippet":"max-snippet:-1","max-image-preview":"max-image-preview:large","max-video-preview":"max-video-preview:-1"},"og_locale":"ca_ES","og_type":"article","og_title":"Espol\u00f3n Reposat","og_description":"Comprar online al millor preu Tequila Espol\u00f3n Reposat (Jalisco, M\u00e8xic). Descomptes per caixes. Ofertes especials. Web r\u00e0pida i segura. Destil\u00b7lats. Begudes.","og_url":"https:\/\/aral2.cetrexmarketing.com\/ca\/producto\/espolon-reposat\/","og_site_name":"M\u00f3n La Cata","article_modified_time":"2025-05-27T07:05:39+00:00","og_image":[{"width":765,"height":1024,"url":"https:\/\/aral2.cetrexmarketing.com\/wp-content\/uploads\/2025\/05\/tequila-espolon-reposado.jpg.png","type":"image\/png"}],"twitter_card":"summary_large_image","twitter_misc":{"Temps estimat de lectura":"1 minut"},"schema":{"@context":"https:\/\/schema.org","@graph":[{"@type":"WebPage","@id":"https:\/\/aral2.cetrexmarketing.com\/ca\/producto\/espolon-reposat\/","url":"https:\/\/aral2.cetrexmarketing.com\/ca\/producto\/espolon-reposat\/","name":"Tequila Espol\u00f3n reposat","isPartOf":{"@id":"https:\/\/aral2.cetrexmarketing.com\/#website"},"primaryImageOfPage":{"@id":"https:\/\/aral2.cetrexmarketing.com\/ca\/producto\/espolon-reposat\/#primaryimage"},"image":{"@id":"https:\/\/aral2.cetrexmarketing.com\/ca\/producto\/espolon-reposat\/#primaryimage"},"thumbnailUrl":"https:\/\/aral2.cetrexmarketing.com\/wp-content\/uploads\/2025\/05\/tequila-espolon-reposado.jpg.png","datePublished":"2025-05-25T07:44:41+00:00","dateModified":"2025-05-27T07:05:39+00:00","description":"Comprar online al millor preu Tequila Espol\u00f3n Reposat (Jalisco, M\u00e8xic). Descomptes per caixes. Ofertes especials. Web r\u00e0pida i segura. Destil\u00b7lats. Begudes.","breadcrumb":{"@id":"https:\/\/aral2.cetrexmarketing.com\/ca\/producto\/espolon-reposat\/#breadcrumb"},"inLanguage":"ca","potentialAction":[{"@type":"ReadAction","target":["https:\/\/aral2.cetrexmarketing.com\/ca\/producto\/espolon-reposat\/"]}]},{"@type":"ImageObject","inLanguage":"ca","@id":"https:\/\/aral2.cetrexmarketing.com\/ca\/producto\/espolon-reposat\/#primaryimage","url":"https:\/\/aral2.cetrexmarketing.com\/wp-content\/uploads\/2025\/05\/tequila-espolon-reposado.jpg.png","contentUrl":"https:\/\/aral2.cetrexmarketing.com\/wp-content\/uploads\/2025\/05\/tequila-espolon-reposado.jpg.png","width":765,"height":1024},{"@type":"BreadcrumbList","@id":"https:\/\/aral2.cetrexmarketing.com\/ca\/producto\/espolon-reposat\/#breadcrumb","itemListElement":[{"@type":"ListItem","position":1,"name":"Home","item":"https:\/\/aral2.cetrexmarketing.com\/ca\/"},{"@type":"ListItem","position":2,"name":"Tienda","item":"https:\/\/aral2.cetrexmarketing.com\/ca\/tienda-2\/"},{"@type":"ListItem","position":3,"name":"Destil\u00b7lats","item":"https:\/\/aral2.cetrexmarketing.com\/categoria-producto\/home-ca\/destil-lats-ca\/"},{"@type":"ListItem","position":4,"name":"Tequila","item":"https:\/\/aral2.cetrexmarketing.com\/categoria-producto\/inicio\/destilados\/tequila\/"},{"@type":"ListItem","position":5,"name":"Espol\u00f3n Reposat"}]},{"@type":"WebSite","@id":"https:\/\/aral2.cetrexmarketing.com\/#website","url":"https:\/\/aral2.cetrexmarketing.com\/","name":"M\u00f3n La Cata","description":"Tienda de vinos, licores, cervezas y gourmet","publisher":{"@id":"https:\/\/aral2.cetrexmarketing.com\/#organization"},"potentialAction":[{"@type":"SearchAction","target":{"@type":"EntryPoint","urlTemplate":"https:\/\/aral2.cetrexmarketing.com\/?s={search_term_string}"},"query-input":{"@type":"PropertyValueSpecification","valueRequired":true,"valueName":"search_term_string"}}],"inLanguage":"ca"},{"@type":"Organization","@id":"https:\/\/aral2.cetrexmarketing.com\/#organization","name":"M\u00f3n La Cata","url":"https:\/\/aral2.cetrexmarketing.com\/","logo":{"@type":"ImageObject","inLanguage":"ca","@id":"https:\/\/aral2.cetrexmarketing.com\/#\/schema\/logo\/image\/","url":"https:\/\/aral2.cetrexmarketing.com\/wp-content\/uploads\/2024\/10\/aral-logo-neg-1024x409-1.png","contentUrl":"https:\/\/aral2.cetrexmarketing.com\/wp-content\/uploads\/2024\/10\/aral-logo-neg-1024x409-1.png","width":1024,"height":409,"caption":"M\u00f3n La Cata"},"image":{"@id":"https:\/\/aral2.cetrexmarketing.com\/#\/schema\/logo\/image\/"}}]}},"brands":[],"_links":{"self":[{"href":"https:\/\/aral2.cetrexmarketing.com\/ca\/wp-json\/wp\/v2\/product\/90701","targetHints":{"allow":["GET"]}}],"collection":[{"href":"https:\/\/aral2.cetrexmarketing.com\/ca\/wp-json\/wp\/v2\/product"}],"about":[{"href":"https:\/\/aral2.cetrexmarketing.com\/ca\/wp-json\/wp\/v2\/types\/product"}],"replies":[{"embeddable":true,"href":"https:\/\/aral2.cetrexmarketing.com\/ca\/wp-json\/wp\/v2\/comments?post=90701"}],"wp:featuredmedia":[{"embeddable":true,"href":"https:\/\/aral2.cetrexmarketing.com\/ca\/wp-json\/wp\/v2\/media\/90698"}],"wp:attachment":[{"href":"https:\/\/aral2.cetrexmarketing.com\/ca\/wp-json\/wp\/v2\/media?parent=90701"}],"wp:term":[{"taxonomy":"pwb-brand","embeddable":true,"href":"https:\/\/aral2.cetrexmarketing.com\/ca\/wp-json\/wp\/v2\/pwb-brand?post=90701"},{"taxonomy":"product_brand","embeddable":true,"href":"https:\/\/aral2.cetrexmarketing.com\/ca\/wp-json\/wp\/v2\/product_brand?post=90701"},{"taxonomy":"product_cat","embeddable":true,"href":"https:\/\/aral2.cetrexmarketing.com\/ca\/wp-json\/wp\/v2\/product_cat?post=90701"},{"taxonomy":"product_tag","embeddable":true,"href":"https:\/\/aral2.cetrexmarketing.com\/ca\/wp-json\/wp\/v2\/product_tag?post=90701"}],"curies":[{"name":"wp","href":"https:\/\/api.w.org\/{rel}","templated":true}]}}