{"id":90607,"date":"2025-05-25T07:43:26","date_gmt":"2025-05-25T07:43:26","guid":{"rendered":"https:\/\/aral2.cetrexmarketing.com\/producto\/pisco-artesanos-del-cochiguaz\/"},"modified":"2025-05-27T07:05:00","modified_gmt":"2025-05-27T07:05:00","slug":"pisco-artesanos-del-cochiguaz","status":"publish","type":"product","link":"https:\/\/aral2.cetrexmarketing.com\/ca\/producto\/pisco-artesanos-del-cochiguaz\/","title":{"rendered":"Pisco Artesanos del Cochiguaz"},"content":{"rendered":"<p><strong>Pisco Artesanos del Cochiguaz<\/strong> \u00e9s una destacada varietat de pisco origin\u00e0ria de Xile, reconeguda per la seva qualitat artesanal i el seu car\u00e0cter distintiu. La seva elaboraci\u00f3 es caracteritza per un proc\u00e9s acurat que respecta les t\u00e8cniques tradicionals i la qualitat dels ingredients.<\/p>\n<p>En primer lloc, es seleccionen els millors ra\u00efms. Varietats autoritzades per la Denominaci\u00f3 d&#8217;Origen del Pisco xil\u00e8, com Moscatell, Pedro Jim\u00e9nez i Torontel. Collits a m\u00e0 i transportats al celler amb delicadesa per preservar la seva integritat i frescor.<\/p>\n<p>Un cop al celler, els ra\u00efms s\u00f3n premsats suaument per extreure&#8217;n el suc. Despr\u00e9s es fermenta de manera natural per convertir els sucres en alcohol. El most fermentat \u00e9s destil\u00b7lat en alambins de coure, un proc\u00e9s que es realitza amb cura per obtenir un destil\u00b7lat net i pur, mantenint aix\u00ed els aromes i sabors naturals dels ra\u00efms.<\/p>\n<p>Despr\u00e9s de la destil\u00b7laci\u00f3, el pisco es deixa reposar en tancs d&#8217;acer inoxidable durant un per\u00edode de temps per permetre que els sabors s&#8217;integrin i s&#8217;assuaveixin. Finalment, el pisco \u00e9s embotellat i etiquetat com a Pisco Artesanos del Cochiguaz, llest per ser gaudit pels amants d&#8217;aquesta beguda \u00fanica.<\/p>\n<p>Pel que fa al maridatge, aquest pisco \u00e9s vers\u00e0til i es pot gaudir de diverses formes. Es complementa molt b\u00e9 amb plats de mariscs frescos, amanides, formatges suaus i postres com fruites fresques o pastissos. Tamb\u00e9 \u00e9s una excel\u00b7lent opci\u00f3 per preparar c\u00f2ctels cl\u00e0ssics com el Pisco Sour o creacions m\u00e9s innovadores que ressalten el seu car\u00e0cter artesanal i el seu sabor distintiu.<\/p>\n","protected":false},"excerpt":{"rendered":"<p>Pisco Artesanos del Cochiguaz \u00e9s una destacada varietat de pisco origin\u00e0ria de Xile, reconeguda per la seva qualitat artesanal i el seu car\u00e0cter distintiu. La seva elaboraci\u00f3 es caracteritza per un proc\u00e9s acurat que respecta les t\u00e8cniques tradicionals i la qualitat dels ingredients. En primer lloc, es seleccionen els millors ra\u00efms. Varietats autoritzades per la&hellip;<\/p>\n","protected":false},"featured_media":90604,"comment_status":"closed","ping_status":"closed","template":"","meta":{"_acf_changed":false},"pwb-brand":[],"product_brand":[],"product_cat":[51692,51885],"product_tag":[17208,17197,15855,15253,15457,15254,15856,17209,17207,17198],"class_list":{"0":"post-90607","1":"product","2":"type-product","3":"status-publish","4":"has-post-thumbnail","6":"product_cat-destillats","7":"product_cat-pisco-destillats","8":"product_tag-artesanos-del-cochiguaz-ca","9":"product_tag-capel-ca","10":"product_tag-comprar-ca","11":"product_tag-destilados-ca","12":"product_tag-licoreria-ca","13":"product_tag-licores-ca","14":"product_tag-online-ca","15":"product_tag-pisco-artesanal-ca","16":"product_tag-pisco-reservado-ca","17":"product_tag-vicuna-ca","18":"pa_elaborador-capel-ca","19":"pa_formatoenml-38307","20":"pa_graduacion-40_0","21":"pa_pais-xile","22":"pa_pueblociudad-vicuna","23":"pa_region-coquimbo","24":"entry","25":"has-media","27":"first","28":"instock","29":"taxable","30":"shipping-taxable","31":"purchasable","32":"product-type-simple"},"acf":[],"yoast_head":"<!-- This site is optimized with the Yoast SEO Premium plugin v23.1 (Yoast SEO v23.5) - https:\/\/yoast.com\/wordpress\/plugins\/seo\/ -->\n<title>Pisco Artesanos del Cochiguaz - M\u00f3n La Cata<\/title>\n<meta name=\"description\" content=\"Comprar Pisco Artesanos del Cochiguaz en M\u00f3n La Cata . Tienda online especilizada en vino y alimentaci\u00f3n. Env\u00edos puntuales y promociones\" \/>\n<meta name=\"robots\" content=\"noindex, follow, max-snippet:-1, max-image-preview:large, max-video-preview:-1\" \/>\n<meta property=\"og:locale\" content=\"ca_ES\" \/>\n<meta property=\"og:type\" content=\"article\" \/>\n<meta property=\"og:title\" content=\"Pisco Artesanos del Cochiguaz\" \/>\n<meta property=\"og:description\" content=\"Comprar Pisco Artesanos del Cochiguaz en M\u00f3n La Cata . Tienda online especilizada en vino y alimentaci\u00f3n. Env\u00edos puntuales y promociones\" \/>\n<meta property=\"og:url\" content=\"https:\/\/aral2.cetrexmarketing.com\/ca\/producto\/pisco-artesanos-del-cochiguaz\/\" \/>\n<meta property=\"og:site_name\" content=\"M\u00f3n La Cata\" \/>\n<meta property=\"article:modified_time\" content=\"2025-05-27T07:05:00+00:00\" \/>\n<meta property=\"og:image\" content=\"https:\/\/aral2.cetrexmarketing.com\/wp-content\/uploads\/2025\/05\/ARTESANOS-DEL-COCHIGUAZ.jpg-1.png\" \/>\n\t<meta property=\"og:image:width\" content=\"765\" \/>\n\t<meta property=\"og:image:height\" content=\"1024\" \/>\n\t<meta property=\"og:image:type\" content=\"image\/png\" \/>\n<meta name=\"twitter:card\" content=\"summary_large_image\" \/>\n<meta name=\"twitter:label1\" content=\"Temps estimat de lectura\" \/>\n\t<meta name=\"twitter:data1\" content=\"2 minuts\" \/>\n<script type=\"application\/ld+json\" class=\"yoast-schema-graph\">{\"@context\":\"https:\/\/schema.org\",\"@graph\":[{\"@type\":\"WebPage\",\"@id\":\"https:\/\/aral2.cetrexmarketing.com\/ca\/producto\/pisco-artesanos-del-cochiguaz\/\",\"url\":\"https:\/\/aral2.cetrexmarketing.com\/ca\/producto\/pisco-artesanos-del-cochiguaz\/\",\"name\":\"Pisco Artesanos del Cochiguaz - M\u00f3n La Cata\",\"isPartOf\":{\"@id\":\"https:\/\/aral2.cetrexmarketing.com\/#website\"},\"primaryImageOfPage\":{\"@id\":\"https:\/\/aral2.cetrexmarketing.com\/ca\/producto\/pisco-artesanos-del-cochiguaz\/#primaryimage\"},\"image\":{\"@id\":\"https:\/\/aral2.cetrexmarketing.com\/ca\/producto\/pisco-artesanos-del-cochiguaz\/#primaryimage\"},\"thumbnailUrl\":\"https:\/\/aral2.cetrexmarketing.com\/wp-content\/uploads\/2025\/05\/ARTESANOS-DEL-COCHIGUAZ.jpg-1.png\",\"datePublished\":\"2025-05-25T07:43:26+00:00\",\"dateModified\":\"2025-05-27T07:05:00+00:00\",\"description\":\"Comprar Pisco Artesanos del Cochiguaz en M\u00f3n La Cata . Tienda online especilizada en vino y alimentaci\u00f3n. Env\u00edos puntuales y promociones\",\"breadcrumb\":{\"@id\":\"https:\/\/aral2.cetrexmarketing.com\/ca\/producto\/pisco-artesanos-del-cochiguaz\/#breadcrumb\"},\"inLanguage\":\"ca\",\"potentialAction\":[{\"@type\":\"ReadAction\",\"target\":[\"https:\/\/aral2.cetrexmarketing.com\/ca\/producto\/pisco-artesanos-del-cochiguaz\/\"]}]},{\"@type\":\"ImageObject\",\"inLanguage\":\"ca\",\"@id\":\"https:\/\/aral2.cetrexmarketing.com\/ca\/producto\/pisco-artesanos-del-cochiguaz\/#primaryimage\",\"url\":\"https:\/\/aral2.cetrexmarketing.com\/wp-content\/uploads\/2025\/05\/ARTESANOS-DEL-COCHIGUAZ.jpg-1.png\",\"contentUrl\":\"https:\/\/aral2.cetrexmarketing.com\/wp-content\/uploads\/2025\/05\/ARTESANOS-DEL-COCHIGUAZ.jpg-1.png\",\"width\":765,\"height\":1024},{\"@type\":\"BreadcrumbList\",\"@id\":\"https:\/\/aral2.cetrexmarketing.com\/ca\/producto\/pisco-artesanos-del-cochiguaz\/#breadcrumb\",\"itemListElement\":[{\"@type\":\"ListItem\",\"position\":1,\"name\":\"Home\",\"item\":\"https:\/\/aral2.cetrexmarketing.com\/ca\/\"},{\"@type\":\"ListItem\",\"position\":2,\"name\":\"Tienda\",\"item\":\"https:\/\/aral2.cetrexmarketing.com\/ca\/tienda-2\/\"},{\"@type\":\"ListItem\",\"position\":3,\"name\":\"Destil\u00b7lats\",\"item\":\"https:\/\/aral2.cetrexmarketing.com\/categoria-producto\/destil%c2%b7lats\/\"},{\"@type\":\"ListItem\",\"position\":4,\"name\":\"Pisco\",\"item\":\"https:\/\/aral2.cetrexmarketing.com\/categoria-producto\/destil%c2%b7lats\/pisco-destil%c2%b7lats\/\"},{\"@type\":\"ListItem\",\"position\":5,\"name\":\"Pisco Artesanos del Cochiguaz\"}]},{\"@type\":\"WebSite\",\"@id\":\"https:\/\/aral2.cetrexmarketing.com\/#website\",\"url\":\"https:\/\/aral2.cetrexmarketing.com\/\",\"name\":\"M\u00f3n La Cata\",\"description\":\"Tienda de vinos, licores, cervezas y gourmet\",\"publisher\":{\"@id\":\"https:\/\/aral2.cetrexmarketing.com\/#organization\"},\"potentialAction\":[{\"@type\":\"SearchAction\",\"target\":{\"@type\":\"EntryPoint\",\"urlTemplate\":\"https:\/\/aral2.cetrexmarketing.com\/?s={search_term_string}\"},\"query-input\":{\"@type\":\"PropertyValueSpecification\",\"valueRequired\":true,\"valueName\":\"search_term_string\"}}],\"inLanguage\":\"ca\"},{\"@type\":\"Organization\",\"@id\":\"https:\/\/aral2.cetrexmarketing.com\/#organization\",\"name\":\"M\u00f3n La Cata\",\"url\":\"https:\/\/aral2.cetrexmarketing.com\/\",\"logo\":{\"@type\":\"ImageObject\",\"inLanguage\":\"ca\",\"@id\":\"https:\/\/aral2.cetrexmarketing.com\/#\/schema\/logo\/image\/\",\"url\":\"https:\/\/aral2.cetrexmarketing.com\/wp-content\/uploads\/2024\/10\/aral-logo-neg-1024x409-1.png\",\"contentUrl\":\"https:\/\/aral2.cetrexmarketing.com\/wp-content\/uploads\/2024\/10\/aral-logo-neg-1024x409-1.png\",\"width\":1024,\"height\":409,\"caption\":\"M\u00f3n La Cata\"},\"image\":{\"@id\":\"https:\/\/aral2.cetrexmarketing.com\/#\/schema\/logo\/image\/\"}}]}<\/script>\n<!-- \/ Yoast SEO Premium plugin. -->","yoast_head_json":{"title":"Pisco Artesanos del Cochiguaz - M\u00f3n La Cata","description":"Comprar Pisco Artesanos del Cochiguaz en M\u00f3n La Cata . Tienda online especilizada en vino y alimentaci\u00f3n. Env\u00edos puntuales y promociones","robots":{"index":"noindex","follow":"follow","max-snippet":"max-snippet:-1","max-image-preview":"max-image-preview:large","max-video-preview":"max-video-preview:-1"},"og_locale":"ca_ES","og_type":"article","og_title":"Pisco Artesanos del Cochiguaz","og_description":"Comprar Pisco Artesanos del Cochiguaz en M\u00f3n La Cata . Tienda online especilizada en vino y alimentaci\u00f3n. Env\u00edos puntuales y promociones","og_url":"https:\/\/aral2.cetrexmarketing.com\/ca\/producto\/pisco-artesanos-del-cochiguaz\/","og_site_name":"M\u00f3n La Cata","article_modified_time":"2025-05-27T07:05:00+00:00","og_image":[{"width":765,"height":1024,"url":"https:\/\/aral2.cetrexmarketing.com\/wp-content\/uploads\/2025\/05\/ARTESANOS-DEL-COCHIGUAZ.jpg-1.png","type":"image\/png"}],"twitter_card":"summary_large_image","twitter_misc":{"Temps estimat de lectura":"2 minuts"},"schema":{"@context":"https:\/\/schema.org","@graph":[{"@type":"WebPage","@id":"https:\/\/aral2.cetrexmarketing.com\/ca\/producto\/pisco-artesanos-del-cochiguaz\/","url":"https:\/\/aral2.cetrexmarketing.com\/ca\/producto\/pisco-artesanos-del-cochiguaz\/","name":"Pisco Artesanos del Cochiguaz - M\u00f3n La Cata","isPartOf":{"@id":"https:\/\/aral2.cetrexmarketing.com\/#website"},"primaryImageOfPage":{"@id":"https:\/\/aral2.cetrexmarketing.com\/ca\/producto\/pisco-artesanos-del-cochiguaz\/#primaryimage"},"image":{"@id":"https:\/\/aral2.cetrexmarketing.com\/ca\/producto\/pisco-artesanos-del-cochiguaz\/#primaryimage"},"thumbnailUrl":"https:\/\/aral2.cetrexmarketing.com\/wp-content\/uploads\/2025\/05\/ARTESANOS-DEL-COCHIGUAZ.jpg-1.png","datePublished":"2025-05-25T07:43:26+00:00","dateModified":"2025-05-27T07:05:00+00:00","description":"Comprar Pisco Artesanos del Cochiguaz en M\u00f3n La Cata . Tienda online especilizada en vino y alimentaci\u00f3n. Env\u00edos puntuales y promociones","breadcrumb":{"@id":"https:\/\/aral2.cetrexmarketing.com\/ca\/producto\/pisco-artesanos-del-cochiguaz\/#breadcrumb"},"inLanguage":"ca","potentialAction":[{"@type":"ReadAction","target":["https:\/\/aral2.cetrexmarketing.com\/ca\/producto\/pisco-artesanos-del-cochiguaz\/"]}]},{"@type":"ImageObject","inLanguage":"ca","@id":"https:\/\/aral2.cetrexmarketing.com\/ca\/producto\/pisco-artesanos-del-cochiguaz\/#primaryimage","url":"https:\/\/aral2.cetrexmarketing.com\/wp-content\/uploads\/2025\/05\/ARTESANOS-DEL-COCHIGUAZ.jpg-1.png","contentUrl":"https:\/\/aral2.cetrexmarketing.com\/wp-content\/uploads\/2025\/05\/ARTESANOS-DEL-COCHIGUAZ.jpg-1.png","width":765,"height":1024},{"@type":"BreadcrumbList","@id":"https:\/\/aral2.cetrexmarketing.com\/ca\/producto\/pisco-artesanos-del-cochiguaz\/#breadcrumb","itemListElement":[{"@type":"ListItem","position":1,"name":"Home","item":"https:\/\/aral2.cetrexmarketing.com\/ca\/"},{"@type":"ListItem","position":2,"name":"Tienda","item":"https:\/\/aral2.cetrexmarketing.com\/ca\/tienda-2\/"},{"@type":"ListItem","position":3,"name":"Destil\u00b7lats","item":"https:\/\/aral2.cetrexmarketing.com\/categoria-producto\/destil%c2%b7lats\/"},{"@type":"ListItem","position":4,"name":"Pisco","item":"https:\/\/aral2.cetrexmarketing.com\/categoria-producto\/destil%c2%b7lats\/pisco-destil%c2%b7lats\/"},{"@type":"ListItem","position":5,"name":"Pisco Artesanos del Cochiguaz"}]},{"@type":"WebSite","@id":"https:\/\/aral2.cetrexmarketing.com\/#website","url":"https:\/\/aral2.cetrexmarketing.com\/","name":"M\u00f3n La Cata","description":"Tienda de vinos, licores, cervezas y gourmet","publisher":{"@id":"https:\/\/aral2.cetrexmarketing.com\/#organization"},"potentialAction":[{"@type":"SearchAction","target":{"@type":"EntryPoint","urlTemplate":"https:\/\/aral2.cetrexmarketing.com\/?s={search_term_string}"},"query-input":{"@type":"PropertyValueSpecification","valueRequired":true,"valueName":"search_term_string"}}],"inLanguage":"ca"},{"@type":"Organization","@id":"https:\/\/aral2.cetrexmarketing.com\/#organization","name":"M\u00f3n La Cata","url":"https:\/\/aral2.cetrexmarketing.com\/","logo":{"@type":"ImageObject","inLanguage":"ca","@id":"https:\/\/aral2.cetrexmarketing.com\/#\/schema\/logo\/image\/","url":"https:\/\/aral2.cetrexmarketing.com\/wp-content\/uploads\/2024\/10\/aral-logo-neg-1024x409-1.png","contentUrl":"https:\/\/aral2.cetrexmarketing.com\/wp-content\/uploads\/2024\/10\/aral-logo-neg-1024x409-1.png","width":1024,"height":409,"caption":"M\u00f3n La Cata"},"image":{"@id":"https:\/\/aral2.cetrexmarketing.com\/#\/schema\/logo\/image\/"}}]}},"brands":[],"_links":{"self":[{"href":"https:\/\/aral2.cetrexmarketing.com\/ca\/wp-json\/wp\/v2\/product\/90607","targetHints":{"allow":["GET"]}}],"collection":[{"href":"https:\/\/aral2.cetrexmarketing.com\/ca\/wp-json\/wp\/v2\/product"}],"about":[{"href":"https:\/\/aral2.cetrexmarketing.com\/ca\/wp-json\/wp\/v2\/types\/product"}],"replies":[{"embeddable":true,"href":"https:\/\/aral2.cetrexmarketing.com\/ca\/wp-json\/wp\/v2\/comments?post=90607"}],"wp:featuredmedia":[{"embeddable":true,"href":"https:\/\/aral2.cetrexmarketing.com\/ca\/wp-json\/wp\/v2\/media\/90604"}],"wp:attachment":[{"href":"https:\/\/aral2.cetrexmarketing.com\/ca\/wp-json\/wp\/v2\/media?parent=90607"}],"wp:term":[{"taxonomy":"pwb-brand","embeddable":true,"href":"https:\/\/aral2.cetrexmarketing.com\/ca\/wp-json\/wp\/v2\/pwb-brand?post=90607"},{"taxonomy":"product_brand","embeddable":true,"href":"https:\/\/aral2.cetrexmarketing.com\/ca\/wp-json\/wp\/v2\/product_brand?post=90607"},{"taxonomy":"product_cat","embeddable":true,"href":"https:\/\/aral2.cetrexmarketing.com\/ca\/wp-json\/wp\/v2\/product_cat?post=90607"},{"taxonomy":"product_tag","embeddable":true,"href":"https:\/\/aral2.cetrexmarketing.com\/ca\/wp-json\/wp\/v2\/product_tag?post=90607"}],"curies":[{"name":"wp","href":"https:\/\/api.w.org\/{rel}","templated":true}]}}