{"id":90403,"date":"2025-05-25T07:41:00","date_gmt":"2025-05-25T07:41:00","guid":{"rendered":"https:\/\/aral2.cetrexmarketing.com\/producto\/artuke\/"},"modified":"2025-05-27T07:04:22","modified_gmt":"2025-05-27T07:04:22","slug":"artuke","status":"publish","type":"product","link":"https:\/\/aral2.cetrexmarketing.com\/ca\/producto\/artuke\/","title":{"rendered":"Artuke"},"content":{"rendered":"<p><strong>Artuke<\/strong><\/p>\n<p data-start=\"35\" data-end=\"527\"><strong data-start=\"35\" data-end=\"51\">Artuke Tinto<\/strong> \u00e9s un vi tinto elaborat per <strong data-start=\"80\" data-end=\"98\">Bodegas Artuke<\/strong>, una bodega familiar situada a la <strong data-start=\"133\" data-end=\"150\">Rioja Alavesa<\/strong>, una subzona de la <strong data-start=\"170\" data-end=\"187\">D.O.Ca. Rioja<\/strong> coneguda pels seus <strong data-start=\"207\" data-end=\"226\">vinyes d&#8217;altura<\/strong> i un <strong data-start=\"232\" data-end=\"255\">terroir excepcional<\/strong>. Artuke \u00e9s una bodega compromesa amb la <strong data-start=\"296\" data-end=\"322\">viticultura sostenible<\/strong> i la producci\u00f3 de vins que reflecteixen l&#8217;<strong data-start=\"365\" data-end=\"381\" data-is-only-node=\"\">autenticitat<\/strong> de la regi\u00f3. Aquest vi tinto \u00e9s un clar exemple de la filosofia de la bodega: l&#8217;elaboraci\u00f3 de vins <strong data-start=\"481\" data-end=\"492\">frescos<\/strong>, <strong data-start=\"494\" data-end=\"508\">expressius<\/strong> i <strong data-start=\"511\" data-end=\"526\">equilibrats<\/strong>.<\/p>\n<h3 data-start=\"529\" data-end=\"567\"><strong data-start=\"533\" data-end=\"567\">Caracter\u00edstiques del Producte:<\/strong><\/h3>\n<ul data-start=\"568\" data-end=\"937\">\n<li data-start=\"568\" data-end=\"593\"><strong data-start=\"570\" data-end=\"580\">Tipus:<\/strong> <strong data-start=\"581\" data-end=\"593\">Vi tinto<\/strong><\/li>\n<li data-start=\"594\" data-end=\"650\"><strong data-start=\"596\" data-end=\"607\">Origen:<\/strong> <strong data-start=\"608\" data-end=\"625\">Rioja Alavesa<\/strong> (D.O.Ca. Rioja, Espanya)<\/li>\n<li data-start=\"651\" data-end=\"715\"><strong data-start=\"653\" data-end=\"673\">Varietats d&#8217;uva:<\/strong> <strong data-start=\"674\" data-end=\"689\">Tempranillo<\/strong> (90%), <strong data-start=\"697\" data-end=\"709\">Graciano<\/strong> (10%)<\/li>\n<li data-start=\"716\" data-end=\"758\"><strong data-start=\"718\" data-end=\"743\">Graduaci\u00f3 alcoh\u00f2lica:<\/strong> <strong data-start=\"744\" data-end=\"758\">13,5% vol.<\/strong><\/li>\n<li data-start=\"759\" data-end=\"937\"><strong data-start=\"761\" data-end=\"773\">Crian\u00e7a:<\/strong> Aquest vi t\u00e9 una crian\u00e7a d&#8217;aproximadament <strong data-start=\"816\" data-end=\"828\">12 mesos<\/strong> en barricas de <strong data-start=\"844\" data-end=\"871\">roure franc\u00e8s i americ\u00e0<\/strong>, el que li atorga una <strong data-start=\"894\" data-end=\"906\">suavitat<\/strong> i <strong data-start=\"909\" data-end=\"936\">complexitat equilibrada<\/strong>.<\/li>\n<\/ul>\n<h3 data-start=\"939\" data-end=\"961\"><strong data-start=\"943\" data-end=\"961\">Notes de Cata:<\/strong><\/h3>\n<ul data-start=\"962\" data-end=\"1667\">\n<li data-start=\"962\" data-end=\"1034\"><strong data-start=\"964\" data-end=\"974\">Color:<\/strong> <strong data-start=\"975\" data-end=\"995\">Roig rub\u00ed intens<\/strong> amb reflexos violacis, net i brillant.<\/li>\n<li data-start=\"1035\" data-end=\"1274\"><strong data-start=\"1037\" data-end=\"1047\">Aroma:<\/strong> A nas, es perceben aromes <strong data-start=\"1074\" data-end=\"1085\">frescos<\/strong> i <strong data-start=\"1088\" data-end=\"1101\">afruitats<\/strong>, com <strong data-start=\"1107\" data-end=\"1117\">cirera<\/strong>, <strong data-start=\"1119\" data-end=\"1128\">mores<\/strong> i <strong data-start=\"1131\" data-end=\"1145\">frambueses<\/strong>, amb tocs subtils d&#8217;<strong data-start=\"1166\" data-end=\"1190\">herbes mediterr\u00e0nies<\/strong> i un fons de <strong data-start=\"1204\" data-end=\"1216\" data-is-only-node=\"\">esp\u00e8cies<\/strong> i <strong data-start=\"1219\" data-end=\"1239\">toques bals\u00e0mics<\/strong> provinents de la crian\u00e7a en fusta.<\/li>\n<li data-start=\"1275\" data-end=\"1667\"><strong data-start=\"1277\" data-end=\"1287\">Sabor:<\/strong> A boca, el <strong data-start=\"1299\" data-end=\"1315\">Artuke Tinto<\/strong> \u00e9s un vi <strong data-start=\"1325\" data-end=\"1336\">elegant<\/strong> i <strong data-start=\"1339\" data-end=\"1351\">fresquet<\/strong>. Els <strong data-start=\"1357\" data-end=\"1367\">tanins<\/strong> s\u00f3n fins i ben integrats, la qual cosa li d\u00f3na una <strong data-start=\"1419\" data-end=\"1435\">textura suau<\/strong>. L&#8217;<strong data-start=\"1439\" data-end=\"1466\">acidesa ben equilibrada<\/strong> aporta frescor, mentre que els sabors de <strong data-start=\"1508\" data-end=\"1529\" data-is-only-node=\"\">fruites vermelles<\/strong> i tocs <strong data-start=\"1537\" data-end=\"1550\">esp\u00e8ciats<\/strong> es desenvolupen al paladar. El final \u00e9s llarg i sabor\u00f3s, amb notes subtils de <strong data-start=\"1629\" data-end=\"1638\">roure<\/strong> i un lleuger toc <strong data-start=\"1656\" data-end=\"1666\">terros<\/strong>.<\/li>\n<\/ul>\n","protected":false},"excerpt":{"rendered":"<p><strong>Artuke<\/strong><\/p>\n<p>Vi negre excepcional, amb eleg\u00e0ncia de La Rioja i sabors a fruites vermelles especiades, limitat a 8000 ampolles.<\/p>\n","protected":false},"featured_media":90400,"comment_status":"closed","ping_status":"closed","template":"","meta":{"_acf_changed":false},"pwb-brand":[45170,32907],"product_brand":[],"product_cat":[51669,51670,51671],"product_tag":[17178,14904,14900,14902,17179],"class_list":{"0":"post-90403","1":"product","2":"type-product","3":"status-publish","4":"has-post-thumbnail","6":"pwb-brand-artuke","7":"pwb-brand-rioja-d-o","8":"product_cat-ecologic","9":"product_cat-vi","10":"product_cat-vi-negre","11":"product_tag-artuke-ca","12":"product_tag-doca-rioja-ca","13":"product_tag-rioja-ca","14":"product_tag-tempranillo-ca","15":"product_tag-viura-ca","16":"pa_anada-45483","17":"pa_bodega-bodegasvinaartuke","18":"pa_do-rioja-d-o-ca-ca","19":"pa_ecologico-vegano-natural-ecologic","20":"pa_floral-negre-floral","21":"pa_formatoenml-38306","22":"pa_graduacion-13_5","23":"pa_maridaje-carn-blanca","24":"pa_maridaje-carn-roja","25":"pa_maridaje-midons","26":"pa_maridaje-verdures","27":"pa_pais-espanya-ca","28":"pa_tipodevino-vi-tranquil","29":"pa_variedad-principal-tempranillo-ca","30":"pa_variedad-principal-viura-ca","31":"entry","32":"has-media","34":"first","35":"instock","36":"taxable","37":"shipping-taxable","38":"purchasable","39":"product-type-simple"},"acf":[],"yoast_head":"<!-- This site is optimized with the Yoast SEO Premium plugin v23.1 (Yoast SEO v23.5) - https:\/\/yoast.com\/wordpress\/plugins\/seo\/ -->\n<title>Artuke<\/title>\n<meta name=\"description\" content=\"Comprar el vi negre Artuke de DOCa Rioja online. Productes exclusius d&#039;alta qualitat al millor preu. Especialistes en vins, destil\u00b7lats i alimentaci\u00f3\" \/>\n<meta name=\"robots\" content=\"noindex, follow, max-snippet:-1, max-image-preview:large, max-video-preview:-1\" \/>\n<meta property=\"og:locale\" content=\"ca_ES\" \/>\n<meta property=\"og:type\" content=\"article\" \/>\n<meta property=\"og:title\" content=\"Artuke\" \/>\n<meta property=\"og:description\" content=\"Comprar el vi negre Artuke de DOCa Rioja online. Productes exclusius d&#039;alta qualitat al millor preu. Especialistes en vins, destil\u00b7lats i alimentaci\u00f3\" \/>\n<meta property=\"og:url\" content=\"https:\/\/aral2.cetrexmarketing.com\/ca\/producto\/artuke\/\" \/>\n<meta property=\"og:site_name\" content=\"M\u00f3n La Cata\" \/>\n<meta property=\"article:modified_time\" content=\"2025-05-27T07:04:22+00:00\" \/>\n<meta property=\"og:image\" content=\"https:\/\/aral2.cetrexmarketing.com\/wp-content\/uploads\/2025\/05\/Artuke.jpg-1.png\" \/>\n\t<meta property=\"og:image:width\" content=\"765\" \/>\n\t<meta property=\"og:image:height\" content=\"1024\" \/>\n\t<meta property=\"og:image:type\" content=\"image\/png\" \/>\n<meta name=\"twitter:card\" content=\"summary_large_image\" \/>\n<meta name=\"twitter:label1\" content=\"Temps estimat de lectura\" \/>\n\t<meta name=\"twitter:data1\" content=\"2 minuts\" \/>\n<script type=\"application\/ld+json\" class=\"yoast-schema-graph\">{\"@context\":\"https:\/\/schema.org\",\"@graph\":[{\"@type\":\"WebPage\",\"@id\":\"https:\/\/aral2.cetrexmarketing.com\/ca\/producto\/artuke\/\",\"url\":\"https:\/\/aral2.cetrexmarketing.com\/ca\/producto\/artuke\/\",\"name\":\"Artuke\",\"isPartOf\":{\"@id\":\"https:\/\/aral2.cetrexmarketing.com\/#website\"},\"primaryImageOfPage\":{\"@id\":\"https:\/\/aral2.cetrexmarketing.com\/ca\/producto\/artuke\/#primaryimage\"},\"image\":{\"@id\":\"https:\/\/aral2.cetrexmarketing.com\/ca\/producto\/artuke\/#primaryimage\"},\"thumbnailUrl\":\"https:\/\/aral2.cetrexmarketing.com\/wp-content\/uploads\/2025\/05\/Artuke.jpg-1.png\",\"datePublished\":\"2025-05-25T07:41:00+00:00\",\"dateModified\":\"2025-05-27T07:04:22+00:00\",\"description\":\"Comprar el vi negre Artuke de DOCa Rioja online. Productes exclusius d'alta qualitat al millor preu. Especialistes en vins, destil\u00b7lats i alimentaci\u00f3\",\"breadcrumb\":{\"@id\":\"https:\/\/aral2.cetrexmarketing.com\/ca\/producto\/artuke\/#breadcrumb\"},\"inLanguage\":\"ca\",\"potentialAction\":[{\"@type\":\"ReadAction\",\"target\":[\"https:\/\/aral2.cetrexmarketing.com\/ca\/producto\/artuke\/\"]}]},{\"@type\":\"ImageObject\",\"inLanguage\":\"ca\",\"@id\":\"https:\/\/aral2.cetrexmarketing.com\/ca\/producto\/artuke\/#primaryimage\",\"url\":\"https:\/\/aral2.cetrexmarketing.com\/wp-content\/uploads\/2025\/05\/Artuke.jpg-1.png\",\"contentUrl\":\"https:\/\/aral2.cetrexmarketing.com\/wp-content\/uploads\/2025\/05\/Artuke.jpg-1.png\",\"width\":765,\"height\":1024},{\"@type\":\"BreadcrumbList\",\"@id\":\"https:\/\/aral2.cetrexmarketing.com\/ca\/producto\/artuke\/#breadcrumb\",\"itemListElement\":[{\"@type\":\"ListItem\",\"position\":1,\"name\":\"Home\",\"item\":\"https:\/\/aral2.cetrexmarketing.com\/ca\/\"},{\"@type\":\"ListItem\",\"position\":2,\"name\":\"Tienda\",\"item\":\"https:\/\/aral2.cetrexmarketing.com\/ca\/tienda-2\/\"},{\"@type\":\"ListItem\",\"position\":3,\"name\":\"Vi\",\"item\":\"https:\/\/aral2.cetrexmarketing.com\/categoria-producto\/vi\/\"},{\"@type\":\"ListItem\",\"position\":4,\"name\":\"Vi Negre\",\"item\":\"https:\/\/aral2.cetrexmarketing.com\/categoria-producto\/vi\/vi-negre\/\"},{\"@type\":\"ListItem\",\"position\":5,\"name\":\"Artuke\"}]},{\"@type\":\"WebSite\",\"@id\":\"https:\/\/aral2.cetrexmarketing.com\/#website\",\"url\":\"https:\/\/aral2.cetrexmarketing.com\/\",\"name\":\"M\u00f3n La Cata\",\"description\":\"Tienda de vinos, licores, cervezas y gourmet\",\"publisher\":{\"@id\":\"https:\/\/aral2.cetrexmarketing.com\/#organization\"},\"potentialAction\":[{\"@type\":\"SearchAction\",\"target\":{\"@type\":\"EntryPoint\",\"urlTemplate\":\"https:\/\/aral2.cetrexmarketing.com\/?s={search_term_string}\"},\"query-input\":{\"@type\":\"PropertyValueSpecification\",\"valueRequired\":true,\"valueName\":\"search_term_string\"}}],\"inLanguage\":\"ca\"},{\"@type\":\"Organization\",\"@id\":\"https:\/\/aral2.cetrexmarketing.com\/#organization\",\"name\":\"M\u00f3n La Cata\",\"url\":\"https:\/\/aral2.cetrexmarketing.com\/\",\"logo\":{\"@type\":\"ImageObject\",\"inLanguage\":\"ca\",\"@id\":\"https:\/\/aral2.cetrexmarketing.com\/#\/schema\/logo\/image\/\",\"url\":\"https:\/\/aral2.cetrexmarketing.com\/wp-content\/uploads\/2024\/10\/aral-logo-neg-1024x409-1.png\",\"contentUrl\":\"https:\/\/aral2.cetrexmarketing.com\/wp-content\/uploads\/2024\/10\/aral-logo-neg-1024x409-1.png\",\"width\":1024,\"height\":409,\"caption\":\"M\u00f3n La Cata\"},\"image\":{\"@id\":\"https:\/\/aral2.cetrexmarketing.com\/#\/schema\/logo\/image\/\"}}]}<\/script>\n<!-- \/ Yoast SEO Premium plugin. -->","yoast_head_json":{"title":"Artuke","description":"Comprar el vi negre Artuke de DOCa Rioja online. Productes exclusius d'alta qualitat al millor preu. Especialistes en vins, destil\u00b7lats i alimentaci\u00f3","robots":{"index":"noindex","follow":"follow","max-snippet":"max-snippet:-1","max-image-preview":"max-image-preview:large","max-video-preview":"max-video-preview:-1"},"og_locale":"ca_ES","og_type":"article","og_title":"Artuke","og_description":"Comprar el vi negre Artuke de DOCa Rioja online. Productes exclusius d'alta qualitat al millor preu. Especialistes en vins, destil\u00b7lats i alimentaci\u00f3","og_url":"https:\/\/aral2.cetrexmarketing.com\/ca\/producto\/artuke\/","og_site_name":"M\u00f3n La Cata","article_modified_time":"2025-05-27T07:04:22+00:00","og_image":[{"width":765,"height":1024,"url":"https:\/\/aral2.cetrexmarketing.com\/wp-content\/uploads\/2025\/05\/Artuke.jpg-1.png","type":"image\/png"}],"twitter_card":"summary_large_image","twitter_misc":{"Temps estimat de lectura":"2 minuts"},"schema":{"@context":"https:\/\/schema.org","@graph":[{"@type":"WebPage","@id":"https:\/\/aral2.cetrexmarketing.com\/ca\/producto\/artuke\/","url":"https:\/\/aral2.cetrexmarketing.com\/ca\/producto\/artuke\/","name":"Artuke","isPartOf":{"@id":"https:\/\/aral2.cetrexmarketing.com\/#website"},"primaryImageOfPage":{"@id":"https:\/\/aral2.cetrexmarketing.com\/ca\/producto\/artuke\/#primaryimage"},"image":{"@id":"https:\/\/aral2.cetrexmarketing.com\/ca\/producto\/artuke\/#primaryimage"},"thumbnailUrl":"https:\/\/aral2.cetrexmarketing.com\/wp-content\/uploads\/2025\/05\/Artuke.jpg-1.png","datePublished":"2025-05-25T07:41:00+00:00","dateModified":"2025-05-27T07:04:22+00:00","description":"Comprar el vi negre Artuke de DOCa Rioja online. Productes exclusius d'alta qualitat al millor preu. Especialistes en vins, destil\u00b7lats i alimentaci\u00f3","breadcrumb":{"@id":"https:\/\/aral2.cetrexmarketing.com\/ca\/producto\/artuke\/#breadcrumb"},"inLanguage":"ca","potentialAction":[{"@type":"ReadAction","target":["https:\/\/aral2.cetrexmarketing.com\/ca\/producto\/artuke\/"]}]},{"@type":"ImageObject","inLanguage":"ca","@id":"https:\/\/aral2.cetrexmarketing.com\/ca\/producto\/artuke\/#primaryimage","url":"https:\/\/aral2.cetrexmarketing.com\/wp-content\/uploads\/2025\/05\/Artuke.jpg-1.png","contentUrl":"https:\/\/aral2.cetrexmarketing.com\/wp-content\/uploads\/2025\/05\/Artuke.jpg-1.png","width":765,"height":1024},{"@type":"BreadcrumbList","@id":"https:\/\/aral2.cetrexmarketing.com\/ca\/producto\/artuke\/#breadcrumb","itemListElement":[{"@type":"ListItem","position":1,"name":"Home","item":"https:\/\/aral2.cetrexmarketing.com\/ca\/"},{"@type":"ListItem","position":2,"name":"Tienda","item":"https:\/\/aral2.cetrexmarketing.com\/ca\/tienda-2\/"},{"@type":"ListItem","position":3,"name":"Vi","item":"https:\/\/aral2.cetrexmarketing.com\/categoria-producto\/vi\/"},{"@type":"ListItem","position":4,"name":"Vi Negre","item":"https:\/\/aral2.cetrexmarketing.com\/categoria-producto\/vi\/vi-negre\/"},{"@type":"ListItem","position":5,"name":"Artuke"}]},{"@type":"WebSite","@id":"https:\/\/aral2.cetrexmarketing.com\/#website","url":"https:\/\/aral2.cetrexmarketing.com\/","name":"M\u00f3n La Cata","description":"Tienda de vinos, licores, cervezas y gourmet","publisher":{"@id":"https:\/\/aral2.cetrexmarketing.com\/#organization"},"potentialAction":[{"@type":"SearchAction","target":{"@type":"EntryPoint","urlTemplate":"https:\/\/aral2.cetrexmarketing.com\/?s={search_term_string}"},"query-input":{"@type":"PropertyValueSpecification","valueRequired":true,"valueName":"search_term_string"}}],"inLanguage":"ca"},{"@type":"Organization","@id":"https:\/\/aral2.cetrexmarketing.com\/#organization","name":"M\u00f3n La Cata","url":"https:\/\/aral2.cetrexmarketing.com\/","logo":{"@type":"ImageObject","inLanguage":"ca","@id":"https:\/\/aral2.cetrexmarketing.com\/#\/schema\/logo\/image\/","url":"https:\/\/aral2.cetrexmarketing.com\/wp-content\/uploads\/2024\/10\/aral-logo-neg-1024x409-1.png","contentUrl":"https:\/\/aral2.cetrexmarketing.com\/wp-content\/uploads\/2024\/10\/aral-logo-neg-1024x409-1.png","width":1024,"height":409,"caption":"M\u00f3n La Cata"},"image":{"@id":"https:\/\/aral2.cetrexmarketing.com\/#\/schema\/logo\/image\/"}}]}},"brands":[{"id":45170,"name":"Artuke","slug":"artuke"},{"id":32907,"name":"Rioja D.O.","slug":"rioja-d-o"}],"_links":{"self":[{"href":"https:\/\/aral2.cetrexmarketing.com\/ca\/wp-json\/wp\/v2\/product\/90403","targetHints":{"allow":["GET"]}}],"collection":[{"href":"https:\/\/aral2.cetrexmarketing.com\/ca\/wp-json\/wp\/v2\/product"}],"about":[{"href":"https:\/\/aral2.cetrexmarketing.com\/ca\/wp-json\/wp\/v2\/types\/product"}],"replies":[{"embeddable":true,"href":"https:\/\/aral2.cetrexmarketing.com\/ca\/wp-json\/wp\/v2\/comments?post=90403"}],"wp:featuredmedia":[{"embeddable":true,"href":"https:\/\/aral2.cetrexmarketing.com\/ca\/wp-json\/wp\/v2\/media\/90400"}],"wp:attachment":[{"href":"https:\/\/aral2.cetrexmarketing.com\/ca\/wp-json\/wp\/v2\/media?parent=90403"}],"wp:term":[{"taxonomy":"pwb-brand","embeddable":true,"href":"https:\/\/aral2.cetrexmarketing.com\/ca\/wp-json\/wp\/v2\/pwb-brand?post=90403"},{"taxonomy":"product_brand","embeddable":true,"href":"https:\/\/aral2.cetrexmarketing.com\/ca\/wp-json\/wp\/v2\/product_brand?post=90403"},{"taxonomy":"product_cat","embeddable":true,"href":"https:\/\/aral2.cetrexmarketing.com\/ca\/wp-json\/wp\/v2\/product_cat?post=90403"},{"taxonomy":"product_tag","embeddable":true,"href":"https:\/\/aral2.cetrexmarketing.com\/ca\/wp-json\/wp\/v2\/product_tag?post=90403"}],"curies":[{"name":"wp","href":"https:\/\/api.w.org\/{rel}","templated":true}]}}