{"id":90127,"date":"2025-05-25T07:36:50","date_gmt":"2025-05-25T07:36:50","guid":{"rendered":"https:\/\/aral2.cetrexmarketing.com\/producto\/the-gild-blended-scotch-whisky\/"},"modified":"2025-05-27T07:03:28","modified_gmt":"2025-05-27T07:03:28","slug":"the-gild-blended-scotch-whisky","status":"publish","type":"product","link":"https:\/\/aral2.cetrexmarketing.com\/ca\/producto\/the-gild-blended-scotch-whisky\/","title":{"rendered":"The Gild Blended Scotch Whisky"},"content":{"rendered":"<p>The Gild Blended Scotch Whisky \u00e9s una mescla d&#8217;alta qualitat, coneguda pel seu equilibri i suavitat. Procedent d&#8217;Esc\u00f2cia, aquest whisky combina una selecci\u00f3 de maltes i grans, oferint notes de fruites fresques, esp\u00e8cies subtils i un toc de fusta. El seu perfil refinat el fa ideal per gaudir sol, amb gel o en c\u00f2ctels cl\u00e0ssics. Perfecte per a qui busca una experi\u00e8ncia de whisky elegant i vers\u00e0til.<\/p>\n","protected":false},"excerpt":{"rendered":"<p>The Gild Blended Scotch Whisky \u00e9s una mescla d&#8217;alta qualitat, coneguda pel seu equilibri i suavitat. Procedent d&#8217;Esc\u00f2cia, aquest whisky combina una selecci\u00f3 de maltes i grans, oferint notes de fruites fresques, esp\u00e8cies subtils i un toc de fusta. El seu perfil refinat el fa ideal per gaudir sol, amb gel o en c\u00f2ctels cl\u00e0ssics.&hellip;<\/p>\n","protected":false},"featured_media":90060,"comment_status":"closed","ping_status":"closed","template":"","meta":{"_acf_changed":false},"pwb-brand":[],"product_brand":[],"product_cat":[51733,51692,51722,51723],"product_tag":[17028,17135,17134,17029,17136,15261],"class_list":{"0":"post-90127","1":"product","2":"type-product","3":"status-publish","4":"has-post-thumbnail","6":"product_cat-blended-scotch-whisky-whisky-escocia-whisky-destillats","7":"product_cat-destillats","8":"product_cat-whisky-destillats","9":"product_cat-whisky-escocia-whisky-destillats","10":"product_tag-blended-scotch-whisky-ca","11":"product_tag-gild-ca","12":"product_tag-london-ca","13":"product_tag-scotland-ca","14":"product_tag-the-gild-ca","15":"product_tag-whisky-ca","16":"pa_firmacomercial-luckyspirits","17":"pa_formatoenl-36167","18":"pa_formatoenml-38307","19":"pa_graduacion-40_0","20":"pa_pais-escocia-ca-2","21":"pa_pesoengramos-38337","22":"pa_pesoenkg-125-ca","23":"pa_tipodewhisky-scotchwhiskyblend-ca","24":"entry","25":"has-media","27":"first","28":"instock","29":"taxable","30":"shipping-taxable","31":"purchasable","32":"product-type-simple"},"acf":[],"yoast_head":"<!-- This site is optimized with the Yoast SEO Premium plugin v23.1 (Yoast SEO v23.5) - https:\/\/yoast.com\/wordpress\/plugins\/seo\/ -->\n<title>The Gild Blended Scotch Whisky<\/title>\n<meta name=\"description\" content=\"Comprar online al millor preu whisky The Gild (Esc\u00f2cia). Descompte per caixa. Ofertes. Web segura i r\u00e0pida. Licoreria. Destil\u00b7lat. Begudes. Viniteca.\" \/>\n<meta name=\"robots\" content=\"noindex, follow, max-snippet:-1, max-image-preview:large, max-video-preview:-1\" \/>\n<meta property=\"og:locale\" content=\"ca_ES\" \/>\n<meta property=\"og:type\" content=\"article\" \/>\n<meta property=\"og:title\" content=\"The Gild Blended Scotch Whisky\" \/>\n<meta property=\"og:description\" content=\"Comprar online al millor preu whisky The Gild (Esc\u00f2cia). Descompte per caixa. Ofertes. Web segura i r\u00e0pida. Licoreria. Destil\u00b7lat. Begudes. Viniteca.\" \/>\n<meta property=\"og:url\" content=\"https:\/\/aral2.cetrexmarketing.com\/ca\/producto\/the-gild-blended-scotch-whisky\/\" \/>\n<meta property=\"og:site_name\" content=\"M\u00f3n La Cata\" \/>\n<meta property=\"article:modified_time\" content=\"2025-05-27T07:03:28+00:00\" \/>\n<meta property=\"og:image\" content=\"https:\/\/aral2.cetrexmarketing.com\/wp-content\/uploads\/2025\/05\/THE-GILD-BLENDED-SCOTCH-WHISKY.jpg.png\" \/>\n\t<meta property=\"og:image:width\" content=\"765\" \/>\n\t<meta property=\"og:image:height\" content=\"1024\" \/>\n\t<meta property=\"og:image:type\" content=\"image\/png\" \/>\n<meta name=\"twitter:card\" content=\"summary_large_image\" \/>\n<meta name=\"twitter:label1\" content=\"Temps estimat de lectura\" \/>\n\t<meta name=\"twitter:data1\" content=\"1 minut\" \/>\n<script type=\"application\/ld+json\" class=\"yoast-schema-graph\">{\"@context\":\"https:\/\/schema.org\",\"@graph\":[{\"@type\":\"WebPage\",\"@id\":\"https:\/\/aral2.cetrexmarketing.com\/ca\/producto\/the-gild-blended-scotch-whisky\/\",\"url\":\"https:\/\/aral2.cetrexmarketing.com\/ca\/producto\/the-gild-blended-scotch-whisky\/\",\"name\":\"The Gild Blended Scotch Whisky\",\"isPartOf\":{\"@id\":\"https:\/\/aral2.cetrexmarketing.com\/#website\"},\"primaryImageOfPage\":{\"@id\":\"https:\/\/aral2.cetrexmarketing.com\/ca\/producto\/the-gild-blended-scotch-whisky\/#primaryimage\"},\"image\":{\"@id\":\"https:\/\/aral2.cetrexmarketing.com\/ca\/producto\/the-gild-blended-scotch-whisky\/#primaryimage\"},\"thumbnailUrl\":\"https:\/\/aral2.cetrexmarketing.com\/wp-content\/uploads\/2025\/05\/THE-GILD-BLENDED-SCOTCH-WHISKY.jpg.png\",\"datePublished\":\"2025-05-25T07:36:50+00:00\",\"dateModified\":\"2025-05-27T07:03:28+00:00\",\"description\":\"Comprar online al millor preu whisky The Gild (Esc\u00f2cia). Descompte per caixa. Ofertes. Web segura i r\u00e0pida. Licoreria. Destil\u00b7lat. Begudes. Viniteca.\",\"breadcrumb\":{\"@id\":\"https:\/\/aral2.cetrexmarketing.com\/ca\/producto\/the-gild-blended-scotch-whisky\/#breadcrumb\"},\"inLanguage\":\"ca\",\"potentialAction\":[{\"@type\":\"ReadAction\",\"target\":[\"https:\/\/aral2.cetrexmarketing.com\/ca\/producto\/the-gild-blended-scotch-whisky\/\"]}]},{\"@type\":\"ImageObject\",\"inLanguage\":\"ca\",\"@id\":\"https:\/\/aral2.cetrexmarketing.com\/ca\/producto\/the-gild-blended-scotch-whisky\/#primaryimage\",\"url\":\"https:\/\/aral2.cetrexmarketing.com\/wp-content\/uploads\/2025\/05\/THE-GILD-BLENDED-SCOTCH-WHISKY.jpg.png\",\"contentUrl\":\"https:\/\/aral2.cetrexmarketing.com\/wp-content\/uploads\/2025\/05\/THE-GILD-BLENDED-SCOTCH-WHISKY.jpg.png\",\"width\":765,\"height\":1024},{\"@type\":\"BreadcrumbList\",\"@id\":\"https:\/\/aral2.cetrexmarketing.com\/ca\/producto\/the-gild-blended-scotch-whisky\/#breadcrumb\",\"itemListElement\":[{\"@type\":\"ListItem\",\"position\":1,\"name\":\"Home\",\"item\":\"https:\/\/aral2.cetrexmarketing.com\/ca\/\"},{\"@type\":\"ListItem\",\"position\":2,\"name\":\"Tienda\",\"item\":\"https:\/\/aral2.cetrexmarketing.com\/ca\/tienda-2\/\"},{\"@type\":\"ListItem\",\"position\":3,\"name\":\"Destil\u00b7lats\",\"item\":\"https:\/\/aral2.cetrexmarketing.com\/categoria-producto\/home-ca\/destil-lats-ca\/\"},{\"@type\":\"ListItem\",\"position\":4,\"name\":\"Whisky\",\"item\":\"https:\/\/aral2.cetrexmarketing.com\/ca\/categoria-producto\/destil-lats-ca\/whisky-ca\/\"},{\"@type\":\"ListItem\",\"position\":5,\"name\":\"Whisky Escocia\",\"item\":\"https:\/\/aral2.cetrexmarketing.com\/categoria-producto\/inicio\/destilados\/whisky\/whisky-escocia\/\"},{\"@type\":\"ListItem\",\"position\":6,\"name\":\"The Gild Blended Scotch Whisky\"}]},{\"@type\":\"WebSite\",\"@id\":\"https:\/\/aral2.cetrexmarketing.com\/#website\",\"url\":\"https:\/\/aral2.cetrexmarketing.com\/\",\"name\":\"M\u00f3n La Cata\",\"description\":\"Tienda de vinos, licores, cervezas y gourmet\",\"publisher\":{\"@id\":\"https:\/\/aral2.cetrexmarketing.com\/#organization\"},\"potentialAction\":[{\"@type\":\"SearchAction\",\"target\":{\"@type\":\"EntryPoint\",\"urlTemplate\":\"https:\/\/aral2.cetrexmarketing.com\/?s={search_term_string}\"},\"query-input\":{\"@type\":\"PropertyValueSpecification\",\"valueRequired\":true,\"valueName\":\"search_term_string\"}}],\"inLanguage\":\"ca\"},{\"@type\":\"Organization\",\"@id\":\"https:\/\/aral2.cetrexmarketing.com\/#organization\",\"name\":\"M\u00f3n La Cata\",\"url\":\"https:\/\/aral2.cetrexmarketing.com\/\",\"logo\":{\"@type\":\"ImageObject\",\"inLanguage\":\"ca\",\"@id\":\"https:\/\/aral2.cetrexmarketing.com\/#\/schema\/logo\/image\/\",\"url\":\"https:\/\/aral2.cetrexmarketing.com\/wp-content\/uploads\/2024\/10\/aral-logo-neg-1024x409-1.png\",\"contentUrl\":\"https:\/\/aral2.cetrexmarketing.com\/wp-content\/uploads\/2024\/10\/aral-logo-neg-1024x409-1.png\",\"width\":1024,\"height\":409,\"caption\":\"M\u00f3n La Cata\"},\"image\":{\"@id\":\"https:\/\/aral2.cetrexmarketing.com\/#\/schema\/logo\/image\/\"}}]}<\/script>\n<!-- \/ Yoast SEO Premium plugin. -->","yoast_head_json":{"title":"The Gild Blended Scotch Whisky","description":"Comprar online al millor preu whisky The Gild (Esc\u00f2cia). Descompte per caixa. Ofertes. Web segura i r\u00e0pida. Licoreria. Destil\u00b7lat. Begudes. Viniteca.","robots":{"index":"noindex","follow":"follow","max-snippet":"max-snippet:-1","max-image-preview":"max-image-preview:large","max-video-preview":"max-video-preview:-1"},"og_locale":"ca_ES","og_type":"article","og_title":"The Gild Blended Scotch Whisky","og_description":"Comprar online al millor preu whisky The Gild (Esc\u00f2cia). Descompte per caixa. Ofertes. Web segura i r\u00e0pida. Licoreria. Destil\u00b7lat. Begudes. Viniteca.","og_url":"https:\/\/aral2.cetrexmarketing.com\/ca\/producto\/the-gild-blended-scotch-whisky\/","og_site_name":"M\u00f3n La Cata","article_modified_time":"2025-05-27T07:03:28+00:00","og_image":[{"width":765,"height":1024,"url":"https:\/\/aral2.cetrexmarketing.com\/wp-content\/uploads\/2025\/05\/THE-GILD-BLENDED-SCOTCH-WHISKY.jpg.png","type":"image\/png"}],"twitter_card":"summary_large_image","twitter_misc":{"Temps estimat de lectura":"1 minut"},"schema":{"@context":"https:\/\/schema.org","@graph":[{"@type":"WebPage","@id":"https:\/\/aral2.cetrexmarketing.com\/ca\/producto\/the-gild-blended-scotch-whisky\/","url":"https:\/\/aral2.cetrexmarketing.com\/ca\/producto\/the-gild-blended-scotch-whisky\/","name":"The Gild Blended Scotch Whisky","isPartOf":{"@id":"https:\/\/aral2.cetrexmarketing.com\/#website"},"primaryImageOfPage":{"@id":"https:\/\/aral2.cetrexmarketing.com\/ca\/producto\/the-gild-blended-scotch-whisky\/#primaryimage"},"image":{"@id":"https:\/\/aral2.cetrexmarketing.com\/ca\/producto\/the-gild-blended-scotch-whisky\/#primaryimage"},"thumbnailUrl":"https:\/\/aral2.cetrexmarketing.com\/wp-content\/uploads\/2025\/05\/THE-GILD-BLENDED-SCOTCH-WHISKY.jpg.png","datePublished":"2025-05-25T07:36:50+00:00","dateModified":"2025-05-27T07:03:28+00:00","description":"Comprar online al millor preu whisky The Gild (Esc\u00f2cia). Descompte per caixa. Ofertes. Web segura i r\u00e0pida. Licoreria. Destil\u00b7lat. Begudes. Viniteca.","breadcrumb":{"@id":"https:\/\/aral2.cetrexmarketing.com\/ca\/producto\/the-gild-blended-scotch-whisky\/#breadcrumb"},"inLanguage":"ca","potentialAction":[{"@type":"ReadAction","target":["https:\/\/aral2.cetrexmarketing.com\/ca\/producto\/the-gild-blended-scotch-whisky\/"]}]},{"@type":"ImageObject","inLanguage":"ca","@id":"https:\/\/aral2.cetrexmarketing.com\/ca\/producto\/the-gild-blended-scotch-whisky\/#primaryimage","url":"https:\/\/aral2.cetrexmarketing.com\/wp-content\/uploads\/2025\/05\/THE-GILD-BLENDED-SCOTCH-WHISKY.jpg.png","contentUrl":"https:\/\/aral2.cetrexmarketing.com\/wp-content\/uploads\/2025\/05\/THE-GILD-BLENDED-SCOTCH-WHISKY.jpg.png","width":765,"height":1024},{"@type":"BreadcrumbList","@id":"https:\/\/aral2.cetrexmarketing.com\/ca\/producto\/the-gild-blended-scotch-whisky\/#breadcrumb","itemListElement":[{"@type":"ListItem","position":1,"name":"Home","item":"https:\/\/aral2.cetrexmarketing.com\/ca\/"},{"@type":"ListItem","position":2,"name":"Tienda","item":"https:\/\/aral2.cetrexmarketing.com\/ca\/tienda-2\/"},{"@type":"ListItem","position":3,"name":"Destil\u00b7lats","item":"https:\/\/aral2.cetrexmarketing.com\/categoria-producto\/home-ca\/destil-lats-ca\/"},{"@type":"ListItem","position":4,"name":"Whisky","item":"https:\/\/aral2.cetrexmarketing.com\/ca\/categoria-producto\/destil-lats-ca\/whisky-ca\/"},{"@type":"ListItem","position":5,"name":"Whisky Escocia","item":"https:\/\/aral2.cetrexmarketing.com\/categoria-producto\/inicio\/destilados\/whisky\/whisky-escocia\/"},{"@type":"ListItem","position":6,"name":"The Gild Blended Scotch Whisky"}]},{"@type":"WebSite","@id":"https:\/\/aral2.cetrexmarketing.com\/#website","url":"https:\/\/aral2.cetrexmarketing.com\/","name":"M\u00f3n La Cata","description":"Tienda de vinos, licores, cervezas y gourmet","publisher":{"@id":"https:\/\/aral2.cetrexmarketing.com\/#organization"},"potentialAction":[{"@type":"SearchAction","target":{"@type":"EntryPoint","urlTemplate":"https:\/\/aral2.cetrexmarketing.com\/?s={search_term_string}"},"query-input":{"@type":"PropertyValueSpecification","valueRequired":true,"valueName":"search_term_string"}}],"inLanguage":"ca"},{"@type":"Organization","@id":"https:\/\/aral2.cetrexmarketing.com\/#organization","name":"M\u00f3n La Cata","url":"https:\/\/aral2.cetrexmarketing.com\/","logo":{"@type":"ImageObject","inLanguage":"ca","@id":"https:\/\/aral2.cetrexmarketing.com\/#\/schema\/logo\/image\/","url":"https:\/\/aral2.cetrexmarketing.com\/wp-content\/uploads\/2024\/10\/aral-logo-neg-1024x409-1.png","contentUrl":"https:\/\/aral2.cetrexmarketing.com\/wp-content\/uploads\/2024\/10\/aral-logo-neg-1024x409-1.png","width":1024,"height":409,"caption":"M\u00f3n La Cata"},"image":{"@id":"https:\/\/aral2.cetrexmarketing.com\/#\/schema\/logo\/image\/"}}]}},"brands":[],"_links":{"self":[{"href":"https:\/\/aral2.cetrexmarketing.com\/ca\/wp-json\/wp\/v2\/product\/90127","targetHints":{"allow":["GET"]}}],"collection":[{"href":"https:\/\/aral2.cetrexmarketing.com\/ca\/wp-json\/wp\/v2\/product"}],"about":[{"href":"https:\/\/aral2.cetrexmarketing.com\/ca\/wp-json\/wp\/v2\/types\/product"}],"replies":[{"embeddable":true,"href":"https:\/\/aral2.cetrexmarketing.com\/ca\/wp-json\/wp\/v2\/comments?post=90127"}],"wp:featuredmedia":[{"embeddable":true,"href":"https:\/\/aral2.cetrexmarketing.com\/ca\/wp-json\/wp\/v2\/media\/90060"}],"wp:attachment":[{"href":"https:\/\/aral2.cetrexmarketing.com\/ca\/wp-json\/wp\/v2\/media?parent=90127"}],"wp:term":[{"taxonomy":"pwb-brand","embeddable":true,"href":"https:\/\/aral2.cetrexmarketing.com\/ca\/wp-json\/wp\/v2\/pwb-brand?post=90127"},{"taxonomy":"product_brand","embeddable":true,"href":"https:\/\/aral2.cetrexmarketing.com\/ca\/wp-json\/wp\/v2\/product_brand?post=90127"},{"taxonomy":"product_cat","embeddable":true,"href":"https:\/\/aral2.cetrexmarketing.com\/ca\/wp-json\/wp\/v2\/product_cat?post=90127"},{"taxonomy":"product_tag","embeddable":true,"href":"https:\/\/aral2.cetrexmarketing.com\/ca\/wp-json\/wp\/v2\/product_tag?post=90127"}],"curies":[{"name":"wp","href":"https:\/\/api.w.org\/{rel}","templated":true}]}}