{"id":90059,"date":"2025-05-25T07:36:44","date_gmt":"2025-05-25T07:36:44","guid":{"rendered":"https:\/\/aral2.cetrexmarketing.com\/producto\/grappa-friulia-bianca-1l\/"},"modified":"2025-05-27T07:03:23","modified_gmt":"2025-05-27T07:03:23","slug":"grappa-friulia-bianca-1l","status":"publish","type":"product","link":"https:\/\/aral2.cetrexmarketing.com\/ca\/producto\/grappa-friulia-bianca-1l\/","title":{"rendered":"Grappa Friulia Bianca 1L"},"content":{"rendered":"<p><strong>Grappa Friulia Bianca 1L<\/strong> \u00e9s una grappa italiana aut\u00e8ntica, destil\u00b7lada a partir d&#8217;una selecci\u00f3 acurada de pells de ra\u00efm blanc de la regi\u00f3 del Fri\u00fcl. Aquesta grappa destaca per la seva puresa i el seu sabor net, amb notes fresques i lleugerament florals que evoquen la frescor del ra\u00efm recent collit. Friulia Bianca \u00e9s suau i ben equilibrada, fent-la ideal per gaudir sola com a digestiu despr\u00e9s dels \u00e0pats. La seva presentaci\u00f3 en ampolla d&#8217;1 litre \u00e9s perfecta per compartir en ocasions especials.<\/p>\n<p>&nbsp;<\/p>\n","protected":false},"excerpt":{"rendered":"<p>Grappa Friulia Bianca 1L \u00e9s una grappa italiana aut\u00e8ntica, destil\u00b7lada a partir d&#8217;una selecci\u00f3 acurada de pells de ra\u00efm blanc de la regi\u00f3 del Fri\u00fcl. Aquesta grappa destaca per la seva puresa i el seu sabor net, amb notes fresques i lleugerament florals que evoquen la frescor del ra\u00efm recent collit. Friulia Bianca \u00e9s suau&hellip;<\/p>\n","protected":false},"featured_media":90056,"comment_status":"closed","ping_status":"closed","template":"","meta":{"_acf_changed":false},"pwb-brand":[],"product_brand":[],"product_cat":[51692,51693],"product_tag":[17125,17126,15441,15101,15214,17128,15856,17129],"class_list":{"0":"post-90059","1":"product","2":"type-product","3":"status-publish","4":"has-post-thumbnail","6":"product_cat-destillats","7":"product_cat-grappa-destillats","8":"product_tag-caffo-ca","9":"product_tag-grappa-bianca-ca","10":"product_tag-grappa-friulana-ca","11":"product_tag-italia-ca","12":"product_tag-licor-ca","13":"product_tag-limbadi-ca","14":"product_tag-online-ca","15":"product_tag-udine-ca","16":"pa_destileria-caffogroup-ca","17":"pa_formatoenl-36160","18":"pa_formatoenml-38308","19":"pa_graduacion-41_0","20":"pa_pais-italia-ca-2","21":"pa_pesoengramos-38354","22":"pa_pesoenkg-14-2","23":"pa_pueblociudad-pasiandipratoudine","24":"entry","25":"has-media","27":"first","28":"outofstock","29":"taxable","30":"shipping-taxable","31":"purchasable","32":"product-type-simple"},"acf":[],"yoast_head":"<!-- This site is optimized with the Yoast SEO Premium plugin v23.1 (Yoast SEO v23.5) - https:\/\/yoast.com\/wordpress\/plugins\/seo\/ -->\n<title>Grappa Fr\u00ed\u00fbl\u00eda Bianca 1L<\/title>\n<meta name=\"description\" content=\"Comprar online al millor preu Grappa Friulia bianca litre (It\u00e0lia). Descompte per caixa. Ofertes. Web r\u00e0pida i segura. Viniteca. Destil\u00b7lats. Licoreria. Begudes\" \/>\n<meta name=\"robots\" content=\"noindex, follow, max-snippet:-1, max-image-preview:large, max-video-preview:-1\" \/>\n<meta property=\"og:locale\" content=\"ca_ES\" \/>\n<meta property=\"og:type\" content=\"article\" \/>\n<meta property=\"og:title\" content=\"Grappa Friulia Bianca 1L\" \/>\n<meta property=\"og:description\" content=\"Comprar online al millor preu Grappa Friulia bianca litre (It\u00e0lia). Descompte per caixa. Ofertes. Web r\u00e0pida i segura. Viniteca. Destil\u00b7lats. Licoreria. Begudes\" \/>\n<meta property=\"og:url\" content=\"https:\/\/aral2.cetrexmarketing.com\/ca\/producto\/grappa-friulia-bianca-1l\/\" \/>\n<meta property=\"og:site_name\" content=\"M\u00f3n La Cata\" \/>\n<meta property=\"article:modified_time\" content=\"2025-05-27T07:03:23+00:00\" \/>\n<meta property=\"og:image\" content=\"https:\/\/aral2.cetrexmarketing.com\/wp-content\/uploads\/2025\/05\/GRAPPA-FRIULIA.jpg.png\" \/>\n\t<meta property=\"og:image:width\" content=\"765\" \/>\n\t<meta property=\"og:image:height\" content=\"1024\" \/>\n\t<meta property=\"og:image:type\" content=\"image\/png\" \/>\n<meta name=\"twitter:card\" content=\"summary_large_image\" \/>\n<meta name=\"twitter:label1\" content=\"Temps estimat de lectura\" \/>\n\t<meta name=\"twitter:data1\" content=\"1 minut\" \/>\n<script type=\"application\/ld+json\" class=\"yoast-schema-graph\">{\"@context\":\"https:\/\/schema.org\",\"@graph\":[{\"@type\":\"WebPage\",\"@id\":\"https:\/\/aral2.cetrexmarketing.com\/ca\/producto\/grappa-friulia-bianca-1l\/\",\"url\":\"https:\/\/aral2.cetrexmarketing.com\/ca\/producto\/grappa-friulia-bianca-1l\/\",\"name\":\"Grappa Fr\u00ed\u00fbl\u00eda Bianca 1L\",\"isPartOf\":{\"@id\":\"https:\/\/aral2.cetrexmarketing.com\/#website\"},\"primaryImageOfPage\":{\"@id\":\"https:\/\/aral2.cetrexmarketing.com\/ca\/producto\/grappa-friulia-bianca-1l\/#primaryimage\"},\"image\":{\"@id\":\"https:\/\/aral2.cetrexmarketing.com\/ca\/producto\/grappa-friulia-bianca-1l\/#primaryimage\"},\"thumbnailUrl\":\"https:\/\/aral2.cetrexmarketing.com\/wp-content\/uploads\/2025\/05\/GRAPPA-FRIULIA.jpg.png\",\"datePublished\":\"2025-05-25T07:36:44+00:00\",\"dateModified\":\"2025-05-27T07:03:23+00:00\",\"description\":\"Comprar online al millor preu Grappa Friulia bianca litre (It\u00e0lia). Descompte per caixa. Ofertes. Web r\u00e0pida i segura. Viniteca. Destil\u00b7lats. Licoreria. Begudes\",\"breadcrumb\":{\"@id\":\"https:\/\/aral2.cetrexmarketing.com\/ca\/producto\/grappa-friulia-bianca-1l\/#breadcrumb\"},\"inLanguage\":\"ca\",\"potentialAction\":[{\"@type\":\"ReadAction\",\"target\":[\"https:\/\/aral2.cetrexmarketing.com\/ca\/producto\/grappa-friulia-bianca-1l\/\"]}]},{\"@type\":\"ImageObject\",\"inLanguage\":\"ca\",\"@id\":\"https:\/\/aral2.cetrexmarketing.com\/ca\/producto\/grappa-friulia-bianca-1l\/#primaryimage\",\"url\":\"https:\/\/aral2.cetrexmarketing.com\/wp-content\/uploads\/2025\/05\/GRAPPA-FRIULIA.jpg.png\",\"contentUrl\":\"https:\/\/aral2.cetrexmarketing.com\/wp-content\/uploads\/2025\/05\/GRAPPA-FRIULIA.jpg.png\",\"width\":765,\"height\":1024},{\"@type\":\"BreadcrumbList\",\"@id\":\"https:\/\/aral2.cetrexmarketing.com\/ca\/producto\/grappa-friulia-bianca-1l\/#breadcrumb\",\"itemListElement\":[{\"@type\":\"ListItem\",\"position\":1,\"name\":\"Home\",\"item\":\"https:\/\/aral2.cetrexmarketing.com\/ca\/\"},{\"@type\":\"ListItem\",\"position\":2,\"name\":\"Tienda\",\"item\":\"https:\/\/aral2.cetrexmarketing.com\/ca\/tienda-2\/\"},{\"@type\":\"ListItem\",\"position\":3,\"name\":\"Destil\u00b7lats\",\"item\":\"https:\/\/aral2.cetrexmarketing.com\/categoria-producto\/home-ca\/destil-lats-ca\/\"},{\"@type\":\"ListItem\",\"position\":4,\"name\":\"Grappa\",\"item\":\"https:\/\/aral2.cetrexmarketing.com\/categoria-producto\/inicio\/destilados\/grappa\/\"},{\"@type\":\"ListItem\",\"position\":5,\"name\":\"Grappa Friulia Bianca 1L\"}]},{\"@type\":\"WebSite\",\"@id\":\"https:\/\/aral2.cetrexmarketing.com\/#website\",\"url\":\"https:\/\/aral2.cetrexmarketing.com\/\",\"name\":\"M\u00f3n La Cata\",\"description\":\"Tienda de vinos, licores, cervezas y gourmet\",\"publisher\":{\"@id\":\"https:\/\/aral2.cetrexmarketing.com\/#organization\"},\"potentialAction\":[{\"@type\":\"SearchAction\",\"target\":{\"@type\":\"EntryPoint\",\"urlTemplate\":\"https:\/\/aral2.cetrexmarketing.com\/?s={search_term_string}\"},\"query-input\":{\"@type\":\"PropertyValueSpecification\",\"valueRequired\":true,\"valueName\":\"search_term_string\"}}],\"inLanguage\":\"ca\"},{\"@type\":\"Organization\",\"@id\":\"https:\/\/aral2.cetrexmarketing.com\/#organization\",\"name\":\"M\u00f3n La Cata\",\"url\":\"https:\/\/aral2.cetrexmarketing.com\/\",\"logo\":{\"@type\":\"ImageObject\",\"inLanguage\":\"ca\",\"@id\":\"https:\/\/aral2.cetrexmarketing.com\/#\/schema\/logo\/image\/\",\"url\":\"https:\/\/aral2.cetrexmarketing.com\/wp-content\/uploads\/2024\/10\/aral-logo-neg-1024x409-1.png\",\"contentUrl\":\"https:\/\/aral2.cetrexmarketing.com\/wp-content\/uploads\/2024\/10\/aral-logo-neg-1024x409-1.png\",\"width\":1024,\"height\":409,\"caption\":\"M\u00f3n La Cata\"},\"image\":{\"@id\":\"https:\/\/aral2.cetrexmarketing.com\/#\/schema\/logo\/image\/\"}}]}<\/script>\n<!-- \/ Yoast SEO Premium plugin. -->","yoast_head_json":{"title":"Grappa Fr\u00ed\u00fbl\u00eda Bianca 1L","description":"Comprar online al millor preu Grappa Friulia bianca litre (It\u00e0lia). Descompte per caixa. Ofertes. Web r\u00e0pida i segura. Viniteca. Destil\u00b7lats. Licoreria. Begudes","robots":{"index":"noindex","follow":"follow","max-snippet":"max-snippet:-1","max-image-preview":"max-image-preview:large","max-video-preview":"max-video-preview:-1"},"og_locale":"ca_ES","og_type":"article","og_title":"Grappa Friulia Bianca 1L","og_description":"Comprar online al millor preu Grappa Friulia bianca litre (It\u00e0lia). Descompte per caixa. Ofertes. Web r\u00e0pida i segura. Viniteca. Destil\u00b7lats. Licoreria. Begudes","og_url":"https:\/\/aral2.cetrexmarketing.com\/ca\/producto\/grappa-friulia-bianca-1l\/","og_site_name":"M\u00f3n La Cata","article_modified_time":"2025-05-27T07:03:23+00:00","og_image":[{"width":765,"height":1024,"url":"https:\/\/aral2.cetrexmarketing.com\/wp-content\/uploads\/2025\/05\/GRAPPA-FRIULIA.jpg.png","type":"image\/png"}],"twitter_card":"summary_large_image","twitter_misc":{"Temps estimat de lectura":"1 minut"},"schema":{"@context":"https:\/\/schema.org","@graph":[{"@type":"WebPage","@id":"https:\/\/aral2.cetrexmarketing.com\/ca\/producto\/grappa-friulia-bianca-1l\/","url":"https:\/\/aral2.cetrexmarketing.com\/ca\/producto\/grappa-friulia-bianca-1l\/","name":"Grappa Fr\u00ed\u00fbl\u00eda Bianca 1L","isPartOf":{"@id":"https:\/\/aral2.cetrexmarketing.com\/#website"},"primaryImageOfPage":{"@id":"https:\/\/aral2.cetrexmarketing.com\/ca\/producto\/grappa-friulia-bianca-1l\/#primaryimage"},"image":{"@id":"https:\/\/aral2.cetrexmarketing.com\/ca\/producto\/grappa-friulia-bianca-1l\/#primaryimage"},"thumbnailUrl":"https:\/\/aral2.cetrexmarketing.com\/wp-content\/uploads\/2025\/05\/GRAPPA-FRIULIA.jpg.png","datePublished":"2025-05-25T07:36:44+00:00","dateModified":"2025-05-27T07:03:23+00:00","description":"Comprar online al millor preu Grappa Friulia bianca litre (It\u00e0lia). Descompte per caixa. Ofertes. Web r\u00e0pida i segura. Viniteca. Destil\u00b7lats. Licoreria. Begudes","breadcrumb":{"@id":"https:\/\/aral2.cetrexmarketing.com\/ca\/producto\/grappa-friulia-bianca-1l\/#breadcrumb"},"inLanguage":"ca","potentialAction":[{"@type":"ReadAction","target":["https:\/\/aral2.cetrexmarketing.com\/ca\/producto\/grappa-friulia-bianca-1l\/"]}]},{"@type":"ImageObject","inLanguage":"ca","@id":"https:\/\/aral2.cetrexmarketing.com\/ca\/producto\/grappa-friulia-bianca-1l\/#primaryimage","url":"https:\/\/aral2.cetrexmarketing.com\/wp-content\/uploads\/2025\/05\/GRAPPA-FRIULIA.jpg.png","contentUrl":"https:\/\/aral2.cetrexmarketing.com\/wp-content\/uploads\/2025\/05\/GRAPPA-FRIULIA.jpg.png","width":765,"height":1024},{"@type":"BreadcrumbList","@id":"https:\/\/aral2.cetrexmarketing.com\/ca\/producto\/grappa-friulia-bianca-1l\/#breadcrumb","itemListElement":[{"@type":"ListItem","position":1,"name":"Home","item":"https:\/\/aral2.cetrexmarketing.com\/ca\/"},{"@type":"ListItem","position":2,"name":"Tienda","item":"https:\/\/aral2.cetrexmarketing.com\/ca\/tienda-2\/"},{"@type":"ListItem","position":3,"name":"Destil\u00b7lats","item":"https:\/\/aral2.cetrexmarketing.com\/categoria-producto\/home-ca\/destil-lats-ca\/"},{"@type":"ListItem","position":4,"name":"Grappa","item":"https:\/\/aral2.cetrexmarketing.com\/categoria-producto\/inicio\/destilados\/grappa\/"},{"@type":"ListItem","position":5,"name":"Grappa Friulia Bianca 1L"}]},{"@type":"WebSite","@id":"https:\/\/aral2.cetrexmarketing.com\/#website","url":"https:\/\/aral2.cetrexmarketing.com\/","name":"M\u00f3n La Cata","description":"Tienda de vinos, licores, cervezas y gourmet","publisher":{"@id":"https:\/\/aral2.cetrexmarketing.com\/#organization"},"potentialAction":[{"@type":"SearchAction","target":{"@type":"EntryPoint","urlTemplate":"https:\/\/aral2.cetrexmarketing.com\/?s={search_term_string}"},"query-input":{"@type":"PropertyValueSpecification","valueRequired":true,"valueName":"search_term_string"}}],"inLanguage":"ca"},{"@type":"Organization","@id":"https:\/\/aral2.cetrexmarketing.com\/#organization","name":"M\u00f3n La Cata","url":"https:\/\/aral2.cetrexmarketing.com\/","logo":{"@type":"ImageObject","inLanguage":"ca","@id":"https:\/\/aral2.cetrexmarketing.com\/#\/schema\/logo\/image\/","url":"https:\/\/aral2.cetrexmarketing.com\/wp-content\/uploads\/2024\/10\/aral-logo-neg-1024x409-1.png","contentUrl":"https:\/\/aral2.cetrexmarketing.com\/wp-content\/uploads\/2024\/10\/aral-logo-neg-1024x409-1.png","width":1024,"height":409,"caption":"M\u00f3n La Cata"},"image":{"@id":"https:\/\/aral2.cetrexmarketing.com\/#\/schema\/logo\/image\/"}}]}},"brands":[],"_links":{"self":[{"href":"https:\/\/aral2.cetrexmarketing.com\/ca\/wp-json\/wp\/v2\/product\/90059","targetHints":{"allow":["GET"]}}],"collection":[{"href":"https:\/\/aral2.cetrexmarketing.com\/ca\/wp-json\/wp\/v2\/product"}],"about":[{"href":"https:\/\/aral2.cetrexmarketing.com\/ca\/wp-json\/wp\/v2\/types\/product"}],"replies":[{"embeddable":true,"href":"https:\/\/aral2.cetrexmarketing.com\/ca\/wp-json\/wp\/v2\/comments?post=90059"}],"wp:featuredmedia":[{"embeddable":true,"href":"https:\/\/aral2.cetrexmarketing.com\/ca\/wp-json\/wp\/v2\/media\/90056"}],"wp:attachment":[{"href":"https:\/\/aral2.cetrexmarketing.com\/ca\/wp-json\/wp\/v2\/media?parent=90059"}],"wp:term":[{"taxonomy":"pwb-brand","embeddable":true,"href":"https:\/\/aral2.cetrexmarketing.com\/ca\/wp-json\/wp\/v2\/pwb-brand?post=90059"},{"taxonomy":"product_brand","embeddable":true,"href":"https:\/\/aral2.cetrexmarketing.com\/ca\/wp-json\/wp\/v2\/product_brand?post=90059"},{"taxonomy":"product_cat","embeddable":true,"href":"https:\/\/aral2.cetrexmarketing.com\/ca\/wp-json\/wp\/v2\/product_cat?post=90059"},{"taxonomy":"product_tag","embeddable":true,"href":"https:\/\/aral2.cetrexmarketing.com\/ca\/wp-json\/wp\/v2\/product_tag?post=90059"}],"curies":[{"name":"wp","href":"https:\/\/api.w.org\/{rel}","templated":true}]}}