{"id":90055,"date":"2025-05-25T07:36:39","date_gmt":"2025-05-25T07:36:39","guid":{"rendered":"https:\/\/aral2.cetrexmarketing.com\/producto\/glen-scotia-campeltown-harbour\/"},"modified":"2025-05-27T07:03:19","modified_gmt":"2025-05-27T07:03:19","slug":"glen-scotia-campeltown-harbour","status":"publish","type":"product","link":"https:\/\/aral2.cetrexmarketing.com\/ca\/producto\/glen-scotia-campeltown-harbour\/","title":{"rendered":"Glen Scotia Campeltown Harbour"},"content":{"rendered":"<p><strong>Glen Scotia Campbeltown Harbour<\/strong> \u00e9s un whisky escoc\u00e8s single malt que captura l&#8217;ess\u00e8ncia mar\u00edtima de la regi\u00f3 de Campbeltown, una de les zones m\u00e9s petites i prestigioses de producci\u00f3 de whisky a Esc\u00f2cia. Aquest whisky presenta un perfil equilibrat amb notes de fruita fresca, vainilla dol\u00e7a i un subtil toc fumat, combinat amb la caracter\u00edstica salinitat costanera. La seva maduraci\u00f3 en b\u00f3tes de roure aporta una profunditat addicional, amb un final suau i llarg que deixa un record persistent de malta i esp\u00e8cies. Glen Scotia Campbeltown Harbour \u00e9s perfecte per aquells que volen experimentar un whisky amb aut\u00e8ntic car\u00e0cter mar\u00edtim.<\/p>\n<p>&nbsp;<\/p>\n","protected":false},"excerpt":{"rendered":"<p>Glen Scotia Campbeltown Harbour \u00e9s un whisky escoc\u00e8s single malt que captura l&#8217;ess\u00e8ncia mar\u00edtima de la regi\u00f3 de Campbeltown, una de les zones m\u00e9s petites i prestigioses de producci\u00f3 de whisky a Esc\u00f2cia. Aquest whisky presenta un perfil equilibrat amb notes de fruita fresca, vainilla dol\u00e7a i un subtil toc fumat, combinat amb la caracter\u00edstica&hellip;<\/p>\n","protected":false},"featured_media":90052,"comment_status":"closed","ping_status":"closed","template":"","meta":{"_acf_changed":false},"pwb-brand":[],"product_brand":[],"product_cat":[51882,51692,51722,51723],"product_tag":[17118,51454,15399,17119,15260,15273,15261],"class_list":{"0":"post-90055","1":"product","2":"type-product","3":"status-publish","4":"has-post-thumbnail","6":"product_cat-campbeltown-single-malt-scotch-whisky-whisky-escocia-whisky-destillats","7":"product_cat-destillats","8":"product_cat-whisky-destillats","9":"product_cat-whisky-escocia-whisky-destillats","10":"product_tag-campeltown-ca","11":"product_tag-escocia-ca","12":"product_tag-harbour-ca","13":"product_tag-mull-of-kintyre-ca","14":"product_tag-scotch-whisky-ca","15":"product_tag-single-malt-ca","16":"product_tag-whisky-ca","17":"pa_destileria-glenscotiadistillery-ca","18":"pa_formatoenl-36167","19":"pa_formatoenml-38307","20":"pa_graduacion-40_0","21":"pa_pais-escocia-ca-2","22":"pa_pesoengramos-38337","23":"pa_pesoenkg-125-ca","24":"pa_region-campbeltown","25":"pa_tipodewhisky-singlemaltscotchwhisky-ca","26":"entry","27":"has-media","29":"first","30":"instock","31":"taxable","32":"shipping-taxable","33":"purchasable","34":"product-type-simple"},"acf":[],"yoast_head":"<!-- This site is optimized with the Yoast SEO Premium plugin v23.1 (Yoast SEO v23.5) - https:\/\/yoast.com\/wordpress\/plugins\/seo\/ -->\n<title>Glen Scotia Campeltown Harbour whisky<\/title>\n<meta name=\"description\" content=\"Comprar online al millor preu whisky Glen Scotia Campeltown Harbour 70cl (Esc\u00f2cia). Descompte per caixa. Ofertes. Web segura i r\u00e0pida. Licoreria. Destil\u00b7lats.\" \/>\n<meta name=\"robots\" content=\"noindex, follow, max-snippet:-1, max-image-preview:large, max-video-preview:-1\" \/>\n<meta property=\"og:locale\" content=\"ca_ES\" \/>\n<meta property=\"og:type\" content=\"article\" \/>\n<meta property=\"og:title\" content=\"Glen Scotia Campeltown Harbour\" \/>\n<meta property=\"og:description\" content=\"Comprar online al millor preu whisky Glen Scotia Campeltown Harbour 70cl (Esc\u00f2cia). Descompte per caixa. Ofertes. Web segura i r\u00e0pida. Licoreria. Destil\u00b7lats.\" \/>\n<meta property=\"og:url\" content=\"https:\/\/aral2.cetrexmarketing.com\/ca\/producto\/glen-scotia-campeltown-harbour\/\" \/>\n<meta property=\"og:site_name\" content=\"M\u00f3n La Cata\" \/>\n<meta property=\"article:modified_time\" content=\"2025-05-27T07:03:19+00:00\" \/>\n<meta property=\"og:image\" content=\"https:\/\/aral2.cetrexmarketing.com\/wp-content\/uploads\/2025\/05\/glen-scotia-campbeltown-harbour.jpg.png\" \/>\n\t<meta property=\"og:image:width\" content=\"765\" \/>\n\t<meta property=\"og:image:height\" content=\"1024\" \/>\n\t<meta property=\"og:image:type\" content=\"image\/png\" \/>\n<meta name=\"twitter:card\" content=\"summary_large_image\" \/>\n<meta name=\"twitter:label1\" content=\"Temps estimat de lectura\" \/>\n\t<meta name=\"twitter:data1\" content=\"1 minut\" \/>\n<script type=\"application\/ld+json\" class=\"yoast-schema-graph\">{\"@context\":\"https:\/\/schema.org\",\"@graph\":[{\"@type\":\"WebPage\",\"@id\":\"https:\/\/aral2.cetrexmarketing.com\/ca\/producto\/glen-scotia-campeltown-harbour\/\",\"url\":\"https:\/\/aral2.cetrexmarketing.com\/ca\/producto\/glen-scotia-campeltown-harbour\/\",\"name\":\"Glen Scotia Campeltown Harbour whisky\",\"isPartOf\":{\"@id\":\"https:\/\/aral2.cetrexmarketing.com\/#website\"},\"primaryImageOfPage\":{\"@id\":\"https:\/\/aral2.cetrexmarketing.com\/ca\/producto\/glen-scotia-campeltown-harbour\/#primaryimage\"},\"image\":{\"@id\":\"https:\/\/aral2.cetrexmarketing.com\/ca\/producto\/glen-scotia-campeltown-harbour\/#primaryimage\"},\"thumbnailUrl\":\"https:\/\/aral2.cetrexmarketing.com\/wp-content\/uploads\/2025\/05\/glen-scotia-campbeltown-harbour.jpg.png\",\"datePublished\":\"2025-05-25T07:36:39+00:00\",\"dateModified\":\"2025-05-27T07:03:19+00:00\",\"description\":\"Comprar online al millor preu whisky Glen Scotia Campeltown Harbour 70cl (Esc\u00f2cia). Descompte per caixa. Ofertes. Web segura i r\u00e0pida. Licoreria. Destil\u00b7lats.\",\"breadcrumb\":{\"@id\":\"https:\/\/aral2.cetrexmarketing.com\/ca\/producto\/glen-scotia-campeltown-harbour\/#breadcrumb\"},\"inLanguage\":\"ca\",\"potentialAction\":[{\"@type\":\"ReadAction\",\"target\":[\"https:\/\/aral2.cetrexmarketing.com\/ca\/producto\/glen-scotia-campeltown-harbour\/\"]}]},{\"@type\":\"ImageObject\",\"inLanguage\":\"ca\",\"@id\":\"https:\/\/aral2.cetrexmarketing.com\/ca\/producto\/glen-scotia-campeltown-harbour\/#primaryimage\",\"url\":\"https:\/\/aral2.cetrexmarketing.com\/wp-content\/uploads\/2025\/05\/glen-scotia-campbeltown-harbour.jpg.png\",\"contentUrl\":\"https:\/\/aral2.cetrexmarketing.com\/wp-content\/uploads\/2025\/05\/glen-scotia-campbeltown-harbour.jpg.png\",\"width\":765,\"height\":1024},{\"@type\":\"BreadcrumbList\",\"@id\":\"https:\/\/aral2.cetrexmarketing.com\/ca\/producto\/glen-scotia-campeltown-harbour\/#breadcrumb\",\"itemListElement\":[{\"@type\":\"ListItem\",\"position\":1,\"name\":\"Home\",\"item\":\"https:\/\/aral2.cetrexmarketing.com\/ca\/\"},{\"@type\":\"ListItem\",\"position\":2,\"name\":\"Tienda\",\"item\":\"https:\/\/aral2.cetrexmarketing.com\/ca\/tienda-2\/\"},{\"@type\":\"ListItem\",\"position\":3,\"name\":\"Destil\u00b7lats\",\"item\":\"https:\/\/aral2.cetrexmarketing.com\/categoria-producto\/home-ca\/destil-lats-ca\/\"},{\"@type\":\"ListItem\",\"position\":4,\"name\":\"Whisky\",\"item\":\"https:\/\/aral2.cetrexmarketing.com\/ca\/categoria-producto\/destil-lats-ca\/whisky-ca\/\"},{\"@type\":\"ListItem\",\"position\":5,\"name\":\"Whisky Esc\u00f2cia\",\"item\":\"https:\/\/aral2.cetrexmarketing.com\/ca\/categoria-producto\/destil-lats-ca\/whisky-ca\/whisky-escocia-ca\/\"},{\"@type\":\"ListItem\",\"position\":6,\"name\":\"Campbeltown Single Malt Scotch Whisky\",\"item\":\"https:\/\/aral2.cetrexmarketing.com\/categoria-producto\/inicio\/destilados\/whisky\/whisky-escocia\/campbeltown-single-malt-scotch-whisky\/\"},{\"@type\":\"ListItem\",\"position\":7,\"name\":\"Glen Scotia Campeltown Harbour\"}]},{\"@type\":\"WebSite\",\"@id\":\"https:\/\/aral2.cetrexmarketing.com\/#website\",\"url\":\"https:\/\/aral2.cetrexmarketing.com\/\",\"name\":\"M\u00f3n La Cata\",\"description\":\"Tienda de vinos, licores, cervezas y gourmet\",\"publisher\":{\"@id\":\"https:\/\/aral2.cetrexmarketing.com\/#organization\"},\"potentialAction\":[{\"@type\":\"SearchAction\",\"target\":{\"@type\":\"EntryPoint\",\"urlTemplate\":\"https:\/\/aral2.cetrexmarketing.com\/?s={search_term_string}\"},\"query-input\":{\"@type\":\"PropertyValueSpecification\",\"valueRequired\":true,\"valueName\":\"search_term_string\"}}],\"inLanguage\":\"ca\"},{\"@type\":\"Organization\",\"@id\":\"https:\/\/aral2.cetrexmarketing.com\/#organization\",\"name\":\"M\u00f3n La Cata\",\"url\":\"https:\/\/aral2.cetrexmarketing.com\/\",\"logo\":{\"@type\":\"ImageObject\",\"inLanguage\":\"ca\",\"@id\":\"https:\/\/aral2.cetrexmarketing.com\/#\/schema\/logo\/image\/\",\"url\":\"https:\/\/aral2.cetrexmarketing.com\/wp-content\/uploads\/2024\/10\/aral-logo-neg-1024x409-1.png\",\"contentUrl\":\"https:\/\/aral2.cetrexmarketing.com\/wp-content\/uploads\/2024\/10\/aral-logo-neg-1024x409-1.png\",\"width\":1024,\"height\":409,\"caption\":\"M\u00f3n La Cata\"},\"image\":{\"@id\":\"https:\/\/aral2.cetrexmarketing.com\/#\/schema\/logo\/image\/\"}}]}<\/script>\n<!-- \/ Yoast SEO Premium plugin. -->","yoast_head_json":{"title":"Glen Scotia Campeltown Harbour whisky","description":"Comprar online al millor preu whisky Glen Scotia Campeltown Harbour 70cl (Esc\u00f2cia). Descompte per caixa. Ofertes. Web segura i r\u00e0pida. Licoreria. Destil\u00b7lats.","robots":{"index":"noindex","follow":"follow","max-snippet":"max-snippet:-1","max-image-preview":"max-image-preview:large","max-video-preview":"max-video-preview:-1"},"og_locale":"ca_ES","og_type":"article","og_title":"Glen Scotia Campeltown Harbour","og_description":"Comprar online al millor preu whisky Glen Scotia Campeltown Harbour 70cl (Esc\u00f2cia). Descompte per caixa. Ofertes. Web segura i r\u00e0pida. Licoreria. Destil\u00b7lats.","og_url":"https:\/\/aral2.cetrexmarketing.com\/ca\/producto\/glen-scotia-campeltown-harbour\/","og_site_name":"M\u00f3n La Cata","article_modified_time":"2025-05-27T07:03:19+00:00","og_image":[{"width":765,"height":1024,"url":"https:\/\/aral2.cetrexmarketing.com\/wp-content\/uploads\/2025\/05\/glen-scotia-campbeltown-harbour.jpg.png","type":"image\/png"}],"twitter_card":"summary_large_image","twitter_misc":{"Temps estimat de lectura":"1 minut"},"schema":{"@context":"https:\/\/schema.org","@graph":[{"@type":"WebPage","@id":"https:\/\/aral2.cetrexmarketing.com\/ca\/producto\/glen-scotia-campeltown-harbour\/","url":"https:\/\/aral2.cetrexmarketing.com\/ca\/producto\/glen-scotia-campeltown-harbour\/","name":"Glen Scotia Campeltown Harbour whisky","isPartOf":{"@id":"https:\/\/aral2.cetrexmarketing.com\/#website"},"primaryImageOfPage":{"@id":"https:\/\/aral2.cetrexmarketing.com\/ca\/producto\/glen-scotia-campeltown-harbour\/#primaryimage"},"image":{"@id":"https:\/\/aral2.cetrexmarketing.com\/ca\/producto\/glen-scotia-campeltown-harbour\/#primaryimage"},"thumbnailUrl":"https:\/\/aral2.cetrexmarketing.com\/wp-content\/uploads\/2025\/05\/glen-scotia-campbeltown-harbour.jpg.png","datePublished":"2025-05-25T07:36:39+00:00","dateModified":"2025-05-27T07:03:19+00:00","description":"Comprar online al millor preu whisky Glen Scotia Campeltown Harbour 70cl (Esc\u00f2cia). Descompte per caixa. Ofertes. Web segura i r\u00e0pida. Licoreria. Destil\u00b7lats.","breadcrumb":{"@id":"https:\/\/aral2.cetrexmarketing.com\/ca\/producto\/glen-scotia-campeltown-harbour\/#breadcrumb"},"inLanguage":"ca","potentialAction":[{"@type":"ReadAction","target":["https:\/\/aral2.cetrexmarketing.com\/ca\/producto\/glen-scotia-campeltown-harbour\/"]}]},{"@type":"ImageObject","inLanguage":"ca","@id":"https:\/\/aral2.cetrexmarketing.com\/ca\/producto\/glen-scotia-campeltown-harbour\/#primaryimage","url":"https:\/\/aral2.cetrexmarketing.com\/wp-content\/uploads\/2025\/05\/glen-scotia-campbeltown-harbour.jpg.png","contentUrl":"https:\/\/aral2.cetrexmarketing.com\/wp-content\/uploads\/2025\/05\/glen-scotia-campbeltown-harbour.jpg.png","width":765,"height":1024},{"@type":"BreadcrumbList","@id":"https:\/\/aral2.cetrexmarketing.com\/ca\/producto\/glen-scotia-campeltown-harbour\/#breadcrumb","itemListElement":[{"@type":"ListItem","position":1,"name":"Home","item":"https:\/\/aral2.cetrexmarketing.com\/ca\/"},{"@type":"ListItem","position":2,"name":"Tienda","item":"https:\/\/aral2.cetrexmarketing.com\/ca\/tienda-2\/"},{"@type":"ListItem","position":3,"name":"Destil\u00b7lats","item":"https:\/\/aral2.cetrexmarketing.com\/categoria-producto\/home-ca\/destil-lats-ca\/"},{"@type":"ListItem","position":4,"name":"Whisky","item":"https:\/\/aral2.cetrexmarketing.com\/ca\/categoria-producto\/destil-lats-ca\/whisky-ca\/"},{"@type":"ListItem","position":5,"name":"Whisky Esc\u00f2cia","item":"https:\/\/aral2.cetrexmarketing.com\/ca\/categoria-producto\/destil-lats-ca\/whisky-ca\/whisky-escocia-ca\/"},{"@type":"ListItem","position":6,"name":"Campbeltown Single Malt Scotch Whisky","item":"https:\/\/aral2.cetrexmarketing.com\/categoria-producto\/inicio\/destilados\/whisky\/whisky-escocia\/campbeltown-single-malt-scotch-whisky\/"},{"@type":"ListItem","position":7,"name":"Glen Scotia Campeltown Harbour"}]},{"@type":"WebSite","@id":"https:\/\/aral2.cetrexmarketing.com\/#website","url":"https:\/\/aral2.cetrexmarketing.com\/","name":"M\u00f3n La Cata","description":"Tienda de vinos, licores, cervezas y gourmet","publisher":{"@id":"https:\/\/aral2.cetrexmarketing.com\/#organization"},"potentialAction":[{"@type":"SearchAction","target":{"@type":"EntryPoint","urlTemplate":"https:\/\/aral2.cetrexmarketing.com\/?s={search_term_string}"},"query-input":{"@type":"PropertyValueSpecification","valueRequired":true,"valueName":"search_term_string"}}],"inLanguage":"ca"},{"@type":"Organization","@id":"https:\/\/aral2.cetrexmarketing.com\/#organization","name":"M\u00f3n La Cata","url":"https:\/\/aral2.cetrexmarketing.com\/","logo":{"@type":"ImageObject","inLanguage":"ca","@id":"https:\/\/aral2.cetrexmarketing.com\/#\/schema\/logo\/image\/","url":"https:\/\/aral2.cetrexmarketing.com\/wp-content\/uploads\/2024\/10\/aral-logo-neg-1024x409-1.png","contentUrl":"https:\/\/aral2.cetrexmarketing.com\/wp-content\/uploads\/2024\/10\/aral-logo-neg-1024x409-1.png","width":1024,"height":409,"caption":"M\u00f3n La Cata"},"image":{"@id":"https:\/\/aral2.cetrexmarketing.com\/#\/schema\/logo\/image\/"}}]}},"brands":[],"_links":{"self":[{"href":"https:\/\/aral2.cetrexmarketing.com\/ca\/wp-json\/wp\/v2\/product\/90055","targetHints":{"allow":["GET"]}}],"collection":[{"href":"https:\/\/aral2.cetrexmarketing.com\/ca\/wp-json\/wp\/v2\/product"}],"about":[{"href":"https:\/\/aral2.cetrexmarketing.com\/ca\/wp-json\/wp\/v2\/types\/product"}],"replies":[{"embeddable":true,"href":"https:\/\/aral2.cetrexmarketing.com\/ca\/wp-json\/wp\/v2\/comments?post=90055"}],"wp:featuredmedia":[{"embeddable":true,"href":"https:\/\/aral2.cetrexmarketing.com\/ca\/wp-json\/wp\/v2\/media\/90052"}],"wp:attachment":[{"href":"https:\/\/aral2.cetrexmarketing.com\/ca\/wp-json\/wp\/v2\/media?parent=90055"}],"wp:term":[{"taxonomy":"pwb-brand","embeddable":true,"href":"https:\/\/aral2.cetrexmarketing.com\/ca\/wp-json\/wp\/v2\/pwb-brand?post=90055"},{"taxonomy":"product_brand","embeddable":true,"href":"https:\/\/aral2.cetrexmarketing.com\/ca\/wp-json\/wp\/v2\/product_brand?post=90055"},{"taxonomy":"product_cat","embeddable":true,"href":"https:\/\/aral2.cetrexmarketing.com\/ca\/wp-json\/wp\/v2\/product_cat?post=90055"},{"taxonomy":"product_tag","embeddable":true,"href":"https:\/\/aral2.cetrexmarketing.com\/ca\/wp-json\/wp\/v2\/product_tag?post=90055"}],"curies":[{"name":"wp","href":"https:\/\/api.w.org\/{rel}","templated":true}]}}