{"id":89917,"date":"2025-05-25T07:34:57","date_gmt":"2025-05-25T07:34:57","guid":{"rendered":"https:\/\/aral2.cetrexmarketing.com\/producto\/flor-de-muga\/"},"modified":"2025-05-27T07:02:59","modified_gmt":"2025-05-27T07:02:59","slug":"flor-de-muga","status":"publish","type":"product","link":"https:\/\/aral2.cetrexmarketing.com\/ca\/producto\/flor-de-muga\/","title":{"rendered":"Flor de Muga"},"content":{"rendered":"<p><strong> muga flor <\/strong><br \/>\n n<br \/>\n n <span style = \"font-weight: 400;\"> d&#8217;un to de color rosa p\u00e0l\u00b7lid i brillant, aquest vi es distingeix per la seva complexitat i profunditat en termes d&#8217;aromes. <\/s\n n\n N <span style = \"font-weight: 400;\" Aquests aromes s\u00f3n caracter\u00edstics de la varietat de ra\u00efm de tinta de Garnacha. A m\u00e9s, es detecta una pinzellada subtil, com la vainilla i la canyella, que prov\u00e9 del proc\u00e9s d\u2019elaboraci\u00f3 i cria en petites barrils de fusta. <\/s\n n\n n <span style = \"font-weight: 400;\"> Al paladar, aquest vi \u00e9s extremadament elegant i equilibrat. <\/s\n n\n n <span style = \"font-weight: 400;\" <\/s\n n\n n <span style = \"font-weight: 400;\"> El final \u00e9s perllongat i refrescant, amb un tan\u00ed suau que li proporciona una estructura, convertint-lo en un vi ideal per acompanyar els \u00e0pats i millorar l&#8217;experi\u00e8ncia gastron\u00f2mica.<\/p>\n","protected":false},"excerpt":{"rendered":"<p><strong> muga flor <\/strong><br \/>\n n<br \/>\n n <span style = \"font-weight: 400;\"> d&#8217;un to de color rosa p\u00e0l\u00b7lid i brillant, aquest vi es distingeix per la seva complexitat i profunditat en termes d&#8217;aromes. <\/s\n n\n N <span style = \"font-weight: 400;\" Aquests aromes s\u00f3n caracter\u00edstics de la varietat de ra\u00efm de tinta de Garnacha. A m\u00e9s, es detecta una pinzellada subtil, com la vainilla i la canyella, que prov\u00e9 del proc\u00e9s d\u2019elaboraci\u00f3 i cria en petites barrils de fusta. <\/s\n n\n n <span style = \"font-weight: 400;\"> Al paladar, aquest vi \u00e9s extremadament elegant i equilibrat. <\/s\n n\n n <span style = \"font-weight: 400;\" <\/s\n n\n n <span style = \"font-weight: 400;\"> El final \u00e9s perllongat i refrescant, amb un tan\u00ed suau que li proporciona una estructura, convertint-lo en un vi ideal per acompanyar els \u00e0pats i millorar l&#8217;experi\u00e8ncia gastron\u00f2mica.<\/p>\n","protected":false},"featured_media":89914,"comment_status":"closed","ping_status":"closed","template":"","meta":{"_acf_changed":false},"pwb-brand":[44995,32907],"product_brand":[],"product_cat":[51670,51682],"product_tag":[17103,14914,16187,16246,14900,52370,38594,38583,52237],"class_list":{"0":"post-89917","1":"product","2":"type-product","3":"status-publish","4":"has-post-thumbnail","6":"pwb-brand-muga","7":"pwb-brand-rioja-d-o","8":"product_cat-vi","9":"product_cat-vi-rosat","10":"product_tag-flor-de-muga-ca","11":"product_tag-haro-ca","12":"product_tag-la-rioja-ca","13":"product_tag-muga-ca","14":"product_tag-rioja-ca","15":"product_tag-rioja-rosado-2","16":"product_tag-rosat","17":"product_tag-vi-rosat","18":"product_tag-vino-de-rioja-rosado-2","19":"pa_anada-36212","20":"pa_bodega-bodegas-muga","21":"pa_do-rioja-d-o-ca-ca","22":"pa_envejecimiento-jove","23":"pa_formatoenml-38306","24":"pa_fresco-rosat-fresc","25":"pa_graduacion-13_5","26":"pa_maridaje-formatge-cremos","27":"pa_maridaje-formatge-curat","28":"pa_maridaje-marisc","29":"pa_maridaje-peix","30":"pa_maridaje-verdures","31":"pa_pais-espanya-ca","32":"pa_tipodevino-vi-tranquil","33":"pa_variedad-principal-garnacha-tinta-ca","34":"entry","35":"has-media","37":"first","38":"instock","39":"taxable","40":"shipping-taxable","41":"purchasable","42":"product-type-simple"},"acf":[],"yoast_head":"<!-- This site is optimized with the Yoast SEO Premium plugin v23.1 (Yoast SEO v23.5) - https:\/\/yoast.com\/wordpress\/plugins\/seo\/ -->\n<title>Flor de Muga rosat<\/title>\n<meta name=\"description\" content=\"Comprar online al millor preu el vi rosat Flor de Muga DOCa Rioja. Descompte per caixa. Ofertes. Web segura i r\u00e0pida. Viniteca. Licoreria. Destil.lats. Begudes.\" \/>\n<meta name=\"robots\" content=\"noindex, follow, max-snippet:-1, max-image-preview:large, max-video-preview:-1\" \/>\n<meta property=\"og:locale\" content=\"ca_ES\" \/>\n<meta property=\"og:type\" content=\"article\" \/>\n<meta property=\"og:title\" content=\"Flor de Muga\" \/>\n<meta property=\"og:description\" content=\"Comprar online al millor preu el vi rosat Flor de Muga DOCa Rioja. Descompte per caixa. Ofertes. Web segura i r\u00e0pida. Viniteca. Licoreria. Destil.lats. Begudes.\" \/>\n<meta property=\"og:url\" content=\"https:\/\/aral2.cetrexmarketing.com\/ca\/producto\/flor-de-muga\/\" \/>\n<meta property=\"og:site_name\" content=\"M\u00f3n La Cata\" \/>\n<meta property=\"article:modified_time\" content=\"2025-05-27T07:02:59+00:00\" \/>\n<meta property=\"og:image\" content=\"https:\/\/aral2.cetrexmarketing.com\/wp-content\/uploads\/2025\/05\/flor-de-muga.png\" \/>\n\t<meta property=\"og:image:width\" content=\"765\" \/>\n\t<meta property=\"og:image:height\" content=\"1024\" \/>\n\t<meta property=\"og:image:type\" content=\"image\/png\" \/>\n<meta name=\"twitter:card\" content=\"summary_large_image\" \/>\n<script type=\"application\/ld+json\" class=\"yoast-schema-graph\">{\"@context\":\"https:\/\/schema.org\",\"@graph\":[{\"@type\":\"WebPage\",\"@id\":\"https:\/\/aral2.cetrexmarketing.com\/ca\/producto\/flor-de-muga\/\",\"url\":\"https:\/\/aral2.cetrexmarketing.com\/ca\/producto\/flor-de-muga\/\",\"name\":\"Flor de Muga rosat\",\"isPartOf\":{\"@id\":\"https:\/\/aral2.cetrexmarketing.com\/#website\"},\"primaryImageOfPage\":{\"@id\":\"https:\/\/aral2.cetrexmarketing.com\/ca\/producto\/flor-de-muga\/#primaryimage\"},\"image\":{\"@id\":\"https:\/\/aral2.cetrexmarketing.com\/ca\/producto\/flor-de-muga\/#primaryimage\"},\"thumbnailUrl\":\"https:\/\/aral2.cetrexmarketing.com\/wp-content\/uploads\/2025\/05\/flor-de-muga.png\",\"datePublished\":\"2025-05-25T07:34:57+00:00\",\"dateModified\":\"2025-05-27T07:02:59+00:00\",\"description\":\"Comprar online al millor preu el vi rosat Flor de Muga DOCa Rioja. Descompte per caixa. Ofertes. Web segura i r\u00e0pida. Viniteca. Licoreria. Destil.lats. Begudes.\",\"breadcrumb\":{\"@id\":\"https:\/\/aral2.cetrexmarketing.com\/ca\/producto\/flor-de-muga\/#breadcrumb\"},\"inLanguage\":\"ca\",\"potentialAction\":[{\"@type\":\"ReadAction\",\"target\":[\"https:\/\/aral2.cetrexmarketing.com\/ca\/producto\/flor-de-muga\/\"]}]},{\"@type\":\"ImageObject\",\"inLanguage\":\"ca\",\"@id\":\"https:\/\/aral2.cetrexmarketing.com\/ca\/producto\/flor-de-muga\/#primaryimage\",\"url\":\"https:\/\/aral2.cetrexmarketing.com\/wp-content\/uploads\/2025\/05\/flor-de-muga.png\",\"contentUrl\":\"https:\/\/aral2.cetrexmarketing.com\/wp-content\/uploads\/2025\/05\/flor-de-muga.png\",\"width\":765,\"height\":1024},{\"@type\":\"BreadcrumbList\",\"@id\":\"https:\/\/aral2.cetrexmarketing.com\/ca\/producto\/flor-de-muga\/#breadcrumb\",\"itemListElement\":[{\"@type\":\"ListItem\",\"position\":1,\"name\":\"Home\",\"item\":\"https:\/\/aral2.cetrexmarketing.com\/ca\/\"},{\"@type\":\"ListItem\",\"position\":2,\"name\":\"Tienda\",\"item\":\"https:\/\/aral2.cetrexmarketing.com\/ca\/tienda-2\/\"},{\"@type\":\"ListItem\",\"position\":3,\"name\":\"Vi\",\"item\":\"https:\/\/aral2.cetrexmarketing.com\/categoria-producto\/vi\/\"},{\"@type\":\"ListItem\",\"position\":4,\"name\":\"Vi Rosat\",\"item\":\"https:\/\/aral2.cetrexmarketing.com\/categoria-producto\/vi\/vi-rosat\/\"},{\"@type\":\"ListItem\",\"position\":5,\"name\":\"Flor de Muga\"}]},{\"@type\":\"WebSite\",\"@id\":\"https:\/\/aral2.cetrexmarketing.com\/#website\",\"url\":\"https:\/\/aral2.cetrexmarketing.com\/\",\"name\":\"M\u00f3n La Cata\",\"description\":\"Tienda de vinos, licores, cervezas y gourmet\",\"publisher\":{\"@id\":\"https:\/\/aral2.cetrexmarketing.com\/#organization\"},\"potentialAction\":[{\"@type\":\"SearchAction\",\"target\":{\"@type\":\"EntryPoint\",\"urlTemplate\":\"https:\/\/aral2.cetrexmarketing.com\/?s={search_term_string}\"},\"query-input\":{\"@type\":\"PropertyValueSpecification\",\"valueRequired\":true,\"valueName\":\"search_term_string\"}}],\"inLanguage\":\"ca\"},{\"@type\":\"Organization\",\"@id\":\"https:\/\/aral2.cetrexmarketing.com\/#organization\",\"name\":\"M\u00f3n La Cata\",\"url\":\"https:\/\/aral2.cetrexmarketing.com\/\",\"logo\":{\"@type\":\"ImageObject\",\"inLanguage\":\"ca\",\"@id\":\"https:\/\/aral2.cetrexmarketing.com\/#\/schema\/logo\/image\/\",\"url\":\"https:\/\/aral2.cetrexmarketing.com\/wp-content\/uploads\/2024\/10\/aral-logo-neg-1024x409-1.png\",\"contentUrl\":\"https:\/\/aral2.cetrexmarketing.com\/wp-content\/uploads\/2024\/10\/aral-logo-neg-1024x409-1.png\",\"width\":1024,\"height\":409,\"caption\":\"M\u00f3n La Cata\"},\"image\":{\"@id\":\"https:\/\/aral2.cetrexmarketing.com\/#\/schema\/logo\/image\/\"}}]}<\/script>\n<!-- \/ Yoast SEO Premium plugin. -->","yoast_head_json":{"title":"Flor de Muga rosat","description":"Comprar online al millor preu el vi rosat Flor de Muga DOCa Rioja. Descompte per caixa. Ofertes. Web segura i r\u00e0pida. Viniteca. Licoreria. Destil.lats. Begudes.","robots":{"index":"noindex","follow":"follow","max-snippet":"max-snippet:-1","max-image-preview":"max-image-preview:large","max-video-preview":"max-video-preview:-1"},"og_locale":"ca_ES","og_type":"article","og_title":"Flor de Muga","og_description":"Comprar online al millor preu el vi rosat Flor de Muga DOCa Rioja. Descompte per caixa. Ofertes. Web segura i r\u00e0pida. Viniteca. Licoreria. Destil.lats. Begudes.","og_url":"https:\/\/aral2.cetrexmarketing.com\/ca\/producto\/flor-de-muga\/","og_site_name":"M\u00f3n La Cata","article_modified_time":"2025-05-27T07:02:59+00:00","og_image":[{"width":765,"height":1024,"url":"https:\/\/aral2.cetrexmarketing.com\/wp-content\/uploads\/2025\/05\/flor-de-muga.png","type":"image\/png"}],"twitter_card":"summary_large_image","schema":{"@context":"https:\/\/schema.org","@graph":[{"@type":"WebPage","@id":"https:\/\/aral2.cetrexmarketing.com\/ca\/producto\/flor-de-muga\/","url":"https:\/\/aral2.cetrexmarketing.com\/ca\/producto\/flor-de-muga\/","name":"Flor de Muga rosat","isPartOf":{"@id":"https:\/\/aral2.cetrexmarketing.com\/#website"},"primaryImageOfPage":{"@id":"https:\/\/aral2.cetrexmarketing.com\/ca\/producto\/flor-de-muga\/#primaryimage"},"image":{"@id":"https:\/\/aral2.cetrexmarketing.com\/ca\/producto\/flor-de-muga\/#primaryimage"},"thumbnailUrl":"https:\/\/aral2.cetrexmarketing.com\/wp-content\/uploads\/2025\/05\/flor-de-muga.png","datePublished":"2025-05-25T07:34:57+00:00","dateModified":"2025-05-27T07:02:59+00:00","description":"Comprar online al millor preu el vi rosat Flor de Muga DOCa Rioja. Descompte per caixa. Ofertes. Web segura i r\u00e0pida. Viniteca. Licoreria. Destil.lats. Begudes.","breadcrumb":{"@id":"https:\/\/aral2.cetrexmarketing.com\/ca\/producto\/flor-de-muga\/#breadcrumb"},"inLanguage":"ca","potentialAction":[{"@type":"ReadAction","target":["https:\/\/aral2.cetrexmarketing.com\/ca\/producto\/flor-de-muga\/"]}]},{"@type":"ImageObject","inLanguage":"ca","@id":"https:\/\/aral2.cetrexmarketing.com\/ca\/producto\/flor-de-muga\/#primaryimage","url":"https:\/\/aral2.cetrexmarketing.com\/wp-content\/uploads\/2025\/05\/flor-de-muga.png","contentUrl":"https:\/\/aral2.cetrexmarketing.com\/wp-content\/uploads\/2025\/05\/flor-de-muga.png","width":765,"height":1024},{"@type":"BreadcrumbList","@id":"https:\/\/aral2.cetrexmarketing.com\/ca\/producto\/flor-de-muga\/#breadcrumb","itemListElement":[{"@type":"ListItem","position":1,"name":"Home","item":"https:\/\/aral2.cetrexmarketing.com\/ca\/"},{"@type":"ListItem","position":2,"name":"Tienda","item":"https:\/\/aral2.cetrexmarketing.com\/ca\/tienda-2\/"},{"@type":"ListItem","position":3,"name":"Vi","item":"https:\/\/aral2.cetrexmarketing.com\/categoria-producto\/vi\/"},{"@type":"ListItem","position":4,"name":"Vi Rosat","item":"https:\/\/aral2.cetrexmarketing.com\/categoria-producto\/vi\/vi-rosat\/"},{"@type":"ListItem","position":5,"name":"Flor de Muga"}]},{"@type":"WebSite","@id":"https:\/\/aral2.cetrexmarketing.com\/#website","url":"https:\/\/aral2.cetrexmarketing.com\/","name":"M\u00f3n La Cata","description":"Tienda de vinos, licores, cervezas y gourmet","publisher":{"@id":"https:\/\/aral2.cetrexmarketing.com\/#organization"},"potentialAction":[{"@type":"SearchAction","target":{"@type":"EntryPoint","urlTemplate":"https:\/\/aral2.cetrexmarketing.com\/?s={search_term_string}"},"query-input":{"@type":"PropertyValueSpecification","valueRequired":true,"valueName":"search_term_string"}}],"inLanguage":"ca"},{"@type":"Organization","@id":"https:\/\/aral2.cetrexmarketing.com\/#organization","name":"M\u00f3n La Cata","url":"https:\/\/aral2.cetrexmarketing.com\/","logo":{"@type":"ImageObject","inLanguage":"ca","@id":"https:\/\/aral2.cetrexmarketing.com\/#\/schema\/logo\/image\/","url":"https:\/\/aral2.cetrexmarketing.com\/wp-content\/uploads\/2024\/10\/aral-logo-neg-1024x409-1.png","contentUrl":"https:\/\/aral2.cetrexmarketing.com\/wp-content\/uploads\/2024\/10\/aral-logo-neg-1024x409-1.png","width":1024,"height":409,"caption":"M\u00f3n La Cata"},"image":{"@id":"https:\/\/aral2.cetrexmarketing.com\/#\/schema\/logo\/image\/"}}]}},"brands":[{"id":44995,"name":"Muga","slug":"muga"},{"id":32907,"name":"Rioja D.O.","slug":"rioja-d-o"}],"_links":{"self":[{"href":"https:\/\/aral2.cetrexmarketing.com\/ca\/wp-json\/wp\/v2\/product\/89917","targetHints":{"allow":["GET"]}}],"collection":[{"href":"https:\/\/aral2.cetrexmarketing.com\/ca\/wp-json\/wp\/v2\/product"}],"about":[{"href":"https:\/\/aral2.cetrexmarketing.com\/ca\/wp-json\/wp\/v2\/types\/product"}],"replies":[{"embeddable":true,"href":"https:\/\/aral2.cetrexmarketing.com\/ca\/wp-json\/wp\/v2\/comments?post=89917"}],"wp:featuredmedia":[{"embeddable":true,"href":"https:\/\/aral2.cetrexmarketing.com\/ca\/wp-json\/wp\/v2\/media\/89914"}],"wp:attachment":[{"href":"https:\/\/aral2.cetrexmarketing.com\/ca\/wp-json\/wp\/v2\/media?parent=89917"}],"wp:term":[{"taxonomy":"pwb-brand","embeddable":true,"href":"https:\/\/aral2.cetrexmarketing.com\/ca\/wp-json\/wp\/v2\/pwb-brand?post=89917"},{"taxonomy":"product_brand","embeddable":true,"href":"https:\/\/aral2.cetrexmarketing.com\/ca\/wp-json\/wp\/v2\/product_brand?post=89917"},{"taxonomy":"product_cat","embeddable":true,"href":"https:\/\/aral2.cetrexmarketing.com\/ca\/wp-json\/wp\/v2\/product_cat?post=89917"},{"taxonomy":"product_tag","embeddable":true,"href":"https:\/\/aral2.cetrexmarketing.com\/ca\/wp-json\/wp\/v2\/product_tag?post=89917"}],"curies":[{"name":"wp","href":"https:\/\/api.w.org\/{rel}","templated":true}]}}