{"id":89601,"date":"2025-05-25T07:22:44","date_gmt":"2025-05-25T07:22:44","guid":{"rendered":"https:\/\/aral2.cetrexmarketing.com\/producto\/nordesia-roxo-1l\/"},"modified":"2025-05-27T07:01:46","modified_gmt":"2025-05-27T07:01:46","slug":"nordesia-roxo-1l","status":"publish","type":"product","link":"https:\/\/aral2.cetrexmarketing.com\/ca\/producto\/nordesia-roxo-1l\/","title":{"rendered":"Nordes\u00eda Roxo 1L"},"content":{"rendered":"<p class=\"\" data-start=\"1303\" data-end=\"1558\">Nordes\u00eda Verm\u00fa Roxo \u00e9s un vermut gallec de car\u00e0cter atl\u00e0ntic, elaborat a A Coru\u00f1a a partir de ra\u00efm Menc\u00eda i una acurada selecci\u00f3 de bot\u00e0nics aut\u00f2ctons. El seu perfil arom\u00e0tic i sabor equilibrat el converteixen en una opci\u00f3 ideal per a aperitius i c\u00f2ctels.<\/p>\n<p class=\"\" data-start=\"1560\" data-end=\"1581\"><strong data-start=\"1560\" data-end=\"1581\">Caracter\u00edstiques:<\/strong><\/p>\n<ul data-start=\"1583\" data-end=\"1751\">\n<li class=\"\" data-start=\"1583\" data-end=\"1623\">\n<p class=\"\" data-start=\"1585\" data-end=\"1623\"><strong data-start=\"1585\" data-end=\"1596\">Origen:<\/strong> A Coru\u00f1a, Gal\u00edcia, Espanya<\/p>\n<\/li>\n<li class=\"\" data-start=\"1624\" data-end=\"1658\">\n<p class=\"\" data-start=\"1626\" data-end=\"1658\"><strong data-start=\"1626\" data-end=\"1636\">Tipus:<\/strong> Vermut vermell (Roxo)<\/p>\n<\/li>\n<li class=\"\" data-start=\"1659\" data-end=\"1682\">\n<p class=\"\" data-start=\"1661\" data-end=\"1682\"><strong data-start=\"1661\" data-end=\"1675\">Ra\u00efm base:<\/strong> Menc\u00eda<\/p>\n<\/li>\n<li class=\"\" data-start=\"1683\" data-end=\"1719\">\n<p class=\"\" data-start=\"1685\" data-end=\"1719\"><strong data-start=\"1685\" data-end=\"1710\">Graduaci\u00f3 alcoh\u00f2lica:<\/strong> 15% vol.<\/p>\n<\/li>\n<li class=\"\" data-start=\"1720\" data-end=\"1751\">\n<p class=\"\" data-start=\"1722\" data-end=\"1751\"><strong data-start=\"1722\" data-end=\"1733\">Format:<\/strong> Ampolla d&#8217;1 litre<\/p>\n<\/li>\n<\/ul>\n<p class=\"\" data-start=\"1753\" data-end=\"1771\"><strong data-start=\"1753\" data-end=\"1771\">Notes de tast:<\/strong><\/p>\n<ul data-start=\"1773\" data-end=\"2082\">\n<li class=\"\" data-start=\"1773\" data-end=\"1838\">\n<p class=\"\" data-start=\"1775\" data-end=\"1838\"><strong data-start=\"1775\" data-end=\"1785\">Vista:<\/strong> Color vermell cirera p\u00e0l\u00b7lid amb reflexos brillants.<\/p>\n<\/li>\n<li class=\"\" data-start=\"1839\" data-end=\"1959\">\n<p class=\"\" data-start=\"1841\" data-end=\"1959\"><strong data-start=\"1841\" data-end=\"1849\">Nas:<\/strong> Aromes intensos de fruites vermelles com cirera, nectarina i poma, acompanyats de notes especiades i florals.<\/p>\n<\/li>\n<li class=\"\" data-start=\"1960\" data-end=\"2082\">\n<p class=\"\" data-start=\"1962\" data-end=\"2082\"><strong data-start=\"1962\" data-end=\"1971\">Boca:<\/strong> Sabor envoltant i vibrant, amb un equilibri entre dol\u00e7or i amargor, i un fons especiat que aporta complexitat.<\/p>\n<\/li>\n<\/ul>\n<p class=\"\" data-start=\"2084\" data-end=\"2108\"><strong data-start=\"2084\" data-end=\"2108\">Maridatge recomanat:<\/strong><\/p>\n<p class=\"\" data-start=\"2110\" data-end=\"2245\">Ideal per acompanyar aperitius, tapes, embotits i formatges curats. Tamb\u00e9 es pot gaudir sol, amb gel i una rodanxa de taronja o olives.<\/p>\n<p class=\"\" data-start=\"2247\" data-end=\"2261\"><strong data-start=\"2247\" data-end=\"2261\">Conclusi\u00f3:<\/strong><\/p>\n<p class=\"\" data-start=\"2263\" data-end=\"2416\">Nordes\u00eda Verm\u00fa Roxo \u00e9s una expressi\u00f3 aut\u00e8ntica del vermut gallec, que combina tradici\u00f3 i innovaci\u00f3 per oferir una experi\u00e8ncia sensorial \u00fanica i vers\u00e0til.<\/p>\n","protected":false},"excerpt":{"rendered":"<p>Nordes\u00eda Verm\u00fa Roxo \u00e9s un vermut gallec de car\u00e0cter atl\u00e0ntic, elaborat a A Coru\u00f1a a partir de ra\u00efm Menc\u00eda i una acurada selecci\u00f3 de bot\u00e0nics aut\u00f2ctons. El seu perfil arom\u00e0tic i sabor equilibrat el converteixen en una opci\u00f3 ideal per a aperitius i c\u00f2ctels. Caracter\u00edstiques: Origen: A Coru\u00f1a, Gal\u00edcia, Espanya Tipus: Vermut vermell (Roxo) Ra\u00efm&hellip;<\/p>\n","protected":false},"featured_media":89598,"comment_status":"closed","ping_status":"closed","template":"","meta":{"_acf_changed":false},"pwb-brand":[],"product_brand":[],"product_cat":[51692,51729],"product_tag":[17041,17040,15240,50570,51730],"class_list":{"0":"post-89601","1":"product","2":"type-product","3":"status-publish","4":"has-post-thumbnail","6":"product_cat-destillats","7":"product_cat-vermut-negre","8":"product_tag-galician-drinks-ca","9":"product_tag-nordesia-ca","10":"product_tag-vermouth-ca","11":"product_tag-vermu-ca","12":"product_tag-vermut-vermell","13":"pa_elaborador-galicianoriginaldrinks-ca","14":"pa_formatoenl-36160","15":"pa_formatoenml-38308","16":"pa_graduacion-15_0","17":"pa_pais-espanya-ca","18":"pa_pesoengramos-38354","19":"pa_pesoenkg-14-2","20":"pa_pueblociudad-vedraacoruna","21":"entry","22":"has-media","24":"first","25":"instock","26":"taxable","27":"shipping-taxable","28":"purchasable","29":"product-type-simple"},"acf":[],"yoast_head":"<!-- This site is optimized with the Yoast SEO Premium plugin v23.1 (Yoast SEO v23.5) - https:\/\/yoast.com\/wordpress\/plugins\/seo\/ -->\n<title>Nordes\u00eda Roxo 1L<\/title>\n<meta name=\"description\" content=\"Comprar online al millor preu el vermut Roxo Nordesia 1L (Galicia) Licoreria. Destil\u00b7lats. Viniteca. Begudes. Alimentaci\u00f3. Gourmet. Descomptes. Ofertes.\" \/>\n<meta name=\"robots\" content=\"noindex, follow, max-snippet:-1, max-image-preview:large, max-video-preview:-1\" \/>\n<meta property=\"og:locale\" content=\"ca_ES\" \/>\n<meta property=\"og:type\" content=\"article\" \/>\n<meta property=\"og:title\" content=\"Nordes\u00eda Roxo 1L\" \/>\n<meta property=\"og:description\" content=\"Comprar online al millor preu el vermut Roxo Nordesia 1L (Galicia) Licoreria. Destil\u00b7lats. Viniteca. Begudes. Alimentaci\u00f3. Gourmet. Descomptes. Ofertes.\" \/>\n<meta property=\"og:url\" content=\"https:\/\/aral2.cetrexmarketing.com\/ca\/producto\/nordesia-roxo-1l\/\" \/>\n<meta property=\"og:site_name\" content=\"M\u00f3n La Cata\" \/>\n<meta property=\"article:modified_time\" content=\"2025-05-27T07:01:46+00:00\" \/>\n<meta property=\"og:image\" content=\"https:\/\/aral2.cetrexmarketing.com\/wp-content\/uploads\/2025\/05\/NORDESIA-ROXO.png\" \/>\n\t<meta property=\"og:image:width\" content=\"765\" \/>\n\t<meta property=\"og:image:height\" content=\"1024\" \/>\n\t<meta property=\"og:image:type\" content=\"image\/png\" \/>\n<meta name=\"twitter:card\" content=\"summary_large_image\" \/>\n<meta name=\"twitter:label1\" content=\"Temps estimat de lectura\" \/>\n\t<meta name=\"twitter:data1\" content=\"2 minuts\" \/>\n<script type=\"application\/ld+json\" class=\"yoast-schema-graph\">{\"@context\":\"https:\/\/schema.org\",\"@graph\":[{\"@type\":\"WebPage\",\"@id\":\"https:\/\/aral2.cetrexmarketing.com\/ca\/producto\/nordesia-roxo-1l\/\",\"url\":\"https:\/\/aral2.cetrexmarketing.com\/ca\/producto\/nordesia-roxo-1l\/\",\"name\":\"Nordes\u00eda Roxo 1L\",\"isPartOf\":{\"@id\":\"https:\/\/aral2.cetrexmarketing.com\/#website\"},\"primaryImageOfPage\":{\"@id\":\"https:\/\/aral2.cetrexmarketing.com\/ca\/producto\/nordesia-roxo-1l\/#primaryimage\"},\"image\":{\"@id\":\"https:\/\/aral2.cetrexmarketing.com\/ca\/producto\/nordesia-roxo-1l\/#primaryimage\"},\"thumbnailUrl\":\"https:\/\/aral2.cetrexmarketing.com\/wp-content\/uploads\/2025\/05\/NORDESIA-ROXO.png\",\"datePublished\":\"2025-05-25T07:22:44+00:00\",\"dateModified\":\"2025-05-27T07:01:46+00:00\",\"description\":\"Comprar online al millor preu el vermut Roxo Nordesia 1L (Galicia) Licoreria. Destil\u00b7lats. Viniteca. Begudes. Alimentaci\u00f3. Gourmet. Descomptes. Ofertes.\",\"breadcrumb\":{\"@id\":\"https:\/\/aral2.cetrexmarketing.com\/ca\/producto\/nordesia-roxo-1l\/#breadcrumb\"},\"inLanguage\":\"ca\",\"potentialAction\":[{\"@type\":\"ReadAction\",\"target\":[\"https:\/\/aral2.cetrexmarketing.com\/ca\/producto\/nordesia-roxo-1l\/\"]}]},{\"@type\":\"ImageObject\",\"inLanguage\":\"ca\",\"@id\":\"https:\/\/aral2.cetrexmarketing.com\/ca\/producto\/nordesia-roxo-1l\/#primaryimage\",\"url\":\"https:\/\/aral2.cetrexmarketing.com\/wp-content\/uploads\/2025\/05\/NORDESIA-ROXO.png\",\"contentUrl\":\"https:\/\/aral2.cetrexmarketing.com\/wp-content\/uploads\/2025\/05\/NORDESIA-ROXO.png\",\"width\":765,\"height\":1024},{\"@type\":\"BreadcrumbList\",\"@id\":\"https:\/\/aral2.cetrexmarketing.com\/ca\/producto\/nordesia-roxo-1l\/#breadcrumb\",\"itemListElement\":[{\"@type\":\"ListItem\",\"position\":1,\"name\":\"Home\",\"item\":\"https:\/\/aral2.cetrexmarketing.com\/ca\/\"},{\"@type\":\"ListItem\",\"position\":2,\"name\":\"Tienda\",\"item\":\"https:\/\/aral2.cetrexmarketing.com\/ca\/tienda-2\/\"},{\"@type\":\"ListItem\",\"position\":3,\"name\":\"Destil\u00b7lats\",\"item\":\"https:\/\/aral2.cetrexmarketing.com\/categoria-producto\/home-ca\/destil-lats-ca\/\"},{\"@type\":\"ListItem\",\"position\":4,\"name\":\"Vermut Rojo\",\"item\":\"https:\/\/aral2.cetrexmarketing.com\/categoria-producto\/inicio\/destilados\/vermut-rojo\/\"},{\"@type\":\"ListItem\",\"position\":5,\"name\":\"Nordes\u00eda Roxo 1L\"}]},{\"@type\":\"WebSite\",\"@id\":\"https:\/\/aral2.cetrexmarketing.com\/#website\",\"url\":\"https:\/\/aral2.cetrexmarketing.com\/\",\"name\":\"M\u00f3n La Cata\",\"description\":\"Tienda de vinos, licores, cervezas y gourmet\",\"publisher\":{\"@id\":\"https:\/\/aral2.cetrexmarketing.com\/#organization\"},\"potentialAction\":[{\"@type\":\"SearchAction\",\"target\":{\"@type\":\"EntryPoint\",\"urlTemplate\":\"https:\/\/aral2.cetrexmarketing.com\/?s={search_term_string}\"},\"query-input\":{\"@type\":\"PropertyValueSpecification\",\"valueRequired\":true,\"valueName\":\"search_term_string\"}}],\"inLanguage\":\"ca\"},{\"@type\":\"Organization\",\"@id\":\"https:\/\/aral2.cetrexmarketing.com\/#organization\",\"name\":\"M\u00f3n La Cata\",\"url\":\"https:\/\/aral2.cetrexmarketing.com\/\",\"logo\":{\"@type\":\"ImageObject\",\"inLanguage\":\"ca\",\"@id\":\"https:\/\/aral2.cetrexmarketing.com\/#\/schema\/logo\/image\/\",\"url\":\"https:\/\/aral2.cetrexmarketing.com\/wp-content\/uploads\/2024\/10\/aral-logo-neg-1024x409-1.png\",\"contentUrl\":\"https:\/\/aral2.cetrexmarketing.com\/wp-content\/uploads\/2024\/10\/aral-logo-neg-1024x409-1.png\",\"width\":1024,\"height\":409,\"caption\":\"M\u00f3n La Cata\"},\"image\":{\"@id\":\"https:\/\/aral2.cetrexmarketing.com\/#\/schema\/logo\/image\/\"}}]}<\/script>\n<!-- \/ Yoast SEO Premium plugin. -->","yoast_head_json":{"title":"Nordes\u00eda Roxo 1L","description":"Comprar online al millor preu el vermut Roxo Nordesia 1L (Galicia) Licoreria. Destil\u00b7lats. Viniteca. Begudes. Alimentaci\u00f3. Gourmet. Descomptes. Ofertes.","robots":{"index":"noindex","follow":"follow","max-snippet":"max-snippet:-1","max-image-preview":"max-image-preview:large","max-video-preview":"max-video-preview:-1"},"og_locale":"ca_ES","og_type":"article","og_title":"Nordes\u00eda Roxo 1L","og_description":"Comprar online al millor preu el vermut Roxo Nordesia 1L (Galicia) Licoreria. Destil\u00b7lats. Viniteca. Begudes. Alimentaci\u00f3. Gourmet. Descomptes. Ofertes.","og_url":"https:\/\/aral2.cetrexmarketing.com\/ca\/producto\/nordesia-roxo-1l\/","og_site_name":"M\u00f3n La Cata","article_modified_time":"2025-05-27T07:01:46+00:00","og_image":[{"width":765,"height":1024,"url":"https:\/\/aral2.cetrexmarketing.com\/wp-content\/uploads\/2025\/05\/NORDESIA-ROXO.png","type":"image\/png"}],"twitter_card":"summary_large_image","twitter_misc":{"Temps estimat de lectura":"2 minuts"},"schema":{"@context":"https:\/\/schema.org","@graph":[{"@type":"WebPage","@id":"https:\/\/aral2.cetrexmarketing.com\/ca\/producto\/nordesia-roxo-1l\/","url":"https:\/\/aral2.cetrexmarketing.com\/ca\/producto\/nordesia-roxo-1l\/","name":"Nordes\u00eda Roxo 1L","isPartOf":{"@id":"https:\/\/aral2.cetrexmarketing.com\/#website"},"primaryImageOfPage":{"@id":"https:\/\/aral2.cetrexmarketing.com\/ca\/producto\/nordesia-roxo-1l\/#primaryimage"},"image":{"@id":"https:\/\/aral2.cetrexmarketing.com\/ca\/producto\/nordesia-roxo-1l\/#primaryimage"},"thumbnailUrl":"https:\/\/aral2.cetrexmarketing.com\/wp-content\/uploads\/2025\/05\/NORDESIA-ROXO.png","datePublished":"2025-05-25T07:22:44+00:00","dateModified":"2025-05-27T07:01:46+00:00","description":"Comprar online al millor preu el vermut Roxo Nordesia 1L (Galicia) Licoreria. Destil\u00b7lats. Viniteca. Begudes. Alimentaci\u00f3. Gourmet. Descomptes. Ofertes.","breadcrumb":{"@id":"https:\/\/aral2.cetrexmarketing.com\/ca\/producto\/nordesia-roxo-1l\/#breadcrumb"},"inLanguage":"ca","potentialAction":[{"@type":"ReadAction","target":["https:\/\/aral2.cetrexmarketing.com\/ca\/producto\/nordesia-roxo-1l\/"]}]},{"@type":"ImageObject","inLanguage":"ca","@id":"https:\/\/aral2.cetrexmarketing.com\/ca\/producto\/nordesia-roxo-1l\/#primaryimage","url":"https:\/\/aral2.cetrexmarketing.com\/wp-content\/uploads\/2025\/05\/NORDESIA-ROXO.png","contentUrl":"https:\/\/aral2.cetrexmarketing.com\/wp-content\/uploads\/2025\/05\/NORDESIA-ROXO.png","width":765,"height":1024},{"@type":"BreadcrumbList","@id":"https:\/\/aral2.cetrexmarketing.com\/ca\/producto\/nordesia-roxo-1l\/#breadcrumb","itemListElement":[{"@type":"ListItem","position":1,"name":"Home","item":"https:\/\/aral2.cetrexmarketing.com\/ca\/"},{"@type":"ListItem","position":2,"name":"Tienda","item":"https:\/\/aral2.cetrexmarketing.com\/ca\/tienda-2\/"},{"@type":"ListItem","position":3,"name":"Destil\u00b7lats","item":"https:\/\/aral2.cetrexmarketing.com\/categoria-producto\/home-ca\/destil-lats-ca\/"},{"@type":"ListItem","position":4,"name":"Vermut Rojo","item":"https:\/\/aral2.cetrexmarketing.com\/categoria-producto\/inicio\/destilados\/vermut-rojo\/"},{"@type":"ListItem","position":5,"name":"Nordes\u00eda Roxo 1L"}]},{"@type":"WebSite","@id":"https:\/\/aral2.cetrexmarketing.com\/#website","url":"https:\/\/aral2.cetrexmarketing.com\/","name":"M\u00f3n La Cata","description":"Tienda de vinos, licores, cervezas y gourmet","publisher":{"@id":"https:\/\/aral2.cetrexmarketing.com\/#organization"},"potentialAction":[{"@type":"SearchAction","target":{"@type":"EntryPoint","urlTemplate":"https:\/\/aral2.cetrexmarketing.com\/?s={search_term_string}"},"query-input":{"@type":"PropertyValueSpecification","valueRequired":true,"valueName":"search_term_string"}}],"inLanguage":"ca"},{"@type":"Organization","@id":"https:\/\/aral2.cetrexmarketing.com\/#organization","name":"M\u00f3n La Cata","url":"https:\/\/aral2.cetrexmarketing.com\/","logo":{"@type":"ImageObject","inLanguage":"ca","@id":"https:\/\/aral2.cetrexmarketing.com\/#\/schema\/logo\/image\/","url":"https:\/\/aral2.cetrexmarketing.com\/wp-content\/uploads\/2024\/10\/aral-logo-neg-1024x409-1.png","contentUrl":"https:\/\/aral2.cetrexmarketing.com\/wp-content\/uploads\/2024\/10\/aral-logo-neg-1024x409-1.png","width":1024,"height":409,"caption":"M\u00f3n La Cata"},"image":{"@id":"https:\/\/aral2.cetrexmarketing.com\/#\/schema\/logo\/image\/"}}]}},"brands":[],"_links":{"self":[{"href":"https:\/\/aral2.cetrexmarketing.com\/ca\/wp-json\/wp\/v2\/product\/89601","targetHints":{"allow":["GET"]}}],"collection":[{"href":"https:\/\/aral2.cetrexmarketing.com\/ca\/wp-json\/wp\/v2\/product"}],"about":[{"href":"https:\/\/aral2.cetrexmarketing.com\/ca\/wp-json\/wp\/v2\/types\/product"}],"replies":[{"embeddable":true,"href":"https:\/\/aral2.cetrexmarketing.com\/ca\/wp-json\/wp\/v2\/comments?post=89601"}],"wp:featuredmedia":[{"embeddable":true,"href":"https:\/\/aral2.cetrexmarketing.com\/ca\/wp-json\/wp\/v2\/media\/89598"}],"wp:attachment":[{"href":"https:\/\/aral2.cetrexmarketing.com\/ca\/wp-json\/wp\/v2\/media?parent=89601"}],"wp:term":[{"taxonomy":"pwb-brand","embeddable":true,"href":"https:\/\/aral2.cetrexmarketing.com\/ca\/wp-json\/wp\/v2\/pwb-brand?post=89601"},{"taxonomy":"product_brand","embeddable":true,"href":"https:\/\/aral2.cetrexmarketing.com\/ca\/wp-json\/wp\/v2\/product_brand?post=89601"},{"taxonomy":"product_cat","embeddable":true,"href":"https:\/\/aral2.cetrexmarketing.com\/ca\/wp-json\/wp\/v2\/product_cat?post=89601"},{"taxonomy":"product_tag","embeddable":true,"href":"https:\/\/aral2.cetrexmarketing.com\/ca\/wp-json\/wp\/v2\/product_tag?post=89601"}],"curies":[{"name":"wp","href":"https:\/\/api.w.org\/{rel}","templated":true}]}}