{"id":89569,"date":"2025-05-25T07:22:01","date_gmt":"2025-05-25T07:22:01","guid":{"rendered":"https:\/\/aral2.cetrexmarketing.com\/producto\/buffalo-trace-whiskey\/"},"modified":"2025-05-27T07:01:29","modified_gmt":"2025-05-27T07:01:29","slug":"buffalo-trace-whiskey","status":"publish","type":"product","link":"https:\/\/aral2.cetrexmarketing.com\/ca\/producto\/buffalo-trace-whiskey\/","title":{"rendered":"Buffalo Trace whiskey"},"content":{"rendered":"<p><strong>Buffalo Trace<\/strong> \u00e9s un whiskey bourbon premium elaborat a la hist\u00f2rica destil\u00b7leria Buffalo Trace a Kentucky, Estats Units. Fundada el 1775, \u00e9s una de les destil\u00b7leries m\u00e9s antigues del pa\u00eds. Aquest bourbon es produeix amb una mescla de blat de moro, s\u00e8gol i ordi maltejat, i s&#8217;envellix en b\u00f3tes de roure americ\u00e0 noves durant almenys vuit anys. Amb un sabor robust i complex, presenta notes de vainilla, caramel i roure, amb un final suau i persistent. Buffalo Trace \u00e9s ideal per gaudir sol o en c\u00f2ctels cl\u00e0ssics, destacant-se per la seva qualitat i llegat.<\/p>\n","protected":false},"excerpt":{"rendered":"<p>Buffalo Trace \u00e9s un whiskey bourbon premium elaborat a la hist\u00f2rica destil\u00b7leria Buffalo Trace a Kentucky, Estats Units. Fundada el 1775, \u00e9s una de les destil\u00b7leries m\u00e9s antigues del pa\u00eds. Aquest bourbon es produeix amb una mescla de blat de moro, s\u00e8gol i ordi maltejat, i s&#8217;envellix en b\u00f3tes de roure americ\u00e0 noves durant almenys&hellip;<\/p>\n","protected":false},"featured_media":89566,"comment_status":"closed","ping_status":"closed","template":"","meta":{"_acf_changed":false},"pwb-brand":[],"product_brand":[],"product_cat":[51692,51722],"product_tag":[17027,15349,15338],"class_list":{"0":"post-89569","1":"product","2":"type-product","3":"status-publish","4":"has-post-thumbnail","6":"product_cat-destillats","7":"product_cat-whisky-destillats","8":"product_tag-buffalo-trace-ca","9":"product_tag-usa-ca","10":"product_tag-whiskey-ca","11":"pa_destileria-buffalotracedistillery-ca","12":"pa_formatoenl-36167","13":"pa_formatoenml-38307","14":"pa_graduacion-40_0","15":"pa_pais-estats-units","16":"pa_pesoengramos-38337","17":"pa_pesoenkg-125-ca","18":"pa_pueblociudad-franklincountyohio","19":"pa_tipodewhisky-bourbonwhiskeyamericano-ca","20":"entry","21":"has-media","23":"first","24":"outofstock","25":"taxable","26":"shipping-taxable","27":"purchasable","28":"product-type-simple"},"acf":[],"yoast_head":"<!-- This site is optimized with the Yoast SEO Premium plugin v23.1 (Yoast SEO v23.5) - https:\/\/yoast.com\/wordpress\/plugins\/seo\/ -->\n<title>Buffalo Trace whiskey<\/title>\n<meta name=\"description\" content=\"Compra online el whiskey Buffalo Trace elaborat a Kentucky (USA). Straight bourbon a bon preu. Li portem a casa en servei r\u00e0pid. Per nom\u00e9s 18,15\u20ac\" \/>\n<meta name=\"robots\" content=\"noindex, follow, max-snippet:-1, max-image-preview:large, max-video-preview:-1\" \/>\n<meta property=\"og:locale\" content=\"ca_ES\" \/>\n<meta property=\"og:type\" content=\"article\" \/>\n<meta property=\"og:title\" content=\"Buffalo Trace whiskey\" \/>\n<meta property=\"og:description\" content=\"Compra online el whiskey Buffalo Trace elaborat a Kentucky (USA). Straight bourbon a bon preu. Li portem a casa en servei r\u00e0pid. Per nom\u00e9s 18,15\u20ac\" \/>\n<meta property=\"og:url\" content=\"https:\/\/aral2.cetrexmarketing.com\/ca\/producto\/buffalo-trace-whiskey\/\" \/>\n<meta property=\"og:site_name\" content=\"M\u00f3n La Cata\" \/>\n<meta property=\"article:modified_time\" content=\"2025-05-27T07:01:29+00:00\" \/>\n<meta property=\"og:image\" content=\"https:\/\/aral2.cetrexmarketing.com\/wp-content\/uploads\/2025\/05\/BUFFALO-TRACE-WHISKEY.jpg.png\" \/>\n\t<meta property=\"og:image:width\" content=\"765\" \/>\n\t<meta property=\"og:image:height\" content=\"1024\" \/>\n\t<meta property=\"og:image:type\" content=\"image\/png\" \/>\n<meta name=\"twitter:card\" content=\"summary_large_image\" \/>\n<meta name=\"twitter:label1\" content=\"Temps estimat de lectura\" \/>\n\t<meta name=\"twitter:data1\" content=\"1 minut\" \/>\n<script type=\"application\/ld+json\" class=\"yoast-schema-graph\">{\"@context\":\"https:\/\/schema.org\",\"@graph\":[{\"@type\":\"WebPage\",\"@id\":\"https:\/\/aral2.cetrexmarketing.com\/ca\/producto\/buffalo-trace-whiskey\/\",\"url\":\"https:\/\/aral2.cetrexmarketing.com\/ca\/producto\/buffalo-trace-whiskey\/\",\"name\":\"Buffalo Trace whiskey\",\"isPartOf\":{\"@id\":\"https:\/\/aral2.cetrexmarketing.com\/#website\"},\"primaryImageOfPage\":{\"@id\":\"https:\/\/aral2.cetrexmarketing.com\/ca\/producto\/buffalo-trace-whiskey\/#primaryimage\"},\"image\":{\"@id\":\"https:\/\/aral2.cetrexmarketing.com\/ca\/producto\/buffalo-trace-whiskey\/#primaryimage\"},\"thumbnailUrl\":\"https:\/\/aral2.cetrexmarketing.com\/wp-content\/uploads\/2025\/05\/BUFFALO-TRACE-WHISKEY.jpg.png\",\"datePublished\":\"2025-05-25T07:22:01+00:00\",\"dateModified\":\"2025-05-27T07:01:29+00:00\",\"description\":\"Compra online el whiskey Buffalo Trace elaborat a Kentucky (USA). Straight bourbon a bon preu. Li portem a casa en servei r\u00e0pid. Per nom\u00e9s 18,15\u20ac\",\"breadcrumb\":{\"@id\":\"https:\/\/aral2.cetrexmarketing.com\/ca\/producto\/buffalo-trace-whiskey\/#breadcrumb\"},\"inLanguage\":\"ca\",\"potentialAction\":[{\"@type\":\"ReadAction\",\"target\":[\"https:\/\/aral2.cetrexmarketing.com\/ca\/producto\/buffalo-trace-whiskey\/\"]}]},{\"@type\":\"ImageObject\",\"inLanguage\":\"ca\",\"@id\":\"https:\/\/aral2.cetrexmarketing.com\/ca\/producto\/buffalo-trace-whiskey\/#primaryimage\",\"url\":\"https:\/\/aral2.cetrexmarketing.com\/wp-content\/uploads\/2025\/05\/BUFFALO-TRACE-WHISKEY.jpg.png\",\"contentUrl\":\"https:\/\/aral2.cetrexmarketing.com\/wp-content\/uploads\/2025\/05\/BUFFALO-TRACE-WHISKEY.jpg.png\",\"width\":765,\"height\":1024},{\"@type\":\"BreadcrumbList\",\"@id\":\"https:\/\/aral2.cetrexmarketing.com\/ca\/producto\/buffalo-trace-whiskey\/#breadcrumb\",\"itemListElement\":[{\"@type\":\"ListItem\",\"position\":1,\"name\":\"Home\",\"item\":\"https:\/\/aral2.cetrexmarketing.com\/ca\/\"},{\"@type\":\"ListItem\",\"position\":2,\"name\":\"Tienda\",\"item\":\"https:\/\/aral2.cetrexmarketing.com\/ca\/tienda-2\/\"},{\"@type\":\"ListItem\",\"position\":3,\"name\":\"Villa Wolf Pinot Noir\",\"item\":\"https:\/\/aral2.cetrexmarketing.com\/etiqueta-producto\/villa-wolf-pinot-noir\/\"},{\"@type\":\"ListItem\",\"position\":4,\"name\":\"Buffalo Trace whiskey\"}]},{\"@type\":\"WebSite\",\"@id\":\"https:\/\/aral2.cetrexmarketing.com\/#website\",\"url\":\"https:\/\/aral2.cetrexmarketing.com\/\",\"name\":\"M\u00f3n La Cata\",\"description\":\"Tienda de vinos, licores, cervezas y gourmet\",\"publisher\":{\"@id\":\"https:\/\/aral2.cetrexmarketing.com\/#organization\"},\"potentialAction\":[{\"@type\":\"SearchAction\",\"target\":{\"@type\":\"EntryPoint\",\"urlTemplate\":\"https:\/\/aral2.cetrexmarketing.com\/?s={search_term_string}\"},\"query-input\":{\"@type\":\"PropertyValueSpecification\",\"valueRequired\":true,\"valueName\":\"search_term_string\"}}],\"inLanguage\":\"ca\"},{\"@type\":\"Organization\",\"@id\":\"https:\/\/aral2.cetrexmarketing.com\/#organization\",\"name\":\"M\u00f3n La Cata\",\"url\":\"https:\/\/aral2.cetrexmarketing.com\/\",\"logo\":{\"@type\":\"ImageObject\",\"inLanguage\":\"ca\",\"@id\":\"https:\/\/aral2.cetrexmarketing.com\/#\/schema\/logo\/image\/\",\"url\":\"https:\/\/aral2.cetrexmarketing.com\/wp-content\/uploads\/2024\/10\/aral-logo-neg-1024x409-1.png\",\"contentUrl\":\"https:\/\/aral2.cetrexmarketing.com\/wp-content\/uploads\/2024\/10\/aral-logo-neg-1024x409-1.png\",\"width\":1024,\"height\":409,\"caption\":\"M\u00f3n La Cata\"},\"image\":{\"@id\":\"https:\/\/aral2.cetrexmarketing.com\/#\/schema\/logo\/image\/\"}}]}<\/script>\n<!-- \/ Yoast SEO Premium plugin. -->","yoast_head_json":{"title":"Buffalo Trace whiskey","description":"Compra online el whiskey Buffalo Trace elaborat a Kentucky (USA). Straight bourbon a bon preu. Li portem a casa en servei r\u00e0pid. Per nom\u00e9s 18,15\u20ac","robots":{"index":"noindex","follow":"follow","max-snippet":"max-snippet:-1","max-image-preview":"max-image-preview:large","max-video-preview":"max-video-preview:-1"},"og_locale":"ca_ES","og_type":"article","og_title":"Buffalo Trace whiskey","og_description":"Compra online el whiskey Buffalo Trace elaborat a Kentucky (USA). Straight bourbon a bon preu. Li portem a casa en servei r\u00e0pid. Per nom\u00e9s 18,15\u20ac","og_url":"https:\/\/aral2.cetrexmarketing.com\/ca\/producto\/buffalo-trace-whiskey\/","og_site_name":"M\u00f3n La Cata","article_modified_time":"2025-05-27T07:01:29+00:00","og_image":[{"width":765,"height":1024,"url":"https:\/\/aral2.cetrexmarketing.com\/wp-content\/uploads\/2025\/05\/BUFFALO-TRACE-WHISKEY.jpg.png","type":"image\/png"}],"twitter_card":"summary_large_image","twitter_misc":{"Temps estimat de lectura":"1 minut"},"schema":{"@context":"https:\/\/schema.org","@graph":[{"@type":"WebPage","@id":"https:\/\/aral2.cetrexmarketing.com\/ca\/producto\/buffalo-trace-whiskey\/","url":"https:\/\/aral2.cetrexmarketing.com\/ca\/producto\/buffalo-trace-whiskey\/","name":"Buffalo Trace whiskey","isPartOf":{"@id":"https:\/\/aral2.cetrexmarketing.com\/#website"},"primaryImageOfPage":{"@id":"https:\/\/aral2.cetrexmarketing.com\/ca\/producto\/buffalo-trace-whiskey\/#primaryimage"},"image":{"@id":"https:\/\/aral2.cetrexmarketing.com\/ca\/producto\/buffalo-trace-whiskey\/#primaryimage"},"thumbnailUrl":"https:\/\/aral2.cetrexmarketing.com\/wp-content\/uploads\/2025\/05\/BUFFALO-TRACE-WHISKEY.jpg.png","datePublished":"2025-05-25T07:22:01+00:00","dateModified":"2025-05-27T07:01:29+00:00","description":"Compra online el whiskey Buffalo Trace elaborat a Kentucky (USA). Straight bourbon a bon preu. Li portem a casa en servei r\u00e0pid. Per nom\u00e9s 18,15\u20ac","breadcrumb":{"@id":"https:\/\/aral2.cetrexmarketing.com\/ca\/producto\/buffalo-trace-whiskey\/#breadcrumb"},"inLanguage":"ca","potentialAction":[{"@type":"ReadAction","target":["https:\/\/aral2.cetrexmarketing.com\/ca\/producto\/buffalo-trace-whiskey\/"]}]},{"@type":"ImageObject","inLanguage":"ca","@id":"https:\/\/aral2.cetrexmarketing.com\/ca\/producto\/buffalo-trace-whiskey\/#primaryimage","url":"https:\/\/aral2.cetrexmarketing.com\/wp-content\/uploads\/2025\/05\/BUFFALO-TRACE-WHISKEY.jpg.png","contentUrl":"https:\/\/aral2.cetrexmarketing.com\/wp-content\/uploads\/2025\/05\/BUFFALO-TRACE-WHISKEY.jpg.png","width":765,"height":1024},{"@type":"BreadcrumbList","@id":"https:\/\/aral2.cetrexmarketing.com\/ca\/producto\/buffalo-trace-whiskey\/#breadcrumb","itemListElement":[{"@type":"ListItem","position":1,"name":"Home","item":"https:\/\/aral2.cetrexmarketing.com\/ca\/"},{"@type":"ListItem","position":2,"name":"Tienda","item":"https:\/\/aral2.cetrexmarketing.com\/ca\/tienda-2\/"},{"@type":"ListItem","position":3,"name":"Villa Wolf Pinot Noir","item":"https:\/\/aral2.cetrexmarketing.com\/etiqueta-producto\/villa-wolf-pinot-noir\/"},{"@type":"ListItem","position":4,"name":"Buffalo Trace whiskey"}]},{"@type":"WebSite","@id":"https:\/\/aral2.cetrexmarketing.com\/#website","url":"https:\/\/aral2.cetrexmarketing.com\/","name":"M\u00f3n La Cata","description":"Tienda de vinos, licores, cervezas y gourmet","publisher":{"@id":"https:\/\/aral2.cetrexmarketing.com\/#organization"},"potentialAction":[{"@type":"SearchAction","target":{"@type":"EntryPoint","urlTemplate":"https:\/\/aral2.cetrexmarketing.com\/?s={search_term_string}"},"query-input":{"@type":"PropertyValueSpecification","valueRequired":true,"valueName":"search_term_string"}}],"inLanguage":"ca"},{"@type":"Organization","@id":"https:\/\/aral2.cetrexmarketing.com\/#organization","name":"M\u00f3n La Cata","url":"https:\/\/aral2.cetrexmarketing.com\/","logo":{"@type":"ImageObject","inLanguage":"ca","@id":"https:\/\/aral2.cetrexmarketing.com\/#\/schema\/logo\/image\/","url":"https:\/\/aral2.cetrexmarketing.com\/wp-content\/uploads\/2024\/10\/aral-logo-neg-1024x409-1.png","contentUrl":"https:\/\/aral2.cetrexmarketing.com\/wp-content\/uploads\/2024\/10\/aral-logo-neg-1024x409-1.png","width":1024,"height":409,"caption":"M\u00f3n La Cata"},"image":{"@id":"https:\/\/aral2.cetrexmarketing.com\/#\/schema\/logo\/image\/"}}]}},"brands":[],"_links":{"self":[{"href":"https:\/\/aral2.cetrexmarketing.com\/ca\/wp-json\/wp\/v2\/product\/89569","targetHints":{"allow":["GET"]}}],"collection":[{"href":"https:\/\/aral2.cetrexmarketing.com\/ca\/wp-json\/wp\/v2\/product"}],"about":[{"href":"https:\/\/aral2.cetrexmarketing.com\/ca\/wp-json\/wp\/v2\/types\/product"}],"replies":[{"embeddable":true,"href":"https:\/\/aral2.cetrexmarketing.com\/ca\/wp-json\/wp\/v2\/comments?post=89569"}],"wp:featuredmedia":[{"embeddable":true,"href":"https:\/\/aral2.cetrexmarketing.com\/ca\/wp-json\/wp\/v2\/media\/89566"}],"wp:attachment":[{"href":"https:\/\/aral2.cetrexmarketing.com\/ca\/wp-json\/wp\/v2\/media?parent=89569"}],"wp:term":[{"taxonomy":"pwb-brand","embeddable":true,"href":"https:\/\/aral2.cetrexmarketing.com\/ca\/wp-json\/wp\/v2\/pwb-brand?post=89569"},{"taxonomy":"product_brand","embeddable":true,"href":"https:\/\/aral2.cetrexmarketing.com\/ca\/wp-json\/wp\/v2\/product_brand?post=89569"},{"taxonomy":"product_cat","embeddable":true,"href":"https:\/\/aral2.cetrexmarketing.com\/ca\/wp-json\/wp\/v2\/product_cat?post=89569"},{"taxonomy":"product_tag","embeddable":true,"href":"https:\/\/aral2.cetrexmarketing.com\/ca\/wp-json\/wp\/v2\/product_tag?post=89569"}],"curies":[{"name":"wp","href":"https:\/\/api.w.org\/{rel}","templated":true}]}}