{"id":89271,"date":"2025-05-25T07:17:55","date_gmt":"2025-05-25T07:17:55","guid":{"rendered":"https:\/\/aral2.cetrexmarketing.com\/producto\/grappa-nonino-chardonnay-in-barriques\/"},"modified":"2025-05-27T06:59:43","modified_gmt":"2025-05-27T06:59:43","slug":"grappa-nonino-chardonnay-in-barriques","status":"publish","type":"product","link":"https:\/\/aral2.cetrexmarketing.com\/ca\/producto\/grappa-nonino-chardonnay-in-barriques\/","title":{"rendered":"Grappa Nonino Chardonnay in barriques"},"content":{"rendered":"<p><strong>Grappa Nonino Chardonnay en barriques<\/strong> \u00e9s una grappa premium elaborada per la reconeguda casa Nonino. Destil\u00b7lada a partir de pells de ra\u00efm Chardonnay, aquesta grappa es madura en barrils de fusta, cosa que li confereix una complexitat addicional. Els barrils aporten notes subtils de vainilla, torrefacci\u00f3 i fusta, complementant les caracter\u00edstiques afruitades i florals del ra\u00efm Chardonnay. El resultat \u00e9s una grappa amb un sabor ric i sofisticat, ideal per gaudir sola com a digestiu o per maridar amb postres elegants. La seva presentaci\u00f3 destaca per la seva sofisticaci\u00f3 i qualitat.<\/p>\n<p>&nbsp;<\/p>\n","protected":false},"excerpt":{"rendered":"<p>Grappa Nonino Chardonnay en barriques \u00e9s una grappa premium elaborada per la reconeguda casa Nonino. Destil\u00b7lada a partir de pells de ra\u00efm Chardonnay, aquesta grappa es madura en barrils de fusta, cosa que li confereix una complexitat addicional. Els barrils aporten notes subtils de vainilla, torrefacci\u00f3 i fusta, complementant les caracter\u00edstiques afruitades i florals del&hellip;<\/p>\n","protected":false},"featured_media":89268,"comment_status":"closed","ping_status":"closed","template":"","meta":{"_acf_changed":false},"pwb-brand":[],"product_brand":[],"product_cat":[51692,51693],"product_tag":[15054,15100,15101,15439],"class_list":{"0":"post-89271","1":"product","2":"type-product","3":"status-publish","4":"has-post-thumbnail","6":"product_cat-destillats","7":"product_cat-grappa-destillats","8":"product_tag-chardonnay-ca","9":"product_tag-grappa-ca","10":"product_tag-italia-ca","11":"product_tag-nonino-ca","12":"pa_destileria-noninodistillatorisrl-ca","13":"pa_formatoenl-36167","14":"pa_formatoenml-38307","15":"pa_graduacion-41_0","16":"pa_pais-italia-ca-2","17":"pa_pesoengramos-38337","18":"pa_pesoenkg-125-ca","19":"pa_pueblociudad-percoto","20":"pa_variedades-chardonnay","21":"entry","22":"has-media","24":"first","25":"onbackorder","26":"taxable","27":"shipping-taxable","28":"purchasable","29":"product-type-simple"},"acf":[],"yoast_head":"<!-- This site is optimized with the Yoast SEO Premium plugin v23.1 (Yoast SEO v23.5) - https:\/\/yoast.com\/wordpress\/plugins\/seo\/ -->\n<title>Grappa Nonino lo chardonnay in barriques 70cl<\/title>\n<meta name=\"description\" content=\"Compra la exclusiva grappa Nonino elaborada a partir de la varietat Chardonnay amb una crian\u00e7a de 12 mesos de bota. Un luxe per als paladars m\u00e9s exigents.\" \/>\n<meta name=\"robots\" content=\"noindex, follow, max-snippet:-1, max-image-preview:large, max-video-preview:-1\" \/>\n<meta property=\"og:locale\" content=\"ca_ES\" \/>\n<meta property=\"og:type\" content=\"article\" \/>\n<meta property=\"og:title\" content=\"Grappa Nonino Chardonnay in barriques\" \/>\n<meta property=\"og:description\" content=\"Compra la exclusiva grappa Nonino elaborada a partir de la varietat Chardonnay amb una crian\u00e7a de 12 mesos de bota. Un luxe per als paladars m\u00e9s exigents.\" \/>\n<meta property=\"og:url\" content=\"https:\/\/aral2.cetrexmarketing.com\/ca\/producto\/grappa-nonino-chardonnay-in-barriques\/\" \/>\n<meta property=\"og:site_name\" content=\"M\u00f3n La Cata\" \/>\n<meta property=\"article:modified_time\" content=\"2025-05-27T06:59:43+00:00\" \/>\n<meta property=\"og:image\" content=\"https:\/\/aral2.cetrexmarketing.com\/wp-content\/uploads\/2025\/05\/GRAPPA-NONINO-CHARDONNAY-IN-BARRIQUES.jpg.png\" \/>\n\t<meta property=\"og:image:width\" content=\"765\" \/>\n\t<meta property=\"og:image:height\" content=\"1024\" \/>\n\t<meta property=\"og:image:type\" content=\"image\/png\" \/>\n<meta name=\"twitter:card\" content=\"summary_large_image\" \/>\n<meta name=\"twitter:label1\" content=\"Temps estimat de lectura\" \/>\n\t<meta name=\"twitter:data1\" content=\"1 minut\" \/>\n<script type=\"application\/ld+json\" class=\"yoast-schema-graph\">{\"@context\":\"https:\/\/schema.org\",\"@graph\":[{\"@type\":\"WebPage\",\"@id\":\"https:\/\/aral2.cetrexmarketing.com\/ca\/producto\/grappa-nonino-chardonnay-in-barriques\/\",\"url\":\"https:\/\/aral2.cetrexmarketing.com\/ca\/producto\/grappa-nonino-chardonnay-in-barriques\/\",\"name\":\"Grappa Nonino lo chardonnay in barriques 70cl\",\"isPartOf\":{\"@id\":\"https:\/\/aral2.cetrexmarketing.com\/#website\"},\"primaryImageOfPage\":{\"@id\":\"https:\/\/aral2.cetrexmarketing.com\/ca\/producto\/grappa-nonino-chardonnay-in-barriques\/#primaryimage\"},\"image\":{\"@id\":\"https:\/\/aral2.cetrexmarketing.com\/ca\/producto\/grappa-nonino-chardonnay-in-barriques\/#primaryimage\"},\"thumbnailUrl\":\"https:\/\/aral2.cetrexmarketing.com\/wp-content\/uploads\/2025\/05\/GRAPPA-NONINO-CHARDONNAY-IN-BARRIQUES.jpg.png\",\"datePublished\":\"2025-05-25T07:17:55+00:00\",\"dateModified\":\"2025-05-27T06:59:43+00:00\",\"description\":\"Compra la exclusiva grappa Nonino elaborada a partir de la varietat Chardonnay amb una crian\u00e7a de 12 mesos de bota. Un luxe per als paladars m\u00e9s exigents.\",\"breadcrumb\":{\"@id\":\"https:\/\/aral2.cetrexmarketing.com\/ca\/producto\/grappa-nonino-chardonnay-in-barriques\/#breadcrumb\"},\"inLanguage\":\"ca\",\"potentialAction\":[{\"@type\":\"ReadAction\",\"target\":[\"https:\/\/aral2.cetrexmarketing.com\/ca\/producto\/grappa-nonino-chardonnay-in-barriques\/\"]}]},{\"@type\":\"ImageObject\",\"inLanguage\":\"ca\",\"@id\":\"https:\/\/aral2.cetrexmarketing.com\/ca\/producto\/grappa-nonino-chardonnay-in-barriques\/#primaryimage\",\"url\":\"https:\/\/aral2.cetrexmarketing.com\/wp-content\/uploads\/2025\/05\/GRAPPA-NONINO-CHARDONNAY-IN-BARRIQUES.jpg.png\",\"contentUrl\":\"https:\/\/aral2.cetrexmarketing.com\/wp-content\/uploads\/2025\/05\/GRAPPA-NONINO-CHARDONNAY-IN-BARRIQUES.jpg.png\",\"width\":765,\"height\":1024},{\"@type\":\"BreadcrumbList\",\"@id\":\"https:\/\/aral2.cetrexmarketing.com\/ca\/producto\/grappa-nonino-chardonnay-in-barriques\/#breadcrumb\",\"itemListElement\":[{\"@type\":\"ListItem\",\"position\":1,\"name\":\"Home\",\"item\":\"https:\/\/aral2.cetrexmarketing.com\/ca\/\"},{\"@type\":\"ListItem\",\"position\":2,\"name\":\"Tienda\",\"item\":\"https:\/\/aral2.cetrexmarketing.com\/ca\/tienda-2\/\"},{\"@type\":\"ListItem\",\"position\":3,\"name\":\"Destil\u00b7lats\",\"item\":\"https:\/\/aral2.cetrexmarketing.com\/categoria-producto\/home-ca\/destil-lats-ca\/\"},{\"@type\":\"ListItem\",\"position\":4,\"name\":\"Grappa\",\"item\":\"https:\/\/aral2.cetrexmarketing.com\/categoria-producto\/inicio\/destilados\/grappa\/\"},{\"@type\":\"ListItem\",\"position\":5,\"name\":\"Grappa Nonino Chardonnay in barriques\"}]},{\"@type\":\"WebSite\",\"@id\":\"https:\/\/aral2.cetrexmarketing.com\/#website\",\"url\":\"https:\/\/aral2.cetrexmarketing.com\/\",\"name\":\"M\u00f3n La Cata\",\"description\":\"Tienda de vinos, licores, cervezas y gourmet\",\"publisher\":{\"@id\":\"https:\/\/aral2.cetrexmarketing.com\/#organization\"},\"potentialAction\":[{\"@type\":\"SearchAction\",\"target\":{\"@type\":\"EntryPoint\",\"urlTemplate\":\"https:\/\/aral2.cetrexmarketing.com\/?s={search_term_string}\"},\"query-input\":{\"@type\":\"PropertyValueSpecification\",\"valueRequired\":true,\"valueName\":\"search_term_string\"}}],\"inLanguage\":\"ca\"},{\"@type\":\"Organization\",\"@id\":\"https:\/\/aral2.cetrexmarketing.com\/#organization\",\"name\":\"M\u00f3n La Cata\",\"url\":\"https:\/\/aral2.cetrexmarketing.com\/\",\"logo\":{\"@type\":\"ImageObject\",\"inLanguage\":\"ca\",\"@id\":\"https:\/\/aral2.cetrexmarketing.com\/#\/schema\/logo\/image\/\",\"url\":\"https:\/\/aral2.cetrexmarketing.com\/wp-content\/uploads\/2024\/10\/aral-logo-neg-1024x409-1.png\",\"contentUrl\":\"https:\/\/aral2.cetrexmarketing.com\/wp-content\/uploads\/2024\/10\/aral-logo-neg-1024x409-1.png\",\"width\":1024,\"height\":409,\"caption\":\"M\u00f3n La Cata\"},\"image\":{\"@id\":\"https:\/\/aral2.cetrexmarketing.com\/#\/schema\/logo\/image\/\"}}]}<\/script>\n<!-- \/ Yoast SEO Premium plugin. -->","yoast_head_json":{"title":"Grappa Nonino lo chardonnay in barriques 70cl","description":"Compra la exclusiva grappa Nonino elaborada a partir de la varietat Chardonnay amb una crian\u00e7a de 12 mesos de bota. Un luxe per als paladars m\u00e9s exigents.","robots":{"index":"noindex","follow":"follow","max-snippet":"max-snippet:-1","max-image-preview":"max-image-preview:large","max-video-preview":"max-video-preview:-1"},"og_locale":"ca_ES","og_type":"article","og_title":"Grappa Nonino Chardonnay in barriques","og_description":"Compra la exclusiva grappa Nonino elaborada a partir de la varietat Chardonnay amb una crian\u00e7a de 12 mesos de bota. Un luxe per als paladars m\u00e9s exigents.","og_url":"https:\/\/aral2.cetrexmarketing.com\/ca\/producto\/grappa-nonino-chardonnay-in-barriques\/","og_site_name":"M\u00f3n La Cata","article_modified_time":"2025-05-27T06:59:43+00:00","og_image":[{"width":765,"height":1024,"url":"https:\/\/aral2.cetrexmarketing.com\/wp-content\/uploads\/2025\/05\/GRAPPA-NONINO-CHARDONNAY-IN-BARRIQUES.jpg.png","type":"image\/png"}],"twitter_card":"summary_large_image","twitter_misc":{"Temps estimat de lectura":"1 minut"},"schema":{"@context":"https:\/\/schema.org","@graph":[{"@type":"WebPage","@id":"https:\/\/aral2.cetrexmarketing.com\/ca\/producto\/grappa-nonino-chardonnay-in-barriques\/","url":"https:\/\/aral2.cetrexmarketing.com\/ca\/producto\/grappa-nonino-chardonnay-in-barriques\/","name":"Grappa Nonino lo chardonnay in barriques 70cl","isPartOf":{"@id":"https:\/\/aral2.cetrexmarketing.com\/#website"},"primaryImageOfPage":{"@id":"https:\/\/aral2.cetrexmarketing.com\/ca\/producto\/grappa-nonino-chardonnay-in-barriques\/#primaryimage"},"image":{"@id":"https:\/\/aral2.cetrexmarketing.com\/ca\/producto\/grappa-nonino-chardonnay-in-barriques\/#primaryimage"},"thumbnailUrl":"https:\/\/aral2.cetrexmarketing.com\/wp-content\/uploads\/2025\/05\/GRAPPA-NONINO-CHARDONNAY-IN-BARRIQUES.jpg.png","datePublished":"2025-05-25T07:17:55+00:00","dateModified":"2025-05-27T06:59:43+00:00","description":"Compra la exclusiva grappa Nonino elaborada a partir de la varietat Chardonnay amb una crian\u00e7a de 12 mesos de bota. Un luxe per als paladars m\u00e9s exigents.","breadcrumb":{"@id":"https:\/\/aral2.cetrexmarketing.com\/ca\/producto\/grappa-nonino-chardonnay-in-barriques\/#breadcrumb"},"inLanguage":"ca","potentialAction":[{"@type":"ReadAction","target":["https:\/\/aral2.cetrexmarketing.com\/ca\/producto\/grappa-nonino-chardonnay-in-barriques\/"]}]},{"@type":"ImageObject","inLanguage":"ca","@id":"https:\/\/aral2.cetrexmarketing.com\/ca\/producto\/grappa-nonino-chardonnay-in-barriques\/#primaryimage","url":"https:\/\/aral2.cetrexmarketing.com\/wp-content\/uploads\/2025\/05\/GRAPPA-NONINO-CHARDONNAY-IN-BARRIQUES.jpg.png","contentUrl":"https:\/\/aral2.cetrexmarketing.com\/wp-content\/uploads\/2025\/05\/GRAPPA-NONINO-CHARDONNAY-IN-BARRIQUES.jpg.png","width":765,"height":1024},{"@type":"BreadcrumbList","@id":"https:\/\/aral2.cetrexmarketing.com\/ca\/producto\/grappa-nonino-chardonnay-in-barriques\/#breadcrumb","itemListElement":[{"@type":"ListItem","position":1,"name":"Home","item":"https:\/\/aral2.cetrexmarketing.com\/ca\/"},{"@type":"ListItem","position":2,"name":"Tienda","item":"https:\/\/aral2.cetrexmarketing.com\/ca\/tienda-2\/"},{"@type":"ListItem","position":3,"name":"Destil\u00b7lats","item":"https:\/\/aral2.cetrexmarketing.com\/categoria-producto\/home-ca\/destil-lats-ca\/"},{"@type":"ListItem","position":4,"name":"Grappa","item":"https:\/\/aral2.cetrexmarketing.com\/categoria-producto\/inicio\/destilados\/grappa\/"},{"@type":"ListItem","position":5,"name":"Grappa Nonino Chardonnay in barriques"}]},{"@type":"WebSite","@id":"https:\/\/aral2.cetrexmarketing.com\/#website","url":"https:\/\/aral2.cetrexmarketing.com\/","name":"M\u00f3n La Cata","description":"Tienda de vinos, licores, cervezas y gourmet","publisher":{"@id":"https:\/\/aral2.cetrexmarketing.com\/#organization"},"potentialAction":[{"@type":"SearchAction","target":{"@type":"EntryPoint","urlTemplate":"https:\/\/aral2.cetrexmarketing.com\/?s={search_term_string}"},"query-input":{"@type":"PropertyValueSpecification","valueRequired":true,"valueName":"search_term_string"}}],"inLanguage":"ca"},{"@type":"Organization","@id":"https:\/\/aral2.cetrexmarketing.com\/#organization","name":"M\u00f3n La Cata","url":"https:\/\/aral2.cetrexmarketing.com\/","logo":{"@type":"ImageObject","inLanguage":"ca","@id":"https:\/\/aral2.cetrexmarketing.com\/#\/schema\/logo\/image\/","url":"https:\/\/aral2.cetrexmarketing.com\/wp-content\/uploads\/2024\/10\/aral-logo-neg-1024x409-1.png","contentUrl":"https:\/\/aral2.cetrexmarketing.com\/wp-content\/uploads\/2024\/10\/aral-logo-neg-1024x409-1.png","width":1024,"height":409,"caption":"M\u00f3n La Cata"},"image":{"@id":"https:\/\/aral2.cetrexmarketing.com\/#\/schema\/logo\/image\/"}}]}},"brands":[],"_links":{"self":[{"href":"https:\/\/aral2.cetrexmarketing.com\/ca\/wp-json\/wp\/v2\/product\/89271","targetHints":{"allow":["GET"]}}],"collection":[{"href":"https:\/\/aral2.cetrexmarketing.com\/ca\/wp-json\/wp\/v2\/product"}],"about":[{"href":"https:\/\/aral2.cetrexmarketing.com\/ca\/wp-json\/wp\/v2\/types\/product"}],"replies":[{"embeddable":true,"href":"https:\/\/aral2.cetrexmarketing.com\/ca\/wp-json\/wp\/v2\/comments?post=89271"}],"wp:featuredmedia":[{"embeddable":true,"href":"https:\/\/aral2.cetrexmarketing.com\/ca\/wp-json\/wp\/v2\/media\/89268"}],"wp:attachment":[{"href":"https:\/\/aral2.cetrexmarketing.com\/ca\/wp-json\/wp\/v2\/media?parent=89271"}],"wp:term":[{"taxonomy":"pwb-brand","embeddable":true,"href":"https:\/\/aral2.cetrexmarketing.com\/ca\/wp-json\/wp\/v2\/pwb-brand?post=89271"},{"taxonomy":"product_brand","embeddable":true,"href":"https:\/\/aral2.cetrexmarketing.com\/ca\/wp-json\/wp\/v2\/product_brand?post=89271"},{"taxonomy":"product_cat","embeddable":true,"href":"https:\/\/aral2.cetrexmarketing.com\/ca\/wp-json\/wp\/v2\/product_cat?post=89271"},{"taxonomy":"product_tag","embeddable":true,"href":"https:\/\/aral2.cetrexmarketing.com\/ca\/wp-json\/wp\/v2\/product_tag?post=89271"}],"curies":[{"name":"wp","href":"https:\/\/api.w.org\/{rel}","templated":true}]}}