{"id":89221,"date":"2025-05-25T07:17:22","date_gmt":"2025-05-25T07:17:22","guid":{"rendered":"https:\/\/aral2.cetrexmarketing.com\/producto\/batlliu-salvavides\/"},"modified":"2025-05-27T06:59:38","modified_gmt":"2025-05-27T06:59:38","slug":"batlliu-salvavides","status":"publish","type":"product","link":"https:\/\/aral2.cetrexmarketing.com\/ca\/producto\/batlliu-salvavides\/","title":{"rendered":"Batlliu Salvavides"},"content":{"rendered":"<p><P Dir = \"LTR\"> Salvavides \u00e9s un digne representant dels costrs de segres, als pallars de la subzona i al Gavet de la Conca Sort Batlliu. Es diu d&#8217;aquesta manera per qu\u00e8 prov\u00e9 d&#8217;una trama que es va &#8220;salvar&#8221; de ser iniciada, que t\u00e9 soques de merlot i tempranillo de fa m\u00e9s de 40 anys <\/p>\n<p dir = \"ltr\"> \u00e9s una multa, Vi fresc, afruitat (m\u00f3res, compota de fruites) i estructurada <\/p>\n","protected":false},"excerpt":{"rendered":"<p dir=\"ltr\"><span>Salvavides \u00e9s un digne representant de la DO Costers del Segre, a la subzona Pallars i de la finca Gavet de la Conca<\/span><\/p>\n<p dir=\"ltr\">\u00c9s el vi solidari del celler Batlliu de Sort. S&#8217;anomena d&#8217;aquesta manera perqu\u00e8 prov\u00e9 d&#8217;una parcel\u00b7la que va ser &#8220;salvada&#8221; de ser arrancada, que posseeix ceps de Merlot i Ull de Llebre de fa m\u00e9s de 40 anys<\/p>\n<p dir=\"ltr\"><span>\u00c9s un vi fi, fresc, fruit\u00f3s (m\u00f3res, compota de fruites) i estructurat<\/span><\/p><\/p>\n","protected":false},"featured_media":89218,"comment_status":"closed","ping_status":"closed","template":"","meta":{"_acf_changed":false},"pwb-brand":[32877],"product_brand":[],"product_cat":[51670,51671],"product_tag":[16974,16940,16937,16938,14927,16936,16975,16939,16976],"class_list":{"0":"post-89221","1":"product","2":"type-product","3":"status-publish","4":"has-post-thumbnail","6":"pwb-brand-coster-del-segre-d-o","7":"product_cat-vi","8":"product_cat-vi-negre","9":"product_tag-batlliu-ca","10":"product_tag-batlliu-de-sort-ca","11":"product_tag-biu-ca","12":"product_tag-biu-de-sort-ca","13":"product_tag-costers-del-segre-ca","14":"product_tag-pallars-ca","15":"product_tag-salvavides-ca","16":"product_tag-sort-ca","17":"product_tag-vi-solidari-ca","18":"pa_anada-36214","19":"pa_bodega-cellerbatlliudesort","20":"pa_do-costersdelsegredo-ca","21":"pa_formatoenl-36158","22":"pa_formatoenml-38306","23":"pa_graduacion-13_5","24":"pa_pais-espanya-ca","25":"pa_pesoengramos-38337","26":"pa_pesoenkg-125-ca","27":"pa_pueblociudad-sortlleida","28":"pa_region-cataluna","29":"pa_tipodevino-vi-tranquil","30":"pa_variedades-b0-merlot_tempranillo_garnach-ca","31":"entry","32":"has-media","34":"first","35":"instock","36":"taxable","37":"shipping-taxable","38":"purchasable","39":"product-type-simple"},"acf":[],"yoast_head":"<!-- This site is optimized with the Yoast SEO Premium plugin v23.1 (Yoast SEO v23.5) - https:\/\/yoast.com\/wordpress\/plugins\/seo\/ -->\n<title>Salvavides Batlliu de Sort vi negre de la DO Costers del Segre<\/title>\n<meta name=\"description\" content=\"Comprar online a bon preu el vi negre Salvavides del celler Batlliu de Sort a la DO Costers del Segre, al Pallars Sobir\u00e0 (Alt Pirineu) Enviament r\u00e0pid i segur\" \/>\n<meta name=\"robots\" content=\"noindex, follow, max-snippet:-1, max-image-preview:large, max-video-preview:-1\" \/>\n<meta property=\"og:locale\" content=\"ca_ES\" \/>\n<meta property=\"og:type\" content=\"article\" \/>\n<meta property=\"og:title\" content=\"Batlliu Salvavides\" \/>\n<meta property=\"og:description\" content=\"Comprar online a bon preu el vi negre Salvavides del celler Batlliu de Sort a la DO Costers del Segre, al Pallars Sobir\u00e0 (Alt Pirineu) Enviament r\u00e0pid i segur\" \/>\n<meta property=\"og:url\" content=\"https:\/\/aral2.cetrexmarketing.com\/ca\/producto\/batlliu-salvavides\/\" \/>\n<meta property=\"og:site_name\" content=\"M\u00f3n La Cata\" \/>\n<meta property=\"article:modified_time\" content=\"2025-05-27T06:59:38+00:00\" \/>\n<meta property=\"og:image\" content=\"https:\/\/aral2.cetrexmarketing.com\/wp-content\/uploads\/2025\/05\/Batlliu-Salvavides.jpg.png\" \/>\n\t<meta property=\"og:image:width\" content=\"765\" \/>\n\t<meta property=\"og:image:height\" content=\"1024\" \/>\n\t<meta property=\"og:image:type\" content=\"image\/png\" \/>\n<meta name=\"twitter:card\" content=\"summary_large_image\" \/>\n<script type=\"application\/ld+json\" class=\"yoast-schema-graph\">{\"@context\":\"https:\/\/schema.org\",\"@graph\":[{\"@type\":\"WebPage\",\"@id\":\"https:\/\/aral2.cetrexmarketing.com\/ca\/producto\/batlliu-salvavides\/\",\"url\":\"https:\/\/aral2.cetrexmarketing.com\/ca\/producto\/batlliu-salvavides\/\",\"name\":\"Salvavides Batlliu de Sort vi negre de la DO Costers del Segre\",\"isPartOf\":{\"@id\":\"https:\/\/aral2.cetrexmarketing.com\/#website\"},\"primaryImageOfPage\":{\"@id\":\"https:\/\/aral2.cetrexmarketing.com\/ca\/producto\/batlliu-salvavides\/#primaryimage\"},\"image\":{\"@id\":\"https:\/\/aral2.cetrexmarketing.com\/ca\/producto\/batlliu-salvavides\/#primaryimage\"},\"thumbnailUrl\":\"https:\/\/aral2.cetrexmarketing.com\/wp-content\/uploads\/2025\/05\/Batlliu-Salvavides.jpg.png\",\"datePublished\":\"2025-05-25T07:17:22+00:00\",\"dateModified\":\"2025-05-27T06:59:38+00:00\",\"description\":\"Comprar online a bon preu el vi negre Salvavides del celler Batlliu de Sort a la DO Costers del Segre, al Pallars Sobir\u00e0 (Alt Pirineu) Enviament r\u00e0pid i segur\",\"breadcrumb\":{\"@id\":\"https:\/\/aral2.cetrexmarketing.com\/ca\/producto\/batlliu-salvavides\/#breadcrumb\"},\"inLanguage\":\"ca\",\"potentialAction\":[{\"@type\":\"ReadAction\",\"target\":[\"https:\/\/aral2.cetrexmarketing.com\/ca\/producto\/batlliu-salvavides\/\"]}]},{\"@type\":\"ImageObject\",\"inLanguage\":\"ca\",\"@id\":\"https:\/\/aral2.cetrexmarketing.com\/ca\/producto\/batlliu-salvavides\/#primaryimage\",\"url\":\"https:\/\/aral2.cetrexmarketing.com\/wp-content\/uploads\/2025\/05\/Batlliu-Salvavides.jpg.png\",\"contentUrl\":\"https:\/\/aral2.cetrexmarketing.com\/wp-content\/uploads\/2025\/05\/Batlliu-Salvavides.jpg.png\",\"width\":765,\"height\":1024},{\"@type\":\"BreadcrumbList\",\"@id\":\"https:\/\/aral2.cetrexmarketing.com\/ca\/producto\/batlliu-salvavides\/#breadcrumb\",\"itemListElement\":[{\"@type\":\"ListItem\",\"position\":1,\"name\":\"Home\",\"item\":\"https:\/\/aral2.cetrexmarketing.com\/ca\/\"},{\"@type\":\"ListItem\",\"position\":2,\"name\":\"Tienda\",\"item\":\"https:\/\/aral2.cetrexmarketing.com\/ca\/tienda-2\/\"},{\"@type\":\"ListItem\",\"position\":3,\"name\":\"Vi\",\"item\":\"https:\/\/aral2.cetrexmarketing.com\/categoria-producto\/vi\/\"},{\"@type\":\"ListItem\",\"position\":4,\"name\":\"Vi Negre\",\"item\":\"https:\/\/aral2.cetrexmarketing.com\/categoria-producto\/vi\/vi-negre\/\"},{\"@type\":\"ListItem\",\"position\":5,\"name\":\"Batlliu Salvavides\"}]},{\"@type\":\"WebSite\",\"@id\":\"https:\/\/aral2.cetrexmarketing.com\/#website\",\"url\":\"https:\/\/aral2.cetrexmarketing.com\/\",\"name\":\"M\u00f3n La Cata\",\"description\":\"Tienda de vinos, licores, cervezas y gourmet\",\"publisher\":{\"@id\":\"https:\/\/aral2.cetrexmarketing.com\/#organization\"},\"potentialAction\":[{\"@type\":\"SearchAction\",\"target\":{\"@type\":\"EntryPoint\",\"urlTemplate\":\"https:\/\/aral2.cetrexmarketing.com\/?s={search_term_string}\"},\"query-input\":{\"@type\":\"PropertyValueSpecification\",\"valueRequired\":true,\"valueName\":\"search_term_string\"}}],\"inLanguage\":\"ca\"},{\"@type\":\"Organization\",\"@id\":\"https:\/\/aral2.cetrexmarketing.com\/#organization\",\"name\":\"M\u00f3n La Cata\",\"url\":\"https:\/\/aral2.cetrexmarketing.com\/\",\"logo\":{\"@type\":\"ImageObject\",\"inLanguage\":\"ca\",\"@id\":\"https:\/\/aral2.cetrexmarketing.com\/#\/schema\/logo\/image\/\",\"url\":\"https:\/\/aral2.cetrexmarketing.com\/wp-content\/uploads\/2024\/10\/aral-logo-neg-1024x409-1.png\",\"contentUrl\":\"https:\/\/aral2.cetrexmarketing.com\/wp-content\/uploads\/2024\/10\/aral-logo-neg-1024x409-1.png\",\"width\":1024,\"height\":409,\"caption\":\"M\u00f3n La Cata\"},\"image\":{\"@id\":\"https:\/\/aral2.cetrexmarketing.com\/#\/schema\/logo\/image\/\"}}]}<\/script>\n<!-- \/ Yoast SEO Premium plugin. -->","yoast_head_json":{"title":"Salvavides Batlliu de Sort vi negre de la DO Costers del Segre","description":"Comprar online a bon preu el vi negre Salvavides del celler Batlliu de Sort a la DO Costers del Segre, al Pallars Sobir\u00e0 (Alt Pirineu) Enviament r\u00e0pid i segur","robots":{"index":"noindex","follow":"follow","max-snippet":"max-snippet:-1","max-image-preview":"max-image-preview:large","max-video-preview":"max-video-preview:-1"},"og_locale":"ca_ES","og_type":"article","og_title":"Batlliu Salvavides","og_description":"Comprar online a bon preu el vi negre Salvavides del celler Batlliu de Sort a la DO Costers del Segre, al Pallars Sobir\u00e0 (Alt Pirineu) Enviament r\u00e0pid i segur","og_url":"https:\/\/aral2.cetrexmarketing.com\/ca\/producto\/batlliu-salvavides\/","og_site_name":"M\u00f3n La Cata","article_modified_time":"2025-05-27T06:59:38+00:00","og_image":[{"width":765,"height":1024,"url":"https:\/\/aral2.cetrexmarketing.com\/wp-content\/uploads\/2025\/05\/Batlliu-Salvavides.jpg.png","type":"image\/png"}],"twitter_card":"summary_large_image","schema":{"@context":"https:\/\/schema.org","@graph":[{"@type":"WebPage","@id":"https:\/\/aral2.cetrexmarketing.com\/ca\/producto\/batlliu-salvavides\/","url":"https:\/\/aral2.cetrexmarketing.com\/ca\/producto\/batlliu-salvavides\/","name":"Salvavides Batlliu de Sort vi negre de la DO Costers del Segre","isPartOf":{"@id":"https:\/\/aral2.cetrexmarketing.com\/#website"},"primaryImageOfPage":{"@id":"https:\/\/aral2.cetrexmarketing.com\/ca\/producto\/batlliu-salvavides\/#primaryimage"},"image":{"@id":"https:\/\/aral2.cetrexmarketing.com\/ca\/producto\/batlliu-salvavides\/#primaryimage"},"thumbnailUrl":"https:\/\/aral2.cetrexmarketing.com\/wp-content\/uploads\/2025\/05\/Batlliu-Salvavides.jpg.png","datePublished":"2025-05-25T07:17:22+00:00","dateModified":"2025-05-27T06:59:38+00:00","description":"Comprar online a bon preu el vi negre Salvavides del celler Batlliu de Sort a la DO Costers del Segre, al Pallars Sobir\u00e0 (Alt Pirineu) Enviament r\u00e0pid i segur","breadcrumb":{"@id":"https:\/\/aral2.cetrexmarketing.com\/ca\/producto\/batlliu-salvavides\/#breadcrumb"},"inLanguage":"ca","potentialAction":[{"@type":"ReadAction","target":["https:\/\/aral2.cetrexmarketing.com\/ca\/producto\/batlliu-salvavides\/"]}]},{"@type":"ImageObject","inLanguage":"ca","@id":"https:\/\/aral2.cetrexmarketing.com\/ca\/producto\/batlliu-salvavides\/#primaryimage","url":"https:\/\/aral2.cetrexmarketing.com\/wp-content\/uploads\/2025\/05\/Batlliu-Salvavides.jpg.png","contentUrl":"https:\/\/aral2.cetrexmarketing.com\/wp-content\/uploads\/2025\/05\/Batlliu-Salvavides.jpg.png","width":765,"height":1024},{"@type":"BreadcrumbList","@id":"https:\/\/aral2.cetrexmarketing.com\/ca\/producto\/batlliu-salvavides\/#breadcrumb","itemListElement":[{"@type":"ListItem","position":1,"name":"Home","item":"https:\/\/aral2.cetrexmarketing.com\/ca\/"},{"@type":"ListItem","position":2,"name":"Tienda","item":"https:\/\/aral2.cetrexmarketing.com\/ca\/tienda-2\/"},{"@type":"ListItem","position":3,"name":"Vi","item":"https:\/\/aral2.cetrexmarketing.com\/categoria-producto\/vi\/"},{"@type":"ListItem","position":4,"name":"Vi Negre","item":"https:\/\/aral2.cetrexmarketing.com\/categoria-producto\/vi\/vi-negre\/"},{"@type":"ListItem","position":5,"name":"Batlliu Salvavides"}]},{"@type":"WebSite","@id":"https:\/\/aral2.cetrexmarketing.com\/#website","url":"https:\/\/aral2.cetrexmarketing.com\/","name":"M\u00f3n La Cata","description":"Tienda de vinos, licores, cervezas y gourmet","publisher":{"@id":"https:\/\/aral2.cetrexmarketing.com\/#organization"},"potentialAction":[{"@type":"SearchAction","target":{"@type":"EntryPoint","urlTemplate":"https:\/\/aral2.cetrexmarketing.com\/?s={search_term_string}"},"query-input":{"@type":"PropertyValueSpecification","valueRequired":true,"valueName":"search_term_string"}}],"inLanguage":"ca"},{"@type":"Organization","@id":"https:\/\/aral2.cetrexmarketing.com\/#organization","name":"M\u00f3n La Cata","url":"https:\/\/aral2.cetrexmarketing.com\/","logo":{"@type":"ImageObject","inLanguage":"ca","@id":"https:\/\/aral2.cetrexmarketing.com\/#\/schema\/logo\/image\/","url":"https:\/\/aral2.cetrexmarketing.com\/wp-content\/uploads\/2024\/10\/aral-logo-neg-1024x409-1.png","contentUrl":"https:\/\/aral2.cetrexmarketing.com\/wp-content\/uploads\/2024\/10\/aral-logo-neg-1024x409-1.png","width":1024,"height":409,"caption":"M\u00f3n La Cata"},"image":{"@id":"https:\/\/aral2.cetrexmarketing.com\/#\/schema\/logo\/image\/"}}]}},"brands":[{"id":32877,"name":"Coster del Segre D.O.","slug":"coster-del-segre-d-o"}],"_links":{"self":[{"href":"https:\/\/aral2.cetrexmarketing.com\/ca\/wp-json\/wp\/v2\/product\/89221","targetHints":{"allow":["GET"]}}],"collection":[{"href":"https:\/\/aral2.cetrexmarketing.com\/ca\/wp-json\/wp\/v2\/product"}],"about":[{"href":"https:\/\/aral2.cetrexmarketing.com\/ca\/wp-json\/wp\/v2\/types\/product"}],"replies":[{"embeddable":true,"href":"https:\/\/aral2.cetrexmarketing.com\/ca\/wp-json\/wp\/v2\/comments?post=89221"}],"wp:featuredmedia":[{"embeddable":true,"href":"https:\/\/aral2.cetrexmarketing.com\/ca\/wp-json\/wp\/v2\/media\/89218"}],"wp:attachment":[{"href":"https:\/\/aral2.cetrexmarketing.com\/ca\/wp-json\/wp\/v2\/media?parent=89221"}],"wp:term":[{"taxonomy":"pwb-brand","embeddable":true,"href":"https:\/\/aral2.cetrexmarketing.com\/ca\/wp-json\/wp\/v2\/pwb-brand?post=89221"},{"taxonomy":"product_brand","embeddable":true,"href":"https:\/\/aral2.cetrexmarketing.com\/ca\/wp-json\/wp\/v2\/product_brand?post=89221"},{"taxonomy":"product_cat","embeddable":true,"href":"https:\/\/aral2.cetrexmarketing.com\/ca\/wp-json\/wp\/v2\/product_cat?post=89221"},{"taxonomy":"product_tag","embeddable":true,"href":"https:\/\/aral2.cetrexmarketing.com\/ca\/wp-json\/wp\/v2\/product_tag?post=89221"}],"curies":[{"name":"wp","href":"https:\/\/api.w.org\/{rel}","templated":true}]}}