{"id":88883,"date":"2025-05-25T07:12:28","date_gmt":"2025-05-25T07:12:28","guid":{"rendered":"https:\/\/aral2.cetrexmarketing.com\/producto\/bruixola\/"},"modified":"2025-05-27T06:58:19","modified_gmt":"2025-05-27T06:58:19","slug":"bruixola","status":"publish","type":"product","link":"https:\/\/aral2.cetrexmarketing.com\/ca\/producto\/bruixola\/","title":{"rendered":"Br\u00faixola"},"content":{"rendered":"<p>El <strong>Br\u00faixola<\/strong> \u00e9s un vi negre de la <strong>D.O.Q. Priorat<\/strong>, elaborat pel celler <strong>Terra i Vins<\/strong>. Aquest vi \u00e9s un cupatge de <strong>Garnatxa Tinta<\/strong> (60%), <strong>Cari\u00f1ena<\/strong> (35%) i <strong>Syrah<\/strong> (5%), procedents de vinyes de 45 anys d&#8217;edat situades a Gratallops, Tarragona.<\/p>\n<p><strong>Elaboraci\u00f3<\/strong><\/p>\n<p>Despr\u00e9s d&#8217;una verema manual, el vi es cria durant 5 mesos en b\u00f3tes de roure franc\u00e8s, aportant-li complexitat i estructura.<\/p>\n<p><strong>Notes de tast<\/strong><\/p>\n<ul>\n<li><strong>Color<\/strong>: Vermell amb matisos negres de capa mitjana-alta.<\/li>\n<li><strong>Aroma<\/strong>: Equilibrat, amb notes de fruites vermelles i negres madures, esp\u00e8cies i tocs minerals caracter\u00edstics del terreny del Priorat.<\/li>\n<li><strong>Sabor<\/strong>: Equilibrat, llarg, persistent i fresc en boca, amb notes de fruita madura i tocs minerals.<\/li>\n<\/ul>\n<p><strong>Maridatge<\/strong><\/p>\n<p>Ideal per acompanyar carns rostides, formatges curats i plats de verdures.<\/p>\n<p>El <strong>Br\u00faixola<\/strong> \u00e9s una expressi\u00f3 aut\u00e8ntica del Priorat, reflectint la tradici\u00f3 i el comprom\u00eds amb la qualitat del celler <strong>Terra i Vins<\/strong>.<\/p>\n","protected":false},"excerpt":{"rendered":"<p dir=\"ltr\">Br\u00faixola \u00e9s un vi de la DOQ Priorat fet de Garnatxa, Carinyena i Syrah. Prov\u00e9 de vinyes de 45 anys i t\u00e9 un pas per b\u00f3ta de roure franc\u00e8s durant 5 mesos.<\/p>\n<p dir=\"ltr\">Color vermell amb tocs negres.<\/p>\n<p dir=\"ltr\">\u00c9s un vi amb cos per\u00f2 fresc, aromes de fruita negra com ara pruna, i vermella madura, tocs de pebre negre, regal\u00e8ssia i mineralitat.<\/p>\n<p dir=\"ltr\">Maridatge amb un bon filet, preferiblement de Waygu<\/p>\n","protected":false},"featured_media":88880,"comment_status":"closed","ping_status":"closed","template":"","meta":{"_acf_changed":false},"pwb-brand":[32901],"product_brand":[],"product_cat":[51670,51671],"product_tag":[16926,14999,16146,14996],"class_list":{"0":"post-88883","1":"product","2":"type-product","3":"status-publish","4":"has-post-thumbnail","6":"pwb-brand-priorat-d-o","7":"product_cat-vi","8":"product_cat-vi-negre","9":"product_tag-bruixola-ca","10":"product_tag-doq-priorat-ca","11":"product_tag-gratallops-ca","12":"product_tag-priorat-ca","13":"pa_anada-36208","14":"pa_bodega-celler-terra-i-vins","15":"pa_do-priorat-d-o-q-ca","16":"pa_formatoenl-36158","17":"pa_formatoenml-38306","18":"pa_graduacion-14_5","19":"pa_pais-espanya-ca","20":"pa_pesoengramos-38337","21":"pa_pesoenkg-125-ca","22":"pa_pueblociudad-gratallopstarragona","23":"pa_region-cataluna","24":"pa_tipodevino-vi-tranquil","25":"pa_variedades-garnachatinta_carinena_syrah-ca","26":"entry","27":"has-media","29":"first","30":"instock","31":"taxable","32":"shipping-taxable","33":"purchasable","34":"product-type-simple"},"acf":[],"yoast_head":"<!-- This site is optimized with the Yoast SEO Premium plugin v23.1 (Yoast SEO v23.5) - https:\/\/yoast.com\/wordpress\/plugins\/seo\/ -->\n<title>Br\u00faixola Tinto<\/title>\n<meta name=\"description\" content=\"Comprar online a bon preu el vi negre Br\u00faixola del Celler Terra i Vins a la DOQ Priorat. Gratallops. Env\u00edo expr\u00e9s. Descompte per la compra de 6 ampolles.\" \/>\n<meta name=\"robots\" content=\"noindex, follow, max-snippet:-1, max-image-preview:large, max-video-preview:-1\" \/>\n<meta property=\"og:locale\" content=\"ca_ES\" \/>\n<meta property=\"og:type\" content=\"article\" \/>\n<meta property=\"og:title\" content=\"Br\u00faixola\" \/>\n<meta property=\"og:description\" content=\"Comprar online a bon preu el vi negre Br\u00faixola del Celler Terra i Vins a la DOQ Priorat. Gratallops. Env\u00edo expr\u00e9s. Descompte per la compra de 6 ampolles.\" \/>\n<meta property=\"og:url\" content=\"https:\/\/aral2.cetrexmarketing.com\/ca\/producto\/bruixola\/\" \/>\n<meta property=\"og:site_name\" content=\"M\u00f3n La Cata\" \/>\n<meta property=\"article:modified_time\" content=\"2025-05-27T06:58:19+00:00\" \/>\n<meta property=\"og:image\" content=\"https:\/\/aral2.cetrexmarketing.com\/wp-content\/uploads\/2025\/05\/bruixola-tinto.png\" \/>\n\t<meta property=\"og:image:width\" content=\"765\" \/>\n\t<meta property=\"og:image:height\" content=\"1024\" \/>\n\t<meta property=\"og:image:type\" content=\"image\/png\" \/>\n<meta name=\"twitter:card\" content=\"summary_large_image\" \/>\n<meta name=\"twitter:label1\" content=\"Temps estimat de lectura\" \/>\n\t<meta name=\"twitter:data1\" content=\"1 minut\" \/>\n<script type=\"application\/ld+json\" class=\"yoast-schema-graph\">{\"@context\":\"https:\/\/schema.org\",\"@graph\":[{\"@type\":\"WebPage\",\"@id\":\"https:\/\/aral2.cetrexmarketing.com\/ca\/producto\/bruixola\/\",\"url\":\"https:\/\/aral2.cetrexmarketing.com\/ca\/producto\/bruixola\/\",\"name\":\"Br\u00faixola Tinto\",\"isPartOf\":{\"@id\":\"https:\/\/aral2.cetrexmarketing.com\/#website\"},\"primaryImageOfPage\":{\"@id\":\"https:\/\/aral2.cetrexmarketing.com\/ca\/producto\/bruixola\/#primaryimage\"},\"image\":{\"@id\":\"https:\/\/aral2.cetrexmarketing.com\/ca\/producto\/bruixola\/#primaryimage\"},\"thumbnailUrl\":\"https:\/\/aral2.cetrexmarketing.com\/wp-content\/uploads\/2025\/05\/bruixola-tinto.png\",\"datePublished\":\"2025-05-25T07:12:28+00:00\",\"dateModified\":\"2025-05-27T06:58:19+00:00\",\"description\":\"Comprar online a bon preu el vi negre Br\u00faixola del Celler Terra i Vins a la DOQ Priorat. Gratallops. Env\u00edo expr\u00e9s. Descompte per la compra de 6 ampolles.\",\"breadcrumb\":{\"@id\":\"https:\/\/aral2.cetrexmarketing.com\/ca\/producto\/bruixola\/#breadcrumb\"},\"inLanguage\":\"ca\",\"potentialAction\":[{\"@type\":\"ReadAction\",\"target\":[\"https:\/\/aral2.cetrexmarketing.com\/ca\/producto\/bruixola\/\"]}]},{\"@type\":\"ImageObject\",\"inLanguage\":\"ca\",\"@id\":\"https:\/\/aral2.cetrexmarketing.com\/ca\/producto\/bruixola\/#primaryimage\",\"url\":\"https:\/\/aral2.cetrexmarketing.com\/wp-content\/uploads\/2025\/05\/bruixola-tinto.png\",\"contentUrl\":\"https:\/\/aral2.cetrexmarketing.com\/wp-content\/uploads\/2025\/05\/bruixola-tinto.png\",\"width\":765,\"height\":1024},{\"@type\":\"BreadcrumbList\",\"@id\":\"https:\/\/aral2.cetrexmarketing.com\/ca\/producto\/bruixola\/#breadcrumb\",\"itemListElement\":[{\"@type\":\"ListItem\",\"position\":1,\"name\":\"Home\",\"item\":\"https:\/\/aral2.cetrexmarketing.com\/ca\/\"},{\"@type\":\"ListItem\",\"position\":2,\"name\":\"Tienda\",\"item\":\"https:\/\/aral2.cetrexmarketing.com\/ca\/tienda-2\/\"},{\"@type\":\"ListItem\",\"position\":3,\"name\":\"Vi\",\"item\":\"https:\/\/aral2.cetrexmarketing.com\/categoria-producto\/vi\/\"},{\"@type\":\"ListItem\",\"position\":4,\"name\":\"Vi Negre\",\"item\":\"https:\/\/aral2.cetrexmarketing.com\/categoria-producto\/vi\/vi-negre\/\"},{\"@type\":\"ListItem\",\"position\":5,\"name\":\"Br\u00faixola\"}]},{\"@type\":\"WebSite\",\"@id\":\"https:\/\/aral2.cetrexmarketing.com\/#website\",\"url\":\"https:\/\/aral2.cetrexmarketing.com\/\",\"name\":\"M\u00f3n La Cata\",\"description\":\"Tienda de vinos, licores, cervezas y gourmet\",\"publisher\":{\"@id\":\"https:\/\/aral2.cetrexmarketing.com\/#organization\"},\"potentialAction\":[{\"@type\":\"SearchAction\",\"target\":{\"@type\":\"EntryPoint\",\"urlTemplate\":\"https:\/\/aral2.cetrexmarketing.com\/?s={search_term_string}\"},\"query-input\":{\"@type\":\"PropertyValueSpecification\",\"valueRequired\":true,\"valueName\":\"search_term_string\"}}],\"inLanguage\":\"ca\"},{\"@type\":\"Organization\",\"@id\":\"https:\/\/aral2.cetrexmarketing.com\/#organization\",\"name\":\"M\u00f3n La Cata\",\"url\":\"https:\/\/aral2.cetrexmarketing.com\/\",\"logo\":{\"@type\":\"ImageObject\",\"inLanguage\":\"ca\",\"@id\":\"https:\/\/aral2.cetrexmarketing.com\/#\/schema\/logo\/image\/\",\"url\":\"https:\/\/aral2.cetrexmarketing.com\/wp-content\/uploads\/2024\/10\/aral-logo-neg-1024x409-1.png\",\"contentUrl\":\"https:\/\/aral2.cetrexmarketing.com\/wp-content\/uploads\/2024\/10\/aral-logo-neg-1024x409-1.png\",\"width\":1024,\"height\":409,\"caption\":\"M\u00f3n La Cata\"},\"image\":{\"@id\":\"https:\/\/aral2.cetrexmarketing.com\/#\/schema\/logo\/image\/\"}}]}<\/script>\n<!-- \/ Yoast SEO Premium plugin. -->","yoast_head_json":{"title":"Br\u00faixola Tinto","description":"Comprar online a bon preu el vi negre Br\u00faixola del Celler Terra i Vins a la DOQ Priorat. Gratallops. Env\u00edo expr\u00e9s. Descompte per la compra de 6 ampolles.","robots":{"index":"noindex","follow":"follow","max-snippet":"max-snippet:-1","max-image-preview":"max-image-preview:large","max-video-preview":"max-video-preview:-1"},"og_locale":"ca_ES","og_type":"article","og_title":"Br\u00faixola","og_description":"Comprar online a bon preu el vi negre Br\u00faixola del Celler Terra i Vins a la DOQ Priorat. Gratallops. Env\u00edo expr\u00e9s. Descompte per la compra de 6 ampolles.","og_url":"https:\/\/aral2.cetrexmarketing.com\/ca\/producto\/bruixola\/","og_site_name":"M\u00f3n La Cata","article_modified_time":"2025-05-27T06:58:19+00:00","og_image":[{"width":765,"height":1024,"url":"https:\/\/aral2.cetrexmarketing.com\/wp-content\/uploads\/2025\/05\/bruixola-tinto.png","type":"image\/png"}],"twitter_card":"summary_large_image","twitter_misc":{"Temps estimat de lectura":"1 minut"},"schema":{"@context":"https:\/\/schema.org","@graph":[{"@type":"WebPage","@id":"https:\/\/aral2.cetrexmarketing.com\/ca\/producto\/bruixola\/","url":"https:\/\/aral2.cetrexmarketing.com\/ca\/producto\/bruixola\/","name":"Br\u00faixola Tinto","isPartOf":{"@id":"https:\/\/aral2.cetrexmarketing.com\/#website"},"primaryImageOfPage":{"@id":"https:\/\/aral2.cetrexmarketing.com\/ca\/producto\/bruixola\/#primaryimage"},"image":{"@id":"https:\/\/aral2.cetrexmarketing.com\/ca\/producto\/bruixola\/#primaryimage"},"thumbnailUrl":"https:\/\/aral2.cetrexmarketing.com\/wp-content\/uploads\/2025\/05\/bruixola-tinto.png","datePublished":"2025-05-25T07:12:28+00:00","dateModified":"2025-05-27T06:58:19+00:00","description":"Comprar online a bon preu el vi negre Br\u00faixola del Celler Terra i Vins a la DOQ Priorat. Gratallops. Env\u00edo expr\u00e9s. Descompte per la compra de 6 ampolles.","breadcrumb":{"@id":"https:\/\/aral2.cetrexmarketing.com\/ca\/producto\/bruixola\/#breadcrumb"},"inLanguage":"ca","potentialAction":[{"@type":"ReadAction","target":["https:\/\/aral2.cetrexmarketing.com\/ca\/producto\/bruixola\/"]}]},{"@type":"ImageObject","inLanguage":"ca","@id":"https:\/\/aral2.cetrexmarketing.com\/ca\/producto\/bruixola\/#primaryimage","url":"https:\/\/aral2.cetrexmarketing.com\/wp-content\/uploads\/2025\/05\/bruixola-tinto.png","contentUrl":"https:\/\/aral2.cetrexmarketing.com\/wp-content\/uploads\/2025\/05\/bruixola-tinto.png","width":765,"height":1024},{"@type":"BreadcrumbList","@id":"https:\/\/aral2.cetrexmarketing.com\/ca\/producto\/bruixola\/#breadcrumb","itemListElement":[{"@type":"ListItem","position":1,"name":"Home","item":"https:\/\/aral2.cetrexmarketing.com\/ca\/"},{"@type":"ListItem","position":2,"name":"Tienda","item":"https:\/\/aral2.cetrexmarketing.com\/ca\/tienda-2\/"},{"@type":"ListItem","position":3,"name":"Vi","item":"https:\/\/aral2.cetrexmarketing.com\/categoria-producto\/vi\/"},{"@type":"ListItem","position":4,"name":"Vi Negre","item":"https:\/\/aral2.cetrexmarketing.com\/categoria-producto\/vi\/vi-negre\/"},{"@type":"ListItem","position":5,"name":"Br\u00faixola"}]},{"@type":"WebSite","@id":"https:\/\/aral2.cetrexmarketing.com\/#website","url":"https:\/\/aral2.cetrexmarketing.com\/","name":"M\u00f3n La Cata","description":"Tienda de vinos, licores, cervezas y gourmet","publisher":{"@id":"https:\/\/aral2.cetrexmarketing.com\/#organization"},"potentialAction":[{"@type":"SearchAction","target":{"@type":"EntryPoint","urlTemplate":"https:\/\/aral2.cetrexmarketing.com\/?s={search_term_string}"},"query-input":{"@type":"PropertyValueSpecification","valueRequired":true,"valueName":"search_term_string"}}],"inLanguage":"ca"},{"@type":"Organization","@id":"https:\/\/aral2.cetrexmarketing.com\/#organization","name":"M\u00f3n La Cata","url":"https:\/\/aral2.cetrexmarketing.com\/","logo":{"@type":"ImageObject","inLanguage":"ca","@id":"https:\/\/aral2.cetrexmarketing.com\/#\/schema\/logo\/image\/","url":"https:\/\/aral2.cetrexmarketing.com\/wp-content\/uploads\/2024\/10\/aral-logo-neg-1024x409-1.png","contentUrl":"https:\/\/aral2.cetrexmarketing.com\/wp-content\/uploads\/2024\/10\/aral-logo-neg-1024x409-1.png","width":1024,"height":409,"caption":"M\u00f3n La Cata"},"image":{"@id":"https:\/\/aral2.cetrexmarketing.com\/#\/schema\/logo\/image\/"}}]}},"brands":[{"id":32901,"name":"Priorat D.O.","slug":"priorat-d-o"}],"_links":{"self":[{"href":"https:\/\/aral2.cetrexmarketing.com\/ca\/wp-json\/wp\/v2\/product\/88883","targetHints":{"allow":["GET"]}}],"collection":[{"href":"https:\/\/aral2.cetrexmarketing.com\/ca\/wp-json\/wp\/v2\/product"}],"about":[{"href":"https:\/\/aral2.cetrexmarketing.com\/ca\/wp-json\/wp\/v2\/types\/product"}],"replies":[{"embeddable":true,"href":"https:\/\/aral2.cetrexmarketing.com\/ca\/wp-json\/wp\/v2\/comments?post=88883"}],"wp:featuredmedia":[{"embeddable":true,"href":"https:\/\/aral2.cetrexmarketing.com\/ca\/wp-json\/wp\/v2\/media\/88880"}],"wp:attachment":[{"href":"https:\/\/aral2.cetrexmarketing.com\/ca\/wp-json\/wp\/v2\/media?parent=88883"}],"wp:term":[{"taxonomy":"pwb-brand","embeddable":true,"href":"https:\/\/aral2.cetrexmarketing.com\/ca\/wp-json\/wp\/v2\/pwb-brand?post=88883"},{"taxonomy":"product_brand","embeddable":true,"href":"https:\/\/aral2.cetrexmarketing.com\/ca\/wp-json\/wp\/v2\/product_brand?post=88883"},{"taxonomy":"product_cat","embeddable":true,"href":"https:\/\/aral2.cetrexmarketing.com\/ca\/wp-json\/wp\/v2\/product_cat?post=88883"},{"taxonomy":"product_tag","embeddable":true,"href":"https:\/\/aral2.cetrexmarketing.com\/ca\/wp-json\/wp\/v2\/product_tag?post=88883"}],"curies":[{"name":"wp","href":"https:\/\/api.w.org\/{rel}","templated":true}]}}