{"id":88638,"date":"2025-05-25T07:08:49","date_gmt":"2025-05-25T07:08:49","guid":{"rendered":"https:\/\/aral2.cetrexmarketing.com\/producto\/sumarroca-negre\/"},"modified":"2025-05-27T06:57:17","modified_gmt":"2025-05-27T06:57:17","slug":"sumarroca-negre","status":"publish","type":"product","link":"https:\/\/aral2.cetrexmarketing.com\/ca\/producto\/sumarroca-negre\/","title":{"rendered":"Sumarroca Negre"},"content":{"rendered":"<p class=\"\" data-start=\"0\" data-end=\"331\"><strong data-start=\"0\" data-end=\"27\">Sumarroca Nostrat Tinto<\/strong> es un <strong data-start=\"34\" data-end=\"48\">vino tinto<\/strong> elaborado por la reconocida bodega <strong data-start=\"84\" data-end=\"97\">Sumarroca<\/strong>, situada en la regi\u00f3n vitivin\u00edcola del <strong data-start=\"137\" data-end=\"148\">Pened\u00e9s<\/strong>, en <strong data-start=\"153\" data-end=\"165\">Catalu\u00f1a<\/strong>, Espa\u00f1a. Este vino refleja la <strong data-start=\"196\" data-end=\"209\">tradici\u00f3n<\/strong> y <strong data-start=\"212\" data-end=\"223\">calidad<\/strong> de la zona, con un perfil equilibrado que destaca las caracter\u00edsticas de las <strong data-start=\"301\" data-end=\"330\">variedades de uva locales<\/strong>.<\/p>\n<h3 class=\"\" data-start=\"338\" data-end=\"374\"><strong data-start=\"342\" data-end=\"374\">Caracter\u00edsticas principales:<\/strong><\/h3>\n<ul data-start=\"375\" data-end=\"1153\">\n<li class=\"\" data-start=\"375\" data-end=\"426\">\n<p class=\"\" data-start=\"377\" data-end=\"426\"><strong data-start=\"377\" data-end=\"388\">Origen:<\/strong> <strong data-start=\"389\" data-end=\"400\">Pened\u00e9s<\/strong>, <strong data-start=\"402\" data-end=\"414\">Catalu\u00f1a<\/strong>, <strong data-start=\"416\" data-end=\"426\">Espa\u00f1a<\/strong><\/p>\n<\/li>\n<li class=\"\" data-start=\"427\" data-end=\"453\">\n<p class=\"\" data-start=\"429\" data-end=\"453\"><strong data-start=\"429\" data-end=\"438\">Tipo:<\/strong> <strong data-start=\"439\" data-end=\"453\">Vino tinto<\/strong><\/p>\n<\/li>\n<li class=\"\" data-start=\"454\" data-end=\"533\">\n<p class=\"\" data-start=\"456\" data-end=\"533\"><strong data-start=\"456\" data-end=\"478\">Variedades de uva:<\/strong> <strong data-start=\"479\" data-end=\"494\">Tempranillo<\/strong>, <strong data-start=\"496\" data-end=\"508\">Garnacha<\/strong> y <strong data-start=\"511\" data-end=\"533\">Cabernet Sauvignon<\/strong><\/p>\n<\/li>\n<li class=\"\" data-start=\"534\" data-end=\"593\">\n<p class=\"\" data-start=\"536\" data-end=\"593\"><strong data-start=\"536\" data-end=\"562\">Graduaci\u00f3n alcoh\u00f3lica:<\/strong> Aproximadamente <strong data-start=\"579\" data-end=\"593\">13.5% vol.<\/strong><\/p>\n<\/li>\n<li class=\"\" data-start=\"594\" data-end=\"665\">\n<p class=\"\" data-start=\"596\" data-end=\"665\"><strong data-start=\"596\" data-end=\"606\">Color:<\/strong> <strong data-start=\"607\" data-end=\"630\">Rojo rub\u00ed brillante<\/strong>, con ligeros matices <strong data-start=\"652\" data-end=\"665\">viol\u00e1ceos<\/strong><\/p>\n<\/li>\n<li class=\"\" data-start=\"666\" data-end=\"834\">\n<p class=\"\" data-start=\"668\" data-end=\"834\"><strong data-start=\"668\" data-end=\"678\">Aroma:<\/strong> Fresco i afrutado, amb notes de <strong data-start=\"711\" data-end=\"728\">fruites roges<\/strong> com <strong data-start=\"733\" data-end=\"743\">cereza<\/strong>, <strong data-start=\"745\" data-end=\"753\">mora<\/strong> i <strong data-start=\"756\" data-end=\"769\">frambuesa<\/strong>, acompanyades de tocs <strong data-start=\"792\" data-end=\"804\">esp\u00e8cics<\/strong> i d&#8217;<strong data-start=\"809\" data-end=\"833\">herbes mediterr\u00e0nies<\/strong>.<\/p>\n<\/li>\n<li class=\"\" data-start=\"835\" data-end=\"1049\">\n<p class=\"\" data-start=\"837\" data-end=\"1049\"><strong data-start=\"837\" data-end=\"847\">Sabor:<\/strong> Suau, amb un equilibri entre la <strong data-start=\"880\" data-end=\"897\">fruita madura<\/strong> i la <strong data-start=\"903\" data-end=\"922\">suavitat t\u00e0nica<\/strong>. Presenta una bona <strong data-start=\"942\" data-end=\"953\">acidesa<\/strong> que refresca el paladar, amb una textura <strong data-start=\"995\" data-end=\"1012\">aterciopelada<\/strong> i una lleugera sensaci\u00f3 <strong data-start=\"1037\" data-end=\"1048\">esp\u00e8cia<\/strong>.<\/p>\n<\/li>\n<li class=\"\" data-start=\"1050\" data-end=\"1153\">\n<p class=\"\" data-start=\"1052\" data-end=\"1153\"><strong data-start=\"1052\" data-end=\"1062\">Final:<\/strong> Persistente y equilibrado, con un toque de <strong data-start=\"1106\" data-end=\"1122\">frutas rojas<\/strong> y un ligero toque <strong data-start=\"1141\" data-end=\"1152\">mineral<\/strong>.<\/p>\n<\/li>\n<\/ul>\n<h3 class=\"\" data-start=\"1160\" data-end=\"1186\"><strong data-start=\"1164\" data-end=\"1186\">Usos recomendados:<\/strong><\/h3>\n<p class=\"\" data-start=\"1187\" data-end=\"1529\">\u00a0Ideal para acompa\u00f1ar <strong data-start=\"1210\" data-end=\"1234\">carnes a la parrilla<\/strong>, <strong data-start=\"1236\" data-end=\"1249\">embutidos<\/strong>, <strong data-start=\"1251\" data-end=\"1269\">quesos curados<\/strong> y <strong data-start=\"1272\" data-end=\"1296\">platos mediterr\u00e1neos<\/strong>.<br data-start=\"1297\" data-end=\"1300\" \/>\u00a0Perfecto para disfrutar en <strong data-start=\"1329\" data-end=\"1349\">cenas informales<\/strong>, <strong data-start=\"1351\" data-end=\"1379\">celebraciones familiares<\/strong> o incluso como <strong data-start=\"1395\" data-end=\"1408\">aperitivo<\/strong>.<br data-start=\"1409\" data-end=\"1412\" \/>\u00a0Se puede disfrutar a <strong data-start=\"1435\" data-end=\"1459\">temperatura ambiente<\/strong> o <strong data-start=\"1462\" data-end=\"1484\">ligeramente fresco<\/strong>, dependiendo de las preferencias personales.<\/p>\n<h3 class=\"\" data-start=\"1536\" data-end=\"1557\"><strong data-start=\"1540\" data-end=\"1557\">Conservaci\u00f3n:<\/strong><\/h3>\n<ul data-start=\"1558\" data-end=\"1794\">\n<li class=\"\" data-start=\"1558\" data-end=\"1626\">\n<p class=\"\" data-start=\"1560\" data-end=\"1626\"><strong data-start=\"1560\" data-end=\"1598\">Mantener en un lugar fresco y seco<\/strong>, alejado de la luz directa.<\/p>\n<\/li>\n<li class=\"\" data-start=\"1627\" data-end=\"1716\">\n<p class=\"\" data-start=\"1629\" data-end=\"1716\"><strong data-start=\"1629\" data-end=\"1658\">Puede ser consumido joven<\/strong>, pero se beneficia de una breve <strong data-start=\"1691\" data-end=\"1713\">crianza en botella<\/strong>.<\/p>\n<\/li>\n<li class=\"\" data-start=\"1717\" data-end=\"1794\">\n<p class=\"\" data-start=\"1719\" data-end=\"1794\"><strong data-start=\"1719\" data-end=\"1769\">Se recomienda disfrutar dentro de los 2-4 a\u00f1os<\/strong> posteriores a su compra.<\/p>\n<\/li>\n<\/ul>\n<p><strong data-start=\"1804\" data-end=\"1831\">Sumarroca Nostrat Tinto<\/strong> es un vino <strong data-start=\"1843\" data-end=\"1855\">vers\u00e1til<\/strong>, <strong data-start=\"1857\" data-end=\"1870\">accesible<\/strong> y <strong data-start=\"1873\" data-end=\"1888\">equilibrado<\/strong>, ideal para quienes buscan una opci\u00f3n <strong data-start=\"1927\" data-end=\"1937\">fresca<\/strong>y <strong data-start=\"1940\" data-end=\"1952\">afrutada<\/strong> con un toque de <strong data-start=\"1969\" data-end=\"1984\">complejidad<\/strong>, perfecto para acompa\u00f1ar una amplia gama de platos y ocasiones.<\/p>\n","protected":false},"excerpt":{"rendered":"<p>Sumarroca Nostrat Tinto es un vino tinto elaborado por la reconocida bodega Sumarroca, situada en la regi\u00f3n vitivin\u00edcola del Pened\u00e9s, en Catalu\u00f1a, Espa\u00f1a. Este vino refleja la tradici\u00f3n y calidad de la zona, con un perfil equilibrado que destaca las caracter\u00edsticas de las variedades de uva locales. Caracter\u00edsticas principales: Origen: Pened\u00e9s, Catalu\u00f1a, Espa\u00f1a Tipo: Vino&hellip;<\/p>\n","protected":false},"featured_media":88635,"comment_status":"closed","ping_status":"closed","template":"","meta":{"_acf_changed":false},"pwb-brand":[32895],"product_brand":[],"product_cat":[51670,51671],"product_tag":[14981,14982,15908],"class_list":{"0":"post-88638","1":"product","2":"type-product","3":"status-publish","4":"has-post-thumbnail","6":"pwb-brand-penedes-d-o","7":"product_cat-vi","8":"product_cat-vi-negre","9":"product_tag-do-penedes-ca","10":"product_tag-penedes-ca","11":"product_tag-sumarroca-ca","12":"pa_anada-36214","13":"pa_bodega-bodeguessumarroca-ca","14":"pa_certificado-certificat-dagricultura-ecologica-2","15":"pa_do-penedes-d-o-ca","16":"pa_envejecimiento-jove","17":"pa_formatoenl-36158","18":"pa_formatoenml-38306","19":"pa_graduacion-13_5","20":"pa_pais-espanya-ca","21":"pa_pesoengramos-38337","22":"pa_pesoenkg-125-ca","23":"pa_pueblociudad-subiratsbarcelona","24":"pa_region-cataluna","25":"pa_tipodevino-vi-tranquil","26":"entry","27":"has-media","29":"first","30":"outofstock","31":"taxable","32":"shipping-taxable","33":"purchasable","34":"product-type-simple"},"acf":[],"yoast_head":"<!-- This site is optimized with the Yoast SEO Premium plugin v23.1 (Yoast SEO v23.5) - https:\/\/yoast.com\/wordpress\/plugins\/seo\/ -->\n<title>Sumarroca Cl\u00e0ssic Negre vi de la DO Pened\u00e8s<\/title>\n<meta name=\"description\" content=\"Compra el vi negre Sumarroca Cl\u00e0ssic de les Bodegues Sumarroca a la DO Pened\u00e8s.\" \/>\n<meta name=\"robots\" content=\"noindex, follow, max-snippet:-1, max-image-preview:large, max-video-preview:-1\" \/>\n<meta property=\"og:locale\" content=\"ca_ES\" \/>\n<meta property=\"og:type\" content=\"article\" \/>\n<meta property=\"og:title\" content=\"Sumarroca Negre\" \/>\n<meta property=\"og:description\" content=\"Compra el vi negre Sumarroca Cl\u00e0ssic de les Bodegues Sumarroca a la DO Pened\u00e8s.\" \/>\n<meta property=\"og:url\" content=\"https:\/\/aral2.cetrexmarketing.com\/ca\/producto\/sumarroca-negre\/\" \/>\n<meta property=\"og:site_name\" content=\"M\u00f3n La Cata\" \/>\n<meta property=\"article:modified_time\" content=\"2025-05-27T06:57:17+00:00\" \/>\n<meta property=\"og:image\" content=\"https:\/\/aral2.cetrexmarketing.com\/wp-content\/uploads\/2025\/05\/Sumarroca-Nostrat-Tinto.jpg.png\" \/>\n\t<meta property=\"og:image:width\" content=\"765\" \/>\n\t<meta property=\"og:image:height\" content=\"1024\" \/>\n\t<meta property=\"og:image:type\" content=\"image\/png\" \/>\n<meta name=\"twitter:card\" content=\"summary_large_image\" \/>\n<meta name=\"twitter:label1\" content=\"Temps estimat de lectura\" \/>\n\t<meta name=\"twitter:data1\" content=\"2 minuts\" \/>\n<script type=\"application\/ld+json\" class=\"yoast-schema-graph\">{\"@context\":\"https:\/\/schema.org\",\"@graph\":[{\"@type\":\"WebPage\",\"@id\":\"https:\/\/aral2.cetrexmarketing.com\/ca\/producto\/sumarroca-negre\/\",\"url\":\"https:\/\/aral2.cetrexmarketing.com\/ca\/producto\/sumarroca-negre\/\",\"name\":\"Sumarroca Cl\u00e0ssic Negre vi de la DO Pened\u00e8s\",\"isPartOf\":{\"@id\":\"https:\/\/aral2.cetrexmarketing.com\/#website\"},\"primaryImageOfPage\":{\"@id\":\"https:\/\/aral2.cetrexmarketing.com\/ca\/producto\/sumarroca-negre\/#primaryimage\"},\"image\":{\"@id\":\"https:\/\/aral2.cetrexmarketing.com\/ca\/producto\/sumarroca-negre\/#primaryimage\"},\"thumbnailUrl\":\"https:\/\/aral2.cetrexmarketing.com\/wp-content\/uploads\/2025\/05\/Sumarroca-Nostrat-Tinto.jpg.png\",\"datePublished\":\"2025-05-25T07:08:49+00:00\",\"dateModified\":\"2025-05-27T06:57:17+00:00\",\"description\":\"Compra el vi negre Sumarroca Cl\u00e0ssic de les Bodegues Sumarroca a la DO Pened\u00e8s.\",\"breadcrumb\":{\"@id\":\"https:\/\/aral2.cetrexmarketing.com\/ca\/producto\/sumarroca-negre\/#breadcrumb\"},\"inLanguage\":\"ca\",\"potentialAction\":[{\"@type\":\"ReadAction\",\"target\":[\"https:\/\/aral2.cetrexmarketing.com\/ca\/producto\/sumarroca-negre\/\"]}]},{\"@type\":\"ImageObject\",\"inLanguage\":\"ca\",\"@id\":\"https:\/\/aral2.cetrexmarketing.com\/ca\/producto\/sumarroca-negre\/#primaryimage\",\"url\":\"https:\/\/aral2.cetrexmarketing.com\/wp-content\/uploads\/2025\/05\/Sumarroca-Nostrat-Tinto.jpg.png\",\"contentUrl\":\"https:\/\/aral2.cetrexmarketing.com\/wp-content\/uploads\/2025\/05\/Sumarroca-Nostrat-Tinto.jpg.png\",\"width\":765,\"height\":1024},{\"@type\":\"BreadcrumbList\",\"@id\":\"https:\/\/aral2.cetrexmarketing.com\/ca\/producto\/sumarroca-negre\/#breadcrumb\",\"itemListElement\":[{\"@type\":\"ListItem\",\"position\":1,\"name\":\"Home\",\"item\":\"https:\/\/aral2.cetrexmarketing.com\/ca\/\"},{\"@type\":\"ListItem\",\"position\":2,\"name\":\"Tienda\",\"item\":\"https:\/\/aral2.cetrexmarketing.com\/ca\/tienda-2\/\"},{\"@type\":\"ListItem\",\"position\":3,\"name\":\"Vi\",\"item\":\"https:\/\/aral2.cetrexmarketing.com\/categoria-producto\/vi\/\"},{\"@type\":\"ListItem\",\"position\":4,\"name\":\"Vi Negre\",\"item\":\"https:\/\/aral2.cetrexmarketing.com\/categoria-producto\/vi\/vi-negre\/\"},{\"@type\":\"ListItem\",\"position\":5,\"name\":\"Sumarroca Negre\"}]},{\"@type\":\"WebSite\",\"@id\":\"https:\/\/aral2.cetrexmarketing.com\/#website\",\"url\":\"https:\/\/aral2.cetrexmarketing.com\/\",\"name\":\"M\u00f3n La Cata\",\"description\":\"Tienda de vinos, licores, cervezas y gourmet\",\"publisher\":{\"@id\":\"https:\/\/aral2.cetrexmarketing.com\/#organization\"},\"potentialAction\":[{\"@type\":\"SearchAction\",\"target\":{\"@type\":\"EntryPoint\",\"urlTemplate\":\"https:\/\/aral2.cetrexmarketing.com\/?s={search_term_string}\"},\"query-input\":{\"@type\":\"PropertyValueSpecification\",\"valueRequired\":true,\"valueName\":\"search_term_string\"}}],\"inLanguage\":\"ca\"},{\"@type\":\"Organization\",\"@id\":\"https:\/\/aral2.cetrexmarketing.com\/#organization\",\"name\":\"M\u00f3n La Cata\",\"url\":\"https:\/\/aral2.cetrexmarketing.com\/\",\"logo\":{\"@type\":\"ImageObject\",\"inLanguage\":\"ca\",\"@id\":\"https:\/\/aral2.cetrexmarketing.com\/#\/schema\/logo\/image\/\",\"url\":\"https:\/\/aral2.cetrexmarketing.com\/wp-content\/uploads\/2024\/10\/aral-logo-neg-1024x409-1.png\",\"contentUrl\":\"https:\/\/aral2.cetrexmarketing.com\/wp-content\/uploads\/2024\/10\/aral-logo-neg-1024x409-1.png\",\"width\":1024,\"height\":409,\"caption\":\"M\u00f3n La Cata\"},\"image\":{\"@id\":\"https:\/\/aral2.cetrexmarketing.com\/#\/schema\/logo\/image\/\"}}]}<\/script>\n<!-- \/ Yoast SEO Premium plugin. -->","yoast_head_json":{"title":"Sumarroca Cl\u00e0ssic Negre vi de la DO Pened\u00e8s","description":"Compra el vi negre Sumarroca Cl\u00e0ssic de les Bodegues Sumarroca a la DO Pened\u00e8s.","robots":{"index":"noindex","follow":"follow","max-snippet":"max-snippet:-1","max-image-preview":"max-image-preview:large","max-video-preview":"max-video-preview:-1"},"og_locale":"ca_ES","og_type":"article","og_title":"Sumarroca Negre","og_description":"Compra el vi negre Sumarroca Cl\u00e0ssic de les Bodegues Sumarroca a la DO Pened\u00e8s.","og_url":"https:\/\/aral2.cetrexmarketing.com\/ca\/producto\/sumarroca-negre\/","og_site_name":"M\u00f3n La Cata","article_modified_time":"2025-05-27T06:57:17+00:00","og_image":[{"width":765,"height":1024,"url":"https:\/\/aral2.cetrexmarketing.com\/wp-content\/uploads\/2025\/05\/Sumarroca-Nostrat-Tinto.jpg.png","type":"image\/png"}],"twitter_card":"summary_large_image","twitter_misc":{"Temps estimat de lectura":"2 minuts"},"schema":{"@context":"https:\/\/schema.org","@graph":[{"@type":"WebPage","@id":"https:\/\/aral2.cetrexmarketing.com\/ca\/producto\/sumarroca-negre\/","url":"https:\/\/aral2.cetrexmarketing.com\/ca\/producto\/sumarroca-negre\/","name":"Sumarroca Cl\u00e0ssic Negre vi de la DO Pened\u00e8s","isPartOf":{"@id":"https:\/\/aral2.cetrexmarketing.com\/#website"},"primaryImageOfPage":{"@id":"https:\/\/aral2.cetrexmarketing.com\/ca\/producto\/sumarroca-negre\/#primaryimage"},"image":{"@id":"https:\/\/aral2.cetrexmarketing.com\/ca\/producto\/sumarroca-negre\/#primaryimage"},"thumbnailUrl":"https:\/\/aral2.cetrexmarketing.com\/wp-content\/uploads\/2025\/05\/Sumarroca-Nostrat-Tinto.jpg.png","datePublished":"2025-05-25T07:08:49+00:00","dateModified":"2025-05-27T06:57:17+00:00","description":"Compra el vi negre Sumarroca Cl\u00e0ssic de les Bodegues Sumarroca a la DO Pened\u00e8s.","breadcrumb":{"@id":"https:\/\/aral2.cetrexmarketing.com\/ca\/producto\/sumarroca-negre\/#breadcrumb"},"inLanguage":"ca","potentialAction":[{"@type":"ReadAction","target":["https:\/\/aral2.cetrexmarketing.com\/ca\/producto\/sumarroca-negre\/"]}]},{"@type":"ImageObject","inLanguage":"ca","@id":"https:\/\/aral2.cetrexmarketing.com\/ca\/producto\/sumarroca-negre\/#primaryimage","url":"https:\/\/aral2.cetrexmarketing.com\/wp-content\/uploads\/2025\/05\/Sumarroca-Nostrat-Tinto.jpg.png","contentUrl":"https:\/\/aral2.cetrexmarketing.com\/wp-content\/uploads\/2025\/05\/Sumarroca-Nostrat-Tinto.jpg.png","width":765,"height":1024},{"@type":"BreadcrumbList","@id":"https:\/\/aral2.cetrexmarketing.com\/ca\/producto\/sumarroca-negre\/#breadcrumb","itemListElement":[{"@type":"ListItem","position":1,"name":"Home","item":"https:\/\/aral2.cetrexmarketing.com\/ca\/"},{"@type":"ListItem","position":2,"name":"Tienda","item":"https:\/\/aral2.cetrexmarketing.com\/ca\/tienda-2\/"},{"@type":"ListItem","position":3,"name":"Vi","item":"https:\/\/aral2.cetrexmarketing.com\/categoria-producto\/vi\/"},{"@type":"ListItem","position":4,"name":"Vi Negre","item":"https:\/\/aral2.cetrexmarketing.com\/categoria-producto\/vi\/vi-negre\/"},{"@type":"ListItem","position":5,"name":"Sumarroca Negre"}]},{"@type":"WebSite","@id":"https:\/\/aral2.cetrexmarketing.com\/#website","url":"https:\/\/aral2.cetrexmarketing.com\/","name":"M\u00f3n La Cata","description":"Tienda de vinos, licores, cervezas y gourmet","publisher":{"@id":"https:\/\/aral2.cetrexmarketing.com\/#organization"},"potentialAction":[{"@type":"SearchAction","target":{"@type":"EntryPoint","urlTemplate":"https:\/\/aral2.cetrexmarketing.com\/?s={search_term_string}"},"query-input":{"@type":"PropertyValueSpecification","valueRequired":true,"valueName":"search_term_string"}}],"inLanguage":"ca"},{"@type":"Organization","@id":"https:\/\/aral2.cetrexmarketing.com\/#organization","name":"M\u00f3n La Cata","url":"https:\/\/aral2.cetrexmarketing.com\/","logo":{"@type":"ImageObject","inLanguage":"ca","@id":"https:\/\/aral2.cetrexmarketing.com\/#\/schema\/logo\/image\/","url":"https:\/\/aral2.cetrexmarketing.com\/wp-content\/uploads\/2024\/10\/aral-logo-neg-1024x409-1.png","contentUrl":"https:\/\/aral2.cetrexmarketing.com\/wp-content\/uploads\/2024\/10\/aral-logo-neg-1024x409-1.png","width":1024,"height":409,"caption":"M\u00f3n La Cata"},"image":{"@id":"https:\/\/aral2.cetrexmarketing.com\/#\/schema\/logo\/image\/"}}]}},"brands":[{"id":32895,"name":"Pened\u00e8s D.O.","slug":"penedes-d-o"}],"_links":{"self":[{"href":"https:\/\/aral2.cetrexmarketing.com\/ca\/wp-json\/wp\/v2\/product\/88638","targetHints":{"allow":["GET"]}}],"collection":[{"href":"https:\/\/aral2.cetrexmarketing.com\/ca\/wp-json\/wp\/v2\/product"}],"about":[{"href":"https:\/\/aral2.cetrexmarketing.com\/ca\/wp-json\/wp\/v2\/types\/product"}],"replies":[{"embeddable":true,"href":"https:\/\/aral2.cetrexmarketing.com\/ca\/wp-json\/wp\/v2\/comments?post=88638"}],"wp:featuredmedia":[{"embeddable":true,"href":"https:\/\/aral2.cetrexmarketing.com\/ca\/wp-json\/wp\/v2\/media\/88635"}],"wp:attachment":[{"href":"https:\/\/aral2.cetrexmarketing.com\/ca\/wp-json\/wp\/v2\/media?parent=88638"}],"wp:term":[{"taxonomy":"pwb-brand","embeddable":true,"href":"https:\/\/aral2.cetrexmarketing.com\/ca\/wp-json\/wp\/v2\/pwb-brand?post=88638"},{"taxonomy":"product_brand","embeddable":true,"href":"https:\/\/aral2.cetrexmarketing.com\/ca\/wp-json\/wp\/v2\/product_brand?post=88638"},{"taxonomy":"product_cat","embeddable":true,"href":"https:\/\/aral2.cetrexmarketing.com\/ca\/wp-json\/wp\/v2\/product_cat?post=88638"},{"taxonomy":"product_tag","embeddable":true,"href":"https:\/\/aral2.cetrexmarketing.com\/ca\/wp-json\/wp\/v2\/product_tag?post=88638"}],"curies":[{"name":"wp","href":"https:\/\/api.w.org\/{rel}","templated":true}]}}