{"id":88539,"date":"2025-05-25T07:07:24","date_gmt":"2025-05-25T07:07:24","guid":{"rendered":"https:\/\/aral2.cetrexmarketing.com\/producto\/raventos-dalella-sarriera\/"},"modified":"2025-05-27T06:56:48","modified_gmt":"2025-05-27T06:56:48","slug":"raventos-dalella-sarriera","status":"publish","type":"product","link":"https:\/\/aral2.cetrexmarketing.com\/ca\/producto\/raventos-dalella-sarriera\/","title":{"rendered":"Ravent\u00f3s d&#8217;Alella Sarriera"},"content":{"rendered":"<p class=\"\" data-start=\"1329\" data-end=\"1690\"><strong data-start=\"1329\" data-end=\"1359\">Ravent\u00f3s d&#8217;Alella Sarriera<\/strong> \u00e9s un vi blanc ecol\u00f2gic elaborat amb ra\u00efm Pansa Blanca (Xarel\u00b7lo) a la D.O. Alella, una de les m\u00e9s petites i antigues de Catalunya. Procedent de vinyes situades al paratge de Sarriera, a Valldoriolf (La Roca del Vall\u00e8s), aquest vi reflecteix el car\u00e0cter mediterrani i la singularitat del s\u00f2l gran\u00edtic aren\u00f3s conegut com a <em data-start=\"1682\" data-end=\"1689\">saul\u00f3<\/em>.<\/p>\n<p class=\"\" data-start=\"1692\" data-end=\"1726\"><strong data-start=\"1692\" data-end=\"1726\">Caracter\u00edstiques del producte:<\/strong><\/p>\n<ul data-start=\"1727\" data-end=\"2005\">\n<li class=\"\" data-start=\"1727\" data-end=\"1762\">\n<p class=\"\" data-start=\"1729\" data-end=\"1762\"><strong data-start=\"1729\" data-end=\"1739\">Tipus:<\/strong> Vi blanc jove ecol\u00f2gic<\/p>\n<\/li>\n<li class=\"\" data-start=\"1763\" data-end=\"1796\">\n<p class=\"\" data-start=\"1765\" data-end=\"1796\"><strong data-start=\"1765\" data-end=\"1778\">Varietat:<\/strong> 100% Pansa Blanca<\/p>\n<\/li>\n<li class=\"\" data-start=\"1797\" data-end=\"1833\">\n<p class=\"\" data-start=\"1799\" data-end=\"1833\"><strong data-start=\"1799\" data-end=\"1810\">Origen:<\/strong> D.O. Alella, Catalunya<\/p>\n<\/li>\n<li class=\"\" data-start=\"1834\" data-end=\"1872\">\n<p class=\"\" data-start=\"1836\" data-end=\"1872\"><strong data-start=\"1836\" data-end=\"1861\">Graduaci\u00f3 alcoh\u00f2lica:<\/strong> 13,5% vol.<\/p>\n<\/li>\n<li class=\"\" data-start=\"1873\" data-end=\"2005\">\n<p class=\"\" data-start=\"1875\" data-end=\"2005\"><strong data-start=\"1875\" data-end=\"1890\">Elaboraci\u00f3:<\/strong> Fermentaci\u00f3 lenta en dip\u00f2sits d&#8217;acer inoxidable a temperatura controlada, preservant els aromes primaris del ra\u00efm.<\/p>\n<\/li>\n<\/ul>\n<p class=\"\" data-start=\"2007\" data-end=\"2025\"><strong data-start=\"2007\" data-end=\"2025\">Notes de tast:<\/strong><\/p>\n<ul data-start=\"2026\" data-end=\"2298\">\n<li class=\"\" data-start=\"2026\" data-end=\"2074\">\n<p class=\"\" data-start=\"2028\" data-end=\"2074\"><strong data-start=\"2028\" data-end=\"2038\">Color:<\/strong> Groc p\u00e0l\u00b7lid amb reflexos verdosos.<\/p>\n<\/li>\n<li class=\"\" data-start=\"2075\" data-end=\"2218\">\n<p class=\"\" data-start=\"2077\" data-end=\"2218\"><strong data-start=\"2077\" data-end=\"2087\">Aroma:<\/strong> Intens i afruitat, amb predomini de fruites blanques com pera i poma, acompanyat de notes florals i un toc d&#8217;herbes mediterr\u00e0nies.<\/p>\n<\/li>\n<li class=\"\" data-start=\"2219\" data-end=\"2298\">\n<p class=\"\" data-start=\"2221\" data-end=\"2298\"><strong data-start=\"2221\" data-end=\"2230\">Gust:<\/strong> Equilibrat i fresc, amb bona acidesa i un final llarg i persistent.<\/p>\n<\/li>\n<\/ul>\n<p class=\"\" data-start=\"2300\" data-end=\"2452\"><strong data-start=\"2300\" data-end=\"2324\">Maridatge recomanat:<\/strong> Ideal per acompanyar marisc, peixos al forn, amanides, pastes, embotits i formatges curats. Tamb\u00e9 \u00e9s excel\u00b7lent com a aperitiu.<\/p>\n<p>&nbsp;<\/p>\n","protected":false},"excerpt":{"rendered":"<p>Ravent\u00f3s d&#8217;Alella Sarriera \u00e9s un vi blanc ecol\u00f2gic elaborat amb ra\u00efm Pansa Blanca (Xarel\u00b7lo) a la D.O. Alella, una de les m\u00e9s petites i antigues de Catalunya. Procedent de vinyes situades al paratge de Sarriera, a Valldoriolf (La Roca del Vall\u00e8s), aquest vi reflecteix el car\u00e0cter mediterrani i la singularitat del s\u00f2l gran\u00edtic aren\u00f3s conegut&hellip;<\/p>\n","protected":false},"featured_media":88536,"comment_status":"closed","ping_status":"closed","template":"","meta":{"_acf_changed":false},"pwb-brand":[32865],"product_brand":[],"product_cat":[51669,51670,51672],"product_tag":[15050,14881,15051,16876,48917],"class_list":{"0":"post-88539","1":"product","2":"type-product","3":"status-publish","4":"has-post-thumbnail","6":"pwb-brand-alella-d-o","7":"product_cat-ecologic","8":"product_cat-vi","9":"product_cat-vi-blanc","10":"product_tag-alella-ca","11":"product_tag-do-alella-ca","12":"product_tag-pansa-blanca-ca","13":"product_tag-sarriera-ca","14":"product_tag-vi-blanc-ca","15":"pa_anada-36212","16":"pa_bodega-raventos-de-alella-ca","17":"pa_do-alellado-ca","18":"pa_ecologico-vegano-natural-ecologic","19":"pa_formatoenml-38306","20":"pa_graduacion-12_0","21":"pa_maridaje-marisc","22":"pa_maridaje-midons","23":"pa_maridaje-peix","24":"pa_pueblociudad-alellabarcelona","25":"pa_region-cataluna","26":"pa_variedad-principal-pansa-blanca-ca","27":"entry","28":"has-media","30":"first","31":"instock","32":"taxable","33":"shipping-taxable","34":"purchasable","35":"product-type-simple"},"acf":[],"yoast_head":"<!-- This site is optimized with the Yoast SEO Premium plugin v23.1 (Yoast SEO v23.5) - https:\/\/yoast.com\/wordpress\/plugins\/seo\/ -->\n<title>Ravent\u00f3s d&#039;Alella Sarriera Pansa Blanca vi blanc de la DO Alella<\/title>\n<meta name=\"description\" content=\"Comprar online al millor preu el vi blanc Sarriera de Ravent\u00f3s d&#039;Alella a la DO Alella. Viniteca. Licoreria. Begudes. Alimentaci\u00f3. Productes gourmet. Descomptes\" \/>\n<meta name=\"robots\" content=\"noindex, follow, max-snippet:-1, max-image-preview:large, max-video-preview:-1\" \/>\n<meta property=\"og:locale\" content=\"ca_ES\" \/>\n<meta property=\"og:type\" content=\"article\" \/>\n<meta property=\"og:title\" content=\"Ravent\u00f3s d&#039;Alella Sarriera\" \/>\n<meta property=\"og:description\" content=\"Comprar online al millor preu el vi blanc Sarriera de Ravent\u00f3s d&#039;Alella a la DO Alella. Viniteca. Licoreria. Begudes. Alimentaci\u00f3. Productes gourmet. Descomptes\" \/>\n<meta property=\"og:url\" content=\"https:\/\/aral2.cetrexmarketing.com\/ca\/producto\/raventos-dalella-sarriera\/\" \/>\n<meta property=\"og:site_name\" content=\"M\u00f3n La Cata\" \/>\n<meta property=\"article:modified_time\" content=\"2025-05-27T06:56:48+00:00\" \/>\n<meta property=\"og:image\" content=\"https:\/\/aral2.cetrexmarketing.com\/wp-content\/uploads\/2025\/05\/VINO-BLANCO-RAVENTOS-DALELLA-SARRIERA.jpg.png\" \/>\n\t<meta property=\"og:image:width\" content=\"765\" \/>\n\t<meta property=\"og:image:height\" content=\"1024\" \/>\n\t<meta property=\"og:image:type\" content=\"image\/png\" \/>\n<meta name=\"twitter:card\" content=\"summary_large_image\" \/>\n<meta name=\"twitter:label1\" content=\"Temps estimat de lectura\" \/>\n\t<meta name=\"twitter:data1\" content=\"2 minuts\" \/>\n<script type=\"application\/ld+json\" class=\"yoast-schema-graph\">{\"@context\":\"https:\/\/schema.org\",\"@graph\":[{\"@type\":\"WebPage\",\"@id\":\"https:\/\/aral2.cetrexmarketing.com\/ca\/producto\/raventos-dalella-sarriera\/\",\"url\":\"https:\/\/aral2.cetrexmarketing.com\/ca\/producto\/raventos-dalella-sarriera\/\",\"name\":\"Ravent\u00f3s d'Alella Sarriera Pansa Blanca vi blanc de la DO Alella\",\"isPartOf\":{\"@id\":\"https:\/\/aral2.cetrexmarketing.com\/#website\"},\"primaryImageOfPage\":{\"@id\":\"https:\/\/aral2.cetrexmarketing.com\/ca\/producto\/raventos-dalella-sarriera\/#primaryimage\"},\"image\":{\"@id\":\"https:\/\/aral2.cetrexmarketing.com\/ca\/producto\/raventos-dalella-sarriera\/#primaryimage\"},\"thumbnailUrl\":\"https:\/\/aral2.cetrexmarketing.com\/wp-content\/uploads\/2025\/05\/VINO-BLANCO-RAVENTOS-DALELLA-SARRIERA.jpg.png\",\"datePublished\":\"2025-05-25T07:07:24+00:00\",\"dateModified\":\"2025-05-27T06:56:48+00:00\",\"description\":\"Comprar online al millor preu el vi blanc Sarriera de Ravent\u00f3s d'Alella a la DO Alella. Viniteca. Licoreria. Begudes. Alimentaci\u00f3. Productes gourmet. Descomptes\",\"breadcrumb\":{\"@id\":\"https:\/\/aral2.cetrexmarketing.com\/ca\/producto\/raventos-dalella-sarriera\/#breadcrumb\"},\"inLanguage\":\"ca\",\"potentialAction\":[{\"@type\":\"ReadAction\",\"target\":[\"https:\/\/aral2.cetrexmarketing.com\/ca\/producto\/raventos-dalella-sarriera\/\"]}]},{\"@type\":\"ImageObject\",\"inLanguage\":\"ca\",\"@id\":\"https:\/\/aral2.cetrexmarketing.com\/ca\/producto\/raventos-dalella-sarriera\/#primaryimage\",\"url\":\"https:\/\/aral2.cetrexmarketing.com\/wp-content\/uploads\/2025\/05\/VINO-BLANCO-RAVENTOS-DALELLA-SARRIERA.jpg.png\",\"contentUrl\":\"https:\/\/aral2.cetrexmarketing.com\/wp-content\/uploads\/2025\/05\/VINO-BLANCO-RAVENTOS-DALELLA-SARRIERA.jpg.png\",\"width\":765,\"height\":1024},{\"@type\":\"BreadcrumbList\",\"@id\":\"https:\/\/aral2.cetrexmarketing.com\/ca\/producto\/raventos-dalella-sarriera\/#breadcrumb\",\"itemListElement\":[{\"@type\":\"ListItem\",\"position\":1,\"name\":\"Home\",\"item\":\"https:\/\/aral2.cetrexmarketing.com\/ca\/\"},{\"@type\":\"ListItem\",\"position\":2,\"name\":\"Tienda\",\"item\":\"https:\/\/aral2.cetrexmarketing.com\/ca\/tienda-2\/\"},{\"@type\":\"ListItem\",\"position\":3,\"name\":\"Vi\",\"item\":\"https:\/\/aral2.cetrexmarketing.com\/categoria-producto\/vi\/\"},{\"@type\":\"ListItem\",\"position\":4,\"name\":\"Vi Blanc\",\"item\":\"https:\/\/aral2.cetrexmarketing.com\/categoria-producto\/vi\/vi-blanc\/\"},{\"@type\":\"ListItem\",\"position\":5,\"name\":\"Ravent\u00f3s d&#8217;Alella Sarriera\"}]},{\"@type\":\"WebSite\",\"@id\":\"https:\/\/aral2.cetrexmarketing.com\/#website\",\"url\":\"https:\/\/aral2.cetrexmarketing.com\/\",\"name\":\"M\u00f3n La Cata\",\"description\":\"Tienda de vinos, licores, cervezas y gourmet\",\"publisher\":{\"@id\":\"https:\/\/aral2.cetrexmarketing.com\/#organization\"},\"potentialAction\":[{\"@type\":\"SearchAction\",\"target\":{\"@type\":\"EntryPoint\",\"urlTemplate\":\"https:\/\/aral2.cetrexmarketing.com\/?s={search_term_string}\"},\"query-input\":{\"@type\":\"PropertyValueSpecification\",\"valueRequired\":true,\"valueName\":\"search_term_string\"}}],\"inLanguage\":\"ca\"},{\"@type\":\"Organization\",\"@id\":\"https:\/\/aral2.cetrexmarketing.com\/#organization\",\"name\":\"M\u00f3n La Cata\",\"url\":\"https:\/\/aral2.cetrexmarketing.com\/\",\"logo\":{\"@type\":\"ImageObject\",\"inLanguage\":\"ca\",\"@id\":\"https:\/\/aral2.cetrexmarketing.com\/#\/schema\/logo\/image\/\",\"url\":\"https:\/\/aral2.cetrexmarketing.com\/wp-content\/uploads\/2024\/10\/aral-logo-neg-1024x409-1.png\",\"contentUrl\":\"https:\/\/aral2.cetrexmarketing.com\/wp-content\/uploads\/2024\/10\/aral-logo-neg-1024x409-1.png\",\"width\":1024,\"height\":409,\"caption\":\"M\u00f3n La Cata\"},\"image\":{\"@id\":\"https:\/\/aral2.cetrexmarketing.com\/#\/schema\/logo\/image\/\"}}]}<\/script>\n<!-- \/ Yoast SEO Premium plugin. -->","yoast_head_json":{"title":"Ravent\u00f3s d'Alella Sarriera Pansa Blanca vi blanc de la DO Alella","description":"Comprar online al millor preu el vi blanc Sarriera de Ravent\u00f3s d'Alella a la DO Alella. Viniteca. Licoreria. Begudes. Alimentaci\u00f3. Productes gourmet. Descomptes","robots":{"index":"noindex","follow":"follow","max-snippet":"max-snippet:-1","max-image-preview":"max-image-preview:large","max-video-preview":"max-video-preview:-1"},"og_locale":"ca_ES","og_type":"article","og_title":"Ravent\u00f3s d'Alella Sarriera","og_description":"Comprar online al millor preu el vi blanc Sarriera de Ravent\u00f3s d'Alella a la DO Alella. Viniteca. Licoreria. Begudes. Alimentaci\u00f3. Productes gourmet. Descomptes","og_url":"https:\/\/aral2.cetrexmarketing.com\/ca\/producto\/raventos-dalella-sarriera\/","og_site_name":"M\u00f3n La Cata","article_modified_time":"2025-05-27T06:56:48+00:00","og_image":[{"width":765,"height":1024,"url":"https:\/\/aral2.cetrexmarketing.com\/wp-content\/uploads\/2025\/05\/VINO-BLANCO-RAVENTOS-DALELLA-SARRIERA.jpg.png","type":"image\/png"}],"twitter_card":"summary_large_image","twitter_misc":{"Temps estimat de lectura":"2 minuts"},"schema":{"@context":"https:\/\/schema.org","@graph":[{"@type":"WebPage","@id":"https:\/\/aral2.cetrexmarketing.com\/ca\/producto\/raventos-dalella-sarriera\/","url":"https:\/\/aral2.cetrexmarketing.com\/ca\/producto\/raventos-dalella-sarriera\/","name":"Ravent\u00f3s d'Alella Sarriera Pansa Blanca vi blanc de la DO Alella","isPartOf":{"@id":"https:\/\/aral2.cetrexmarketing.com\/#website"},"primaryImageOfPage":{"@id":"https:\/\/aral2.cetrexmarketing.com\/ca\/producto\/raventos-dalella-sarriera\/#primaryimage"},"image":{"@id":"https:\/\/aral2.cetrexmarketing.com\/ca\/producto\/raventos-dalella-sarriera\/#primaryimage"},"thumbnailUrl":"https:\/\/aral2.cetrexmarketing.com\/wp-content\/uploads\/2025\/05\/VINO-BLANCO-RAVENTOS-DALELLA-SARRIERA.jpg.png","datePublished":"2025-05-25T07:07:24+00:00","dateModified":"2025-05-27T06:56:48+00:00","description":"Comprar online al millor preu el vi blanc Sarriera de Ravent\u00f3s d'Alella a la DO Alella. Viniteca. Licoreria. Begudes. Alimentaci\u00f3. Productes gourmet. Descomptes","breadcrumb":{"@id":"https:\/\/aral2.cetrexmarketing.com\/ca\/producto\/raventos-dalella-sarriera\/#breadcrumb"},"inLanguage":"ca","potentialAction":[{"@type":"ReadAction","target":["https:\/\/aral2.cetrexmarketing.com\/ca\/producto\/raventos-dalella-sarriera\/"]}]},{"@type":"ImageObject","inLanguage":"ca","@id":"https:\/\/aral2.cetrexmarketing.com\/ca\/producto\/raventos-dalella-sarriera\/#primaryimage","url":"https:\/\/aral2.cetrexmarketing.com\/wp-content\/uploads\/2025\/05\/VINO-BLANCO-RAVENTOS-DALELLA-SARRIERA.jpg.png","contentUrl":"https:\/\/aral2.cetrexmarketing.com\/wp-content\/uploads\/2025\/05\/VINO-BLANCO-RAVENTOS-DALELLA-SARRIERA.jpg.png","width":765,"height":1024},{"@type":"BreadcrumbList","@id":"https:\/\/aral2.cetrexmarketing.com\/ca\/producto\/raventos-dalella-sarriera\/#breadcrumb","itemListElement":[{"@type":"ListItem","position":1,"name":"Home","item":"https:\/\/aral2.cetrexmarketing.com\/ca\/"},{"@type":"ListItem","position":2,"name":"Tienda","item":"https:\/\/aral2.cetrexmarketing.com\/ca\/tienda-2\/"},{"@type":"ListItem","position":3,"name":"Vi","item":"https:\/\/aral2.cetrexmarketing.com\/categoria-producto\/vi\/"},{"@type":"ListItem","position":4,"name":"Vi Blanc","item":"https:\/\/aral2.cetrexmarketing.com\/categoria-producto\/vi\/vi-blanc\/"},{"@type":"ListItem","position":5,"name":"Ravent\u00f3s d&#8217;Alella Sarriera"}]},{"@type":"WebSite","@id":"https:\/\/aral2.cetrexmarketing.com\/#website","url":"https:\/\/aral2.cetrexmarketing.com\/","name":"M\u00f3n La Cata","description":"Tienda de vinos, licores, cervezas y gourmet","publisher":{"@id":"https:\/\/aral2.cetrexmarketing.com\/#organization"},"potentialAction":[{"@type":"SearchAction","target":{"@type":"EntryPoint","urlTemplate":"https:\/\/aral2.cetrexmarketing.com\/?s={search_term_string}"},"query-input":{"@type":"PropertyValueSpecification","valueRequired":true,"valueName":"search_term_string"}}],"inLanguage":"ca"},{"@type":"Organization","@id":"https:\/\/aral2.cetrexmarketing.com\/#organization","name":"M\u00f3n La Cata","url":"https:\/\/aral2.cetrexmarketing.com\/","logo":{"@type":"ImageObject","inLanguage":"ca","@id":"https:\/\/aral2.cetrexmarketing.com\/#\/schema\/logo\/image\/","url":"https:\/\/aral2.cetrexmarketing.com\/wp-content\/uploads\/2024\/10\/aral-logo-neg-1024x409-1.png","contentUrl":"https:\/\/aral2.cetrexmarketing.com\/wp-content\/uploads\/2024\/10\/aral-logo-neg-1024x409-1.png","width":1024,"height":409,"caption":"M\u00f3n La Cata"},"image":{"@id":"https:\/\/aral2.cetrexmarketing.com\/#\/schema\/logo\/image\/"}}]}},"brands":[{"id":32865,"name":"Alella D.O.","slug":"alella-d-o"}],"_links":{"self":[{"href":"https:\/\/aral2.cetrexmarketing.com\/ca\/wp-json\/wp\/v2\/product\/88539","targetHints":{"allow":["GET"]}}],"collection":[{"href":"https:\/\/aral2.cetrexmarketing.com\/ca\/wp-json\/wp\/v2\/product"}],"about":[{"href":"https:\/\/aral2.cetrexmarketing.com\/ca\/wp-json\/wp\/v2\/types\/product"}],"replies":[{"embeddable":true,"href":"https:\/\/aral2.cetrexmarketing.com\/ca\/wp-json\/wp\/v2\/comments?post=88539"}],"wp:featuredmedia":[{"embeddable":true,"href":"https:\/\/aral2.cetrexmarketing.com\/ca\/wp-json\/wp\/v2\/media\/88536"}],"wp:attachment":[{"href":"https:\/\/aral2.cetrexmarketing.com\/ca\/wp-json\/wp\/v2\/media?parent=88539"}],"wp:term":[{"taxonomy":"pwb-brand","embeddable":true,"href":"https:\/\/aral2.cetrexmarketing.com\/ca\/wp-json\/wp\/v2\/pwb-brand?post=88539"},{"taxonomy":"product_brand","embeddable":true,"href":"https:\/\/aral2.cetrexmarketing.com\/ca\/wp-json\/wp\/v2\/product_brand?post=88539"},{"taxonomy":"product_cat","embeddable":true,"href":"https:\/\/aral2.cetrexmarketing.com\/ca\/wp-json\/wp\/v2\/product_cat?post=88539"},{"taxonomy":"product_tag","embeddable":true,"href":"https:\/\/aral2.cetrexmarketing.com\/ca\/wp-json\/wp\/v2\/product_tag?post=88539"}],"curies":[{"name":"wp","href":"https:\/\/api.w.org\/{rel}","templated":true}]}}