{"id":88313,"date":"2025-05-25T07:03:47","date_gmt":"2025-05-25T07:03:47","guid":{"rendered":"https:\/\/aral2.cetrexmarketing.com\/producto\/blanc-mariner\/"},"modified":"2025-05-27T06:55:49","modified_gmt":"2025-05-27T06:55:49","slug":"blanc-mariner","status":"publish","type":"product","link":"https:\/\/aral2.cetrexmarketing.com\/ca\/producto\/blanc-mariner\/","title":{"rendered":"Blanc Mariner"},"content":{"rendered":"<p class=\"\" data-start=\"0\" data-end=\"379\"><strong data-start=\"0\" data-end=\"17\">Blanc Mariner<\/strong> \u00e9s un <strong data-start=\"24\" data-end=\"36\">vi blanc<\/strong> que destaca per la seva <strong data-start=\"61\" data-end=\"72\">frescor<\/strong>, <strong data-start=\"74\" data-end=\"87\">eleg\u00e0ncia<\/strong> i <strong data-start=\"90\" data-end=\"103\">equilibri<\/strong>. Prov\u00e9 de les <strong data-start=\"118\" data-end=\"149\">regions vin\u00edcoles d&#8217;Espanya<\/strong>, i es elabora amb una <strong data-start=\"172\" data-end=\"229\">mescla de varietats de ra\u00efm aut\u00f2ctones i tradicionals<\/strong>. \u00c9s ideal per aquells que busquen un vi fresc i vers\u00e0til, amb una personalitat lleugera que el fa perfecte per acompanyar una gran varietat de plats.<\/p>\n<h3 class=\"\" data-start=\"386\" data-end=\"422\"><strong data-start=\"390\" data-end=\"422\">Caracter\u00edstiques principals:<\/strong><\/h3>\n<ul data-start=\"423\" data-end=\"1054\">\n<li class=\"\" data-start=\"423\" data-end=\"444\">\n<p class=\"\" data-start=\"425\" data-end=\"444\"><strong data-start=\"425\" data-end=\"436\">Origen:<\/strong> Espanya<\/p>\n<\/li>\n<li class=\"\" data-start=\"445\" data-end=\"470\">\n<p class=\"\" data-start=\"447\" data-end=\"470\"><strong data-start=\"447\" data-end=\"457\">Tipus:<\/strong> <strong data-start=\"458\" data-end=\"470\">Vi blanc<\/strong><\/p>\n<\/li>\n<li class=\"\" data-start=\"471\" data-end=\"588\">\n<p class=\"\" data-start=\"473\" data-end=\"588\"><strong data-start=\"473\" data-end=\"495\">Varietats de ra\u00efm:<\/strong> Generalment una mescla de varietats aut\u00f2ctones com <strong data-start=\"547\" data-end=\"558\">Macabeu<\/strong>, <strong data-start=\"560\" data-end=\"572\">Xarel\u00b7lo<\/strong> o <strong data-start=\"575\" data-end=\"588\">Parellada<\/strong><\/p>\n<\/li>\n<li class=\"\" data-start=\"589\" data-end=\"647\">\n<p class=\"\" data-start=\"591\" data-end=\"647\"><strong data-start=\"591\" data-end=\"616\">Graduaci\u00f3 alcoh\u00f2lica:<\/strong> Aproximadament <strong data-start=\"632\" data-end=\"647\">12-13% vol.<\/strong><\/p>\n<\/li>\n<li class=\"\" data-start=\"648\" data-end=\"704\">\n<p class=\"\" data-start=\"650\" data-end=\"704\"><strong data-start=\"650\" data-end=\"660\">Color:<\/strong> <strong data-start=\"661\" data-end=\"677\">Groc p\u00e0l\u00b7lid<\/strong>, amb <strong data-start=\"683\" data-end=\"704\">reflexos verdosos<\/strong><\/p>\n<\/li>\n<li class=\"\" data-start=\"705\" data-end=\"805\">\n<p class=\"\" data-start=\"707\" data-end=\"805\"><strong data-start=\"707\" data-end=\"717\">Aroma:<\/strong> <strong data-start=\"718\" data-end=\"738\">Fresc i afruitat<\/strong>, amb notes de <strong data-start=\"753\" data-end=\"764\">c\u00edtrics<\/strong>, <strong data-start=\"766\" data-end=\"780\">poma verda<\/strong> i un toc floral delicat.<\/p>\n<\/li>\n<li class=\"\" data-start=\"806\" data-end=\"937\">\n<p class=\"\" data-start=\"808\" data-end=\"937\"><strong data-start=\"808\" data-end=\"818\">Sabor:<\/strong> <strong data-start=\"819\" data-end=\"840\">Suau i refrescant<\/strong>, amb una <strong data-start=\"850\" data-end=\"873\">acidesa equilibrada<\/strong> i un toc <strong data-start=\"883\" data-end=\"894\">mineral<\/strong> que li dona una agradable <strong data-start=\"921\" data-end=\"936\">complexitat<\/strong>.<\/p>\n<\/li>\n<li class=\"\" data-start=\"938\" data-end=\"1054\">\n<p class=\"\" data-start=\"940\" data-end=\"1054\"><strong data-start=\"940\" data-end=\"950\">Final:<\/strong> <strong data-start=\"951\" data-end=\"965\">Net, fresc<\/strong> i agradablement <strong data-start=\"982\" data-end=\"996\">persistent<\/strong>, amb una lleugera sensaci\u00f3 <strong data-start=\"1024\" data-end=\"1037\">afruitada<\/strong> en el retrogust.<\/p>\n<\/li>\n<\/ul>\n<h3 class=\"\" data-start=\"1061\" data-end=\"1085\"><strong data-start=\"1065\" data-end=\"1085\">Usos recomanats:<\/strong><\/h3>\n<p class=\"\" data-start=\"1086\" data-end=\"1339\"><strong data-start=\"1088\" data-end=\"1120\">Ideal per acompanyar mariscs<\/strong>, <strong data-start=\"1122\" data-end=\"1132\">peixos<\/strong>, <strong data-start=\"1134\" data-end=\"1146\">amanides<\/strong> i plats <strong data-start=\"1155\" data-end=\"1167\">lleugers<\/strong>.<br data-start=\"1168\" data-end=\"1171\" \/><strong data-start=\"1173\" data-end=\"1200\">Perfecte com a aperitiu<\/strong> o per compartir en <strong data-start=\"1220\" data-end=\"1241\">menjars informals<\/strong> o <strong data-start=\"1244\" data-end=\"1260\">celebracions<\/strong>.<br data-start=\"1261\" data-end=\"1264\" \/>Tamb\u00e9 es pot maridar amb <strong data-start=\"1291\" data-end=\"1312\">formatges frescos<\/strong> o <strong data-start=\"1315\" data-end=\"1338\">tapes mediterr\u00e0nies<\/strong>.<\/p>\n<h3 class=\"\" data-start=\"1346\" data-end=\"1366\"><strong data-start=\"1350\" data-end=\"1366\">Conservaci\u00f3:<\/strong><\/h3>\n<ul data-start=\"1367\" data-end=\"1535\">\n<li class=\"\" data-start=\"1367\" data-end=\"1433\">\n<p class=\"\" data-start=\"1369\" data-end=\"1433\"><strong data-start=\"1369\" data-end=\"1403\">Guardar en un lloc fresc i sec<\/strong>, allunyat de la llum directa.<\/p>\n<\/li>\n<li class=\"\" data-start=\"1434\" data-end=\"1535\">\n<p class=\"\" data-start=\"1436\" data-end=\"1535\">\u00c9s recomanable <strong data-start=\"1451\" data-end=\"1483\">consumir-lo dins de 2-3 anys<\/strong> despr\u00e9s de la compra per gaudir de la seva frescor.<\/p>\n<\/li>\n<\/ul>\n<p class=\"\" data-start=\"1542\" data-end=\"1712\">\ud83c\udf77 <strong data-start=\"1545\" data-end=\"1562\">Blanc Mariner<\/strong> \u00e9s una opci\u00f3 ideal per aquells que busquen un vi <strong data-start=\"1612\" data-end=\"1635\">lleuger, refrescant<\/strong> i de <strong data-start=\"1641\" data-end=\"1656\">f\u00e0cil gaudi<\/strong>, perfecte per a qualsevol ocasi\u00f3 informal o celebraci\u00f3.<\/p>\n","protected":false},"excerpt":{"rendered":"<p>Blanc Mariner \u00e9s un vi blanc que destaca per la seva frescor, eleg\u00e0ncia i equilibri. Prov\u00e9 de les regions vin\u00edcoles d&#8217;Espanya, i es elabora amb una mescla de varietats de ra\u00efm aut\u00f2ctones i tradicionals. \u00c9s ideal per aquells que busquen un vi fresc i vers\u00e0til, amb una personalitat lleugera que el fa perfecte per acompanyar&hellip;<\/p>\n","protected":false},"featured_media":88272,"comment_status":"closed","ping_status":"closed","template":"","meta":{"_acf_changed":false},"pwb-brand":[32895],"product_brand":[],"product_cat":[51670,51672],"product_tag":[15054,14981,48917,15846],"class_list":{"0":"post-88313","1":"product","2":"type-product","3":"status-publish","4":"has-post-thumbnail","6":"pwb-brand-penedes-d-o","7":"product_cat-vi","8":"product_cat-vi-blanc","9":"product_tag-chardonnay-ca","10":"product_tag-do-penedes-ca","11":"product_tag-vi-blanc-ca","12":"product_tag-xarel-lo-ca","13":"pa_anada-45483","14":"pa_bodega-bodegasjsarda","15":"pa_do-penedes-d-o-ca","16":"pa_formatoenl-36158","17":"pa_formatoenml-38306","18":"pa_fresco-blanc-fresc","19":"pa_graduacion-12_0","20":"pa_maridaje-marisc","21":"pa_maridaje-peix","22":"pa_maridaje-verdures","23":"pa_pais-espanya-ca","24":"pa_pesoengramos-38337","25":"pa_pesoenkg-125-ca","26":"pa_region-cataluna","27":"pa_tipodevino-vi-tranquil","28":"pa_variedad-principal-chardonnay-ca","29":"pa_variedad-principal-xarello","30":"entry","31":"has-media","33":"first","34":"instock","35":"taxable","36":"shipping-taxable","37":"purchasable","38":"product-type-simple"},"acf":[],"yoast_head":"<!-- This site is optimized with the Yoast SEO Premium plugin v23.1 (Yoast SEO v23.5) - https:\/\/yoast.com\/wordpress\/plugins\/seo\/ -->\n<title>Blanc Mariner de Bodegas J. Sard\u00e0 d.o. Pened\u00e8s<\/title>\n<meta name=\"description\" content=\"Comprar aquest vi blanc de la DO Pened\u00e8s, Blanc Mariner del celler Joan Sard\u00e0\" \/>\n<meta name=\"robots\" content=\"noindex, follow, max-snippet:-1, max-image-preview:large, max-video-preview:-1\" \/>\n<meta property=\"og:locale\" content=\"ca_ES\" \/>\n<meta property=\"og:type\" content=\"article\" \/>\n<meta property=\"og:title\" content=\"Blanc Mariner\" \/>\n<meta property=\"og:description\" content=\"Comprar aquest vi blanc de la DO Pened\u00e8s, Blanc Mariner del celler Joan Sard\u00e0\" \/>\n<meta property=\"og:url\" content=\"https:\/\/aral2.cetrexmarketing.com\/ca\/producto\/blanc-mariner\/\" \/>\n<meta property=\"og:site_name\" content=\"M\u00f3n La Cata\" \/>\n<meta property=\"article:modified_time\" content=\"2025-05-27T06:55:49+00:00\" \/>\n<meta property=\"og:image\" content=\"https:\/\/aral2.cetrexmarketing.com\/wp-content\/uploads\/2025\/05\/Joan-Sarda-Blanc-Mariner.jpg.png\" \/>\n\t<meta property=\"og:image:width\" content=\"765\" \/>\n\t<meta property=\"og:image:height\" content=\"1024\" \/>\n\t<meta property=\"og:image:type\" content=\"image\/png\" \/>\n<meta name=\"twitter:card\" content=\"summary_large_image\" \/>\n<meta name=\"twitter:label1\" content=\"Temps estimat de lectura\" \/>\n\t<meta name=\"twitter:data1\" content=\"2 minuts\" \/>\n<script type=\"application\/ld+json\" class=\"yoast-schema-graph\">{\"@context\":\"https:\/\/schema.org\",\"@graph\":[{\"@type\":\"WebPage\",\"@id\":\"https:\/\/aral2.cetrexmarketing.com\/ca\/producto\/blanc-mariner\/\",\"url\":\"https:\/\/aral2.cetrexmarketing.com\/ca\/producto\/blanc-mariner\/\",\"name\":\"Blanc Mariner de Bodegas J. Sard\u00e0 d.o. Pened\u00e8s\",\"isPartOf\":{\"@id\":\"https:\/\/aral2.cetrexmarketing.com\/#website\"},\"primaryImageOfPage\":{\"@id\":\"https:\/\/aral2.cetrexmarketing.com\/ca\/producto\/blanc-mariner\/#primaryimage\"},\"image\":{\"@id\":\"https:\/\/aral2.cetrexmarketing.com\/ca\/producto\/blanc-mariner\/#primaryimage\"},\"thumbnailUrl\":\"https:\/\/aral2.cetrexmarketing.com\/wp-content\/uploads\/2025\/05\/Joan-Sarda-Blanc-Mariner.jpg.png\",\"datePublished\":\"2025-05-25T07:03:47+00:00\",\"dateModified\":\"2025-05-27T06:55:49+00:00\",\"description\":\"Comprar aquest vi blanc de la DO Pened\u00e8s, Blanc Mariner del celler Joan Sard\u00e0\",\"breadcrumb\":{\"@id\":\"https:\/\/aral2.cetrexmarketing.com\/ca\/producto\/blanc-mariner\/#breadcrumb\"},\"inLanguage\":\"ca\",\"potentialAction\":[{\"@type\":\"ReadAction\",\"target\":[\"https:\/\/aral2.cetrexmarketing.com\/ca\/producto\/blanc-mariner\/\"]}]},{\"@type\":\"ImageObject\",\"inLanguage\":\"ca\",\"@id\":\"https:\/\/aral2.cetrexmarketing.com\/ca\/producto\/blanc-mariner\/#primaryimage\",\"url\":\"https:\/\/aral2.cetrexmarketing.com\/wp-content\/uploads\/2025\/05\/Joan-Sarda-Blanc-Mariner.jpg.png\",\"contentUrl\":\"https:\/\/aral2.cetrexmarketing.com\/wp-content\/uploads\/2025\/05\/Joan-Sarda-Blanc-Mariner.jpg.png\",\"width\":765,\"height\":1024},{\"@type\":\"BreadcrumbList\",\"@id\":\"https:\/\/aral2.cetrexmarketing.com\/ca\/producto\/blanc-mariner\/#breadcrumb\",\"itemListElement\":[{\"@type\":\"ListItem\",\"position\":1,\"name\":\"Home\",\"item\":\"https:\/\/aral2.cetrexmarketing.com\/ca\/\"},{\"@type\":\"ListItem\",\"position\":2,\"name\":\"Tienda\",\"item\":\"https:\/\/aral2.cetrexmarketing.com\/ca\/tienda-2\/\"},{\"@type\":\"ListItem\",\"position\":3,\"name\":\"Vi\",\"item\":\"https:\/\/aral2.cetrexmarketing.com\/categoria-producto\/vi\/\"},{\"@type\":\"ListItem\",\"position\":4,\"name\":\"Vi Blanc\",\"item\":\"https:\/\/aral2.cetrexmarketing.com\/categoria-producto\/vi\/vi-blanc\/\"},{\"@type\":\"ListItem\",\"position\":5,\"name\":\"Blanc Mariner\"}]},{\"@type\":\"WebSite\",\"@id\":\"https:\/\/aral2.cetrexmarketing.com\/#website\",\"url\":\"https:\/\/aral2.cetrexmarketing.com\/\",\"name\":\"M\u00f3n La Cata\",\"description\":\"Tienda de vinos, licores, cervezas y gourmet\",\"publisher\":{\"@id\":\"https:\/\/aral2.cetrexmarketing.com\/#organization\"},\"potentialAction\":[{\"@type\":\"SearchAction\",\"target\":{\"@type\":\"EntryPoint\",\"urlTemplate\":\"https:\/\/aral2.cetrexmarketing.com\/?s={search_term_string}\"},\"query-input\":{\"@type\":\"PropertyValueSpecification\",\"valueRequired\":true,\"valueName\":\"search_term_string\"}}],\"inLanguage\":\"ca\"},{\"@type\":\"Organization\",\"@id\":\"https:\/\/aral2.cetrexmarketing.com\/#organization\",\"name\":\"M\u00f3n La Cata\",\"url\":\"https:\/\/aral2.cetrexmarketing.com\/\",\"logo\":{\"@type\":\"ImageObject\",\"inLanguage\":\"ca\",\"@id\":\"https:\/\/aral2.cetrexmarketing.com\/#\/schema\/logo\/image\/\",\"url\":\"https:\/\/aral2.cetrexmarketing.com\/wp-content\/uploads\/2024\/10\/aral-logo-neg-1024x409-1.png\",\"contentUrl\":\"https:\/\/aral2.cetrexmarketing.com\/wp-content\/uploads\/2024\/10\/aral-logo-neg-1024x409-1.png\",\"width\":1024,\"height\":409,\"caption\":\"M\u00f3n La Cata\"},\"image\":{\"@id\":\"https:\/\/aral2.cetrexmarketing.com\/#\/schema\/logo\/image\/\"}}]}<\/script>\n<!-- \/ Yoast SEO Premium plugin. -->","yoast_head_json":{"title":"Blanc Mariner de Bodegas J. Sard\u00e0 d.o. Pened\u00e8s","description":"Comprar aquest vi blanc de la DO Pened\u00e8s, Blanc Mariner del celler Joan Sard\u00e0","robots":{"index":"noindex","follow":"follow","max-snippet":"max-snippet:-1","max-image-preview":"max-image-preview:large","max-video-preview":"max-video-preview:-1"},"og_locale":"ca_ES","og_type":"article","og_title":"Blanc Mariner","og_description":"Comprar aquest vi blanc de la DO Pened\u00e8s, Blanc Mariner del celler Joan Sard\u00e0","og_url":"https:\/\/aral2.cetrexmarketing.com\/ca\/producto\/blanc-mariner\/","og_site_name":"M\u00f3n La Cata","article_modified_time":"2025-05-27T06:55:49+00:00","og_image":[{"width":765,"height":1024,"url":"https:\/\/aral2.cetrexmarketing.com\/wp-content\/uploads\/2025\/05\/Joan-Sarda-Blanc-Mariner.jpg.png","type":"image\/png"}],"twitter_card":"summary_large_image","twitter_misc":{"Temps estimat de lectura":"2 minuts"},"schema":{"@context":"https:\/\/schema.org","@graph":[{"@type":"WebPage","@id":"https:\/\/aral2.cetrexmarketing.com\/ca\/producto\/blanc-mariner\/","url":"https:\/\/aral2.cetrexmarketing.com\/ca\/producto\/blanc-mariner\/","name":"Blanc Mariner de Bodegas J. Sard\u00e0 d.o. Pened\u00e8s","isPartOf":{"@id":"https:\/\/aral2.cetrexmarketing.com\/#website"},"primaryImageOfPage":{"@id":"https:\/\/aral2.cetrexmarketing.com\/ca\/producto\/blanc-mariner\/#primaryimage"},"image":{"@id":"https:\/\/aral2.cetrexmarketing.com\/ca\/producto\/blanc-mariner\/#primaryimage"},"thumbnailUrl":"https:\/\/aral2.cetrexmarketing.com\/wp-content\/uploads\/2025\/05\/Joan-Sarda-Blanc-Mariner.jpg.png","datePublished":"2025-05-25T07:03:47+00:00","dateModified":"2025-05-27T06:55:49+00:00","description":"Comprar aquest vi blanc de la DO Pened\u00e8s, Blanc Mariner del celler Joan Sard\u00e0","breadcrumb":{"@id":"https:\/\/aral2.cetrexmarketing.com\/ca\/producto\/blanc-mariner\/#breadcrumb"},"inLanguage":"ca","potentialAction":[{"@type":"ReadAction","target":["https:\/\/aral2.cetrexmarketing.com\/ca\/producto\/blanc-mariner\/"]}]},{"@type":"ImageObject","inLanguage":"ca","@id":"https:\/\/aral2.cetrexmarketing.com\/ca\/producto\/blanc-mariner\/#primaryimage","url":"https:\/\/aral2.cetrexmarketing.com\/wp-content\/uploads\/2025\/05\/Joan-Sarda-Blanc-Mariner.jpg.png","contentUrl":"https:\/\/aral2.cetrexmarketing.com\/wp-content\/uploads\/2025\/05\/Joan-Sarda-Blanc-Mariner.jpg.png","width":765,"height":1024},{"@type":"BreadcrumbList","@id":"https:\/\/aral2.cetrexmarketing.com\/ca\/producto\/blanc-mariner\/#breadcrumb","itemListElement":[{"@type":"ListItem","position":1,"name":"Home","item":"https:\/\/aral2.cetrexmarketing.com\/ca\/"},{"@type":"ListItem","position":2,"name":"Tienda","item":"https:\/\/aral2.cetrexmarketing.com\/ca\/tienda-2\/"},{"@type":"ListItem","position":3,"name":"Vi","item":"https:\/\/aral2.cetrexmarketing.com\/categoria-producto\/vi\/"},{"@type":"ListItem","position":4,"name":"Vi Blanc","item":"https:\/\/aral2.cetrexmarketing.com\/categoria-producto\/vi\/vi-blanc\/"},{"@type":"ListItem","position":5,"name":"Blanc Mariner"}]},{"@type":"WebSite","@id":"https:\/\/aral2.cetrexmarketing.com\/#website","url":"https:\/\/aral2.cetrexmarketing.com\/","name":"M\u00f3n La Cata","description":"Tienda de vinos, licores, cervezas y gourmet","publisher":{"@id":"https:\/\/aral2.cetrexmarketing.com\/#organization"},"potentialAction":[{"@type":"SearchAction","target":{"@type":"EntryPoint","urlTemplate":"https:\/\/aral2.cetrexmarketing.com\/?s={search_term_string}"},"query-input":{"@type":"PropertyValueSpecification","valueRequired":true,"valueName":"search_term_string"}}],"inLanguage":"ca"},{"@type":"Organization","@id":"https:\/\/aral2.cetrexmarketing.com\/#organization","name":"M\u00f3n La Cata","url":"https:\/\/aral2.cetrexmarketing.com\/","logo":{"@type":"ImageObject","inLanguage":"ca","@id":"https:\/\/aral2.cetrexmarketing.com\/#\/schema\/logo\/image\/","url":"https:\/\/aral2.cetrexmarketing.com\/wp-content\/uploads\/2024\/10\/aral-logo-neg-1024x409-1.png","contentUrl":"https:\/\/aral2.cetrexmarketing.com\/wp-content\/uploads\/2024\/10\/aral-logo-neg-1024x409-1.png","width":1024,"height":409,"caption":"M\u00f3n La Cata"},"image":{"@id":"https:\/\/aral2.cetrexmarketing.com\/#\/schema\/logo\/image\/"}}]}},"brands":[{"id":32895,"name":"Pened\u00e8s D.O.","slug":"penedes-d-o"}],"_links":{"self":[{"href":"https:\/\/aral2.cetrexmarketing.com\/ca\/wp-json\/wp\/v2\/product\/88313","targetHints":{"allow":["GET"]}}],"collection":[{"href":"https:\/\/aral2.cetrexmarketing.com\/ca\/wp-json\/wp\/v2\/product"}],"about":[{"href":"https:\/\/aral2.cetrexmarketing.com\/ca\/wp-json\/wp\/v2\/types\/product"}],"replies":[{"embeddable":true,"href":"https:\/\/aral2.cetrexmarketing.com\/ca\/wp-json\/wp\/v2\/comments?post=88313"}],"wp:featuredmedia":[{"embeddable":true,"href":"https:\/\/aral2.cetrexmarketing.com\/ca\/wp-json\/wp\/v2\/media\/88272"}],"wp:attachment":[{"href":"https:\/\/aral2.cetrexmarketing.com\/ca\/wp-json\/wp\/v2\/media?parent=88313"}],"wp:term":[{"taxonomy":"pwb-brand","embeddable":true,"href":"https:\/\/aral2.cetrexmarketing.com\/ca\/wp-json\/wp\/v2\/pwb-brand?post=88313"},{"taxonomy":"product_brand","embeddable":true,"href":"https:\/\/aral2.cetrexmarketing.com\/ca\/wp-json\/wp\/v2\/product_brand?post=88313"},{"taxonomy":"product_cat","embeddable":true,"href":"https:\/\/aral2.cetrexmarketing.com\/ca\/wp-json\/wp\/v2\/product_cat?post=88313"},{"taxonomy":"product_tag","embeddable":true,"href":"https:\/\/aral2.cetrexmarketing.com\/ca\/wp-json\/wp\/v2\/product_tag?post=88313"}],"curies":[{"name":"wp","href":"https:\/\/api.w.org\/{rel}","templated":true}]}}