{"id":88181,"date":"2025-05-25T07:02:16","date_gmt":"2025-05-25T07:02:16","guid":{"rendered":"https:\/\/aral2.cetrexmarketing.com\/producto\/gatao-vinho-verde\/"},"modified":"2025-05-27T06:55:18","modified_gmt":"2025-05-27T06:55:18","slug":"gatao-vinho-verde","status":"publish","type":"product","link":"https:\/\/aral2.cetrexmarketing.com\/ca\/producto\/gatao-vinho-verde\/","title":{"rendered":"Gatao Vinho Verde"},"content":{"rendered":"<p class=\"\" data-start=\"1503\" data-end=\"1550\"><strong data-start=\"1503\" data-end=\"1550\">Gat\u00e3o Vinho Verde\u00a0<\/strong><\/p>\n<p class=\"\" data-start=\"1552\" data-end=\"1580\"><strong data-start=\"1552\" data-end=\"1580\">Descripci\u00f3 del producte:<\/strong><\/p>\n<p class=\"\" data-start=\"1582\" data-end=\"1904\">Gat\u00e3o Vinho Verde \u00e9s un vi blanc portugu\u00e8s elaborat a la regi\u00f3 demarcada de Vinho Verde, al nord-oest de Portugal. Produ\u00eft pel celler Borges, aquest vi es caracteritza per la seva frescor, lleugeresa i un toc lleugerament efervescent, cosa que el converteix en una opci\u00f3 ideal per gaudir en climes c\u00e0lids o com a aperitiu.<\/p>\n<p class=\"\" data-start=\"1906\" data-end=\"1927\"><strong data-start=\"1906\" data-end=\"1927\">Caracter\u00edstiques:<\/strong><\/p>\n<ul data-start=\"1929\" data-end=\"2134\">\n<li class=\"\" data-start=\"1929\" data-end=\"1973\">\n<p class=\"\" data-start=\"1931\" data-end=\"1973\"><strong data-start=\"1931\" data-end=\"1942\">Origen:<\/strong> Regi\u00f3 de Vinho Verde, Portugal<\/p>\n<\/li>\n<li class=\"\" data-start=\"1974\" data-end=\"2042\">\n<p class=\"\" data-start=\"1976\" data-end=\"2042\"><strong data-start=\"1976\" data-end=\"1998\">Varietats de ra\u00efm:<\/strong> Azal, Pedern\u00e3, Trajadura, Avesso i Loureiro<\/p>\n<\/li>\n<li class=\"\" data-start=\"2043\" data-end=\"2078\">\n<p class=\"\" data-start=\"2045\" data-end=\"2078\"><strong data-start=\"2045\" data-end=\"2070\">Graduaci\u00f3 alcoh\u00f2lica:<\/strong> 9% vol.<\/p>\n<\/li>\n<li class=\"\" data-start=\"2079\" data-end=\"2134\">\n<p class=\"\" data-start=\"2081\" data-end=\"2134\"><strong data-start=\"2081\" data-end=\"2091\">Estil:<\/strong> Blanc jove, semi-sec, lleugerament escum\u00f3s<\/p>\n<\/li>\n<\/ul>\n<p class=\"\" data-start=\"2136\" data-end=\"2154\"><strong data-start=\"2136\" data-end=\"2154\">Notes de tast:<\/strong><\/p>\n<ul data-start=\"2156\" data-end=\"2445\">\n<li class=\"\" data-start=\"2156\" data-end=\"2201\">\n<p class=\"\" data-start=\"2158\" data-end=\"2201\"><strong data-start=\"2158\" data-end=\"2168\">Vista:<\/strong> Color groc clar, brillant i net.<\/p>\n<\/li>\n<li class=\"\" data-start=\"2202\" data-end=\"2316\">\n<p class=\"\" data-start=\"2204\" data-end=\"2316\"><strong data-start=\"2204\" data-end=\"2212\">Nas:<\/strong> Aromes joves i afruitats, amb notes c\u00edtriques de llimona i llima, acompanyades de tocs de mel\u00f3 i pinya.<\/p>\n<\/li>\n<li class=\"\" data-start=\"2317\" data-end=\"2445\">\n<p class=\"\" data-start=\"2319\" data-end=\"2445\"><strong data-start=\"2319\" data-end=\"2328\">Boca:<\/strong> Sabor delicat i suau, fresc i afruitat, amb una lleugera efervesc\u00e8ncia que aporta vivacitat. Final net i refrescant.<\/p>\n<\/li>\n<\/ul>\n<p class=\"\" data-start=\"2447\" data-end=\"2471\"><strong data-start=\"2447\" data-end=\"2471\">Maridatge recomanat:<\/strong><\/p>\n<p class=\"\" data-start=\"2473\" data-end=\"2617\">Perfecte per acompanyar marisc, peixos lleugers, amanides i aperitius. Tamb\u00e9 es gaudeix sol, ben fred, com a vi d&#8217;estiu o en reunions informals.<\/p>\n<p class=\"\" data-start=\"2619\" data-end=\"2633\"><strong data-start=\"2619\" data-end=\"2633\">Conclusi\u00f3:<\/strong><\/p>\n<p class=\"\" data-start=\"2635\" data-end=\"2882\">Gat\u00e3o Vinho Verde \u00e9s un vi blanc jove i refrescant que reflecteix la tradici\u00f3 i autenticitat de la regi\u00f3 de Vinho Verde. El seu perfil lleuger i afruitat el fa ideal per a aquells que cerquen una opci\u00f3 vers\u00e0til i agradable per a diverses ocasions.<\/p>\n","protected":false},"excerpt":{"rendered":"<p>Gat\u00e3o Vinho Verde\u00a0 Descripci\u00f3 del producte: Gat\u00e3o Vinho Verde \u00e9s un vi blanc portugu\u00e8s elaborat a la regi\u00f3 demarcada de Vinho Verde, al nord-oest de Portugal. Produ\u00eft pel celler Borges, aquest vi es caracteritza per la seva frescor, lleugeresa i un toc lleugerament efervescent, cosa que el converteix en una opci\u00f3 ideal per gaudir en&hellip;<\/p>\n","protected":false},"featured_media":88178,"comment_status":"closed","ping_status":"closed","template":"","meta":{"_acf_changed":false},"pwb-brand":[32997],"product_brand":[],"product_cat":[51670,51672],"product_tag":[16829,15709,48917],"class_list":{"0":"post-88181","1":"product","2":"type-product","3":"status-publish","4":"has-post-thumbnail","6":"pwb-brand-vinos-de-portugal","7":"product_cat-vi","8":"product_cat-vi-blanc","9":"product_tag-gatao-ca","10":"product_tag-portugal-ca","11":"product_tag-vi-blanc-ca","12":"pa_bodega-bodegasborges","13":"pa_do-vinhoverdedoc-ca","14":"pa_formatoenl-36158","15":"pa_formatoenml-38306","16":"pa_graduacion-36093","17":"pa_pais-portugal-ca","18":"pa_pesoengramos-38337","19":"pa_pesoenkg-125-ca","20":"pa_tipodevino-vi-tranquil","21":"entry","22":"has-media","24":"first","25":"instock","26":"taxable","27":"shipping-taxable","28":"purchasable","29":"product-type-simple"},"acf":[],"yoast_head":"<!-- This site is optimized with the Yoast SEO Premium plugin v23.1 (Yoast SEO v23.5) - https:\/\/yoast.com\/wordpress\/plugins\/seo\/ -->\n<title>Gatao Vinho Verde vi blanc<\/title>\n<meta name=\"description\" content=\"Comprar online al millor preu el vi blanc Gatao Vinho verde 75cl. Portugal. Viniteca. Licoreria. Begudes. Alimentacio. Productes gourmet. Descomptes. Ofertes.\" \/>\n<meta name=\"robots\" content=\"noindex, follow, max-snippet:-1, max-image-preview:large, max-video-preview:-1\" \/>\n<meta property=\"og:locale\" content=\"ca_ES\" \/>\n<meta property=\"og:type\" content=\"article\" \/>\n<meta property=\"og:title\" content=\"Gatao Vinho Verde\" \/>\n<meta property=\"og:description\" content=\"Comprar online al millor preu el vi blanc Gatao Vinho verde 75cl. Portugal. Viniteca. Licoreria. Begudes. Alimentacio. Productes gourmet. Descomptes. Ofertes.\" \/>\n<meta property=\"og:url\" content=\"https:\/\/aral2.cetrexmarketing.com\/ca\/producto\/gatao-vinho-verde\/\" \/>\n<meta property=\"og:site_name\" content=\"M\u00f3n La Cata\" \/>\n<meta property=\"article:modified_time\" content=\"2025-05-27T06:55:18+00:00\" \/>\n<meta property=\"og:image\" content=\"https:\/\/aral2.cetrexmarketing.com\/wp-content\/uploads\/2025\/05\/Gatao-Vinho-Verde.png\" \/>\n\t<meta property=\"og:image:width\" content=\"765\" \/>\n\t<meta property=\"og:image:height\" content=\"1024\" \/>\n\t<meta property=\"og:image:type\" content=\"image\/png\" \/>\n<meta name=\"twitter:card\" content=\"summary_large_image\" \/>\n<meta name=\"twitter:label1\" content=\"Temps estimat de lectura\" \/>\n\t<meta name=\"twitter:data1\" content=\"2 minuts\" \/>\n<script type=\"application\/ld+json\" class=\"yoast-schema-graph\">{\"@context\":\"https:\/\/schema.org\",\"@graph\":[{\"@type\":\"WebPage\",\"@id\":\"https:\/\/aral2.cetrexmarketing.com\/ca\/producto\/gatao-vinho-verde\/\",\"url\":\"https:\/\/aral2.cetrexmarketing.com\/ca\/producto\/gatao-vinho-verde\/\",\"name\":\"Gatao Vinho Verde vi blanc\",\"isPartOf\":{\"@id\":\"https:\/\/aral2.cetrexmarketing.com\/#website\"},\"primaryImageOfPage\":{\"@id\":\"https:\/\/aral2.cetrexmarketing.com\/ca\/producto\/gatao-vinho-verde\/#primaryimage\"},\"image\":{\"@id\":\"https:\/\/aral2.cetrexmarketing.com\/ca\/producto\/gatao-vinho-verde\/#primaryimage\"},\"thumbnailUrl\":\"https:\/\/aral2.cetrexmarketing.com\/wp-content\/uploads\/2025\/05\/Gatao-Vinho-Verde.png\",\"datePublished\":\"2025-05-25T07:02:16+00:00\",\"dateModified\":\"2025-05-27T06:55:18+00:00\",\"description\":\"Comprar online al millor preu el vi blanc Gatao Vinho verde 75cl. Portugal. Viniteca. Licoreria. Begudes. Alimentacio. Productes gourmet. Descomptes. Ofertes.\",\"breadcrumb\":{\"@id\":\"https:\/\/aral2.cetrexmarketing.com\/ca\/producto\/gatao-vinho-verde\/#breadcrumb\"},\"inLanguage\":\"ca\",\"potentialAction\":[{\"@type\":\"ReadAction\",\"target\":[\"https:\/\/aral2.cetrexmarketing.com\/ca\/producto\/gatao-vinho-verde\/\"]}]},{\"@type\":\"ImageObject\",\"inLanguage\":\"ca\",\"@id\":\"https:\/\/aral2.cetrexmarketing.com\/ca\/producto\/gatao-vinho-verde\/#primaryimage\",\"url\":\"https:\/\/aral2.cetrexmarketing.com\/wp-content\/uploads\/2025\/05\/Gatao-Vinho-Verde.png\",\"contentUrl\":\"https:\/\/aral2.cetrexmarketing.com\/wp-content\/uploads\/2025\/05\/Gatao-Vinho-Verde.png\",\"width\":765,\"height\":1024},{\"@type\":\"BreadcrumbList\",\"@id\":\"https:\/\/aral2.cetrexmarketing.com\/ca\/producto\/gatao-vinho-verde\/#breadcrumb\",\"itemListElement\":[{\"@type\":\"ListItem\",\"position\":1,\"name\":\"Home\",\"item\":\"https:\/\/aral2.cetrexmarketing.com\/ca\/\"},{\"@type\":\"ListItem\",\"position\":2,\"name\":\"Tienda\",\"item\":\"https:\/\/aral2.cetrexmarketing.com\/ca\/tienda-2\/\"},{\"@type\":\"ListItem\",\"position\":3,\"name\":\"Vi\",\"item\":\"https:\/\/aral2.cetrexmarketing.com\/categoria-producto\/vi\/\"},{\"@type\":\"ListItem\",\"position\":4,\"name\":\"Vi Blanc\",\"item\":\"https:\/\/aral2.cetrexmarketing.com\/categoria-producto\/vi\/vi-blanc\/\"},{\"@type\":\"ListItem\",\"position\":5,\"name\":\"Gatao Vinho Verde\"}]},{\"@type\":\"WebSite\",\"@id\":\"https:\/\/aral2.cetrexmarketing.com\/#website\",\"url\":\"https:\/\/aral2.cetrexmarketing.com\/\",\"name\":\"M\u00f3n La Cata\",\"description\":\"Tienda de vinos, licores, cervezas y gourmet\",\"publisher\":{\"@id\":\"https:\/\/aral2.cetrexmarketing.com\/#organization\"},\"potentialAction\":[{\"@type\":\"SearchAction\",\"target\":{\"@type\":\"EntryPoint\",\"urlTemplate\":\"https:\/\/aral2.cetrexmarketing.com\/?s={search_term_string}\"},\"query-input\":{\"@type\":\"PropertyValueSpecification\",\"valueRequired\":true,\"valueName\":\"search_term_string\"}}],\"inLanguage\":\"ca\"},{\"@type\":\"Organization\",\"@id\":\"https:\/\/aral2.cetrexmarketing.com\/#organization\",\"name\":\"M\u00f3n La Cata\",\"url\":\"https:\/\/aral2.cetrexmarketing.com\/\",\"logo\":{\"@type\":\"ImageObject\",\"inLanguage\":\"ca\",\"@id\":\"https:\/\/aral2.cetrexmarketing.com\/#\/schema\/logo\/image\/\",\"url\":\"https:\/\/aral2.cetrexmarketing.com\/wp-content\/uploads\/2024\/10\/aral-logo-neg-1024x409-1.png\",\"contentUrl\":\"https:\/\/aral2.cetrexmarketing.com\/wp-content\/uploads\/2024\/10\/aral-logo-neg-1024x409-1.png\",\"width\":1024,\"height\":409,\"caption\":\"M\u00f3n La Cata\"},\"image\":{\"@id\":\"https:\/\/aral2.cetrexmarketing.com\/#\/schema\/logo\/image\/\"}}]}<\/script>\n<!-- \/ Yoast SEO Premium plugin. -->","yoast_head_json":{"title":"Gatao Vinho Verde vi blanc","description":"Comprar online al millor preu el vi blanc Gatao Vinho verde 75cl. Portugal. Viniteca. Licoreria. Begudes. Alimentacio. Productes gourmet. Descomptes. Ofertes.","robots":{"index":"noindex","follow":"follow","max-snippet":"max-snippet:-1","max-image-preview":"max-image-preview:large","max-video-preview":"max-video-preview:-1"},"og_locale":"ca_ES","og_type":"article","og_title":"Gatao Vinho Verde","og_description":"Comprar online al millor preu el vi blanc Gatao Vinho verde 75cl. Portugal. Viniteca. Licoreria. Begudes. Alimentacio. Productes gourmet. Descomptes. Ofertes.","og_url":"https:\/\/aral2.cetrexmarketing.com\/ca\/producto\/gatao-vinho-verde\/","og_site_name":"M\u00f3n La Cata","article_modified_time":"2025-05-27T06:55:18+00:00","og_image":[{"width":765,"height":1024,"url":"https:\/\/aral2.cetrexmarketing.com\/wp-content\/uploads\/2025\/05\/Gatao-Vinho-Verde.png","type":"image\/png"}],"twitter_card":"summary_large_image","twitter_misc":{"Temps estimat de lectura":"2 minuts"},"schema":{"@context":"https:\/\/schema.org","@graph":[{"@type":"WebPage","@id":"https:\/\/aral2.cetrexmarketing.com\/ca\/producto\/gatao-vinho-verde\/","url":"https:\/\/aral2.cetrexmarketing.com\/ca\/producto\/gatao-vinho-verde\/","name":"Gatao Vinho Verde vi blanc","isPartOf":{"@id":"https:\/\/aral2.cetrexmarketing.com\/#website"},"primaryImageOfPage":{"@id":"https:\/\/aral2.cetrexmarketing.com\/ca\/producto\/gatao-vinho-verde\/#primaryimage"},"image":{"@id":"https:\/\/aral2.cetrexmarketing.com\/ca\/producto\/gatao-vinho-verde\/#primaryimage"},"thumbnailUrl":"https:\/\/aral2.cetrexmarketing.com\/wp-content\/uploads\/2025\/05\/Gatao-Vinho-Verde.png","datePublished":"2025-05-25T07:02:16+00:00","dateModified":"2025-05-27T06:55:18+00:00","description":"Comprar online al millor preu el vi blanc Gatao Vinho verde 75cl. Portugal. Viniteca. Licoreria. Begudes. Alimentacio. Productes gourmet. Descomptes. Ofertes.","breadcrumb":{"@id":"https:\/\/aral2.cetrexmarketing.com\/ca\/producto\/gatao-vinho-verde\/#breadcrumb"},"inLanguage":"ca","potentialAction":[{"@type":"ReadAction","target":["https:\/\/aral2.cetrexmarketing.com\/ca\/producto\/gatao-vinho-verde\/"]}]},{"@type":"ImageObject","inLanguage":"ca","@id":"https:\/\/aral2.cetrexmarketing.com\/ca\/producto\/gatao-vinho-verde\/#primaryimage","url":"https:\/\/aral2.cetrexmarketing.com\/wp-content\/uploads\/2025\/05\/Gatao-Vinho-Verde.png","contentUrl":"https:\/\/aral2.cetrexmarketing.com\/wp-content\/uploads\/2025\/05\/Gatao-Vinho-Verde.png","width":765,"height":1024},{"@type":"BreadcrumbList","@id":"https:\/\/aral2.cetrexmarketing.com\/ca\/producto\/gatao-vinho-verde\/#breadcrumb","itemListElement":[{"@type":"ListItem","position":1,"name":"Home","item":"https:\/\/aral2.cetrexmarketing.com\/ca\/"},{"@type":"ListItem","position":2,"name":"Tienda","item":"https:\/\/aral2.cetrexmarketing.com\/ca\/tienda-2\/"},{"@type":"ListItem","position":3,"name":"Vi","item":"https:\/\/aral2.cetrexmarketing.com\/categoria-producto\/vi\/"},{"@type":"ListItem","position":4,"name":"Vi Blanc","item":"https:\/\/aral2.cetrexmarketing.com\/categoria-producto\/vi\/vi-blanc\/"},{"@type":"ListItem","position":5,"name":"Gatao Vinho Verde"}]},{"@type":"WebSite","@id":"https:\/\/aral2.cetrexmarketing.com\/#website","url":"https:\/\/aral2.cetrexmarketing.com\/","name":"M\u00f3n La Cata","description":"Tienda de vinos, licores, cervezas y gourmet","publisher":{"@id":"https:\/\/aral2.cetrexmarketing.com\/#organization"},"potentialAction":[{"@type":"SearchAction","target":{"@type":"EntryPoint","urlTemplate":"https:\/\/aral2.cetrexmarketing.com\/?s={search_term_string}"},"query-input":{"@type":"PropertyValueSpecification","valueRequired":true,"valueName":"search_term_string"}}],"inLanguage":"ca"},{"@type":"Organization","@id":"https:\/\/aral2.cetrexmarketing.com\/#organization","name":"M\u00f3n La Cata","url":"https:\/\/aral2.cetrexmarketing.com\/","logo":{"@type":"ImageObject","inLanguage":"ca","@id":"https:\/\/aral2.cetrexmarketing.com\/#\/schema\/logo\/image\/","url":"https:\/\/aral2.cetrexmarketing.com\/wp-content\/uploads\/2024\/10\/aral-logo-neg-1024x409-1.png","contentUrl":"https:\/\/aral2.cetrexmarketing.com\/wp-content\/uploads\/2024\/10\/aral-logo-neg-1024x409-1.png","width":1024,"height":409,"caption":"M\u00f3n La Cata"},"image":{"@id":"https:\/\/aral2.cetrexmarketing.com\/#\/schema\/logo\/image\/"}}]}},"brands":[{"id":32997,"name":"Vinos de Portugal","slug":"vinos-de-portugal"}],"_links":{"self":[{"href":"https:\/\/aral2.cetrexmarketing.com\/ca\/wp-json\/wp\/v2\/product\/88181","targetHints":{"allow":["GET"]}}],"collection":[{"href":"https:\/\/aral2.cetrexmarketing.com\/ca\/wp-json\/wp\/v2\/product"}],"about":[{"href":"https:\/\/aral2.cetrexmarketing.com\/ca\/wp-json\/wp\/v2\/types\/product"}],"replies":[{"embeddable":true,"href":"https:\/\/aral2.cetrexmarketing.com\/ca\/wp-json\/wp\/v2\/comments?post=88181"}],"wp:featuredmedia":[{"embeddable":true,"href":"https:\/\/aral2.cetrexmarketing.com\/ca\/wp-json\/wp\/v2\/media\/88178"}],"wp:attachment":[{"href":"https:\/\/aral2.cetrexmarketing.com\/ca\/wp-json\/wp\/v2\/media?parent=88181"}],"wp:term":[{"taxonomy":"pwb-brand","embeddable":true,"href":"https:\/\/aral2.cetrexmarketing.com\/ca\/wp-json\/wp\/v2\/pwb-brand?post=88181"},{"taxonomy":"product_brand","embeddable":true,"href":"https:\/\/aral2.cetrexmarketing.com\/ca\/wp-json\/wp\/v2\/product_brand?post=88181"},{"taxonomy":"product_cat","embeddable":true,"href":"https:\/\/aral2.cetrexmarketing.com\/ca\/wp-json\/wp\/v2\/product_cat?post=88181"},{"taxonomy":"product_tag","embeddable":true,"href":"https:\/\/aral2.cetrexmarketing.com\/ca\/wp-json\/wp\/v2\/product_tag?post=88181"}],"curies":[{"name":"wp","href":"https:\/\/api.w.org\/{rel}","templated":true}]}}