{"id":88131,"date":"2025-05-25T07:01:36","date_gmt":"2025-05-25T07:01:36","guid":{"rendered":"https:\/\/aral2.cetrexmarketing.com\/producto\/quevall-ratafia-clandestina\/"},"modified":"2025-05-27T06:55:11","modified_gmt":"2025-05-27T06:55:11","slug":"quevall-ratafia-clandestina","status":"publish","type":"product","link":"https:\/\/aral2.cetrexmarketing.com\/ca\/producto\/quevall-ratafia-clandestina\/","title":{"rendered":"Quevall Ratafia Clandestina"},"content":{"rendered":"<p dir=\"LTR\"><strong>Rataf\u00eda Quevall Clandestina<\/strong> \u00e9s un licor artesanal que rendeix homenatge a les tradicions i llegendes de la regi\u00f3. Aquest licor s&#8217;elabora mitjan\u00e7ant una acurada combinaci\u00f3 d&#8217;herbes, esp\u00e8cies i fruites, seguint m\u00e8todes ancestrals que aporten un sabor \u00fanic i distintiu. <strong>Rataf\u00eda Quevall Clandestina<\/strong> destaca pel seu perfil de sabor ric i complex, amb notes herb\u00e0cies i un toc subtil d&#8217;esp\u00e8cies que enriqueixen l&#8217;experi\u00e8ncia de tast. El seu nom &#8220;Clandestina&#8221; fa refer\u00e8ncia a la seva producci\u00f3 en petites quantitats i al seu car\u00e0cter exclusiu, cosa que el converteix en una opci\u00f3 interessant tant per degustar-lo sol com per incorporar-lo en c\u00f2ctels sofisticats.<\/p>\n","protected":false},"excerpt":{"rendered":"<p dir=\"ltr\">Licors Quevall, a Llan\u00e7\u00e0, a l&#8217;Alt Empord\u00e0, elabora uns productes reivindicatius de les terres tocades per la Tramuntana i els seus bot\u00e0nics.<\/p>\n<p dir=\"ltr\">La ratafia clandestina est\u00e0 feta a base d&#8217;aiguardent anisat, obtinguda per maceraci\u00f3 conjunta d&#8217;herbes i flors, amb un total de 25 ingredients i amb una graduaci\u00f3 superior.<\/p>\n","protected":false},"featured_media":88128,"comment_status":"closed","ping_status":"closed","template":"","meta":{"_acf_changed":false},"pwb-brand":[],"product_brand":[],"product_cat":[51692,51719],"product_tag":[14940,39923,52317,16496,15219],"class_list":{"0":"post-88131","1":"product","2":"type-product","3":"status-publish","4":"has-post-thumbnail","6":"product_cat-destillats","7":"product_cat-ratafia-destillats","8":"product_tag-girona-ca","9":"product_tag-licor-catalunya","10":"product_tag-llanca-2","11":"product_tag-quevall-ca","12":"product_tag-ratafia-ca","13":"pa_destileria-quevalllicorsartesans-ca","14":"pa_formatoenl-36167","15":"pa_formatoenml-38307","16":"pa_graduacion-24_0","17":"pa_pais-espanya-ca","18":"pa_pesoengramos-38342","19":"pa_pesoenkg-10-ca","20":"pa_pueblociudad-llancagirona","21":"pa_region-cataluna","22":"entry","23":"has-media","25":"first","26":"instock","27":"taxable","28":"shipping-taxable","29":"purchasable","30":"product-type-simple"},"acf":[],"yoast_head":"<!-- This site is optimized with the Yoast SEO Premium plugin v23.1 (Yoast SEO v23.5) - https:\/\/yoast.com\/wordpress\/plugins\/seo\/ -->\n<title>Quevall Ratafia Clandestina de la Rep\u00fablica Catalana<\/title>\n<meta name=\"description\" content=\"Comprar online al millor preu la Ratafia Quevall Clandestina de la Rep\u00fablica Catalana, amb motius de la independ\u00e8ncia de Catalunya. Enviament Expr\u00e9s. Descomptes\" \/>\n<meta name=\"robots\" content=\"noindex, follow, max-snippet:-1, max-image-preview:large, max-video-preview:-1\" \/>\n<meta property=\"og:locale\" content=\"ca_ES\" \/>\n<meta property=\"og:type\" content=\"article\" \/>\n<meta property=\"og:title\" content=\"Quevall Ratafia Clandestina\" \/>\n<meta property=\"og:description\" content=\"Comprar online al millor preu la Ratafia Quevall Clandestina de la Rep\u00fablica Catalana, amb motius de la independ\u00e8ncia de Catalunya. Enviament Expr\u00e9s. Descomptes\" \/>\n<meta property=\"og:url\" content=\"https:\/\/aral2.cetrexmarketing.com\/ca\/producto\/quevall-ratafia-clandestina\/\" \/>\n<meta property=\"og:site_name\" content=\"M\u00f3n La Cata\" \/>\n<meta property=\"article:modified_time\" content=\"2025-05-27T06:55:11+00:00\" \/>\n<meta property=\"og:image\" content=\"https:\/\/aral2.cetrexmarketing.com\/wp-content\/uploads\/2025\/05\/ratafia-quevall-clandestina-1.png\" \/>\n\t<meta property=\"og:image:width\" content=\"765\" \/>\n\t<meta property=\"og:image:height\" content=\"1024\" \/>\n\t<meta property=\"og:image:type\" content=\"image\/png\" \/>\n<meta name=\"twitter:card\" content=\"summary_large_image\" \/>\n<meta name=\"twitter:label1\" content=\"Temps estimat de lectura\" \/>\n\t<meta name=\"twitter:data1\" content=\"1 minut\" \/>\n<script type=\"application\/ld+json\" class=\"yoast-schema-graph\">{\"@context\":\"https:\/\/schema.org\",\"@graph\":[{\"@type\":\"WebPage\",\"@id\":\"https:\/\/aral2.cetrexmarketing.com\/ca\/producto\/quevall-ratafia-clandestina\/\",\"url\":\"https:\/\/aral2.cetrexmarketing.com\/ca\/producto\/quevall-ratafia-clandestina\/\",\"name\":\"Quevall Ratafia Clandestina de la Rep\u00fablica Catalana\",\"isPartOf\":{\"@id\":\"https:\/\/aral2.cetrexmarketing.com\/#website\"},\"primaryImageOfPage\":{\"@id\":\"https:\/\/aral2.cetrexmarketing.com\/ca\/producto\/quevall-ratafia-clandestina\/#primaryimage\"},\"image\":{\"@id\":\"https:\/\/aral2.cetrexmarketing.com\/ca\/producto\/quevall-ratafia-clandestina\/#primaryimage\"},\"thumbnailUrl\":\"https:\/\/aral2.cetrexmarketing.com\/wp-content\/uploads\/2025\/05\/ratafia-quevall-clandestina-1.png\",\"datePublished\":\"2025-05-25T07:01:36+00:00\",\"dateModified\":\"2025-05-27T06:55:11+00:00\",\"description\":\"Comprar online al millor preu la Ratafia Quevall Clandestina de la Rep\u00fablica Catalana, amb motius de la independ\u00e8ncia de Catalunya. Enviament Expr\u00e9s. Descomptes\",\"breadcrumb\":{\"@id\":\"https:\/\/aral2.cetrexmarketing.com\/ca\/producto\/quevall-ratafia-clandestina\/#breadcrumb\"},\"inLanguage\":\"ca\",\"potentialAction\":[{\"@type\":\"ReadAction\",\"target\":[\"https:\/\/aral2.cetrexmarketing.com\/ca\/producto\/quevall-ratafia-clandestina\/\"]}]},{\"@type\":\"ImageObject\",\"inLanguage\":\"ca\",\"@id\":\"https:\/\/aral2.cetrexmarketing.com\/ca\/producto\/quevall-ratafia-clandestina\/#primaryimage\",\"url\":\"https:\/\/aral2.cetrexmarketing.com\/wp-content\/uploads\/2025\/05\/ratafia-quevall-clandestina-1.png\",\"contentUrl\":\"https:\/\/aral2.cetrexmarketing.com\/wp-content\/uploads\/2025\/05\/ratafia-quevall-clandestina-1.png\",\"width\":765,\"height\":1024},{\"@type\":\"BreadcrumbList\",\"@id\":\"https:\/\/aral2.cetrexmarketing.com\/ca\/producto\/quevall-ratafia-clandestina\/#breadcrumb\",\"itemListElement\":[{\"@type\":\"ListItem\",\"position\":1,\"name\":\"Home\",\"item\":\"https:\/\/aral2.cetrexmarketing.com\/ca\/\"},{\"@type\":\"ListItem\",\"position\":2,\"name\":\"Tienda\",\"item\":\"https:\/\/aral2.cetrexmarketing.com\/ca\/tienda-2\/\"},{\"@type\":\"ListItem\",\"position\":3,\"name\":\"Destil\u00b7lats\",\"item\":\"https:\/\/aral2.cetrexmarketing.com\/categoria-producto\/home-ca\/destil-lats-ca\/\"},{\"@type\":\"ListItem\",\"position\":4,\"name\":\"Ratafia\",\"item\":\"https:\/\/aral2.cetrexmarketing.com\/categoria-producto\/inicio\/destilados\/ratafia\/\"},{\"@type\":\"ListItem\",\"position\":5,\"name\":\"Quevall Ratafia Clandestina\"}]},{\"@type\":\"WebSite\",\"@id\":\"https:\/\/aral2.cetrexmarketing.com\/#website\",\"url\":\"https:\/\/aral2.cetrexmarketing.com\/\",\"name\":\"M\u00f3n La Cata\",\"description\":\"Tienda de vinos, licores, cervezas y gourmet\",\"publisher\":{\"@id\":\"https:\/\/aral2.cetrexmarketing.com\/#organization\"},\"potentialAction\":[{\"@type\":\"SearchAction\",\"target\":{\"@type\":\"EntryPoint\",\"urlTemplate\":\"https:\/\/aral2.cetrexmarketing.com\/?s={search_term_string}\"},\"query-input\":{\"@type\":\"PropertyValueSpecification\",\"valueRequired\":true,\"valueName\":\"search_term_string\"}}],\"inLanguage\":\"ca\"},{\"@type\":\"Organization\",\"@id\":\"https:\/\/aral2.cetrexmarketing.com\/#organization\",\"name\":\"M\u00f3n La Cata\",\"url\":\"https:\/\/aral2.cetrexmarketing.com\/\",\"logo\":{\"@type\":\"ImageObject\",\"inLanguage\":\"ca\",\"@id\":\"https:\/\/aral2.cetrexmarketing.com\/#\/schema\/logo\/image\/\",\"url\":\"https:\/\/aral2.cetrexmarketing.com\/wp-content\/uploads\/2024\/10\/aral-logo-neg-1024x409-1.png\",\"contentUrl\":\"https:\/\/aral2.cetrexmarketing.com\/wp-content\/uploads\/2024\/10\/aral-logo-neg-1024x409-1.png\",\"width\":1024,\"height\":409,\"caption\":\"M\u00f3n La Cata\"},\"image\":{\"@id\":\"https:\/\/aral2.cetrexmarketing.com\/#\/schema\/logo\/image\/\"}}]}<\/script>\n<!-- \/ Yoast SEO Premium plugin. -->","yoast_head_json":{"title":"Quevall Ratafia Clandestina de la Rep\u00fablica Catalana","description":"Comprar online al millor preu la Ratafia Quevall Clandestina de la Rep\u00fablica Catalana, amb motius de la independ\u00e8ncia de Catalunya. Enviament Expr\u00e9s. Descomptes","robots":{"index":"noindex","follow":"follow","max-snippet":"max-snippet:-1","max-image-preview":"max-image-preview:large","max-video-preview":"max-video-preview:-1"},"og_locale":"ca_ES","og_type":"article","og_title":"Quevall Ratafia Clandestina","og_description":"Comprar online al millor preu la Ratafia Quevall Clandestina de la Rep\u00fablica Catalana, amb motius de la independ\u00e8ncia de Catalunya. Enviament Expr\u00e9s. Descomptes","og_url":"https:\/\/aral2.cetrexmarketing.com\/ca\/producto\/quevall-ratafia-clandestina\/","og_site_name":"M\u00f3n La Cata","article_modified_time":"2025-05-27T06:55:11+00:00","og_image":[{"width":765,"height":1024,"url":"https:\/\/aral2.cetrexmarketing.com\/wp-content\/uploads\/2025\/05\/ratafia-quevall-clandestina-1.png","type":"image\/png"}],"twitter_card":"summary_large_image","twitter_misc":{"Temps estimat de lectura":"1 minut"},"schema":{"@context":"https:\/\/schema.org","@graph":[{"@type":"WebPage","@id":"https:\/\/aral2.cetrexmarketing.com\/ca\/producto\/quevall-ratafia-clandestina\/","url":"https:\/\/aral2.cetrexmarketing.com\/ca\/producto\/quevall-ratafia-clandestina\/","name":"Quevall Ratafia Clandestina de la Rep\u00fablica Catalana","isPartOf":{"@id":"https:\/\/aral2.cetrexmarketing.com\/#website"},"primaryImageOfPage":{"@id":"https:\/\/aral2.cetrexmarketing.com\/ca\/producto\/quevall-ratafia-clandestina\/#primaryimage"},"image":{"@id":"https:\/\/aral2.cetrexmarketing.com\/ca\/producto\/quevall-ratafia-clandestina\/#primaryimage"},"thumbnailUrl":"https:\/\/aral2.cetrexmarketing.com\/wp-content\/uploads\/2025\/05\/ratafia-quevall-clandestina-1.png","datePublished":"2025-05-25T07:01:36+00:00","dateModified":"2025-05-27T06:55:11+00:00","description":"Comprar online al millor preu la Ratafia Quevall Clandestina de la Rep\u00fablica Catalana, amb motius de la independ\u00e8ncia de Catalunya. Enviament Expr\u00e9s. Descomptes","breadcrumb":{"@id":"https:\/\/aral2.cetrexmarketing.com\/ca\/producto\/quevall-ratafia-clandestina\/#breadcrumb"},"inLanguage":"ca","potentialAction":[{"@type":"ReadAction","target":["https:\/\/aral2.cetrexmarketing.com\/ca\/producto\/quevall-ratafia-clandestina\/"]}]},{"@type":"ImageObject","inLanguage":"ca","@id":"https:\/\/aral2.cetrexmarketing.com\/ca\/producto\/quevall-ratafia-clandestina\/#primaryimage","url":"https:\/\/aral2.cetrexmarketing.com\/wp-content\/uploads\/2025\/05\/ratafia-quevall-clandestina-1.png","contentUrl":"https:\/\/aral2.cetrexmarketing.com\/wp-content\/uploads\/2025\/05\/ratafia-quevall-clandestina-1.png","width":765,"height":1024},{"@type":"BreadcrumbList","@id":"https:\/\/aral2.cetrexmarketing.com\/ca\/producto\/quevall-ratafia-clandestina\/#breadcrumb","itemListElement":[{"@type":"ListItem","position":1,"name":"Home","item":"https:\/\/aral2.cetrexmarketing.com\/ca\/"},{"@type":"ListItem","position":2,"name":"Tienda","item":"https:\/\/aral2.cetrexmarketing.com\/ca\/tienda-2\/"},{"@type":"ListItem","position":3,"name":"Destil\u00b7lats","item":"https:\/\/aral2.cetrexmarketing.com\/categoria-producto\/home-ca\/destil-lats-ca\/"},{"@type":"ListItem","position":4,"name":"Ratafia","item":"https:\/\/aral2.cetrexmarketing.com\/categoria-producto\/inicio\/destilados\/ratafia\/"},{"@type":"ListItem","position":5,"name":"Quevall Ratafia Clandestina"}]},{"@type":"WebSite","@id":"https:\/\/aral2.cetrexmarketing.com\/#website","url":"https:\/\/aral2.cetrexmarketing.com\/","name":"M\u00f3n La Cata","description":"Tienda de vinos, licores, cervezas y gourmet","publisher":{"@id":"https:\/\/aral2.cetrexmarketing.com\/#organization"},"potentialAction":[{"@type":"SearchAction","target":{"@type":"EntryPoint","urlTemplate":"https:\/\/aral2.cetrexmarketing.com\/?s={search_term_string}"},"query-input":{"@type":"PropertyValueSpecification","valueRequired":true,"valueName":"search_term_string"}}],"inLanguage":"ca"},{"@type":"Organization","@id":"https:\/\/aral2.cetrexmarketing.com\/#organization","name":"M\u00f3n La Cata","url":"https:\/\/aral2.cetrexmarketing.com\/","logo":{"@type":"ImageObject","inLanguage":"ca","@id":"https:\/\/aral2.cetrexmarketing.com\/#\/schema\/logo\/image\/","url":"https:\/\/aral2.cetrexmarketing.com\/wp-content\/uploads\/2024\/10\/aral-logo-neg-1024x409-1.png","contentUrl":"https:\/\/aral2.cetrexmarketing.com\/wp-content\/uploads\/2024\/10\/aral-logo-neg-1024x409-1.png","width":1024,"height":409,"caption":"M\u00f3n La Cata"},"image":{"@id":"https:\/\/aral2.cetrexmarketing.com\/#\/schema\/logo\/image\/"}}]}},"brands":[],"_links":{"self":[{"href":"https:\/\/aral2.cetrexmarketing.com\/ca\/wp-json\/wp\/v2\/product\/88131","targetHints":{"allow":["GET"]}}],"collection":[{"href":"https:\/\/aral2.cetrexmarketing.com\/ca\/wp-json\/wp\/v2\/product"}],"about":[{"href":"https:\/\/aral2.cetrexmarketing.com\/ca\/wp-json\/wp\/v2\/types\/product"}],"replies":[{"embeddable":true,"href":"https:\/\/aral2.cetrexmarketing.com\/ca\/wp-json\/wp\/v2\/comments?post=88131"}],"wp:featuredmedia":[{"embeddable":true,"href":"https:\/\/aral2.cetrexmarketing.com\/ca\/wp-json\/wp\/v2\/media\/88128"}],"wp:attachment":[{"href":"https:\/\/aral2.cetrexmarketing.com\/ca\/wp-json\/wp\/v2\/media?parent=88131"}],"wp:term":[{"taxonomy":"pwb-brand","embeddable":true,"href":"https:\/\/aral2.cetrexmarketing.com\/ca\/wp-json\/wp\/v2\/pwb-brand?post=88131"},{"taxonomy":"product_brand","embeddable":true,"href":"https:\/\/aral2.cetrexmarketing.com\/ca\/wp-json\/wp\/v2\/product_brand?post=88131"},{"taxonomy":"product_cat","embeddable":true,"href":"https:\/\/aral2.cetrexmarketing.com\/ca\/wp-json\/wp\/v2\/product_cat?post=88131"},{"taxonomy":"product_tag","embeddable":true,"href":"https:\/\/aral2.cetrexmarketing.com\/ca\/wp-json\/wp\/v2\/product_tag?post=88131"}],"curies":[{"name":"wp","href":"https:\/\/api.w.org\/{rel}","templated":true}]}}