{"id":88127,"date":"2025-05-25T07:01:31","date_gmt":"2025-05-25T07:01:31","guid":{"rendered":"https:\/\/aral2.cetrexmarketing.com\/producto\/terrania-ratafia\/"},"modified":"2025-05-27T06:55:06","modified_gmt":"2025-05-27T06:55:06","slug":"terrania-ratafia","status":"publish","type":"product","link":"https:\/\/aral2.cetrexmarketing.com\/ca\/producto\/terrania-ratafia\/","title":{"rendered":"Terr\u00e0nia Ratafia"},"content":{"rendered":"<p dir=\"LTR\"><strong>Rataf\u00eda Terr\u00e0nia<\/strong> \u00e9s un licor tradicional que es distingeix pel seu sabor profund i el seu aroma sofisticat. Elaborat amb una barreja d&#8217;herbes i fruits seleccionats, <strong>Rataf\u00eda Terr\u00e0nia<\/strong> segueix receptes ancestrals que realcen el seu car\u00e0cter aut\u00e8ntic. \u00c9s ideal per gaudir-lo sol, amb gel, o com a component en c\u00f2ctels i postres. El seu sabor envolvent i la seva capacitat per rememorar sabors cl\u00e0ssics el converteixen en una opci\u00f3 preferida per a qui busca licores de qualitat artesanal.<\/p>\n","protected":false},"excerpt":{"rendered":"<p dir=\"ltr\">Una de les ratafies m\u00e9s premiades del territori, i amb base a <strong>La Pobla de Segur<\/strong>. <strong>Terr\u00e0nia<\/strong> \u00e9s una ratafia gastron\u00f2mica, amb un punt bals\u00e0mic i fresc. Dona records a vi negre envellit, ja que la seva maceraci\u00f3 es fa en b\u00f3tes per aconseguir el toc tan especial i distintiu.<\/p>\n<p dir=\"ltr\">Enfocada a mostrar el car\u00e0cter del territori, t\u00e9 un equilibri fi i lleuger de tots els seus components mediterranis.<\/p>\n","protected":false},"featured_media":88124,"comment_status":"closed","ping_status":"closed","template":"","meta":{"_acf_changed":false},"pwb-brand":[],"product_brand":[],"product_cat":[51692,51719],"product_tag":[15883,15219,15227,38937,16822],"class_list":{"0":"post-88127","1":"product","2":"type-product","3":"status-publish","4":"has-post-thumbnail","6":"product_cat-destillats","7":"product_cat-ratafia-destillats","8":"product_tag-la-pobla-de-segur-ca","9":"product_tag-ratafia-ca","10":"product_tag-ratafia-catalana-ca","11":"product_tag-ratafies-catalanes","12":"product_tag-terrania-ca","13":"pa_bodega-distribucionsportet-ca","14":"pa_formatoenl-36167","15":"pa_formatoenml-38307","16":"pa_graduacion-26_0","17":"pa_pais-espanya-ca","18":"pa_pesoengramos-38342","19":"pa_pesoenkg-10-ca","20":"pa_pueblociudad-lapobladesegurlleida","21":"pa_region-cataluna","22":"entry","23":"has-media","25":"first","26":"onbackorder","27":"taxable","28":"shipping-taxable","29":"purchasable","30":"product-type-simple"},"acf":[],"yoast_head":"<!-- This site is optimized with the Yoast SEO Premium plugin v23.1 (Yoast SEO v23.5) - https:\/\/yoast.com\/wordpress\/plugins\/seo\/ -->\n<title>Terr\u00e0nia Ratafia de La Pobla de Segur<\/title>\n<meta name=\"description\" content=\"Per nom\u00e9s 20.59\u20ac. Comprar la ratafia Terr\u00e0nia de La Pobla de Segur. Enviament segur i r\u00e0pid.\" \/>\n<meta name=\"robots\" content=\"noindex, follow, max-snippet:-1, max-image-preview:large, max-video-preview:-1\" \/>\n<meta property=\"og:locale\" content=\"ca_ES\" \/>\n<meta property=\"og:type\" content=\"article\" \/>\n<meta property=\"og:title\" content=\"Terr\u00e0nia Ratafia\" \/>\n<meta property=\"og:description\" content=\"Per nom\u00e9s 20.59\u20ac. Comprar la ratafia Terr\u00e0nia de La Pobla de Segur. Enviament segur i r\u00e0pid.\" \/>\n<meta property=\"og:url\" content=\"https:\/\/aral2.cetrexmarketing.com\/ca\/producto\/terrania-ratafia\/\" \/>\n<meta property=\"og:site_name\" content=\"M\u00f3n La Cata\" \/>\n<meta property=\"article:modified_time\" content=\"2025-05-27T06:55:06+00:00\" \/>\n<meta property=\"og:image\" content=\"https:\/\/aral2.cetrexmarketing.com\/wp-content\/uploads\/2025\/05\/ratafia-terrania.jpeg.png\" \/>\n\t<meta property=\"og:image:width\" content=\"765\" \/>\n\t<meta property=\"og:image:height\" content=\"1024\" \/>\n\t<meta property=\"og:image:type\" content=\"image\/png\" \/>\n<meta name=\"twitter:card\" content=\"summary_large_image\" \/>\n<meta name=\"twitter:label1\" content=\"Temps estimat de lectura\" \/>\n\t<meta name=\"twitter:data1\" content=\"1 minut\" \/>\n<script type=\"application\/ld+json\" class=\"yoast-schema-graph\">{\"@context\":\"https:\/\/schema.org\",\"@graph\":[{\"@type\":\"WebPage\",\"@id\":\"https:\/\/aral2.cetrexmarketing.com\/ca\/producto\/terrania-ratafia\/\",\"url\":\"https:\/\/aral2.cetrexmarketing.com\/ca\/producto\/terrania-ratafia\/\",\"name\":\"Terr\u00e0nia Ratafia de La Pobla de Segur\",\"isPartOf\":{\"@id\":\"https:\/\/aral2.cetrexmarketing.com\/#website\"},\"primaryImageOfPage\":{\"@id\":\"https:\/\/aral2.cetrexmarketing.com\/ca\/producto\/terrania-ratafia\/#primaryimage\"},\"image\":{\"@id\":\"https:\/\/aral2.cetrexmarketing.com\/ca\/producto\/terrania-ratafia\/#primaryimage\"},\"thumbnailUrl\":\"https:\/\/aral2.cetrexmarketing.com\/wp-content\/uploads\/2025\/05\/ratafia-terrania.jpeg.png\",\"datePublished\":\"2025-05-25T07:01:31+00:00\",\"dateModified\":\"2025-05-27T06:55:06+00:00\",\"description\":\"Per nom\u00e9s 20.59\u20ac. Comprar la ratafia Terr\u00e0nia de La Pobla de Segur. Enviament segur i r\u00e0pid.\",\"breadcrumb\":{\"@id\":\"https:\/\/aral2.cetrexmarketing.com\/ca\/producto\/terrania-ratafia\/#breadcrumb\"},\"inLanguage\":\"ca\",\"potentialAction\":[{\"@type\":\"ReadAction\",\"target\":[\"https:\/\/aral2.cetrexmarketing.com\/ca\/producto\/terrania-ratafia\/\"]}]},{\"@type\":\"ImageObject\",\"inLanguage\":\"ca\",\"@id\":\"https:\/\/aral2.cetrexmarketing.com\/ca\/producto\/terrania-ratafia\/#primaryimage\",\"url\":\"https:\/\/aral2.cetrexmarketing.com\/wp-content\/uploads\/2025\/05\/ratafia-terrania.jpeg.png\",\"contentUrl\":\"https:\/\/aral2.cetrexmarketing.com\/wp-content\/uploads\/2025\/05\/ratafia-terrania.jpeg.png\",\"width\":765,\"height\":1024},{\"@type\":\"BreadcrumbList\",\"@id\":\"https:\/\/aral2.cetrexmarketing.com\/ca\/producto\/terrania-ratafia\/#breadcrumb\",\"itemListElement\":[{\"@type\":\"ListItem\",\"position\":1,\"name\":\"Home\",\"item\":\"https:\/\/aral2.cetrexmarketing.com\/ca\/\"},{\"@type\":\"ListItem\",\"position\":2,\"name\":\"Tienda\",\"item\":\"https:\/\/aral2.cetrexmarketing.com\/ca\/tienda-2\/\"},{\"@type\":\"ListItem\",\"position\":3,\"name\":\"Destil\u00b7lats\",\"item\":\"https:\/\/aral2.cetrexmarketing.com\/categoria-producto\/home-ca\/destil-lats-ca\/\"},{\"@type\":\"ListItem\",\"position\":4,\"name\":\"Ratafia\",\"item\":\"https:\/\/aral2.cetrexmarketing.com\/categoria-producto\/inicio\/destilados\/ratafia\/\"},{\"@type\":\"ListItem\",\"position\":5,\"name\":\"Terr\u00e0nia Ratafia\"}]},{\"@type\":\"WebSite\",\"@id\":\"https:\/\/aral2.cetrexmarketing.com\/#website\",\"url\":\"https:\/\/aral2.cetrexmarketing.com\/\",\"name\":\"M\u00f3n La Cata\",\"description\":\"Tienda de vinos, licores, cervezas y gourmet\",\"publisher\":{\"@id\":\"https:\/\/aral2.cetrexmarketing.com\/#organization\"},\"potentialAction\":[{\"@type\":\"SearchAction\",\"target\":{\"@type\":\"EntryPoint\",\"urlTemplate\":\"https:\/\/aral2.cetrexmarketing.com\/?s={search_term_string}\"},\"query-input\":{\"@type\":\"PropertyValueSpecification\",\"valueRequired\":true,\"valueName\":\"search_term_string\"}}],\"inLanguage\":\"ca\"},{\"@type\":\"Organization\",\"@id\":\"https:\/\/aral2.cetrexmarketing.com\/#organization\",\"name\":\"M\u00f3n La Cata\",\"url\":\"https:\/\/aral2.cetrexmarketing.com\/\",\"logo\":{\"@type\":\"ImageObject\",\"inLanguage\":\"ca\",\"@id\":\"https:\/\/aral2.cetrexmarketing.com\/#\/schema\/logo\/image\/\",\"url\":\"https:\/\/aral2.cetrexmarketing.com\/wp-content\/uploads\/2024\/10\/aral-logo-neg-1024x409-1.png\",\"contentUrl\":\"https:\/\/aral2.cetrexmarketing.com\/wp-content\/uploads\/2024\/10\/aral-logo-neg-1024x409-1.png\",\"width\":1024,\"height\":409,\"caption\":\"M\u00f3n La Cata\"},\"image\":{\"@id\":\"https:\/\/aral2.cetrexmarketing.com\/#\/schema\/logo\/image\/\"}}]}<\/script>\n<!-- \/ Yoast SEO Premium plugin. -->","yoast_head_json":{"title":"Terr\u00e0nia Ratafia de La Pobla de Segur","description":"Per nom\u00e9s 20.59\u20ac. Comprar la ratafia Terr\u00e0nia de La Pobla de Segur. Enviament segur i r\u00e0pid.","robots":{"index":"noindex","follow":"follow","max-snippet":"max-snippet:-1","max-image-preview":"max-image-preview:large","max-video-preview":"max-video-preview:-1"},"og_locale":"ca_ES","og_type":"article","og_title":"Terr\u00e0nia Ratafia","og_description":"Per nom\u00e9s 20.59\u20ac. Comprar la ratafia Terr\u00e0nia de La Pobla de Segur. Enviament segur i r\u00e0pid.","og_url":"https:\/\/aral2.cetrexmarketing.com\/ca\/producto\/terrania-ratafia\/","og_site_name":"M\u00f3n La Cata","article_modified_time":"2025-05-27T06:55:06+00:00","og_image":[{"width":765,"height":1024,"url":"https:\/\/aral2.cetrexmarketing.com\/wp-content\/uploads\/2025\/05\/ratafia-terrania.jpeg.png","type":"image\/png"}],"twitter_card":"summary_large_image","twitter_misc":{"Temps estimat de lectura":"1 minut"},"schema":{"@context":"https:\/\/schema.org","@graph":[{"@type":"WebPage","@id":"https:\/\/aral2.cetrexmarketing.com\/ca\/producto\/terrania-ratafia\/","url":"https:\/\/aral2.cetrexmarketing.com\/ca\/producto\/terrania-ratafia\/","name":"Terr\u00e0nia Ratafia de La Pobla de Segur","isPartOf":{"@id":"https:\/\/aral2.cetrexmarketing.com\/#website"},"primaryImageOfPage":{"@id":"https:\/\/aral2.cetrexmarketing.com\/ca\/producto\/terrania-ratafia\/#primaryimage"},"image":{"@id":"https:\/\/aral2.cetrexmarketing.com\/ca\/producto\/terrania-ratafia\/#primaryimage"},"thumbnailUrl":"https:\/\/aral2.cetrexmarketing.com\/wp-content\/uploads\/2025\/05\/ratafia-terrania.jpeg.png","datePublished":"2025-05-25T07:01:31+00:00","dateModified":"2025-05-27T06:55:06+00:00","description":"Per nom\u00e9s 20.59\u20ac. Comprar la ratafia Terr\u00e0nia de La Pobla de Segur. Enviament segur i r\u00e0pid.","breadcrumb":{"@id":"https:\/\/aral2.cetrexmarketing.com\/ca\/producto\/terrania-ratafia\/#breadcrumb"},"inLanguage":"ca","potentialAction":[{"@type":"ReadAction","target":["https:\/\/aral2.cetrexmarketing.com\/ca\/producto\/terrania-ratafia\/"]}]},{"@type":"ImageObject","inLanguage":"ca","@id":"https:\/\/aral2.cetrexmarketing.com\/ca\/producto\/terrania-ratafia\/#primaryimage","url":"https:\/\/aral2.cetrexmarketing.com\/wp-content\/uploads\/2025\/05\/ratafia-terrania.jpeg.png","contentUrl":"https:\/\/aral2.cetrexmarketing.com\/wp-content\/uploads\/2025\/05\/ratafia-terrania.jpeg.png","width":765,"height":1024},{"@type":"BreadcrumbList","@id":"https:\/\/aral2.cetrexmarketing.com\/ca\/producto\/terrania-ratafia\/#breadcrumb","itemListElement":[{"@type":"ListItem","position":1,"name":"Home","item":"https:\/\/aral2.cetrexmarketing.com\/ca\/"},{"@type":"ListItem","position":2,"name":"Tienda","item":"https:\/\/aral2.cetrexmarketing.com\/ca\/tienda-2\/"},{"@type":"ListItem","position":3,"name":"Destil\u00b7lats","item":"https:\/\/aral2.cetrexmarketing.com\/categoria-producto\/home-ca\/destil-lats-ca\/"},{"@type":"ListItem","position":4,"name":"Ratafia","item":"https:\/\/aral2.cetrexmarketing.com\/categoria-producto\/inicio\/destilados\/ratafia\/"},{"@type":"ListItem","position":5,"name":"Terr\u00e0nia Ratafia"}]},{"@type":"WebSite","@id":"https:\/\/aral2.cetrexmarketing.com\/#website","url":"https:\/\/aral2.cetrexmarketing.com\/","name":"M\u00f3n La Cata","description":"Tienda de vinos, licores, cervezas y gourmet","publisher":{"@id":"https:\/\/aral2.cetrexmarketing.com\/#organization"},"potentialAction":[{"@type":"SearchAction","target":{"@type":"EntryPoint","urlTemplate":"https:\/\/aral2.cetrexmarketing.com\/?s={search_term_string}"},"query-input":{"@type":"PropertyValueSpecification","valueRequired":true,"valueName":"search_term_string"}}],"inLanguage":"ca"},{"@type":"Organization","@id":"https:\/\/aral2.cetrexmarketing.com\/#organization","name":"M\u00f3n La Cata","url":"https:\/\/aral2.cetrexmarketing.com\/","logo":{"@type":"ImageObject","inLanguage":"ca","@id":"https:\/\/aral2.cetrexmarketing.com\/#\/schema\/logo\/image\/","url":"https:\/\/aral2.cetrexmarketing.com\/wp-content\/uploads\/2024\/10\/aral-logo-neg-1024x409-1.png","contentUrl":"https:\/\/aral2.cetrexmarketing.com\/wp-content\/uploads\/2024\/10\/aral-logo-neg-1024x409-1.png","width":1024,"height":409,"caption":"M\u00f3n La Cata"},"image":{"@id":"https:\/\/aral2.cetrexmarketing.com\/#\/schema\/logo\/image\/"}}]}},"brands":[],"_links":{"self":[{"href":"https:\/\/aral2.cetrexmarketing.com\/ca\/wp-json\/wp\/v2\/product\/88127","targetHints":{"allow":["GET"]}}],"collection":[{"href":"https:\/\/aral2.cetrexmarketing.com\/ca\/wp-json\/wp\/v2\/product"}],"about":[{"href":"https:\/\/aral2.cetrexmarketing.com\/ca\/wp-json\/wp\/v2\/types\/product"}],"replies":[{"embeddable":true,"href":"https:\/\/aral2.cetrexmarketing.com\/ca\/wp-json\/wp\/v2\/comments?post=88127"}],"wp:featuredmedia":[{"embeddable":true,"href":"https:\/\/aral2.cetrexmarketing.com\/ca\/wp-json\/wp\/v2\/media\/88124"}],"wp:attachment":[{"href":"https:\/\/aral2.cetrexmarketing.com\/ca\/wp-json\/wp\/v2\/media?parent=88127"}],"wp:term":[{"taxonomy":"pwb-brand","embeddable":true,"href":"https:\/\/aral2.cetrexmarketing.com\/ca\/wp-json\/wp\/v2\/pwb-brand?post=88127"},{"taxonomy":"product_brand","embeddable":true,"href":"https:\/\/aral2.cetrexmarketing.com\/ca\/wp-json\/wp\/v2\/product_brand?post=88127"},{"taxonomy":"product_cat","embeddable":true,"href":"https:\/\/aral2.cetrexmarketing.com\/ca\/wp-json\/wp\/v2\/product_cat?post=88127"},{"taxonomy":"product_tag","embeddable":true,"href":"https:\/\/aral2.cetrexmarketing.com\/ca\/wp-json\/wp\/v2\/product_tag?post=88127"}],"curies":[{"name":"wp","href":"https:\/\/api.w.org\/{rel}","templated":true}]}}