{"id":87608,"date":"2025-05-25T06:55:06","date_gmt":"2025-05-25T06:55:06","guid":{"rendered":"https:\/\/aral2.cetrexmarketing.com\/producto\/el-perro-verde-magnum\/"},"modified":"2025-05-27T06:53:24","modified_gmt":"2025-05-27T06:53:24","slug":"el-perro-verde-magnum","status":"publish","type":"product","link":"https:\/\/aral2.cetrexmarketing.com\/ca\/producto\/el-perro-verde-magnum\/","title":{"rendered":"El Perro Verde Magnum"},"content":{"rendered":"<p class=\"\" data-start=\"1220\" data-end=\"1279\"><strong data-start=\"1220\" data-end=\"1279\">El Perro Verde Magnum<\/strong><\/p>\n<p class=\"\" data-start=\"1281\" data-end=\"1309\"><strong data-start=\"1281\" data-end=\"1309\">Descripci\u00f3 del producte:<\/strong><\/p>\n<p class=\"\" data-start=\"1311\" data-end=\"1476\"><span class=\"relative -mx-px my-[-0.2rem] rounded px-px py-[0.2rem] transition-colors duration-100 ease-in-out\">El Perro Verde Magnum \u00e9s un vi blanc elaborat per Bodegas y Vi\u00f1edos \u00c1ngel Lorenzo Cachazo a la Denominaci\u00f3 d&#8217;Origen Rueda.<\/span> <span class=\"relative -mx-px my-[-0.2rem] rounded px-px py-[0.2rem] transition-colors duration-100 ease-in-out\">Est\u00e0 compost al 100% per la varietat Verdejo, cultivada en s\u00f2ls sorrencs i pedregosos de la regi\u00f3.<\/span> <span class=\"relative -mx-px my-[-0.2rem] rounded px-px py-[0.2rem] transition-colors duration-100 ease-in-out\">Aquest vi es presenta en format magnum de 1,5 litres, ideal per compartir en reunions i celebracions.<\/span>\u200b<\/p>\n<p class=\"\" data-start=\"1478\" data-end=\"1499\"><strong data-start=\"1478\" data-end=\"1499\">Caracter\u00edstiques:<\/strong><\/p>\n<ul data-start=\"1501\" data-end=\"1852\">\n<li class=\"\" data-start=\"1501\" data-end=\"1559\">\n<p class=\"\" data-start=\"1503\" data-end=\"1559\"><strong data-start=\"1503\" data-end=\"1519\">Tipus de vi:<\/strong> <span class=\"relative -mx-px my-[-0.2rem] rounded px-px py-[0.2rem] transition-colors duration-100 ease-in-out\">Blanc jove sense crian\u00e7a<\/span><\/p>\n<\/li>\n<li class=\"\" data-start=\"1560\" data-end=\"1615\">\n<p class=\"\" data-start=\"1562\" data-end=\"1615\"><strong data-start=\"1562\" data-end=\"1575\">Varietat:<\/strong> <span class=\"relative -mx-px my-[-0.2rem] rounded px-px py-[0.2rem] transition-colors duration-100 ease-in-out\">100% Verdejo<\/span><\/p>\n<\/li>\n<li class=\"\" data-start=\"1616\" data-end=\"1669\">\n<p class=\"\" data-start=\"1618\" data-end=\"1669\"><strong data-start=\"1618\" data-end=\"1629\">Origen:<\/strong> <span class=\"relative -mx-px my-[-0.2rem] rounded px-px py-[0.2rem] transition-colors duration-100 ease-in-out\">D.O. Rueda<\/span><\/p>\n<\/li>\n<li class=\"\" data-start=\"1670\" data-end=\"1737\">\n<p class=\"\" data-start=\"1672\" data-end=\"1737\"><strong data-start=\"1672\" data-end=\"1697\">Graduaci\u00f3 alcoh\u00f2lica:<\/strong> <span class=\"relative -mx-px my-[-0.2rem] rounded px-px py-[0.2rem] transition-colors duration-100 ease-in-out\">13% vol.<\/span><\/p>\n<\/li>\n<li class=\"\" data-start=\"1738\" data-end=\"1852\">\n<p class=\"\" data-start=\"1740\" data-end=\"1852\"><strong data-start=\"1740\" data-end=\"1766\">Temperatura de servei:<\/strong> <span class=\"relative -mx-px my-[-0.2rem] rounded px-px py-[0.2rem] transition-colors duration-100 ease-in-out\">Entre 6 i 8 \u00baC<\/span>\u200b<\/p>\n<\/li>\n<\/ul>\n<p class=\"\" data-start=\"1854\" data-end=\"1872\"><strong data-start=\"1854\" data-end=\"1872\">Notes de tast:<\/strong><\/p>\n<ul data-start=\"1874\" data-end=\"2075\">\n<li class=\"\" data-start=\"1874\" data-end=\"1926\">\n<p class=\"\" data-start=\"1876\" data-end=\"1926\"><strong data-start=\"1876\" data-end=\"1886\">Vista:<\/strong> <span class=\"relative -mx-px my-[-0.2rem] rounded px-px py-[0.2rem] transition-colors duration-100 ease-in-out\">Color groc p\u00e0l\u00b7lid, net i brillant.<\/span><\/p>\n<\/li>\n<li class=\"\" data-start=\"1927\" data-end=\"1977\">\n<p class=\"\" data-start=\"1929\" data-end=\"1977\"><strong data-start=\"1929\" data-end=\"1937\">Nas:<\/strong> <span class=\"relative -mx-px my-[-0.2rem] rounded px-px py-[0.2rem] transition-colors duration-100 ease-in-out\">Aromes intensos i seductors de flors blanques, fruites tropicals com pinya i maracuj\u00e0, fruites de pinyol com pr\u00e9ssec, amb notes c\u00edtriques de pell de llimona i herbes arom\u00e0tiques com fonoll i menta.<\/span><\/p>\n<\/li>\n<li class=\"\" data-start=\"1978\" data-end=\"2075\">\n<p class=\"\" data-start=\"1980\" data-end=\"2075\"><strong data-start=\"1980\" data-end=\"1989\">Boca:<\/strong> <span class=\"relative -mx-px my-[-0.2rem] rounded px-px py-[0.2rem] transition-colors duration-100 ease-in-out\">Fresc, vibrant i cristal\u00b7l\u00ed, amb bona acidesa i un final lleugerament amarg caracter\u00edstic de la varietat Verdejo.<\/span>\u200b<\/p>\n<\/li>\n<\/ul>\n<p class=\"\" data-start=\"2077\" data-end=\"2101\"><strong data-start=\"2077\" data-end=\"2101\">Maridatge recomanat:<\/strong><\/p>\n<p class=\"\" data-start=\"2103\" data-end=\"2228\"><span class=\"relative -mx-px my-[-0.2rem] rounded px-px py-[0.2rem] transition-colors duration-100 ease-in-out\">Aquest vi \u00e9s vers\u00e0til i es recomana per acompanyar aperitius, arrossos, crustacis, peixos de platja, sushi i sashimi.<\/span> \u200b<\/p>\n<p class=\"\" data-start=\"2230\" data-end=\"2244\"><strong data-start=\"2230\" data-end=\"2244\">Conclusi\u00f3:<\/strong><\/p>\n<p class=\"\" data-start=\"2246\" data-end=\"2371\"><span class=\"relative -mx-px my-[-0.2rem] rounded px-px py-[0.2rem] transition-colors duration-100 ease-in-out\">El Perro Verde Magnum \u00e9s un vi blanc jove i expressiu que reflecteix l&#8217;ess\u00e8ncia de la varietat Verdejo i la regi\u00f3 de Rueda.<\/span><span class=\"relative -mx-px my-[-0.2rem] rounded px-px py-[0.2rem] transition-colors duration-100 ease-in-out\">El seu format magnum el converteix en una opci\u00f3 ideal per compartir en diverses ocasions.<\/span>\u200b<\/p>\n","protected":false},"excerpt":{"rendered":"<p>El Perro Verde Magnum Descripci\u00f3 del producte: El Perro Verde Magnum \u00e9s un vi blanc elaborat per Bodegas y Vi\u00f1edos \u00c1ngel Lorenzo Cachazo a la Denominaci\u00f3 d&#8217;Origen Rueda. Est\u00e0 compost al 100% per la varietat Verdejo, cultivada en s\u00f2ls sorrencs i pedregosos de la regi\u00f3. Aquest vi es presenta en format magnum de 1,5 litres,&hellip;<\/p>\n","protected":false},"featured_media":87605,"comment_status":"closed","ping_status":"closed","template":"","meta":{"_acf_changed":false},"pwb-brand":[32933],"product_brand":[],"product_cat":[51670,51672],"product_tag":[16796,16040,15039,48917],"class_list":{"0":"post-87608","1":"product","2":"type-product","3":"status-publish","4":"has-post-thumbnail","6":"pwb-brand-rueda-d-o","7":"product_cat-vi","8":"product_cat-vi-blanc","9":"product_tag-el-perro-verde-ca","10":"product_tag-magnum-ca","11":"product_tag-verdejo-ca","12":"product_tag-vi-blanc-ca","13":"pa_anada-45483","14":"pa_bodega-bb-bodegasyvinedosangellorenz","15":"pa_do-ruedado-ca","16":"pa_formatoenl-36164","17":"pa_formatoenml-38316","18":"pa_graduacion-13_0","19":"pa_pais-espanya-ca","20":"pa_pesoengramos-38366","21":"pa_pesoenkg-3-ca","22":"pa_tipodevino-vi-tranquil","23":"pa_variedades-verdejo-ca","24":"entry","25":"has-media","27":"first","28":"instock","29":"taxable","30":"shipping-taxable","31":"purchasable","32":"product-type-simple"},"acf":[],"yoast_head":"<!-- This site is optimized with the Yoast SEO Premium plugin v23.1 (Yoast SEO v23.5) - https:\/\/yoast.com\/wordpress\/plugins\/seo\/ -->\n<title>El Perro Verde Magnum vi blanc<\/title>\n<meta name=\"description\" content=\"Comprar online al millor preu el vi blanc El Perro Verde Magnum 1.5L DO Rueda. Verdejo. Viniteca. Licoreria. Begudes. Alimentacio. Productes gourmet. Descomptes\" \/>\n<meta name=\"robots\" content=\"noindex, follow, max-snippet:-1, max-image-preview:large, max-video-preview:-1\" \/>\n<meta property=\"og:locale\" content=\"ca_ES\" \/>\n<meta property=\"og:type\" content=\"article\" \/>\n<meta property=\"og:title\" content=\"El Perro Verde Magnum\" \/>\n<meta property=\"og:description\" content=\"Comprar online al millor preu el vi blanc El Perro Verde Magnum 1.5L DO Rueda. Verdejo. Viniteca. Licoreria. Begudes. Alimentacio. Productes gourmet. Descomptes\" \/>\n<meta property=\"og:url\" content=\"https:\/\/aral2.cetrexmarketing.com\/ca\/producto\/el-perro-verde-magnum\/\" \/>\n<meta property=\"og:site_name\" content=\"M\u00f3n La Cata\" \/>\n<meta property=\"article:modified_time\" content=\"2025-05-27T06:53:24+00:00\" \/>\n<meta property=\"og:image\" content=\"https:\/\/aral2.cetrexmarketing.com\/wp-content\/uploads\/2025\/05\/EL-PERRO-VERDE-MAGNUM.png\" \/>\n\t<meta property=\"og:image:width\" content=\"765\" \/>\n\t<meta property=\"og:image:height\" content=\"1024\" \/>\n\t<meta property=\"og:image:type\" content=\"image\/png\" \/>\n<meta name=\"twitter:card\" content=\"summary_large_image\" \/>\n<meta name=\"twitter:label1\" content=\"Temps estimat de lectura\" \/>\n\t<meta name=\"twitter:data1\" content=\"2 minuts\" \/>\n<script type=\"application\/ld+json\" class=\"yoast-schema-graph\">{\"@context\":\"https:\/\/schema.org\",\"@graph\":[{\"@type\":\"WebPage\",\"@id\":\"https:\/\/aral2.cetrexmarketing.com\/ca\/producto\/el-perro-verde-magnum\/\",\"url\":\"https:\/\/aral2.cetrexmarketing.com\/ca\/producto\/el-perro-verde-magnum\/\",\"name\":\"El Perro Verde Magnum vi blanc\",\"isPartOf\":{\"@id\":\"https:\/\/aral2.cetrexmarketing.com\/#website\"},\"primaryImageOfPage\":{\"@id\":\"https:\/\/aral2.cetrexmarketing.com\/ca\/producto\/el-perro-verde-magnum\/#primaryimage\"},\"image\":{\"@id\":\"https:\/\/aral2.cetrexmarketing.com\/ca\/producto\/el-perro-verde-magnum\/#primaryimage\"},\"thumbnailUrl\":\"https:\/\/aral2.cetrexmarketing.com\/wp-content\/uploads\/2025\/05\/EL-PERRO-VERDE-MAGNUM.png\",\"datePublished\":\"2025-05-25T06:55:06+00:00\",\"dateModified\":\"2025-05-27T06:53:24+00:00\",\"description\":\"Comprar online al millor preu el vi blanc El Perro Verde Magnum 1.5L DO Rueda. Verdejo. Viniteca. Licoreria. Begudes. Alimentacio. Productes gourmet. Descomptes\",\"breadcrumb\":{\"@id\":\"https:\/\/aral2.cetrexmarketing.com\/ca\/producto\/el-perro-verde-magnum\/#breadcrumb\"},\"inLanguage\":\"ca\",\"potentialAction\":[{\"@type\":\"ReadAction\",\"target\":[\"https:\/\/aral2.cetrexmarketing.com\/ca\/producto\/el-perro-verde-magnum\/\"]}]},{\"@type\":\"ImageObject\",\"inLanguage\":\"ca\",\"@id\":\"https:\/\/aral2.cetrexmarketing.com\/ca\/producto\/el-perro-verde-magnum\/#primaryimage\",\"url\":\"https:\/\/aral2.cetrexmarketing.com\/wp-content\/uploads\/2025\/05\/EL-PERRO-VERDE-MAGNUM.png\",\"contentUrl\":\"https:\/\/aral2.cetrexmarketing.com\/wp-content\/uploads\/2025\/05\/EL-PERRO-VERDE-MAGNUM.png\",\"width\":765,\"height\":1024},{\"@type\":\"BreadcrumbList\",\"@id\":\"https:\/\/aral2.cetrexmarketing.com\/ca\/producto\/el-perro-verde-magnum\/#breadcrumb\",\"itemListElement\":[{\"@type\":\"ListItem\",\"position\":1,\"name\":\"Home\",\"item\":\"https:\/\/aral2.cetrexmarketing.com\/ca\/\"},{\"@type\":\"ListItem\",\"position\":2,\"name\":\"Tienda\",\"item\":\"https:\/\/aral2.cetrexmarketing.com\/ca\/tienda-2\/\"},{\"@type\":\"ListItem\",\"position\":3,\"name\":\"Vi\",\"item\":\"https:\/\/aral2.cetrexmarketing.com\/categoria-producto\/vi\/\"},{\"@type\":\"ListItem\",\"position\":4,\"name\":\"Vi Blanc\",\"item\":\"https:\/\/aral2.cetrexmarketing.com\/categoria-producto\/vi\/vi-blanc\/\"},{\"@type\":\"ListItem\",\"position\":5,\"name\":\"El Perro Verde Magnum\"}]},{\"@type\":\"WebSite\",\"@id\":\"https:\/\/aral2.cetrexmarketing.com\/#website\",\"url\":\"https:\/\/aral2.cetrexmarketing.com\/\",\"name\":\"M\u00f3n La Cata\",\"description\":\"Tienda de vinos, licores, cervezas y gourmet\",\"publisher\":{\"@id\":\"https:\/\/aral2.cetrexmarketing.com\/#organization\"},\"potentialAction\":[{\"@type\":\"SearchAction\",\"target\":{\"@type\":\"EntryPoint\",\"urlTemplate\":\"https:\/\/aral2.cetrexmarketing.com\/?s={search_term_string}\"},\"query-input\":{\"@type\":\"PropertyValueSpecification\",\"valueRequired\":true,\"valueName\":\"search_term_string\"}}],\"inLanguage\":\"ca\"},{\"@type\":\"Organization\",\"@id\":\"https:\/\/aral2.cetrexmarketing.com\/#organization\",\"name\":\"M\u00f3n La Cata\",\"url\":\"https:\/\/aral2.cetrexmarketing.com\/\",\"logo\":{\"@type\":\"ImageObject\",\"inLanguage\":\"ca\",\"@id\":\"https:\/\/aral2.cetrexmarketing.com\/#\/schema\/logo\/image\/\",\"url\":\"https:\/\/aral2.cetrexmarketing.com\/wp-content\/uploads\/2024\/10\/aral-logo-neg-1024x409-1.png\",\"contentUrl\":\"https:\/\/aral2.cetrexmarketing.com\/wp-content\/uploads\/2024\/10\/aral-logo-neg-1024x409-1.png\",\"width\":1024,\"height\":409,\"caption\":\"M\u00f3n La Cata\"},\"image\":{\"@id\":\"https:\/\/aral2.cetrexmarketing.com\/#\/schema\/logo\/image\/\"}}]}<\/script>\n<!-- \/ Yoast SEO Premium plugin. -->","yoast_head_json":{"title":"El Perro Verde Magnum vi blanc","description":"Comprar online al millor preu el vi blanc El Perro Verde Magnum 1.5L DO Rueda. Verdejo. Viniteca. Licoreria. Begudes. Alimentacio. Productes gourmet. Descomptes","robots":{"index":"noindex","follow":"follow","max-snippet":"max-snippet:-1","max-image-preview":"max-image-preview:large","max-video-preview":"max-video-preview:-1"},"og_locale":"ca_ES","og_type":"article","og_title":"El Perro Verde Magnum","og_description":"Comprar online al millor preu el vi blanc El Perro Verde Magnum 1.5L DO Rueda. Verdejo. Viniteca. Licoreria. Begudes. Alimentacio. Productes gourmet. Descomptes","og_url":"https:\/\/aral2.cetrexmarketing.com\/ca\/producto\/el-perro-verde-magnum\/","og_site_name":"M\u00f3n La Cata","article_modified_time":"2025-05-27T06:53:24+00:00","og_image":[{"width":765,"height":1024,"url":"https:\/\/aral2.cetrexmarketing.com\/wp-content\/uploads\/2025\/05\/EL-PERRO-VERDE-MAGNUM.png","type":"image\/png"}],"twitter_card":"summary_large_image","twitter_misc":{"Temps estimat de lectura":"2 minuts"},"schema":{"@context":"https:\/\/schema.org","@graph":[{"@type":"WebPage","@id":"https:\/\/aral2.cetrexmarketing.com\/ca\/producto\/el-perro-verde-magnum\/","url":"https:\/\/aral2.cetrexmarketing.com\/ca\/producto\/el-perro-verde-magnum\/","name":"El Perro Verde Magnum vi blanc","isPartOf":{"@id":"https:\/\/aral2.cetrexmarketing.com\/#website"},"primaryImageOfPage":{"@id":"https:\/\/aral2.cetrexmarketing.com\/ca\/producto\/el-perro-verde-magnum\/#primaryimage"},"image":{"@id":"https:\/\/aral2.cetrexmarketing.com\/ca\/producto\/el-perro-verde-magnum\/#primaryimage"},"thumbnailUrl":"https:\/\/aral2.cetrexmarketing.com\/wp-content\/uploads\/2025\/05\/EL-PERRO-VERDE-MAGNUM.png","datePublished":"2025-05-25T06:55:06+00:00","dateModified":"2025-05-27T06:53:24+00:00","description":"Comprar online al millor preu el vi blanc El Perro Verde Magnum 1.5L DO Rueda. Verdejo. Viniteca. Licoreria. Begudes. Alimentacio. Productes gourmet. Descomptes","breadcrumb":{"@id":"https:\/\/aral2.cetrexmarketing.com\/ca\/producto\/el-perro-verde-magnum\/#breadcrumb"},"inLanguage":"ca","potentialAction":[{"@type":"ReadAction","target":["https:\/\/aral2.cetrexmarketing.com\/ca\/producto\/el-perro-verde-magnum\/"]}]},{"@type":"ImageObject","inLanguage":"ca","@id":"https:\/\/aral2.cetrexmarketing.com\/ca\/producto\/el-perro-verde-magnum\/#primaryimage","url":"https:\/\/aral2.cetrexmarketing.com\/wp-content\/uploads\/2025\/05\/EL-PERRO-VERDE-MAGNUM.png","contentUrl":"https:\/\/aral2.cetrexmarketing.com\/wp-content\/uploads\/2025\/05\/EL-PERRO-VERDE-MAGNUM.png","width":765,"height":1024},{"@type":"BreadcrumbList","@id":"https:\/\/aral2.cetrexmarketing.com\/ca\/producto\/el-perro-verde-magnum\/#breadcrumb","itemListElement":[{"@type":"ListItem","position":1,"name":"Home","item":"https:\/\/aral2.cetrexmarketing.com\/ca\/"},{"@type":"ListItem","position":2,"name":"Tienda","item":"https:\/\/aral2.cetrexmarketing.com\/ca\/tienda-2\/"},{"@type":"ListItem","position":3,"name":"Vi","item":"https:\/\/aral2.cetrexmarketing.com\/categoria-producto\/vi\/"},{"@type":"ListItem","position":4,"name":"Vi Blanc","item":"https:\/\/aral2.cetrexmarketing.com\/categoria-producto\/vi\/vi-blanc\/"},{"@type":"ListItem","position":5,"name":"El Perro Verde Magnum"}]},{"@type":"WebSite","@id":"https:\/\/aral2.cetrexmarketing.com\/#website","url":"https:\/\/aral2.cetrexmarketing.com\/","name":"M\u00f3n La Cata","description":"Tienda de vinos, licores, cervezas y gourmet","publisher":{"@id":"https:\/\/aral2.cetrexmarketing.com\/#organization"},"potentialAction":[{"@type":"SearchAction","target":{"@type":"EntryPoint","urlTemplate":"https:\/\/aral2.cetrexmarketing.com\/?s={search_term_string}"},"query-input":{"@type":"PropertyValueSpecification","valueRequired":true,"valueName":"search_term_string"}}],"inLanguage":"ca"},{"@type":"Organization","@id":"https:\/\/aral2.cetrexmarketing.com\/#organization","name":"M\u00f3n La Cata","url":"https:\/\/aral2.cetrexmarketing.com\/","logo":{"@type":"ImageObject","inLanguage":"ca","@id":"https:\/\/aral2.cetrexmarketing.com\/#\/schema\/logo\/image\/","url":"https:\/\/aral2.cetrexmarketing.com\/wp-content\/uploads\/2024\/10\/aral-logo-neg-1024x409-1.png","contentUrl":"https:\/\/aral2.cetrexmarketing.com\/wp-content\/uploads\/2024\/10\/aral-logo-neg-1024x409-1.png","width":1024,"height":409,"caption":"M\u00f3n La Cata"},"image":{"@id":"https:\/\/aral2.cetrexmarketing.com\/#\/schema\/logo\/image\/"}}]}},"brands":[{"id":32933,"name":"Rueda D.O.","slug":"rueda-d-o"}],"_links":{"self":[{"href":"https:\/\/aral2.cetrexmarketing.com\/ca\/wp-json\/wp\/v2\/product\/87608","targetHints":{"allow":["GET"]}}],"collection":[{"href":"https:\/\/aral2.cetrexmarketing.com\/ca\/wp-json\/wp\/v2\/product"}],"about":[{"href":"https:\/\/aral2.cetrexmarketing.com\/ca\/wp-json\/wp\/v2\/types\/product"}],"replies":[{"embeddable":true,"href":"https:\/\/aral2.cetrexmarketing.com\/ca\/wp-json\/wp\/v2\/comments?post=87608"}],"wp:featuredmedia":[{"embeddable":true,"href":"https:\/\/aral2.cetrexmarketing.com\/ca\/wp-json\/wp\/v2\/media\/87605"}],"wp:attachment":[{"href":"https:\/\/aral2.cetrexmarketing.com\/ca\/wp-json\/wp\/v2\/media?parent=87608"}],"wp:term":[{"taxonomy":"pwb-brand","embeddable":true,"href":"https:\/\/aral2.cetrexmarketing.com\/ca\/wp-json\/wp\/v2\/pwb-brand?post=87608"},{"taxonomy":"product_brand","embeddable":true,"href":"https:\/\/aral2.cetrexmarketing.com\/ca\/wp-json\/wp\/v2\/product_brand?post=87608"},{"taxonomy":"product_cat","embeddable":true,"href":"https:\/\/aral2.cetrexmarketing.com\/ca\/wp-json\/wp\/v2\/product_cat?post=87608"},{"taxonomy":"product_tag","embeddable":true,"href":"https:\/\/aral2.cetrexmarketing.com\/ca\/wp-json\/wp\/v2\/product_tag?post=87608"}],"curies":[{"name":"wp","href":"https:\/\/api.w.org\/{rel}","templated":true}]}}