{"id":87604,"date":"2025-05-25T06:55:00","date_gmt":"2025-05-25T06:55:00","guid":{"rendered":"https:\/\/aral2.cetrexmarketing.com\/producto\/bicicletas-y-peces-verdejo\/"},"modified":"2025-05-27T06:53:21","modified_gmt":"2025-05-27T06:53:21","slug":"bicicletas-y-peces-verdejo","status":"publish","type":"product","link":"https:\/\/aral2.cetrexmarketing.com\/ca\/producto\/bicicletas-y-peces-verdejo\/","title":{"rendered":"Bicicletas y peces Verdejo"},"content":{"rendered":"<p>Estem davant d\u2019un do Rueda, Monovarietal de Verdejo.<br \/>\n n<br \/>\n nde de color groc.<br \/>\n n<br \/>\n ncon aromes d&#8217;esp\u00e8cies, flors blanques, rostides, afruitats com la pinya i la fruita madura.<br \/>\n n<br \/>\n Nen Boca \u00e9s un vi fresc, afruitat i c\u00edtric.<br \/>\n n<br \/>\n N\u00f3timo per a musclos al vapor.<\/p>\n","protected":false},"excerpt":{"rendered":"<p><span id=\"docs-internal-guid-aba728c8-7fff-8c5a-2a89-92ae8c415e54\">Estem davant d\u2019un DO Rueda, monovarietal de Verdejo.<\/span><\/p>\n<p>De color groc palla.<\/p>\n<p>Amb aromes d&#8217;esp\u00e8cies, flors blanques, torrats, afruitats com la pinya i la fruita madura.<\/p>\n<p>En boca \u00e9s un vi blanc fresc, afruitat i c\u00edtric.<\/p>\n<p>\u00d2ptim per uns musclos al vapor.<\/p>\n","protected":false},"featured_media":87601,"comment_status":"closed","ping_status":"closed","template":"","meta":{"_acf_changed":false},"pwb-brand":[32933],"product_brand":[],"product_cat":[51670,51672],"product_tag":[16795,16169,15039],"class_list":{"0":"post-87604","1":"product","2":"type-product","3":"status-publish","4":"has-post-thumbnail","6":"pwb-brand-rueda-d-o","7":"product_cat-vi","8":"product_cat-vi-blanc","9":"product_tag-bicicletas-y-peces-ca","10":"product_tag-roda-ca","11":"product_tag-verdejo-ca","12":"pa_anada-36214","13":"pa_bodega-bodegastunel","14":"pa_do-ruedado-ca","15":"pa_ecologico-vegano-natural-vega","16":"pa_formatoenl-36158","17":"pa_formatoenml-38306","18":"pa_graduacion-13_0","19":"pa_pais-espanya-ca","20":"pa_pesoengramos-38337","21":"pa_pesoenkg-125-ca","22":"pa_tipodevino-vi-tranquil","23":"pa_variedades-verdejo-ca","24":"entry","25":"has-media","27":"first","28":"instock","29":"taxable","30":"shipping-taxable","31":"purchasable","32":"product-type-simple"},"acf":[],"yoast_head":"<!-- This site is optimized with the Yoast SEO Premium plugin v23.1 (Yoast SEO v23.5) - https:\/\/yoast.com\/wordpress\/plugins\/seo\/ -->\n<title>Bicicletas y Peces Verdejo<\/title>\n<meta name=\"description\" content=\"Comprar el vi blanc Bicicletas y Peces Verdejo, de la DO Rueda. Enviament Expr\u00e9ss. R\u00e0pid i segur. Els millors preus. La teva viniteca online de confian\u00e7a.\" \/>\n<meta name=\"robots\" content=\"noindex, follow, max-snippet:-1, max-image-preview:large, max-video-preview:-1\" \/>\n<meta property=\"og:locale\" content=\"ca_ES\" \/>\n<meta property=\"og:type\" content=\"article\" \/>\n<meta property=\"og:title\" content=\"Bicicletas y peces Verdejo\" \/>\n<meta property=\"og:description\" content=\"Comprar el vi blanc Bicicletas y Peces Verdejo, de la DO Rueda. Enviament Expr\u00e9ss. R\u00e0pid i segur. Els millors preus. La teva viniteca online de confian\u00e7a.\" \/>\n<meta property=\"og:url\" content=\"https:\/\/aral2.cetrexmarketing.com\/ca\/producto\/bicicletas-y-peces-verdejo\/\" \/>\n<meta property=\"og:site_name\" content=\"M\u00f3n La Cata\" \/>\n<meta property=\"article:modified_time\" content=\"2025-05-27T06:53:21+00:00\" \/>\n<meta property=\"og:image\" content=\"https:\/\/aral2.cetrexmarketing.com\/wp-content\/uploads\/2025\/05\/Bicicletas-y-peces-Verdejo-1.png\" \/>\n\t<meta property=\"og:image:width\" content=\"765\" \/>\n\t<meta property=\"og:image:height\" content=\"1024\" \/>\n\t<meta property=\"og:image:type\" content=\"image\/png\" \/>\n<meta name=\"twitter:card\" content=\"summary_large_image\" \/>\n<script type=\"application\/ld+json\" class=\"yoast-schema-graph\">{\"@context\":\"https:\/\/schema.org\",\"@graph\":[{\"@type\":\"WebPage\",\"@id\":\"https:\/\/aral2.cetrexmarketing.com\/ca\/producto\/bicicletas-y-peces-verdejo\/\",\"url\":\"https:\/\/aral2.cetrexmarketing.com\/ca\/producto\/bicicletas-y-peces-verdejo\/\",\"name\":\"Bicicletas y Peces Verdejo\",\"isPartOf\":{\"@id\":\"https:\/\/aral2.cetrexmarketing.com\/#website\"},\"primaryImageOfPage\":{\"@id\":\"https:\/\/aral2.cetrexmarketing.com\/ca\/producto\/bicicletas-y-peces-verdejo\/#primaryimage\"},\"image\":{\"@id\":\"https:\/\/aral2.cetrexmarketing.com\/ca\/producto\/bicicletas-y-peces-verdejo\/#primaryimage\"},\"thumbnailUrl\":\"https:\/\/aral2.cetrexmarketing.com\/wp-content\/uploads\/2025\/05\/Bicicletas-y-peces-Verdejo-1.png\",\"datePublished\":\"2025-05-25T06:55:00+00:00\",\"dateModified\":\"2025-05-27T06:53:21+00:00\",\"description\":\"Comprar el vi blanc Bicicletas y Peces Verdejo, de la DO Rueda. Enviament Expr\u00e9ss. R\u00e0pid i segur. Els millors preus. La teva viniteca online de confian\u00e7a.\",\"breadcrumb\":{\"@id\":\"https:\/\/aral2.cetrexmarketing.com\/ca\/producto\/bicicletas-y-peces-verdejo\/#breadcrumb\"},\"inLanguage\":\"ca\",\"potentialAction\":[{\"@type\":\"ReadAction\",\"target\":[\"https:\/\/aral2.cetrexmarketing.com\/ca\/producto\/bicicletas-y-peces-verdejo\/\"]}]},{\"@type\":\"ImageObject\",\"inLanguage\":\"ca\",\"@id\":\"https:\/\/aral2.cetrexmarketing.com\/ca\/producto\/bicicletas-y-peces-verdejo\/#primaryimage\",\"url\":\"https:\/\/aral2.cetrexmarketing.com\/wp-content\/uploads\/2025\/05\/Bicicletas-y-peces-Verdejo-1.png\",\"contentUrl\":\"https:\/\/aral2.cetrexmarketing.com\/wp-content\/uploads\/2025\/05\/Bicicletas-y-peces-Verdejo-1.png\",\"width\":765,\"height\":1024},{\"@type\":\"BreadcrumbList\",\"@id\":\"https:\/\/aral2.cetrexmarketing.com\/ca\/producto\/bicicletas-y-peces-verdejo\/#breadcrumb\",\"itemListElement\":[{\"@type\":\"ListItem\",\"position\":1,\"name\":\"Home\",\"item\":\"https:\/\/aral2.cetrexmarketing.com\/ca\/\"},{\"@type\":\"ListItem\",\"position\":2,\"name\":\"Tienda\",\"item\":\"https:\/\/aral2.cetrexmarketing.com\/ca\/tienda-2\/\"},{\"@type\":\"ListItem\",\"position\":3,\"name\":\"Vi\",\"item\":\"https:\/\/aral2.cetrexmarketing.com\/categoria-producto\/vi\/\"},{\"@type\":\"ListItem\",\"position\":4,\"name\":\"Vi Blanc\",\"item\":\"https:\/\/aral2.cetrexmarketing.com\/categoria-producto\/vi\/vi-blanc\/\"},{\"@type\":\"ListItem\",\"position\":5,\"name\":\"Bicicletas y peces Verdejo\"}]},{\"@type\":\"WebSite\",\"@id\":\"https:\/\/aral2.cetrexmarketing.com\/#website\",\"url\":\"https:\/\/aral2.cetrexmarketing.com\/\",\"name\":\"M\u00f3n La Cata\",\"description\":\"Tienda de vinos, licores, cervezas y gourmet\",\"publisher\":{\"@id\":\"https:\/\/aral2.cetrexmarketing.com\/#organization\"},\"potentialAction\":[{\"@type\":\"SearchAction\",\"target\":{\"@type\":\"EntryPoint\",\"urlTemplate\":\"https:\/\/aral2.cetrexmarketing.com\/?s={search_term_string}\"},\"query-input\":{\"@type\":\"PropertyValueSpecification\",\"valueRequired\":true,\"valueName\":\"search_term_string\"}}],\"inLanguage\":\"ca\"},{\"@type\":\"Organization\",\"@id\":\"https:\/\/aral2.cetrexmarketing.com\/#organization\",\"name\":\"M\u00f3n La Cata\",\"url\":\"https:\/\/aral2.cetrexmarketing.com\/\",\"logo\":{\"@type\":\"ImageObject\",\"inLanguage\":\"ca\",\"@id\":\"https:\/\/aral2.cetrexmarketing.com\/#\/schema\/logo\/image\/\",\"url\":\"https:\/\/aral2.cetrexmarketing.com\/wp-content\/uploads\/2024\/10\/aral-logo-neg-1024x409-1.png\",\"contentUrl\":\"https:\/\/aral2.cetrexmarketing.com\/wp-content\/uploads\/2024\/10\/aral-logo-neg-1024x409-1.png\",\"width\":1024,\"height\":409,\"caption\":\"M\u00f3n La Cata\"},\"image\":{\"@id\":\"https:\/\/aral2.cetrexmarketing.com\/#\/schema\/logo\/image\/\"}}]}<\/script>\n<!-- \/ Yoast SEO Premium plugin. -->","yoast_head_json":{"title":"Bicicletas y Peces Verdejo","description":"Comprar el vi blanc Bicicletas y Peces Verdejo, de la DO Rueda. Enviament Expr\u00e9ss. R\u00e0pid i segur. Els millors preus. La teva viniteca online de confian\u00e7a.","robots":{"index":"noindex","follow":"follow","max-snippet":"max-snippet:-1","max-image-preview":"max-image-preview:large","max-video-preview":"max-video-preview:-1"},"og_locale":"ca_ES","og_type":"article","og_title":"Bicicletas y peces Verdejo","og_description":"Comprar el vi blanc Bicicletas y Peces Verdejo, de la DO Rueda. Enviament Expr\u00e9ss. R\u00e0pid i segur. Els millors preus. La teva viniteca online de confian\u00e7a.","og_url":"https:\/\/aral2.cetrexmarketing.com\/ca\/producto\/bicicletas-y-peces-verdejo\/","og_site_name":"M\u00f3n La Cata","article_modified_time":"2025-05-27T06:53:21+00:00","og_image":[{"width":765,"height":1024,"url":"https:\/\/aral2.cetrexmarketing.com\/wp-content\/uploads\/2025\/05\/Bicicletas-y-peces-Verdejo-1.png","type":"image\/png"}],"twitter_card":"summary_large_image","schema":{"@context":"https:\/\/schema.org","@graph":[{"@type":"WebPage","@id":"https:\/\/aral2.cetrexmarketing.com\/ca\/producto\/bicicletas-y-peces-verdejo\/","url":"https:\/\/aral2.cetrexmarketing.com\/ca\/producto\/bicicletas-y-peces-verdejo\/","name":"Bicicletas y Peces Verdejo","isPartOf":{"@id":"https:\/\/aral2.cetrexmarketing.com\/#website"},"primaryImageOfPage":{"@id":"https:\/\/aral2.cetrexmarketing.com\/ca\/producto\/bicicletas-y-peces-verdejo\/#primaryimage"},"image":{"@id":"https:\/\/aral2.cetrexmarketing.com\/ca\/producto\/bicicletas-y-peces-verdejo\/#primaryimage"},"thumbnailUrl":"https:\/\/aral2.cetrexmarketing.com\/wp-content\/uploads\/2025\/05\/Bicicletas-y-peces-Verdejo-1.png","datePublished":"2025-05-25T06:55:00+00:00","dateModified":"2025-05-27T06:53:21+00:00","description":"Comprar el vi blanc Bicicletas y Peces Verdejo, de la DO Rueda. Enviament Expr\u00e9ss. R\u00e0pid i segur. Els millors preus. La teva viniteca online de confian\u00e7a.","breadcrumb":{"@id":"https:\/\/aral2.cetrexmarketing.com\/ca\/producto\/bicicletas-y-peces-verdejo\/#breadcrumb"},"inLanguage":"ca","potentialAction":[{"@type":"ReadAction","target":["https:\/\/aral2.cetrexmarketing.com\/ca\/producto\/bicicletas-y-peces-verdejo\/"]}]},{"@type":"ImageObject","inLanguage":"ca","@id":"https:\/\/aral2.cetrexmarketing.com\/ca\/producto\/bicicletas-y-peces-verdejo\/#primaryimage","url":"https:\/\/aral2.cetrexmarketing.com\/wp-content\/uploads\/2025\/05\/Bicicletas-y-peces-Verdejo-1.png","contentUrl":"https:\/\/aral2.cetrexmarketing.com\/wp-content\/uploads\/2025\/05\/Bicicletas-y-peces-Verdejo-1.png","width":765,"height":1024},{"@type":"BreadcrumbList","@id":"https:\/\/aral2.cetrexmarketing.com\/ca\/producto\/bicicletas-y-peces-verdejo\/#breadcrumb","itemListElement":[{"@type":"ListItem","position":1,"name":"Home","item":"https:\/\/aral2.cetrexmarketing.com\/ca\/"},{"@type":"ListItem","position":2,"name":"Tienda","item":"https:\/\/aral2.cetrexmarketing.com\/ca\/tienda-2\/"},{"@type":"ListItem","position":3,"name":"Vi","item":"https:\/\/aral2.cetrexmarketing.com\/categoria-producto\/vi\/"},{"@type":"ListItem","position":4,"name":"Vi Blanc","item":"https:\/\/aral2.cetrexmarketing.com\/categoria-producto\/vi\/vi-blanc\/"},{"@type":"ListItem","position":5,"name":"Bicicletas y peces Verdejo"}]},{"@type":"WebSite","@id":"https:\/\/aral2.cetrexmarketing.com\/#website","url":"https:\/\/aral2.cetrexmarketing.com\/","name":"M\u00f3n La Cata","description":"Tienda de vinos, licores, cervezas y gourmet","publisher":{"@id":"https:\/\/aral2.cetrexmarketing.com\/#organization"},"potentialAction":[{"@type":"SearchAction","target":{"@type":"EntryPoint","urlTemplate":"https:\/\/aral2.cetrexmarketing.com\/?s={search_term_string}"},"query-input":{"@type":"PropertyValueSpecification","valueRequired":true,"valueName":"search_term_string"}}],"inLanguage":"ca"},{"@type":"Organization","@id":"https:\/\/aral2.cetrexmarketing.com\/#organization","name":"M\u00f3n La Cata","url":"https:\/\/aral2.cetrexmarketing.com\/","logo":{"@type":"ImageObject","inLanguage":"ca","@id":"https:\/\/aral2.cetrexmarketing.com\/#\/schema\/logo\/image\/","url":"https:\/\/aral2.cetrexmarketing.com\/wp-content\/uploads\/2024\/10\/aral-logo-neg-1024x409-1.png","contentUrl":"https:\/\/aral2.cetrexmarketing.com\/wp-content\/uploads\/2024\/10\/aral-logo-neg-1024x409-1.png","width":1024,"height":409,"caption":"M\u00f3n La Cata"},"image":{"@id":"https:\/\/aral2.cetrexmarketing.com\/#\/schema\/logo\/image\/"}}]}},"brands":[{"id":32933,"name":"Rueda D.O.","slug":"rueda-d-o"}],"_links":{"self":[{"href":"https:\/\/aral2.cetrexmarketing.com\/ca\/wp-json\/wp\/v2\/product\/87604","targetHints":{"allow":["GET"]}}],"collection":[{"href":"https:\/\/aral2.cetrexmarketing.com\/ca\/wp-json\/wp\/v2\/product"}],"about":[{"href":"https:\/\/aral2.cetrexmarketing.com\/ca\/wp-json\/wp\/v2\/types\/product"}],"replies":[{"embeddable":true,"href":"https:\/\/aral2.cetrexmarketing.com\/ca\/wp-json\/wp\/v2\/comments?post=87604"}],"wp:featuredmedia":[{"embeddable":true,"href":"https:\/\/aral2.cetrexmarketing.com\/ca\/wp-json\/wp\/v2\/media\/87601"}],"wp:attachment":[{"href":"https:\/\/aral2.cetrexmarketing.com\/ca\/wp-json\/wp\/v2\/media?parent=87604"}],"wp:term":[{"taxonomy":"pwb-brand","embeddable":true,"href":"https:\/\/aral2.cetrexmarketing.com\/ca\/wp-json\/wp\/v2\/pwb-brand?post=87604"},{"taxonomy":"product_brand","embeddable":true,"href":"https:\/\/aral2.cetrexmarketing.com\/ca\/wp-json\/wp\/v2\/product_brand?post=87604"},{"taxonomy":"product_cat","embeddable":true,"href":"https:\/\/aral2.cetrexmarketing.com\/ca\/wp-json\/wp\/v2\/product_cat?post=87604"},{"taxonomy":"product_tag","embeddable":true,"href":"https:\/\/aral2.cetrexmarketing.com\/ca\/wp-json\/wp\/v2\/product_tag?post=87604"}],"curies":[{"name":"wp","href":"https:\/\/api.w.org\/{rel}","templated":true}]}}