{"id":87326,"date":"2025-05-25T06:51:30","date_gmt":"2025-05-25T06:51:30","guid":{"rendered":"https:\/\/aral2.cetrexmarketing.com\/producto\/codorniu-anna-blanc-de-noirs\/"},"modified":"2025-05-27T06:52:12","modified_gmt":"2025-05-27T06:52:12","slug":"codorniu-anna-blanc-de-noirs","status":"publish","type":"product","link":"https:\/\/aral2.cetrexmarketing.com\/ca\/producto\/codorniu-anna-blanc-de-noirs\/","title":{"rendered":"Codorn\u00edu Anna Blanc de Noirs"},"content":{"rendered":"<div class=\"flex flex-grow flex-col max-w-full\">\n<div class=\"min-h-[20px] text-message flex flex-col items-start whitespace-pre-wrap break-words [.text-message+&amp;]:mt-5 juice:w-full juice:items-end overflow-x-auto gap-2\" dir=\"auto\" data-message-author-role=\"assistant\" data-message-id=\"93266d0f-a578-40ee-80db-ae13bc1942ed\">\n<div class=\"flex w-full flex-col gap-1 juice:empty:hidden juice:first:pt-[3px]\">\n<div class=\"markdown prose w-full break-words dark:prose-invert light\">\n<p><strong>Anna de Codorn\u00edu Blanc de Noirs<\/strong> \u00e9s un cava excepcional elaborat pel hist\u00f2ric celler <strong>Codorn\u00edu<\/strong> . Aquest vi escum\u00f3s es distingeix per la seva elaboraci\u00f3 amb la varietat de ra\u00efm <strong>Pinot Noir.<\/strong> Un cep noble i apreciat al m\u00f3n dels vins.<\/p>\n<p>L&#8217; <strong>elaboraci\u00f3<\/strong> segueix el m\u00e8tode tradicional, el mateix utilitzat en la producci\u00f3 de Champagne. El proc\u00e9s comen\u00e7a amb la verema manual del ra\u00efm Pinot Noir al punt \u00f2ptim de maduraci\u00f3. Els ra\u00efms s\u00f3n premsats suaument per obtenir el <strong>most<\/strong> de la m\u00e9s alta qualitat. Aquest most es fermenta a baixa temperatura en dip\u00f2sits d&#8217;acer inoxidable per preservar les aromes i els sabors delicats del ra\u00efm.<\/p>\n<p>Despr\u00e9s de la primera fermentaci\u00f3, es realitza el <strong>tiratge<\/strong> , afegint-hi sucre i llevats al vi base, que despr\u00e9s s&#8217;embotella per dur a terme la <strong>segona fermentaci\u00f3<\/strong> en ampolla. Aquest proc\u00e9s de fermentaci\u00f3 en ampolla, conegut com <strong>a m\u00e8tode tradicional<\/strong> , dura un m\u00ednim de 15 mesos. Durant aquest temps, el vi adquireix les bombolles fines i persistents, aix\u00ed com les seves complexes aromes i sabors.<\/p>\n<p>Anna de Codorn\u00edu Blanc de Noirs es caracteritza per les seves notes de fruites vermelles, com maduixes i gerds, combinades amb matisos de poma i pa torrat. El seu <strong>maridatge<\/strong> \u00e9s vers\u00e0til, fent d&#8217;aquest cava una opci\u00f3 excel\u00b7lent per acompanyar una varietat de plats.<\/p>\n<h6>Maridatge<\/h6>\n<p>Aquest cava es marida perfectament amb <strong>marisc<\/strong> i <strong>peix<\/strong> , real\u00e7ant els sabors frescos i salins del mar. Tamb\u00e9 \u00e9s ideal per a plats d&#8217; <strong>arrossos<\/strong> i <strong>pasta<\/strong> amb salses lleugeres, on la seva acidesa equilibrada i les bombolles refrescants complementen la textura i els sabors d&#8217;aquests aliments. Tamb\u00e9 es gaudeix amb <strong>carns blanques<\/strong> i <strong>aus<\/strong> , aportant un toc elegant a menjars m\u00e9s substanciosos.<\/p>\n<p>En resum, <strong>Anna de Codorn\u00edu Blanc de Noirs<\/strong> \u00e9s un cava elaborat amb cura a partir de ra\u00efms <strong>Pinot Noir<\/strong> , seguint el m\u00e8tode tradicional. La seva qualitat i versatilitat en el maridatge el converteixen en una elecci\u00f3 ideal per a diverses ocasions i plats, destacant tant en celebracions com en dinars quotidians.<\/p>\n<\/div>\n<\/div>\n<\/div>\n<\/div>\n","protected":false},"excerpt":{"rendered":"<p><strong>Anna de Codorn\u00edu Blanc de Noirs<\/strong> \u00e9s un cava elaborat amb cura a partir de ra\u00efms <strong>Pinot Noir<\/strong> , seguint el m\u00e8tode tradicional. La seva qualitat i versatilitat en el maridatge el converteixen en una elecci\u00f3 ideal per a diverses ocasions i plats, destacant tant en celebracions com en dinars quotidians.<\/p>\n","protected":false},"featured_media":87323,"comment_status":"closed","ping_status":"closed","template":"","meta":{"_acf_changed":false},"pwb-brand":[32909],"product_brand":[],"product_cat":[51695,51696,51694],"product_tag":[15138,50367,16653,15119,15139,15123,15162],"class_list":{"0":"post-87326","1":"product","2":"type-product","3":"status-publish","4":"has-post-thumbnail","6":"pwb-brand-cava-d-o","7":"product_cat-cava-vi-escumos","8":"product_cat-cava-blanc","9":"product_cat-vi-escumos","10":"product_tag-anna-de-codorniu-ca","11":"product_tag-anna-de-codorniu-blanc-de-noirs-ca","12":"product_tag-blanc-de-noirs-ca","13":"product_tag-cava-ca","14":"product_tag-codorniu-ca","15":"product_tag-do-cava-ca","16":"product_tag-pinot-noir-ca","17":"pa_bodega-codorniu","18":"pa_do-cava-d-o-ca-2","19":"pa_formatoenml-38306","20":"pa_graduacion-11_5","21":"pa_pais-espanya-ca","22":"pa_pueblociudad-sant-sadurni-danoia-barcelona","23":"pa_region-cataluna","24":"pa_variedad-principal-pinot-noir-ca","25":"entry","26":"has-media","28":"first","29":"instock","30":"taxable","31":"shipping-taxable","32":"purchasable","33":"product-type-simple"},"acf":[],"yoast_head":"<!-- This site is optimized with the Yoast SEO Premium plugin v23.1 (Yoast SEO v23.5) - https:\/\/yoast.com\/wordpress\/plugins\/seo\/ -->\n<title>Anna de Codorn\u00edu Blanc de Noirs<\/title>\n<meta name=\"description\" content=\"Comprar en l\u00ednia al millor preu el cava Anna de Codorn\u00edu Blanc de Noirs. Web especialitzada en vins, destil\u00b7lats i alimentaci\u00f3 gourmet.\" \/>\n<meta name=\"robots\" content=\"noindex, follow, max-snippet:-1, max-image-preview:large, max-video-preview:-1\" \/>\n<meta property=\"og:locale\" content=\"ca_ES\" \/>\n<meta property=\"og:type\" content=\"article\" \/>\n<meta property=\"og:title\" content=\"Codorn\u00edu Anna Blanc de Noirs\" \/>\n<meta property=\"og:description\" content=\"Comprar en l\u00ednia al millor preu el cava Anna de Codorn\u00edu Blanc de Noirs. Web especialitzada en vins, destil\u00b7lats i alimentaci\u00f3 gourmet.\" \/>\n<meta property=\"og:url\" content=\"https:\/\/aral2.cetrexmarketing.com\/ca\/producto\/codorniu-anna-blanc-de-noirs\/\" \/>\n<meta property=\"og:site_name\" content=\"M\u00f3n La Cata\" \/>\n<meta property=\"article:modified_time\" content=\"2025-05-27T06:52:12+00:00\" \/>\n<meta property=\"og:image\" content=\"https:\/\/aral2.cetrexmarketing.com\/wp-content\/uploads\/2025\/05\/cava-anna-de-codorniu-blanc-de-noirs-pinot-noir.png\" \/>\n\t<meta property=\"og:image:width\" content=\"765\" \/>\n\t<meta property=\"og:image:height\" content=\"1024\" \/>\n\t<meta property=\"og:image:type\" content=\"image\/png\" \/>\n<meta name=\"twitter:card\" content=\"summary_large_image\" \/>\n<meta name=\"twitter:label1\" content=\"Temps estimat de lectura\" \/>\n\t<meta name=\"twitter:data1\" content=\"2 minuts\" \/>\n<script type=\"application\/ld+json\" class=\"yoast-schema-graph\">{\"@context\":\"https:\/\/schema.org\",\"@graph\":[{\"@type\":\"WebPage\",\"@id\":\"https:\/\/aral2.cetrexmarketing.com\/ca\/producto\/codorniu-anna-blanc-de-noirs\/\",\"url\":\"https:\/\/aral2.cetrexmarketing.com\/ca\/producto\/codorniu-anna-blanc-de-noirs\/\",\"name\":\"Anna de Codorn\u00edu Blanc de Noirs\",\"isPartOf\":{\"@id\":\"https:\/\/aral2.cetrexmarketing.com\/#website\"},\"primaryImageOfPage\":{\"@id\":\"https:\/\/aral2.cetrexmarketing.com\/ca\/producto\/codorniu-anna-blanc-de-noirs\/#primaryimage\"},\"image\":{\"@id\":\"https:\/\/aral2.cetrexmarketing.com\/ca\/producto\/codorniu-anna-blanc-de-noirs\/#primaryimage\"},\"thumbnailUrl\":\"https:\/\/aral2.cetrexmarketing.com\/wp-content\/uploads\/2025\/05\/cava-anna-de-codorniu-blanc-de-noirs-pinot-noir.png\",\"datePublished\":\"2025-05-25T06:51:30+00:00\",\"dateModified\":\"2025-05-27T06:52:12+00:00\",\"description\":\"Comprar en l\u00ednia al millor preu el cava Anna de Codorn\u00edu Blanc de Noirs. Web especialitzada en vins, destil\u00b7lats i alimentaci\u00f3 gourmet.\",\"breadcrumb\":{\"@id\":\"https:\/\/aral2.cetrexmarketing.com\/ca\/producto\/codorniu-anna-blanc-de-noirs\/#breadcrumb\"},\"inLanguage\":\"ca\",\"potentialAction\":[{\"@type\":\"ReadAction\",\"target\":[\"https:\/\/aral2.cetrexmarketing.com\/ca\/producto\/codorniu-anna-blanc-de-noirs\/\"]}]},{\"@type\":\"ImageObject\",\"inLanguage\":\"ca\",\"@id\":\"https:\/\/aral2.cetrexmarketing.com\/ca\/producto\/codorniu-anna-blanc-de-noirs\/#primaryimage\",\"url\":\"https:\/\/aral2.cetrexmarketing.com\/wp-content\/uploads\/2025\/05\/cava-anna-de-codorniu-blanc-de-noirs-pinot-noir.png\",\"contentUrl\":\"https:\/\/aral2.cetrexmarketing.com\/wp-content\/uploads\/2025\/05\/cava-anna-de-codorniu-blanc-de-noirs-pinot-noir.png\",\"width\":765,\"height\":1024},{\"@type\":\"BreadcrumbList\",\"@id\":\"https:\/\/aral2.cetrexmarketing.com\/ca\/producto\/codorniu-anna-blanc-de-noirs\/#breadcrumb\",\"itemListElement\":[{\"@type\":\"ListItem\",\"position\":1,\"name\":\"Home\",\"item\":\"https:\/\/aral2.cetrexmarketing.com\/ca\/\"},{\"@type\":\"ListItem\",\"position\":2,\"name\":\"Tienda\",\"item\":\"https:\/\/aral2.cetrexmarketing.com\/ca\/tienda-2\/\"},{\"@type\":\"ListItem\",\"position\":3,\"name\":\"Vi Escum\u00f3s\",\"item\":\"https:\/\/aral2.cetrexmarketing.com\/categoria-producto\/home-ca\/vi-escumos-ca\/\"},{\"@type\":\"ListItem\",\"position\":4,\"name\":\"Cava\",\"item\":\"https:\/\/aral2.cetrexmarketing.com\/ca\/categoria-producto\/home-ca\/vi-escumos-ca\/cava-ca\/\"},{\"@type\":\"ListItem\",\"position\":5,\"name\":\"Cava Blanco\",\"item\":\"https:\/\/aral2.cetrexmarketing.com\/categoria-producto\/inicio\/vino-espumoso\/cava\/cava-blanco\/\"},{\"@type\":\"ListItem\",\"position\":6,\"name\":\"Codorn\u00edu Anna Blanc de Noirs\"}]},{\"@type\":\"WebSite\",\"@id\":\"https:\/\/aral2.cetrexmarketing.com\/#website\",\"url\":\"https:\/\/aral2.cetrexmarketing.com\/\",\"name\":\"M\u00f3n La Cata\",\"description\":\"Tienda de vinos, licores, cervezas y gourmet\",\"publisher\":{\"@id\":\"https:\/\/aral2.cetrexmarketing.com\/#organization\"},\"potentialAction\":[{\"@type\":\"SearchAction\",\"target\":{\"@type\":\"EntryPoint\",\"urlTemplate\":\"https:\/\/aral2.cetrexmarketing.com\/?s={search_term_string}\"},\"query-input\":{\"@type\":\"PropertyValueSpecification\",\"valueRequired\":true,\"valueName\":\"search_term_string\"}}],\"inLanguage\":\"ca\"},{\"@type\":\"Organization\",\"@id\":\"https:\/\/aral2.cetrexmarketing.com\/#organization\",\"name\":\"M\u00f3n La Cata\",\"url\":\"https:\/\/aral2.cetrexmarketing.com\/\",\"logo\":{\"@type\":\"ImageObject\",\"inLanguage\":\"ca\",\"@id\":\"https:\/\/aral2.cetrexmarketing.com\/#\/schema\/logo\/image\/\",\"url\":\"https:\/\/aral2.cetrexmarketing.com\/wp-content\/uploads\/2024\/10\/aral-logo-neg-1024x409-1.png\",\"contentUrl\":\"https:\/\/aral2.cetrexmarketing.com\/wp-content\/uploads\/2024\/10\/aral-logo-neg-1024x409-1.png\",\"width\":1024,\"height\":409,\"caption\":\"M\u00f3n La Cata\"},\"image\":{\"@id\":\"https:\/\/aral2.cetrexmarketing.com\/#\/schema\/logo\/image\/\"}}]}<\/script>\n<!-- \/ Yoast SEO Premium plugin. -->","yoast_head_json":{"title":"Anna de Codorn\u00edu Blanc de Noirs","description":"Comprar en l\u00ednia al millor preu el cava Anna de Codorn\u00edu Blanc de Noirs. Web especialitzada en vins, destil\u00b7lats i alimentaci\u00f3 gourmet.","robots":{"index":"noindex","follow":"follow","max-snippet":"max-snippet:-1","max-image-preview":"max-image-preview:large","max-video-preview":"max-video-preview:-1"},"og_locale":"ca_ES","og_type":"article","og_title":"Codorn\u00edu Anna Blanc de Noirs","og_description":"Comprar en l\u00ednia al millor preu el cava Anna de Codorn\u00edu Blanc de Noirs. Web especialitzada en vins, destil\u00b7lats i alimentaci\u00f3 gourmet.","og_url":"https:\/\/aral2.cetrexmarketing.com\/ca\/producto\/codorniu-anna-blanc-de-noirs\/","og_site_name":"M\u00f3n La Cata","article_modified_time":"2025-05-27T06:52:12+00:00","og_image":[{"width":765,"height":1024,"url":"https:\/\/aral2.cetrexmarketing.com\/wp-content\/uploads\/2025\/05\/cava-anna-de-codorniu-blanc-de-noirs-pinot-noir.png","type":"image\/png"}],"twitter_card":"summary_large_image","twitter_misc":{"Temps estimat de lectura":"2 minuts"},"schema":{"@context":"https:\/\/schema.org","@graph":[{"@type":"WebPage","@id":"https:\/\/aral2.cetrexmarketing.com\/ca\/producto\/codorniu-anna-blanc-de-noirs\/","url":"https:\/\/aral2.cetrexmarketing.com\/ca\/producto\/codorniu-anna-blanc-de-noirs\/","name":"Anna de Codorn\u00edu Blanc de Noirs","isPartOf":{"@id":"https:\/\/aral2.cetrexmarketing.com\/#website"},"primaryImageOfPage":{"@id":"https:\/\/aral2.cetrexmarketing.com\/ca\/producto\/codorniu-anna-blanc-de-noirs\/#primaryimage"},"image":{"@id":"https:\/\/aral2.cetrexmarketing.com\/ca\/producto\/codorniu-anna-blanc-de-noirs\/#primaryimage"},"thumbnailUrl":"https:\/\/aral2.cetrexmarketing.com\/wp-content\/uploads\/2025\/05\/cava-anna-de-codorniu-blanc-de-noirs-pinot-noir.png","datePublished":"2025-05-25T06:51:30+00:00","dateModified":"2025-05-27T06:52:12+00:00","description":"Comprar en l\u00ednia al millor preu el cava Anna de Codorn\u00edu Blanc de Noirs. Web especialitzada en vins, destil\u00b7lats i alimentaci\u00f3 gourmet.","breadcrumb":{"@id":"https:\/\/aral2.cetrexmarketing.com\/ca\/producto\/codorniu-anna-blanc-de-noirs\/#breadcrumb"},"inLanguage":"ca","potentialAction":[{"@type":"ReadAction","target":["https:\/\/aral2.cetrexmarketing.com\/ca\/producto\/codorniu-anna-blanc-de-noirs\/"]}]},{"@type":"ImageObject","inLanguage":"ca","@id":"https:\/\/aral2.cetrexmarketing.com\/ca\/producto\/codorniu-anna-blanc-de-noirs\/#primaryimage","url":"https:\/\/aral2.cetrexmarketing.com\/wp-content\/uploads\/2025\/05\/cava-anna-de-codorniu-blanc-de-noirs-pinot-noir.png","contentUrl":"https:\/\/aral2.cetrexmarketing.com\/wp-content\/uploads\/2025\/05\/cava-anna-de-codorniu-blanc-de-noirs-pinot-noir.png","width":765,"height":1024},{"@type":"BreadcrumbList","@id":"https:\/\/aral2.cetrexmarketing.com\/ca\/producto\/codorniu-anna-blanc-de-noirs\/#breadcrumb","itemListElement":[{"@type":"ListItem","position":1,"name":"Home","item":"https:\/\/aral2.cetrexmarketing.com\/ca\/"},{"@type":"ListItem","position":2,"name":"Tienda","item":"https:\/\/aral2.cetrexmarketing.com\/ca\/tienda-2\/"},{"@type":"ListItem","position":3,"name":"Vi Escum\u00f3s","item":"https:\/\/aral2.cetrexmarketing.com\/categoria-producto\/home-ca\/vi-escumos-ca\/"},{"@type":"ListItem","position":4,"name":"Cava","item":"https:\/\/aral2.cetrexmarketing.com\/ca\/categoria-producto\/home-ca\/vi-escumos-ca\/cava-ca\/"},{"@type":"ListItem","position":5,"name":"Cava Blanco","item":"https:\/\/aral2.cetrexmarketing.com\/categoria-producto\/inicio\/vino-espumoso\/cava\/cava-blanco\/"},{"@type":"ListItem","position":6,"name":"Codorn\u00edu Anna Blanc de Noirs"}]},{"@type":"WebSite","@id":"https:\/\/aral2.cetrexmarketing.com\/#website","url":"https:\/\/aral2.cetrexmarketing.com\/","name":"M\u00f3n La Cata","description":"Tienda de vinos, licores, cervezas y gourmet","publisher":{"@id":"https:\/\/aral2.cetrexmarketing.com\/#organization"},"potentialAction":[{"@type":"SearchAction","target":{"@type":"EntryPoint","urlTemplate":"https:\/\/aral2.cetrexmarketing.com\/?s={search_term_string}"},"query-input":{"@type":"PropertyValueSpecification","valueRequired":true,"valueName":"search_term_string"}}],"inLanguage":"ca"},{"@type":"Organization","@id":"https:\/\/aral2.cetrexmarketing.com\/#organization","name":"M\u00f3n La Cata","url":"https:\/\/aral2.cetrexmarketing.com\/","logo":{"@type":"ImageObject","inLanguage":"ca","@id":"https:\/\/aral2.cetrexmarketing.com\/#\/schema\/logo\/image\/","url":"https:\/\/aral2.cetrexmarketing.com\/wp-content\/uploads\/2024\/10\/aral-logo-neg-1024x409-1.png","contentUrl":"https:\/\/aral2.cetrexmarketing.com\/wp-content\/uploads\/2024\/10\/aral-logo-neg-1024x409-1.png","width":1024,"height":409,"caption":"M\u00f3n La Cata"},"image":{"@id":"https:\/\/aral2.cetrexmarketing.com\/#\/schema\/logo\/image\/"}}]}},"brands":[{"id":32909,"name":"Cava D.O.","slug":"cava-d-o"}],"_links":{"self":[{"href":"https:\/\/aral2.cetrexmarketing.com\/ca\/wp-json\/wp\/v2\/product\/87326","targetHints":{"allow":["GET"]}}],"collection":[{"href":"https:\/\/aral2.cetrexmarketing.com\/ca\/wp-json\/wp\/v2\/product"}],"about":[{"href":"https:\/\/aral2.cetrexmarketing.com\/ca\/wp-json\/wp\/v2\/types\/product"}],"replies":[{"embeddable":true,"href":"https:\/\/aral2.cetrexmarketing.com\/ca\/wp-json\/wp\/v2\/comments?post=87326"}],"wp:featuredmedia":[{"embeddable":true,"href":"https:\/\/aral2.cetrexmarketing.com\/ca\/wp-json\/wp\/v2\/media\/87323"}],"wp:attachment":[{"href":"https:\/\/aral2.cetrexmarketing.com\/ca\/wp-json\/wp\/v2\/media?parent=87326"}],"wp:term":[{"taxonomy":"pwb-brand","embeddable":true,"href":"https:\/\/aral2.cetrexmarketing.com\/ca\/wp-json\/wp\/v2\/pwb-brand?post=87326"},{"taxonomy":"product_brand","embeddable":true,"href":"https:\/\/aral2.cetrexmarketing.com\/ca\/wp-json\/wp\/v2\/product_brand?post=87326"},{"taxonomy":"product_cat","embeddable":true,"href":"https:\/\/aral2.cetrexmarketing.com\/ca\/wp-json\/wp\/v2\/product_cat?post=87326"},{"taxonomy":"product_tag","embeddable":true,"href":"https:\/\/aral2.cetrexmarketing.com\/ca\/wp-json\/wp\/v2\/product_tag?post=87326"}],"curies":[{"name":"wp","href":"https:\/\/api.w.org\/{rel}","templated":true}]}}