{"id":85717,"date":"2025-05-25T06:32:52","date_gmt":"2025-05-25T06:32:52","guid":{"rendered":"https:\/\/aral2.cetrexmarketing.com\/producto\/clos-dagon-amic\/"},"modified":"2025-05-27T06:47:37","modified_gmt":"2025-05-27T06:47:37","slug":"clos-dagon-amic","status":"publish","type":"product","link":"https:\/\/aral2.cetrexmarketing.com\/ca\/producto\/clos-dagon-amic\/","title":{"rendered":"Clos d&#8217;Agon Amic"},"content":{"rendered":"","protected":false},"excerpt":{"rendered":"<p><span id=\"docs-internal-guid-39199477-7fff-9f59-bfd0-4b1878f681ee\"><span>Fet de les varietats Garnatxa, Carinyena, Cabernet Sauvignon, Merlot i Syrah. <\/span><\/span><\/p>\n<p><span><span>Compta amb una crian\u00e7a de 6 mesos de b\u00f3ta de roure franc\u00e8s usada.<\/span><\/span><\/p>\n<p><span><span>Es tracta d&#8217;un vi estructurat, potent, sabor\u00f3s per\u00f2 fresc i sec.<\/span><\/span><\/p>\n<p><span><span>Aromes de fruita vermella madura, un toc de fruites silvestres, notes especiades provinents del Cabernet Sauvignon.<\/span><\/span><\/p>\n<p><span><span>Un vi ideal per acompanyar unes costelles de xai a la brasa.<\/span><\/span><\/p>\n","protected":false},"featured_media":85715,"comment_status":"closed","ping_status":"closed","template":"","meta":{"_acf_changed":false},"pwb-brand":[32880],"product_brand":[],"product_cat":[25],"product_tag":[41419,52207,52217,48673],"class_list":{"0":"post-85717","1":"product","2":"type-product","3":"status-publish","4":"has-post-thumbnail","6":"pwb-brand-ca-abadiaretuerta-ca","7":"product_cat-sin-categorizar","8":"product_tag-clos-dagon","9":"product_tag-vi-negre-catala-2","10":"product_tag-vins-catalans-2","11":"product_tag-vins-negres-ca","12":"pa_anada-36204","13":"pa_bodega-masgil","14":"pa_envejecimiento-crianca","15":"pa_formatoenl-36158","16":"pa_formatoenml-38306","17":"pa_graduacion-14_0","18":"pa_pais-espanya-ca","19":"pa_pesoengramos-38337","20":"pa_pesoenkg-125-ca","21":"pa_pueblociudad-calongegirona","22":"pa_region-cataluna","23":"pa_tipodevino-vi-tranquil","24":"pa_variedades-7c-cabernetsauvignon_monastre","25":"entry","26":"has-media","28":"first","29":"instock","30":"taxable","31":"shipping-taxable","32":"purchasable","33":"product-type-simple"},"acf":[],"yoast_head":"<!-- This site is optimized with the Yoast SEO Premium plugin v23.1 (Yoast SEO v23.5) - https:\/\/yoast.com\/wordpress\/plugins\/seo\/ -->\n<title>Amic Clos d&#039;Agon<\/title>\n<meta name=\"description\" content=\"Comprar online al millor preu el vi negre Amic del celler Clos d&#039;Agon a la DO Empord\u00e0. Enviament Expr\u00e9s. Descompte per compra de 6 ampolles. Viniteca online.\" \/>\n<meta name=\"robots\" content=\"noindex, follow, max-snippet:-1, max-image-preview:large, max-video-preview:-1\" \/>\n<meta property=\"og:locale\" content=\"ca_ES\" \/>\n<meta property=\"og:type\" content=\"article\" \/>\n<meta property=\"og:title\" content=\"Clos d&#039;Agon Amic\" \/>\n<meta property=\"og:description\" content=\"Comprar online al millor preu el vi negre Amic del celler Clos d&#039;Agon a la DO Empord\u00e0. Enviament Expr\u00e9s. Descompte per compra de 6 ampolles. Viniteca online.\" \/>\n<meta property=\"og:url\" content=\"https:\/\/aral2.cetrexmarketing.com\/ca\/producto\/clos-dagon-amic\/\" \/>\n<meta property=\"og:site_name\" content=\"M\u00f3n La Cata\" \/>\n<meta property=\"article:modified_time\" content=\"2025-05-27T06:47:37+00:00\" \/>\n<meta property=\"og:image\" content=\"https:\/\/aral2.cetrexmarketing.com\/wp-content\/uploads\/2025\/05\/10363-Clos-dAgon-Amic.jpg\" \/>\n\t<meta property=\"og:image:width\" content=\"400\" \/>\n\t<meta property=\"og:image:height\" content=\"600\" \/>\n\t<meta property=\"og:image:type\" content=\"image\/jpeg\" \/>\n<meta name=\"twitter:card\" content=\"summary_large_image\" \/>\n<script type=\"application\/ld+json\" class=\"yoast-schema-graph\">{\"@context\":\"https:\/\/schema.org\",\"@graph\":[{\"@type\":\"WebPage\",\"@id\":\"https:\/\/aral2.cetrexmarketing.com\/ca\/producto\/clos-dagon-amic\/\",\"url\":\"https:\/\/aral2.cetrexmarketing.com\/ca\/producto\/clos-dagon-amic\/\",\"name\":\"Amic Clos d'Agon\",\"isPartOf\":{\"@id\":\"https:\/\/aral2.cetrexmarketing.com\/#website\"},\"primaryImageOfPage\":{\"@id\":\"https:\/\/aral2.cetrexmarketing.com\/ca\/producto\/clos-dagon-amic\/#primaryimage\"},\"image\":{\"@id\":\"https:\/\/aral2.cetrexmarketing.com\/ca\/producto\/clos-dagon-amic\/#primaryimage\"},\"thumbnailUrl\":\"https:\/\/aral2.cetrexmarketing.com\/wp-content\/uploads\/2025\/05\/10363-Clos-dAgon-Amic.jpg\",\"datePublished\":\"2025-05-25T06:32:52+00:00\",\"dateModified\":\"2025-05-27T06:47:37+00:00\",\"description\":\"Comprar online al millor preu el vi negre Amic del celler Clos d'Agon a la DO Empord\u00e0. Enviament Expr\u00e9s. Descompte per compra de 6 ampolles. Viniteca online.\",\"breadcrumb\":{\"@id\":\"https:\/\/aral2.cetrexmarketing.com\/ca\/producto\/clos-dagon-amic\/#breadcrumb\"},\"inLanguage\":\"ca\",\"potentialAction\":[{\"@type\":\"ReadAction\",\"target\":[\"https:\/\/aral2.cetrexmarketing.com\/ca\/producto\/clos-dagon-amic\/\"]}]},{\"@type\":\"ImageObject\",\"inLanguage\":\"ca\",\"@id\":\"https:\/\/aral2.cetrexmarketing.com\/ca\/producto\/clos-dagon-amic\/#primaryimage\",\"url\":\"https:\/\/aral2.cetrexmarketing.com\/wp-content\/uploads\/2025\/05\/10363-Clos-dAgon-Amic.jpg\",\"contentUrl\":\"https:\/\/aral2.cetrexmarketing.com\/wp-content\/uploads\/2025\/05\/10363-Clos-dAgon-Amic.jpg\",\"width\":400,\"height\":600},{\"@type\":\"BreadcrumbList\",\"@id\":\"https:\/\/aral2.cetrexmarketing.com\/ca\/producto\/clos-dagon-amic\/#breadcrumb\",\"itemListElement\":[{\"@type\":\"ListItem\",\"position\":1,\"name\":\"Home\",\"item\":\"https:\/\/aral2.cetrexmarketing.com\/ca\/\"},{\"@type\":\"ListItem\",\"position\":2,\"name\":\"Tienda\",\"item\":\"https:\/\/aral2.cetrexmarketing.com\/ca\/tienda-2\/\"},{\"@type\":\"ListItem\",\"position\":3,\"name\":\"Sin categorizar\",\"item\":\"https:\/\/aral2.cetrexmarketing.com\/categoria-producto\/sin-categorizar\/\"},{\"@type\":\"ListItem\",\"position\":4,\"name\":\"Clos d&#8217;Agon Amic\"}]},{\"@type\":\"WebSite\",\"@id\":\"https:\/\/aral2.cetrexmarketing.com\/#website\",\"url\":\"https:\/\/aral2.cetrexmarketing.com\/\",\"name\":\"M\u00f3n La Cata\",\"description\":\"Tienda de vinos, licores, cervezas y gourmet\",\"publisher\":{\"@id\":\"https:\/\/aral2.cetrexmarketing.com\/#organization\"},\"potentialAction\":[{\"@type\":\"SearchAction\",\"target\":{\"@type\":\"EntryPoint\",\"urlTemplate\":\"https:\/\/aral2.cetrexmarketing.com\/?s={search_term_string}\"},\"query-input\":{\"@type\":\"PropertyValueSpecification\",\"valueRequired\":true,\"valueName\":\"search_term_string\"}}],\"inLanguage\":\"ca\"},{\"@type\":\"Organization\",\"@id\":\"https:\/\/aral2.cetrexmarketing.com\/#organization\",\"name\":\"M\u00f3n La Cata\",\"url\":\"https:\/\/aral2.cetrexmarketing.com\/\",\"logo\":{\"@type\":\"ImageObject\",\"inLanguage\":\"ca\",\"@id\":\"https:\/\/aral2.cetrexmarketing.com\/#\/schema\/logo\/image\/\",\"url\":\"https:\/\/aral2.cetrexmarketing.com\/wp-content\/uploads\/2024\/10\/aral-logo-neg-1024x409-1.png\",\"contentUrl\":\"https:\/\/aral2.cetrexmarketing.com\/wp-content\/uploads\/2024\/10\/aral-logo-neg-1024x409-1.png\",\"width\":1024,\"height\":409,\"caption\":\"M\u00f3n La Cata\"},\"image\":{\"@id\":\"https:\/\/aral2.cetrexmarketing.com\/#\/schema\/logo\/image\/\"}}]}<\/script>\n<!-- \/ Yoast SEO Premium plugin. -->","yoast_head_json":{"title":"Amic Clos d'Agon","description":"Comprar online al millor preu el vi negre Amic del celler Clos d'Agon a la DO Empord\u00e0. Enviament Expr\u00e9s. Descompte per compra de 6 ampolles. Viniteca online.","robots":{"index":"noindex","follow":"follow","max-snippet":"max-snippet:-1","max-image-preview":"max-image-preview:large","max-video-preview":"max-video-preview:-1"},"og_locale":"ca_ES","og_type":"article","og_title":"Clos d'Agon Amic","og_description":"Comprar online al millor preu el vi negre Amic del celler Clos d'Agon a la DO Empord\u00e0. Enviament Expr\u00e9s. Descompte per compra de 6 ampolles. Viniteca online.","og_url":"https:\/\/aral2.cetrexmarketing.com\/ca\/producto\/clos-dagon-amic\/","og_site_name":"M\u00f3n La Cata","article_modified_time":"2025-05-27T06:47:37+00:00","og_image":[{"width":400,"height":600,"url":"https:\/\/aral2.cetrexmarketing.com\/wp-content\/uploads\/2025\/05\/10363-Clos-dAgon-Amic.jpg","type":"image\/jpeg"}],"twitter_card":"summary_large_image","schema":{"@context":"https:\/\/schema.org","@graph":[{"@type":"WebPage","@id":"https:\/\/aral2.cetrexmarketing.com\/ca\/producto\/clos-dagon-amic\/","url":"https:\/\/aral2.cetrexmarketing.com\/ca\/producto\/clos-dagon-amic\/","name":"Amic Clos d'Agon","isPartOf":{"@id":"https:\/\/aral2.cetrexmarketing.com\/#website"},"primaryImageOfPage":{"@id":"https:\/\/aral2.cetrexmarketing.com\/ca\/producto\/clos-dagon-amic\/#primaryimage"},"image":{"@id":"https:\/\/aral2.cetrexmarketing.com\/ca\/producto\/clos-dagon-amic\/#primaryimage"},"thumbnailUrl":"https:\/\/aral2.cetrexmarketing.com\/wp-content\/uploads\/2025\/05\/10363-Clos-dAgon-Amic.jpg","datePublished":"2025-05-25T06:32:52+00:00","dateModified":"2025-05-27T06:47:37+00:00","description":"Comprar online al millor preu el vi negre Amic del celler Clos d'Agon a la DO Empord\u00e0. Enviament Expr\u00e9s. Descompte per compra de 6 ampolles. Viniteca online.","breadcrumb":{"@id":"https:\/\/aral2.cetrexmarketing.com\/ca\/producto\/clos-dagon-amic\/#breadcrumb"},"inLanguage":"ca","potentialAction":[{"@type":"ReadAction","target":["https:\/\/aral2.cetrexmarketing.com\/ca\/producto\/clos-dagon-amic\/"]}]},{"@type":"ImageObject","inLanguage":"ca","@id":"https:\/\/aral2.cetrexmarketing.com\/ca\/producto\/clos-dagon-amic\/#primaryimage","url":"https:\/\/aral2.cetrexmarketing.com\/wp-content\/uploads\/2025\/05\/10363-Clos-dAgon-Amic.jpg","contentUrl":"https:\/\/aral2.cetrexmarketing.com\/wp-content\/uploads\/2025\/05\/10363-Clos-dAgon-Amic.jpg","width":400,"height":600},{"@type":"BreadcrumbList","@id":"https:\/\/aral2.cetrexmarketing.com\/ca\/producto\/clos-dagon-amic\/#breadcrumb","itemListElement":[{"@type":"ListItem","position":1,"name":"Home","item":"https:\/\/aral2.cetrexmarketing.com\/ca\/"},{"@type":"ListItem","position":2,"name":"Tienda","item":"https:\/\/aral2.cetrexmarketing.com\/ca\/tienda-2\/"},{"@type":"ListItem","position":3,"name":"Sin categorizar","item":"https:\/\/aral2.cetrexmarketing.com\/categoria-producto\/sin-categorizar\/"},{"@type":"ListItem","position":4,"name":"Clos d&#8217;Agon Amic"}]},{"@type":"WebSite","@id":"https:\/\/aral2.cetrexmarketing.com\/#website","url":"https:\/\/aral2.cetrexmarketing.com\/","name":"M\u00f3n La Cata","description":"Tienda de vinos, licores, cervezas y gourmet","publisher":{"@id":"https:\/\/aral2.cetrexmarketing.com\/#organization"},"potentialAction":[{"@type":"SearchAction","target":{"@type":"EntryPoint","urlTemplate":"https:\/\/aral2.cetrexmarketing.com\/?s={search_term_string}"},"query-input":{"@type":"PropertyValueSpecification","valueRequired":true,"valueName":"search_term_string"}}],"inLanguage":"ca"},{"@type":"Organization","@id":"https:\/\/aral2.cetrexmarketing.com\/#organization","name":"M\u00f3n La Cata","url":"https:\/\/aral2.cetrexmarketing.com\/","logo":{"@type":"ImageObject","inLanguage":"ca","@id":"https:\/\/aral2.cetrexmarketing.com\/#\/schema\/logo\/image\/","url":"https:\/\/aral2.cetrexmarketing.com\/wp-content\/uploads\/2024\/10\/aral-logo-neg-1024x409-1.png","contentUrl":"https:\/\/aral2.cetrexmarketing.com\/wp-content\/uploads\/2024\/10\/aral-logo-neg-1024x409-1.png","width":1024,"height":409,"caption":"M\u00f3n La Cata"},"image":{"@id":"https:\/\/aral2.cetrexmarketing.com\/#\/schema\/logo\/image\/"}}]}},"brands":[{"id":32880,"name":"Abadia Retuerta","slug":"ca-abadiaretuerta-ca"}],"_links":{"self":[{"href":"https:\/\/aral2.cetrexmarketing.com\/ca\/wp-json\/wp\/v2\/product\/85717","targetHints":{"allow":["GET"]}}],"collection":[{"href":"https:\/\/aral2.cetrexmarketing.com\/ca\/wp-json\/wp\/v2\/product"}],"about":[{"href":"https:\/\/aral2.cetrexmarketing.com\/ca\/wp-json\/wp\/v2\/types\/product"}],"replies":[{"embeddable":true,"href":"https:\/\/aral2.cetrexmarketing.com\/ca\/wp-json\/wp\/v2\/comments?post=85717"}],"wp:featuredmedia":[{"embeddable":true,"href":"https:\/\/aral2.cetrexmarketing.com\/ca\/wp-json\/wp\/v2\/media\/85715"}],"wp:attachment":[{"href":"https:\/\/aral2.cetrexmarketing.com\/ca\/wp-json\/wp\/v2\/media?parent=85717"}],"wp:term":[{"taxonomy":"pwb-brand","embeddable":true,"href":"https:\/\/aral2.cetrexmarketing.com\/ca\/wp-json\/wp\/v2\/pwb-brand?post=85717"},{"taxonomy":"product_brand","embeddable":true,"href":"https:\/\/aral2.cetrexmarketing.com\/ca\/wp-json\/wp\/v2\/product_brand?post=85717"},{"taxonomy":"product_cat","embeddable":true,"href":"https:\/\/aral2.cetrexmarketing.com\/ca\/wp-json\/wp\/v2\/product_cat?post=85717"},{"taxonomy":"product_tag","embeddable":true,"href":"https:\/\/aral2.cetrexmarketing.com\/ca\/wp-json\/wp\/v2\/product_tag?post=85717"}],"curies":[{"name":"wp","href":"https:\/\/api.w.org\/{rel}","templated":true}]}}