{"id":85501,"date":"2025-05-25T06:24:50","date_gmt":"2025-05-25T06:24:50","guid":{"rendered":"https:\/\/aral2.cetrexmarketing.com\/producto\/chimay-vermella-brune-75cl\/"},"modified":"2025-05-25T06:24:51","modified_gmt":"2025-05-25T06:24:51","slug":"chimay-vermella-brune-75cl","status":"publish","type":"product","link":"https:\/\/aral2.cetrexmarketing.com\/ca\/producto\/chimay-vermella-brune-75cl\/","title":{"rendered":"Chimay Vermella Brune 75cl"},"content":{"rendered":"<p data-start=\"0\" data-end=\"293\">Chimay Roja, tamb\u00e9 coneguda com a <strong data-start=\"34\" data-end=\"53\">Chimay Premi\u00e8re<\/strong>, \u00e9s una <strong data-start=\"62\" data-end=\"80\">Belgian Dubbel<\/strong> elaborada per l&#8217;<strong data-start=\"97\" data-end=\"134\">Abadia de Notre-Dame de Scourmont<\/strong>, a B\u00e8lgica. \u00c9s la cervesa m\u00e9s antiga de Chimay, creada el <strong data-start=\"193\" data-end=\"201\">1862<\/strong>, i \u00e9s famosa pel seu ric sabor malt\u00f3s, notes afruitades i el seu car\u00e0cter suau i complex.<\/p>\n<h3 data-start=\"295\" data-end=\"322\"><strong data-start=\"299\" data-end=\"320\">Caracter\u00edstiques:<\/strong><\/h3>\n<ul data-start=\"323\" data-end=\"774\">\n<li data-start=\"323\" data-end=\"352\"><strong data-start=\"325\" data-end=\"335\">Tipus:<\/strong> Belgian Dubbel<\/li>\n<li data-start=\"353\" data-end=\"387\"><strong data-start=\"355\" data-end=\"380\">Graduaci\u00f3 alcoh\u00f2lica:<\/strong> 7.0%<\/li>\n<li data-start=\"388\" data-end=\"439\"><strong data-start=\"390\" data-end=\"400\">Color:<\/strong> Marr\u00f3 coure amb reflexos vermellosos<\/li>\n<li data-start=\"440\" data-end=\"483\"><strong data-start=\"442\" data-end=\"453\">Escuma:<\/strong> Beige, cremosa i persistent<\/li>\n<li data-start=\"484\" data-end=\"607\"><strong data-start=\"486\" data-end=\"496\">Aroma:<\/strong> Notes de caramel, fruites fosques (pruna, panses, figues), esp\u00e8cies i llevat belga amb un lleuger toc torrat<\/li>\n<li data-start=\"608\" data-end=\"774\"><strong data-start=\"610\" data-end=\"620\">Sabor:<\/strong> Dol\u00e7 i afruitat a l\u2019inici, amb matisos de malta torrada, caramel i esp\u00e8cies (clau, nou moscada), seguit d\u2019un amargor subtil i un final sec i equilibrat<\/li>\n<\/ul>\n<h3 data-start=\"776\" data-end=\"806\"><strong data-start=\"780\" data-end=\"804\">Proc\u00e9s d\u2019elaboraci\u00f3:<\/strong><\/h3>\n<p data-start=\"807\" data-end=\"1081\" data-is-last-node=\"\">Chimay Roja s\u2019elabora amb <strong data-start=\"833\" data-end=\"870\">llevat d\u2019alta fermentaci\u00f3 (<em data-start=\"862\" data-end=\"867\">ale<\/em>)<\/strong> i es <strong data-start=\"876\" data-end=\"901\">refermenta en ampolla<\/strong>, fet que permet que el seu perfil evolucioni amb el temps. La seva complexitat prov\u00e9 d\u2019una acurada selecci\u00f3 de <strong data-start=\"1013\" data-end=\"1032\">maltes torrades<\/strong> i un equilibri entre dol\u00e7or i esp\u00e8cies naturals.<\/p>\n","protected":false},"excerpt":{"rendered":"<p>Chimay Roja, tamb\u00e9 coneguda com a Chimay Premi\u00e8re, \u00e9s una Belgian Dubbel elaborada per l&#8217;Abadia de Notre-Dame de Scourmont, a B\u00e8lgica. \u00c9s la cervesa m\u00e9s antiga de Chimay, creada el 1862, i \u00e9s famosa pel seu ric sabor malt\u00f3s, notes afruitades i el seu car\u00e0cter suau i complex. Caracter\u00edstiques: Tipus: Belgian Dubbel Graduaci\u00f3 alcoh\u00f2lica: 7.0%&hellip;<\/p>\n","protected":false},"featured_media":85498,"comment_status":"closed","ping_status":"closed","template":"","meta":{"_acf_changed":false},"pwb-brand":[],"product_brand":[],"product_cat":[51736,51804],"product_tag":[],"class_list":{"0":"post-85501","1":"product","2":"type-product","3":"status-publish","4":"has-post-thumbnail","6":"product_cat-cervesa","7":"product_cat-cervesa-belgica","8":"pa_elaborador-bieresdechimay-ca","9":"pa_formatoenl-36158","10":"pa_formatoenml-38306","11":"pa_graduacion-7_0","12":"pa_pais-belgica-ca-2","13":"pa_pesoengramos-38337","14":"pa_pesoenkg-125-ca","15":"entry","16":"has-media","18":"first","19":"instock","20":"taxable","21":"shipping-taxable","22":"purchasable","23":"product-type-simple"},"acf":[],"yoast_head":"<!-- This site is optimized with the Yoast SEO Premium plugin v23.1 (Yoast SEO v23.5) - https:\/\/yoast.com\/wordpress\/plugins\/seo\/ -->\n<title>Chimay Roja Brune 75cl Cervesa<\/title>\n<meta name=\"description\" content=\"Comprar online al millor preu cervesa Chimay\" \/>\n<meta name=\"robots\" content=\"noindex, follow, max-snippet:-1, max-image-preview:large, max-video-preview:-1\" \/>\n<meta property=\"og:locale\" content=\"ca_ES\" \/>\n<meta property=\"og:type\" content=\"article\" \/>\n<meta property=\"og:title\" content=\"Chimay Vermella Brune 75cl\" \/>\n<meta property=\"og:description\" content=\"Comprar online al millor preu cervesa Chimay\" \/>\n<meta property=\"og:url\" content=\"https:\/\/aral2.cetrexmarketing.com\/ca\/producto\/chimay-vermella-brune-75cl\/\" \/>\n<meta property=\"og:site_name\" content=\"M\u00f3n La Cata\" \/>\n<meta property=\"article:modified_time\" content=\"2025-05-25T06:24:51+00:00\" \/>\n<meta property=\"og:image\" content=\"https:\/\/aral2.cetrexmarketing.com\/wp-content\/uploads\/2025\/05\/Chimay-Roja-Brune-75cl.jpg.png\" \/>\n\t<meta property=\"og:image:width\" content=\"765\" \/>\n\t<meta property=\"og:image:height\" content=\"1024\" \/>\n\t<meta property=\"og:image:type\" content=\"image\/png\" \/>\n<meta name=\"twitter:card\" content=\"summary_large_image\" \/>\n<meta name=\"twitter:label1\" content=\"Temps estimat de lectura\" \/>\n\t<meta name=\"twitter:data1\" content=\"2 minuts\" \/>\n<script type=\"application\/ld+json\" class=\"yoast-schema-graph\">{\"@context\":\"https:\/\/schema.org\",\"@graph\":[{\"@type\":\"WebPage\",\"@id\":\"https:\/\/aral2.cetrexmarketing.com\/ca\/producto\/chimay-vermella-brune-75cl\/\",\"url\":\"https:\/\/aral2.cetrexmarketing.com\/ca\/producto\/chimay-vermella-brune-75cl\/\",\"name\":\"Chimay Roja Brune 75cl Cervesa\",\"isPartOf\":{\"@id\":\"https:\/\/aral2.cetrexmarketing.com\/#website\"},\"primaryImageOfPage\":{\"@id\":\"https:\/\/aral2.cetrexmarketing.com\/ca\/producto\/chimay-vermella-brune-75cl\/#primaryimage\"},\"image\":{\"@id\":\"https:\/\/aral2.cetrexmarketing.com\/ca\/producto\/chimay-vermella-brune-75cl\/#primaryimage\"},\"thumbnailUrl\":\"https:\/\/aral2.cetrexmarketing.com\/wp-content\/uploads\/2025\/05\/Chimay-Roja-Brune-75cl.jpg.png\",\"datePublished\":\"2025-05-25T06:24:50+00:00\",\"dateModified\":\"2025-05-25T06:24:51+00:00\",\"description\":\"Comprar online al millor preu cervesa Chimay\",\"breadcrumb\":{\"@id\":\"https:\/\/aral2.cetrexmarketing.com\/ca\/producto\/chimay-vermella-brune-75cl\/#breadcrumb\"},\"inLanguage\":\"ca\",\"potentialAction\":[{\"@type\":\"ReadAction\",\"target\":[\"https:\/\/aral2.cetrexmarketing.com\/ca\/producto\/chimay-vermella-brune-75cl\/\"]}]},{\"@type\":\"ImageObject\",\"inLanguage\":\"ca\",\"@id\":\"https:\/\/aral2.cetrexmarketing.com\/ca\/producto\/chimay-vermella-brune-75cl\/#primaryimage\",\"url\":\"https:\/\/aral2.cetrexmarketing.com\/wp-content\/uploads\/2025\/05\/Chimay-Roja-Brune-75cl.jpg.png\",\"contentUrl\":\"https:\/\/aral2.cetrexmarketing.com\/wp-content\/uploads\/2025\/05\/Chimay-Roja-Brune-75cl.jpg.png\",\"width\":765,\"height\":1024},{\"@type\":\"BreadcrumbList\",\"@id\":\"https:\/\/aral2.cetrexmarketing.com\/ca\/producto\/chimay-vermella-brune-75cl\/#breadcrumb\",\"itemListElement\":[{\"@type\":\"ListItem\",\"position\":1,\"name\":\"Home\",\"item\":\"https:\/\/aral2.cetrexmarketing.com\/ca\/\"},{\"@type\":\"ListItem\",\"position\":2,\"name\":\"Tienda\",\"item\":\"https:\/\/aral2.cetrexmarketing.com\/ca\/tienda-2\/\"},{\"@type\":\"ListItem\",\"position\":3,\"name\":\"Cervesa\",\"item\":\"https:\/\/aral2.cetrexmarketing.com\/categoria-producto\/home-ca\/cervesa-ca\/\"},{\"@type\":\"ListItem\",\"position\":4,\"name\":\"Cerveza Belgica\",\"item\":\"https:\/\/aral2.cetrexmarketing.com\/categoria-producto\/inicio\/cerveza\/cerveza-belgica\/\"},{\"@type\":\"ListItem\",\"position\":5,\"name\":\"Chimay Vermella Brune 75cl\"}]},{\"@type\":\"WebSite\",\"@id\":\"https:\/\/aral2.cetrexmarketing.com\/#website\",\"url\":\"https:\/\/aral2.cetrexmarketing.com\/\",\"name\":\"M\u00f3n La Cata\",\"description\":\"Tienda de vinos, licores, cervezas y gourmet\",\"publisher\":{\"@id\":\"https:\/\/aral2.cetrexmarketing.com\/#organization\"},\"potentialAction\":[{\"@type\":\"SearchAction\",\"target\":{\"@type\":\"EntryPoint\",\"urlTemplate\":\"https:\/\/aral2.cetrexmarketing.com\/?s={search_term_string}\"},\"query-input\":{\"@type\":\"PropertyValueSpecification\",\"valueRequired\":true,\"valueName\":\"search_term_string\"}}],\"inLanguage\":\"ca\"},{\"@type\":\"Organization\",\"@id\":\"https:\/\/aral2.cetrexmarketing.com\/#organization\",\"name\":\"M\u00f3n La Cata\",\"url\":\"https:\/\/aral2.cetrexmarketing.com\/\",\"logo\":{\"@type\":\"ImageObject\",\"inLanguage\":\"ca\",\"@id\":\"https:\/\/aral2.cetrexmarketing.com\/#\/schema\/logo\/image\/\",\"url\":\"https:\/\/aral2.cetrexmarketing.com\/wp-content\/uploads\/2024\/10\/aral-logo-neg-1024x409-1.png\",\"contentUrl\":\"https:\/\/aral2.cetrexmarketing.com\/wp-content\/uploads\/2024\/10\/aral-logo-neg-1024x409-1.png\",\"width\":1024,\"height\":409,\"caption\":\"M\u00f3n La Cata\"},\"image\":{\"@id\":\"https:\/\/aral2.cetrexmarketing.com\/#\/schema\/logo\/image\/\"}}]}<\/script>\n<!-- \/ Yoast SEO Premium plugin. -->","yoast_head_json":{"title":"Chimay Roja Brune 75cl Cervesa","description":"Comprar online al millor preu cervesa Chimay","robots":{"index":"noindex","follow":"follow","max-snippet":"max-snippet:-1","max-image-preview":"max-image-preview:large","max-video-preview":"max-video-preview:-1"},"og_locale":"ca_ES","og_type":"article","og_title":"Chimay Vermella Brune 75cl","og_description":"Comprar online al millor preu cervesa Chimay","og_url":"https:\/\/aral2.cetrexmarketing.com\/ca\/producto\/chimay-vermella-brune-75cl\/","og_site_name":"M\u00f3n La Cata","article_modified_time":"2025-05-25T06:24:51+00:00","og_image":[{"width":765,"height":1024,"url":"https:\/\/aral2.cetrexmarketing.com\/wp-content\/uploads\/2025\/05\/Chimay-Roja-Brune-75cl.jpg.png","type":"image\/png"}],"twitter_card":"summary_large_image","twitter_misc":{"Temps estimat de lectura":"2 minuts"},"schema":{"@context":"https:\/\/schema.org","@graph":[{"@type":"WebPage","@id":"https:\/\/aral2.cetrexmarketing.com\/ca\/producto\/chimay-vermella-brune-75cl\/","url":"https:\/\/aral2.cetrexmarketing.com\/ca\/producto\/chimay-vermella-brune-75cl\/","name":"Chimay Roja Brune 75cl Cervesa","isPartOf":{"@id":"https:\/\/aral2.cetrexmarketing.com\/#website"},"primaryImageOfPage":{"@id":"https:\/\/aral2.cetrexmarketing.com\/ca\/producto\/chimay-vermella-brune-75cl\/#primaryimage"},"image":{"@id":"https:\/\/aral2.cetrexmarketing.com\/ca\/producto\/chimay-vermella-brune-75cl\/#primaryimage"},"thumbnailUrl":"https:\/\/aral2.cetrexmarketing.com\/wp-content\/uploads\/2025\/05\/Chimay-Roja-Brune-75cl.jpg.png","datePublished":"2025-05-25T06:24:50+00:00","dateModified":"2025-05-25T06:24:51+00:00","description":"Comprar online al millor preu cervesa Chimay","breadcrumb":{"@id":"https:\/\/aral2.cetrexmarketing.com\/ca\/producto\/chimay-vermella-brune-75cl\/#breadcrumb"},"inLanguage":"ca","potentialAction":[{"@type":"ReadAction","target":["https:\/\/aral2.cetrexmarketing.com\/ca\/producto\/chimay-vermella-brune-75cl\/"]}]},{"@type":"ImageObject","inLanguage":"ca","@id":"https:\/\/aral2.cetrexmarketing.com\/ca\/producto\/chimay-vermella-brune-75cl\/#primaryimage","url":"https:\/\/aral2.cetrexmarketing.com\/wp-content\/uploads\/2025\/05\/Chimay-Roja-Brune-75cl.jpg.png","contentUrl":"https:\/\/aral2.cetrexmarketing.com\/wp-content\/uploads\/2025\/05\/Chimay-Roja-Brune-75cl.jpg.png","width":765,"height":1024},{"@type":"BreadcrumbList","@id":"https:\/\/aral2.cetrexmarketing.com\/ca\/producto\/chimay-vermella-brune-75cl\/#breadcrumb","itemListElement":[{"@type":"ListItem","position":1,"name":"Home","item":"https:\/\/aral2.cetrexmarketing.com\/ca\/"},{"@type":"ListItem","position":2,"name":"Tienda","item":"https:\/\/aral2.cetrexmarketing.com\/ca\/tienda-2\/"},{"@type":"ListItem","position":3,"name":"Cervesa","item":"https:\/\/aral2.cetrexmarketing.com\/categoria-producto\/home-ca\/cervesa-ca\/"},{"@type":"ListItem","position":4,"name":"Cerveza Belgica","item":"https:\/\/aral2.cetrexmarketing.com\/categoria-producto\/inicio\/cerveza\/cerveza-belgica\/"},{"@type":"ListItem","position":5,"name":"Chimay Vermella Brune 75cl"}]},{"@type":"WebSite","@id":"https:\/\/aral2.cetrexmarketing.com\/#website","url":"https:\/\/aral2.cetrexmarketing.com\/","name":"M\u00f3n La Cata","description":"Tienda de vinos, licores, cervezas y gourmet","publisher":{"@id":"https:\/\/aral2.cetrexmarketing.com\/#organization"},"potentialAction":[{"@type":"SearchAction","target":{"@type":"EntryPoint","urlTemplate":"https:\/\/aral2.cetrexmarketing.com\/?s={search_term_string}"},"query-input":{"@type":"PropertyValueSpecification","valueRequired":true,"valueName":"search_term_string"}}],"inLanguage":"ca"},{"@type":"Organization","@id":"https:\/\/aral2.cetrexmarketing.com\/#organization","name":"M\u00f3n La Cata","url":"https:\/\/aral2.cetrexmarketing.com\/","logo":{"@type":"ImageObject","inLanguage":"ca","@id":"https:\/\/aral2.cetrexmarketing.com\/#\/schema\/logo\/image\/","url":"https:\/\/aral2.cetrexmarketing.com\/wp-content\/uploads\/2024\/10\/aral-logo-neg-1024x409-1.png","contentUrl":"https:\/\/aral2.cetrexmarketing.com\/wp-content\/uploads\/2024\/10\/aral-logo-neg-1024x409-1.png","width":1024,"height":409,"caption":"M\u00f3n La Cata"},"image":{"@id":"https:\/\/aral2.cetrexmarketing.com\/#\/schema\/logo\/image\/"}}]}},"brands":[],"_links":{"self":[{"href":"https:\/\/aral2.cetrexmarketing.com\/ca\/wp-json\/wp\/v2\/product\/85501","targetHints":{"allow":["GET"]}}],"collection":[{"href":"https:\/\/aral2.cetrexmarketing.com\/ca\/wp-json\/wp\/v2\/product"}],"about":[{"href":"https:\/\/aral2.cetrexmarketing.com\/ca\/wp-json\/wp\/v2\/types\/product"}],"replies":[{"embeddable":true,"href":"https:\/\/aral2.cetrexmarketing.com\/ca\/wp-json\/wp\/v2\/comments?post=85501"}],"wp:featuredmedia":[{"embeddable":true,"href":"https:\/\/aral2.cetrexmarketing.com\/ca\/wp-json\/wp\/v2\/media\/85498"}],"wp:attachment":[{"href":"https:\/\/aral2.cetrexmarketing.com\/ca\/wp-json\/wp\/v2\/media?parent=85501"}],"wp:term":[{"taxonomy":"pwb-brand","embeddable":true,"href":"https:\/\/aral2.cetrexmarketing.com\/ca\/wp-json\/wp\/v2\/pwb-brand?post=85501"},{"taxonomy":"product_brand","embeddable":true,"href":"https:\/\/aral2.cetrexmarketing.com\/ca\/wp-json\/wp\/v2\/product_brand?post=85501"},{"taxonomy":"product_cat","embeddable":true,"href":"https:\/\/aral2.cetrexmarketing.com\/ca\/wp-json\/wp\/v2\/product_cat?post=85501"},{"taxonomy":"product_tag","embeddable":true,"href":"https:\/\/aral2.cetrexmarketing.com\/ca\/wp-json\/wp\/v2\/product_tag?post=85501"}],"curies":[{"name":"wp","href":"https:\/\/api.w.org\/{rel}","templated":true}]}}