{"id":85474,"date":"2025-05-25T06:24:10","date_gmt":"2025-05-25T06:24:10","guid":{"rendered":"https:\/\/aral2.cetrexmarketing.com\/producto\/grappa-nonino-di-moscato-2\/"},"modified":"2025-05-25T06:24:12","modified_gmt":"2025-05-25T06:24:12","slug":"grappa-nonino-di-moscato-2","status":"publish","type":"product","link":"https:\/\/aral2.cetrexmarketing.com\/ca\/producto\/grappa-nonino-di-moscato-2\/","title":{"rendered":"Grappa Nonino di Moscato"},"content":{"rendered":"<p><strong>Grappa Nonino di Moscato<\/strong> \u00e9s una grappa d&#8217;alta gamma elaborada per la prestigiosa casa Nonino, utilitzant pells de ra\u00efm Moscato. Aquesta grappa destaca per la seva aroma intensa i perfumada, amb notes florals i afruitades que reflecteixen l&#8217;ess\u00e8ncia del ra\u00efm Moscato. El seu sabor \u00e9s suau i ric, amb una complexitat subtil que es desenvolupa en el paladar. Grappa Nonino di Moscato \u00e9s ideal per gaudir sola, com a digestiu despr\u00e9s dels \u00e0pats, o per afegir un toc sofisticat a c\u00f2ctels especials. La seva qualitat i eleg\u00e0ncia la converteixen en una opci\u00f3 refinada i distintiva.<\/p>\n<p>&nbsp;<\/p>\n","protected":false},"excerpt":{"rendered":"<p>Grappa Nonino di Moscato \u00e9s una grappa d&#8217;alta gamma elaborada per la prestigiosa casa Nonino, utilitzant pells de ra\u00efm Moscato. Aquesta grappa destaca per la seva aroma intensa i perfumada, amb notes florals i afruitades que reflecteixen l&#8217;ess\u00e8ncia del ra\u00efm Moscato. El seu sabor \u00e9s suau i ric, amb una complexitat subtil que es desenvolupa&hellip;<\/p>\n","protected":false},"featured_media":85471,"comment_status":"closed","ping_status":"closed","template":"","meta":{"_acf_changed":false},"pwb-brand":[],"product_brand":[],"product_cat":[51692,51693],"product_tag":[],"class_list":{"0":"post-85474","1":"product","2":"type-product","3":"status-publish","4":"has-post-thumbnail","6":"product_cat-destillats","7":"product_cat-grappa-destillats","8":"pa_destileria-noninodistillatorisrl-ca","9":"pa_formatoenl-36167","10":"pa_formatoenml-38307","11":"pa_graduacion-41_0","12":"pa_pais-italia-ca-2","13":"pa_pesoengramos-38337","14":"pa_pesoenkg-125-ca","15":"pa_pueblociudad-percoto","16":"entry","17":"has-media","19":"first","20":"instock","21":"taxable","22":"shipping-taxable","23":"purchasable","24":"product-type-simple"},"acf":[],"yoast_head":"<!-- This site is optimized with the Yoast SEO Premium plugin v23.1 (Yoast SEO v23.5) - https:\/\/yoast.com\/wordpress\/plugins\/seo\/ -->\n<title>Nonino di Moscato Grappa<\/title>\n<meta name=\"description\" content=\"Comprar online al millor preu la Grappa Nonino di Moscato . It\u00e0lia. Viniteca. Destilats. Licoreria. Begudes. Aconsegueix 10 \u20ac gratis per la teva primera compra.\" \/>\n<meta name=\"robots\" content=\"noindex, follow, max-snippet:-1, max-image-preview:large, max-video-preview:-1\" \/>\n<meta property=\"og:locale\" content=\"ca_ES\" \/>\n<meta property=\"og:type\" content=\"article\" \/>\n<meta property=\"og:title\" content=\"Grappa Nonino di Moscato\" \/>\n<meta property=\"og:description\" content=\"Comprar online al millor preu la Grappa Nonino di Moscato . It\u00e0lia. Viniteca. Destilats. Licoreria. Begudes. Aconsegueix 10 \u20ac gratis per la teva primera compra.\" \/>\n<meta property=\"og:url\" content=\"https:\/\/aral2.cetrexmarketing.com\/ca\/producto\/grappa-nonino-di-moscato-2\/\" \/>\n<meta property=\"og:site_name\" content=\"M\u00f3n La Cata\" \/>\n<meta property=\"article:modified_time\" content=\"2025-05-25T06:24:12+00:00\" \/>\n<meta property=\"og:image\" content=\"https:\/\/aral2.cetrexmarketing.com\/wp-content\/uploads\/2025\/05\/GRAPPA-NONINO-DI-MOSCATO.jpg.png\" \/>\n\t<meta property=\"og:image:width\" content=\"765\" \/>\n\t<meta property=\"og:image:height\" content=\"1024\" \/>\n\t<meta property=\"og:image:type\" content=\"image\/png\" \/>\n<meta name=\"twitter:card\" content=\"summary_large_image\" \/>\n<meta name=\"twitter:label1\" content=\"Temps estimat de lectura\" \/>\n\t<meta name=\"twitter:data1\" content=\"1 minut\" \/>\n<script type=\"application\/ld+json\" class=\"yoast-schema-graph\">{\"@context\":\"https:\/\/schema.org\",\"@graph\":[{\"@type\":\"WebPage\",\"@id\":\"https:\/\/aral2.cetrexmarketing.com\/ca\/producto\/grappa-nonino-di-moscato-2\/\",\"url\":\"https:\/\/aral2.cetrexmarketing.com\/ca\/producto\/grappa-nonino-di-moscato-2\/\",\"name\":\"Nonino di Moscato Grappa\",\"isPartOf\":{\"@id\":\"https:\/\/aral2.cetrexmarketing.com\/#website\"},\"primaryImageOfPage\":{\"@id\":\"https:\/\/aral2.cetrexmarketing.com\/ca\/producto\/grappa-nonino-di-moscato-2\/#primaryimage\"},\"image\":{\"@id\":\"https:\/\/aral2.cetrexmarketing.com\/ca\/producto\/grappa-nonino-di-moscato-2\/#primaryimage\"},\"thumbnailUrl\":\"https:\/\/aral2.cetrexmarketing.com\/wp-content\/uploads\/2025\/05\/GRAPPA-NONINO-DI-MOSCATO.jpg.png\",\"datePublished\":\"2025-05-25T06:24:10+00:00\",\"dateModified\":\"2025-05-25T06:24:12+00:00\",\"description\":\"Comprar online al millor preu la Grappa Nonino di Moscato . It\u00e0lia. Viniteca. Destilats. Licoreria. Begudes. Aconsegueix 10 \u20ac gratis per la teva primera compra.\",\"breadcrumb\":{\"@id\":\"https:\/\/aral2.cetrexmarketing.com\/ca\/producto\/grappa-nonino-di-moscato-2\/#breadcrumb\"},\"inLanguage\":\"ca\",\"potentialAction\":[{\"@type\":\"ReadAction\",\"target\":[\"https:\/\/aral2.cetrexmarketing.com\/ca\/producto\/grappa-nonino-di-moscato-2\/\"]}]},{\"@type\":\"ImageObject\",\"inLanguage\":\"ca\",\"@id\":\"https:\/\/aral2.cetrexmarketing.com\/ca\/producto\/grappa-nonino-di-moscato-2\/#primaryimage\",\"url\":\"https:\/\/aral2.cetrexmarketing.com\/wp-content\/uploads\/2025\/05\/GRAPPA-NONINO-DI-MOSCATO.jpg.png\",\"contentUrl\":\"https:\/\/aral2.cetrexmarketing.com\/wp-content\/uploads\/2025\/05\/GRAPPA-NONINO-DI-MOSCATO.jpg.png\",\"width\":765,\"height\":1024},{\"@type\":\"BreadcrumbList\",\"@id\":\"https:\/\/aral2.cetrexmarketing.com\/ca\/producto\/grappa-nonino-di-moscato-2\/#breadcrumb\",\"itemListElement\":[{\"@type\":\"ListItem\",\"position\":1,\"name\":\"Home\",\"item\":\"https:\/\/aral2.cetrexmarketing.com\/ca\/\"},{\"@type\":\"ListItem\",\"position\":2,\"name\":\"Tienda\",\"item\":\"https:\/\/aral2.cetrexmarketing.com\/ca\/tienda-2\/\"},{\"@type\":\"ListItem\",\"position\":3,\"name\":\"Destil\u00b7lats\",\"item\":\"https:\/\/aral2.cetrexmarketing.com\/categoria-producto\/home-ca\/destil-lats-ca\/\"},{\"@type\":\"ListItem\",\"position\":4,\"name\":\"Grappa\",\"item\":\"https:\/\/aral2.cetrexmarketing.com\/categoria-producto\/inicio\/destilados\/grappa\/\"},{\"@type\":\"ListItem\",\"position\":5,\"name\":\"Grappa Nonino di Moscato\"}]},{\"@type\":\"WebSite\",\"@id\":\"https:\/\/aral2.cetrexmarketing.com\/#website\",\"url\":\"https:\/\/aral2.cetrexmarketing.com\/\",\"name\":\"M\u00f3n La Cata\",\"description\":\"Tienda de vinos, licores, cervezas y gourmet\",\"publisher\":{\"@id\":\"https:\/\/aral2.cetrexmarketing.com\/#organization\"},\"potentialAction\":[{\"@type\":\"SearchAction\",\"target\":{\"@type\":\"EntryPoint\",\"urlTemplate\":\"https:\/\/aral2.cetrexmarketing.com\/?s={search_term_string}\"},\"query-input\":{\"@type\":\"PropertyValueSpecification\",\"valueRequired\":true,\"valueName\":\"search_term_string\"}}],\"inLanguage\":\"ca\"},{\"@type\":\"Organization\",\"@id\":\"https:\/\/aral2.cetrexmarketing.com\/#organization\",\"name\":\"M\u00f3n La Cata\",\"url\":\"https:\/\/aral2.cetrexmarketing.com\/\",\"logo\":{\"@type\":\"ImageObject\",\"inLanguage\":\"ca\",\"@id\":\"https:\/\/aral2.cetrexmarketing.com\/#\/schema\/logo\/image\/\",\"url\":\"https:\/\/aral2.cetrexmarketing.com\/wp-content\/uploads\/2024\/10\/aral-logo-neg-1024x409-1.png\",\"contentUrl\":\"https:\/\/aral2.cetrexmarketing.com\/wp-content\/uploads\/2024\/10\/aral-logo-neg-1024x409-1.png\",\"width\":1024,\"height\":409,\"caption\":\"M\u00f3n La Cata\"},\"image\":{\"@id\":\"https:\/\/aral2.cetrexmarketing.com\/#\/schema\/logo\/image\/\"}}]}<\/script>\n<!-- \/ Yoast SEO Premium plugin. -->","yoast_head_json":{"title":"Nonino di Moscato Grappa","description":"Comprar online al millor preu la Grappa Nonino di Moscato . It\u00e0lia. Viniteca. Destilats. Licoreria. Begudes. Aconsegueix 10 \u20ac gratis per la teva primera compra.","robots":{"index":"noindex","follow":"follow","max-snippet":"max-snippet:-1","max-image-preview":"max-image-preview:large","max-video-preview":"max-video-preview:-1"},"og_locale":"ca_ES","og_type":"article","og_title":"Grappa Nonino di Moscato","og_description":"Comprar online al millor preu la Grappa Nonino di Moscato . It\u00e0lia. Viniteca. Destilats. Licoreria. Begudes. Aconsegueix 10 \u20ac gratis per la teva primera compra.","og_url":"https:\/\/aral2.cetrexmarketing.com\/ca\/producto\/grappa-nonino-di-moscato-2\/","og_site_name":"M\u00f3n La Cata","article_modified_time":"2025-05-25T06:24:12+00:00","og_image":[{"width":765,"height":1024,"url":"https:\/\/aral2.cetrexmarketing.com\/wp-content\/uploads\/2025\/05\/GRAPPA-NONINO-DI-MOSCATO.jpg.png","type":"image\/png"}],"twitter_card":"summary_large_image","twitter_misc":{"Temps estimat de lectura":"1 minut"},"schema":{"@context":"https:\/\/schema.org","@graph":[{"@type":"WebPage","@id":"https:\/\/aral2.cetrexmarketing.com\/ca\/producto\/grappa-nonino-di-moscato-2\/","url":"https:\/\/aral2.cetrexmarketing.com\/ca\/producto\/grappa-nonino-di-moscato-2\/","name":"Nonino di Moscato Grappa","isPartOf":{"@id":"https:\/\/aral2.cetrexmarketing.com\/#website"},"primaryImageOfPage":{"@id":"https:\/\/aral2.cetrexmarketing.com\/ca\/producto\/grappa-nonino-di-moscato-2\/#primaryimage"},"image":{"@id":"https:\/\/aral2.cetrexmarketing.com\/ca\/producto\/grappa-nonino-di-moscato-2\/#primaryimage"},"thumbnailUrl":"https:\/\/aral2.cetrexmarketing.com\/wp-content\/uploads\/2025\/05\/GRAPPA-NONINO-DI-MOSCATO.jpg.png","datePublished":"2025-05-25T06:24:10+00:00","dateModified":"2025-05-25T06:24:12+00:00","description":"Comprar online al millor preu la Grappa Nonino di Moscato . It\u00e0lia. Viniteca. Destilats. Licoreria. Begudes. Aconsegueix 10 \u20ac gratis per la teva primera compra.","breadcrumb":{"@id":"https:\/\/aral2.cetrexmarketing.com\/ca\/producto\/grappa-nonino-di-moscato-2\/#breadcrumb"},"inLanguage":"ca","potentialAction":[{"@type":"ReadAction","target":["https:\/\/aral2.cetrexmarketing.com\/ca\/producto\/grappa-nonino-di-moscato-2\/"]}]},{"@type":"ImageObject","inLanguage":"ca","@id":"https:\/\/aral2.cetrexmarketing.com\/ca\/producto\/grappa-nonino-di-moscato-2\/#primaryimage","url":"https:\/\/aral2.cetrexmarketing.com\/wp-content\/uploads\/2025\/05\/GRAPPA-NONINO-DI-MOSCATO.jpg.png","contentUrl":"https:\/\/aral2.cetrexmarketing.com\/wp-content\/uploads\/2025\/05\/GRAPPA-NONINO-DI-MOSCATO.jpg.png","width":765,"height":1024},{"@type":"BreadcrumbList","@id":"https:\/\/aral2.cetrexmarketing.com\/ca\/producto\/grappa-nonino-di-moscato-2\/#breadcrumb","itemListElement":[{"@type":"ListItem","position":1,"name":"Home","item":"https:\/\/aral2.cetrexmarketing.com\/ca\/"},{"@type":"ListItem","position":2,"name":"Tienda","item":"https:\/\/aral2.cetrexmarketing.com\/ca\/tienda-2\/"},{"@type":"ListItem","position":3,"name":"Destil\u00b7lats","item":"https:\/\/aral2.cetrexmarketing.com\/categoria-producto\/home-ca\/destil-lats-ca\/"},{"@type":"ListItem","position":4,"name":"Grappa","item":"https:\/\/aral2.cetrexmarketing.com\/categoria-producto\/inicio\/destilados\/grappa\/"},{"@type":"ListItem","position":5,"name":"Grappa Nonino di Moscato"}]},{"@type":"WebSite","@id":"https:\/\/aral2.cetrexmarketing.com\/#website","url":"https:\/\/aral2.cetrexmarketing.com\/","name":"M\u00f3n La Cata","description":"Tienda de vinos, licores, cervezas y gourmet","publisher":{"@id":"https:\/\/aral2.cetrexmarketing.com\/#organization"},"potentialAction":[{"@type":"SearchAction","target":{"@type":"EntryPoint","urlTemplate":"https:\/\/aral2.cetrexmarketing.com\/?s={search_term_string}"},"query-input":{"@type":"PropertyValueSpecification","valueRequired":true,"valueName":"search_term_string"}}],"inLanguage":"ca"},{"@type":"Organization","@id":"https:\/\/aral2.cetrexmarketing.com\/#organization","name":"M\u00f3n La Cata","url":"https:\/\/aral2.cetrexmarketing.com\/","logo":{"@type":"ImageObject","inLanguage":"ca","@id":"https:\/\/aral2.cetrexmarketing.com\/#\/schema\/logo\/image\/","url":"https:\/\/aral2.cetrexmarketing.com\/wp-content\/uploads\/2024\/10\/aral-logo-neg-1024x409-1.png","contentUrl":"https:\/\/aral2.cetrexmarketing.com\/wp-content\/uploads\/2024\/10\/aral-logo-neg-1024x409-1.png","width":1024,"height":409,"caption":"M\u00f3n La Cata"},"image":{"@id":"https:\/\/aral2.cetrexmarketing.com\/#\/schema\/logo\/image\/"}}]}},"brands":[],"_links":{"self":[{"href":"https:\/\/aral2.cetrexmarketing.com\/ca\/wp-json\/wp\/v2\/product\/85474","targetHints":{"allow":["GET"]}}],"collection":[{"href":"https:\/\/aral2.cetrexmarketing.com\/ca\/wp-json\/wp\/v2\/product"}],"about":[{"href":"https:\/\/aral2.cetrexmarketing.com\/ca\/wp-json\/wp\/v2\/types\/product"}],"replies":[{"embeddable":true,"href":"https:\/\/aral2.cetrexmarketing.com\/ca\/wp-json\/wp\/v2\/comments?post=85474"}],"wp:featuredmedia":[{"embeddable":true,"href":"https:\/\/aral2.cetrexmarketing.com\/ca\/wp-json\/wp\/v2\/media\/85471"}],"wp:attachment":[{"href":"https:\/\/aral2.cetrexmarketing.com\/ca\/wp-json\/wp\/v2\/media?parent=85474"}],"wp:term":[{"taxonomy":"pwb-brand","embeddable":true,"href":"https:\/\/aral2.cetrexmarketing.com\/ca\/wp-json\/wp\/v2\/pwb-brand?post=85474"},{"taxonomy":"product_brand","embeddable":true,"href":"https:\/\/aral2.cetrexmarketing.com\/ca\/wp-json\/wp\/v2\/product_brand?post=85474"},{"taxonomy":"product_cat","embeddable":true,"href":"https:\/\/aral2.cetrexmarketing.com\/ca\/wp-json\/wp\/v2\/product_cat?post=85474"},{"taxonomy":"product_tag","embeddable":true,"href":"https:\/\/aral2.cetrexmarketing.com\/ca\/wp-json\/wp\/v2\/product_tag?post=85474"}],"curies":[{"name":"wp","href":"https:\/\/api.w.org\/{rel}","templated":true}]}}