{"id":85446,"date":"2025-05-25T06:23:23","date_gmt":"2025-05-25T06:23:23","guid":{"rendered":"https:\/\/aral2.cetrexmarketing.com\/producto\/raventos-dalella-pansa-blanca-tina-20\/"},"modified":"2025-05-25T06:23:26","modified_gmt":"2025-05-25T06:23:26","slug":"raventos-dalella-pansa-blanca-tina-20","status":"publish","type":"product","link":"https:\/\/aral2.cetrexmarketing.com\/ca\/producto\/raventos-dalella-pansa-blanca-tina-20\/","title":{"rendered":"Ravent\u00f3s d&#8217;Alella Pansa Blanca Tina 20"},"content":{"rendered":"<p>El <strong>Ravent\u00f3s d&#8217;Alella Tina 20<\/strong> \u00e9s un vi blanc produ\u00eft a la <strong>Denominaci\u00f3 d&#8217;Origen Alella<\/strong>, Catalunya, Espanya. Est\u00e0 elaborat exclusivament a partir de la varietat de ra\u00efm <strong>Pansa Blanca<\/strong> (coneguda tamb\u00e9 com <strong>Xarel\u00b7lo<\/strong>), una casta aut\u00f2ctona de la regi\u00f3.<\/p>\n<h3><strong>Caracter\u00edstiques organol\u00e8ptiques:<\/strong><\/h3>\n<ul>\n<li><strong>Color:<\/strong> Presenta un to groc amb reflexos verdosos.<\/li>\n<li><strong>Aroma:<\/strong> Intens i afruitat, amb notes de fruita blanca com el pr\u00e9ssec i lleugers tocs florals.<\/li>\n<li><strong>Sabor:<\/strong> En boca \u00e9s fresc i lleuger, amb sabors de fruites blanques, fruites tropicals i pera. \u00c9s un vi molt equilibrat, amb una acidesa refrescant i un final persistent.<\/li>\n<\/ul>\n<h3><strong>Maridatge:<\/strong><\/h3>\n<p>Aquest vi \u00e9s ideal per acompanyar <strong>peixos, mariscos i plats lleugers<\/strong>. Tamb\u00e9 \u00e9s perfecte per gaudir com a <strong>aperitiu<\/strong> en qualsevol ocasi\u00f3.<\/p>\n","protected":false},"excerpt":{"rendered":"<p>El <strong>Ravent\u00f3s d&#8217;Alella Tina 20<\/strong> \u00e9s un vi blanc de la <strong>DO Alella<\/strong> (Catalunya), elaborat exclusivament amb <strong>Pansa Blanca (Xarel\u00b7lo)<\/strong>. T\u00e9 un <strong>color groc amb reflexos verdosos<\/strong>, aroma <strong>intens i afruitat<\/strong> amb notes de <strong>fruita blanca i florals<\/strong>. En boca \u00e9s <strong>fresc, lleuger i equilibrat<\/strong>, amb sabors de <strong>fruites blanques, tropicals i pera<\/strong>, i una <strong>acidesa refrescant<\/strong>.<\/p>\n<p><strong>Maridatge:<\/strong> ideal per a <strong>peixos, mariscos i plats lleugers<\/strong>, aix\u00ed com per gaudir com a <strong>aperitiu<\/strong>.<\/p>\n","protected":false},"featured_media":85443,"comment_status":"closed","ping_status":"closed","template":"","meta":{"_acf_changed":false},"pwb-brand":[32865],"product_brand":[],"product_cat":[51670,51672],"product_tag":[15050,14881,16621,48917],"class_list":{"0":"post-85446","1":"product","2":"type-product","3":"status-publish","4":"has-post-thumbnail","6":"pwb-brand-alella-d-o","7":"product_cat-vi","8":"product_cat-vi-blanc","9":"product_tag-alella-ca","10":"product_tag-do-alella-ca","11":"product_tag-tina-20-ca","12":"product_tag-vi-blanc-ca","13":"pa_anada-36212","14":"pa_bodega-marques-dalella","15":"pa_do-alellado-ca","16":"pa_envejecimiento-jove","17":"pa_formatoenl-36158","18":"pa_formatoenml-38306","19":"pa_graduacion-12_5","20":"pa_pais-espanya-ca","21":"pa_pesoengramos-38354","22":"pa_pesoenkg-14-2","23":"pa_pueblociudad-1b-santamariademartorellesbar","24":"pa_region-cataluna","25":"pa_tipodevino-vi-tranquil","26":"pa_variedades-pansablanca-ca","27":"entry","28":"has-media","30":"first","31":"onbackorder","32":"taxable","33":"shipping-taxable","34":"purchasable","35":"product-type-simple"},"acf":[],"yoast_head":"<!-- This site is optimized with the Yoast SEO Premium plugin v23.1 (Yoast SEO v23.5) - https:\/\/yoast.com\/wordpress\/plugins\/seo\/ -->\n<title>Ravent\u00f3s d&#039;Alella Tina 20 vi blanc de la DO Alella<\/title>\n<meta name=\"description\" content=\"Comprar online al millor preu el vi blanc Tina 20 de Ravent\u00f3s d&#039;Alella a la DO Alella. Viniteca. Licoreria. Begudes. Productes gourmet. Alimentaci\u00f3. Descomptes.\" \/>\n<meta name=\"robots\" content=\"noindex, follow, max-snippet:-1, max-image-preview:large, max-video-preview:-1\" \/>\n<meta property=\"og:locale\" content=\"ca_ES\" \/>\n<meta property=\"og:type\" content=\"article\" \/>\n<meta property=\"og:title\" content=\"Ravent\u00f3s d&#039;Alella Pansa Blanca Tina 20\" \/>\n<meta property=\"og:description\" content=\"Comprar online al millor preu el vi blanc Tina 20 de Ravent\u00f3s d&#039;Alella a la DO Alella. Viniteca. Licoreria. Begudes. Productes gourmet. Alimentaci\u00f3. Descomptes.\" \/>\n<meta property=\"og:url\" content=\"https:\/\/aral2.cetrexmarketing.com\/ca\/producto\/raventos-dalella-pansa-blanca-tina-20\/\" \/>\n<meta property=\"og:site_name\" content=\"M\u00f3n La Cata\" \/>\n<meta property=\"article:modified_time\" content=\"2025-05-25T06:23:26+00:00\" \/>\n<meta property=\"og:image\" content=\"https:\/\/aral2.cetrexmarketing.com\/wp-content\/uploads\/2025\/05\/VINO-BLANCO-RAVENTOS-DALELLA-TINA-20-PANSA-BLANCA.png\" \/>\n\t<meta property=\"og:image:width\" content=\"765\" \/>\n\t<meta property=\"og:image:height\" content=\"1024\" \/>\n\t<meta property=\"og:image:type\" content=\"image\/png\" \/>\n<meta name=\"twitter:card\" content=\"summary_large_image\" \/>\n<meta name=\"twitter:label1\" content=\"Temps estimat de lectura\" \/>\n\t<meta name=\"twitter:data1\" content=\"1 minut\" \/>\n<script type=\"application\/ld+json\" class=\"yoast-schema-graph\">{\"@context\":\"https:\/\/schema.org\",\"@graph\":[{\"@type\":\"WebPage\",\"@id\":\"https:\/\/aral2.cetrexmarketing.com\/ca\/producto\/raventos-dalella-pansa-blanca-tina-20\/\",\"url\":\"https:\/\/aral2.cetrexmarketing.com\/ca\/producto\/raventos-dalella-pansa-blanca-tina-20\/\",\"name\":\"Ravent\u00f3s d'Alella Tina 20 vi blanc de la DO Alella\",\"isPartOf\":{\"@id\":\"https:\/\/aral2.cetrexmarketing.com\/#website\"},\"primaryImageOfPage\":{\"@id\":\"https:\/\/aral2.cetrexmarketing.com\/ca\/producto\/raventos-dalella-pansa-blanca-tina-20\/#primaryimage\"},\"image\":{\"@id\":\"https:\/\/aral2.cetrexmarketing.com\/ca\/producto\/raventos-dalella-pansa-blanca-tina-20\/#primaryimage\"},\"thumbnailUrl\":\"https:\/\/aral2.cetrexmarketing.com\/wp-content\/uploads\/2025\/05\/VINO-BLANCO-RAVENTOS-DALELLA-TINA-20-PANSA-BLANCA.png\",\"datePublished\":\"2025-05-25T06:23:23+00:00\",\"dateModified\":\"2025-05-25T06:23:26+00:00\",\"description\":\"Comprar online al millor preu el vi blanc Tina 20 de Ravent\u00f3s d'Alella a la DO Alella. Viniteca. Licoreria. Begudes. Productes gourmet. Alimentaci\u00f3. Descomptes.\",\"breadcrumb\":{\"@id\":\"https:\/\/aral2.cetrexmarketing.com\/ca\/producto\/raventos-dalella-pansa-blanca-tina-20\/#breadcrumb\"},\"inLanguage\":\"ca\",\"potentialAction\":[{\"@type\":\"ReadAction\",\"target\":[\"https:\/\/aral2.cetrexmarketing.com\/ca\/producto\/raventos-dalella-pansa-blanca-tina-20\/\"]}]},{\"@type\":\"ImageObject\",\"inLanguage\":\"ca\",\"@id\":\"https:\/\/aral2.cetrexmarketing.com\/ca\/producto\/raventos-dalella-pansa-blanca-tina-20\/#primaryimage\",\"url\":\"https:\/\/aral2.cetrexmarketing.com\/wp-content\/uploads\/2025\/05\/VINO-BLANCO-RAVENTOS-DALELLA-TINA-20-PANSA-BLANCA.png\",\"contentUrl\":\"https:\/\/aral2.cetrexmarketing.com\/wp-content\/uploads\/2025\/05\/VINO-BLANCO-RAVENTOS-DALELLA-TINA-20-PANSA-BLANCA.png\",\"width\":765,\"height\":1024},{\"@type\":\"BreadcrumbList\",\"@id\":\"https:\/\/aral2.cetrexmarketing.com\/ca\/producto\/raventos-dalella-pansa-blanca-tina-20\/#breadcrumb\",\"itemListElement\":[{\"@type\":\"ListItem\",\"position\":1,\"name\":\"Home\",\"item\":\"https:\/\/aral2.cetrexmarketing.com\/ca\/\"},{\"@type\":\"ListItem\",\"position\":2,\"name\":\"Tienda\",\"item\":\"https:\/\/aral2.cetrexmarketing.com\/ca\/tienda-2\/\"},{\"@type\":\"ListItem\",\"position\":3,\"name\":\"Vi\",\"item\":\"https:\/\/aral2.cetrexmarketing.com\/categoria-producto\/vi\/\"},{\"@type\":\"ListItem\",\"position\":4,\"name\":\"Vi Blanc\",\"item\":\"https:\/\/aral2.cetrexmarketing.com\/categoria-producto\/vi\/vi-blanc\/\"},{\"@type\":\"ListItem\",\"position\":5,\"name\":\"Ravent\u00f3s d&#8217;Alella Pansa Blanca Tina 20\"}]},{\"@type\":\"WebSite\",\"@id\":\"https:\/\/aral2.cetrexmarketing.com\/#website\",\"url\":\"https:\/\/aral2.cetrexmarketing.com\/\",\"name\":\"M\u00f3n La Cata\",\"description\":\"Tienda de vinos, licores, cervezas y gourmet\",\"publisher\":{\"@id\":\"https:\/\/aral2.cetrexmarketing.com\/#organization\"},\"potentialAction\":[{\"@type\":\"SearchAction\",\"target\":{\"@type\":\"EntryPoint\",\"urlTemplate\":\"https:\/\/aral2.cetrexmarketing.com\/?s={search_term_string}\"},\"query-input\":{\"@type\":\"PropertyValueSpecification\",\"valueRequired\":true,\"valueName\":\"search_term_string\"}}],\"inLanguage\":\"ca\"},{\"@type\":\"Organization\",\"@id\":\"https:\/\/aral2.cetrexmarketing.com\/#organization\",\"name\":\"M\u00f3n La Cata\",\"url\":\"https:\/\/aral2.cetrexmarketing.com\/\",\"logo\":{\"@type\":\"ImageObject\",\"inLanguage\":\"ca\",\"@id\":\"https:\/\/aral2.cetrexmarketing.com\/#\/schema\/logo\/image\/\",\"url\":\"https:\/\/aral2.cetrexmarketing.com\/wp-content\/uploads\/2024\/10\/aral-logo-neg-1024x409-1.png\",\"contentUrl\":\"https:\/\/aral2.cetrexmarketing.com\/wp-content\/uploads\/2024\/10\/aral-logo-neg-1024x409-1.png\",\"width\":1024,\"height\":409,\"caption\":\"M\u00f3n La Cata\"},\"image\":{\"@id\":\"https:\/\/aral2.cetrexmarketing.com\/#\/schema\/logo\/image\/\"}}]}<\/script>\n<!-- \/ Yoast SEO Premium plugin. -->","yoast_head_json":{"title":"Ravent\u00f3s d'Alella Tina 20 vi blanc de la DO Alella","description":"Comprar online al millor preu el vi blanc Tina 20 de Ravent\u00f3s d'Alella a la DO Alella. Viniteca. Licoreria. Begudes. Productes gourmet. Alimentaci\u00f3. Descomptes.","robots":{"index":"noindex","follow":"follow","max-snippet":"max-snippet:-1","max-image-preview":"max-image-preview:large","max-video-preview":"max-video-preview:-1"},"og_locale":"ca_ES","og_type":"article","og_title":"Ravent\u00f3s d'Alella Pansa Blanca Tina 20","og_description":"Comprar online al millor preu el vi blanc Tina 20 de Ravent\u00f3s d'Alella a la DO Alella. Viniteca. Licoreria. Begudes. Productes gourmet. Alimentaci\u00f3. Descomptes.","og_url":"https:\/\/aral2.cetrexmarketing.com\/ca\/producto\/raventos-dalella-pansa-blanca-tina-20\/","og_site_name":"M\u00f3n La Cata","article_modified_time":"2025-05-25T06:23:26+00:00","og_image":[{"width":765,"height":1024,"url":"https:\/\/aral2.cetrexmarketing.com\/wp-content\/uploads\/2025\/05\/VINO-BLANCO-RAVENTOS-DALELLA-TINA-20-PANSA-BLANCA.png","type":"image\/png"}],"twitter_card":"summary_large_image","twitter_misc":{"Temps estimat de lectura":"1 minut"},"schema":{"@context":"https:\/\/schema.org","@graph":[{"@type":"WebPage","@id":"https:\/\/aral2.cetrexmarketing.com\/ca\/producto\/raventos-dalella-pansa-blanca-tina-20\/","url":"https:\/\/aral2.cetrexmarketing.com\/ca\/producto\/raventos-dalella-pansa-blanca-tina-20\/","name":"Ravent\u00f3s d'Alella Tina 20 vi blanc de la DO Alella","isPartOf":{"@id":"https:\/\/aral2.cetrexmarketing.com\/#website"},"primaryImageOfPage":{"@id":"https:\/\/aral2.cetrexmarketing.com\/ca\/producto\/raventos-dalella-pansa-blanca-tina-20\/#primaryimage"},"image":{"@id":"https:\/\/aral2.cetrexmarketing.com\/ca\/producto\/raventos-dalella-pansa-blanca-tina-20\/#primaryimage"},"thumbnailUrl":"https:\/\/aral2.cetrexmarketing.com\/wp-content\/uploads\/2025\/05\/VINO-BLANCO-RAVENTOS-DALELLA-TINA-20-PANSA-BLANCA.png","datePublished":"2025-05-25T06:23:23+00:00","dateModified":"2025-05-25T06:23:26+00:00","description":"Comprar online al millor preu el vi blanc Tina 20 de Ravent\u00f3s d'Alella a la DO Alella. Viniteca. Licoreria. Begudes. Productes gourmet. Alimentaci\u00f3. Descomptes.","breadcrumb":{"@id":"https:\/\/aral2.cetrexmarketing.com\/ca\/producto\/raventos-dalella-pansa-blanca-tina-20\/#breadcrumb"},"inLanguage":"ca","potentialAction":[{"@type":"ReadAction","target":["https:\/\/aral2.cetrexmarketing.com\/ca\/producto\/raventos-dalella-pansa-blanca-tina-20\/"]}]},{"@type":"ImageObject","inLanguage":"ca","@id":"https:\/\/aral2.cetrexmarketing.com\/ca\/producto\/raventos-dalella-pansa-blanca-tina-20\/#primaryimage","url":"https:\/\/aral2.cetrexmarketing.com\/wp-content\/uploads\/2025\/05\/VINO-BLANCO-RAVENTOS-DALELLA-TINA-20-PANSA-BLANCA.png","contentUrl":"https:\/\/aral2.cetrexmarketing.com\/wp-content\/uploads\/2025\/05\/VINO-BLANCO-RAVENTOS-DALELLA-TINA-20-PANSA-BLANCA.png","width":765,"height":1024},{"@type":"BreadcrumbList","@id":"https:\/\/aral2.cetrexmarketing.com\/ca\/producto\/raventos-dalella-pansa-blanca-tina-20\/#breadcrumb","itemListElement":[{"@type":"ListItem","position":1,"name":"Home","item":"https:\/\/aral2.cetrexmarketing.com\/ca\/"},{"@type":"ListItem","position":2,"name":"Tienda","item":"https:\/\/aral2.cetrexmarketing.com\/ca\/tienda-2\/"},{"@type":"ListItem","position":3,"name":"Vi","item":"https:\/\/aral2.cetrexmarketing.com\/categoria-producto\/vi\/"},{"@type":"ListItem","position":4,"name":"Vi Blanc","item":"https:\/\/aral2.cetrexmarketing.com\/categoria-producto\/vi\/vi-blanc\/"},{"@type":"ListItem","position":5,"name":"Ravent\u00f3s d&#8217;Alella Pansa Blanca Tina 20"}]},{"@type":"WebSite","@id":"https:\/\/aral2.cetrexmarketing.com\/#website","url":"https:\/\/aral2.cetrexmarketing.com\/","name":"M\u00f3n La Cata","description":"Tienda de vinos, licores, cervezas y gourmet","publisher":{"@id":"https:\/\/aral2.cetrexmarketing.com\/#organization"},"potentialAction":[{"@type":"SearchAction","target":{"@type":"EntryPoint","urlTemplate":"https:\/\/aral2.cetrexmarketing.com\/?s={search_term_string}"},"query-input":{"@type":"PropertyValueSpecification","valueRequired":true,"valueName":"search_term_string"}}],"inLanguage":"ca"},{"@type":"Organization","@id":"https:\/\/aral2.cetrexmarketing.com\/#organization","name":"M\u00f3n La Cata","url":"https:\/\/aral2.cetrexmarketing.com\/","logo":{"@type":"ImageObject","inLanguage":"ca","@id":"https:\/\/aral2.cetrexmarketing.com\/#\/schema\/logo\/image\/","url":"https:\/\/aral2.cetrexmarketing.com\/wp-content\/uploads\/2024\/10\/aral-logo-neg-1024x409-1.png","contentUrl":"https:\/\/aral2.cetrexmarketing.com\/wp-content\/uploads\/2024\/10\/aral-logo-neg-1024x409-1.png","width":1024,"height":409,"caption":"M\u00f3n La Cata"},"image":{"@id":"https:\/\/aral2.cetrexmarketing.com\/#\/schema\/logo\/image\/"}}]}},"brands":[{"id":32865,"name":"Alella D.O.","slug":"alella-d-o"}],"_links":{"self":[{"href":"https:\/\/aral2.cetrexmarketing.com\/ca\/wp-json\/wp\/v2\/product\/85446","targetHints":{"allow":["GET"]}}],"collection":[{"href":"https:\/\/aral2.cetrexmarketing.com\/ca\/wp-json\/wp\/v2\/product"}],"about":[{"href":"https:\/\/aral2.cetrexmarketing.com\/ca\/wp-json\/wp\/v2\/types\/product"}],"replies":[{"embeddable":true,"href":"https:\/\/aral2.cetrexmarketing.com\/ca\/wp-json\/wp\/v2\/comments?post=85446"}],"wp:featuredmedia":[{"embeddable":true,"href":"https:\/\/aral2.cetrexmarketing.com\/ca\/wp-json\/wp\/v2\/media\/85443"}],"wp:attachment":[{"href":"https:\/\/aral2.cetrexmarketing.com\/ca\/wp-json\/wp\/v2\/media?parent=85446"}],"wp:term":[{"taxonomy":"pwb-brand","embeddable":true,"href":"https:\/\/aral2.cetrexmarketing.com\/ca\/wp-json\/wp\/v2\/pwb-brand?post=85446"},{"taxonomy":"product_brand","embeddable":true,"href":"https:\/\/aral2.cetrexmarketing.com\/ca\/wp-json\/wp\/v2\/product_brand?post=85446"},{"taxonomy":"product_cat","embeddable":true,"href":"https:\/\/aral2.cetrexmarketing.com\/ca\/wp-json\/wp\/v2\/product_cat?post=85446"},{"taxonomy":"product_tag","embeddable":true,"href":"https:\/\/aral2.cetrexmarketing.com\/ca\/wp-json\/wp\/v2\/product_tag?post=85446"}],"curies":[{"name":"wp","href":"https:\/\/api.w.org\/{rel}","templated":true}]}}