{"id":85398,"date":"2025-05-25T06:22:17","date_gmt":"2025-05-25T06:22:17","guid":{"rendered":"https:\/\/aral2.cetrexmarketing.com\/producto\/cune-imperial-reserva-2\/"},"modified":"2025-05-25T06:22:18","modified_gmt":"2025-05-25T06:22:18","slug":"cune-imperial-reserva-2","status":"publish","type":"product","link":"https:\/\/aral2.cetrexmarketing.com\/ca\/producto\/cune-imperial-reserva-2\/","title":{"rendered":"Cune Imperial Reserva"},"content":{"rendered":"<p><strong> Reserva Imperial Cune <\/strong><br \/>\n n<br \/>\n n <span style = \"font-weight: 400;\" A Villalba, destaquen els petits remeis i les granges de roure, que es troben entre 550 i 650 metres a prop de la Sierra de Tolo\u00f1o. Aquestes granges, que cobreixen 12 hect\u00e0rees dels 42 en total que t\u00e9 CVNE en aquest municipi. D'altra banda, a Torremonalvo, trobem les vinyes de San Quilez i Pico de \u00c1guila, que es troben a una altitud de 450 metres. Aquestes vinyes cobreixen aproximadament 30 hect\u00e0rees dels anys 70 que CVNE t\u00e9 en total en aquesta zona. Finalment, a Briones, la selecci\u00f3 de ra\u00efms per a l\u2019Imperial es realitza en 10 hect\u00e0rees de vinyes del celler. Totes aquestes vinyes tenen m\u00e9s de 40 anys i cultiven principalment la varietat de ra\u00efm Tempranillo. Els s\u00f2ls d\u2019aquestes vinyes s\u00f3n argiles, amb poca mat\u00e8ria org\u00e0nica i produeixen rendiments baixos. A m\u00e9s, les vinyes solen ser orientades al sud i utilitzar el m\u00e8tode de poda en vidre. Despr\u00e9s de la collita, el vi passa per un proc\u00e9s d\u2019envelliment en b\u00f3tes de roure durant 24 mesos, seguit d\u2019un per\u00edode addicional de 36 mesos en ampolla abans de la comercialitzaci\u00f3.\n<\/p>\n","protected":false},"excerpt":{"rendered":"<p><strong> Reserva Imperial Cune <\/strong><br \/>\n n<br \/>\n n <span style = \"font-weight: 400;\" A Villalba, destaquen els petits remeis i les granges de roure, que es troben entre 550 i 650 metres a prop de la Sierra de Tolo\u00f1o. Aquestes granges, que cobreixen 12 hect\u00e0rees dels 42 en total que t\u00e9 CVNE en aquest municipi. D'altra banda, a Torremonalvo, trobem les vinyes de San Quilez i Pico de \u00c1guila, que es troben a una altitud de 450 metres. Aquestes vinyes cobreixen aproximadament 30 hect\u00e0rees dels anys 70 que CVNE t\u00e9 en total en aquesta zona. Finalment, a Briones, la selecci\u00f3 de ra\u00efms per a l\u2019Imperial es realitza en 10 hect\u00e0rees de vinyes del celler. Totes aquestes vinyes tenen m\u00e9s de 40 anys i cultiven principalment la varietat de ra\u00efm Tempranillo. Els s\u00f2ls d\u2019aquestes vinyes s\u00f3n argiles, amb poca mat\u00e8ria org\u00e0nica i produeixen rendiments baixos. A m\u00e9s, les vinyes solen ser orientades al sud i utilitzar el m\u00e8tode de poda en vidre. Despr\u00e9s de la collita, el vi passa per un proc\u00e9s d\u2019envelliment en b\u00f3tes de roure durant 24 mesos, seguit d\u2019un per\u00edode addicional de 36 mesos en ampolla abans de la comercialitzaci\u00f3.\n<\/p>\n","protected":false},"featured_media":85395,"comment_status":"closed","ping_status":"closed","template":"","meta":{"_acf_changed":false},"pwb-brand":[44989,32907],"product_brand":[],"product_cat":[51670,51671],"product_tag":[14904,14900],"class_list":{"0":"post-85398","1":"product","2":"type-product","3":"status-publish","4":"has-post-thumbnail","6":"pwb-brand-cune","7":"pwb-brand-rioja-d-o","8":"product_cat-vi","9":"product_cat-vi-negre","10":"product_tag-doca-rioja-ca","11":"product_tag-rioja-ca","12":"pa_anada-36194","13":"pa_bodega-cvne","14":"pa_do-rioja-d-o-ca-ca","15":"pa_formatoenml-38306","16":"pa_gastronomico-negre-gastronomic","17":"pa_graduacion-14_0","18":"pa_maridaje-carn-blanca","19":"pa_maridaje-carn-roja","20":"pa_pueblociudad-harolarioja","21":"pa_variedad-principal-tempranillo-ca","22":"entry","23":"has-media","25":"first","26":"instock","27":"taxable","28":"shipping-taxable","29":"purchasable","30":"product-type-simple"},"acf":[],"yoast_head":"<!-- This site is optimized with the Yoast SEO Premium plugin v23.1 (Yoast SEO v23.5) - https:\/\/yoast.com\/wordpress\/plugins\/seo\/ -->\n<title>cune imperial reserva<\/title>\n<meta name=\"description\" content=\"Comprar Cune Imperial Reserva en M\u00f3n La Cata . Tienda online especilizada en vino y alimentaci\u00f3n. Env\u00edos puntuales y promociones\" \/>\n<meta name=\"robots\" content=\"noindex, follow, max-snippet:-1, max-image-preview:large, max-video-preview:-1\" \/>\n<meta property=\"og:locale\" content=\"ca_ES\" \/>\n<meta property=\"og:type\" content=\"article\" \/>\n<meta property=\"og:title\" content=\"Cune Imperial Reserva\" \/>\n<meta property=\"og:description\" content=\"Comprar Cune Imperial Reserva en M\u00f3n La Cata . Tienda online especilizada en vino y alimentaci\u00f3n. Env\u00edos puntuales y promociones\" \/>\n<meta property=\"og:url\" content=\"https:\/\/aral2.cetrexmarketing.com\/ca\/producto\/cune-imperial-reserva-2\/\" \/>\n<meta property=\"og:site_name\" content=\"M\u00f3n La Cata\" \/>\n<meta property=\"article:modified_time\" content=\"2025-05-25T06:22:18+00:00\" \/>\n<meta property=\"og:image\" content=\"https:\/\/aral2.cetrexmarketing.com\/wp-content\/uploads\/2025\/05\/Cune-Imperial-Reserva.jpg.png\" \/>\n\t<meta property=\"og:image:width\" content=\"765\" \/>\n\t<meta property=\"og:image:height\" content=\"1024\" \/>\n\t<meta property=\"og:image:type\" content=\"image\/png\" \/>\n<meta name=\"twitter:card\" content=\"summary_large_image\" \/>\n<script type=\"application\/ld+json\" class=\"yoast-schema-graph\">{\"@context\":\"https:\/\/schema.org\",\"@graph\":[{\"@type\":\"WebPage\",\"@id\":\"https:\/\/aral2.cetrexmarketing.com\/ca\/producto\/cune-imperial-reserva-2\/\",\"url\":\"https:\/\/aral2.cetrexmarketing.com\/ca\/producto\/cune-imperial-reserva-2\/\",\"name\":\"cune imperial reserva\",\"isPartOf\":{\"@id\":\"https:\/\/aral2.cetrexmarketing.com\/#website\"},\"primaryImageOfPage\":{\"@id\":\"https:\/\/aral2.cetrexmarketing.com\/ca\/producto\/cune-imperial-reserva-2\/#primaryimage\"},\"image\":{\"@id\":\"https:\/\/aral2.cetrexmarketing.com\/ca\/producto\/cune-imperial-reserva-2\/#primaryimage\"},\"thumbnailUrl\":\"https:\/\/aral2.cetrexmarketing.com\/wp-content\/uploads\/2025\/05\/Cune-Imperial-Reserva.jpg.png\",\"datePublished\":\"2025-05-25T06:22:17+00:00\",\"dateModified\":\"2025-05-25T06:22:18+00:00\",\"description\":\"Comprar Cune Imperial Reserva en M\u00f3n La Cata . Tienda online especilizada en vino y alimentaci\u00f3n. Env\u00edos puntuales y promociones\",\"breadcrumb\":{\"@id\":\"https:\/\/aral2.cetrexmarketing.com\/ca\/producto\/cune-imperial-reserva-2\/#breadcrumb\"},\"inLanguage\":\"ca\",\"potentialAction\":[{\"@type\":\"ReadAction\",\"target\":[\"https:\/\/aral2.cetrexmarketing.com\/ca\/producto\/cune-imperial-reserva-2\/\"]}]},{\"@type\":\"ImageObject\",\"inLanguage\":\"ca\",\"@id\":\"https:\/\/aral2.cetrexmarketing.com\/ca\/producto\/cune-imperial-reserva-2\/#primaryimage\",\"url\":\"https:\/\/aral2.cetrexmarketing.com\/wp-content\/uploads\/2025\/05\/Cune-Imperial-Reserva.jpg.png\",\"contentUrl\":\"https:\/\/aral2.cetrexmarketing.com\/wp-content\/uploads\/2025\/05\/Cune-Imperial-Reserva.jpg.png\",\"width\":765,\"height\":1024},{\"@type\":\"BreadcrumbList\",\"@id\":\"https:\/\/aral2.cetrexmarketing.com\/ca\/producto\/cune-imperial-reserva-2\/#breadcrumb\",\"itemListElement\":[{\"@type\":\"ListItem\",\"position\":1,\"name\":\"Home\",\"item\":\"https:\/\/aral2.cetrexmarketing.com\/ca\/\"},{\"@type\":\"ListItem\",\"position\":2,\"name\":\"Tienda\",\"item\":\"https:\/\/aral2.cetrexmarketing.com\/ca\/tienda-2\/\"},{\"@type\":\"ListItem\",\"position\":3,\"name\":\"Vi\",\"item\":\"https:\/\/aral2.cetrexmarketing.com\/categoria-producto\/vi\/\"},{\"@type\":\"ListItem\",\"position\":4,\"name\":\"Vi Negre\",\"item\":\"https:\/\/aral2.cetrexmarketing.com\/categoria-producto\/vi\/vi-negre\/\"},{\"@type\":\"ListItem\",\"position\":5,\"name\":\"Cune Imperial Reserva\"}]},{\"@type\":\"WebSite\",\"@id\":\"https:\/\/aral2.cetrexmarketing.com\/#website\",\"url\":\"https:\/\/aral2.cetrexmarketing.com\/\",\"name\":\"M\u00f3n La Cata\",\"description\":\"Tienda de vinos, licores, cervezas y gourmet\",\"publisher\":{\"@id\":\"https:\/\/aral2.cetrexmarketing.com\/#organization\"},\"potentialAction\":[{\"@type\":\"SearchAction\",\"target\":{\"@type\":\"EntryPoint\",\"urlTemplate\":\"https:\/\/aral2.cetrexmarketing.com\/?s={search_term_string}\"},\"query-input\":{\"@type\":\"PropertyValueSpecification\",\"valueRequired\":true,\"valueName\":\"search_term_string\"}}],\"inLanguage\":\"ca\"},{\"@type\":\"Organization\",\"@id\":\"https:\/\/aral2.cetrexmarketing.com\/#organization\",\"name\":\"M\u00f3n La Cata\",\"url\":\"https:\/\/aral2.cetrexmarketing.com\/\",\"logo\":{\"@type\":\"ImageObject\",\"inLanguage\":\"ca\",\"@id\":\"https:\/\/aral2.cetrexmarketing.com\/#\/schema\/logo\/image\/\",\"url\":\"https:\/\/aral2.cetrexmarketing.com\/wp-content\/uploads\/2024\/10\/aral-logo-neg-1024x409-1.png\",\"contentUrl\":\"https:\/\/aral2.cetrexmarketing.com\/wp-content\/uploads\/2024\/10\/aral-logo-neg-1024x409-1.png\",\"width\":1024,\"height\":409,\"caption\":\"M\u00f3n La Cata\"},\"image\":{\"@id\":\"https:\/\/aral2.cetrexmarketing.com\/#\/schema\/logo\/image\/\"}}]}<\/script>\n<!-- \/ Yoast SEO Premium plugin. -->","yoast_head_json":{"title":"cune imperial reserva","description":"Comprar Cune Imperial Reserva en M\u00f3n La Cata . Tienda online especilizada en vino y alimentaci\u00f3n. Env\u00edos puntuales y promociones","robots":{"index":"noindex","follow":"follow","max-snippet":"max-snippet:-1","max-image-preview":"max-image-preview:large","max-video-preview":"max-video-preview:-1"},"og_locale":"ca_ES","og_type":"article","og_title":"Cune Imperial Reserva","og_description":"Comprar Cune Imperial Reserva en M\u00f3n La Cata . Tienda online especilizada en vino y alimentaci\u00f3n. Env\u00edos puntuales y promociones","og_url":"https:\/\/aral2.cetrexmarketing.com\/ca\/producto\/cune-imperial-reserva-2\/","og_site_name":"M\u00f3n La Cata","article_modified_time":"2025-05-25T06:22:18+00:00","og_image":[{"width":765,"height":1024,"url":"https:\/\/aral2.cetrexmarketing.com\/wp-content\/uploads\/2025\/05\/Cune-Imperial-Reserva.jpg.png","type":"image\/png"}],"twitter_card":"summary_large_image","schema":{"@context":"https:\/\/schema.org","@graph":[{"@type":"WebPage","@id":"https:\/\/aral2.cetrexmarketing.com\/ca\/producto\/cune-imperial-reserva-2\/","url":"https:\/\/aral2.cetrexmarketing.com\/ca\/producto\/cune-imperial-reserva-2\/","name":"cune imperial reserva","isPartOf":{"@id":"https:\/\/aral2.cetrexmarketing.com\/#website"},"primaryImageOfPage":{"@id":"https:\/\/aral2.cetrexmarketing.com\/ca\/producto\/cune-imperial-reserva-2\/#primaryimage"},"image":{"@id":"https:\/\/aral2.cetrexmarketing.com\/ca\/producto\/cune-imperial-reserva-2\/#primaryimage"},"thumbnailUrl":"https:\/\/aral2.cetrexmarketing.com\/wp-content\/uploads\/2025\/05\/Cune-Imperial-Reserva.jpg.png","datePublished":"2025-05-25T06:22:17+00:00","dateModified":"2025-05-25T06:22:18+00:00","description":"Comprar Cune Imperial Reserva en M\u00f3n La Cata . Tienda online especilizada en vino y alimentaci\u00f3n. Env\u00edos puntuales y promociones","breadcrumb":{"@id":"https:\/\/aral2.cetrexmarketing.com\/ca\/producto\/cune-imperial-reserva-2\/#breadcrumb"},"inLanguage":"ca","potentialAction":[{"@type":"ReadAction","target":["https:\/\/aral2.cetrexmarketing.com\/ca\/producto\/cune-imperial-reserva-2\/"]}]},{"@type":"ImageObject","inLanguage":"ca","@id":"https:\/\/aral2.cetrexmarketing.com\/ca\/producto\/cune-imperial-reserva-2\/#primaryimage","url":"https:\/\/aral2.cetrexmarketing.com\/wp-content\/uploads\/2025\/05\/Cune-Imperial-Reserva.jpg.png","contentUrl":"https:\/\/aral2.cetrexmarketing.com\/wp-content\/uploads\/2025\/05\/Cune-Imperial-Reserva.jpg.png","width":765,"height":1024},{"@type":"BreadcrumbList","@id":"https:\/\/aral2.cetrexmarketing.com\/ca\/producto\/cune-imperial-reserva-2\/#breadcrumb","itemListElement":[{"@type":"ListItem","position":1,"name":"Home","item":"https:\/\/aral2.cetrexmarketing.com\/ca\/"},{"@type":"ListItem","position":2,"name":"Tienda","item":"https:\/\/aral2.cetrexmarketing.com\/ca\/tienda-2\/"},{"@type":"ListItem","position":3,"name":"Vi","item":"https:\/\/aral2.cetrexmarketing.com\/categoria-producto\/vi\/"},{"@type":"ListItem","position":4,"name":"Vi Negre","item":"https:\/\/aral2.cetrexmarketing.com\/categoria-producto\/vi\/vi-negre\/"},{"@type":"ListItem","position":5,"name":"Cune Imperial Reserva"}]},{"@type":"WebSite","@id":"https:\/\/aral2.cetrexmarketing.com\/#website","url":"https:\/\/aral2.cetrexmarketing.com\/","name":"M\u00f3n La Cata","description":"Tienda de vinos, licores, cervezas y gourmet","publisher":{"@id":"https:\/\/aral2.cetrexmarketing.com\/#organization"},"potentialAction":[{"@type":"SearchAction","target":{"@type":"EntryPoint","urlTemplate":"https:\/\/aral2.cetrexmarketing.com\/?s={search_term_string}"},"query-input":{"@type":"PropertyValueSpecification","valueRequired":true,"valueName":"search_term_string"}}],"inLanguage":"ca"},{"@type":"Organization","@id":"https:\/\/aral2.cetrexmarketing.com\/#organization","name":"M\u00f3n La Cata","url":"https:\/\/aral2.cetrexmarketing.com\/","logo":{"@type":"ImageObject","inLanguage":"ca","@id":"https:\/\/aral2.cetrexmarketing.com\/#\/schema\/logo\/image\/","url":"https:\/\/aral2.cetrexmarketing.com\/wp-content\/uploads\/2024\/10\/aral-logo-neg-1024x409-1.png","contentUrl":"https:\/\/aral2.cetrexmarketing.com\/wp-content\/uploads\/2024\/10\/aral-logo-neg-1024x409-1.png","width":1024,"height":409,"caption":"M\u00f3n La Cata"},"image":{"@id":"https:\/\/aral2.cetrexmarketing.com\/#\/schema\/logo\/image\/"}}]}},"brands":[{"id":44989,"name":"Cune","slug":"cune"},{"id":32907,"name":"Rioja D.O.","slug":"rioja-d-o"}],"_links":{"self":[{"href":"https:\/\/aral2.cetrexmarketing.com\/ca\/wp-json\/wp\/v2\/product\/85398","targetHints":{"allow":["GET"]}}],"collection":[{"href":"https:\/\/aral2.cetrexmarketing.com\/ca\/wp-json\/wp\/v2\/product"}],"about":[{"href":"https:\/\/aral2.cetrexmarketing.com\/ca\/wp-json\/wp\/v2\/types\/product"}],"replies":[{"embeddable":true,"href":"https:\/\/aral2.cetrexmarketing.com\/ca\/wp-json\/wp\/v2\/comments?post=85398"}],"wp:featuredmedia":[{"embeddable":true,"href":"https:\/\/aral2.cetrexmarketing.com\/ca\/wp-json\/wp\/v2\/media\/85395"}],"wp:attachment":[{"href":"https:\/\/aral2.cetrexmarketing.com\/ca\/wp-json\/wp\/v2\/media?parent=85398"}],"wp:term":[{"taxonomy":"pwb-brand","embeddable":true,"href":"https:\/\/aral2.cetrexmarketing.com\/ca\/wp-json\/wp\/v2\/pwb-brand?post=85398"},{"taxonomy":"product_brand","embeddable":true,"href":"https:\/\/aral2.cetrexmarketing.com\/ca\/wp-json\/wp\/v2\/product_brand?post=85398"},{"taxonomy":"product_cat","embeddable":true,"href":"https:\/\/aral2.cetrexmarketing.com\/ca\/wp-json\/wp\/v2\/product_cat?post=85398"},{"taxonomy":"product_tag","embeddable":true,"href":"https:\/\/aral2.cetrexmarketing.com\/ca\/wp-json\/wp\/v2\/product_tag?post=85398"}],"curies":[{"name":"wp","href":"https:\/\/api.w.org\/{rel}","templated":true}]}}