{"id":85375,"date":"2025-05-25T06:21:50","date_gmt":"2025-05-25T06:21:50","guid":{"rendered":"https:\/\/aral2.cetrexmarketing.com\/producto\/clot-dencis-rosat\/"},"modified":"2025-05-25T06:21:52","modified_gmt":"2025-05-25T06:21:52","slug":"clot-dencis-rosat","status":"publish","type":"product","link":"https:\/\/aral2.cetrexmarketing.com\/ca\/producto\/clot-dencis-rosat\/","title":{"rendered":"Clot d&#8217;Enc\u00eds Rosat"},"content":{"rendered":"<p data-start=\"0\" data-end=\"293\"><strong data-start=\"0\" data-end=\"22\">Clot d\u2019Enc\u00eds Rosat<\/strong> \u00e9s un vi rosat sec elaborat per la <strong data-start=\"58\" data-end=\"84\">Cooperativa Sant Josep<\/strong>, situada a la <strong data-start=\"99\" data-end=\"116\">DO Terra Alta<\/strong>, una regi\u00f3 vin\u00edcola de prestigi a Catalunya. Aquesta denominaci\u00f3 destaca pel seu <strong data-start=\"198\" data-end=\"219\">clima mediterrani<\/strong> i els seus <strong data-start=\"231\" data-end=\"248\">s\u00f2ls calc\u00e0ris<\/strong>, que donen lloc a vins frescos i expressius.<\/p>\n<h3 data-start=\"295\" data-end=\"327\"><strong data-start=\"299\" data-end=\"327\">Caracter\u00edstiques del Vi:<\/strong><\/h3>\n<ul data-start=\"328\" data-end=\"818\">\n<li data-start=\"328\" data-end=\"355\"><strong data-start=\"330\" data-end=\"340\">Tipus:<\/strong> Vi rosat sec<\/li>\n<li data-start=\"356\" data-end=\"469\"><strong data-start=\"358\" data-end=\"380\">Varietats de ra\u00efm:<\/strong> Principalment <strong data-start=\"395\" data-end=\"413\">Garnatxa Negra<\/strong>, amb possibles aportacions d&#8217;altres varietats locals.<\/li>\n<li data-start=\"470\" data-end=\"541\"><strong data-start=\"472\" data-end=\"488\">Cata visual:<\/strong> Color <strong data-start=\"495\" data-end=\"512\">rosa brillant<\/strong> amb reflexos <strong data-start=\"526\" data-end=\"538\">violacis<\/strong>.<\/li>\n<li data-start=\"542\" data-end=\"652\"><strong data-start=\"544\" data-end=\"554\">Aroma:<\/strong> Intenses notes de <strong data-start=\"573\" data-end=\"603\">fruites vermelles fresques<\/strong> (maduixes, gerds, cireres) i tocs <strong data-start=\"638\" data-end=\"649\">florals<\/strong>.<\/li>\n<li data-start=\"653\" data-end=\"744\"><strong data-start=\"655\" data-end=\"665\">Sabor:<\/strong> Llaminer i <strong data-start=\"677\" data-end=\"691\">equilibrat<\/strong>, amb una <strong data-start=\"701\" data-end=\"717\">acidesa viva<\/strong> i un <strong data-start=\"723\" data-end=\"741\">final afruitat<\/strong>.<\/li>\n<li data-start=\"745\" data-end=\"818\"><strong data-start=\"747\" data-end=\"757\">Final:<\/strong> <strong data-start=\"758\" data-end=\"785\">Refrescant i persistent<\/strong>, amb un <strong data-start=\"794\" data-end=\"815\">retrogust fruit\u00f3s<\/strong>.<\/li>\n<\/ul>\n<h3 data-start=\"820\" data-end=\"852\"><strong data-start=\"824\" data-end=\"850\">Temperatura de Servei:<\/strong><\/h3>\n<p data-start=\"853\" data-end=\"930\">Es recomana servir entre <strong data-start=\"878\" data-end=\"888\">8-10\u00b0C<\/strong> per potenciar la seva frescor i aromes.<\/p>\n<h3 data-start=\"932\" data-end=\"952\"><strong data-start=\"936\" data-end=\"950\">Conclusi\u00f3:<\/strong><\/h3>\n<p data-start=\"953\" data-end=\"1246\" data-is-last-node=\"\" data-is-only-node=\"\">El <strong data-start=\"956\" data-end=\"978\">Clot d\u2019Enc\u00eds Rosat<\/strong> \u00e9s un vi <strong data-start=\"988\" data-end=\"1022\">jove, vibrant i f\u00e0cil de beure<\/strong>, ideal per a aquells que busquen un rosat amb una <strong data-start=\"1073\" data-end=\"1104\">expressi\u00f3 afruitada intensa<\/strong> i molta frescor. Perfecte per gaudir en dies c\u00e0lids o per acompanyar <strong data-start=\"1174\" data-end=\"1192\">plats lleugers<\/strong> com amanides, arrossos, marisc o tapes mediterr\u00e0nies.<\/p>\n","protected":false},"excerpt":{"rendered":"<p>Co\u00e0gul D&#8217;arc\u00eds rosa<\/p>\n","protected":false},"featured_media":85372,"comment_status":"closed","ping_status":"closed","template":"","meta":{"_acf_changed":false},"pwb-brand":[44972,32913],"product_brand":[],"product_cat":[51670,51682],"product_tag":[16598,16596,52351,15015,15211,15014,38583],"class_list":{"0":"post-85375","1":"product","2":"type-product","3":"status-publish","4":"has-post-thumbnail","6":"pwb-brand-agricola-sant-josep","7":"pwb-brand-terra-alta-d-o","8":"product_cat-vi","9":"product_cat-vi-rosat","10":"product_tag-bot-ca","11":"product_tag-clot-ca","12":"product_tag-clot-dencis-2","13":"product_tag-do-terra-alta-ca","14":"product_tag-sant-josep-vins-ca","15":"product_tag-terra-alta-ca","16":"product_tag-vi-rosat","17":"pa_anada-51681","18":"pa_bodega-agricola-sant-josep","19":"pa_do-terra-alta-d-o-ca","20":"pa_formatoenml-38306","21":"pa_fresco-rosat-fresc","22":"pa_graduacion-13_5","23":"pa_maridaje-embotits","24":"pa_maridaje-midons","25":"pa_pueblociudad-bottarragona","26":"pa_tipodevino-vi-tranquil","27":"pa_variedad-principal-garnacha-tinta-ca","28":"pa_variedad-principal-morenillo-ca","29":"pa_variedad-principal-samso-ca","30":"pa_variedad-principal-syrah-ca","31":"entry","32":"has-media","34":"first","35":"instock","36":"taxable","37":"shipping-taxable","38":"purchasable","39":"product-type-simple"},"acf":[],"yoast_head":"<!-- This site is optimized with the Yoast SEO Premium plugin v23.1 (Yoast SEO v23.5) - https:\/\/yoast.com\/wordpress\/plugins\/seo\/ -->\n<title>Clot d&#039;encis rosat<\/title>\n<meta name=\"description\" content=\"Comprar online al millor preu el vi rosat Clot d&#039;Enc\u00eds de Sant Josep Vins (DO Terra Alta). Botiga web, f\u00edsica i online, segura i de confian\u00e7a. Enviament r\u00e0pid.\" \/>\n<meta name=\"robots\" content=\"noindex, follow, max-snippet:-1, max-image-preview:large, max-video-preview:-1\" \/>\n<meta property=\"og:locale\" content=\"ca_ES\" \/>\n<meta property=\"og:type\" content=\"article\" \/>\n<meta property=\"og:title\" content=\"Clot d&#039;Enc\u00eds Rosat\" \/>\n<meta property=\"og:description\" content=\"Comprar online al millor preu el vi rosat Clot d&#039;Enc\u00eds de Sant Josep Vins (DO Terra Alta). Botiga web, f\u00edsica i online, segura i de confian\u00e7a. Enviament r\u00e0pid.\" \/>\n<meta property=\"og:url\" content=\"https:\/\/aral2.cetrexmarketing.com\/ca\/producto\/clot-dencis-rosat\/\" \/>\n<meta property=\"og:site_name\" content=\"M\u00f3n La Cata\" \/>\n<meta property=\"article:modified_time\" content=\"2025-05-25T06:21:52+00:00\" \/>\n<meta property=\"og:image\" content=\"https:\/\/aral2.cetrexmarketing.com\/wp-content\/uploads\/2025\/05\/clot-dencis-rosado.jpg.png\" \/>\n\t<meta property=\"og:image:width\" content=\"765\" \/>\n\t<meta property=\"og:image:height\" content=\"1024\" \/>\n\t<meta property=\"og:image:type\" content=\"image\/png\" \/>\n<meta name=\"twitter:card\" content=\"summary_large_image\" \/>\n<meta name=\"twitter:label1\" content=\"Temps estimat de lectura\" \/>\n\t<meta name=\"twitter:data1\" content=\"2 minuts\" \/>\n<script type=\"application\/ld+json\" class=\"yoast-schema-graph\">{\"@context\":\"https:\/\/schema.org\",\"@graph\":[{\"@type\":\"WebPage\",\"@id\":\"https:\/\/aral2.cetrexmarketing.com\/ca\/producto\/clot-dencis-rosat\/\",\"url\":\"https:\/\/aral2.cetrexmarketing.com\/ca\/producto\/clot-dencis-rosat\/\",\"name\":\"Clot d'encis rosat\",\"isPartOf\":{\"@id\":\"https:\/\/aral2.cetrexmarketing.com\/#website\"},\"primaryImageOfPage\":{\"@id\":\"https:\/\/aral2.cetrexmarketing.com\/ca\/producto\/clot-dencis-rosat\/#primaryimage\"},\"image\":{\"@id\":\"https:\/\/aral2.cetrexmarketing.com\/ca\/producto\/clot-dencis-rosat\/#primaryimage\"},\"thumbnailUrl\":\"https:\/\/aral2.cetrexmarketing.com\/wp-content\/uploads\/2025\/05\/clot-dencis-rosado.jpg.png\",\"datePublished\":\"2025-05-25T06:21:50+00:00\",\"dateModified\":\"2025-05-25T06:21:52+00:00\",\"description\":\"Comprar online al millor preu el vi rosat Clot d'Enc\u00eds de Sant Josep Vins (DO Terra Alta). Botiga web, f\u00edsica i online, segura i de confian\u00e7a. Enviament r\u00e0pid.\",\"breadcrumb\":{\"@id\":\"https:\/\/aral2.cetrexmarketing.com\/ca\/producto\/clot-dencis-rosat\/#breadcrumb\"},\"inLanguage\":\"ca\",\"potentialAction\":[{\"@type\":\"ReadAction\",\"target\":[\"https:\/\/aral2.cetrexmarketing.com\/ca\/producto\/clot-dencis-rosat\/\"]}]},{\"@type\":\"ImageObject\",\"inLanguage\":\"ca\",\"@id\":\"https:\/\/aral2.cetrexmarketing.com\/ca\/producto\/clot-dencis-rosat\/#primaryimage\",\"url\":\"https:\/\/aral2.cetrexmarketing.com\/wp-content\/uploads\/2025\/05\/clot-dencis-rosado.jpg.png\",\"contentUrl\":\"https:\/\/aral2.cetrexmarketing.com\/wp-content\/uploads\/2025\/05\/clot-dencis-rosado.jpg.png\",\"width\":765,\"height\":1024},{\"@type\":\"BreadcrumbList\",\"@id\":\"https:\/\/aral2.cetrexmarketing.com\/ca\/producto\/clot-dencis-rosat\/#breadcrumb\",\"itemListElement\":[{\"@type\":\"ListItem\",\"position\":1,\"name\":\"Home\",\"item\":\"https:\/\/aral2.cetrexmarketing.com\/ca\/\"},{\"@type\":\"ListItem\",\"position\":2,\"name\":\"Tienda\",\"item\":\"https:\/\/aral2.cetrexmarketing.com\/ca\/tienda-2\/\"},{\"@type\":\"ListItem\",\"position\":3,\"name\":\"Vi\",\"item\":\"https:\/\/aral2.cetrexmarketing.com\/categoria-producto\/vi\/\"},{\"@type\":\"ListItem\",\"position\":4,\"name\":\"Vi Rosat\",\"item\":\"https:\/\/aral2.cetrexmarketing.com\/categoria-producto\/vi\/vi-rosat\/\"},{\"@type\":\"ListItem\",\"position\":5,\"name\":\"Clot d&#8217;Enc\u00eds Rosat\"}]},{\"@type\":\"WebSite\",\"@id\":\"https:\/\/aral2.cetrexmarketing.com\/#website\",\"url\":\"https:\/\/aral2.cetrexmarketing.com\/\",\"name\":\"M\u00f3n La Cata\",\"description\":\"Tienda de vinos, licores, cervezas y gourmet\",\"publisher\":{\"@id\":\"https:\/\/aral2.cetrexmarketing.com\/#organization\"},\"potentialAction\":[{\"@type\":\"SearchAction\",\"target\":{\"@type\":\"EntryPoint\",\"urlTemplate\":\"https:\/\/aral2.cetrexmarketing.com\/?s={search_term_string}\"},\"query-input\":{\"@type\":\"PropertyValueSpecification\",\"valueRequired\":true,\"valueName\":\"search_term_string\"}}],\"inLanguage\":\"ca\"},{\"@type\":\"Organization\",\"@id\":\"https:\/\/aral2.cetrexmarketing.com\/#organization\",\"name\":\"M\u00f3n La Cata\",\"url\":\"https:\/\/aral2.cetrexmarketing.com\/\",\"logo\":{\"@type\":\"ImageObject\",\"inLanguage\":\"ca\",\"@id\":\"https:\/\/aral2.cetrexmarketing.com\/#\/schema\/logo\/image\/\",\"url\":\"https:\/\/aral2.cetrexmarketing.com\/wp-content\/uploads\/2024\/10\/aral-logo-neg-1024x409-1.png\",\"contentUrl\":\"https:\/\/aral2.cetrexmarketing.com\/wp-content\/uploads\/2024\/10\/aral-logo-neg-1024x409-1.png\",\"width\":1024,\"height\":409,\"caption\":\"M\u00f3n La Cata\"},\"image\":{\"@id\":\"https:\/\/aral2.cetrexmarketing.com\/#\/schema\/logo\/image\/\"}}]}<\/script>\n<!-- \/ Yoast SEO Premium plugin. -->","yoast_head_json":{"title":"Clot d'encis rosat","description":"Comprar online al millor preu el vi rosat Clot d'Enc\u00eds de Sant Josep Vins (DO Terra Alta). Botiga web, f\u00edsica i online, segura i de confian\u00e7a. Enviament r\u00e0pid.","robots":{"index":"noindex","follow":"follow","max-snippet":"max-snippet:-1","max-image-preview":"max-image-preview:large","max-video-preview":"max-video-preview:-1"},"og_locale":"ca_ES","og_type":"article","og_title":"Clot d'Enc\u00eds Rosat","og_description":"Comprar online al millor preu el vi rosat Clot d'Enc\u00eds de Sant Josep Vins (DO Terra Alta). Botiga web, f\u00edsica i online, segura i de confian\u00e7a. Enviament r\u00e0pid.","og_url":"https:\/\/aral2.cetrexmarketing.com\/ca\/producto\/clot-dencis-rosat\/","og_site_name":"M\u00f3n La Cata","article_modified_time":"2025-05-25T06:21:52+00:00","og_image":[{"width":765,"height":1024,"url":"https:\/\/aral2.cetrexmarketing.com\/wp-content\/uploads\/2025\/05\/clot-dencis-rosado.jpg.png","type":"image\/png"}],"twitter_card":"summary_large_image","twitter_misc":{"Temps estimat de lectura":"2 minuts"},"schema":{"@context":"https:\/\/schema.org","@graph":[{"@type":"WebPage","@id":"https:\/\/aral2.cetrexmarketing.com\/ca\/producto\/clot-dencis-rosat\/","url":"https:\/\/aral2.cetrexmarketing.com\/ca\/producto\/clot-dencis-rosat\/","name":"Clot d'encis rosat","isPartOf":{"@id":"https:\/\/aral2.cetrexmarketing.com\/#website"},"primaryImageOfPage":{"@id":"https:\/\/aral2.cetrexmarketing.com\/ca\/producto\/clot-dencis-rosat\/#primaryimage"},"image":{"@id":"https:\/\/aral2.cetrexmarketing.com\/ca\/producto\/clot-dencis-rosat\/#primaryimage"},"thumbnailUrl":"https:\/\/aral2.cetrexmarketing.com\/wp-content\/uploads\/2025\/05\/clot-dencis-rosado.jpg.png","datePublished":"2025-05-25T06:21:50+00:00","dateModified":"2025-05-25T06:21:52+00:00","description":"Comprar online al millor preu el vi rosat Clot d'Enc\u00eds de Sant Josep Vins (DO Terra Alta). Botiga web, f\u00edsica i online, segura i de confian\u00e7a. Enviament r\u00e0pid.","breadcrumb":{"@id":"https:\/\/aral2.cetrexmarketing.com\/ca\/producto\/clot-dencis-rosat\/#breadcrumb"},"inLanguage":"ca","potentialAction":[{"@type":"ReadAction","target":["https:\/\/aral2.cetrexmarketing.com\/ca\/producto\/clot-dencis-rosat\/"]}]},{"@type":"ImageObject","inLanguage":"ca","@id":"https:\/\/aral2.cetrexmarketing.com\/ca\/producto\/clot-dencis-rosat\/#primaryimage","url":"https:\/\/aral2.cetrexmarketing.com\/wp-content\/uploads\/2025\/05\/clot-dencis-rosado.jpg.png","contentUrl":"https:\/\/aral2.cetrexmarketing.com\/wp-content\/uploads\/2025\/05\/clot-dencis-rosado.jpg.png","width":765,"height":1024},{"@type":"BreadcrumbList","@id":"https:\/\/aral2.cetrexmarketing.com\/ca\/producto\/clot-dencis-rosat\/#breadcrumb","itemListElement":[{"@type":"ListItem","position":1,"name":"Home","item":"https:\/\/aral2.cetrexmarketing.com\/ca\/"},{"@type":"ListItem","position":2,"name":"Tienda","item":"https:\/\/aral2.cetrexmarketing.com\/ca\/tienda-2\/"},{"@type":"ListItem","position":3,"name":"Vi","item":"https:\/\/aral2.cetrexmarketing.com\/categoria-producto\/vi\/"},{"@type":"ListItem","position":4,"name":"Vi Rosat","item":"https:\/\/aral2.cetrexmarketing.com\/categoria-producto\/vi\/vi-rosat\/"},{"@type":"ListItem","position":5,"name":"Clot d&#8217;Enc\u00eds Rosat"}]},{"@type":"WebSite","@id":"https:\/\/aral2.cetrexmarketing.com\/#website","url":"https:\/\/aral2.cetrexmarketing.com\/","name":"M\u00f3n La Cata","description":"Tienda de vinos, licores, cervezas y gourmet","publisher":{"@id":"https:\/\/aral2.cetrexmarketing.com\/#organization"},"potentialAction":[{"@type":"SearchAction","target":{"@type":"EntryPoint","urlTemplate":"https:\/\/aral2.cetrexmarketing.com\/?s={search_term_string}"},"query-input":{"@type":"PropertyValueSpecification","valueRequired":true,"valueName":"search_term_string"}}],"inLanguage":"ca"},{"@type":"Organization","@id":"https:\/\/aral2.cetrexmarketing.com\/#organization","name":"M\u00f3n La Cata","url":"https:\/\/aral2.cetrexmarketing.com\/","logo":{"@type":"ImageObject","inLanguage":"ca","@id":"https:\/\/aral2.cetrexmarketing.com\/#\/schema\/logo\/image\/","url":"https:\/\/aral2.cetrexmarketing.com\/wp-content\/uploads\/2024\/10\/aral-logo-neg-1024x409-1.png","contentUrl":"https:\/\/aral2.cetrexmarketing.com\/wp-content\/uploads\/2024\/10\/aral-logo-neg-1024x409-1.png","width":1024,"height":409,"caption":"M\u00f3n La Cata"},"image":{"@id":"https:\/\/aral2.cetrexmarketing.com\/#\/schema\/logo\/image\/"}}]}},"brands":[{"id":44972,"name":"Agr\u00edcola Sant Josep","slug":"agricola-sant-josep"},{"id":32913,"name":"Terra Alta D.O.","slug":"terra-alta-d-o"}],"_links":{"self":[{"href":"https:\/\/aral2.cetrexmarketing.com\/ca\/wp-json\/wp\/v2\/product\/85375","targetHints":{"allow":["GET"]}}],"collection":[{"href":"https:\/\/aral2.cetrexmarketing.com\/ca\/wp-json\/wp\/v2\/product"}],"about":[{"href":"https:\/\/aral2.cetrexmarketing.com\/ca\/wp-json\/wp\/v2\/types\/product"}],"replies":[{"embeddable":true,"href":"https:\/\/aral2.cetrexmarketing.com\/ca\/wp-json\/wp\/v2\/comments?post=85375"}],"wp:featuredmedia":[{"embeddable":true,"href":"https:\/\/aral2.cetrexmarketing.com\/ca\/wp-json\/wp\/v2\/media\/85372"}],"wp:attachment":[{"href":"https:\/\/aral2.cetrexmarketing.com\/ca\/wp-json\/wp\/v2\/media?parent=85375"}],"wp:term":[{"taxonomy":"pwb-brand","embeddable":true,"href":"https:\/\/aral2.cetrexmarketing.com\/ca\/wp-json\/wp\/v2\/pwb-brand?post=85375"},{"taxonomy":"product_brand","embeddable":true,"href":"https:\/\/aral2.cetrexmarketing.com\/ca\/wp-json\/wp\/v2\/product_brand?post=85375"},{"taxonomy":"product_cat","embeddable":true,"href":"https:\/\/aral2.cetrexmarketing.com\/ca\/wp-json\/wp\/v2\/product_cat?post=85375"},{"taxonomy":"product_tag","embeddable":true,"href":"https:\/\/aral2.cetrexmarketing.com\/ca\/wp-json\/wp\/v2\/product_tag?post=85375"}],"curies":[{"name":"wp","href":"https:\/\/api.w.org\/{rel}","templated":true}]}}