{"id":85321,"date":"2025-05-25T06:20:25","date_gmt":"2025-05-25T06:20:25","guid":{"rendered":"https:\/\/aral2.cetrexmarketing.com\/producto\/bouza-do-rei-albarino-2\/"},"modified":"2025-05-25T06:20:27","modified_gmt":"2025-05-25T06:20:27","slug":"bouza-do-rei-albarino-2","status":"publish","type":"product","link":"https:\/\/aral2.cetrexmarketing.com\/ca\/producto\/bouza-do-rei-albarino-2\/","title":{"rendered":"Bouza do Rei Albari\u00f1o"},"content":{"rendered":"<p>Bouza do Rei \u00e9s un Baixas monavariettal d&#8217;Abari\u00f1o.<br \/>\n n<br \/>\n Ncolor Bright Straw.<br \/>\n n<br \/>\n Nnariz molt intens, fresc, c\u00edtric, amb un punt floral i subtilment afruitat.<br \/>\n n<br \/>\n Nen Boca \u00e9s suau, sabor\u00f3s i amb una bona c\u00e0rrega de fruita.<br \/>\n n<br \/>\n ns Un vi ideal per combinar amb marisc.<\/p>\n","protected":false},"excerpt":{"rendered":"<p dir=\"ltr\"><span>Bouza do rei \u00e9s DO R\u00edas Baixas monovarietal d&#8217;Albarinyo.<\/span><\/p>\n<p dir=\"ltr\"><span>Color palla brillant.<\/span><\/p>\n<p dir=\"ltr\"><span>Nas molt intens,\u00a0<\/span>fresc, c\u00edtric, amb un punt floral i subtilment afruitat.<\/p>\n<p dir=\"ltr\">En boca \u00e9s suau, gust\u00f3s i amb bona c\u00e0rrega de fruita.<\/p>\n<p dir=\"ltr\"><span>\u00c9s un vi ideal per maridar amb marisc.<\/span><\/p><\/p>\n","protected":false},"featured_media":85318,"comment_status":"closed","ping_status":"closed","template":"","meta":{"_acf_changed":false},"pwb-brand":[32929],"product_brand":[],"product_cat":[51670,51672],"product_tag":[15095,16585,16431,15096],"class_list":{"0":"post-85321","1":"product","2":"type-product","3":"status-publish","4":"has-post-thumbnail","6":"pwb-brand-rias-baixas-d-o","7":"product_cat-vi","8":"product_cat-vi-blanc","9":"product_tag-albarino-ca","10":"product_tag-bouza-do-rei-ca","11":"product_tag-pontevedra-ca","12":"product_tag-rias-baixas-ca","13":"pa_anada-36214","14":"pa_bodega-bouzadorei","15":"pa_do-riasbaixasdo-ca","16":"pa_formatoenml-38306","17":"pa_fresco-blanc-fresc","18":"pa_graduacion-13_0","19":"pa_maridaje-marisc","20":"pa_maridaje-peix","21":"pa_pueblociudad-ribadumiapontevedra","22":"pa_variedad-principal-albarino-ca","23":"entry","24":"has-media","26":"first","27":"instock","28":"taxable","29":"shipping-taxable","30":"purchasable","31":"product-type-simple"},"acf":[],"yoast_head":"<!-- This site is optimized with the Yoast SEO Premium plugin v23.1 (Yoast SEO v23.5) - https:\/\/yoast.com\/wordpress\/plugins\/seo\/ -->\n<title>Bouza do Rei Albari\u00f1o vi blanc de la DO R\u00edas Baixas<\/title>\n<meta name=\"description\" content=\"Comprar online a bon preu el vi blanc Bouza do Rei elaborat a la DO R\u00edas Baixas. Enviament expr\u00e9s. Descompte per caixes de 6 ampolles. Viniteca de confian\u00e7a.\" \/>\n<meta name=\"robots\" content=\"noindex, follow, max-snippet:-1, max-image-preview:large, max-video-preview:-1\" \/>\n<meta property=\"og:locale\" content=\"ca_ES\" \/>\n<meta property=\"og:type\" content=\"article\" \/>\n<meta property=\"og:title\" content=\"Bouza do Rei Albari\u00f1o\" \/>\n<meta property=\"og:description\" content=\"Comprar online a bon preu el vi blanc Bouza do Rei elaborat a la DO R\u00edas Baixas. Enviament expr\u00e9s. Descompte per caixes de 6 ampolles. Viniteca de confian\u00e7a.\" \/>\n<meta property=\"og:url\" content=\"https:\/\/aral2.cetrexmarketing.com\/ca\/producto\/bouza-do-rei-albarino-2\/\" \/>\n<meta property=\"og:site_name\" content=\"M\u00f3n La Cata\" \/>\n<meta property=\"article:modified_time\" content=\"2025-05-25T06:20:27+00:00\" \/>\n<meta property=\"og:image\" content=\"https:\/\/aral2.cetrexmarketing.com\/wp-content\/uploads\/2025\/05\/Bouza-do-Rei-Albarino.jpg.png\" \/>\n\t<meta property=\"og:image:width\" content=\"765\" \/>\n\t<meta property=\"og:image:height\" content=\"1024\" \/>\n\t<meta property=\"og:image:type\" content=\"image\/png\" \/>\n<meta name=\"twitter:card\" content=\"summary_large_image\" \/>\n<script type=\"application\/ld+json\" class=\"yoast-schema-graph\">{\"@context\":\"https:\/\/schema.org\",\"@graph\":[{\"@type\":\"WebPage\",\"@id\":\"https:\/\/aral2.cetrexmarketing.com\/ca\/producto\/bouza-do-rei-albarino-2\/\",\"url\":\"https:\/\/aral2.cetrexmarketing.com\/ca\/producto\/bouza-do-rei-albarino-2\/\",\"name\":\"Bouza do Rei Albari\u00f1o vi blanc de la DO R\u00edas Baixas\",\"isPartOf\":{\"@id\":\"https:\/\/aral2.cetrexmarketing.com\/#website\"},\"primaryImageOfPage\":{\"@id\":\"https:\/\/aral2.cetrexmarketing.com\/ca\/producto\/bouza-do-rei-albarino-2\/#primaryimage\"},\"image\":{\"@id\":\"https:\/\/aral2.cetrexmarketing.com\/ca\/producto\/bouza-do-rei-albarino-2\/#primaryimage\"},\"thumbnailUrl\":\"https:\/\/aral2.cetrexmarketing.com\/wp-content\/uploads\/2025\/05\/Bouza-do-Rei-Albarino.jpg.png\",\"datePublished\":\"2025-05-25T06:20:25+00:00\",\"dateModified\":\"2025-05-25T06:20:27+00:00\",\"description\":\"Comprar online a bon preu el vi blanc Bouza do Rei elaborat a la DO R\u00edas Baixas. Enviament expr\u00e9s. Descompte per caixes de 6 ampolles. Viniteca de confian\u00e7a.\",\"breadcrumb\":{\"@id\":\"https:\/\/aral2.cetrexmarketing.com\/ca\/producto\/bouza-do-rei-albarino-2\/#breadcrumb\"},\"inLanguage\":\"ca\",\"potentialAction\":[{\"@type\":\"ReadAction\",\"target\":[\"https:\/\/aral2.cetrexmarketing.com\/ca\/producto\/bouza-do-rei-albarino-2\/\"]}]},{\"@type\":\"ImageObject\",\"inLanguage\":\"ca\",\"@id\":\"https:\/\/aral2.cetrexmarketing.com\/ca\/producto\/bouza-do-rei-albarino-2\/#primaryimage\",\"url\":\"https:\/\/aral2.cetrexmarketing.com\/wp-content\/uploads\/2025\/05\/Bouza-do-Rei-Albarino.jpg.png\",\"contentUrl\":\"https:\/\/aral2.cetrexmarketing.com\/wp-content\/uploads\/2025\/05\/Bouza-do-Rei-Albarino.jpg.png\",\"width\":765,\"height\":1024},{\"@type\":\"BreadcrumbList\",\"@id\":\"https:\/\/aral2.cetrexmarketing.com\/ca\/producto\/bouza-do-rei-albarino-2\/#breadcrumb\",\"itemListElement\":[{\"@type\":\"ListItem\",\"position\":1,\"name\":\"Home\",\"item\":\"https:\/\/aral2.cetrexmarketing.com\/ca\/\"},{\"@type\":\"ListItem\",\"position\":2,\"name\":\"Tienda\",\"item\":\"https:\/\/aral2.cetrexmarketing.com\/ca\/tienda-2\/\"},{\"@type\":\"ListItem\",\"position\":3,\"name\":\"Vi\",\"item\":\"https:\/\/aral2.cetrexmarketing.com\/categoria-producto\/vi\/\"},{\"@type\":\"ListItem\",\"position\":4,\"name\":\"Vi Blanc\",\"item\":\"https:\/\/aral2.cetrexmarketing.com\/categoria-producto\/vi\/vi-blanc\/\"},{\"@type\":\"ListItem\",\"position\":5,\"name\":\"Bouza do Rei Albari\u00f1o\"}]},{\"@type\":\"WebSite\",\"@id\":\"https:\/\/aral2.cetrexmarketing.com\/#website\",\"url\":\"https:\/\/aral2.cetrexmarketing.com\/\",\"name\":\"M\u00f3n La Cata\",\"description\":\"Tienda de vinos, licores, cervezas y gourmet\",\"publisher\":{\"@id\":\"https:\/\/aral2.cetrexmarketing.com\/#organization\"},\"potentialAction\":[{\"@type\":\"SearchAction\",\"target\":{\"@type\":\"EntryPoint\",\"urlTemplate\":\"https:\/\/aral2.cetrexmarketing.com\/?s={search_term_string}\"},\"query-input\":{\"@type\":\"PropertyValueSpecification\",\"valueRequired\":true,\"valueName\":\"search_term_string\"}}],\"inLanguage\":\"ca\"},{\"@type\":\"Organization\",\"@id\":\"https:\/\/aral2.cetrexmarketing.com\/#organization\",\"name\":\"M\u00f3n La Cata\",\"url\":\"https:\/\/aral2.cetrexmarketing.com\/\",\"logo\":{\"@type\":\"ImageObject\",\"inLanguage\":\"ca\",\"@id\":\"https:\/\/aral2.cetrexmarketing.com\/#\/schema\/logo\/image\/\",\"url\":\"https:\/\/aral2.cetrexmarketing.com\/wp-content\/uploads\/2024\/10\/aral-logo-neg-1024x409-1.png\",\"contentUrl\":\"https:\/\/aral2.cetrexmarketing.com\/wp-content\/uploads\/2024\/10\/aral-logo-neg-1024x409-1.png\",\"width\":1024,\"height\":409,\"caption\":\"M\u00f3n La Cata\"},\"image\":{\"@id\":\"https:\/\/aral2.cetrexmarketing.com\/#\/schema\/logo\/image\/\"}}]}<\/script>\n<!-- \/ Yoast SEO Premium plugin. -->","yoast_head_json":{"title":"Bouza do Rei Albari\u00f1o vi blanc de la DO R\u00edas Baixas","description":"Comprar online a bon preu el vi blanc Bouza do Rei elaborat a la DO R\u00edas Baixas. Enviament expr\u00e9s. Descompte per caixes de 6 ampolles. Viniteca de confian\u00e7a.","robots":{"index":"noindex","follow":"follow","max-snippet":"max-snippet:-1","max-image-preview":"max-image-preview:large","max-video-preview":"max-video-preview:-1"},"og_locale":"ca_ES","og_type":"article","og_title":"Bouza do Rei Albari\u00f1o","og_description":"Comprar online a bon preu el vi blanc Bouza do Rei elaborat a la DO R\u00edas Baixas. Enviament expr\u00e9s. Descompte per caixes de 6 ampolles. Viniteca de confian\u00e7a.","og_url":"https:\/\/aral2.cetrexmarketing.com\/ca\/producto\/bouza-do-rei-albarino-2\/","og_site_name":"M\u00f3n La Cata","article_modified_time":"2025-05-25T06:20:27+00:00","og_image":[{"width":765,"height":1024,"url":"https:\/\/aral2.cetrexmarketing.com\/wp-content\/uploads\/2025\/05\/Bouza-do-Rei-Albarino.jpg.png","type":"image\/png"}],"twitter_card":"summary_large_image","schema":{"@context":"https:\/\/schema.org","@graph":[{"@type":"WebPage","@id":"https:\/\/aral2.cetrexmarketing.com\/ca\/producto\/bouza-do-rei-albarino-2\/","url":"https:\/\/aral2.cetrexmarketing.com\/ca\/producto\/bouza-do-rei-albarino-2\/","name":"Bouza do Rei Albari\u00f1o vi blanc de la DO R\u00edas Baixas","isPartOf":{"@id":"https:\/\/aral2.cetrexmarketing.com\/#website"},"primaryImageOfPage":{"@id":"https:\/\/aral2.cetrexmarketing.com\/ca\/producto\/bouza-do-rei-albarino-2\/#primaryimage"},"image":{"@id":"https:\/\/aral2.cetrexmarketing.com\/ca\/producto\/bouza-do-rei-albarino-2\/#primaryimage"},"thumbnailUrl":"https:\/\/aral2.cetrexmarketing.com\/wp-content\/uploads\/2025\/05\/Bouza-do-Rei-Albarino.jpg.png","datePublished":"2025-05-25T06:20:25+00:00","dateModified":"2025-05-25T06:20:27+00:00","description":"Comprar online a bon preu el vi blanc Bouza do Rei elaborat a la DO R\u00edas Baixas. Enviament expr\u00e9s. Descompte per caixes de 6 ampolles. Viniteca de confian\u00e7a.","breadcrumb":{"@id":"https:\/\/aral2.cetrexmarketing.com\/ca\/producto\/bouza-do-rei-albarino-2\/#breadcrumb"},"inLanguage":"ca","potentialAction":[{"@type":"ReadAction","target":["https:\/\/aral2.cetrexmarketing.com\/ca\/producto\/bouza-do-rei-albarino-2\/"]}]},{"@type":"ImageObject","inLanguage":"ca","@id":"https:\/\/aral2.cetrexmarketing.com\/ca\/producto\/bouza-do-rei-albarino-2\/#primaryimage","url":"https:\/\/aral2.cetrexmarketing.com\/wp-content\/uploads\/2025\/05\/Bouza-do-Rei-Albarino.jpg.png","contentUrl":"https:\/\/aral2.cetrexmarketing.com\/wp-content\/uploads\/2025\/05\/Bouza-do-Rei-Albarino.jpg.png","width":765,"height":1024},{"@type":"BreadcrumbList","@id":"https:\/\/aral2.cetrexmarketing.com\/ca\/producto\/bouza-do-rei-albarino-2\/#breadcrumb","itemListElement":[{"@type":"ListItem","position":1,"name":"Home","item":"https:\/\/aral2.cetrexmarketing.com\/ca\/"},{"@type":"ListItem","position":2,"name":"Tienda","item":"https:\/\/aral2.cetrexmarketing.com\/ca\/tienda-2\/"},{"@type":"ListItem","position":3,"name":"Vi","item":"https:\/\/aral2.cetrexmarketing.com\/categoria-producto\/vi\/"},{"@type":"ListItem","position":4,"name":"Vi Blanc","item":"https:\/\/aral2.cetrexmarketing.com\/categoria-producto\/vi\/vi-blanc\/"},{"@type":"ListItem","position":5,"name":"Bouza do Rei Albari\u00f1o"}]},{"@type":"WebSite","@id":"https:\/\/aral2.cetrexmarketing.com\/#website","url":"https:\/\/aral2.cetrexmarketing.com\/","name":"M\u00f3n La Cata","description":"Tienda de vinos, licores, cervezas y gourmet","publisher":{"@id":"https:\/\/aral2.cetrexmarketing.com\/#organization"},"potentialAction":[{"@type":"SearchAction","target":{"@type":"EntryPoint","urlTemplate":"https:\/\/aral2.cetrexmarketing.com\/?s={search_term_string}"},"query-input":{"@type":"PropertyValueSpecification","valueRequired":true,"valueName":"search_term_string"}}],"inLanguage":"ca"},{"@type":"Organization","@id":"https:\/\/aral2.cetrexmarketing.com\/#organization","name":"M\u00f3n La Cata","url":"https:\/\/aral2.cetrexmarketing.com\/","logo":{"@type":"ImageObject","inLanguage":"ca","@id":"https:\/\/aral2.cetrexmarketing.com\/#\/schema\/logo\/image\/","url":"https:\/\/aral2.cetrexmarketing.com\/wp-content\/uploads\/2024\/10\/aral-logo-neg-1024x409-1.png","contentUrl":"https:\/\/aral2.cetrexmarketing.com\/wp-content\/uploads\/2024\/10\/aral-logo-neg-1024x409-1.png","width":1024,"height":409,"caption":"M\u00f3n La Cata"},"image":{"@id":"https:\/\/aral2.cetrexmarketing.com\/#\/schema\/logo\/image\/"}}]}},"brands":[{"id":32929,"name":"R\u00edas Baixas D.O.","slug":"rias-baixas-d-o"}],"_links":{"self":[{"href":"https:\/\/aral2.cetrexmarketing.com\/ca\/wp-json\/wp\/v2\/product\/85321","targetHints":{"allow":["GET"]}}],"collection":[{"href":"https:\/\/aral2.cetrexmarketing.com\/ca\/wp-json\/wp\/v2\/product"}],"about":[{"href":"https:\/\/aral2.cetrexmarketing.com\/ca\/wp-json\/wp\/v2\/types\/product"}],"replies":[{"embeddable":true,"href":"https:\/\/aral2.cetrexmarketing.com\/ca\/wp-json\/wp\/v2\/comments?post=85321"}],"wp:featuredmedia":[{"embeddable":true,"href":"https:\/\/aral2.cetrexmarketing.com\/ca\/wp-json\/wp\/v2\/media\/85318"}],"wp:attachment":[{"href":"https:\/\/aral2.cetrexmarketing.com\/ca\/wp-json\/wp\/v2\/media?parent=85321"}],"wp:term":[{"taxonomy":"pwb-brand","embeddable":true,"href":"https:\/\/aral2.cetrexmarketing.com\/ca\/wp-json\/wp\/v2\/pwb-brand?post=85321"},{"taxonomy":"product_brand","embeddable":true,"href":"https:\/\/aral2.cetrexmarketing.com\/ca\/wp-json\/wp\/v2\/product_brand?post=85321"},{"taxonomy":"product_cat","embeddable":true,"href":"https:\/\/aral2.cetrexmarketing.com\/ca\/wp-json\/wp\/v2\/product_cat?post=85321"},{"taxonomy":"product_tag","embeddable":true,"href":"https:\/\/aral2.cetrexmarketing.com\/ca\/wp-json\/wp\/v2\/product_tag?post=85321"}],"curies":[{"name":"wp","href":"https:\/\/api.w.org\/{rel}","templated":true}]}}